{"id":22791,"date":"2023-03-30T10:47:02","date_gmt":"2023-03-30T08:47:02","guid":{"rendered":"https:\/\/chi-statt-botox.com\/?page_id=22791"},"modified":"2024-10-07T10:16:22","modified_gmt":"2024-10-07T08:16:22","slug":"beauty-taping","status":"publish","type":"page","link":"https:\/\/chi-statt-botox.com\/en\/beauty-taping\/","title":{"rendered":"Beauty Taping"},"content":{"rendered":"<p>[et_pb_section fb_built=\"1\u2033 _builder_version=\"4.20.0\u2033 _module_preset=\"default\" global_colors_info=\"{}\"][et_pb_row column_structure=\"1_3,1_3,1_3\u2033 _builder_version=\"4.20.0\u2033 _module_preset=\"default\" global_colors_info=\"{}\"][et_pb_column type=\"1_3\u2033 _builder_version=\"4.20.0\u2033 _module_preset=\"default\" global_colors_info=\"{}\"][et_pb_image src=\"https:\/\/chi-statt-botox.com\/wp-content\/uploads\/Foto2a.jpg\" title_text=\"Foto2a\" _builder_version=\"4.20.2\u2033 _module_preset=\"default\" box_shadow_style=\"preset5\u2033 box_shadow_color=\"#aad9ed\" global_colors_info=\"{}\"][\/et_pb_image][\/et_pb_column][et_pb_column type=\"1_3\u2033 _builder_version=\"4.20.0\u2033 _module_preset=\"default\" global_colors_info=\"{}\"][et_pb_text _builder_version=\"4.20.0\u2033 _module_preset=\"default\" text_font_size=\"29px\" header_font=\"|800|||||||\" global_colors_info=\"{}\"]<\/p>\n<h4 style=\"text-align: center;\"><span style=\"color: #e3269c;\"><strong><span style=\"color: #01bbee;\">Beauty<\/span> Taping<\/strong><\/span><\/h4>\n<h1 style=\"text-align: center;\"><strong>Online course<\/strong><\/h1>\n<p style=\"text-align: center;\"><strong>32 videos <\/strong><\/p>\n<p style=\"text-align: center;\"><strong>34 applications for face &amp; neck<\/strong><\/p>\n<p>[\/et_pb_text][\/et_pb_column][et_pb_column type=\"1_3\u2033 _builder_version=\"4.20.0\u2033 _module_preset=\"default\" global_colors_info=\"{}\"][et_pb_image src=\"https:\/\/chi-statt-botox.com\/wp-content\/uploads\/Foto3e.jpg\" title_text=\"Foto3e\" _builder_version=\"4.20.2\u2033 _module_preset=\"default\" box_shadow_style=\"preset5\u2033 box_shadow_color=\"rgba(227,38,156,0.34)\" global_colors_info=\"{}\"][\/et_pb_image][\/et_pb_column][\/et_pb_row][et_pb_row _builder_version=\"4.20.0\u2033 _module_preset=\"default\" custom_margin=\"23px||||false|false\" global_colors_info=\"{}\"][et_pb_column type=\"4_4\u2033 _builder_version=\"4.20.0\u2033 _module_preset=\"default\" global_colors_info=\"{}\"][et_pb_text _builder_version=\"4.20.2\u2033 _module_preset=\"default\" global_colors_info=\"{}\"]<\/p>\n<h1 style=\"text-align: center;\"><span style=\"color: #000000;\">How to improve wrinkles, sagging cheeks &amp; co. and why taping works<\/span><\/h1>\n<p>[\/et_pb_text][\/et_pb_column][\/et_pb_row][et_pb_row column_structure=\"1_2,1_2\u2033 _builder_version=\"4.20.0\u2033 _module_preset=\"default\" global_colors_info=\"{}\"][et_pb_column type=\"1_2\u2033 _builder_version=\"4.20.0\u2033 _module_preset=\"default\" global_colors_info=\"{}\"][et_pb_text _builder_version=\"4.20.0\u2033 _module_preset=\"default\" text_line_height=\"2.2em\" custom_margin=\"10px||||false|false\" global_colors_info=\"{}\"]<\/p>\n<ul>\n<li style=\"text-align: left;\">Taping = <strong>Continuous micromassage<\/strong> problematic areas<\/li>\n<li style=\"text-align: left;\">Even chronically tense <strong>Relax your muscles<\/strong><\/li>\n<li style=\"text-align: left;\">The <strong>Muscle tone<\/strong> improves<\/li>\n<li style=\"text-align: left;\">The muscle is <strong>re-educated<\/strong><\/li>\n<\/ul>\n<p><strong><\/strong><\/p>\n<ul>\n<li style=\"text-align: left;\">Tapes lift the skin and create space for <strong>Better lymph and blood circulation<\/strong><\/li>\n<li style=\"text-align: left;\">The <strong>Connective tissue<\/strong> is loosened up<\/li>\n<li style=\"text-align: left;\">The skin becomes <strong>more elastic<\/strong><\/li>\n<\/ul>\n<p><strong><\/strong><\/p>\n<p><strong><\/strong><\/p>\n<ul>\n<li style=\"text-align: left;\">Taping prevents the <strong>Fasciae<\/strong> before<\/li>\n<li style=\"text-align: left;\">Wrinkles that would otherwise <strong>Overnight<\/strong> are smoothed out<\/li>\n<\/ul>\n<p>[\/et_pb_text][et_pb_button button_url=\"https:\/\/www.digistore24.com\/product\/491858\u2033 button_text=\"SECURE YOUR ACCESS NOW\" button_alignment=\"centre\" _builder_version=\"4.20.2\u2033 _module_preset=\"default\" custom_button=\"on\" button_text_size=\"19px\" button_text_color=\"#FFFFFF\" button_bg_color=\"#01bbee\" button_border_radius=\"27px\" button_icon=\"$||divi||400\u2033 global_colors_info=\"{}\"][\/et_pb_button][\/et_pb_column][et_pb_column type=\"1_2\u2033 _builder_version=\"4.20.0\u2033 _module_preset=\"default\" global_colors_info=\"{}\"][et_pb_image src=\"https:\/\/chi-statt-botox.com\/wp-content\/uploads\/Zeichnung-mit.jpg\" title_text=\"Drawing with\" _builder_version=\"4.20.0\u2033 _module_preset=\"default\" width=\"81%\" max_width=\"100%\" border_radii=\"on|3px|3px|3px|3px\" border_width_all=\"1px\" border_color_all=\"#000000\u2033 box_shadow_style=\"preset1\u2033 global_colors_info=\"{}\"][\/et_pb_image][\/et_pb_column][\/et_pb_row][et_pb_row _builder_version=\"4.20.0\u2033 _module_preset=\"default\" global_colors_info=\"{}\"][et_pb_column type=\"4_4\u2033 _builder_version=\"4.20.0\u2033 _module_preset=\"default\" global_colors_info=\"{}\"][\/et_pb_column][\/et_pb_row][et_pb_row column_structure=\"1_3,2_3\u2033 _builder_version=\"4.20.0\u2033 _module_preset=\"default\" custom_margin=\"43px||||false|false\" global_colors_info=\"{}\"][et_pb_column type=\"1_3\u2033 _builder_version=\"4.20.0\u2033 _module_preset=\"default\" global_colors_info=\"{}\"][et_pb_image src=\"https:\/\/chi-statt-botox.com\/wp-content\/uploads\/AutorenfotoNeuHell.jpg\" title_text=\"AutorenfotoNeuHell\" _builder_version=\"4.20.0\u2033 _module_preset=\"default\" global_colors_info=\"{}\"][\/et_pb_image][\/et_pb_column][et_pb_column type=\"2_3\u2033 _builder_version=\"4.20.0\u2033 _module_preset=\"default\" global_colors_info=\"{}\"][et_pb_testimonial author=\"Mag. Christina Schmid\" _builder_version=\"4.20.0\u2033 _module_preset=\"default\" global_colors_info=\"{}\"]<\/p>\n<p>At the age of 48, I can look back on 13 years of experience with <strong>healthy<\/strong> Because of the <strong>natural beauty<\/strong> back. I was the first to combine the important influence of active facial muscle training with the deep effect of Far Eastern facial massages. I am enthusiastic about the way <strong>Beauty Tapes<\/strong> <strong>improve the tissue of the face<\/strong>. In this course I will guide you step by step so that you too can use these fine helpers correctly and effectively.<\/p>\n<p>[\/et_pb_testimonial][\/et_pb_column][\/et_pb_row][et_pb_row _builder_version=\"4.20.0\u2033 _module_preset=\"default\" global_colors_info=\"{}\"][et_pb_column type=\"4_4\u2033 _builder_version=\"4.20.0\u2033 _module_preset=\"default\" global_colors_info=\"{}\"][\/et_pb_column][\/et_pb_row][et_pb_row _builder_version=\"4.20.0\u2033 _module_preset=\"default\" custom_margin=\"25px||||false|false\" box_shadow_style=\"preset1\u2033 global_colors_info=\"{}\"][et_pb_column type=\"4_4\u2033 _builder_version=\"4.20.0\u2033 _module_preset=\"default\" global_colors_info=\"{}\"][et_pb_text _builder_version=\"4.20.0\u2033 _module_preset=\"default\" custom_margin=\"21px||||false|false\" global_colors_info=\"{}\"]<\/p>\n<h1 style=\"text-align: center;\"><span style=\"color: #e3269c;\"><strong>Structure of the course:<\/strong><\/span><\/h1>\n<p style=\"text-align: center;\"><strong>1 introductory video\u00a0<\/strong>(very important for beauty taping)<\/p>\n<p style=\"text-align: center;\"><strong>1 pdf file<\/strong> with the summary<\/p>\n<p style=\"text-align: center;\"><strong>30 videos with<\/strong>:<\/p>\n<p style=\"padding-left: 40px; text-align: center;\"><strong>9 Lymphatic applications<\/strong><\/p>\n<p style=\"padding-left: 40px; text-align: center;\"><strong>25 Muscle applications<\/strong><\/p>\n<p style=\"text-align: center;\">For <strong>all facial areas<\/strong><\/p>\n<p style=\"text-align: center;\"><strong>1 facial yoga video\u00a0<\/strong>to intensify the taping<\/p>\n<p style=\"text-align: center;\">[\/et_pb_text][\/et_pb_column][\/et_pb_row][et_pb_row _builder_version=\"4.20.0\u2033 _module_preset=\"default\" global_colors_info=\"{}\"][et_pb_column type=\"4_4\u2033 _builder_version=\"4.20.0\u2033 _module_preset=\"default\" global_colors_info=\"{}\"][\/et_pb_column][\/et_pb_row][et_pb_row column_structure=\"1_2,1_2\u2033 _builder_version=\"4.20.0\u2033 _module_preset=\"default\" custom_margin=\"58px||||false|false\" box_shadow_style=\"preset3\u2033 box_shadow_color=\"#01bbee\" global_colors_info=\"{}\"][et_pb_column type=\"1_2\u2033 _builder_version=\"4.20.0\u2033 _module_preset=\"default\" global_colors_info=\"{}\"][et_pb_text _builder_version=\"4.20.2\u2033 _module_preset=\"default\" custom_padding=\"|||12px|false|false\" global_colors_info=\"{}\"]<\/p>\n<h1><span style=\"color: #01bbee;\"><b>LYMPHE\u00a0<\/b><\/span><\/h1>\n<ul>\n<li><strong>Eye<\/strong> (simple application for the upper and lower eyelid)<\/li>\n<li><strong>Upper eyelid<\/strong> (intensive application)<\/li>\n<li><strong>Lower eyelid<\/strong> (intensive application against bags under the eyes)<\/li>\n<li><strong>Cheek<\/strong> (Puffiness contributes to the development of nasolabial folds, sagging cheeks and double chin, therefore: 1 simple and 1 intensive application)<\/li>\n<li><strong>Neck<\/strong> (1 simple and 1 intensive application, which also helps against shortening of the platysma muscle)<\/li>\n<li><strong>Double chin<\/strong><\/li>\n<li><strong>Collarbone<\/strong> (an important part of the lymphatic system)<\/li>\n<\/ul>\n<p><strong>+<\/strong> one <strong>Facial yoga session<\/strong>with which you can (but do not have to) ensure a faster effect of the applications<\/p>\n<p>[\/et_pb_text][\/et_pb_column][et_pb_column type=\"1_2\u2033 _builder_version=\"4.20.0\u2033 _module_preset=\"default\" global_colors_info=\"{}\"][et_pb_image src=\"https:\/\/chi-statt-botox.com\/wp-content\/uploads\/Foto5-2.jpg\" title_text=\"Foto5\u2033 _builder_version=\"4.20.0\u2033 _module_preset=\"default\" global_colors_info=\"{}\"][\/et_pb_image][\/et_pb_column][\/et_pb_row][et_pb_row _builder_version=\"4.20.0\u2033 _module_preset=\"default\" global_colors_info=\"{}\"][et_pb_column type=\"4_4\u2033 _builder_version=\"4.20.0\u2033 _module_preset=\"default\" global_colors_info=\"{}\"][\/et_pb_column][\/et_pb_row][et_pb_row column_structure=\"1_2,1_2\u2033 _builder_version=\"4.20.0\u2033 _module_preset=\"default\" custom_margin=\"87px||||false|false\" custom_padding=\"||0px|false|false\" box_shadow_style=\"preset3\u2033 box_shadow_color=\"#e3269c\" global_colors_info=\"{}\"][et_pb_column type=\"1_2\u2033 _builder_version=\"4.20.0\u2033 _module_preset=\"default\" global_colors_info=\"{}\"][et_pb_image src=\"https:\/\/chi-statt-botox.com\/wp-content\/uploads\/Foto6a.jpg\" title_text=\"Foto6a\" _builder_version=\"4.20.0\u2033 _module_preset=\"default\" global_colors_info=\"{}\"][\/et_pb_image][\/et_pb_column][et_pb_column type=\"1_2\u2033 _builder_version=\"4.20.0\u2033 _module_preset=\"default\" global_colors_info=\"{}\"][et_pb_text _builder_version=\"4.20.2\u2033 _module_preset=\"default\" custom_margin=\"-9px||||false|false\" global_colors_info=\"{}\"]<\/p>\n<h1><span style=\"color: #e3269c;\"><b>MUSCLES<\/b><\/span><\/h1>\n<p><strong><\/strong><\/p>\n<ul>\n<li><strong>Forehead \/ frown lines<\/strong> (4 different applications depending on the severity of the problem)<\/li>\n<li><strong>Crow's feet \/ Sleep<\/strong> (4 different applications depending on the desired intensity)<\/li>\n<li><strong>Nasolabial folds<\/strong> (2 applications for the relevant muscles, 1 application for the pure smoothing of the wrinkle)<\/li>\n<li><strong>Mouth<\/strong> (2 applications in one)<\/li>\n<li><strong>Masseter \/ chewing muscle<\/strong> (this large muscle affects the whole face, I find this intensive application important)<\/li>\n<li><strong>Sagging cheeks<\/strong> (4 different applications to choose from)<\/li>\n<li><strong>Marionette pleats<\/strong> (1 app. for the responsible muscles, 1 app. for the pure smoothing of the wrinkle<\/li>\n<li><strong>Chin &amp; double chin<\/strong> (1 application for the chin, 2 applications for the double chin)<\/li>\n<li><strong>Neck<\/strong> (2 applications)<\/li>\n<\/ul>\n<p>[\/et_pb_text][\/et_pb_column][\/et_pb_row][et_pb_row _builder_version=\"4.20.0\u2033 _module_preset=\"default\" global_colors_info=\"{}\"][et_pb_column type=\"4_4\u2033 _builder_version=\"4.20.0\u2033 _module_preset=\"default\" global_colors_info=\"{}\"][\/et_pb_column][\/et_pb_row][et_pb_row _builder_version=\"4.20.0\u2033 _module_preset=\"default\" global_colors_info=\"{}\"][et_pb_column type=\"4_4\u2033 _builder_version=\"4.20.0\u2033 _module_preset=\"default\" global_colors_info=\"{}\"][et_pb_text _builder_version=\"4.20.0\u2033 _module_preset=\"default\" text_font_size=\"29px\" header_font=\"|800|||||||\" global_colors_info=\"{}\"]<\/p>\n<h4 style=\"text-align: center;\"><span style=\"color: #e3269c;\"><strong><span style=\"color: #01bbee;\">Beauty<\/span> Taping<\/strong><\/span><\/h4>\n<h1 style=\"text-align: center;\"><strong>Online course<\/strong><\/h1>\n<h1 style=\"text-align: center;\"><strong>Unrestricted access for 2 years<\/strong><\/h1>\n<h1 style=\"text-align: center;\"><strong>Introductory price 67,- Euro<\/strong><\/h1>\n<p>[\/et_pb_text][et_pb_button button_url=\"https:\/\/www.digistore24.com\/product\/491858\u2033 button_text=\"YES, I WANT THE VIDEOS FOR THE INTRODUCTION PRICE\" button_alignment=\"centre\" _builder_version=\"4.20.2\u2033 _module_preset=\"default\" custom_button=\"on\" button_text_size=\"19px\" button_text_color=\"#FFFFFF\" button_bg_color=\"#e3269c\" button_border_radius=\"27px\" button_icon=\"$||divi||400\u2033 global_colors_info=\"{}\"][\/et_pb_button][\/et_pb_column][\/et_pb_row][et_pb_row _builder_version=\"4.20.0\u2033 _module_preset=\"default\" global_colors_info=\"{}\"][et_pb_column type=\"4_4\u2033 _builder_version=\"4.20.0\u2033 _module_preset=\"default\" global_colors_info=\"{}\"][\/et_pb_column][\/et_pb_row][\/et_pb_section]<\/p>","protected":false},"excerpt":{"rendered":"<p>Beauty Taping Online Course 32 videos 34 applications for face &amp; neckHow to improve wrinkles, sagging cheeks &amp; co and why taping works Taping = continuous micro-massage of problematic areas Even chronically tense muscles relax Muscle tone improves The muscle is re-educated Tapes lift the skin and create space for better lymph and blood circulation [...].<\/p>","protected":false},"author":1,"featured_media":0,"parent":0,"menu_order":0,"comment_status":"closed","ping_status":"closed","template":"","meta":{"_acf_changed":false,"_et_pb_use_builder":"on","_et_pb_old_content":"","_et_gb_content_width":"","footnotes":""},"class_list":["post-22791","page","type-page","status-publish","hentry"],"acf":[],"yoast_head":"<!-- This site is optimized with the Yoast SEO plugin v26.4 - https:\/\/yoast.com\/wordpress\/plugins\/seo\/ -->\n<title>Beauty Taping - Chi statt Botox<\/title>\n<meta name=\"robots\" content=\"index, follow, max-snippet:-1, max-image-preview:large, max-video-preview:-1\" \/>\n<link rel=\"canonical\" href=\"https:\/\/chi-statt-botox.com\/en\/beauty-taping\/\" \/>\n<meta property=\"og:locale\" content=\"en_GB\" \/>\n<meta property=\"og:type\" content=\"article\" \/>\n<meta property=\"og:title\" content=\"Beauty Taping - Chi statt Botox\" \/>\n<meta property=\"og:description\" content=\"Beauty Taping Online Kurs 32 Videos 34 Applikationen f\u00fcr Gesicht &amp; HalsWie Du Falten, H\u00e4ngeb\u00e4ckchen &amp; co verbesserst und warum das Taping funktioniert Taping = ununterbrochene Mikromassage problematischer Bereiche Selbst chronisch angespannte Muskeln entspannen Der Muskeltonus verbessert sich Der Muskel wird umerzogen Tapes heben die Haut an und schaffen Raum f\u00fcr bessere Lymph- und Blutzirkulation [&hellip;]\" \/>\n<meta property=\"og:url\" content=\"https:\/\/chi-statt-botox.com\/en\/beauty-taping\/\" \/>\n<meta property=\"og:site_name\" content=\"Chi statt Botox\" \/>\n<meta property=\"article:modified_time\" content=\"2024-10-07T08:16:22+00:00\" \/>\n<meta name=\"twitter:card\" content=\"summary_large_image\" \/>\n<script type=\"application\/ld+json\" class=\"yoast-schema-graph\">{\"@context\":\"https:\/\/schema.org\",\"@graph\":[{\"@type\":\"WebPage\",\"@id\":\"https:\/\/chi-statt-botox.com\/beauty-taping\/\",\"url\":\"https:\/\/chi-statt-botox.com\/beauty-taping\/\",\"name\":\"Beauty Taping - Chi statt Botox\",\"isPartOf\":{\"@id\":\"https:\/\/chi-statt-botox.com\/#website\"},\"datePublished\":\"2023-03-30T08:47:02+00:00\",\"dateModified\":\"2024-10-07T08:16:22+00:00\",\"breadcrumb\":{\"@id\":\"https:\/\/chi-statt-botox.com\/beauty-taping\/#breadcrumb\"},\"inLanguage\":\"en-GB\",\"potentialAction\":[{\"@type\":\"ReadAction\",\"target\":[\"https:\/\/chi-statt-botox.com\/beauty-taping\/\"]}]},{\"@type\":\"BreadcrumbList\",\"@id\":\"https:\/\/chi-statt-botox.com\/beauty-taping\/#breadcrumb\",\"itemListElement\":[{\"@type\":\"ListItem\",\"position\":1,\"name\":\"Startseite\",\"item\":\"https:\/\/chi-statt-botox.com\/\"},{\"@type\":\"ListItem\",\"position\":2,\"name\":\"Beauty Taping\"}]},{\"@type\":\"WebSite\",\"@id\":\"https:\/\/chi-statt-botox.com\/#website\",\"url\":\"https:\/\/chi-statt-botox.com\/\",\"name\":\"Chi statt Botox\",\"description\":\"Falten wegzaubern, Haut straffen\",\"potentialAction\":[{\"@type\":\"SearchAction\",\"target\":{\"@type\":\"EntryPoint\",\"urlTemplate\":\"https:\/\/chi-statt-botox.com\/?s={search_term_string}\"},\"query-input\":{\"@type\":\"PropertyValueSpecification\",\"valueRequired\":true,\"valueName\":\"search_term_string\"}}],\"inLanguage\":\"en-GB\"}]}<\/script>\n<!-- \/ Yoast SEO plugin. -->","yoast_head_json":{"title":"Beauty Taping - Chi instead of Botox","robots":{"index":"index","follow":"follow","max-snippet":"max-snippet:-1","max-image-preview":"max-image-preview:large","max-video-preview":"max-video-preview:-1"},"canonical":"https:\/\/chi-statt-botox.com\/en\/beauty-taping\/","og_locale":"en_GB","og_type":"article","og_title":"Beauty Taping - Chi statt Botox","og_description":"Beauty Taping Online Kurs 32 Videos 34 Applikationen f\u00fcr Gesicht &amp; HalsWie Du Falten, H\u00e4ngeb\u00e4ckchen &amp; co verbesserst und warum das Taping funktioniert Taping = ununterbrochene Mikromassage problematischer Bereiche Selbst chronisch angespannte Muskeln entspannen Der Muskeltonus verbessert sich Der Muskel wird umerzogen Tapes heben die Haut an und schaffen Raum f\u00fcr bessere Lymph- und Blutzirkulation [&hellip;]","og_url":"https:\/\/chi-statt-botox.com\/en\/beauty-taping\/","og_site_name":"Chi statt Botox","article_modified_time":"2024-10-07T08:16:22+00:00","twitter_card":"summary_large_image","schema":{"@context":"https:\/\/schema.org","@graph":[{"@type":"WebPage","@id":"https:\/\/chi-statt-botox.com\/beauty-taping\/","url":"https:\/\/chi-statt-botox.com\/beauty-taping\/","name":"Beauty Taping - Chi instead of Botox","isPartOf":{"@id":"https:\/\/chi-statt-botox.com\/#website"},"datePublished":"2023-03-30T08:47:02+00:00","dateModified":"2024-10-07T08:16:22+00:00","breadcrumb":{"@id":"https:\/\/chi-statt-botox.com\/beauty-taping\/#breadcrumb"},"inLanguage":"en-GB","potentialAction":[{"@type":"ReadAction","target":["https:\/\/chi-statt-botox.com\/beauty-taping\/"]}]},{"@type":"BreadcrumbList","@id":"https:\/\/chi-statt-botox.com\/beauty-taping\/#breadcrumb","itemListElement":[{"@type":"ListItem","position":1,"name":"Startseite","item":"https:\/\/chi-statt-botox.com\/"},{"@type":"ListItem","position":2,"name":"Beauty Taping"}]},{"@type":"WebSite","@id":"https:\/\/chi-statt-botox.com\/#website","url":"https:\/\/chi-statt-botox.com\/","name":"Chi instead of Botox","description":"Magic away wrinkles, tighten skin","potentialAction":[{"@type":"SearchAction","target":{"@type":"EntryPoint","urlTemplate":"https:\/\/chi-statt-botox.com\/?s={search_term_string}"},"query-input":{"@type":"PropertyValueSpecification","valueRequired":true,"valueName":"search_term_string"}}],"inLanguage":"en-GB"}]}},"_links":{"self":[{"href":"https:\/\/chi-statt-botox.com\/en\/wp-json\/wp\/v2\/pages\/22791","targetHints":{"allow":["GET"]}}],"collection":[{"href":"https:\/\/chi-statt-botox.com\/en\/wp-json\/wp\/v2\/pages"}],"about":[{"href":"https:\/\/chi-statt-botox.com\/en\/wp-json\/wp\/v2\/types\/page"}],"author":[{"embeddable":true,"href":"https:\/\/chi-statt-botox.com\/en\/wp-json\/wp\/v2\/users\/1"}],"replies":[{"embeddable":true,"href":"https:\/\/chi-statt-botox.com\/en\/wp-json\/wp\/v2\/comments?post=22791"}],"version-history":[{"count":10,"href":"https:\/\/chi-statt-botox.com\/en\/wp-json\/wp\/v2\/pages\/22791\/revisions"}],"predecessor-version":[{"id":40524,"href":"https:\/\/chi-statt-botox.com\/en\/wp-json\/wp\/v2\/pages\/22791\/revisions\/40524"}],"wp:attachment":[{"href":"https:\/\/chi-statt-botox.com\/en\/wp-json\/wp\/v2\/media?parent=22791"}],"curies":[{"name":"wp","href":"https:\/\/api.w.org\/{rel}","templated":true}]}}