{"id":2693,"date":"2020-01-19T05:36:29","date_gmt":"2020-01-19T04:36:29","guid":{"rendered":"https:\/\/chi-statt-botox.com\/widerrufsbelehrung\/"},"modified":"2025-11-19T10:13:30","modified_gmt":"2025-11-19T09:13:30","slug":"widerrufsbelehrung","status":"publish","type":"page","link":"https:\/\/chi-statt-botox.com\/en\/widerrufsbelehrung\/","title":{"rendered":"Cancellation policy"},"content":{"rendered":"<p><strong>Right of withdrawal \/ cancellation<\/strong><\/p>\n\n\n\n<p>You can return the goods received\nwithout giving reasons within 14 days by returning the goods.\nreturn the goods. <\/p>\n\n\n\n<p><strong>Cancellation policy<\/strong><\/p>\n\n\n\n<p>The following cancellation policy\napplies to contracts for goods that can be sent as a parcel with a shipping company.\ncan be sent as a parcel.<\/p>\n\n\n\n<p><strong>Right of cancellation for goods that can be sent by parcel post<\/strong><\/p>\n\n\n\n<p>As a consumer you have the\nright to cancel this contract within fourteen days. The cancellation period\nis fourteen days from the day on which you or a third party named by you\nthird party who is not the carrier has taken possession of the goods.<\/p>\n\n\n\n<p>To exercise your right of cancellation\nyou must send us<\/p>\n\n\n\n<p><strong>Chi instead of Botox GmbH<br> Workspace<br> Bauernstra\u00dfe 1\/ WDZ 9<br> 4600 Wels <\/strong><\/p>\n\n\n\n<p>E-mail: shop@chi-statt-botox.com<br> <br><\/p>\n\n\n\n<p>by means of a clear declaration\n(e.g. a letter sent by post or e-mail) of your decision to cancel this contract.\nof your decision to cancel this contract.<\/p>\n\n\n\n<p>You can use our <a href=\"https:\/\/chi-statt-botox.com\/wp-content\/uploads\/Widerrufsformular-1.pdf\">Sample cancellation form <\/a>However, this is not mandatory. To meet the cancellation deadline, it is sufficient for you to send your communication concerning your exercise of the right of cancellation before the cancellation period has expired.<\/p>\n\n\n\n<p><strong>Consequences of cancellation<\/strong><\/p>\n\n\n\n<p>If you cancel this contract\ncancellation, we shall be obliged to return all payments we have received from you\nexcluding delivery costs, immediately and at the latest within fourteen days\nfrom the day on which we receive notification of your cancellation of this contract.\ncontract has been received by us. For this repayment we will use the same means of\nmeans of payment that you used for the original transaction, unless you have expressly\nunless expressly agreed otherwise with you. In no case\nwill you be charged any fees for this repayment. We can refuse the\nrefuse repayment until we have received the goods back or until you have provided\nyou have provided proof that you have returned the goods, whichever is the earlier.\nwhichever is the earlier.<\/p>\n\n\n\n<p>You must return the goods immediately\nand in any case within fourteen days at the latest from the day on which you inform us\ninform us of the cancellation of this contract, to us<\/p>\n\n\n\n<p> <strong>Chi instead of Botox OG<br> Workspace<br> Bauernstra\u00dfe 1\/ WDZ 9<br> 4600 Wels  <\/strong><br><strong>Austria<\/strong><\/p>\n\n\n\n<p>to return or hand over the goods.\nThe deadline is met if you dispatch the goods before the expiry of the period of fourteen\ndays.<\/p>\n\n\n\n<p>Contracts for the supply of goods\nwhich are not prefabricated and for the manufacture of which an individual choice or\nor determination by the consumer is decisive or which are clearly tailored to the\npersonal requirements of the consumer cannot be cancelled.\nbe cancelled.<\/p>\n\n\n\n<p><strong>The right of cancellation does not apply to the following contracts:<\/strong><\/p>\n\n\n\n<ol class=\"wp-block-list\">\n<li>Contracts for<br>Delivery of goods that are not prefabricated and for the manufacture of which a<br>individual choice or determination by the consumer is decisive or<br>which are clearly tailored to the personal needs of the consumer<br>are,<\/li>\n\n\n\n<li>Contracts for<br>Delivery of goods that can spoil quickly or have an expiry date<br>would be quickly exceeded,<\/li>\n\n\n\n<li>Contracts for<br>Delivery of sealed goods, which for reasons of health protection or the<br>hygiene are not suitable for return if their seal has been broken after the<br>delivery has been removed,<\/li>\n\n\n\n<li>Contracts for<br>delivery of goods if, after delivery, they are defective due to their nature or<br>inseparably mixed with other goods,<\/li>\n\n\n\n<li>Contracts for<br>Delivery of alcoholic beverages, the price of which was agreed upon conclusion of the contract<br>but which can be delivered at the earliest 30 days after conclusion of the contract<br>and whose current value depends on fluctuations in the market to which the<br>entrepreneur has no influence,<\/li>\n\n\n\n<li>Contracts for<br>Delivery of sound or video recordings or computer software in a<br>sealed package if the seal has been removed after delivery,<\/li>\n\n\n\n<li>Contracts for delivery<br>of newspapers, periodicals or magazines with the exception of<br>Subscription contracts.<\/li>\n<\/ol>\n\n\n\n<p><a href=\"https:\/\/chi-statt-botox.com\/wp-content\/uploads\/Widerrufsformular-1.pdf\">Click here to download a sample cancellation form.<\/a><\/p>\n\n\n\n<p><strong>End of the cancellation policy<\/strong><\/p>","protected":false},"excerpt":{"rendered":"<p>Right of withdrawal \/ cancellation You can return the goods received without giving reasons within 14 days by returning the goods. Cancellation policy The following cancellation policy applies to contracts for goods that can be sent as a parcel with a shipping company. Right of cancellation for goods that can be sent as a parcel As a consumer, you have the right to cancel this contract within fourteen days [...]<\/p>","protected":false},"author":1,"featured_media":0,"parent":0,"menu_order":0,"comment_status":"closed","ping_status":"closed","template":"","meta":{"_acf_changed":false,"_et_pb_use_builder":"","_et_pb_old_content":"","_et_gb_content_width":"","footnotes":""},"class_list":["post-2693","page","type-page","status-publish","hentry"],"acf":[],"yoast_head":"<!-- This site is optimized with the Yoast SEO plugin v26.4 - https:\/\/yoast.com\/wordpress\/plugins\/seo\/ -->\n<title>Widerrufsbelehrung - Chi statt Botox<\/title>\n<meta name=\"robots\" content=\"index, follow, max-snippet:-1, max-image-preview:large, max-video-preview:-1\" \/>\n<link rel=\"canonical\" href=\"https:\/\/chi-statt-botox.com\/en\/widerrufsbelehrung\/\" \/>\n<meta property=\"og:locale\" content=\"en_GB\" \/>\n<meta property=\"og:type\" content=\"article\" \/>\n<meta property=\"og:title\" content=\"Widerrufsbelehrung - Chi statt Botox\" \/>\n<meta property=\"og:description\" content=\"R\u00fccktritts- \/ Widerrufsrecht Sie k\u00f6nnen die erhaltene Ware ohne Angabe von Gr\u00fcnden innerhalb von 14 Tagen durch R\u00fccksendung der Ware zur\u00fcckgeben. Widerrufsbelehrung Die folgende Widerrufsbelehrung gilt f\u00fcr Vertr\u00e4ge \u00fcber Waren, welche als Paket mit einem Versandunternehmen versandt werden k\u00f6nnen. Widerrufsrecht f\u00fcr paketversandf\u00e4hige Waren Als Verbraucher haben Sie das Recht, binnen vierzehn Tagen diesen Vertrag zu [&hellip;]\" \/>\n<meta property=\"og:url\" content=\"https:\/\/chi-statt-botox.com\/en\/widerrufsbelehrung\/\" \/>\n<meta property=\"og:site_name\" content=\"Chi statt Botox\" \/>\n<meta property=\"article:modified_time\" content=\"2025-11-19T09:13:30+00:00\" \/>\n<meta name=\"twitter:card\" content=\"summary_large_image\" \/>\n<meta name=\"twitter:label1\" content=\"Estimated reading time\" \/>\n\t<meta name=\"twitter:data1\" content=\"4 minutes\" \/>\n<script type=\"application\/ld+json\" class=\"yoast-schema-graph\">{\"@context\":\"https:\/\/schema.org\",\"@graph\":[{\"@type\":\"WebPage\",\"@id\":\"https:\/\/chi-statt-botox.com\/widerrufsbelehrung\/\",\"url\":\"https:\/\/chi-statt-botox.com\/widerrufsbelehrung\/\",\"name\":\"Widerrufsbelehrung - Chi statt Botox\",\"isPartOf\":{\"@id\":\"https:\/\/chi-statt-botox.com\/#website\"},\"datePublished\":\"2020-01-19T04:36:29+00:00\",\"dateModified\":\"2025-11-19T09:13:30+00:00\",\"breadcrumb\":{\"@id\":\"https:\/\/chi-statt-botox.com\/widerrufsbelehrung\/#breadcrumb\"},\"inLanguage\":\"en-GB\",\"potentialAction\":[{\"@type\":\"ReadAction\",\"target\":[\"https:\/\/chi-statt-botox.com\/widerrufsbelehrung\/\"]}]},{\"@type\":\"BreadcrumbList\",\"@id\":\"https:\/\/chi-statt-botox.com\/widerrufsbelehrung\/#breadcrumb\",\"itemListElement\":[{\"@type\":\"ListItem\",\"position\":1,\"name\":\"Startseite\",\"item\":\"https:\/\/chi-statt-botox.com\/\"},{\"@type\":\"ListItem\",\"position\":2,\"name\":\"Widerrufsbelehrung\"}]},{\"@type\":\"WebSite\",\"@id\":\"https:\/\/chi-statt-botox.com\/#website\",\"url\":\"https:\/\/chi-statt-botox.com\/\",\"name\":\"Chi statt Botox\",\"description\":\"Falten wegzaubern, Haut straffen\",\"potentialAction\":[{\"@type\":\"SearchAction\",\"target\":{\"@type\":\"EntryPoint\",\"urlTemplate\":\"https:\/\/chi-statt-botox.com\/?s={search_term_string}\"},\"query-input\":{\"@type\":\"PropertyValueSpecification\",\"valueRequired\":true,\"valueName\":\"search_term_string\"}}],\"inLanguage\":\"en-GB\"}]}<\/script>\n<!-- \/ Yoast SEO plugin. -->","yoast_head_json":{"title":"Cancellation policy - Chi instead of Botox","robots":{"index":"index","follow":"follow","max-snippet":"max-snippet:-1","max-image-preview":"max-image-preview:large","max-video-preview":"max-video-preview:-1"},"canonical":"https:\/\/chi-statt-botox.com\/en\/widerrufsbelehrung\/","og_locale":"en_GB","og_type":"article","og_title":"Widerrufsbelehrung - Chi statt Botox","og_description":"R\u00fccktritts- \/ Widerrufsrecht Sie k\u00f6nnen die erhaltene Ware ohne Angabe von Gr\u00fcnden innerhalb von 14 Tagen durch R\u00fccksendung der Ware zur\u00fcckgeben. Widerrufsbelehrung Die folgende Widerrufsbelehrung gilt f\u00fcr Vertr\u00e4ge \u00fcber Waren, welche als Paket mit einem Versandunternehmen versandt werden k\u00f6nnen. Widerrufsrecht f\u00fcr paketversandf\u00e4hige Waren Als Verbraucher haben Sie das Recht, binnen vierzehn Tagen diesen Vertrag zu [&hellip;]","og_url":"https:\/\/chi-statt-botox.com\/en\/widerrufsbelehrung\/","og_site_name":"Chi statt Botox","article_modified_time":"2025-11-19T09:13:30+00:00","twitter_card":"summary_large_image","twitter_misc":{"Estimated reading time":"4 minutes"},"schema":{"@context":"https:\/\/schema.org","@graph":[{"@type":"WebPage","@id":"https:\/\/chi-statt-botox.com\/widerrufsbelehrung\/","url":"https:\/\/chi-statt-botox.com\/widerrufsbelehrung\/","name":"Cancellation policy - Chi instead of Botox","isPartOf":{"@id":"https:\/\/chi-statt-botox.com\/#website"},"datePublished":"2020-01-19T04:36:29+00:00","dateModified":"2025-11-19T09:13:30+00:00","breadcrumb":{"@id":"https:\/\/chi-statt-botox.com\/widerrufsbelehrung\/#breadcrumb"},"inLanguage":"en-GB","potentialAction":[{"@type":"ReadAction","target":["https:\/\/chi-statt-botox.com\/widerrufsbelehrung\/"]}]},{"@type":"BreadcrumbList","@id":"https:\/\/chi-statt-botox.com\/widerrufsbelehrung\/#breadcrumb","itemListElement":[{"@type":"ListItem","position":1,"name":"Startseite","item":"https:\/\/chi-statt-botox.com\/"},{"@type":"ListItem","position":2,"name":"Widerrufsbelehrung"}]},{"@type":"WebSite","@id":"https:\/\/chi-statt-botox.com\/#website","url":"https:\/\/chi-statt-botox.com\/","name":"Chi instead of Botox","description":"Magic away wrinkles, tighten skin","potentialAction":[{"@type":"SearchAction","target":{"@type":"EntryPoint","urlTemplate":"https:\/\/chi-statt-botox.com\/?s={search_term_string}"},"query-input":{"@type":"PropertyValueSpecification","valueRequired":true,"valueName":"search_term_string"}}],"inLanguage":"en-GB"}]}},"_links":{"self":[{"href":"https:\/\/chi-statt-botox.com\/en\/wp-json\/wp\/v2\/pages\/2693","targetHints":{"allow":["GET"]}}],"collection":[{"href":"https:\/\/chi-statt-botox.com\/en\/wp-json\/wp\/v2\/pages"}],"about":[{"href":"https:\/\/chi-statt-botox.com\/en\/wp-json\/wp\/v2\/types\/page"}],"author":[{"embeddable":true,"href":"https:\/\/chi-statt-botox.com\/en\/wp-json\/wp\/v2\/users\/1"}],"replies":[{"embeddable":true,"href":"https:\/\/chi-statt-botox.com\/en\/wp-json\/wp\/v2\/comments?post=2693"}],"version-history":[{"count":7,"href":"https:\/\/chi-statt-botox.com\/en\/wp-json\/wp\/v2\/pages\/2693\/revisions"}],"predecessor-version":[{"id":50131,"href":"https:\/\/chi-statt-botox.com\/en\/wp-json\/wp\/v2\/pages\/2693\/revisions\/50131"}],"wp:attachment":[{"href":"https:\/\/chi-statt-botox.com\/en\/wp-json\/wp\/v2\/media?parent=2693"}],"curies":[{"name":"wp","href":"https:\/\/api.w.org\/{rel}","templated":true}]}}