{"id":279,"date":"2017-03-03T12:50:48","date_gmt":"2017-03-03T11:50:48","guid":{"rendered":"https:\/\/chi-statt-botox.com\/?page_id=279"},"modified":"2026-01-07T09:19:23","modified_gmt":"2026-01-07T08:19:23","slug":"impressum","status":"publish","type":"page","link":"https:\/\/chi-statt-botox.com\/en\/impressum\/","title":{"rendered":"Imprint"},"content":{"rendered":"<p>[et_pb_section fb_built=\"1\u2033 custom_padding_last_edited=\"on|phone\" admin_label=\"section\" _builder_version=\"4.16\u2033 custom_padding_tablet=\"\" custom_padding_phone=\"30px||15px||false|false\" global_colors_info=\"{}\"][et_pb_row custom_padding_last_edited=\"on|phone\" _builder_version=\"4.16\u2033 custom_padding=\"||0px||false|false\" custom_padding_tablet=\"\" custom_padding_phone=\"||0px||false|false\" global_colors_info=\"{}\"][et_pb_column type=\"4_4\u2033 _builder_version=\"4.16\u2033 global_colors_info=\"{}\"][et_pb_text module_class=\"npb\" _builder_version=\"4.16\u2033 header_font=\"|300|||on||||\" custom_margin=\"||||false|false\" custom_padding=\"|||25px|false|false\" border_width_left=\"4px\" border_color_left=\"#ffcd02\u2033 global_colors_info=\"{}\"]<\/p>\n<h1>Imprint<\/h1>\n<p>[\/et_pb_text][\/et_pb_column][\/et_pb_row][et_pb_row admin_label=\u201crow\u201c _builder_version=\u201c4.16\u2033 background_size=\u201cinitial\u201c background_position=\u201ctop_left\u201c background_repeat=\u201crepeat\u201c global_colors_info=\u201c{}\u201c][et_pb_column type=\u201c4_4\u2033 _builder_version=\u201c4.16\u2033 custom_padding=\u201c|||\u201c global_colors_info=\u201c{}\u201c custom_padding__hover=\u201c|||\u201c][et_pb_text admin_label=\u201cText\u201c _builder_version=\u201c4.27.4\u2033 background_size=\u201cinitial\u201c background_position=\u201ctop_left\u201c background_repeat=\u201crepeat\u201c hover_enabled=\u201c0\u2033 global_colors_info=\u201c{}\u201c sticky_enabled=\u201c0\u2033]<\/p>\n<h3><span style=\"font-family: inherit; font-weight: normal;\">Information according to \u00a7 5 ECG \/ \u00a7 25 MedienG:<\/span><\/h3>\n<h2><span style=\"font-family: inherit; font-weight: normal;\">Chi instead of Botox GmbH<\/span><br \/><span style=\"font-family: inherit; font-weight: normal;\">Workspace<\/span><br \/><span style=\"font-family: inherit; font-weight: normal;\">Bauernstra\u00dfe 1\/ WDZ 9<\/span><br \/><span style=\"font-family: inherit; font-weight: normal;\">4600 Wels<\/span><\/h2>\n<h2><span style=\"font-family: inherit; font-weight: normal;\">Contact:<\/span><br \/><span style=\"font-family: inherit; font-weight: normal;\">Phone: +4369912164908<\/span><\/h2>\n<h2><span style=\"font-family: inherit; font-weight: normal;\">e-mail: <a href=\"mailto:schmid-harald@gmx.at\">post@chi-statt-botox.com<\/a><\/span><\/h2>\n<h2><span style=\"font-family: inherit; font-weight: normal;\">UID number: ATU 81093406<\/span><br \/><span style=\"font-family: inherit; font-weight: normal;\">Company register: Wels regional court<\/span><br \/><span style=\"font-family: inherit; font-weight: normal;\">Company register number: FN 527037f<\/span><br \/><span style=\"font-family: inherit; font-weight: normal;\">Legal form: General partnership<\/span><br \/><span style=\"font-family: inherit; font-weight: normal;\">Authorised representative bodies: Harald and Mag. Christina Schmid<\/span><\/h2>\n<p><span style=\"font-family: inherit; font-weight: normal;\"><\/span><\/p>\n<h2><span style=\"font-family: inherit; font-weight: normal;\">Competent supervisory authority: Municipality of Wels<\/span><span style=\"font-family: inherit; font-weight: normal;\"><\/span><span style=\"font-family: inherit; font-weight: normal;\"><\/span><\/h2>\n<p><span style=\"font-family: inherit; font-weight: normal;\"><\/span><\/p>\n<h2>Chamber affiliation: Upper Austrian Chamber of Commerce<span style=\"font-family: inherit; font-weight: normal;\"><\/span><\/h2>\n<h2><span style=\"font-family: inherit; font-weight: normal;\"><\/span><\/h2>\n<h2><span style=\"font-family: inherit; font-weight: normal;\">Legal regulations: Trade regulations (https:\/\/www.ris.bka.gv.at)<\/span><br \/><span style=\"font-family: inherit; font-weight: normal;\">Editorial policy: The website serves to present the company<\/span><br \/><span style=\"font-family: inherit; font-weight: normal;\">Object of the company: Services through counselling and training,<\/span><br \/><span style=\"font-family: inherit; font-weight: normal;\">Sale of energy and technical products<\/span><br \/><span style=\"font-family: inherit; font-weight: normal;\">Responsible for the content:<\/span><br \/><span style=\"font-family: inherit; font-weight: normal;\">Chi instead of Botox OG<\/span><br \/><span style=\"font-family: inherit; font-weight: normal;\">Workspace<\/span><br \/><span style=\"font-family: inherit; font-weight: normal;\">Bauernstra\u00dfe 1\/ WDZ 9<\/span><br \/><span style=\"font-family: inherit; font-weight: normal;\">4600 Wels<\/span><\/h2>\n<h2><\/h2>\n<h3><span style=\"font-family: inherit; font-weight: normal;\">Dispute resolution<\/span><\/h3>\n<h2><span style=\"font-family: inherit; font-weight: normal;\">The European Commission provides a platform for online dispute resolution (OS): <a href=\"https:\/\/ec.europa.eu\/consumers\/odr\" target=\"_blank\" rel=\"noopener noreferrer\">https:\/\/ec.europa.eu\/consumers\/odr<\/a>.<\/span><br \/><span style=\"font-family: inherit; font-weight: normal;\">You can find our e-mail address in the legal notice above.<\/span><\/h2>\n<h2><span style=\"font-family: inherit; font-weight: normal;\">We are not willing or obliged to participate in dispute resolution proceedings before a consumer arbitration board.<\/span><\/h2>\n<h3><span style=\"font-family: inherit; font-weight: normal;\">Liability for content<\/span><\/h3>\n<h2><span style=\"font-family: inherit; font-weight: normal;\">As a service provider, we are responsible for our own content on these pages in accordance with Section 7 (1) TMG (German Telemedia Act) and general legislation. According to \u00a7\u00a7 8 to 10 TMG, however, we as a service provider are not obliged to monitor transmitted or stored third-party information or to investigate circumstances that indicate illegal activity.<\/span><\/h2>\n<h2><span style=\"font-family: inherit; font-weight: normal;\">Obligations to remove or block the use of information in accordance with general legislation remain unaffected by this. However, liability in this respect is only possible from the time we become aware of a specific infringement. As soon as we become aware of such infringements, we will remove this content immediately.<\/span><\/h2>\n<h3><span style=\"font-family: inherit; font-weight: normal;\">Liability for links<\/span><\/h3>\n<h2><span style=\"font-family: inherit; font-weight: normal;\">Our website contains links to external third-party websites over whose content we have no influence. Therefore, we cannot accept any liability for this third-party content. The respective provider or operator of the pages is always responsible for the content of the linked pages. The linked pages were checked for possible legal violations at the time of linking. Illegal contents were not recognisable at the time of linking.<\/span><\/h2>\n<h2><span style=\"font-family: inherit; font-weight: normal;\">However, permanent monitoring of the content of the linked pages is not reasonable without concrete evidence of an infringement. If we become aware of any legal infringements, we will remove such links immediately.<\/span><\/h2>\n<h3><span style=\"font-family: inherit; font-weight: normal;\">Copyright<\/span><\/h3>\n<h2><span style=\"font-family: inherit; font-weight: normal;\">The content and works created by the site operators on these pages are subject to German copyright law. Duplication, processing, distribution and any kind of utilisation outside the limits of copyright law require the written consent of the respective author or creator. Downloads and copies of this site are only permitted for private, non-commercial use.<\/span><\/h2>\n<h2><span style=\"font-family: inherit; font-weight: normal;\">Insofar as the content on this site was not created by the operator, the copyrights of third parties are respected. In particular, third-party content is labelled as such. Should you nevertheless become aware of a copyright infringement, please inform us accordingly. If we become aware of any infringements, we will remove such content immediately.<\/span><\/h2>\n<p>[\/et_pb_text][\/et_pb_column][\/et_pb_row][\/et_pb_section]<\/p>","protected":false},"excerpt":{"rendered":"<p>ImprintInformation according to \u00a7 5 ECG \/ \u00a7 25 MedienG: Chi statt Botox GmbHWorkspaceBauernstra\u00dfe 1\/ WDZ 94600 Wels Contact:Phone: +4369912164908 Email: post@chi-statt-botox.com UID number: ATU 81093406Company register: Landesgericht WelsCompany register number: FN 527037fLegal form: Open companyBodies authorised to represent: Harald and Mag. Christina Schmid Responsible supervisory authority: Magistrat Wels Chamber affiliation: Wirtschaftskammer Ober\u00f6sterreich Legal regulations: Gewerbeordnung (https:\/\/www.ris.bka.gv.at)Page line: The website serves to present the companyCompany purpose: Services through consulting [...].<\/p>","protected":false},"author":1,"featured_media":0,"parent":0,"menu_order":0,"comment_status":"closed","ping_status":"closed","template":"","meta":{"_acf_changed":false,"_et_pb_use_builder":"on","_et_pb_old_content":"<h1>Impressum<\/h1>\n<h2>Angaben gem\u00e4\u00df \u00a7 5 TMG:<\/h2>\nChi statt Botox OG\nWorkspace\nBauernstra\u00dfe 1\/ WDZ 9\n4600 Wels\n<h2>Kontakt:<\/h2>\nTelefon: 069912164908\nE-Mail: schmid-harald@gmx.at\n<h2>Verantwortlich f\u00fcr den Inhalt nach \u00a7 55 Abs. 2 RStV:<\/h2>\nChi statt Botox OG\nWorkspace\nBauernstra\u00dfe 1\/ WDZ 9\n4600 Wels\n<h2>Streitschlichtung<\/h2>\nDie Europ\u00e4ische Kommission stellt eine Plattform zur Online-Streitbeilegung (OS) bereit: <a href=\"https:\/\/ec.europa.eu\/consumers\/odr\" target=\"_blank\" rel=\"noopener noreferrer\">https:\/\/ec.europa.eu\/consumers\/odr<\/a>.\nUnsere E-Mail-Adresse finden Sie oben im Impressum.\n\nWir sind nicht bereit oder verpflichtet, an Streitbeilegungsverfahren vor einer Verbraucherschlichtungsstelle teilzunehmen.\n<h3>Haftung f\u00fcr Inhalte<\/h3>\nAls Diensteanbieter sind wir gem\u00e4\u00df \u00a7 7 Abs.1 TMG f\u00fcr eigene Inhalte auf diesen Seiten nach den allgemeinen Gesetzen verantwortlich. Nach \u00a7\u00a7 8 bis 10 TMG sind wir als Diensteanbieter jedoch nicht verpflichtet, \u00fcbermittelte oder gespeicherte fremde Informationen zu \u00fcberwachen oder nach Umst\u00e4nden zu forschen, die auf eine rechtswidrige T\u00e4tigkeit hinweisen.\n\nVerpflichtungen zur Entfernung oder Sperrung der Nutzung von Informationen nach den allgemeinen Gesetzen bleiben hiervon unber\u00fchrt. Eine diesbez\u00fcgliche Haftung ist jedoch erst ab dem Zeitpunkt der Kenntnis einer konkreten Rechtsverletzung m\u00f6glich. Bei Bekanntwerden von entsprechenden Rechtsverletzungen werden wir diese Inhalte umgehend entfernen.\n<h3>Haftung f\u00fcr Links<\/h3>\nUnser Angebot enth\u00e4lt Links zu externen Websites Dritter, auf deren Inhalte wir keinen Einfluss haben. Deshalb k\u00f6nnen wir f\u00fcr diese fremden Inhalte auch keine Gew\u00e4hr \u00fcbernehmen. F\u00fcr die Inhalte der verlinkten Seiten ist stets der jeweilige Anbieter oder Betreiber der Seiten verantwortlich. Die verlinkten Seiten wurden zum Zeitpunkt der Verlinkung auf m\u00f6gliche Rechtsverst\u00f6\u00dfe \u00fcberpr\u00fcft. Rechtswidrige Inhalte waren zum Zeitpunkt der Verlinkung nicht erkennbar.\n\nEine permanente inhaltliche Kontrolle der verlinkten Seiten ist jedoch ohne konkrete Anhaltspunkte einer Rechtsverletzung nicht zumutbar. Bei Bekanntwerden von Rechtsverletzungen werden wir derartige Links umgehend entfernen.\n<h3>Urheberrecht<\/h3>\nDie durch die Seitenbetreiber erstellten Inhalte und Werke auf diesen Seiten unterliegen dem deutschen Urheberrecht. Die Vervielf\u00e4ltigung, Bearbeitung, Verbreitung und jede Art der Verwertung au\u00dferhalb der Grenzen des Urheberrechtes bed\u00fcrfen der schriftlichen Zustimmung des jeweiligen Autors bzw. Erstellers. Downloads und Kopien dieser Seite sind nur f\u00fcr den privaten, nicht kommerziellen Gebrauch gestattet.\n\nSoweit die Inhalte auf dieser Seite nicht vom Betreiber erstellt wurden, werden die Urheberrechte Dritter beachtet. Insbesondere werden Inhalte Dritter als solche gekennzeichnet. Sollten Sie trotzdem auf eine Urheberrechtsverletzung aufmerksam werden, bitten wir um einen entsprechenden Hinweis. Bei Bekanntwerden von Rechtsverletzungen werden wir derartige Inhalte umgehend entfernen.","_et_gb_content_width":"","footnotes":""},"class_list":["post-279","page","type-page","status-publish","hentry"],"acf":[],"yoast_head":"<!-- This site is optimized with the Yoast SEO plugin v26.4 - https:\/\/yoast.com\/wordpress\/plugins\/seo\/ -->\n<title>Impressum - Chi statt Botox<\/title>\n<meta name=\"robots\" content=\"index, nofollow, max-snippet:-1, max-image-preview:large, max-video-preview:-1\" \/>\n<link rel=\"canonical\" href=\"https:\/\/chi-statt-botox.com\/en\/impressum\/\" \/>\n<meta property=\"og:locale\" content=\"en_GB\" \/>\n<meta property=\"og:type\" content=\"article\" \/>\n<meta property=\"og:title\" content=\"Impressum - Chi statt Botox\" \/>\n<meta property=\"og:description\" content=\"ImpressumAngaben gem\u00e4\u00df \u00a7 5 ECG \/ \u00a7 25 MedienG: Chi statt Botox GmbHWorkspaceBauernstra\u00dfe 1\/ WDZ 94600 Wels Kontakt:Telefon: +4369912164908 E-Mail: post@chi-statt-botox.com UID-Nummer: ATU 81093406Firmenbuch: Landesgericht WelsFirmenbuchnummer: FN 527037fRechtsform: Offene GesellschaftVertretungsbefugte Organe: Harald und Mag. Christina Schmid Zust\u00e4ndige Aufsichtsbeh\u00f6rde: Magistrat Wels Kammerzugeh\u00f6rigkeit: Wirtschaftskammer Ober\u00f6sterreich Gesetzliche Vorschriften: Gewerbeordnung (https:\/\/www.ris.bka.gv.at)Blattlinie: Die Website dient der Unternehmenspr\u00e4sentationUnternehmensgegenstand: Dienstleistung durch Beratung [&hellip;]\" \/>\n<meta property=\"og:url\" content=\"https:\/\/chi-statt-botox.com\/en\/impressum\/\" \/>\n<meta property=\"og:site_name\" content=\"Chi statt Botox\" \/>\n<meta property=\"article:modified_time\" content=\"2026-01-07T08:19:23+00:00\" \/>\n<meta name=\"twitter:card\" content=\"summary_large_image\" \/>\n<meta name=\"twitter:label1\" content=\"Estimated reading time\" \/>\n\t<meta name=\"twitter:data1\" content=\"3 minutes\" \/>\n<script type=\"application\/ld+json\" class=\"yoast-schema-graph\">{\"@context\":\"https:\/\/schema.org\",\"@graph\":[{\"@type\":\"WebPage\",\"@id\":\"https:\/\/chi-statt-botox.com\/impressum\/\",\"url\":\"https:\/\/chi-statt-botox.com\/impressum\/\",\"name\":\"Impressum - Chi statt Botox\",\"isPartOf\":{\"@id\":\"https:\/\/chi-statt-botox.com\/#website\"},\"datePublished\":\"2017-03-03T11:50:48+00:00\",\"dateModified\":\"2026-01-07T08:19:23+00:00\",\"breadcrumb\":{\"@id\":\"https:\/\/chi-statt-botox.com\/impressum\/#breadcrumb\"},\"inLanguage\":\"en-GB\",\"potentialAction\":[{\"@type\":\"ReadAction\",\"target\":[\"https:\/\/chi-statt-botox.com\/impressum\/\"]}]},{\"@type\":\"BreadcrumbList\",\"@id\":\"https:\/\/chi-statt-botox.com\/impressum\/#breadcrumb\",\"itemListElement\":[{\"@type\":\"ListItem\",\"position\":1,\"name\":\"Startseite\",\"item\":\"https:\/\/chi-statt-botox.com\/\"},{\"@type\":\"ListItem\",\"position\":2,\"name\":\"Impressum\"}]},{\"@type\":\"WebSite\",\"@id\":\"https:\/\/chi-statt-botox.com\/#website\",\"url\":\"https:\/\/chi-statt-botox.com\/\",\"name\":\"Chi statt Botox\",\"description\":\"Falten wegzaubern, Haut straffen\",\"potentialAction\":[{\"@type\":\"SearchAction\",\"target\":{\"@type\":\"EntryPoint\",\"urlTemplate\":\"https:\/\/chi-statt-botox.com\/?s={search_term_string}\"},\"query-input\":{\"@type\":\"PropertyValueSpecification\",\"valueRequired\":true,\"valueName\":\"search_term_string\"}}],\"inLanguage\":\"en-GB\"}]}<\/script>\n<!-- \/ Yoast SEO plugin. -->","yoast_head_json":{"title":"Imprint - Chi instead of Botox","robots":{"index":"index","follow":"nofollow","max-snippet":"max-snippet:-1","max-image-preview":"max-image-preview:large","max-video-preview":"max-video-preview:-1"},"canonical":"https:\/\/chi-statt-botox.com\/en\/impressum\/","og_locale":"en_GB","og_type":"article","og_title":"Impressum - Chi statt Botox","og_description":"ImpressumAngaben gem\u00e4\u00df \u00a7 5 ECG \/ \u00a7 25 MedienG: Chi statt Botox GmbHWorkspaceBauernstra\u00dfe 1\/ WDZ 94600 Wels Kontakt:Telefon: +4369912164908 E-Mail: post@chi-statt-botox.com UID-Nummer: ATU 81093406Firmenbuch: Landesgericht WelsFirmenbuchnummer: FN 527037fRechtsform: Offene GesellschaftVertretungsbefugte Organe: Harald und Mag. Christina Schmid Zust\u00e4ndige Aufsichtsbeh\u00f6rde: Magistrat Wels Kammerzugeh\u00f6rigkeit: Wirtschaftskammer Ober\u00f6sterreich Gesetzliche Vorschriften: Gewerbeordnung (https:\/\/www.ris.bka.gv.at)Blattlinie: Die Website dient der Unternehmenspr\u00e4sentationUnternehmensgegenstand: Dienstleistung durch Beratung [&hellip;]","og_url":"https:\/\/chi-statt-botox.com\/en\/impressum\/","og_site_name":"Chi statt Botox","article_modified_time":"2026-01-07T08:19:23+00:00","twitter_card":"summary_large_image","twitter_misc":{"Estimated reading time":"3 minutes"},"schema":{"@context":"https:\/\/schema.org","@graph":[{"@type":"WebPage","@id":"https:\/\/chi-statt-botox.com\/impressum\/","url":"https:\/\/chi-statt-botox.com\/impressum\/","name":"Imprint - Chi instead of Botox","isPartOf":{"@id":"https:\/\/chi-statt-botox.com\/#website"},"datePublished":"2017-03-03T11:50:48+00:00","dateModified":"2026-01-07T08:19:23+00:00","breadcrumb":{"@id":"https:\/\/chi-statt-botox.com\/impressum\/#breadcrumb"},"inLanguage":"en-GB","potentialAction":[{"@type":"ReadAction","target":["https:\/\/chi-statt-botox.com\/impressum\/"]}]},{"@type":"BreadcrumbList","@id":"https:\/\/chi-statt-botox.com\/impressum\/#breadcrumb","itemListElement":[{"@type":"ListItem","position":1,"name":"Startseite","item":"https:\/\/chi-statt-botox.com\/"},{"@type":"ListItem","position":2,"name":"Impressum"}]},{"@type":"WebSite","@id":"https:\/\/chi-statt-botox.com\/#website","url":"https:\/\/chi-statt-botox.com\/","name":"Chi instead of Botox","description":"Magic away wrinkles, tighten skin","potentialAction":[{"@type":"SearchAction","target":{"@type":"EntryPoint","urlTemplate":"https:\/\/chi-statt-botox.com\/?s={search_term_string}"},"query-input":{"@type":"PropertyValueSpecification","valueRequired":true,"valueName":"search_term_string"}}],"inLanguage":"en-GB"}]}},"_links":{"self":[{"href":"https:\/\/chi-statt-botox.com\/en\/wp-json\/wp\/v2\/pages\/279","targetHints":{"allow":["GET"]}}],"collection":[{"href":"https:\/\/chi-statt-botox.com\/en\/wp-json\/wp\/v2\/pages"}],"about":[{"href":"https:\/\/chi-statt-botox.com\/en\/wp-json\/wp\/v2\/types\/page"}],"author":[{"embeddable":true,"href":"https:\/\/chi-statt-botox.com\/en\/wp-json\/wp\/v2\/users\/1"}],"replies":[{"embeddable":true,"href":"https:\/\/chi-statt-botox.com\/en\/wp-json\/wp\/v2\/comments?post=279"}],"version-history":[{"count":13,"href":"https:\/\/chi-statt-botox.com\/en\/wp-json\/wp\/v2\/pages\/279\/revisions"}],"predecessor-version":[{"id":51051,"href":"https:\/\/chi-statt-botox.com\/en\/wp-json\/wp\/v2\/pages\/279\/revisions\/51051"}],"wp:attachment":[{"href":"https:\/\/chi-statt-botox.com\/en\/wp-json\/wp\/v2\/media?parent=279"}],"curies":[{"name":"wp","href":"https:\/\/api.w.org\/{rel}","templated":true}]}}