{"id":10123,"date":"2021-06-18T11:46:22","date_gmt":"2021-06-18T09:46:22","guid":{"rendered":"https:\/\/chi-statt-botox.com\/?post_type=product&#038;p=10123"},"modified":"2026-04-09T11:30:32","modified_gmt":"2026-04-09T09:30:32","slug":"anti-wrinkle-serum-50-ml","status":"publish","type":"product","link":"https:\/\/chi-statt-botox.com\/en\/product\/anti-wrinkle-serum-50-ml\/","title":{"rendered":"Anti Wrinkle Serum 50 ml"},"content":{"rendered":"<p>The high-quality KUMARI anti-wrinkle serum effectively reduces wrinkles and achieves a significant improvement in the skin. In addition to 85% undiluted aloe vera fresh plant juice and edelweiss, which is highly valued in the anti-ageing sector, it contains the active ingredient Gatuline, which is often referred to as \"Bio-Botox\". It has earned this name because it naturally inhibits muscle contraction. This reduces existing wrinkles and prevents the formation of new ones. It also supports the skin's ability to retain moisture.<\/p>\n<p>Apply 2 x daily to face, neck and d\u00e9collet\u00e9 after cleansing<\/p>\n<p>Ingredients:<br \/>\nAloa Barbadensis (Aloe Vera) Leaf Juice 85%*, Glycerin, Alcohol, Aqua (Water), Acmella Oleracea Extract, Propanediol, Acacia Senegal Gum, Xanthan Gum, Leontopodium Alpinum Meristem Cell Culture, Xanthan Gum, Glyceryl Stearate SE, Isoamyl Laurate, Squalane, Isoamyl Cocoate, Levulinic acid, Sodium Levulinate, Glyceryl Caprylate, Parfum (Fragrance), Benzyl Alcohol, p-Anisic Acid, Simmondsia Chinesis (jojoba) seed oil*, Citric Acid, Olea Eurapaea (Olive) Fruit oil*, Bisabolol, Benzoic Acid, Sodium hyaluronate, Tocopherol, Beta-Sitosterol, Squalane, Linalool.<\/p>\n<p><em>*from certified organic cultivation<br \/>\n<\/em>SUITABLE FOR ALL SKIN TYPES<\/p>\n<p>KUMARI-Produkte Vertriebs GmbH \/ Stutterheimstr. 16 \/ 1150 Vienna \/ Austria \/ office@kumari.at<\/p>\n<div class=\"container cf\">\n<div id=\"shopify-section-product-template\" class=\"shopify-section section-product-template\">\n<div data-section-type=\"product-template\">\n<div class=\"product-detail spaced-row container\">\n<div class=\"detail product-column-right\">\n<div class=\"product-description user-content\">\n<table width=\"100%\">\n<tbody>\n<tr>\n<td><img decoding=\"async\" src=\"https:\/\/cdn.shopify.com\/s\/files\/1\/0522\/2419\/6782\/files\/cosmosorganic.png?v=1611845672\" alt=\"\" \/><\/td>\n<td><img decoding=\"async\" src=\"https:\/\/cdn.shopify.com\/s\/files\/1\/0522\/2419\/6782\/files\/vegan.png?v=1611845742\" alt=\"\" \/><\/td>\n<td><img decoding=\"async\" src=\"https:\/\/cdn.shopify.com\/s\/files\/1\/0522\/2419\/6782\/files\/crueltyfree.png?v=1611845713\" alt=\"\" \/><\/td>\n<td><img decoding=\"async\" src=\"https:\/\/cdn.shopify.com\/s\/files\/1\/0522\/2419\/6782\/files\/100freshaloevera.png?v=1611845765\" alt=\"\" \/><\/td>\n<\/tr>\n<\/tbody>\n<\/table>\n<\/div>\n<\/div>\n<\/div>\n<\/div>\n<\/div>\n<\/div>","protected":false},"excerpt":{"rendered":"<ul>\n<li>Naturally inhibits muscle contraction<\/li>\n<li>Reduces existing wrinkles<\/li>\n<li>Prevents further wrinkling<\/li>\n<li>Made from 85% undiluted aloe vera fresh plant juice<\/li>\n<li>Supports moisture retention of the skin<\/li>\n<li>With the anti-ageing effect of edelweiss<\/li>\n<\/ul>","protected":false},"featured_media":10124,"template":"","meta":{"_acf_changed":false,"_et_pb_use_builder":"","_et_pb_old_content":"","_et_gb_content_width":""},"product_brand":[],"product_cat":[172],"product_tag":[],"class_list":{"0":"post-10123","1":"product","2":"type-product","3":"status-publish","4":"has-post-thumbnail","6":"product_cat-kosmetik","8":"first","9":"instock","10":"taxable","11":"shipping-taxable","12":"purchasable","13":"product-type-simple"},"acf":[],"yoast_head":"<!-- This site is optimized with the Yoast SEO plugin v26.4 - https:\/\/yoast.com\/wordpress\/plugins\/seo\/ -->\n<title>Anti Wrinkle Serum 50 ml - Chi statt Botox<\/title>\n<meta name=\"robots\" content=\"index, follow, max-snippet:-1, max-image-preview:large, max-video-preview:-1\" \/>\n<link rel=\"canonical\" href=\"https:\/\/chi-statt-botox.com\/en\/product\/anti-wrinkle-serum-50-ml\/\" \/>\n<meta property=\"og:locale\" content=\"en_GB\" \/>\n<meta property=\"og:type\" content=\"article\" \/>\n<meta property=\"og:title\" content=\"Anti Wrinkle Serum 50 ml - Chi statt Botox\" \/>\n<meta property=\"og:description\" content=\"Hemmt auf nat\u00fcrliche Weise die Muskelkontraktion  Verringert bestehende Falten  Wirkt weiterer Faltenbildung vor  Aus 85% unverd\u00fcnntem Aloe Vera Frischpflanzensaft  Unterst\u00fctzt Feuchtigkeitsspeicherung der Haut  Mit Anti-Aging Wirkung von Edelwei\u00df\" \/>\n<meta property=\"og:url\" content=\"https:\/\/chi-statt-botox.com\/en\/product\/anti-wrinkle-serum-50-ml\/\" \/>\n<meta property=\"og:site_name\" content=\"Chi statt Botox\" \/>\n<meta property=\"article:modified_time\" content=\"2026-04-09T09:30:32+00:00\" \/>\n<meta property=\"og:image\" content=\"https:\/\/chi-statt-botox.com\/wp-content\/uploads\/AntiWrinkleSerum_Flasche_3D_720x.jpg\" \/>\n\t<meta property=\"og:image:width\" content=\"720\" \/>\n\t<meta property=\"og:image:height\" content=\"720\" \/>\n\t<meta property=\"og:image:type\" content=\"image\/jpeg\" \/>\n<meta name=\"twitter:card\" content=\"summary_large_image\" \/>\n<meta name=\"twitter:label1\" content=\"Estimated reading time\" \/>\n\t<meta name=\"twitter:data1\" content=\"2 minutes\" \/>\n<script type=\"application\/ld+json\" class=\"yoast-schema-graph\">{\"@context\":\"https:\/\/schema.org\",\"@graph\":[{\"@type\":\"WebPage\",\"@id\":\"https:\/\/chi-statt-botox.com\/produkt\/anti-wrinkle-serum-50-ml\/\",\"url\":\"https:\/\/chi-statt-botox.com\/produkt\/anti-wrinkle-serum-50-ml\/\",\"name\":\"Anti Wrinkle Serum 50 ml - Chi statt Botox\",\"isPartOf\":{\"@id\":\"https:\/\/chi-statt-botox.com\/#website\"},\"primaryImageOfPage\":{\"@id\":\"https:\/\/chi-statt-botox.com\/produkt\/anti-wrinkle-serum-50-ml\/#primaryimage\"},\"image\":{\"@id\":\"https:\/\/chi-statt-botox.com\/produkt\/anti-wrinkle-serum-50-ml\/#primaryimage\"},\"thumbnailUrl\":\"https:\/\/chi-statt-botox.com\/wp-content\/uploads\/AntiWrinkleSerum_Flasche_3D_720x.jpg\",\"datePublished\":\"2021-06-18T09:46:22+00:00\",\"dateModified\":\"2026-04-09T09:30:32+00:00\",\"breadcrumb\":{\"@id\":\"https:\/\/chi-statt-botox.com\/produkt\/anti-wrinkle-serum-50-ml\/#breadcrumb\"},\"inLanguage\":\"en-GB\",\"potentialAction\":[{\"@type\":\"ReadAction\",\"target\":[\"https:\/\/chi-statt-botox.com\/produkt\/anti-wrinkle-serum-50-ml\/\"]}]},{\"@type\":\"ImageObject\",\"inLanguage\":\"en-GB\",\"@id\":\"https:\/\/chi-statt-botox.com\/produkt\/anti-wrinkle-serum-50-ml\/#primaryimage\",\"url\":\"https:\/\/chi-statt-botox.com\/wp-content\/uploads\/AntiWrinkleSerum_Flasche_3D_720x.jpg\",\"contentUrl\":\"https:\/\/chi-statt-botox.com\/wp-content\/uploads\/AntiWrinkleSerum_Flasche_3D_720x.jpg\",\"width\":720,\"height\":720},{\"@type\":\"BreadcrumbList\",\"@id\":\"https:\/\/chi-statt-botox.com\/produkt\/anti-wrinkle-serum-50-ml\/#breadcrumb\",\"itemListElement\":[{\"@type\":\"ListItem\",\"position\":1,\"name\":\"Startseite\",\"item\":\"https:\/\/chi-statt-botox.com\/\"},{\"@type\":\"ListItem\",\"position\":2,\"name\":\"Produkte\",\"item\":\"https:\/\/chi-statt-botox.com\/shop\/\"},{\"@type\":\"ListItem\",\"position\":3,\"name\":\"Anti Wrinkle Serum 50 ml\"}]},{\"@type\":\"WebSite\",\"@id\":\"https:\/\/chi-statt-botox.com\/#website\",\"url\":\"https:\/\/chi-statt-botox.com\/\",\"name\":\"Chi statt Botox\",\"description\":\"Falten wegzaubern, Haut straffen\",\"potentialAction\":[{\"@type\":\"SearchAction\",\"target\":{\"@type\":\"EntryPoint\",\"urlTemplate\":\"https:\/\/chi-statt-botox.com\/?s={search_term_string}\"},\"query-input\":{\"@type\":\"PropertyValueSpecification\",\"valueRequired\":true,\"valueName\":\"search_term_string\"}}],\"inLanguage\":\"en-GB\"}]}<\/script>\n<!-- \/ Yoast SEO plugin. -->","yoast_head_json":{"title":"Anti Wrinkle Serum 50 ml - Chi instead of Botox","robots":{"index":"index","follow":"follow","max-snippet":"max-snippet:-1","max-image-preview":"max-image-preview:large","max-video-preview":"max-video-preview:-1"},"canonical":"https:\/\/chi-statt-botox.com\/en\/product\/anti-wrinkle-serum-50-ml\/","og_locale":"en_GB","og_type":"article","og_title":"Anti Wrinkle Serum 50 ml - Chi statt Botox","og_description":"Hemmt auf nat\u00fcrliche Weise die Muskelkontraktion  Verringert bestehende Falten  Wirkt weiterer Faltenbildung vor  Aus 85% unverd\u00fcnntem Aloe Vera Frischpflanzensaft  Unterst\u00fctzt Feuchtigkeitsspeicherung der Haut  Mit Anti-Aging Wirkung von Edelwei\u00df","og_url":"https:\/\/chi-statt-botox.com\/en\/product\/anti-wrinkle-serum-50-ml\/","og_site_name":"Chi statt Botox","article_modified_time":"2026-04-09T09:30:32+00:00","og_image":[{"width":720,"height":720,"url":"https:\/\/chi-statt-botox.com\/wp-content\/uploads\/AntiWrinkleSerum_Flasche_3D_720x.jpg","type":"image\/jpeg"}],"twitter_card":"summary_large_image","twitter_misc":{"Estimated reading time":"2 minutes"},"schema":{"@context":"https:\/\/schema.org","@graph":[{"@type":"WebPage","@id":"https:\/\/chi-statt-botox.com\/produkt\/anti-wrinkle-serum-50-ml\/","url":"https:\/\/chi-statt-botox.com\/produkt\/anti-wrinkle-serum-50-ml\/","name":"Anti Wrinkle Serum 50 ml - Chi instead of Botox","isPartOf":{"@id":"https:\/\/chi-statt-botox.com\/#website"},"primaryImageOfPage":{"@id":"https:\/\/chi-statt-botox.com\/produkt\/anti-wrinkle-serum-50-ml\/#primaryimage"},"image":{"@id":"https:\/\/chi-statt-botox.com\/produkt\/anti-wrinkle-serum-50-ml\/#primaryimage"},"thumbnailUrl":"https:\/\/chi-statt-botox.com\/wp-content\/uploads\/AntiWrinkleSerum_Flasche_3D_720x.jpg","datePublished":"2021-06-18T09:46:22+00:00","dateModified":"2026-04-09T09:30:32+00:00","breadcrumb":{"@id":"https:\/\/chi-statt-botox.com\/produkt\/anti-wrinkle-serum-50-ml\/#breadcrumb"},"inLanguage":"en-GB","potentialAction":[{"@type":"ReadAction","target":["https:\/\/chi-statt-botox.com\/produkt\/anti-wrinkle-serum-50-ml\/"]}]},{"@type":"ImageObject","inLanguage":"en-GB","@id":"https:\/\/chi-statt-botox.com\/produkt\/anti-wrinkle-serum-50-ml\/#primaryimage","url":"https:\/\/chi-statt-botox.com\/wp-content\/uploads\/AntiWrinkleSerum_Flasche_3D_720x.jpg","contentUrl":"https:\/\/chi-statt-botox.com\/wp-content\/uploads\/AntiWrinkleSerum_Flasche_3D_720x.jpg","width":720,"height":720},{"@type":"BreadcrumbList","@id":"https:\/\/chi-statt-botox.com\/produkt\/anti-wrinkle-serum-50-ml\/#breadcrumb","itemListElement":[{"@type":"ListItem","position":1,"name":"Startseite","item":"https:\/\/chi-statt-botox.com\/"},{"@type":"ListItem","position":2,"name":"Produkte","item":"https:\/\/chi-statt-botox.com\/shop\/"},{"@type":"ListItem","position":3,"name":"Anti Wrinkle Serum 50 ml"}]},{"@type":"WebSite","@id":"https:\/\/chi-statt-botox.com\/#website","url":"https:\/\/chi-statt-botox.com\/","name":"Chi instead of Botox","description":"Magic away wrinkles, tighten skin","potentialAction":[{"@type":"SearchAction","target":{"@type":"EntryPoint","urlTemplate":"https:\/\/chi-statt-botox.com\/?s={search_term_string}"},"query-input":{"@type":"PropertyValueSpecification","valueRequired":true,"valueName":"search_term_string"}}],"inLanguage":"en-GB"}]}},"_links":{"self":[{"href":"https:\/\/chi-statt-botox.com\/en\/wp-json\/wp\/v2\/product\/10123","targetHints":{"allow":["GET"]}}],"collection":[{"href":"https:\/\/chi-statt-botox.com\/en\/wp-json\/wp\/v2\/product"}],"about":[{"href":"https:\/\/chi-statt-botox.com\/en\/wp-json\/wp\/v2\/types\/product"}],"wp:featuredmedia":[{"embeddable":true,"href":"https:\/\/chi-statt-botox.com\/en\/wp-json\/wp\/v2\/media\/10124"}],"wp:attachment":[{"href":"https:\/\/chi-statt-botox.com\/en\/wp-json\/wp\/v2\/media?parent=10123"}],"wp:term":[{"taxonomy":"product_brand","embeddable":true,"href":"https:\/\/chi-statt-botox.com\/en\/wp-json\/wp\/v2\/product_brand?post=10123"},{"taxonomy":"product_cat","embeddable":true,"href":"https:\/\/chi-statt-botox.com\/en\/wp-json\/wp\/v2\/product_cat?post=10123"},{"taxonomy":"product_tag","embeddable":true,"href":"https:\/\/chi-statt-botox.com\/en\/wp-json\/wp\/v2\/product_tag?post=10123"}],"curies":[{"name":"wp","href":"https:\/\/api.w.org\/{rel}","templated":true}]}}