{"id":10587,"date":"2021-07-22T10:18:43","date_gmt":"2021-07-22T08:18:43","guid":{"rendered":"https:\/\/chi-statt-botox.com\/?post_type=product&#038;p=10587"},"modified":"2026-04-12T19:01:01","modified_gmt":"2026-04-12T17:01:01","slug":"karottenoel-frischer-teint-und-schoene-beine","status":"publish","type":"product","link":"https:\/\/chi-statt-botox.com\/en\/product\/karottenoel-frischer-teint-und-schoene-beine\/","title":{"rendered":"Carrot oil (fresh complexion and beautiful legs)"},"content":{"rendered":"<p>A light organic carrot oil with an intense colour. Carrot oil is a <strong>Natural self-tanner<\/strong>. Whether for beautiful legs in summer or a beautiful complexion in the sunless season - it gives the skin a beautiful colour and nourishes it at the same time. It protects and prolongs the holiday tan and contains a high amount of vitamin A and provitamin A (in facial care it is known as retinol - in carrot oil it is used in its natural form).<\/p>\n<p>This product is a natural macerate of wild carrot in cold-pressed organic sunflower oil. It contains carotenoids, vitamins A, B, C, E and F. Vegan.<\/p>\n<p>Please ensure that it is stored tightly closed and protected from air and light, as it is sensitive to oxygen and light. It may turn orange if it comes into contact with clothing. For best results, exfoliate and moisturise the skin before use.<\/p>\n<p>Due to the high vitamin A content, please <strong>Do not use all over the body and not during pregnancy!<\/strong><\/p>\n<p><em>INCI: Helianthus annuus seed oil, Daucus carota sativa extract<\/em><\/p>\n<p><strong>VIDEOS on the topic <\/strong>(just click on it):<strong><br \/>\n<a href=\"https:\/\/www.youtube.com\/watch?v=CilAddrmfww&amp;t=62s\" target=\"_blank\" rel=\"noopener\">\"THE trick for a beautiful complexion in winter\"<\/a><br \/>\n<a href=\"https:\/\/www.youtube.com\/watch?v=EgzVF8z9hHY&amp;t=3s\" target=\"_blank\" rel=\"noopener\">\"Get rid of CELLULITE - 100% more effectively with this SECRET TIP\u2757\"<\/a><br \/>\n<a href=\"https:\/\/www.youtube.com\/watch?v=i4wytEQKPik&amp;t=359s\" target=\"_blank\" rel=\"noopener\">\"More GLOW &amp; radiantly beautiful skin (changes everything!) \u2728 Face &amp; body\"<\/a><br \/>\n<\/strong><\/p>\n<p>MRS DYSTRYBUJCA SPOLKA Z ORGANICZONA ODPOWIEDZIALNOSCIA \/ Prezydenta Lecha Kaczynskiego 20 \/ 80-365 Gdansk \/ Poland \/ office@nutrivelabs.com<\/p>","protected":false},"excerpt":{"rendered":"<ul>\n<li>Considered a natural self-tanner<\/li>\n<li>Ensures a beautiful complexion<\/li>\n<li>Moisturising and nourishing<\/li>\n<li>Contains vitamin A and provitamin A<\/li>\n<\/ul>\n<p>&nbsp;<\/p>","protected":false},"featured_media":18023,"template":"","meta":{"_acf_changed":false,"_et_pb_use_builder":"","_et_pb_old_content":"","_et_gb_content_width":""},"product_brand":[],"product_cat":[174],"product_tag":[],"class_list":{"0":"post-10587","1":"product","2":"type-product","3":"status-publish","4":"has-post-thumbnail","6":"product_cat-oele","8":"first","9":"instock","10":"taxable","11":"shipping-taxable","12":"purchasable","13":"product-type-simple"},"acf":[],"yoast_head":"<!-- This site is optimized with the Yoast SEO plugin v26.4 - https:\/\/yoast.com\/wordpress\/plugins\/seo\/ -->\n<title>Karotten\u00f6l (frischer Teint und sch\u00f6ne Beine) - Chi statt Botox<\/title>\n<meta name=\"robots\" content=\"index, follow, max-snippet:-1, max-image-preview:large, max-video-preview:-1\" \/>\n<link rel=\"canonical\" href=\"https:\/\/chi-statt-botox.com\/en\/product\/karottenoel-frischer-teint-und-schoene-beine\/\" \/>\n<meta property=\"og:locale\" content=\"en_GB\" \/>\n<meta property=\"og:type\" content=\"article\" \/>\n<meta property=\"og:title\" content=\"Karotten\u00f6l (frischer Teint und sch\u00f6ne Beine) - Chi statt Botox\" \/>\n<meta property=\"og:description\" content=\"Gilt als nat\u00fcrlicher Selbstbr\u00e4uner  Sorgt f\u00fcr sch\u00f6nen Teint  Feuchtigkeitsspendend und pflegend  Enth\u00e4lt Vitamin A und Provitamin A  &nbsp;\" \/>\n<meta property=\"og:url\" content=\"https:\/\/chi-statt-botox.com\/en\/product\/karottenoel-frischer-teint-und-schoene-beine\/\" \/>\n<meta property=\"og:site_name\" content=\"Chi statt Botox\" \/>\n<meta property=\"article:modified_time\" content=\"2026-04-12T17:01:01+00:00\" \/>\n<meta property=\"og:image\" content=\"https:\/\/chi-statt-botox.com\/wp-content\/uploads\/Carrot-100ml-Pump-jpg.jpg\" \/>\n\t<meta property=\"og:image:width\" content=\"1000\" \/>\n\t<meta property=\"og:image:height\" content=\"1000\" \/>\n\t<meta property=\"og:image:type\" content=\"image\/jpeg\" \/>\n<meta name=\"twitter:card\" content=\"summary_large_image\" \/>\n<meta name=\"twitter:label1\" content=\"Estimated reading time\" \/>\n\t<meta name=\"twitter:data1\" content=\"2 minutes\" \/>\n<script type=\"application\/ld+json\" class=\"yoast-schema-graph\">{\"@context\":\"https:\/\/schema.org\",\"@graph\":[{\"@type\":\"WebPage\",\"@id\":\"https:\/\/chi-statt-botox.com\/produkt\/karottenoel-frischer-teint-und-schoene-beine\/\",\"url\":\"https:\/\/chi-statt-botox.com\/produkt\/karottenoel-frischer-teint-und-schoene-beine\/\",\"name\":\"Karotten\u00f6l (frischer Teint und sch\u00f6ne Beine) - Chi statt Botox\",\"isPartOf\":{\"@id\":\"https:\/\/chi-statt-botox.com\/#website\"},\"primaryImageOfPage\":{\"@id\":\"https:\/\/chi-statt-botox.com\/produkt\/karottenoel-frischer-teint-und-schoene-beine\/#primaryimage\"},\"image\":{\"@id\":\"https:\/\/chi-statt-botox.com\/produkt\/karottenoel-frischer-teint-und-schoene-beine\/#primaryimage\"},\"thumbnailUrl\":\"https:\/\/chi-statt-botox.com\/wp-content\/uploads\/Carrot-100ml-Pump-jpg.jpg\",\"datePublished\":\"2021-07-22T08:18:43+00:00\",\"dateModified\":\"2026-04-12T17:01:01+00:00\",\"breadcrumb\":{\"@id\":\"https:\/\/chi-statt-botox.com\/produkt\/karottenoel-frischer-teint-und-schoene-beine\/#breadcrumb\"},\"inLanguage\":\"en-GB\",\"potentialAction\":[{\"@type\":\"ReadAction\",\"target\":[\"https:\/\/chi-statt-botox.com\/produkt\/karottenoel-frischer-teint-und-schoene-beine\/\"]}]},{\"@type\":\"ImageObject\",\"inLanguage\":\"en-GB\",\"@id\":\"https:\/\/chi-statt-botox.com\/produkt\/karottenoel-frischer-teint-und-schoene-beine\/#primaryimage\",\"url\":\"https:\/\/chi-statt-botox.com\/wp-content\/uploads\/Carrot-100ml-Pump-jpg.jpg\",\"contentUrl\":\"https:\/\/chi-statt-botox.com\/wp-content\/uploads\/Carrot-100ml-Pump-jpg.jpg\",\"width\":1000,\"height\":1000},{\"@type\":\"BreadcrumbList\",\"@id\":\"https:\/\/chi-statt-botox.com\/produkt\/karottenoel-frischer-teint-und-schoene-beine\/#breadcrumb\",\"itemListElement\":[{\"@type\":\"ListItem\",\"position\":1,\"name\":\"Startseite\",\"item\":\"https:\/\/chi-statt-botox.com\/\"},{\"@type\":\"ListItem\",\"position\":2,\"name\":\"Produkte\",\"item\":\"https:\/\/chi-statt-botox.com\/shop\/\"},{\"@type\":\"ListItem\",\"position\":3,\"name\":\"Karotten\u00f6l (frischer Teint und sch\u00f6ne Beine)\"}]},{\"@type\":\"WebSite\",\"@id\":\"https:\/\/chi-statt-botox.com\/#website\",\"url\":\"https:\/\/chi-statt-botox.com\/\",\"name\":\"Chi statt Botox\",\"description\":\"Falten wegzaubern, Haut straffen\",\"potentialAction\":[{\"@type\":\"SearchAction\",\"target\":{\"@type\":\"EntryPoint\",\"urlTemplate\":\"https:\/\/chi-statt-botox.com\/?s={search_term_string}\"},\"query-input\":{\"@type\":\"PropertyValueSpecification\",\"valueRequired\":true,\"valueName\":\"search_term_string\"}}],\"inLanguage\":\"en-GB\"}]}<\/script>\n<!-- \/ Yoast SEO plugin. -->","yoast_head_json":{"title":"Carrot oil (fresh complexion and beautiful legs) - Chi instead of Botox","robots":{"index":"index","follow":"follow","max-snippet":"max-snippet:-1","max-image-preview":"max-image-preview:large","max-video-preview":"max-video-preview:-1"},"canonical":"https:\/\/chi-statt-botox.com\/en\/product\/karottenoel-frischer-teint-und-schoene-beine\/","og_locale":"en_GB","og_type":"article","og_title":"Karotten\u00f6l (frischer Teint und sch\u00f6ne Beine) - Chi statt Botox","og_description":"Gilt als nat\u00fcrlicher Selbstbr\u00e4uner  Sorgt f\u00fcr sch\u00f6nen Teint  Feuchtigkeitsspendend und pflegend  Enth\u00e4lt Vitamin A und Provitamin A  &nbsp;","og_url":"https:\/\/chi-statt-botox.com\/en\/product\/karottenoel-frischer-teint-und-schoene-beine\/","og_site_name":"Chi statt Botox","article_modified_time":"2026-04-12T17:01:01+00:00","og_image":[{"width":1000,"height":1000,"url":"https:\/\/chi-statt-botox.com\/wp-content\/uploads\/Carrot-100ml-Pump-jpg.jpg","type":"image\/jpeg"}],"twitter_card":"summary_large_image","twitter_misc":{"Estimated reading time":"2 minutes"},"schema":{"@context":"https:\/\/schema.org","@graph":[{"@type":"WebPage","@id":"https:\/\/chi-statt-botox.com\/produkt\/karottenoel-frischer-teint-und-schoene-beine\/","url":"https:\/\/chi-statt-botox.com\/produkt\/karottenoel-frischer-teint-und-schoene-beine\/","name":"Carrot oil (fresh complexion and beautiful legs) - Chi instead of Botox","isPartOf":{"@id":"https:\/\/chi-statt-botox.com\/#website"},"primaryImageOfPage":{"@id":"https:\/\/chi-statt-botox.com\/produkt\/karottenoel-frischer-teint-und-schoene-beine\/#primaryimage"},"image":{"@id":"https:\/\/chi-statt-botox.com\/produkt\/karottenoel-frischer-teint-und-schoene-beine\/#primaryimage"},"thumbnailUrl":"https:\/\/chi-statt-botox.com\/wp-content\/uploads\/Carrot-100ml-Pump-jpg.jpg","datePublished":"2021-07-22T08:18:43+00:00","dateModified":"2026-04-12T17:01:01+00:00","breadcrumb":{"@id":"https:\/\/chi-statt-botox.com\/produkt\/karottenoel-frischer-teint-und-schoene-beine\/#breadcrumb"},"inLanguage":"en-GB","potentialAction":[{"@type":"ReadAction","target":["https:\/\/chi-statt-botox.com\/produkt\/karottenoel-frischer-teint-und-schoene-beine\/"]}]},{"@type":"ImageObject","inLanguage":"en-GB","@id":"https:\/\/chi-statt-botox.com\/produkt\/karottenoel-frischer-teint-und-schoene-beine\/#primaryimage","url":"https:\/\/chi-statt-botox.com\/wp-content\/uploads\/Carrot-100ml-Pump-jpg.jpg","contentUrl":"https:\/\/chi-statt-botox.com\/wp-content\/uploads\/Carrot-100ml-Pump-jpg.jpg","width":1000,"height":1000},{"@type":"BreadcrumbList","@id":"https:\/\/chi-statt-botox.com\/produkt\/karottenoel-frischer-teint-und-schoene-beine\/#breadcrumb","itemListElement":[{"@type":"ListItem","position":1,"name":"Startseite","item":"https:\/\/chi-statt-botox.com\/"},{"@type":"ListItem","position":2,"name":"Produkte","item":"https:\/\/chi-statt-botox.com\/shop\/"},{"@type":"ListItem","position":3,"name":"Karotten\u00f6l (frischer Teint und sch\u00f6ne Beine)"}]},{"@type":"WebSite","@id":"https:\/\/chi-statt-botox.com\/#website","url":"https:\/\/chi-statt-botox.com\/","name":"Chi instead of Botox","description":"Magic away wrinkles, tighten skin","potentialAction":[{"@type":"SearchAction","target":{"@type":"EntryPoint","urlTemplate":"https:\/\/chi-statt-botox.com\/?s={search_term_string}"},"query-input":{"@type":"PropertyValueSpecification","valueRequired":true,"valueName":"search_term_string"}}],"inLanguage":"en-GB"}]}},"_links":{"self":[{"href":"https:\/\/chi-statt-botox.com\/en\/wp-json\/wp\/v2\/product\/10587","targetHints":{"allow":["GET"]}}],"collection":[{"href":"https:\/\/chi-statt-botox.com\/en\/wp-json\/wp\/v2\/product"}],"about":[{"href":"https:\/\/chi-statt-botox.com\/en\/wp-json\/wp\/v2\/types\/product"}],"wp:featuredmedia":[{"embeddable":true,"href":"https:\/\/chi-statt-botox.com\/en\/wp-json\/wp\/v2\/media\/18023"}],"wp:attachment":[{"href":"https:\/\/chi-statt-botox.com\/en\/wp-json\/wp\/v2\/media?parent=10587"}],"wp:term":[{"taxonomy":"product_brand","embeddable":true,"href":"https:\/\/chi-statt-botox.com\/en\/wp-json\/wp\/v2\/product_brand?post=10587"},{"taxonomy":"product_cat","embeddable":true,"href":"https:\/\/chi-statt-botox.com\/en\/wp-json\/wp\/v2\/product_cat?post=10587"},{"taxonomy":"product_tag","embeddable":true,"href":"https:\/\/chi-statt-botox.com\/en\/wp-json\/wp\/v2\/product_tag?post=10587"}],"curies":[{"name":"wp","href":"https:\/\/api.w.org\/{rel}","templated":true}]}}