{"id":15781,"date":"2022-05-06T11:09:27","date_gmt":"2022-05-06T09:09:27","guid":{"rendered":"https:\/\/chi-statt-botox.com\/?post_type=product&#038;p=15781"},"modified":"2026-04-15T07:19:56","modified_gmt":"2026-04-15T05:19:56","slug":"verjuengendes-reinigungsoel","status":"publish","type":"product","link":"https:\/\/chi-statt-botox.com\/en\/product\/verjuengendes-reinigungsoel\/","title":{"rendered":"Rejuvenating cleansing oil"},"content":{"rendered":"<p>100 ml high-quality cleansing oil. Cleanses the skin <strong>thorough<\/strong> without drying out: following the Asian model, we have created this cleansing oil from 100% natural active ingredients in collaboration with the company Hebeso. Grape seed oil, castor oil, prickly pear oil, argan oil and rice germ oil, which is popular in Japan, come together to provide a thorough cleansing that also removes sebum from the pores and frees the skin from make-up residues and the dirt of the day. It spreads easily, rinses out well and leaves no greasy residue. It is suitable for <strong>every skin type<\/strong> suitable for oily skin, as it produces too much sebum. Our oil is able to dissolve this sebum and rid the skin of the bacteria it harbours. So you can <strong>Prevent blemishes and large pores<\/strong>. The skin can then absorb care products much better.<\/p>\n<p><strong>Ingredients:<\/strong><\/p>\n<ul>\n<li><strong>Grape seed oil<\/strong> has a high antioxidant effect and delays skin ageing. It has an anti-inflammatory and healing effect, tightens the skin and connective tissue and strengthens the blood vessels.<\/li>\n<li><strong>Castor oil<\/strong> is an all-rounder when it comes to skin problems and a classic component of cleansing oils. It is able to penetrate into the deeper areas of the skin and at the same time build up healthy skin protection. It gives the skin more elasticity and supports it in the fight against impurities and age spots. It stimulates collagen production, has an anti-inflammatory and antibacterial effect.<\/li>\n<li><strong>Prickly pear oil<\/strong> is often described as the best anti-ageing oil. It can visibly improve the skin's structure in the long term, making it smooth and supple. It promotes cell renewal and strengthens the skin's lipid barrier. Prickly pear oil soothes, promotes blood circulation and moisturises intensively.<\/li>\n<li><strong>Rice germ oil<\/strong> is a beauty product with a long tradition, especially in Japan. It makes the skin feel soft and moisturises, especially dry and mature skin. It is anti-itching and anti-inflammatory and supports cell renewal.<\/li>\n<li><strong>Argan oil<\/strong> has a skin-tightening, moisturising and regenerating effect. It promotes blood circulation and skin regeneration.<\/li>\n<li><strong>Vitamin E<\/strong> is very important for the skin as it strengthens its protective barrier and protects it from damage caused by free radicals. It is able to moisturise the stratum corneum so that the skin can retain more moisture in the long term.<\/li>\n<li><strong>Emulsifiers of natural origin<\/strong> ensure that the oil spreads well and washes off easily.<\/li>\n<li>Light citrus fragrance<\/li>\n<\/ul>\n<div><\/div>\n<div>INCI: vitis vinifera seed oil, coco- caprylate\/caprate, oryza satva (rice) bran oil, ricinus communis seed oil, polyglyceryl-4-caprate, glycerin*, tocopheryl acetate, opuntia ficus indica seed oil, argania spinosa kernel oil, aroma*, limonene**<\/div>\n<div>*of plant origin **component of the fragrance composition (&lt;0.1%)<\/div>\n<div><\/div>\n<div>MRS DYSTRYBUJCA SPOLKA Z ORGANICZONA ODPOWIEDZIALNOSCIA \/ Prezydenta Lecha Kaczynskiego 20 \/ 80-365 Gdansk \/ Poland \/ office@nutrivelabs.com<\/div>","protected":false},"excerpt":{"rendered":"<ul>\n<li>Thoroughly cleanses the skin without drying it out<\/li>\n<li>with 5 valuable oils and vitamin E<\/li>\n<li>Suitable for all skin types<\/li>\n<li>Prevents impurities and large pores<\/li>\n<li>Can be easily distributed and rinsed out<\/li>\n<li>Supports anti-ageing processes<\/li>\n<li>Inspired by Asian skin care<\/li>\n<\/ul>","protected":false},"featured_media":19657,"template":"","meta":{"_acf_changed":false,"_et_pb_use_builder":"","_et_pb_old_content":"","_et_gb_content_width":""},"product_brand":[],"product_cat":[174],"product_tag":[168],"class_list":{"0":"post-15781","1":"product","2":"type-product","3":"status-publish","4":"has-post-thumbnail","6":"product_cat-oele","7":"product_tag-anwendung","9":"first","10":"instock","11":"taxable","12":"shipping-taxable","13":"purchasable","14":"product-type-simple"},"acf":[],"yoast_head":"<!-- This site is optimized with the Yoast SEO plugin v26.4 - https:\/\/yoast.com\/wordpress\/plugins\/seo\/ -->\n<title>Verj\u00fcngendes Reinigungs\u00f6l - Chi statt Botox<\/title>\n<meta name=\"robots\" content=\"index, follow, max-snippet:-1, max-image-preview:large, max-video-preview:-1\" \/>\n<link rel=\"canonical\" href=\"https:\/\/chi-statt-botox.com\/en\/product\/verjuengendes-reinigungsoel\/\" \/>\n<meta property=\"og:locale\" content=\"en_GB\" \/>\n<meta property=\"og:type\" content=\"article\" \/>\n<meta property=\"og:title\" content=\"Verj\u00fcngendes Reinigungs\u00f6l - Chi statt Botox\" \/>\n<meta property=\"og:description\" content=\"reinigt die Haut gr\u00fcndlich ohne auszutrocknen  mit 5 wertvollen \u00d6len und Vitamin E  f\u00fcr jeden Hauttyp geeignet  beugt Unreinheiten und gro\u00dfen Poren vor  l\u00e4sst sich gut verteilen und aussp\u00fclen  unterst\u00fctzt Anti-Aging-Prozesse  von asiatischer Hautpflege inspiriert\" \/>\n<meta property=\"og:url\" content=\"https:\/\/chi-statt-botox.com\/en\/product\/verjuengendes-reinigungsoel\/\" \/>\n<meta property=\"og:site_name\" content=\"Chi statt Botox\" \/>\n<meta property=\"article:modified_time\" content=\"2026-04-15T05:19:56+00:00\" \/>\n<meta property=\"og:image\" content=\"https:\/\/chi-statt-botox.com\/wp-content\/uploads\/Reinigungsol-100ml-1.jpg\" \/>\n\t<meta property=\"og:image:width\" content=\"1080\" \/>\n\t<meta property=\"og:image:height\" content=\"1080\" \/>\n\t<meta property=\"og:image:type\" content=\"image\/jpeg\" \/>\n<meta name=\"twitter:card\" content=\"summary_large_image\" \/>\n<meta name=\"twitter:label1\" content=\"Estimated reading time\" \/>\n\t<meta name=\"twitter:data1\" content=\"3 minutes\" \/>\n<script type=\"application\/ld+json\" class=\"yoast-schema-graph\">{\"@context\":\"https:\/\/schema.org\",\"@graph\":[{\"@type\":\"WebPage\",\"@id\":\"https:\/\/chi-statt-botox.com\/produkt\/verjuengendes-reinigungsoel\/\",\"url\":\"https:\/\/chi-statt-botox.com\/produkt\/verjuengendes-reinigungsoel\/\",\"name\":\"Verj\u00fcngendes Reinigungs\u00f6l - Chi statt Botox\",\"isPartOf\":{\"@id\":\"https:\/\/chi-statt-botox.com\/#website\"},\"primaryImageOfPage\":{\"@id\":\"https:\/\/chi-statt-botox.com\/produkt\/verjuengendes-reinigungsoel\/#primaryimage\"},\"image\":{\"@id\":\"https:\/\/chi-statt-botox.com\/produkt\/verjuengendes-reinigungsoel\/#primaryimage\"},\"thumbnailUrl\":\"https:\/\/chi-statt-botox.com\/wp-content\/uploads\/Reinigungsol-100ml-1.jpg\",\"datePublished\":\"2022-05-06T09:09:27+00:00\",\"dateModified\":\"2026-04-15T05:19:56+00:00\",\"breadcrumb\":{\"@id\":\"https:\/\/chi-statt-botox.com\/produkt\/verjuengendes-reinigungsoel\/#breadcrumb\"},\"inLanguage\":\"en-GB\",\"potentialAction\":[{\"@type\":\"ReadAction\",\"target\":[\"https:\/\/chi-statt-botox.com\/produkt\/verjuengendes-reinigungsoel\/\"]}]},{\"@type\":\"ImageObject\",\"inLanguage\":\"en-GB\",\"@id\":\"https:\/\/chi-statt-botox.com\/produkt\/verjuengendes-reinigungsoel\/#primaryimage\",\"url\":\"https:\/\/chi-statt-botox.com\/wp-content\/uploads\/Reinigungsol-100ml-1.jpg\",\"contentUrl\":\"https:\/\/chi-statt-botox.com\/wp-content\/uploads\/Reinigungsol-100ml-1.jpg\",\"width\":1080,\"height\":1080},{\"@type\":\"BreadcrumbList\",\"@id\":\"https:\/\/chi-statt-botox.com\/produkt\/verjuengendes-reinigungsoel\/#breadcrumb\",\"itemListElement\":[{\"@type\":\"ListItem\",\"position\":1,\"name\":\"Startseite\",\"item\":\"https:\/\/chi-statt-botox.com\/\"},{\"@type\":\"ListItem\",\"position\":2,\"name\":\"Produkte\",\"item\":\"https:\/\/chi-statt-botox.com\/shop\/\"},{\"@type\":\"ListItem\",\"position\":3,\"name\":\"Verj\u00fcngendes Reinigungs\u00f6l\"}]},{\"@type\":\"WebSite\",\"@id\":\"https:\/\/chi-statt-botox.com\/#website\",\"url\":\"https:\/\/chi-statt-botox.com\/\",\"name\":\"Chi statt Botox\",\"description\":\"Falten wegzaubern, Haut straffen\",\"potentialAction\":[{\"@type\":\"SearchAction\",\"target\":{\"@type\":\"EntryPoint\",\"urlTemplate\":\"https:\/\/chi-statt-botox.com\/?s={search_term_string}\"},\"query-input\":{\"@type\":\"PropertyValueSpecification\",\"valueRequired\":true,\"valueName\":\"search_term_string\"}}],\"inLanguage\":\"en-GB\"}]}<\/script>\n<!-- \/ Yoast SEO plugin. -->","yoast_head_json":{"title":"Rejuvenating cleansing oil - Chi instead of Botox","robots":{"index":"index","follow":"follow","max-snippet":"max-snippet:-1","max-image-preview":"max-image-preview:large","max-video-preview":"max-video-preview:-1"},"canonical":"https:\/\/chi-statt-botox.com\/en\/product\/verjuengendes-reinigungsoel\/","og_locale":"en_GB","og_type":"article","og_title":"Verj\u00fcngendes Reinigungs\u00f6l - Chi statt Botox","og_description":"reinigt die Haut gr\u00fcndlich ohne auszutrocknen  mit 5 wertvollen \u00d6len und Vitamin E  f\u00fcr jeden Hauttyp geeignet  beugt Unreinheiten und gro\u00dfen Poren vor  l\u00e4sst sich gut verteilen und aussp\u00fclen  unterst\u00fctzt Anti-Aging-Prozesse  von asiatischer Hautpflege inspiriert","og_url":"https:\/\/chi-statt-botox.com\/en\/product\/verjuengendes-reinigungsoel\/","og_site_name":"Chi statt Botox","article_modified_time":"2026-04-15T05:19:56+00:00","og_image":[{"width":1080,"height":1080,"url":"https:\/\/chi-statt-botox.com\/wp-content\/uploads\/Reinigungsol-100ml-1.jpg","type":"image\/jpeg"}],"twitter_card":"summary_large_image","twitter_misc":{"Estimated reading time":"3 minutes"},"schema":{"@context":"https:\/\/schema.org","@graph":[{"@type":"WebPage","@id":"https:\/\/chi-statt-botox.com\/produkt\/verjuengendes-reinigungsoel\/","url":"https:\/\/chi-statt-botox.com\/produkt\/verjuengendes-reinigungsoel\/","name":"Rejuvenating cleansing oil - Chi instead of Botox","isPartOf":{"@id":"https:\/\/chi-statt-botox.com\/#website"},"primaryImageOfPage":{"@id":"https:\/\/chi-statt-botox.com\/produkt\/verjuengendes-reinigungsoel\/#primaryimage"},"image":{"@id":"https:\/\/chi-statt-botox.com\/produkt\/verjuengendes-reinigungsoel\/#primaryimage"},"thumbnailUrl":"https:\/\/chi-statt-botox.com\/wp-content\/uploads\/Reinigungsol-100ml-1.jpg","datePublished":"2022-05-06T09:09:27+00:00","dateModified":"2026-04-15T05:19:56+00:00","breadcrumb":{"@id":"https:\/\/chi-statt-botox.com\/produkt\/verjuengendes-reinigungsoel\/#breadcrumb"},"inLanguage":"en-GB","potentialAction":[{"@type":"ReadAction","target":["https:\/\/chi-statt-botox.com\/produkt\/verjuengendes-reinigungsoel\/"]}]},{"@type":"ImageObject","inLanguage":"en-GB","@id":"https:\/\/chi-statt-botox.com\/produkt\/verjuengendes-reinigungsoel\/#primaryimage","url":"https:\/\/chi-statt-botox.com\/wp-content\/uploads\/Reinigungsol-100ml-1.jpg","contentUrl":"https:\/\/chi-statt-botox.com\/wp-content\/uploads\/Reinigungsol-100ml-1.jpg","width":1080,"height":1080},{"@type":"BreadcrumbList","@id":"https:\/\/chi-statt-botox.com\/produkt\/verjuengendes-reinigungsoel\/#breadcrumb","itemListElement":[{"@type":"ListItem","position":1,"name":"Startseite","item":"https:\/\/chi-statt-botox.com\/"},{"@type":"ListItem","position":2,"name":"Produkte","item":"https:\/\/chi-statt-botox.com\/shop\/"},{"@type":"ListItem","position":3,"name":"Verj\u00fcngendes Reinigungs\u00f6l"}]},{"@type":"WebSite","@id":"https:\/\/chi-statt-botox.com\/#website","url":"https:\/\/chi-statt-botox.com\/","name":"Chi instead of Botox","description":"Magic away wrinkles, tighten skin","potentialAction":[{"@type":"SearchAction","target":{"@type":"EntryPoint","urlTemplate":"https:\/\/chi-statt-botox.com\/?s={search_term_string}"},"query-input":{"@type":"PropertyValueSpecification","valueRequired":true,"valueName":"search_term_string"}}],"inLanguage":"en-GB"}]}},"_links":{"self":[{"href":"https:\/\/chi-statt-botox.com\/en\/wp-json\/wp\/v2\/product\/15781","targetHints":{"allow":["GET"]}}],"collection":[{"href":"https:\/\/chi-statt-botox.com\/en\/wp-json\/wp\/v2\/product"}],"about":[{"href":"https:\/\/chi-statt-botox.com\/en\/wp-json\/wp\/v2\/types\/product"}],"wp:featuredmedia":[{"embeddable":true,"href":"https:\/\/chi-statt-botox.com\/en\/wp-json\/wp\/v2\/media\/19657"}],"wp:attachment":[{"href":"https:\/\/chi-statt-botox.com\/en\/wp-json\/wp\/v2\/media?parent=15781"}],"wp:term":[{"taxonomy":"product_brand","embeddable":true,"href":"https:\/\/chi-statt-botox.com\/en\/wp-json\/wp\/v2\/product_brand?post=15781"},{"taxonomy":"product_cat","embeddable":true,"href":"https:\/\/chi-statt-botox.com\/en\/wp-json\/wp\/v2\/product_cat?post=15781"},{"taxonomy":"product_tag","embeddable":true,"href":"https:\/\/chi-statt-botox.com\/en\/wp-json\/wp\/v2\/product_tag?post=15781"}],"curies":[{"name":"wp","href":"https:\/\/api.w.org\/{rel}","templated":true}]}}