{"id":17825,"date":"2022-08-08T14:44:59","date_gmt":"2022-08-08T12:44:59","guid":{"rendered":"https:\/\/chi-statt-botox.com\/?post_type=product&#038;p=17825"},"modified":"2026-04-11T06:35:13","modified_gmt":"2026-04-11T04:35:13","slug":"bio-vitalkaffee-10-cups-mit-reishi-und-mandelpilz","status":"publish","type":"product","link":"https:\/\/chi-statt-botox.com\/en\/product\/bio-vitalkaffee-10-cups-mit-reishi-und-mandelpilz\/","title":{"rendered":"10 cups of organic vitality coffee (with reishi and almond mushroom)"},"content":{"rendered":"<p style=\"font-weight: 400;\">The <strong>VITA1001 - Organic vitality coffee<\/strong> in a\u00a0<strong>100% compostable wood fibre espresso capsule<\/strong>.<\/p>\n<p style=\"font-weight: 400;\"><strong>100% finest highland Arabica coffee.<\/strong> The beans are grown in Central America from controlled <strong>biological<\/strong> agriculture. In addition, the coffee <strong>Reishi and almond mushrooms<\/strong> added. Medicinal mushrooms have been known for thousands of years in traditional Chinese medicine for their positive effects. The ones used in coffee <strong>certified organic<\/strong> <strong>Mushrooms<\/strong> originate from <strong>Tyrol in Austria<\/strong>.<\/p>\n<ul>\n<li>Invigorating through admixture of <strong>2 medicinal mushrooms<\/strong><\/li>\n<li>Supports general well-being<\/li>\n<li>Alkaline and <strong>Low acid<\/strong><\/li>\n<li>Ideal for coffee intolerance<\/li>\n<li>Ideal for alkaline fasting<\/li>\n<li><strong>Gently roasted<\/strong> and packed in Austria (roasted for 20 minutes at 200\u00b0 - commercially available coffee is roasted for 2 minutes at 600\u00b0)<\/li>\n<li><strong>Low acrylamide content<\/strong> only 140 g\/kg<\/li>\n<\/ul>\n<p><strong>Comparison of commercial coffee &amp; vitality coffee from the perspective of Traditional Chinese Medicine:<\/strong><\/p>\n<p><strong>Coffee without medicinal mushrooms:<\/strong> gives tension to the gallbladder, weakens the kidneys, produces stomach heat<\/p>\n<p><strong>Vitality coffee:<\/strong> Gentler on the cardiovascular system, easy on the gall bladder and stomach (because it is more alkaline than normal coffee), well tolerated - does not cause heat in the stomach, also more tolerable for problems such as gastritis and heartburn<\/p>\n<p><strong>Sustainable product - for the sake of the environment!<br \/>\n<\/strong>- Coffee capsule made from untreated wood<br \/>\n- 100% renewable raw materials<br \/>\n- Wood from sustainable PEFC-certified forestry<br \/>\n- Free from fossil plastic, microplastics or aluminium<br \/>\n- Packaging made from eco-paper, printed with vegetable colours<br \/>\n- Compostable wood fibre espresso capsules<br \/>\n- Disposal of the capsule in the organic waste bin or your own compost heap<br \/>\n- Capsule material also suitable as an oven or barbecue lighter<\/p>\n<p style=\"font-weight: 400;\"><strong>When you buy a pack, you are supporting a social coffee farming project in West Honduras.<\/strong><\/p>\n<p style=\"font-weight: 400;\"><strong>Utilisation:<\/strong><br \/>\nCompatible with most Nespresso\u00ae capsule machines<\/p>\n<p style=\"font-weight: 400;\"><strong>Product video <\/strong>(just click on it):<br \/>\n<a href=\"https:\/\/www.youtube.com\/watch?v=CmE63p6IsuY&amp;t=1s\" target=\"_blank\" rel=\"noopener\"><strong>\"4 ultimate tips for your breasts (EVERY woman should know this!)\"<\/strong><\/a><\/p>\n<p>VITA - Bio Lebensmittelhandel e.U. Gerold Jernej \/ Lorystra\u00dfe 7\/14 \/ 1110 Vienna \/ Austria \/ info@bio-vita.at<\/p>","protected":false},"excerpt":{"rendered":"<ul>\n<li>Organic roasted coffee<\/li>\n<li>100% compostable wood fibre espresso capsules in a box of 10<\/li>\n<li>Finest highland Arabica coffee from Central America<\/li>\n<li>Refined with the medicinal mushrooms reishi and almond mushroom<\/li>\n<li>All ingredients from organically controlled agriculture<\/li>\n<li>Alkaline and low in acid<\/li>\n<li>supports general well-being<\/li>\n<li>Ideal for coffee intolerance<\/li>\n<li>Also suitable for alkaline fasting<\/li>\n<li>Low acrylamide content: only 140 \u03bcg\/kg<\/li>\n<li>Gently roasted and packaged in Austria<\/li>\n<\/ul>","protected":false},"featured_media":17828,"template":"","meta":{"_acf_changed":false,"_et_pb_use_builder":"","_et_pb_old_content":"","_et_gb_content_width":""},"product_brand":[],"product_cat":[175],"product_tag":[],"class_list":{"0":"post-17825","1":"product","2":"type-product","3":"status-publish","4":"has-post-thumbnail","6":"product_cat-anti-aging-nems","8":"first","9":"instock","10":"taxable","11":"shipping-taxable","12":"purchasable","13":"product-type-simple"},"acf":[],"yoast_head":"<!-- This site is optimized with the Yoast SEO plugin v26.4 - https:\/\/yoast.com\/wordpress\/plugins\/seo\/ -->\n<title>10 Cups Bio Vitalkaffee, (mit Reishi und Mandelpilz) - Chi statt Botox<\/title>\n<meta name=\"robots\" content=\"index, follow, max-snippet:-1, max-image-preview:large, max-video-preview:-1\" \/>\n<link rel=\"canonical\" href=\"https:\/\/chi-statt-botox.com\/en\/product\/bio-vitalkaffee-10-cups-mit-reishi-und-mandelpilz\/\" \/>\n<meta property=\"og:locale\" content=\"en_GB\" \/>\n<meta property=\"og:type\" content=\"article\" \/>\n<meta property=\"og:title\" content=\"10 Cups Bio Vitalkaffee, (mit Reishi und Mandelpilz) - Chi statt Botox\" \/>\n<meta property=\"og:description\" content=\"Bio R\u00f6stkaffee  100% kompostierbare Holzfaser-Espresso-Kapseln in einer 10er Box  Feinster Hochland Arabica Kaffee aus Zentralamerika  Verfeinert durch die Vitalpilze Reishi und Mandelpilz  Alle Zutaten aus biologisch kontrollierter Landwirtschaft  Basisch und s\u00e4urearm  unterst\u00fctzt das allgemeine Wohlbefinden  Ideal bei Kaffeeunvertr\u00e4glichkeit  Geeignet auch beim Basenfasten  Niedriger Acrylamidgehalt: nur 140 \u03bcg\/kg  Schonend ger\u00f6stet und verpackt in \u00d6sterreich\" \/>\n<meta property=\"og:url\" content=\"https:\/\/chi-statt-botox.com\/en\/product\/bio-vitalkaffee-10-cups-mit-reishi-und-mandelpilz\/\" \/>\n<meta property=\"og:site_name\" content=\"Chi statt Botox\" \/>\n<meta property=\"article:modified_time\" content=\"2026-04-11T04:35:13+00:00\" \/>\n<meta property=\"og:image\" content=\"https:\/\/chi-statt-botox.com\/wp-content\/uploads\/VITA1001-Espresso-Kapsel-Box_10_Vorderseite_1600x1600px.jpg\" \/>\n\t<meta property=\"og:image:width\" content=\"1600\" \/>\n\t<meta property=\"og:image:height\" content=\"1600\" \/>\n\t<meta property=\"og:image:type\" content=\"image\/jpeg\" \/>\n<meta name=\"twitter:card\" content=\"summary_large_image\" \/>\n<meta name=\"twitter:label1\" content=\"Estimated reading time\" \/>\n\t<meta name=\"twitter:data1\" content=\"2 minutes\" \/>\n<script type=\"application\/ld+json\" class=\"yoast-schema-graph\">{\"@context\":\"https:\/\/schema.org\",\"@graph\":[{\"@type\":\"WebPage\",\"@id\":\"https:\/\/chi-statt-botox.com\/produkt\/bio-vitalkaffee-10-cups-mit-reishi-und-mandelpilz\/\",\"url\":\"https:\/\/chi-statt-botox.com\/produkt\/bio-vitalkaffee-10-cups-mit-reishi-und-mandelpilz\/\",\"name\":\"10 Cups Bio Vitalkaffee, (mit Reishi und Mandelpilz) - Chi statt Botox\",\"isPartOf\":{\"@id\":\"https:\/\/chi-statt-botox.com\/#website\"},\"primaryImageOfPage\":{\"@id\":\"https:\/\/chi-statt-botox.com\/produkt\/bio-vitalkaffee-10-cups-mit-reishi-und-mandelpilz\/#primaryimage\"},\"image\":{\"@id\":\"https:\/\/chi-statt-botox.com\/produkt\/bio-vitalkaffee-10-cups-mit-reishi-und-mandelpilz\/#primaryimage\"},\"thumbnailUrl\":\"https:\/\/chi-statt-botox.com\/wp-content\/uploads\/VITA1001-Espresso-Kapsel-Box_10_Vorderseite_1600x1600px.jpg\",\"datePublished\":\"2022-08-08T12:44:59+00:00\",\"dateModified\":\"2026-04-11T04:35:13+00:00\",\"breadcrumb\":{\"@id\":\"https:\/\/chi-statt-botox.com\/produkt\/bio-vitalkaffee-10-cups-mit-reishi-und-mandelpilz\/#breadcrumb\"},\"inLanguage\":\"en-GB\",\"potentialAction\":[{\"@type\":\"ReadAction\",\"target\":[\"https:\/\/chi-statt-botox.com\/produkt\/bio-vitalkaffee-10-cups-mit-reishi-und-mandelpilz\/\"]}]},{\"@type\":\"ImageObject\",\"inLanguage\":\"en-GB\",\"@id\":\"https:\/\/chi-statt-botox.com\/produkt\/bio-vitalkaffee-10-cups-mit-reishi-und-mandelpilz\/#primaryimage\",\"url\":\"https:\/\/chi-statt-botox.com\/wp-content\/uploads\/VITA1001-Espresso-Kapsel-Box_10_Vorderseite_1600x1600px.jpg\",\"contentUrl\":\"https:\/\/chi-statt-botox.com\/wp-content\/uploads\/VITA1001-Espresso-Kapsel-Box_10_Vorderseite_1600x1600px.jpg\",\"width\":1600,\"height\":1600},{\"@type\":\"BreadcrumbList\",\"@id\":\"https:\/\/chi-statt-botox.com\/produkt\/bio-vitalkaffee-10-cups-mit-reishi-und-mandelpilz\/#breadcrumb\",\"itemListElement\":[{\"@type\":\"ListItem\",\"position\":1,\"name\":\"Startseite\",\"item\":\"https:\/\/chi-statt-botox.com\/\"},{\"@type\":\"ListItem\",\"position\":2,\"name\":\"Produkte\",\"item\":\"https:\/\/chi-statt-botox.com\/shop\/\"},{\"@type\":\"ListItem\",\"position\":3,\"name\":\"10 Cups Bio Vitalkaffee, (mit Reishi und Mandelpilz)\"}]},{\"@type\":\"WebSite\",\"@id\":\"https:\/\/chi-statt-botox.com\/#website\",\"url\":\"https:\/\/chi-statt-botox.com\/\",\"name\":\"Chi statt Botox\",\"description\":\"Falten wegzaubern, Haut straffen\",\"potentialAction\":[{\"@type\":\"SearchAction\",\"target\":{\"@type\":\"EntryPoint\",\"urlTemplate\":\"https:\/\/chi-statt-botox.com\/?s={search_term_string}\"},\"query-input\":{\"@type\":\"PropertyValueSpecification\",\"valueRequired\":true,\"valueName\":\"search_term_string\"}}],\"inLanguage\":\"en-GB\"}]}<\/script>\n<!-- \/ Yoast SEO plugin. -->","yoast_head_json":{"title":"10 cups of organic vitality coffee (with reishi and almond mushroom) - Chi instead of Botox","robots":{"index":"index","follow":"follow","max-snippet":"max-snippet:-1","max-image-preview":"max-image-preview:large","max-video-preview":"max-video-preview:-1"},"canonical":"https:\/\/chi-statt-botox.com\/en\/product\/bio-vitalkaffee-10-cups-mit-reishi-und-mandelpilz\/","og_locale":"en_GB","og_type":"article","og_title":"10 Cups Bio Vitalkaffee, (mit Reishi und Mandelpilz) - Chi statt Botox","og_description":"Bio R\u00f6stkaffee  100% kompostierbare Holzfaser-Espresso-Kapseln in einer 10er Box  Feinster Hochland Arabica Kaffee aus Zentralamerika  Verfeinert durch die Vitalpilze Reishi und Mandelpilz  Alle Zutaten aus biologisch kontrollierter Landwirtschaft  Basisch und s\u00e4urearm  unterst\u00fctzt das allgemeine Wohlbefinden  Ideal bei Kaffeeunvertr\u00e4glichkeit  Geeignet auch beim Basenfasten  Niedriger Acrylamidgehalt: nur 140 \u03bcg\/kg  Schonend ger\u00f6stet und verpackt in \u00d6sterreich","og_url":"https:\/\/chi-statt-botox.com\/en\/product\/bio-vitalkaffee-10-cups-mit-reishi-und-mandelpilz\/","og_site_name":"Chi statt Botox","article_modified_time":"2026-04-11T04:35:13+00:00","og_image":[{"width":1600,"height":1600,"url":"https:\/\/chi-statt-botox.com\/wp-content\/uploads\/VITA1001-Espresso-Kapsel-Box_10_Vorderseite_1600x1600px.jpg","type":"image\/jpeg"}],"twitter_card":"summary_large_image","twitter_misc":{"Estimated reading time":"2 minutes"},"schema":{"@context":"https:\/\/schema.org","@graph":[{"@type":"WebPage","@id":"https:\/\/chi-statt-botox.com\/produkt\/bio-vitalkaffee-10-cups-mit-reishi-und-mandelpilz\/","url":"https:\/\/chi-statt-botox.com\/produkt\/bio-vitalkaffee-10-cups-mit-reishi-und-mandelpilz\/","name":"10 cups of organic vitality coffee (with reishi and almond mushroom) - Chi instead of Botox","isPartOf":{"@id":"https:\/\/chi-statt-botox.com\/#website"},"primaryImageOfPage":{"@id":"https:\/\/chi-statt-botox.com\/produkt\/bio-vitalkaffee-10-cups-mit-reishi-und-mandelpilz\/#primaryimage"},"image":{"@id":"https:\/\/chi-statt-botox.com\/produkt\/bio-vitalkaffee-10-cups-mit-reishi-und-mandelpilz\/#primaryimage"},"thumbnailUrl":"https:\/\/chi-statt-botox.com\/wp-content\/uploads\/VITA1001-Espresso-Kapsel-Box_10_Vorderseite_1600x1600px.jpg","datePublished":"2022-08-08T12:44:59+00:00","dateModified":"2026-04-11T04:35:13+00:00","breadcrumb":{"@id":"https:\/\/chi-statt-botox.com\/produkt\/bio-vitalkaffee-10-cups-mit-reishi-und-mandelpilz\/#breadcrumb"},"inLanguage":"en-GB","potentialAction":[{"@type":"ReadAction","target":["https:\/\/chi-statt-botox.com\/produkt\/bio-vitalkaffee-10-cups-mit-reishi-und-mandelpilz\/"]}]},{"@type":"ImageObject","inLanguage":"en-GB","@id":"https:\/\/chi-statt-botox.com\/produkt\/bio-vitalkaffee-10-cups-mit-reishi-und-mandelpilz\/#primaryimage","url":"https:\/\/chi-statt-botox.com\/wp-content\/uploads\/VITA1001-Espresso-Kapsel-Box_10_Vorderseite_1600x1600px.jpg","contentUrl":"https:\/\/chi-statt-botox.com\/wp-content\/uploads\/VITA1001-Espresso-Kapsel-Box_10_Vorderseite_1600x1600px.jpg","width":1600,"height":1600},{"@type":"BreadcrumbList","@id":"https:\/\/chi-statt-botox.com\/produkt\/bio-vitalkaffee-10-cups-mit-reishi-und-mandelpilz\/#breadcrumb","itemListElement":[{"@type":"ListItem","position":1,"name":"Startseite","item":"https:\/\/chi-statt-botox.com\/"},{"@type":"ListItem","position":2,"name":"Produkte","item":"https:\/\/chi-statt-botox.com\/shop\/"},{"@type":"ListItem","position":3,"name":"10 Cups Bio Vitalkaffee, (mit Reishi und Mandelpilz)"}]},{"@type":"WebSite","@id":"https:\/\/chi-statt-botox.com\/#website","url":"https:\/\/chi-statt-botox.com\/","name":"Chi instead of Botox","description":"Magic away wrinkles, tighten skin","potentialAction":[{"@type":"SearchAction","target":{"@type":"EntryPoint","urlTemplate":"https:\/\/chi-statt-botox.com\/?s={search_term_string}"},"query-input":{"@type":"PropertyValueSpecification","valueRequired":true,"valueName":"search_term_string"}}],"inLanguage":"en-GB"}]}},"_links":{"self":[{"href":"https:\/\/chi-statt-botox.com\/en\/wp-json\/wp\/v2\/product\/17825","targetHints":{"allow":["GET"]}}],"collection":[{"href":"https:\/\/chi-statt-botox.com\/en\/wp-json\/wp\/v2\/product"}],"about":[{"href":"https:\/\/chi-statt-botox.com\/en\/wp-json\/wp\/v2\/types\/product"}],"wp:featuredmedia":[{"embeddable":true,"href":"https:\/\/chi-statt-botox.com\/en\/wp-json\/wp\/v2\/media\/17828"}],"wp:attachment":[{"href":"https:\/\/chi-statt-botox.com\/en\/wp-json\/wp\/v2\/media?parent=17825"}],"wp:term":[{"taxonomy":"product_brand","embeddable":true,"href":"https:\/\/chi-statt-botox.com\/en\/wp-json\/wp\/v2\/product_brand?post=17825"},{"taxonomy":"product_cat","embeddable":true,"href":"https:\/\/chi-statt-botox.com\/en\/wp-json\/wp\/v2\/product_cat?post=17825"},{"taxonomy":"product_tag","embeddable":true,"href":"https:\/\/chi-statt-botox.com\/en\/wp-json\/wp\/v2\/product_tag?post=17825"}],"curies":[{"name":"wp","href":"https:\/\/api.w.org\/{rel}","templated":true}]}}