{"id":21367,"date":"2023-02-13T13:12:55","date_gmt":"2023-02-13T12:12:55","guid":{"rendered":"https:\/\/chi-statt-botox.com\/?post_type=product&#038;p=21367"},"modified":"2026-04-16T12:45:51","modified_gmt":"2026-04-16T10:45:51","slug":"aloe-vera-hydrating-shampoo","status":"publish","type":"product","link":"https:\/\/chi-statt-botox.com\/en\/product\/aloe-vera-hydrating-shampoo\/","title":{"rendered":"Aloe Vera Hydrating Shampoo"},"content":{"rendered":"<p><strong>250 ml<\/strong> Shampoo for an extra portion <strong>Moisture<\/strong>!<\/p>\n<p>With <strong>45% Proportion of fresh organic aloe vera juice<\/strong> This formula provides intensive moisturisation for <strong>Hair and scalp<\/strong>. Olive extract, wheat germ oil, rosemary oil and moringa seed extract (all from controlled organic cultivation) make the care formula completely natural. <strong>Effective, gentle and gentle at the same time<\/strong>. Revitalises the scalp. Also ideal for frequent hair washing.<\/p>\n<p class=\"p1\"><span class=\"s1\"><b>ALOE VERA PLANT JUICE INSTEAD OF WATER<br \/>\n<\/b><\/span><\/p>\n<p>The fresh aloe vera juice used to make this shampoo comes from controlled organic and sustainable cultivation in several countries - full sun and slow growing, so that all the ingredients can form in the leaves of the plant. <span class=\"s1\">The perfect interplay of these\u00a0<strong>Over 160 vital substances in aloe juice<\/strong>\u00a0is the reason for his\u00a0<strong>high effectiveness<\/strong>for both health and beauty.<\/span><\/p>\n<p>In the Kumari products, the entire water content is replaced by fresh organic aloe vera juice. This is what makes the products so valuable and effective.<\/p>\n<p style=\"font-weight: 400;\"><strong>HAARTYP<\/strong><\/p>\n<p style=\"font-weight: 400;\">Suitable for all hair types.<\/p>\n<p><strong>APPLICATION<\/strong><\/p>\n<p>Apply a hazelnut-sized amount to the palms of your hands and massage into wet hair, then rinse.<\/p>\n<p><strong>ACTIVE INGREDIENTS:<\/strong><\/p>\n<p><strong>Aloe vera plant juice <\/strong>(Aloe Barbadensis (Aloe Vera) Leaf Juice): provides intensive moisturisation and a fresh feeling on the skin; has the ability to transport other nutrients right into the cells.<\/p>\n<p><strong>Moringa oil<\/strong> (Moringa Oleifera seed extract): rich in countless nutrients, vitamins and minerals, perfect for natural and gentle skin &amp; hair care, makes hair appear healthy and strong.<\/p>\n<p><strong>Olive oil<\/strong> (Olea Eurapaea (Olive) Fruit Oil): suitable for the care of normal and combination skin, very well tolerated by the skin.<\/p>\n<p><strong>Rosemary extract<\/strong> (Rosmarinus Officinalis leaf extract): gives tired and dull skin a more vitalised and fresher appearance, beneficial effect for the scalp.<\/p>\n<p><strong>Wheat germ oil<\/strong> (Triticum Vulgare Germ Oil): is particularly suitable for the care of dry and mature skin and for dry hair.<\/p>\n<p><b>INGREDIENTS:<\/b><\/p>\n<p>Aloe Barbadensis leaf extract* (45%), Aqua, Ammonium Lauryl Sulfate, Coco-Glucoside, Glycerin, Olea Europaea fruit extract*, Triticum Vulgare germ oil*, Rosmarinus Officinalis leaf extract*, Betaine, Benzoic Acid, Parfum, Algin, Citric Acid, Glyceryl Oleate, Moringa Oleifera seed extract, Maltodextrin, Benzyl Alcohol, Salicylic Acid, Sorbic Acid, Linalool.<\/p>\n<p><em>*From natural cultivation.<\/em><\/p>\n<p>KUMARI-Produkte Vertriebs GmbH \/ Stutterheimstr. 16 \/ 1150 Vienna \/ Austria \/ office@kumari.at<\/p>\n<table style=\"width: 95.7029%;\">\n<tbody>\n<tr>\n<td style=\"width: 25%;\"><img decoding=\"async\" src=\"https:\/\/cdn.shopify.com\/s\/files\/1\/0522\/2419\/6782\/files\/crueltyfree.png?v=1611845713\" alt=\"\" \/><\/td>\n<td style=\"width: 25%;\"><img decoding=\"async\" src=\"https:\/\/cdn.shopify.com\/s\/files\/1\/0522\/2419\/6782\/files\/100freshaloevera.png?v=1611845765\" alt=\"\" \/><\/td>\n<td style=\"width: 21%;\"><img loading=\"lazy\" decoding=\"async\" src=\"https:\/\/cdn.shopify.com\/s\/files\/1\/0522\/2419\/6782\/files\/Vegan_Kumari__SW_480x480.png?v=1659006331\" alt=\"\" width=\"88\" height=\"93\" \/><\/td>\n<td style=\"width: 20.7029%;\"><img decoding=\"async\" src=\"https:\/\/cdn.shopify.com\/s\/files\/1\/0522\/2419\/6782\/files\/cosmosorganic.png?v=1611845672\" alt=\"\" \/><\/td>\n<\/tr>\n<\/tbody>\n<\/table>","protected":false},"excerpt":{"rendered":"<ul>\n<li>Intensive moisture for hair &amp; scalp<\/li>\n<li>45% fresh aloe vera juice<\/li>\n<li>Suitable for all hair types<\/li>\n<li>Gentle on the scalp<\/li>\n<li>Makes tired and dry hair shine again<\/li>\n<li>Vegan<\/li>\n<\/ul>","protected":false},"featured_media":21370,"template":"","meta":{"_acf_changed":false,"_et_pb_use_builder":"","_et_pb_old_content":"","_et_gb_content_width":""},"product_brand":[],"product_cat":[172],"product_tag":[],"class_list":{"0":"post-21367","1":"product","2":"type-product","3":"status-publish","4":"has-post-thumbnail","6":"product_cat-kosmetik","8":"first","9":"instock","10":"taxable","11":"shipping-taxable","12":"purchasable","13":"product-type-simple"},"acf":[],"yoast_head":"<!-- This site is optimized with the Yoast SEO plugin v26.4 - https:\/\/yoast.com\/wordpress\/plugins\/seo\/ -->\n<title>Aloe Vera Hydrating Shampoo - Chi statt Botox<\/title>\n<meta name=\"robots\" content=\"index, follow, max-snippet:-1, max-image-preview:large, max-video-preview:-1\" \/>\n<link rel=\"canonical\" href=\"https:\/\/chi-statt-botox.com\/en\/product\/aloe-vera-hydrating-shampoo\/\" \/>\n<meta property=\"og:locale\" content=\"en_GB\" \/>\n<meta property=\"og:type\" content=\"article\" \/>\n<meta property=\"og:title\" content=\"Aloe Vera Hydrating Shampoo - Chi statt Botox\" \/>\n<meta property=\"og:description\" content=\"Intensive Feuchtigkeit f\u00fcr Haar &amp; Kopfhaut  45% frischer Aloe Vera Saft  F\u00fcr alle Haartypen geeignet  Sanft zur Kopfhaut  L\u00e4sst m\u00fcdes und trockenes Haar wieder gl\u00e4nzen  Vegan\" \/>\n<meta property=\"og:url\" content=\"https:\/\/chi-statt-botox.com\/en\/product\/aloe-vera-hydrating-shampoo\/\" \/>\n<meta property=\"og:site_name\" content=\"Chi statt Botox\" \/>\n<meta property=\"article:modified_time\" content=\"2026-04-16T10:45:51+00:00\" \/>\n<meta property=\"og:image\" content=\"https:\/\/chi-statt-botox.com\/wp-content\/uploads\/Shampoo.jpg\" \/>\n\t<meta property=\"og:image:width\" content=\"1280\" \/>\n\t<meta property=\"og:image:height\" content=\"1280\" \/>\n\t<meta property=\"og:image:type\" content=\"image\/jpeg\" \/>\n<meta name=\"twitter:card\" content=\"summary_large_image\" \/>\n<meta name=\"twitter:label1\" content=\"Estimated reading time\" \/>\n\t<meta name=\"twitter:data1\" content=\"3 minutes\" \/>\n<script type=\"application\/ld+json\" class=\"yoast-schema-graph\">{\"@context\":\"https:\/\/schema.org\",\"@graph\":[{\"@type\":\"WebPage\",\"@id\":\"https:\/\/chi-statt-botox.com\/produkt\/aloe-vera-hydrating-shampoo\/\",\"url\":\"https:\/\/chi-statt-botox.com\/produkt\/aloe-vera-hydrating-shampoo\/\",\"name\":\"Aloe Vera Hydrating Shampoo - Chi statt Botox\",\"isPartOf\":{\"@id\":\"https:\/\/chi-statt-botox.com\/#website\"},\"primaryImageOfPage\":{\"@id\":\"https:\/\/chi-statt-botox.com\/produkt\/aloe-vera-hydrating-shampoo\/#primaryimage\"},\"image\":{\"@id\":\"https:\/\/chi-statt-botox.com\/produkt\/aloe-vera-hydrating-shampoo\/#primaryimage\"},\"thumbnailUrl\":\"https:\/\/chi-statt-botox.com\/wp-content\/uploads\/Shampoo.jpg\",\"datePublished\":\"2023-02-13T12:12:55+00:00\",\"dateModified\":\"2026-04-16T10:45:51+00:00\",\"breadcrumb\":{\"@id\":\"https:\/\/chi-statt-botox.com\/produkt\/aloe-vera-hydrating-shampoo\/#breadcrumb\"},\"inLanguage\":\"en-GB\",\"potentialAction\":[{\"@type\":\"ReadAction\",\"target\":[\"https:\/\/chi-statt-botox.com\/produkt\/aloe-vera-hydrating-shampoo\/\"]}]},{\"@type\":\"ImageObject\",\"inLanguage\":\"en-GB\",\"@id\":\"https:\/\/chi-statt-botox.com\/produkt\/aloe-vera-hydrating-shampoo\/#primaryimage\",\"url\":\"https:\/\/chi-statt-botox.com\/wp-content\/uploads\/Shampoo.jpg\",\"contentUrl\":\"https:\/\/chi-statt-botox.com\/wp-content\/uploads\/Shampoo.jpg\",\"width\":1280,\"height\":1280},{\"@type\":\"BreadcrumbList\",\"@id\":\"https:\/\/chi-statt-botox.com\/produkt\/aloe-vera-hydrating-shampoo\/#breadcrumb\",\"itemListElement\":[{\"@type\":\"ListItem\",\"position\":1,\"name\":\"Startseite\",\"item\":\"https:\/\/chi-statt-botox.com\/\"},{\"@type\":\"ListItem\",\"position\":2,\"name\":\"Produkte\",\"item\":\"https:\/\/chi-statt-botox.com\/shop\/\"},{\"@type\":\"ListItem\",\"position\":3,\"name\":\"Aloe Vera Hydrating Shampoo\"}]},{\"@type\":\"WebSite\",\"@id\":\"https:\/\/chi-statt-botox.com\/#website\",\"url\":\"https:\/\/chi-statt-botox.com\/\",\"name\":\"Chi statt Botox\",\"description\":\"Falten wegzaubern, Haut straffen\",\"potentialAction\":[{\"@type\":\"SearchAction\",\"target\":{\"@type\":\"EntryPoint\",\"urlTemplate\":\"https:\/\/chi-statt-botox.com\/?s={search_term_string}\"},\"query-input\":{\"@type\":\"PropertyValueSpecification\",\"valueRequired\":true,\"valueName\":\"search_term_string\"}}],\"inLanguage\":\"en-GB\"}]}<\/script>\n<!-- \/ Yoast SEO plugin. -->","yoast_head_json":{"title":"Aloe Vera Hydrating Shampoo - Chi instead of Botox","robots":{"index":"index","follow":"follow","max-snippet":"max-snippet:-1","max-image-preview":"max-image-preview:large","max-video-preview":"max-video-preview:-1"},"canonical":"https:\/\/chi-statt-botox.com\/en\/product\/aloe-vera-hydrating-shampoo\/","og_locale":"en_GB","og_type":"article","og_title":"Aloe Vera Hydrating Shampoo - Chi statt Botox","og_description":"Intensive Feuchtigkeit f\u00fcr Haar &amp; Kopfhaut  45% frischer Aloe Vera Saft  F\u00fcr alle Haartypen geeignet  Sanft zur Kopfhaut  L\u00e4sst m\u00fcdes und trockenes Haar wieder gl\u00e4nzen  Vegan","og_url":"https:\/\/chi-statt-botox.com\/en\/product\/aloe-vera-hydrating-shampoo\/","og_site_name":"Chi statt Botox","article_modified_time":"2026-04-16T10:45:51+00:00","og_image":[{"width":1280,"height":1280,"url":"https:\/\/chi-statt-botox.com\/wp-content\/uploads\/Shampoo.jpg","type":"image\/jpeg"}],"twitter_card":"summary_large_image","twitter_misc":{"Estimated reading time":"3 minutes"},"schema":{"@context":"https:\/\/schema.org","@graph":[{"@type":"WebPage","@id":"https:\/\/chi-statt-botox.com\/produkt\/aloe-vera-hydrating-shampoo\/","url":"https:\/\/chi-statt-botox.com\/produkt\/aloe-vera-hydrating-shampoo\/","name":"Aloe Vera Hydrating Shampoo - Chi instead of Botox","isPartOf":{"@id":"https:\/\/chi-statt-botox.com\/#website"},"primaryImageOfPage":{"@id":"https:\/\/chi-statt-botox.com\/produkt\/aloe-vera-hydrating-shampoo\/#primaryimage"},"image":{"@id":"https:\/\/chi-statt-botox.com\/produkt\/aloe-vera-hydrating-shampoo\/#primaryimage"},"thumbnailUrl":"https:\/\/chi-statt-botox.com\/wp-content\/uploads\/Shampoo.jpg","datePublished":"2023-02-13T12:12:55+00:00","dateModified":"2026-04-16T10:45:51+00:00","breadcrumb":{"@id":"https:\/\/chi-statt-botox.com\/produkt\/aloe-vera-hydrating-shampoo\/#breadcrumb"},"inLanguage":"en-GB","potentialAction":[{"@type":"ReadAction","target":["https:\/\/chi-statt-botox.com\/produkt\/aloe-vera-hydrating-shampoo\/"]}]},{"@type":"ImageObject","inLanguage":"en-GB","@id":"https:\/\/chi-statt-botox.com\/produkt\/aloe-vera-hydrating-shampoo\/#primaryimage","url":"https:\/\/chi-statt-botox.com\/wp-content\/uploads\/Shampoo.jpg","contentUrl":"https:\/\/chi-statt-botox.com\/wp-content\/uploads\/Shampoo.jpg","width":1280,"height":1280},{"@type":"BreadcrumbList","@id":"https:\/\/chi-statt-botox.com\/produkt\/aloe-vera-hydrating-shampoo\/#breadcrumb","itemListElement":[{"@type":"ListItem","position":1,"name":"Startseite","item":"https:\/\/chi-statt-botox.com\/"},{"@type":"ListItem","position":2,"name":"Produkte","item":"https:\/\/chi-statt-botox.com\/shop\/"},{"@type":"ListItem","position":3,"name":"Aloe Vera Hydrating Shampoo"}]},{"@type":"WebSite","@id":"https:\/\/chi-statt-botox.com\/#website","url":"https:\/\/chi-statt-botox.com\/","name":"Chi instead of Botox","description":"Magic away wrinkles, tighten skin","potentialAction":[{"@type":"SearchAction","target":{"@type":"EntryPoint","urlTemplate":"https:\/\/chi-statt-botox.com\/?s={search_term_string}"},"query-input":{"@type":"PropertyValueSpecification","valueRequired":true,"valueName":"search_term_string"}}],"inLanguage":"en-GB"}]}},"_links":{"self":[{"href":"https:\/\/chi-statt-botox.com\/en\/wp-json\/wp\/v2\/product\/21367","targetHints":{"allow":["GET"]}}],"collection":[{"href":"https:\/\/chi-statt-botox.com\/en\/wp-json\/wp\/v2\/product"}],"about":[{"href":"https:\/\/chi-statt-botox.com\/en\/wp-json\/wp\/v2\/types\/product"}],"wp:featuredmedia":[{"embeddable":true,"href":"https:\/\/chi-statt-botox.com\/en\/wp-json\/wp\/v2\/media\/21370"}],"wp:attachment":[{"href":"https:\/\/chi-statt-botox.com\/en\/wp-json\/wp\/v2\/media?parent=21367"}],"wp:term":[{"taxonomy":"product_brand","embeddable":true,"href":"https:\/\/chi-statt-botox.com\/en\/wp-json\/wp\/v2\/product_brand?post=21367"},{"taxonomy":"product_cat","embeddable":true,"href":"https:\/\/chi-statt-botox.com\/en\/wp-json\/wp\/v2\/product_cat?post=21367"},{"taxonomy":"product_tag","embeddable":true,"href":"https:\/\/chi-statt-botox.com\/en\/wp-json\/wp\/v2\/product_tag?post=21367"}],"curies":[{"name":"wp","href":"https:\/\/api.w.org\/{rel}","templated":true}]}}