{"id":22949,"date":"2023-04-03T14:03:10","date_gmt":"2023-04-03T12:03:10","guid":{"rendered":"https:\/\/chi-statt-botox.com\/?post_type=product&#038;p=22949"},"modified":"2026-04-16T11:49:24","modified_gmt":"2026-04-16T09:49:24","slug":"beauty-tape-sensitiv","status":"publish","type":"product","link":"https:\/\/chi-statt-botox.com\/en\/product\/beauty-tape-sensitiv\/","title":{"rendered":"Beauty Tape Sensitive"},"content":{"rendered":"<p>A quality tape for the face, neck and body, breathable, permeable and quick-drying. It can be worn for long periods and can get wet. As it has the elasticity of the skin, it does not restrict freedom of movement in any way. It is declared as a class 1A medical product. The best tapes come from South Korea and Japan - our tape comes from South Korea and has a quality adhesive from Japan, combining the expertise of the countries that are ahead in this field.<\/p>\n<p>The tape offers a high level of comfort and excellent skin compatibility. It is free from carcinogenic harmful substances and can be removed without leaving any adhesive residue. It lasts long and reliably. Dimensions 5cm x 5m.<\/p>\n<p>Please do not store the tape in the sun or in the bathroom.<\/p>\n<p>Lymphatic applications are worn for between 1 and 5 hours, muscle applications (on the face) for between 5 and 10 hours.<\/p>\n<p><a href=\"https:\/\/chi-statt-botox.com\/en\/beauty-taping\/\" target=\"_blank\" rel=\"noopener\"><strong>-&gt; Online course BEAUTY TAPING<\/strong><\/a><\/p>\n<p><strong>Application video <\/strong>(just click on it):<br \/>\n<a href=\"https:\/\/www.youtube.com\/watch?v=eSaPbxLUohU&amp;t=460s\" target=\"_blank\" rel=\"noopener\"><strong>\"Botox effect against frown lines (hard to believe)\"<\/strong><\/a><\/p>\n<p>KonProCare - Hauptstra\u00dfe 88 \/ 63879 Weibersbrunn \/ Germany \/ info@konprocare.com<\/p>","protected":false},"excerpt":{"rendered":"<ul>\n<li>Sensitive adhesive for particularly sensitive skin<\/li>\n<li>Gentler in effect<\/li>\n<li>Quality tape for face, neck and body<\/li>\n<li>Declared as a Class 1A medical device<\/li>\n<li>Excellent skin compatibility and high wearing comfort<\/li>\n<li>Free from carcinogenic harmful substances<\/li>\n<li>Removal without adhesive residue<\/li>\n<li>Breathable and quick-drying<\/li>\n<li>Pure cotton with 2% elastane<\/li>\n<\/ul>","protected":false},"featured_media":23668,"template":"","meta":{"_acf_changed":false,"_et_pb_use_builder":"","_et_pb_old_content":"","_et_gb_content_width":""},"product_brand":[],"product_cat":[173],"product_tag":[],"class_list":{"0":"post-22949","1":"product","2":"type-product","3":"status-publish","4":"has-post-thumbnail","6":"product_cat-beauty-taping","8":"first","9":"instock","10":"taxable","11":"shipping-taxable","12":"purchasable","13":"product-type-simple"},"acf":[],"yoast_head":"<!-- This site is optimized with the Yoast SEO plugin v26.4 - https:\/\/yoast.com\/wordpress\/plugins\/seo\/ -->\n<title>Beauty Tape Sensitiv - Chi statt Botox<\/title>\n<meta name=\"robots\" content=\"index, follow, max-snippet:-1, max-image-preview:large, max-video-preview:-1\" \/>\n<link rel=\"canonical\" href=\"https:\/\/chi-statt-botox.com\/en\/product\/beauty-tape-sensitiv\/\" \/>\n<meta property=\"og:locale\" content=\"en_GB\" \/>\n<meta property=\"og:type\" content=\"article\" \/>\n<meta property=\"og:title\" content=\"Beauty Tape Sensitiv - Chi statt Botox\" \/>\n<meta property=\"og:description\" content=\"Sensitiver Kleber f\u00fcr besonders empfindliche Haut  Sanfter in der Wirkung  Qualit\u00e4tstape f\u00fcr Gesicht, Hals und K\u00f6rper  Als Medizinprodukt Klasse 1A deklariert  Exzellente Hautvertr\u00e4glichkeit und hoher Tragekomfort  Frei von krebserregenden Schadstoffen  Abnahme ohne Kleberr\u00fcckst\u00e4nde  Atmungsaktiv und schnell trocknend  Reine Baumwolle mit 2% Elasthan\" \/>\n<meta property=\"og:url\" content=\"https:\/\/chi-statt-botox.com\/en\/product\/beauty-tape-sensitiv\/\" \/>\n<meta property=\"og:site_name\" content=\"Chi statt Botox\" \/>\n<meta property=\"article:modified_time\" content=\"2026-04-16T09:49:24+00:00\" \/>\n<meta property=\"og:image\" content=\"https:\/\/chi-statt-botox.com\/wp-content\/uploads\/RT_20_DSCF3976_PNG-800x736-1.png\" \/>\n\t<meta property=\"og:image:width\" content=\"800\" \/>\n\t<meta property=\"og:image:height\" content=\"736\" \/>\n\t<meta property=\"og:image:type\" content=\"image\/png\" \/>\n<meta name=\"twitter:card\" content=\"summary_large_image\" \/>\n<meta name=\"twitter:label1\" content=\"Estimated reading time\" \/>\n\t<meta name=\"twitter:data1\" content=\"2 minutes\" \/>\n<script type=\"application\/ld+json\" class=\"yoast-schema-graph\">{\"@context\":\"https:\/\/schema.org\",\"@graph\":[{\"@type\":\"WebPage\",\"@id\":\"https:\/\/chi-statt-botox.com\/produkt\/beauty-tape-sensitiv\/\",\"url\":\"https:\/\/chi-statt-botox.com\/produkt\/beauty-tape-sensitiv\/\",\"name\":\"Beauty Tape Sensitiv - Chi statt Botox\",\"isPartOf\":{\"@id\":\"https:\/\/chi-statt-botox.com\/#website\"},\"primaryImageOfPage\":{\"@id\":\"https:\/\/chi-statt-botox.com\/produkt\/beauty-tape-sensitiv\/#primaryimage\"},\"image\":{\"@id\":\"https:\/\/chi-statt-botox.com\/produkt\/beauty-tape-sensitiv\/#primaryimage\"},\"thumbnailUrl\":\"https:\/\/chi-statt-botox.com\/wp-content\/uploads\/RT_20_DSCF3976_PNG-800x736-1.png\",\"datePublished\":\"2023-04-03T12:03:10+00:00\",\"dateModified\":\"2026-04-16T09:49:24+00:00\",\"breadcrumb\":{\"@id\":\"https:\/\/chi-statt-botox.com\/produkt\/beauty-tape-sensitiv\/#breadcrumb\"},\"inLanguage\":\"en-GB\",\"potentialAction\":[{\"@type\":\"ReadAction\",\"target\":[\"https:\/\/chi-statt-botox.com\/produkt\/beauty-tape-sensitiv\/\"]}]},{\"@type\":\"ImageObject\",\"inLanguage\":\"en-GB\",\"@id\":\"https:\/\/chi-statt-botox.com\/produkt\/beauty-tape-sensitiv\/#primaryimage\",\"url\":\"https:\/\/chi-statt-botox.com\/wp-content\/uploads\/RT_20_DSCF3976_PNG-800x736-1.png\",\"contentUrl\":\"https:\/\/chi-statt-botox.com\/wp-content\/uploads\/RT_20_DSCF3976_PNG-800x736-1.png\",\"width\":800,\"height\":736},{\"@type\":\"BreadcrumbList\",\"@id\":\"https:\/\/chi-statt-botox.com\/produkt\/beauty-tape-sensitiv\/#breadcrumb\",\"itemListElement\":[{\"@type\":\"ListItem\",\"position\":1,\"name\":\"Startseite\",\"item\":\"https:\/\/chi-statt-botox.com\/\"},{\"@type\":\"ListItem\",\"position\":2,\"name\":\"Produkte\",\"item\":\"https:\/\/chi-statt-botox.com\/shop\/\"},{\"@type\":\"ListItem\",\"position\":3,\"name\":\"Beauty Tape Sensitiv\"}]},{\"@type\":\"WebSite\",\"@id\":\"https:\/\/chi-statt-botox.com\/#website\",\"url\":\"https:\/\/chi-statt-botox.com\/\",\"name\":\"Chi statt Botox\",\"description\":\"Falten wegzaubern, Haut straffen\",\"potentialAction\":[{\"@type\":\"SearchAction\",\"target\":{\"@type\":\"EntryPoint\",\"urlTemplate\":\"https:\/\/chi-statt-botox.com\/?s={search_term_string}\"},\"query-input\":{\"@type\":\"PropertyValueSpecification\",\"valueRequired\":true,\"valueName\":\"search_term_string\"}}],\"inLanguage\":\"en-GB\"}]}<\/script>\n<!-- \/ Yoast SEO plugin. -->","yoast_head_json":{"title":"Beauty Tape Sensitive - Chi instead of Botox","robots":{"index":"index","follow":"follow","max-snippet":"max-snippet:-1","max-image-preview":"max-image-preview:large","max-video-preview":"max-video-preview:-1"},"canonical":"https:\/\/chi-statt-botox.com\/en\/product\/beauty-tape-sensitiv\/","og_locale":"en_GB","og_type":"article","og_title":"Beauty Tape Sensitiv - Chi statt Botox","og_description":"Sensitiver Kleber f\u00fcr besonders empfindliche Haut  Sanfter in der Wirkung  Qualit\u00e4tstape f\u00fcr Gesicht, Hals und K\u00f6rper  Als Medizinprodukt Klasse 1A deklariert  Exzellente Hautvertr\u00e4glichkeit und hoher Tragekomfort  Frei von krebserregenden Schadstoffen  Abnahme ohne Kleberr\u00fcckst\u00e4nde  Atmungsaktiv und schnell trocknend  Reine Baumwolle mit 2% Elasthan","og_url":"https:\/\/chi-statt-botox.com\/en\/product\/beauty-tape-sensitiv\/","og_site_name":"Chi statt Botox","article_modified_time":"2026-04-16T09:49:24+00:00","og_image":[{"width":800,"height":736,"url":"https:\/\/chi-statt-botox.com\/wp-content\/uploads\/RT_20_DSCF3976_PNG-800x736-1.png","type":"image\/png"}],"twitter_card":"summary_large_image","twitter_misc":{"Estimated reading time":"2 minutes"},"schema":{"@context":"https:\/\/schema.org","@graph":[{"@type":"WebPage","@id":"https:\/\/chi-statt-botox.com\/produkt\/beauty-tape-sensitiv\/","url":"https:\/\/chi-statt-botox.com\/produkt\/beauty-tape-sensitiv\/","name":"Beauty Tape Sensitive - Chi instead of Botox","isPartOf":{"@id":"https:\/\/chi-statt-botox.com\/#website"},"primaryImageOfPage":{"@id":"https:\/\/chi-statt-botox.com\/produkt\/beauty-tape-sensitiv\/#primaryimage"},"image":{"@id":"https:\/\/chi-statt-botox.com\/produkt\/beauty-tape-sensitiv\/#primaryimage"},"thumbnailUrl":"https:\/\/chi-statt-botox.com\/wp-content\/uploads\/RT_20_DSCF3976_PNG-800x736-1.png","datePublished":"2023-04-03T12:03:10+00:00","dateModified":"2026-04-16T09:49:24+00:00","breadcrumb":{"@id":"https:\/\/chi-statt-botox.com\/produkt\/beauty-tape-sensitiv\/#breadcrumb"},"inLanguage":"en-GB","potentialAction":[{"@type":"ReadAction","target":["https:\/\/chi-statt-botox.com\/produkt\/beauty-tape-sensitiv\/"]}]},{"@type":"ImageObject","inLanguage":"en-GB","@id":"https:\/\/chi-statt-botox.com\/produkt\/beauty-tape-sensitiv\/#primaryimage","url":"https:\/\/chi-statt-botox.com\/wp-content\/uploads\/RT_20_DSCF3976_PNG-800x736-1.png","contentUrl":"https:\/\/chi-statt-botox.com\/wp-content\/uploads\/RT_20_DSCF3976_PNG-800x736-1.png","width":800,"height":736},{"@type":"BreadcrumbList","@id":"https:\/\/chi-statt-botox.com\/produkt\/beauty-tape-sensitiv\/#breadcrumb","itemListElement":[{"@type":"ListItem","position":1,"name":"Startseite","item":"https:\/\/chi-statt-botox.com\/"},{"@type":"ListItem","position":2,"name":"Produkte","item":"https:\/\/chi-statt-botox.com\/shop\/"},{"@type":"ListItem","position":3,"name":"Beauty Tape Sensitiv"}]},{"@type":"WebSite","@id":"https:\/\/chi-statt-botox.com\/#website","url":"https:\/\/chi-statt-botox.com\/","name":"Chi instead of Botox","description":"Magic away wrinkles, tighten skin","potentialAction":[{"@type":"SearchAction","target":{"@type":"EntryPoint","urlTemplate":"https:\/\/chi-statt-botox.com\/?s={search_term_string}"},"query-input":{"@type":"PropertyValueSpecification","valueRequired":true,"valueName":"search_term_string"}}],"inLanguage":"en-GB"}]}},"_links":{"self":[{"href":"https:\/\/chi-statt-botox.com\/en\/wp-json\/wp\/v2\/product\/22949","targetHints":{"allow":["GET"]}}],"collection":[{"href":"https:\/\/chi-statt-botox.com\/en\/wp-json\/wp\/v2\/product"}],"about":[{"href":"https:\/\/chi-statt-botox.com\/en\/wp-json\/wp\/v2\/types\/product"}],"wp:featuredmedia":[{"embeddable":true,"href":"https:\/\/chi-statt-botox.com\/en\/wp-json\/wp\/v2\/media\/23668"}],"wp:attachment":[{"href":"https:\/\/chi-statt-botox.com\/en\/wp-json\/wp\/v2\/media?parent=22949"}],"wp:term":[{"taxonomy":"product_brand","embeddable":true,"href":"https:\/\/chi-statt-botox.com\/en\/wp-json\/wp\/v2\/product_brand?post=22949"},{"taxonomy":"product_cat","embeddable":true,"href":"https:\/\/chi-statt-botox.com\/en\/wp-json\/wp\/v2\/product_cat?post=22949"},{"taxonomy":"product_tag","embeddable":true,"href":"https:\/\/chi-statt-botox.com\/en\/wp-json\/wp\/v2\/product_tag?post=22949"}],"curies":[{"name":"wp","href":"https:\/\/api.w.org\/{rel}","templated":true}]}}