{"id":24242,"date":"2023-05-08T11:05:23","date_gmt":"2023-05-08T09:05:23","guid":{"rendered":"https:\/\/chi-statt-botox.com\/?post_type=product&#038;p=24242"},"modified":"2026-03-17T21:18:14","modified_gmt":"2026-03-17T20:18:14","slug":"omnilux-contour-face-mask","status":"publish","type":"product","link":"https:\/\/chi-statt-botox.com\/en\/product\/omnilux-contour-face-mask\/","title":{"rendered":"Omnilux Contour Face Mask"},"content":{"rendered":"<p>The <strong>most powerful<\/strong> flexible LED device on the market today. The device uses an optimised energy output of ~35mW\/cm\u00b2. This output has been <strong>based on the clinical data<\/strong> from Omnilux as <strong>optimal for cell stimulation<\/strong> calculated.<\/p>\n<p>Two clinically proven wavelengths of light are used (red and near-infrared) to work at the cellular level, and <strong>new collagen<\/strong> to stimulate. It <strong>reduces fine lines, wrinkles, sun damage and the visible signs of ageing.<\/strong><\/p>\n<p>There are 132 LEDs in total, 66 red and 66 with near infrared light. The red and near-infrared LEDs are enclosed in 66 dual-chip bulbs.<\/p>\n<p>The <strong>red<\/strong> Wavelength (633 nm) <strong>Reduces inflammation, pigmentation and redness<\/strong> and promotes the <strong>Cell repair<\/strong> and <strong>Cell circulation<\/strong> for a vibrant complexion.<\/p>\n<p>The <strong>near infrared<\/strong> wavelength (830 nm) is aimed at <strong>deeper fibroblast cells<\/strong> and stimulates the <strong>Production of new collagen and elastin<\/strong>which leads to plumper, firmer and more youthful looking skin.<\/p>\n<p>With <strong>Over 40 peer-reviewed clinical studies<\/strong> and almost 20 years of experience, Omnilux technology has proven to be very safe for all skin types, with no side effects and no pain. The mask does not generate heat or UV light.<\/p>\n<p>With consistent use, the first results should be visible after 4 weeks. It is recommended to use the device <strong>3-5 times per week<\/strong> to be used for 4-6 weeks. Continue after the first 6 weeks depending on lifestyle and skin care needs.<\/p>\n<p>The mask <strong>before applying the care products<\/strong> to avoid having a barrier between the skin and the light. A light water-based serum is fine. All other products can affect the amount of light that reaches the skin and reduce its effectiveness. Only apply skincare products after use.<\/p>\n<p><strong>Put it on 3-5 times a week for 10 minutes.<\/strong><\/p>\n<p><strong>CHRISTINA'S TIPS:<\/strong><\/p>\n<ol>\n<li>More is NOT more! Please stick to the recommendation. This way your cells are nourished in a healthy way and not overfed<\/li>\n<li>Some experts advise taking a break every 6 weeks. This also works well for me. I then take a 3 week break.<\/li>\n<\/ol>\n<p>Carefully wipe off the mask after each use.<\/p>\n<p>The mask is <strong>Flexible<\/strong> and designed to fit most face shapes and sizes.<\/p>\n<p><strong>NOT<\/strong> Do not use if you are pregnant or breastfeeding as the mask has not been tested on pregnant or breastfeeding women. Also do not use when taking prescription quantities of Retin A (tretinoin). Caution when using products containing retinol. Please read this information: <a href=\"https:\/\/cdn.shopify.com\/s\/files\/1\/0482\/6736\/2466\/files\/DI-DE-0622.pdf?v=1655241017\" target=\"_blank\" rel=\"noopener\"><strong>Contraindications<\/strong><\/a><\/p>\n<p>Although the device has not been studied in the treatment of psoriasis, rosacea and eczema, the company reports that many of its users report significant improvement. Studies and anecdotal results have shown that treatment with red light therapy may have some benefit in reducing the appearance and symptoms of psoriasis, rosacea and eczema in some cases. (This is the information provided by Omnilux).<\/p>\n<p><strong><a href=\"https:\/\/chi-statt-botox.com\/wp-content\/uploads\/Omnilux-Contour-Patient-Accordion-Fold-Brochure.pdf\" target=\"_blank\" rel=\"noopener\">-&gt; Brochure<\/a><\/strong><\/p>\n<p>Explanatory video (just click on it):<strong><br \/>\n<a href=\"https:\/\/www.youtube.com\/watch?v=-Cz28tmNDxw&amp;t=152s\" target=\"_blank\" rel=\"noopener\">\"Sun as ANTI AGING &amp; best sun cream \u2600\ufe0f\ud83d\udc49 why nothing is as we've been told! \ud83e\udd26\u200d\u2640\ufe0f\"<\/a><br \/>\n<\/strong><\/p>\n<p>Chi statt Botox GmbH \/ Bauernstra\u00dfe 1 WDZ 9 \/ 4600 Wels \/ Austria \/ shop@chi-statt-botox.com<\/p>","protected":false},"excerpt":{"rendered":"<ul>\n<li>Effect proven by clinical studies<\/li>\n<li>Reduces fine lines and wrinkles<\/li>\n<li>Stimulates collagen formation<\/li>\n<li>Reduces pigmentation spots and redness<\/li>\n<li>Promotes healthy, young-looking skin<\/li>\n<\/ul>\n<pre id=\"tw-target-text\" class=\"tw-data-text tw-text-large tw-ta\" dir=\"ltr\" data-placeholder=\"\u00dcbersetzung\"><\/pre>","protected":false},"featured_media":29614,"template":"","meta":{"_acf_changed":false,"_et_pb_use_builder":"","_et_pb_old_content":"","_et_gb_content_width":""},"product_brand":[],"product_cat":[141],"product_tag":[],"class_list":{"0":"post-24242","1":"product","2":"type-product","3":"status-publish","4":"has-post-thumbnail","6":"product_cat-chi-statt-botox","8":"first","9":"instock","10":"taxable","11":"shipping-taxable","12":"purchasable","13":"product-type-simple"},"acf":[],"yoast_head":"<!-- This site is optimized with the Yoast SEO plugin v26.4 - https:\/\/yoast.com\/wordpress\/plugins\/seo\/ -->\n<title>Omnilux Contour Face Mask - Chi statt Botox<\/title>\n<meta name=\"robots\" content=\"index, follow, max-snippet:-1, max-image-preview:large, max-video-preview:-1\" \/>\n<link rel=\"canonical\" href=\"https:\/\/chi-statt-botox.com\/en\/product\/omnilux-contour-face-mask\/\" \/>\n<meta property=\"og:locale\" content=\"en_GB\" \/>\n<meta property=\"og:type\" content=\"article\" \/>\n<meta property=\"og:title\" content=\"Omnilux Contour Face Mask - Chi statt Botox\" \/>\n<meta property=\"og:description\" content=\"Wirkung durch klinische Studien nachgewiesen  Reduziert feine Linien und F\u00e4ltchen  Stimuliert die Kollagenbildung  Reduziert Pigmentflecken und R\u00f6tungen  F\u00f6rdert gesunde, jung aussehende Haut\" \/>\n<meta property=\"og:url\" content=\"https:\/\/chi-statt-botox.com\/en\/product\/omnilux-contour-face-mask\/\" \/>\n<meta property=\"og:site_name\" content=\"Chi statt Botox\" \/>\n<meta property=\"article:modified_time\" content=\"2026-03-17T20:18:14+00:00\" \/>\n<meta property=\"og:image\" content=\"https:\/\/chi-statt-botox.com\/wp-content\/uploads\/Omnilux_Product2-1a.jpg\" \/>\n\t<meta property=\"og:image:width\" content=\"1920\" \/>\n\t<meta property=\"og:image:height\" content=\"1920\" \/>\n\t<meta property=\"og:image:type\" content=\"image\/jpeg\" \/>\n<meta name=\"twitter:card\" content=\"summary_large_image\" \/>\n<meta name=\"twitter:label1\" content=\"Estimated reading time\" \/>\n\t<meta name=\"twitter:data1\" content=\"3 minutes\" \/>\n<script type=\"application\/ld+json\" class=\"yoast-schema-graph\">{\"@context\":\"https:\/\/schema.org\",\"@graph\":[{\"@type\":\"WebPage\",\"@id\":\"https:\/\/chi-statt-botox.com\/produkt\/omnilux-contour-face-mask\/\",\"url\":\"https:\/\/chi-statt-botox.com\/produkt\/omnilux-contour-face-mask\/\",\"name\":\"Omnilux Contour Face Mask - Chi statt Botox\",\"isPartOf\":{\"@id\":\"https:\/\/chi-statt-botox.com\/#website\"},\"primaryImageOfPage\":{\"@id\":\"https:\/\/chi-statt-botox.com\/produkt\/omnilux-contour-face-mask\/#primaryimage\"},\"image\":{\"@id\":\"https:\/\/chi-statt-botox.com\/produkt\/omnilux-contour-face-mask\/#primaryimage\"},\"thumbnailUrl\":\"https:\/\/chi-statt-botox.com\/wp-content\/uploads\/Omnilux_Product2-1a.jpg\",\"datePublished\":\"2023-05-08T09:05:23+00:00\",\"dateModified\":\"2026-03-17T20:18:14+00:00\",\"breadcrumb\":{\"@id\":\"https:\/\/chi-statt-botox.com\/produkt\/omnilux-contour-face-mask\/#breadcrumb\"},\"inLanguage\":\"en-GB\",\"potentialAction\":[{\"@type\":\"ReadAction\",\"target\":[\"https:\/\/chi-statt-botox.com\/produkt\/omnilux-contour-face-mask\/\"]}]},{\"@type\":\"ImageObject\",\"inLanguage\":\"en-GB\",\"@id\":\"https:\/\/chi-statt-botox.com\/produkt\/omnilux-contour-face-mask\/#primaryimage\",\"url\":\"https:\/\/chi-statt-botox.com\/wp-content\/uploads\/Omnilux_Product2-1a.jpg\",\"contentUrl\":\"https:\/\/chi-statt-botox.com\/wp-content\/uploads\/Omnilux_Product2-1a.jpg\",\"width\":1920,\"height\":1920},{\"@type\":\"BreadcrumbList\",\"@id\":\"https:\/\/chi-statt-botox.com\/produkt\/omnilux-contour-face-mask\/#breadcrumb\",\"itemListElement\":[{\"@type\":\"ListItem\",\"position\":1,\"name\":\"Startseite\",\"item\":\"https:\/\/chi-statt-botox.com\/\"},{\"@type\":\"ListItem\",\"position\":2,\"name\":\"Produkte\",\"item\":\"https:\/\/chi-statt-botox.com\/shop\/\"},{\"@type\":\"ListItem\",\"position\":3,\"name\":\"Omnilux Contour Face Mask\"}]},{\"@type\":\"WebSite\",\"@id\":\"https:\/\/chi-statt-botox.com\/#website\",\"url\":\"https:\/\/chi-statt-botox.com\/\",\"name\":\"Chi statt Botox\",\"description\":\"Falten wegzaubern, Haut straffen\",\"potentialAction\":[{\"@type\":\"SearchAction\",\"target\":{\"@type\":\"EntryPoint\",\"urlTemplate\":\"https:\/\/chi-statt-botox.com\/?s={search_term_string}\"},\"query-input\":{\"@type\":\"PropertyValueSpecification\",\"valueRequired\":true,\"valueName\":\"search_term_string\"}}],\"inLanguage\":\"en-GB\"}]}<\/script>\n<!-- \/ Yoast SEO plugin. -->","yoast_head_json":{"title":"Omnilux Contour Face Mask - Chi instead of Botox","robots":{"index":"index","follow":"follow","max-snippet":"max-snippet:-1","max-image-preview":"max-image-preview:large","max-video-preview":"max-video-preview:-1"},"canonical":"https:\/\/chi-statt-botox.com\/en\/product\/omnilux-contour-face-mask\/","og_locale":"en_GB","og_type":"article","og_title":"Omnilux Contour Face Mask - Chi statt Botox","og_description":"Wirkung durch klinische Studien nachgewiesen  Reduziert feine Linien und F\u00e4ltchen  Stimuliert die Kollagenbildung  Reduziert Pigmentflecken und R\u00f6tungen  F\u00f6rdert gesunde, jung aussehende Haut","og_url":"https:\/\/chi-statt-botox.com\/en\/product\/omnilux-contour-face-mask\/","og_site_name":"Chi statt Botox","article_modified_time":"2026-03-17T20:18:14+00:00","og_image":[{"width":1920,"height":1920,"url":"https:\/\/chi-statt-botox.com\/wp-content\/uploads\/Omnilux_Product2-1a.jpg","type":"image\/jpeg"}],"twitter_card":"summary_large_image","twitter_misc":{"Estimated reading time":"3 minutes"},"schema":{"@context":"https:\/\/schema.org","@graph":[{"@type":"WebPage","@id":"https:\/\/chi-statt-botox.com\/produkt\/omnilux-contour-face-mask\/","url":"https:\/\/chi-statt-botox.com\/produkt\/omnilux-contour-face-mask\/","name":"Omnilux Contour Face Mask - Chi instead of Botox","isPartOf":{"@id":"https:\/\/chi-statt-botox.com\/#website"},"primaryImageOfPage":{"@id":"https:\/\/chi-statt-botox.com\/produkt\/omnilux-contour-face-mask\/#primaryimage"},"image":{"@id":"https:\/\/chi-statt-botox.com\/produkt\/omnilux-contour-face-mask\/#primaryimage"},"thumbnailUrl":"https:\/\/chi-statt-botox.com\/wp-content\/uploads\/Omnilux_Product2-1a.jpg","datePublished":"2023-05-08T09:05:23+00:00","dateModified":"2026-03-17T20:18:14+00:00","breadcrumb":{"@id":"https:\/\/chi-statt-botox.com\/produkt\/omnilux-contour-face-mask\/#breadcrumb"},"inLanguage":"en-GB","potentialAction":[{"@type":"ReadAction","target":["https:\/\/chi-statt-botox.com\/produkt\/omnilux-contour-face-mask\/"]}]},{"@type":"ImageObject","inLanguage":"en-GB","@id":"https:\/\/chi-statt-botox.com\/produkt\/omnilux-contour-face-mask\/#primaryimage","url":"https:\/\/chi-statt-botox.com\/wp-content\/uploads\/Omnilux_Product2-1a.jpg","contentUrl":"https:\/\/chi-statt-botox.com\/wp-content\/uploads\/Omnilux_Product2-1a.jpg","width":1920,"height":1920},{"@type":"BreadcrumbList","@id":"https:\/\/chi-statt-botox.com\/produkt\/omnilux-contour-face-mask\/#breadcrumb","itemListElement":[{"@type":"ListItem","position":1,"name":"Startseite","item":"https:\/\/chi-statt-botox.com\/"},{"@type":"ListItem","position":2,"name":"Produkte","item":"https:\/\/chi-statt-botox.com\/shop\/"},{"@type":"ListItem","position":3,"name":"Omnilux Contour Face Mask"}]},{"@type":"WebSite","@id":"https:\/\/chi-statt-botox.com\/#website","url":"https:\/\/chi-statt-botox.com\/","name":"Chi instead of Botox","description":"Magic away wrinkles, tighten skin","potentialAction":[{"@type":"SearchAction","target":{"@type":"EntryPoint","urlTemplate":"https:\/\/chi-statt-botox.com\/?s={search_term_string}"},"query-input":{"@type":"PropertyValueSpecification","valueRequired":true,"valueName":"search_term_string"}}],"inLanguage":"en-GB"}]}},"_links":{"self":[{"href":"https:\/\/chi-statt-botox.com\/en\/wp-json\/wp\/v2\/product\/24242","targetHints":{"allow":["GET"]}}],"collection":[{"href":"https:\/\/chi-statt-botox.com\/en\/wp-json\/wp\/v2\/product"}],"about":[{"href":"https:\/\/chi-statt-botox.com\/en\/wp-json\/wp\/v2\/types\/product"}],"wp:featuredmedia":[{"embeddable":true,"href":"https:\/\/chi-statt-botox.com\/en\/wp-json\/wp\/v2\/media\/29614"}],"wp:attachment":[{"href":"https:\/\/chi-statt-botox.com\/en\/wp-json\/wp\/v2\/media?parent=24242"}],"wp:term":[{"taxonomy":"product_brand","embeddable":true,"href":"https:\/\/chi-statt-botox.com\/en\/wp-json\/wp\/v2\/product_brand?post=24242"},{"taxonomy":"product_cat","embeddable":true,"href":"https:\/\/chi-statt-botox.com\/en\/wp-json\/wp\/v2\/product_cat?post=24242"},{"taxonomy":"product_tag","embeddable":true,"href":"https:\/\/chi-statt-botox.com\/en\/wp-json\/wp\/v2\/product_tag?post=24242"}],"curies":[{"name":"wp","href":"https:\/\/api.w.org\/{rel}","templated":true}]}}