{"id":2723,"date":"2020-02-07T12:38:36","date_gmt":"2020-02-07T11:38:36","guid":{"rendered":"https:\/\/chi-statt-botox.com\/?post_type=product&#038;p=2723"},"modified":"2026-04-12T20:10:53","modified_gmt":"2026-04-12T18:10:53","slug":"schroepfer-aus-silikon-3-cm","status":"publish","type":"product","link":"https:\/\/chi-statt-botox.com\/en\/product\/schroepfer-aus-silikon-3-cm\/","title":{"rendered":"Silicone cupper, 3 cm"},"content":{"rendered":"<p>Silicone cuppers, suitable for facial massage as described in \"Chi instead of Botox\".<\/p>\n<p><strong>Info videos<\/strong> (just click on it):<br \/>\n<strong><a href=\"https:\/\/www.youtube.com\/watch?v=Ib7eKgIB01c&amp;t=8s\" target=\"_blank\" rel=\"noopener noreferrer\">\"Basic set: which cuppers, which scrapers?\"<\/a><\/strong><br \/>\n<a href=\"https:\/\/www.youtube.com\/watch?v=rR0iW1ixBB4\" target=\"_blank\" rel=\"noopener\"><strong>\"4 fundamental steps to get rid of frown lines (essential!)\"<\/strong><\/a><\/p>\n<p>Chi statt Botox GmbH \/ Bauernstra\u00dfe 1 WDZ 9 \/ 4600 Wels \/ Austria \/ shop@chi-statt-botox.com<\/p>","protected":false},"excerpt":{"rendered":"<ul>\n<li>Gentle silicone cupper for the face<\/li>\n<li>Promotes lymph flow and microcirculation<\/li>\n<li>For smoother, plumper and more radiant skin<\/li>\n<\/ul>","protected":false},"featured_media":30144,"template":"","meta":{"_acf_changed":false,"_et_pb_use_builder":"","_et_pb_old_content":"","_et_gb_content_width":""},"product_brand":[],"product_cat":[176],"product_tag":[],"class_list":{"0":"post-2723","1":"product","2":"type-product","3":"status-publish","4":"has-post-thumbnail","6":"product_cat-face-yoga-massagen","8":"first","9":"instock","10":"taxable","11":"shipping-taxable","12":"purchasable","13":"product-type-simple"},"acf":[],"yoast_head":"<!-- This site is optimized with the Yoast SEO plugin v26.4 - https:\/\/yoast.com\/wordpress\/plugins\/seo\/ -->\n<title>Schr\u00f6pfer aus Silikon, 3 cm - Chi statt Botox<\/title>\n<meta name=\"robots\" content=\"index, follow, max-snippet:-1, max-image-preview:large, max-video-preview:-1\" \/>\n<link rel=\"canonical\" href=\"https:\/\/chi-statt-botox.com\/en\/product\/schroepfer-aus-silikon-3-cm\/\" \/>\n<meta property=\"og:locale\" content=\"en_GB\" \/>\n<meta property=\"og:type\" content=\"article\" \/>\n<meta property=\"og:title\" content=\"Schr\u00f6pfer aus Silikon, 3 cm - Chi statt Botox\" \/>\n<meta property=\"og:description\" content=\"Sanfter Silikon-Schr\u00f6pfer f\u00fcr das Gesicht  F\u00f6rdert Lymphfluss und Mikrozirkulation  F\u00fcr glattere, prallere und strahlendere Haut\" \/>\n<meta property=\"og:url\" content=\"https:\/\/chi-statt-botox.com\/en\/product\/schroepfer-aus-silikon-3-cm\/\" \/>\n<meta property=\"og:site_name\" content=\"Chi statt Botox\" \/>\n<meta property=\"article:modified_time\" content=\"2026-04-12T18:10:53+00:00\" \/>\n<meta property=\"og:image\" content=\"https:\/\/chi-statt-botox.com\/wp-content\/uploads\/web_Schro\u2560epfer-aus-Silikon_02.jpg\" \/>\n\t<meta property=\"og:image:width\" content=\"1920\" \/>\n\t<meta property=\"og:image:height\" content=\"1920\" \/>\n\t<meta property=\"og:image:type\" content=\"image\/jpeg\" \/>\n<meta name=\"twitter:card\" content=\"summary_large_image\" \/>\n<meta name=\"twitter:label1\" content=\"Estimated reading time\" \/>\n\t<meta name=\"twitter:data1\" content=\"1 minute\" \/>\n<script type=\"application\/ld+json\" class=\"yoast-schema-graph\">{\"@context\":\"https:\/\/schema.org\",\"@graph\":[{\"@type\":\"WebPage\",\"@id\":\"https:\/\/chi-statt-botox.com\/produkt\/schroepfer-aus-silikon-3-cm\/\",\"url\":\"https:\/\/chi-statt-botox.com\/produkt\/schroepfer-aus-silikon-3-cm\/\",\"name\":\"Schr\u00f6pfer aus Silikon, 3 cm - Chi statt Botox\",\"isPartOf\":{\"@id\":\"https:\/\/chi-statt-botox.com\/#website\"},\"primaryImageOfPage\":{\"@id\":\"https:\/\/chi-statt-botox.com\/produkt\/schroepfer-aus-silikon-3-cm\/#primaryimage\"},\"image\":{\"@id\":\"https:\/\/chi-statt-botox.com\/produkt\/schroepfer-aus-silikon-3-cm\/#primaryimage\"},\"thumbnailUrl\":\"https:\/\/chi-statt-botox.com\/wp-content\/uploads\/web_Schro\u2560epfer-aus-Silikon_02.jpg\",\"datePublished\":\"2020-02-07T11:38:36+00:00\",\"dateModified\":\"2026-04-12T18:10:53+00:00\",\"breadcrumb\":{\"@id\":\"https:\/\/chi-statt-botox.com\/produkt\/schroepfer-aus-silikon-3-cm\/#breadcrumb\"},\"inLanguage\":\"en-GB\",\"potentialAction\":[{\"@type\":\"ReadAction\",\"target\":[\"https:\/\/chi-statt-botox.com\/produkt\/schroepfer-aus-silikon-3-cm\/\"]}]},{\"@type\":\"ImageObject\",\"inLanguage\":\"en-GB\",\"@id\":\"https:\/\/chi-statt-botox.com\/produkt\/schroepfer-aus-silikon-3-cm\/#primaryimage\",\"url\":\"https:\/\/chi-statt-botox.com\/wp-content\/uploads\/web_Schro\u2560epfer-aus-Silikon_02.jpg\",\"contentUrl\":\"https:\/\/chi-statt-botox.com\/wp-content\/uploads\/web_Schro\u2560epfer-aus-Silikon_02.jpg\",\"width\":1920,\"height\":1920},{\"@type\":\"BreadcrumbList\",\"@id\":\"https:\/\/chi-statt-botox.com\/produkt\/schroepfer-aus-silikon-3-cm\/#breadcrumb\",\"itemListElement\":[{\"@type\":\"ListItem\",\"position\":1,\"name\":\"Startseite\",\"item\":\"https:\/\/chi-statt-botox.com\/\"},{\"@type\":\"ListItem\",\"position\":2,\"name\":\"Produkte\",\"item\":\"https:\/\/chi-statt-botox.com\/shop\/\"},{\"@type\":\"ListItem\",\"position\":3,\"name\":\"Schr\u00f6pfer aus Silikon, 3 cm\"}]},{\"@type\":\"WebSite\",\"@id\":\"https:\/\/chi-statt-botox.com\/#website\",\"url\":\"https:\/\/chi-statt-botox.com\/\",\"name\":\"Chi statt Botox\",\"description\":\"Falten wegzaubern, Haut straffen\",\"potentialAction\":[{\"@type\":\"SearchAction\",\"target\":{\"@type\":\"EntryPoint\",\"urlTemplate\":\"https:\/\/chi-statt-botox.com\/?s={search_term_string}\"},\"query-input\":{\"@type\":\"PropertyValueSpecification\",\"valueRequired\":true,\"valueName\":\"search_term_string\"}}],\"inLanguage\":\"en-GB\"}]}<\/script>\n<!-- \/ Yoast SEO plugin. -->","yoast_head_json":{"title":"Silicone cuppers, 3 cm - Chi instead of Botox","robots":{"index":"index","follow":"follow","max-snippet":"max-snippet:-1","max-image-preview":"max-image-preview:large","max-video-preview":"max-video-preview:-1"},"canonical":"https:\/\/chi-statt-botox.com\/en\/product\/schroepfer-aus-silikon-3-cm\/","og_locale":"en_GB","og_type":"article","og_title":"Schr\u00f6pfer aus Silikon, 3 cm - Chi statt Botox","og_description":"Sanfter Silikon-Schr\u00f6pfer f\u00fcr das Gesicht  F\u00f6rdert Lymphfluss und Mikrozirkulation  F\u00fcr glattere, prallere und strahlendere Haut","og_url":"https:\/\/chi-statt-botox.com\/en\/product\/schroepfer-aus-silikon-3-cm\/","og_site_name":"Chi statt Botox","article_modified_time":"2026-04-12T18:10:53+00:00","og_image":[{"width":1920,"height":1920,"url":"https:\/\/chi-statt-botox.com\/wp-content\/uploads\/web_Schro\u2560epfer-aus-Silikon_02.jpg","type":"image\/jpeg"}],"twitter_card":"summary_large_image","twitter_misc":{"Estimated reading time":"1 minute"},"schema":{"@context":"https:\/\/schema.org","@graph":[{"@type":"WebPage","@id":"https:\/\/chi-statt-botox.com\/produkt\/schroepfer-aus-silikon-3-cm\/","url":"https:\/\/chi-statt-botox.com\/produkt\/schroepfer-aus-silikon-3-cm\/","name":"Silicone cuppers, 3 cm - Chi instead of Botox","isPartOf":{"@id":"https:\/\/chi-statt-botox.com\/#website"},"primaryImageOfPage":{"@id":"https:\/\/chi-statt-botox.com\/produkt\/schroepfer-aus-silikon-3-cm\/#primaryimage"},"image":{"@id":"https:\/\/chi-statt-botox.com\/produkt\/schroepfer-aus-silikon-3-cm\/#primaryimage"},"thumbnailUrl":"https:\/\/chi-statt-botox.com\/wp-content\/uploads\/web_Schro\u2560epfer-aus-Silikon_02.jpg","datePublished":"2020-02-07T11:38:36+00:00","dateModified":"2026-04-12T18:10:53+00:00","breadcrumb":{"@id":"https:\/\/chi-statt-botox.com\/produkt\/schroepfer-aus-silikon-3-cm\/#breadcrumb"},"inLanguage":"en-GB","potentialAction":[{"@type":"ReadAction","target":["https:\/\/chi-statt-botox.com\/produkt\/schroepfer-aus-silikon-3-cm\/"]}]},{"@type":"ImageObject","inLanguage":"en-GB","@id":"https:\/\/chi-statt-botox.com\/produkt\/schroepfer-aus-silikon-3-cm\/#primaryimage","url":"https:\/\/chi-statt-botox.com\/wp-content\/uploads\/web_Schro\u2560epfer-aus-Silikon_02.jpg","contentUrl":"https:\/\/chi-statt-botox.com\/wp-content\/uploads\/web_Schro\u2560epfer-aus-Silikon_02.jpg","width":1920,"height":1920},{"@type":"BreadcrumbList","@id":"https:\/\/chi-statt-botox.com\/produkt\/schroepfer-aus-silikon-3-cm\/#breadcrumb","itemListElement":[{"@type":"ListItem","position":1,"name":"Startseite","item":"https:\/\/chi-statt-botox.com\/"},{"@type":"ListItem","position":2,"name":"Produkte","item":"https:\/\/chi-statt-botox.com\/shop\/"},{"@type":"ListItem","position":3,"name":"Schr\u00f6pfer aus Silikon, 3 cm"}]},{"@type":"WebSite","@id":"https:\/\/chi-statt-botox.com\/#website","url":"https:\/\/chi-statt-botox.com\/","name":"Chi instead of Botox","description":"Magic away wrinkles, tighten skin","potentialAction":[{"@type":"SearchAction","target":{"@type":"EntryPoint","urlTemplate":"https:\/\/chi-statt-botox.com\/?s={search_term_string}"},"query-input":{"@type":"PropertyValueSpecification","valueRequired":true,"valueName":"search_term_string"}}],"inLanguage":"en-GB"}]}},"_links":{"self":[{"href":"https:\/\/chi-statt-botox.com\/en\/wp-json\/wp\/v2\/product\/2723","targetHints":{"allow":["GET"]}}],"collection":[{"href":"https:\/\/chi-statt-botox.com\/en\/wp-json\/wp\/v2\/product"}],"about":[{"href":"https:\/\/chi-statt-botox.com\/en\/wp-json\/wp\/v2\/types\/product"}],"wp:featuredmedia":[{"embeddable":true,"href":"https:\/\/chi-statt-botox.com\/en\/wp-json\/wp\/v2\/media\/30144"}],"wp:attachment":[{"href":"https:\/\/chi-statt-botox.com\/en\/wp-json\/wp\/v2\/media?parent=2723"}],"wp:term":[{"taxonomy":"product_brand","embeddable":true,"href":"https:\/\/chi-statt-botox.com\/en\/wp-json\/wp\/v2\/product_brand?post=2723"},{"taxonomy":"product_cat","embeddable":true,"href":"https:\/\/chi-statt-botox.com\/en\/wp-json\/wp\/v2\/product_cat?post=2723"},{"taxonomy":"product_tag","embeddable":true,"href":"https:\/\/chi-statt-botox.com\/en\/wp-json\/wp\/v2\/product_tag?post=2723"}],"curies":[{"name":"wp","href":"https:\/\/api.w.org\/{rel}","templated":true}]}}