{"id":2728,"date":"2020-02-07T12:38:44","date_gmt":"2020-02-07T11:38:44","guid":{"rendered":"https:\/\/chi-statt-botox.com\/?post_type=product&#038;p=2728"},"modified":"2026-04-14T09:01:16","modified_gmt":"2026-04-14T07:01:16","slug":"akupressur-roller-stift-2-in-1","status":"publish","type":"product","link":"https:\/\/chi-statt-botox.com\/en\/product\/akupressur-roller-stift-2-in-1\/","title":{"rendered":"Acupressure roller with pen"},"content":{"rendered":"<p>The roller can be used to stimulate large areas of acupressure and reflex points. The pen is also suitable for acupressure and reflex massage as well as for Dien Cham.<\/p>\n<p>Unlike other massage rollers, the pin does not retract inside, the spring has been removed. An intensive massage is therefore possible.<\/p>\n<p><strong>Application videos <\/strong>(just click on it):<br \/>\n<strong><a href=\"https:\/\/www.youtube.com\/watch?v=hbVnn8pYXeE\" target=\"_blank\" rel=\"noopener noreferrer\">\"Dien Cham Anti Aging Points: Nourish yin &amp; blood, prevent wrinkles\"<\/a><br \/>\n<\/strong><strong><a href=\"https:\/\/www.youtube.com\/watch?v=-Q9GE0qVtyY&amp;t=2s\" target=\"_blank\" rel=\"noopener\">\"Facial massage against wrinkles - firming the skin, energising the face\"<\/a><br \/>\n<a href=\"https:\/\/www.youtube.com\/watch?v=kgIlMtSJSV4&amp;t=772s\" target=\"_blank\" rel=\"noopener\">\"Healthier and more beautiful with reflex massage (regulating the thyroid gland via the face)\"<\/a><br \/>\n<a href=\"https:\/\/www.youtube.com\/watch?v=-Q9GE0qVtyY&amp;t=24s\" target=\"_blank\" rel=\"noopener\">\"ACUPRESSURE against wrinkles, 10 minutes for a younger face\"<\/a><br \/>\n<a href=\"https:\/\/www.youtube.com\/watch?v=Zwo6J-5TvfA&amp;t=2s\" target=\"_blank\" rel=\"noopener\">\"Frown lines, forehead wrinkles, sculpting with facial yoga, Gua Sha and Dien Cham\"<\/a><br \/>\n<a href=\"https:\/\/www.youtube.com\/watch?v=eSaPbxLUohU&amp;t=460s\" target=\"_blank\" rel=\"noopener\">\"Botox effect against frown lines (hard to believe)\"<\/a><\/strong><\/p>\n<p><strong>See also the following blog articles on the topic <\/strong>(just click on it):<strong><br \/>\n<\/strong><strong><a href=\"https:\/\/chi-statt-botox.com\/en\/dien-cham-punkte-fuer-ein-besseres-hormongleichgewicht\/\" target=\"_blank\" rel=\"noopener noreferrer\">\"Dien-Cham points for a better hormone balance.\"<\/a><\/strong><br \/>\n<strong><a href=\"https:\/\/chi-statt-botox.com\/en\/dien-chan-und-das-geheimnis-der-jugend-dr-ngoc-levan-erzaehlt\/\" target=\"_blank\" rel=\"noopener noreferrer\">\"Dien-Cham and the secret of youth.\"<\/a><\/strong><\/p>\n<p>Chi statt Botox GmbH \/ Bauernstra\u00dfe 1 WDZ 9 \/ 4600 Wels \/ Austria \/ shop@chi-statt-botox.com<\/p>","protected":false},"excerpt":{"rendered":"<ul>\n<li>Stimulates large areas of acupressure and reflex points<\/li>\n<li>Suitable for acupressure and reflex massage<\/li>\n<li>Suitable for Dien Cham<\/li>\n<\/ul>","protected":false},"featured_media":12414,"template":"","meta":{"_acf_changed":false,"_et_pb_use_builder":"","_et_pb_old_content":"","_et_gb_content_width":""},"product_brand":[],"product_cat":[176],"product_tag":[],"class_list":{"0":"post-2728","1":"product","2":"type-product","3":"status-publish","4":"has-post-thumbnail","6":"product_cat-face-yoga-massagen","8":"first","9":"instock","10":"taxable","11":"shipping-taxable","12":"purchasable","13":"product-type-simple"},"acf":[],"yoast_head":"<!-- This site is optimized with the Yoast SEO plugin v26.4 - https:\/\/yoast.com\/wordpress\/plugins\/seo\/ -->\n<title>Akupressur-Roller mit Stift - Chi statt Botox<\/title>\n<meta name=\"robots\" content=\"index, follow, max-snippet:-1, max-image-preview:large, max-video-preview:-1\" \/>\n<link rel=\"canonical\" href=\"https:\/\/chi-statt-botox.com\/en\/product\/akupressur-roller-stift-2-in-1\/\" \/>\n<meta property=\"og:locale\" content=\"en_GB\" \/>\n<meta property=\"og:type\" content=\"article\" \/>\n<meta property=\"og:title\" content=\"Akupressur-Roller mit Stift - Chi statt Botox\" \/>\n<meta property=\"og:description\" content=\"Stimuliert gro\u00dffl\u00e4chig Akupressur- und Reflexpunkte  F\u00fcr Akupressur- und Reflexmassage geeignet  F\u00fcr Dien Cham geeignet\" \/>\n<meta property=\"og:url\" content=\"https:\/\/chi-statt-botox.com\/en\/product\/akupressur-roller-stift-2-in-1\/\" \/>\n<meta property=\"og:site_name\" content=\"Chi statt Botox\" \/>\n<meta property=\"article:modified_time\" content=\"2026-04-14T07:01:16+00:00\" \/>\n<meta property=\"og:image\" content=\"https:\/\/chi-statt-botox.com\/wp-content\/uploads\/Foto4_clipped_rev_1-1.png\" \/>\n\t<meta property=\"og:image:width\" content=\"2085\" \/>\n\t<meta property=\"og:image:height\" content=\"2085\" \/>\n\t<meta property=\"og:image:type\" content=\"image\/png\" \/>\n<meta name=\"twitter:card\" content=\"summary_large_image\" \/>\n<meta name=\"twitter:label1\" content=\"Estimated reading time\" \/>\n\t<meta name=\"twitter:data1\" content=\"1 minute\" \/>\n<script type=\"application\/ld+json\" class=\"yoast-schema-graph\">{\"@context\":\"https:\/\/schema.org\",\"@graph\":[{\"@type\":\"WebPage\",\"@id\":\"https:\/\/chi-statt-botox.com\/produkt\/akupressur-roller-stift-2-in-1\/\",\"url\":\"https:\/\/chi-statt-botox.com\/produkt\/akupressur-roller-stift-2-in-1\/\",\"name\":\"Akupressur-Roller mit Stift - Chi statt Botox\",\"isPartOf\":{\"@id\":\"https:\/\/chi-statt-botox.com\/#website\"},\"primaryImageOfPage\":{\"@id\":\"https:\/\/chi-statt-botox.com\/produkt\/akupressur-roller-stift-2-in-1\/#primaryimage\"},\"image\":{\"@id\":\"https:\/\/chi-statt-botox.com\/produkt\/akupressur-roller-stift-2-in-1\/#primaryimage\"},\"thumbnailUrl\":\"https:\/\/chi-statt-botox.com\/wp-content\/uploads\/Foto4_clipped_rev_1-1.png\",\"datePublished\":\"2020-02-07T11:38:44+00:00\",\"dateModified\":\"2026-04-14T07:01:16+00:00\",\"breadcrumb\":{\"@id\":\"https:\/\/chi-statt-botox.com\/produkt\/akupressur-roller-stift-2-in-1\/#breadcrumb\"},\"inLanguage\":\"en-GB\",\"potentialAction\":[{\"@type\":\"ReadAction\",\"target\":[\"https:\/\/chi-statt-botox.com\/produkt\/akupressur-roller-stift-2-in-1\/\"]}]},{\"@type\":\"ImageObject\",\"inLanguage\":\"en-GB\",\"@id\":\"https:\/\/chi-statt-botox.com\/produkt\/akupressur-roller-stift-2-in-1\/#primaryimage\",\"url\":\"https:\/\/chi-statt-botox.com\/wp-content\/uploads\/Foto4_clipped_rev_1-1.png\",\"contentUrl\":\"https:\/\/chi-statt-botox.com\/wp-content\/uploads\/Foto4_clipped_rev_1-1.png\",\"width\":2085,\"height\":2085},{\"@type\":\"BreadcrumbList\",\"@id\":\"https:\/\/chi-statt-botox.com\/produkt\/akupressur-roller-stift-2-in-1\/#breadcrumb\",\"itemListElement\":[{\"@type\":\"ListItem\",\"position\":1,\"name\":\"Startseite\",\"item\":\"https:\/\/chi-statt-botox.com\/\"},{\"@type\":\"ListItem\",\"position\":2,\"name\":\"Produkte\",\"item\":\"https:\/\/chi-statt-botox.com\/shop\/\"},{\"@type\":\"ListItem\",\"position\":3,\"name\":\"Akupressur-Roller mit Stift\"}]},{\"@type\":\"WebSite\",\"@id\":\"https:\/\/chi-statt-botox.com\/#website\",\"url\":\"https:\/\/chi-statt-botox.com\/\",\"name\":\"Chi statt Botox\",\"description\":\"Falten wegzaubern, Haut straffen\",\"potentialAction\":[{\"@type\":\"SearchAction\",\"target\":{\"@type\":\"EntryPoint\",\"urlTemplate\":\"https:\/\/chi-statt-botox.com\/?s={search_term_string}\"},\"query-input\":{\"@type\":\"PropertyValueSpecification\",\"valueRequired\":true,\"valueName\":\"search_term_string\"}}],\"inLanguage\":\"en-GB\"}]}<\/script>\n<!-- \/ Yoast SEO plugin. -->","yoast_head_json":{"title":"Acupressure roller with pen - Chi instead of Botox","robots":{"index":"index","follow":"follow","max-snippet":"max-snippet:-1","max-image-preview":"max-image-preview:large","max-video-preview":"max-video-preview:-1"},"canonical":"https:\/\/chi-statt-botox.com\/en\/product\/akupressur-roller-stift-2-in-1\/","og_locale":"en_GB","og_type":"article","og_title":"Akupressur-Roller mit Stift - Chi statt Botox","og_description":"Stimuliert gro\u00dffl\u00e4chig Akupressur- und Reflexpunkte  F\u00fcr Akupressur- und Reflexmassage geeignet  F\u00fcr Dien Cham geeignet","og_url":"https:\/\/chi-statt-botox.com\/en\/product\/akupressur-roller-stift-2-in-1\/","og_site_name":"Chi statt Botox","article_modified_time":"2026-04-14T07:01:16+00:00","og_image":[{"width":2085,"height":2085,"url":"https:\/\/chi-statt-botox.com\/wp-content\/uploads\/Foto4_clipped_rev_1-1.png","type":"image\/png"}],"twitter_card":"summary_large_image","twitter_misc":{"Estimated reading time":"1 minute"},"schema":{"@context":"https:\/\/schema.org","@graph":[{"@type":"WebPage","@id":"https:\/\/chi-statt-botox.com\/produkt\/akupressur-roller-stift-2-in-1\/","url":"https:\/\/chi-statt-botox.com\/produkt\/akupressur-roller-stift-2-in-1\/","name":"Acupressure roller with pen - Chi instead of Botox","isPartOf":{"@id":"https:\/\/chi-statt-botox.com\/#website"},"primaryImageOfPage":{"@id":"https:\/\/chi-statt-botox.com\/produkt\/akupressur-roller-stift-2-in-1\/#primaryimage"},"image":{"@id":"https:\/\/chi-statt-botox.com\/produkt\/akupressur-roller-stift-2-in-1\/#primaryimage"},"thumbnailUrl":"https:\/\/chi-statt-botox.com\/wp-content\/uploads\/Foto4_clipped_rev_1-1.png","datePublished":"2020-02-07T11:38:44+00:00","dateModified":"2026-04-14T07:01:16+00:00","breadcrumb":{"@id":"https:\/\/chi-statt-botox.com\/produkt\/akupressur-roller-stift-2-in-1\/#breadcrumb"},"inLanguage":"en-GB","potentialAction":[{"@type":"ReadAction","target":["https:\/\/chi-statt-botox.com\/produkt\/akupressur-roller-stift-2-in-1\/"]}]},{"@type":"ImageObject","inLanguage":"en-GB","@id":"https:\/\/chi-statt-botox.com\/produkt\/akupressur-roller-stift-2-in-1\/#primaryimage","url":"https:\/\/chi-statt-botox.com\/wp-content\/uploads\/Foto4_clipped_rev_1-1.png","contentUrl":"https:\/\/chi-statt-botox.com\/wp-content\/uploads\/Foto4_clipped_rev_1-1.png","width":2085,"height":2085},{"@type":"BreadcrumbList","@id":"https:\/\/chi-statt-botox.com\/produkt\/akupressur-roller-stift-2-in-1\/#breadcrumb","itemListElement":[{"@type":"ListItem","position":1,"name":"Startseite","item":"https:\/\/chi-statt-botox.com\/"},{"@type":"ListItem","position":2,"name":"Produkte","item":"https:\/\/chi-statt-botox.com\/shop\/"},{"@type":"ListItem","position":3,"name":"Akupressur-Roller mit Stift"}]},{"@type":"WebSite","@id":"https:\/\/chi-statt-botox.com\/#website","url":"https:\/\/chi-statt-botox.com\/","name":"Chi instead of Botox","description":"Magic away wrinkles, tighten skin","potentialAction":[{"@type":"SearchAction","target":{"@type":"EntryPoint","urlTemplate":"https:\/\/chi-statt-botox.com\/?s={search_term_string}"},"query-input":{"@type":"PropertyValueSpecification","valueRequired":true,"valueName":"search_term_string"}}],"inLanguage":"en-GB"}]}},"_links":{"self":[{"href":"https:\/\/chi-statt-botox.com\/en\/wp-json\/wp\/v2\/product\/2728","targetHints":{"allow":["GET"]}}],"collection":[{"href":"https:\/\/chi-statt-botox.com\/en\/wp-json\/wp\/v2\/product"}],"about":[{"href":"https:\/\/chi-statt-botox.com\/en\/wp-json\/wp\/v2\/types\/product"}],"wp:featuredmedia":[{"embeddable":true,"href":"https:\/\/chi-statt-botox.com\/en\/wp-json\/wp\/v2\/media\/12414"}],"wp:attachment":[{"href":"https:\/\/chi-statt-botox.com\/en\/wp-json\/wp\/v2\/media?parent=2728"}],"wp:term":[{"taxonomy":"product_brand","embeddable":true,"href":"https:\/\/chi-statt-botox.com\/en\/wp-json\/wp\/v2\/product_brand?post=2728"},{"taxonomy":"product_cat","embeddable":true,"href":"https:\/\/chi-statt-botox.com\/en\/wp-json\/wp\/v2\/product_cat?post=2728"},{"taxonomy":"product_tag","embeddable":true,"href":"https:\/\/chi-statt-botox.com\/en\/wp-json\/wp\/v2\/product_tag?post=2728"}],"curies":[{"name":"wp","href":"https:\/\/api.w.org\/{rel}","templated":true}]}}