{"id":2732,"date":"2020-02-07T12:38:52","date_gmt":"2020-02-07T11:38:52","guid":{"rendered":"https:\/\/chi-statt-botox.com\/?post_type=product&#038;p=2732"},"modified":"2026-04-29T09:59:02","modified_gmt":"2026-04-29T07:59:02","slug":"chi-statt-botox-buch","status":"publish","type":"product","link":"https:\/\/chi-statt-botox.com\/en\/product\/chi-statt-botox-buch\/","title":{"rendered":"Chi instead of Botox (Book)"},"content":{"rendered":"<p>Far Eastern methods are known for their holistic approach to problems and disorders of well-being. So it is hardly surprising that we also find very effective solutions for maintaining and regaining a more youthful appearance in the Far East. In \"Chi instead of Botox <strong>Far Eastern methods<\/strong> <strong>presented<\/strong>that help to <strong>Reduce wrinkle depth, firm the tissue and tighten the facial contours<\/strong>. This makes the facial features appear more harmonious and the face <strong>years younger<\/strong>. These are Chinese <strong>Baguan Fa (cupping)<\/strong> and <strong>Gua Sha (scraping)<\/strong> Massages, the Vietnamese facial reflexology massage <strong>Dien Cham<\/strong> and <strong>Facial yoga<\/strong> with its firming and simultaneously relaxing effect. The degree of relaxation achieved in the face has a significant effect on relaxation in the rest of the body, as well as on our mood. The effect achieved with these methods goes far beyond just improving your appearance - all the methods described in the book are suitable for self-application and are described in detail and clearly illustrated.<\/p>\n<p><strong>You can find out more about the methods in this video from min. 1:33<\/strong> (just click on it):<br \/>\n<strong><a href=\"https:\/\/www.youtube.com\/watch?v=iDX6XqcoZsM&amp;t=3s\" target=\"_blank\" rel=\"noopener noreferrer\">Chi instead of Botox - reduce wrinkles, tighten your face on your own<\/a><\/strong><\/p>\n<p>Bacopa Handels- &amp; Kulturges.m.b.H. \/ Waidern 42 \/ 4521 Schiedlberg \/ Austria \/ office@bacopa.at<\/p>","protected":false},"excerpt":{"rendered":"<p>Book about 4 Far Eastern methods that make the face look years younger: Facial Yoga, Gua Sha, Facial Cupping and Dien Cham. Suitable for self-application.<\/p>","protected":false},"featured_media":16043,"template":"","meta":{"_acf_changed":false,"_et_pb_use_builder":"","_et_pb_old_content":"","_et_gb_content_width":""},"product_brand":[],"product_cat":[176],"product_tag":[],"class_list":{"0":"post-2732","1":"product","2":"type-product","3":"status-publish","4":"has-post-thumbnail","6":"product_cat-face-yoga-massagen","8":"first","9":"instock","10":"taxable","11":"shipping-taxable","12":"purchasable","13":"product-type-simple"},"acf":[],"yoast_head":"<!-- This site is optimized with the Yoast SEO plugin v26.4 - https:\/\/yoast.com\/wordpress\/plugins\/seo\/ -->\n<title>Chi statt Botox (Buch) - Chi statt Botox<\/title>\n<meta name=\"robots\" content=\"index, follow, max-snippet:-1, max-image-preview:large, max-video-preview:-1\" \/>\n<link rel=\"canonical\" href=\"https:\/\/chi-statt-botox.com\/en\/product\/chi-statt-botox-buch\/\" \/>\n<meta property=\"og:locale\" content=\"en_GB\" \/>\n<meta property=\"og:type\" content=\"article\" \/>\n<meta property=\"og:title\" content=\"Chi statt Botox (Buch) - Chi statt Botox\" \/>\n<meta property=\"og:description\" content=\"Buch \u00fcber 4 fern\u00f6stliche Methoden, die das Gesicht um Jahre j\u00fcnger aussehen lassen: Gesichtsyoga, Gua Sha, Facial Cupping und Dien Cham. Zur Selbstanwendung geeignet.\" \/>\n<meta property=\"og:url\" content=\"https:\/\/chi-statt-botox.com\/en\/product\/chi-statt-botox-buch\/\" \/>\n<meta property=\"og:site_name\" content=\"Chi statt Botox\" \/>\n<meta property=\"article:modified_time\" content=\"2026-04-29T07:59:02+00:00\" \/>\n<meta property=\"og:image\" content=\"https:\/\/chi-statt-botox.com\/wp-content\/uploads\/Shopfoto.jpg\" \/>\n\t<meta property=\"og:image:width\" content=\"400\" \/>\n\t<meta property=\"og:image:height\" content=\"400\" \/>\n\t<meta property=\"og:image:type\" content=\"image\/jpeg\" \/>\n<meta name=\"twitter:card\" content=\"summary_large_image\" \/>\n<meta name=\"twitter:label1\" content=\"Estimated reading time\" \/>\n\t<meta name=\"twitter:data1\" content=\"2 minutes\" \/>\n<script type=\"application\/ld+json\" class=\"yoast-schema-graph\">{\"@context\":\"https:\/\/schema.org\",\"@graph\":[{\"@type\":\"WebPage\",\"@id\":\"https:\/\/chi-statt-botox.com\/produkt\/chi-statt-botox-buch\/\",\"url\":\"https:\/\/chi-statt-botox.com\/produkt\/chi-statt-botox-buch\/\",\"name\":\"Chi statt Botox (Buch) - Chi statt Botox\",\"isPartOf\":{\"@id\":\"https:\/\/chi-statt-botox.com\/#website\"},\"primaryImageOfPage\":{\"@id\":\"https:\/\/chi-statt-botox.com\/produkt\/chi-statt-botox-buch\/#primaryimage\"},\"image\":{\"@id\":\"https:\/\/chi-statt-botox.com\/produkt\/chi-statt-botox-buch\/#primaryimage\"},\"thumbnailUrl\":\"https:\/\/chi-statt-botox.com\/wp-content\/uploads\/Shopfoto.jpg\",\"datePublished\":\"2020-02-07T11:38:52+00:00\",\"dateModified\":\"2026-04-29T07:59:02+00:00\",\"breadcrumb\":{\"@id\":\"https:\/\/chi-statt-botox.com\/produkt\/chi-statt-botox-buch\/#breadcrumb\"},\"inLanguage\":\"en-GB\",\"potentialAction\":[{\"@type\":\"ReadAction\",\"target\":[\"https:\/\/chi-statt-botox.com\/produkt\/chi-statt-botox-buch\/\"]}]},{\"@type\":\"ImageObject\",\"inLanguage\":\"en-GB\",\"@id\":\"https:\/\/chi-statt-botox.com\/produkt\/chi-statt-botox-buch\/#primaryimage\",\"url\":\"https:\/\/chi-statt-botox.com\/wp-content\/uploads\/Shopfoto.jpg\",\"contentUrl\":\"https:\/\/chi-statt-botox.com\/wp-content\/uploads\/Shopfoto.jpg\",\"width\":400,\"height\":400},{\"@type\":\"BreadcrumbList\",\"@id\":\"https:\/\/chi-statt-botox.com\/produkt\/chi-statt-botox-buch\/#breadcrumb\",\"itemListElement\":[{\"@type\":\"ListItem\",\"position\":1,\"name\":\"Startseite\",\"item\":\"https:\/\/chi-statt-botox.com\/\"},{\"@type\":\"ListItem\",\"position\":2,\"name\":\"Produkte\",\"item\":\"https:\/\/chi-statt-botox.com\/shop\/\"},{\"@type\":\"ListItem\",\"position\":3,\"name\":\"Chi statt Botox (Buch)\"}]},{\"@type\":\"WebSite\",\"@id\":\"https:\/\/chi-statt-botox.com\/#website\",\"url\":\"https:\/\/chi-statt-botox.com\/\",\"name\":\"Chi statt Botox\",\"description\":\"Falten wegzaubern, Haut straffen\",\"potentialAction\":[{\"@type\":\"SearchAction\",\"target\":{\"@type\":\"EntryPoint\",\"urlTemplate\":\"https:\/\/chi-statt-botox.com\/?s={search_term_string}\"},\"query-input\":{\"@type\":\"PropertyValueSpecification\",\"valueRequired\":true,\"valueName\":\"search_term_string\"}}],\"inLanguage\":\"en-GB\"}]}<\/script>\n<!-- \/ Yoast SEO plugin. -->","yoast_head_json":{"title":"Chi instead of Botox (Book) - Chi instead of Botox","robots":{"index":"index","follow":"follow","max-snippet":"max-snippet:-1","max-image-preview":"max-image-preview:large","max-video-preview":"max-video-preview:-1"},"canonical":"https:\/\/chi-statt-botox.com\/en\/product\/chi-statt-botox-buch\/","og_locale":"en_GB","og_type":"article","og_title":"Chi statt Botox (Buch) - Chi statt Botox","og_description":"Buch \u00fcber 4 fern\u00f6stliche Methoden, die das Gesicht um Jahre j\u00fcnger aussehen lassen: Gesichtsyoga, Gua Sha, Facial Cupping und Dien Cham. Zur Selbstanwendung geeignet.","og_url":"https:\/\/chi-statt-botox.com\/en\/product\/chi-statt-botox-buch\/","og_site_name":"Chi statt Botox","article_modified_time":"2026-04-29T07:59:02+00:00","og_image":[{"width":400,"height":400,"url":"https:\/\/chi-statt-botox.com\/wp-content\/uploads\/Shopfoto.jpg","type":"image\/jpeg"}],"twitter_card":"summary_large_image","twitter_misc":{"Estimated reading time":"2 minutes"},"schema":{"@context":"https:\/\/schema.org","@graph":[{"@type":"WebPage","@id":"https:\/\/chi-statt-botox.com\/produkt\/chi-statt-botox-buch\/","url":"https:\/\/chi-statt-botox.com\/produkt\/chi-statt-botox-buch\/","name":"Chi instead of Botox (Book) - Chi instead of Botox","isPartOf":{"@id":"https:\/\/chi-statt-botox.com\/#website"},"primaryImageOfPage":{"@id":"https:\/\/chi-statt-botox.com\/produkt\/chi-statt-botox-buch\/#primaryimage"},"image":{"@id":"https:\/\/chi-statt-botox.com\/produkt\/chi-statt-botox-buch\/#primaryimage"},"thumbnailUrl":"https:\/\/chi-statt-botox.com\/wp-content\/uploads\/Shopfoto.jpg","datePublished":"2020-02-07T11:38:52+00:00","dateModified":"2026-04-29T07:59:02+00:00","breadcrumb":{"@id":"https:\/\/chi-statt-botox.com\/produkt\/chi-statt-botox-buch\/#breadcrumb"},"inLanguage":"en-GB","potentialAction":[{"@type":"ReadAction","target":["https:\/\/chi-statt-botox.com\/produkt\/chi-statt-botox-buch\/"]}]},{"@type":"ImageObject","inLanguage":"en-GB","@id":"https:\/\/chi-statt-botox.com\/produkt\/chi-statt-botox-buch\/#primaryimage","url":"https:\/\/chi-statt-botox.com\/wp-content\/uploads\/Shopfoto.jpg","contentUrl":"https:\/\/chi-statt-botox.com\/wp-content\/uploads\/Shopfoto.jpg","width":400,"height":400},{"@type":"BreadcrumbList","@id":"https:\/\/chi-statt-botox.com\/produkt\/chi-statt-botox-buch\/#breadcrumb","itemListElement":[{"@type":"ListItem","position":1,"name":"Startseite","item":"https:\/\/chi-statt-botox.com\/"},{"@type":"ListItem","position":2,"name":"Produkte","item":"https:\/\/chi-statt-botox.com\/shop\/"},{"@type":"ListItem","position":3,"name":"Chi statt Botox (Buch)"}]},{"@type":"WebSite","@id":"https:\/\/chi-statt-botox.com\/#website","url":"https:\/\/chi-statt-botox.com\/","name":"Chi instead of Botox","description":"Magic away wrinkles, tighten skin","potentialAction":[{"@type":"SearchAction","target":{"@type":"EntryPoint","urlTemplate":"https:\/\/chi-statt-botox.com\/?s={search_term_string}"},"query-input":{"@type":"PropertyValueSpecification","valueRequired":true,"valueName":"search_term_string"}}],"inLanguage":"en-GB"}]}},"_links":{"self":[{"href":"https:\/\/chi-statt-botox.com\/en\/wp-json\/wp\/v2\/product\/2732","targetHints":{"allow":["GET"]}}],"collection":[{"href":"https:\/\/chi-statt-botox.com\/en\/wp-json\/wp\/v2\/product"}],"about":[{"href":"https:\/\/chi-statt-botox.com\/en\/wp-json\/wp\/v2\/types\/product"}],"wp:featuredmedia":[{"embeddable":true,"href":"https:\/\/chi-statt-botox.com\/en\/wp-json\/wp\/v2\/media\/16043"}],"wp:attachment":[{"href":"https:\/\/chi-statt-botox.com\/en\/wp-json\/wp\/v2\/media?parent=2732"}],"wp:term":[{"taxonomy":"product_brand","embeddable":true,"href":"https:\/\/chi-statt-botox.com\/en\/wp-json\/wp\/v2\/product_brand?post=2732"},{"taxonomy":"product_cat","embeddable":true,"href":"https:\/\/chi-statt-botox.com\/en\/wp-json\/wp\/v2\/product_cat?post=2732"},{"taxonomy":"product_tag","embeddable":true,"href":"https:\/\/chi-statt-botox.com\/en\/wp-json\/wp\/v2\/product_tag?post=2732"}],"curies":[{"name":"wp","href":"https:\/\/api.w.org\/{rel}","templated":true}]}}