{"id":28202,"date":"2023-11-07T10:05:09","date_gmt":"2023-11-07T09:05:09","guid":{"rendered":"https:\/\/chi-statt-botox.com\/?post_type=product&#038;p=28202"},"modified":"2026-04-15T09:02:49","modified_gmt":"2026-04-15T07:02:49","slug":"fokus","status":"publish","type":"product","link":"https:\/\/chi-statt-botox.com\/en\/product\/fokus\/","title":{"rendered":"Focus"},"content":{"rendered":"<p>Inspired by the wisdom of ancient cultures and the wonders of nature.<\/p>\n<p>Discover the secret of the <strong>Root power<\/strong> from the <strong>Inca Empire<\/strong>: the ultimate support <strong>for men and women<\/strong>. A cream that not only pampers the skin, but also promotes inner balance. The <strong>Yam root<\/strong> is known for its balancing properties on the hormones. It has a harmonising effect and, when used regularly, can help to support the body's natural hormonal balance - a real blessing in times of hormonal fluctuations. Whether <strong>Stress reduction<\/strong>, <strong>Energy boost<\/strong> or increased <strong>Endurance<\/strong> - This cream is your ally. Because even the <strong>Maca tuber<\/strong> is considered a superfood in South America thanks to its ability to boost physical and mental performance.<\/p>\n<p>In addition, the passion flower extract provides a calming component, which is ideal for <strong>Nervous system<\/strong> in stressful times <strong>Relax<\/strong>. The fenugreek, an old ally for <strong>Vitality<\/strong>cranks your <strong>Metabolism<\/strong> and macadamia oil provides intensive moisturisation for supple, radiant skin. The focus cream helps to regenerate your energy and make you feel fitter again. It increases the desire to be more active, which in turn has a positive effect on hormone balance. It gives women, but also men, that certain something again and their <strong>Bite<\/strong> back!<\/p>\n<p><strong>Contents<\/strong>: 50 ml<\/p>\n<p><strong>Ingredients<\/strong>Water, blend of vegetable oils, macadamia nut oil, jojoba oil, vegetable fatty alcohol, glycerine, vegetable-based emulsifier, preservative of vegetable origin, olive oil, xanthan gum, lecithin, Vit. E\/sunflower oil, spagyric gold essence (aurum potabile), spagyric saffron essence, yam root extract, earth burdock extract, maca root extract, passion flower (chrysin) extract, fenugreek extract, algae extract, lime essential oil (ingredients from organically controlled agriculture, certifiable, the certification process has not yet been completed)<\/p>\n<p><strong>Application<\/strong>:<\/p>\n<p><strong>Men<\/strong> Apply one stroke of Focus Cream to delicate areas of skin once a day. Best used in the morning.<br \/>\n<strong>Women<\/strong> Apply one stroke of Focus Cream twice a day to delicate areas of skin. Best used in the morning.<\/p>\n<p>You are welcome to focus with the <a href=\"https:\/\/chi-statt-botox.com\/en\/product\/magic-yams\/?v=fa868488740a\" target=\"_blank\" rel=\"noopener\">Magic Yams Cream<\/a> <strong>combine<\/strong>. In this case, carry <strong>Focus cream in the morning<\/strong> and <strong>Yams cream in the evening<\/strong> on.<\/p>\n<p>Areas with fine skin and fatty deposits have proven effective. For example, the inside of the upper arms and thighs or the stomach can be creamed alternately each day.<\/p>\n<p>There is no time limit for using the cream. However, after three months you can try reducing the amount of cream you use. Just give it a try!<\/p>\n<p><strong>Instruction video<\/strong> (just click on it):<br \/>\n<a href=\"https:\/\/www.youtube.com\/watch?v=c2iIlhUunX4&amp;t=37s\" target=\"_blank\" rel=\"noopener\"><strong>\"Successfully balancing HORMONE levels (without hormone replacement!\u2b50) - something every woman should know.\"<\/strong><\/a><\/p>\n<p>Vital-life GmbH \/ Wasserkuppenstr. 25 \/ 36043 Fulda \/ Germany \/ info@vital-life.de<\/p>","protected":false},"excerpt":{"rendered":"<ul>\n<li>High-quality body cream with yam and maca root extracts<\/li>\n<li>With the power of spagyric essences<\/li>\n<li>For more energy and sympathetic power<\/li>\n<li>Support of the hormonal balance<\/li>\n<li>No hormone replacement cream<\/li>\n<li>For women and men<\/li>\n<li>Subtle fragrance<\/li>\n<\/ul>\n<p>&nbsp;<\/p>\n<p>&nbsp;<\/p>","protected":false},"featured_media":28205,"template":"","meta":{"_acf_changed":false,"_et_pb_use_builder":"","_et_pb_old_content":"","_et_gb_content_width":""},"product_brand":[],"product_cat":[222,172],"product_tag":[],"class_list":{"0":"post-28202","1":"product","2":"type-product","3":"status-publish","4":"has-post-thumbnail","6":"product_cat-hormone","7":"product_cat-kosmetik","9":"first","10":"instock","11":"taxable","12":"shipping-taxable","13":"purchasable","14":"product-type-simple"},"acf":[],"yoast_head":"<!-- This site is optimized with the Yoast SEO plugin v26.4 - https:\/\/yoast.com\/wordpress\/plugins\/seo\/ -->\n<title>Fokus - Chi statt Botox<\/title>\n<meta name=\"robots\" content=\"index, follow, max-snippet:-1, max-image-preview:large, max-video-preview:-1\" \/>\n<link rel=\"canonical\" href=\"https:\/\/chi-statt-botox.com\/en\/product\/fokus\/\" \/>\n<meta property=\"og:locale\" content=\"en_GB\" \/>\n<meta property=\"og:type\" content=\"article\" \/>\n<meta property=\"og:title\" content=\"Fokus - Chi statt Botox\" \/>\n<meta property=\"og:description\" content=\"Hochwertige K\u00f6rpercreme mit Extrakten aus Yams- und Macawurzel  Mit der Kraft spagyrischer Essenzen  F\u00fcr mehr Energie und Sympatik Power  Unterst\u00fctzung des hormonellen Gleichgewichts  Keine Hormonersatzcreme  F\u00fcr Frauen und M\u00e4nner  Subtiler Duft  &nbsp;  &nbsp;\" \/>\n<meta property=\"og:url\" content=\"https:\/\/chi-statt-botox.com\/en\/product\/fokus\/\" \/>\n<meta property=\"og:site_name\" content=\"Chi statt Botox\" \/>\n<meta property=\"article:modified_time\" content=\"2026-04-15T07:02:49+00:00\" \/>\n<meta property=\"og:image\" content=\"https:\/\/chi-statt-botox.com\/wp-content\/uploads\/Fokus-neu.jpg\" \/>\n\t<meta property=\"og:image:width\" content=\"720\" \/>\n\t<meta property=\"og:image:height\" content=\"720\" \/>\n\t<meta property=\"og:image:type\" content=\"image\/jpeg\" \/>\n<meta name=\"twitter:card\" content=\"summary_large_image\" \/>\n<meta name=\"twitter:label1\" content=\"Estimated reading time\" \/>\n\t<meta name=\"twitter:data1\" content=\"3 minutes\" \/>\n<script type=\"application\/ld+json\" class=\"yoast-schema-graph\">{\"@context\":\"https:\/\/schema.org\",\"@graph\":[{\"@type\":\"WebPage\",\"@id\":\"https:\/\/chi-statt-botox.com\/produkt\/fokus\/\",\"url\":\"https:\/\/chi-statt-botox.com\/produkt\/fokus\/\",\"name\":\"Fokus - Chi statt Botox\",\"isPartOf\":{\"@id\":\"https:\/\/chi-statt-botox.com\/#website\"},\"primaryImageOfPage\":{\"@id\":\"https:\/\/chi-statt-botox.com\/produkt\/fokus\/#primaryimage\"},\"image\":{\"@id\":\"https:\/\/chi-statt-botox.com\/produkt\/fokus\/#primaryimage\"},\"thumbnailUrl\":\"https:\/\/chi-statt-botox.com\/wp-content\/uploads\/Fokus-neu.jpg\",\"datePublished\":\"2023-11-07T09:05:09+00:00\",\"dateModified\":\"2026-04-15T07:02:49+00:00\",\"breadcrumb\":{\"@id\":\"https:\/\/chi-statt-botox.com\/produkt\/fokus\/#breadcrumb\"},\"inLanguage\":\"en-GB\",\"potentialAction\":[{\"@type\":\"ReadAction\",\"target\":[\"https:\/\/chi-statt-botox.com\/produkt\/fokus\/\"]}]},{\"@type\":\"ImageObject\",\"inLanguage\":\"en-GB\",\"@id\":\"https:\/\/chi-statt-botox.com\/produkt\/fokus\/#primaryimage\",\"url\":\"https:\/\/chi-statt-botox.com\/wp-content\/uploads\/Fokus-neu.jpg\",\"contentUrl\":\"https:\/\/chi-statt-botox.com\/wp-content\/uploads\/Fokus-neu.jpg\",\"width\":720,\"height\":720},{\"@type\":\"BreadcrumbList\",\"@id\":\"https:\/\/chi-statt-botox.com\/produkt\/fokus\/#breadcrumb\",\"itemListElement\":[{\"@type\":\"ListItem\",\"position\":1,\"name\":\"Startseite\",\"item\":\"https:\/\/chi-statt-botox.com\/\"},{\"@type\":\"ListItem\",\"position\":2,\"name\":\"Produkte\",\"item\":\"https:\/\/chi-statt-botox.com\/shop\/\"},{\"@type\":\"ListItem\",\"position\":3,\"name\":\"Fokus\"}]},{\"@type\":\"WebSite\",\"@id\":\"https:\/\/chi-statt-botox.com\/#website\",\"url\":\"https:\/\/chi-statt-botox.com\/\",\"name\":\"Chi statt Botox\",\"description\":\"Falten wegzaubern, Haut straffen\",\"potentialAction\":[{\"@type\":\"SearchAction\",\"target\":{\"@type\":\"EntryPoint\",\"urlTemplate\":\"https:\/\/chi-statt-botox.com\/?s={search_term_string}\"},\"query-input\":{\"@type\":\"PropertyValueSpecification\",\"valueRequired\":true,\"valueName\":\"search_term_string\"}}],\"inLanguage\":\"en-GB\"}]}<\/script>\n<!-- \/ Yoast SEO plugin. -->","yoast_head_json":{"title":"Focus - Chi instead of Botox","robots":{"index":"index","follow":"follow","max-snippet":"max-snippet:-1","max-image-preview":"max-image-preview:large","max-video-preview":"max-video-preview:-1"},"canonical":"https:\/\/chi-statt-botox.com\/en\/product\/fokus\/","og_locale":"en_GB","og_type":"article","og_title":"Fokus - Chi statt Botox","og_description":"Hochwertige K\u00f6rpercreme mit Extrakten aus Yams- und Macawurzel  Mit der Kraft spagyrischer Essenzen  F\u00fcr mehr Energie und Sympatik Power  Unterst\u00fctzung des hormonellen Gleichgewichts  Keine Hormonersatzcreme  F\u00fcr Frauen und M\u00e4nner  Subtiler Duft  &nbsp;  &nbsp;","og_url":"https:\/\/chi-statt-botox.com\/en\/product\/fokus\/","og_site_name":"Chi statt Botox","article_modified_time":"2026-04-15T07:02:49+00:00","og_image":[{"width":720,"height":720,"url":"https:\/\/chi-statt-botox.com\/wp-content\/uploads\/Fokus-neu.jpg","type":"image\/jpeg"}],"twitter_card":"summary_large_image","twitter_misc":{"Estimated reading time":"3 minutes"},"schema":{"@context":"https:\/\/schema.org","@graph":[{"@type":"WebPage","@id":"https:\/\/chi-statt-botox.com\/produkt\/fokus\/","url":"https:\/\/chi-statt-botox.com\/produkt\/fokus\/","name":"Focus - Chi instead of Botox","isPartOf":{"@id":"https:\/\/chi-statt-botox.com\/#website"},"primaryImageOfPage":{"@id":"https:\/\/chi-statt-botox.com\/produkt\/fokus\/#primaryimage"},"image":{"@id":"https:\/\/chi-statt-botox.com\/produkt\/fokus\/#primaryimage"},"thumbnailUrl":"https:\/\/chi-statt-botox.com\/wp-content\/uploads\/Fokus-neu.jpg","datePublished":"2023-11-07T09:05:09+00:00","dateModified":"2026-04-15T07:02:49+00:00","breadcrumb":{"@id":"https:\/\/chi-statt-botox.com\/produkt\/fokus\/#breadcrumb"},"inLanguage":"en-GB","potentialAction":[{"@type":"ReadAction","target":["https:\/\/chi-statt-botox.com\/produkt\/fokus\/"]}]},{"@type":"ImageObject","inLanguage":"en-GB","@id":"https:\/\/chi-statt-botox.com\/produkt\/fokus\/#primaryimage","url":"https:\/\/chi-statt-botox.com\/wp-content\/uploads\/Fokus-neu.jpg","contentUrl":"https:\/\/chi-statt-botox.com\/wp-content\/uploads\/Fokus-neu.jpg","width":720,"height":720},{"@type":"BreadcrumbList","@id":"https:\/\/chi-statt-botox.com\/produkt\/fokus\/#breadcrumb","itemListElement":[{"@type":"ListItem","position":1,"name":"Startseite","item":"https:\/\/chi-statt-botox.com\/"},{"@type":"ListItem","position":2,"name":"Produkte","item":"https:\/\/chi-statt-botox.com\/shop\/"},{"@type":"ListItem","position":3,"name":"Fokus"}]},{"@type":"WebSite","@id":"https:\/\/chi-statt-botox.com\/#website","url":"https:\/\/chi-statt-botox.com\/","name":"Chi instead of Botox","description":"Magic away wrinkles, tighten skin","potentialAction":[{"@type":"SearchAction","target":{"@type":"EntryPoint","urlTemplate":"https:\/\/chi-statt-botox.com\/?s={search_term_string}"},"query-input":{"@type":"PropertyValueSpecification","valueRequired":true,"valueName":"search_term_string"}}],"inLanguage":"en-GB"}]}},"_links":{"self":[{"href":"https:\/\/chi-statt-botox.com\/en\/wp-json\/wp\/v2\/product\/28202","targetHints":{"allow":["GET"]}}],"collection":[{"href":"https:\/\/chi-statt-botox.com\/en\/wp-json\/wp\/v2\/product"}],"about":[{"href":"https:\/\/chi-statt-botox.com\/en\/wp-json\/wp\/v2\/types\/product"}],"wp:featuredmedia":[{"embeddable":true,"href":"https:\/\/chi-statt-botox.com\/en\/wp-json\/wp\/v2\/media\/28205"}],"wp:attachment":[{"href":"https:\/\/chi-statt-botox.com\/en\/wp-json\/wp\/v2\/media?parent=28202"}],"wp:term":[{"taxonomy":"product_brand","embeddable":true,"href":"https:\/\/chi-statt-botox.com\/en\/wp-json\/wp\/v2\/product_brand?post=28202"},{"taxonomy":"product_cat","embeddable":true,"href":"https:\/\/chi-statt-botox.com\/en\/wp-json\/wp\/v2\/product_cat?post=28202"},{"taxonomy":"product_tag","embeddable":true,"href":"https:\/\/chi-statt-botox.com\/en\/wp-json\/wp\/v2\/product_tag?post=28202"}],"curies":[{"name":"wp","href":"https:\/\/api.w.org\/{rel}","templated":true}]}}