{"id":28215,"date":"2023-11-07T11:40:36","date_gmt":"2023-11-07T10:40:36","guid":{"rendered":"https:\/\/chi-statt-botox.com\/?post_type=product&#038;p=28215"},"modified":"2026-04-15T20:50:47","modified_gmt":"2026-04-15T18:50:47","slug":"befree-bodylotion-mit-magnesium","status":"publish","type":"product","link":"https:\/\/chi-statt-botox.com\/en\/product\/befree-bodylotion-mit-magnesium\/","title":{"rendered":"BeFree body lotion with magnesium"},"content":{"rendered":"<p>This unusual lotion is more than just a moisturiser - it is a daily treatment for your skin, penetrating deep into its structure to revitalise and strengthen from within. Thanks to the <strong>spagyric essences<\/strong> all levels are addressed.<\/p>\n<p>A lack of <strong>Magnesium<\/strong> reduces the <strong>Elasticity<\/strong> and <strong>Moisture absorption<\/strong> of the skin. In addition to the material magnesium, which is also known as the \"salt of calm\" and helps with relaxation, the lotion also contains spagyric magnesium.<\/p>\n<p><strong>Silicon<\/strong> stimulates the <strong>Formation of collagen fibres<\/strong> and preserves the <strong>Moisture content<\/strong> of the tissue. This helps to tighten and firm the skin. This is also contained here in material and spagyric form.<\/p>\n<p>Experience how the BeFree body lotion refreshes your skin with every application and stimulates the senses with a blend of pure, natural ingredients. <strong>essential oils<\/strong> revitalises. Enjoy skin that not only looks nourished and relaxed, but also feels that way.<\/p>\n<p><strong>Contents<\/strong>: 200 ml<\/p>\n<p><strong>Ingredients<\/strong>: Water, soya oil (organic), vegetable neutral oil (certified organic), vegetable emulsifier, olive oil, argan oil, pomegranate seed extract, vegetable glycerine, vegetable emulsifier, silicon extract, magnesium chloride, lecithin, aloe vera extract, jojoba oil, shea butter, coconut oil, xanthan gum, grape seed oil, spagyric horsetail essence, spagyric magnesium essence, spagyric silicea essence, blend of pure essential oils, levulinic acid, P-anisic acid, vitamin E<\/p>\n<p><strong>Application<\/strong>:<br \/>\nApply daily after the shower or as required to all areas of the skin.<\/p>\n<p>Explanatory video (just click on it):<br \/>\n<a href=\"https:\/\/www.youtube.com\/watch?v=T3GhMU_t5pk&amp;t=52s\" target=\"_blank\" rel=\"noopener\"><strong>\"Live 10 years longer &amp; look better with anti-ageing sleep \ud83d\ude4c\"<\/strong><\/a><\/p>\n<p>Vital-life GmbH \/ Wasserkuppenstr. 25 \/ 36043 Fulda \/ Germany \/ info@vital-life.de<\/p>","protected":false},"excerpt":{"rendered":"<ul>\n<li>Body lotion for revitalising the skin<\/li>\n<li>With magnesium and silicon<\/li>\n<li>Enriched with spagyric essences<\/li>\n<li>Soothing and cell-strengthening<\/li>\n<li>Natural, revitalising fragrance<\/li>\n<\/ul>\n<p>&nbsp;<\/p>\n<p>&nbsp;<\/p>","protected":false},"featured_media":28216,"template":"","meta":{"_acf_changed":false,"_et_pb_use_builder":"","_et_pb_old_content":"","_et_gb_content_width":""},"product_brand":[],"product_cat":[172],"product_tag":[],"class_list":{"0":"post-28215","1":"product","2":"type-product","3":"status-publish","4":"has-post-thumbnail","6":"product_cat-kosmetik","8":"first","9":"instock","10":"taxable","11":"shipping-taxable","12":"purchasable","13":"product-type-simple"},"acf":[],"yoast_head":"<!-- This site is optimized with the Yoast SEO plugin v26.4 - https:\/\/yoast.com\/wordpress\/plugins\/seo\/ -->\n<title>BeFree Bodylotion mit Magnesium - Chi statt Botox<\/title>\n<meta name=\"robots\" content=\"index, follow, max-snippet:-1, max-image-preview:large, max-video-preview:-1\" \/>\n<link rel=\"canonical\" href=\"https:\/\/chi-statt-botox.com\/en\/product\/befree-bodylotion-mit-magnesium\/\" \/>\n<meta property=\"og:locale\" content=\"en_GB\" \/>\n<meta property=\"og:type\" content=\"article\" \/>\n<meta property=\"og:title\" content=\"BeFree Bodylotion mit Magnesium - Chi statt Botox\" \/>\n<meta property=\"og:description\" content=\"Bodylotion f\u00fcr die Vitalisierung der Haut  Mit Magnesium und Silizium  Angereichert mit spagyrischen Essenzen  Beruhigend und zellst\u00e4rkend  Nat\u00fcrlicher, belebender Duft  &nbsp;  &nbsp;\" \/>\n<meta property=\"og:url\" content=\"https:\/\/chi-statt-botox.com\/en\/product\/befree-bodylotion-mit-magnesium\/\" \/>\n<meta property=\"og:site_name\" content=\"Chi statt Botox\" \/>\n<meta property=\"article:modified_time\" content=\"2026-04-15T18:50:47+00:00\" \/>\n<meta property=\"og:image\" content=\"https:\/\/chi-statt-botox.com\/wp-content\/uploads\/befree1000.jpg\" \/>\n\t<meta property=\"og:image:width\" content=\"1000\" \/>\n\t<meta property=\"og:image:height\" content=\"1000\" \/>\n\t<meta property=\"og:image:type\" content=\"image\/jpeg\" \/>\n<meta name=\"twitter:card\" content=\"summary_large_image\" \/>\n<meta name=\"twitter:label1\" content=\"Estimated reading time\" \/>\n\t<meta name=\"twitter:data1\" content=\"2 minutes\" \/>\n<script type=\"application\/ld+json\" class=\"yoast-schema-graph\">{\"@context\":\"https:\/\/schema.org\",\"@graph\":[{\"@type\":\"WebPage\",\"@id\":\"https:\/\/chi-statt-botox.com\/produkt\/befree-bodylotion-mit-magnesium\/\",\"url\":\"https:\/\/chi-statt-botox.com\/produkt\/befree-bodylotion-mit-magnesium\/\",\"name\":\"BeFree Bodylotion mit Magnesium - Chi statt Botox\",\"isPartOf\":{\"@id\":\"https:\/\/chi-statt-botox.com\/#website\"},\"primaryImageOfPage\":{\"@id\":\"https:\/\/chi-statt-botox.com\/produkt\/befree-bodylotion-mit-magnesium\/#primaryimage\"},\"image\":{\"@id\":\"https:\/\/chi-statt-botox.com\/produkt\/befree-bodylotion-mit-magnesium\/#primaryimage\"},\"thumbnailUrl\":\"https:\/\/chi-statt-botox.com\/wp-content\/uploads\/befree1000.jpg\",\"datePublished\":\"2023-11-07T10:40:36+00:00\",\"dateModified\":\"2026-04-15T18:50:47+00:00\",\"breadcrumb\":{\"@id\":\"https:\/\/chi-statt-botox.com\/produkt\/befree-bodylotion-mit-magnesium\/#breadcrumb\"},\"inLanguage\":\"en-GB\",\"potentialAction\":[{\"@type\":\"ReadAction\",\"target\":[\"https:\/\/chi-statt-botox.com\/produkt\/befree-bodylotion-mit-magnesium\/\"]}]},{\"@type\":\"ImageObject\",\"inLanguage\":\"en-GB\",\"@id\":\"https:\/\/chi-statt-botox.com\/produkt\/befree-bodylotion-mit-magnesium\/#primaryimage\",\"url\":\"https:\/\/chi-statt-botox.com\/wp-content\/uploads\/befree1000.jpg\",\"contentUrl\":\"https:\/\/chi-statt-botox.com\/wp-content\/uploads\/befree1000.jpg\",\"width\":1000,\"height\":1000,\"caption\":\"Mock-up created for smartymockups.com\"},{\"@type\":\"BreadcrumbList\",\"@id\":\"https:\/\/chi-statt-botox.com\/produkt\/befree-bodylotion-mit-magnesium\/#breadcrumb\",\"itemListElement\":[{\"@type\":\"ListItem\",\"position\":1,\"name\":\"Startseite\",\"item\":\"https:\/\/chi-statt-botox.com\/\"},{\"@type\":\"ListItem\",\"position\":2,\"name\":\"Produkte\",\"item\":\"https:\/\/chi-statt-botox.com\/shop\/\"},{\"@type\":\"ListItem\",\"position\":3,\"name\":\"BeFree Bodylotion mit Magnesium\"}]},{\"@type\":\"WebSite\",\"@id\":\"https:\/\/chi-statt-botox.com\/#website\",\"url\":\"https:\/\/chi-statt-botox.com\/\",\"name\":\"Chi statt Botox\",\"description\":\"Falten wegzaubern, Haut straffen\",\"potentialAction\":[{\"@type\":\"SearchAction\",\"target\":{\"@type\":\"EntryPoint\",\"urlTemplate\":\"https:\/\/chi-statt-botox.com\/?s={search_term_string}\"},\"query-input\":{\"@type\":\"PropertyValueSpecification\",\"valueRequired\":true,\"valueName\":\"search_term_string\"}}],\"inLanguage\":\"en-GB\"}]}<\/script>\n<!-- \/ Yoast SEO plugin. -->","yoast_head_json":{"title":"BeFree body lotion with magnesium - Chi instead of Botox","robots":{"index":"index","follow":"follow","max-snippet":"max-snippet:-1","max-image-preview":"max-image-preview:large","max-video-preview":"max-video-preview:-1"},"canonical":"https:\/\/chi-statt-botox.com\/en\/product\/befree-bodylotion-mit-magnesium\/","og_locale":"en_GB","og_type":"article","og_title":"BeFree Bodylotion mit Magnesium - Chi statt Botox","og_description":"Bodylotion f\u00fcr die Vitalisierung der Haut  Mit Magnesium und Silizium  Angereichert mit spagyrischen Essenzen  Beruhigend und zellst\u00e4rkend  Nat\u00fcrlicher, belebender Duft  &nbsp;  &nbsp;","og_url":"https:\/\/chi-statt-botox.com\/en\/product\/befree-bodylotion-mit-magnesium\/","og_site_name":"Chi statt Botox","article_modified_time":"2026-04-15T18:50:47+00:00","og_image":[{"width":1000,"height":1000,"url":"https:\/\/chi-statt-botox.com\/wp-content\/uploads\/befree1000.jpg","type":"image\/jpeg"}],"twitter_card":"summary_large_image","twitter_misc":{"Estimated reading time":"2 minutes"},"schema":{"@context":"https:\/\/schema.org","@graph":[{"@type":"WebPage","@id":"https:\/\/chi-statt-botox.com\/produkt\/befree-bodylotion-mit-magnesium\/","url":"https:\/\/chi-statt-botox.com\/produkt\/befree-bodylotion-mit-magnesium\/","name":"BeFree body lotion with magnesium - Chi instead of Botox","isPartOf":{"@id":"https:\/\/chi-statt-botox.com\/#website"},"primaryImageOfPage":{"@id":"https:\/\/chi-statt-botox.com\/produkt\/befree-bodylotion-mit-magnesium\/#primaryimage"},"image":{"@id":"https:\/\/chi-statt-botox.com\/produkt\/befree-bodylotion-mit-magnesium\/#primaryimage"},"thumbnailUrl":"https:\/\/chi-statt-botox.com\/wp-content\/uploads\/befree1000.jpg","datePublished":"2023-11-07T10:40:36+00:00","dateModified":"2026-04-15T18:50:47+00:00","breadcrumb":{"@id":"https:\/\/chi-statt-botox.com\/produkt\/befree-bodylotion-mit-magnesium\/#breadcrumb"},"inLanguage":"en-GB","potentialAction":[{"@type":"ReadAction","target":["https:\/\/chi-statt-botox.com\/produkt\/befree-bodylotion-mit-magnesium\/"]}]},{"@type":"ImageObject","inLanguage":"en-GB","@id":"https:\/\/chi-statt-botox.com\/produkt\/befree-bodylotion-mit-magnesium\/#primaryimage","url":"https:\/\/chi-statt-botox.com\/wp-content\/uploads\/befree1000.jpg","contentUrl":"https:\/\/chi-statt-botox.com\/wp-content\/uploads\/befree1000.jpg","width":1000,"height":1000,"caption":"Mock-up created for smartymockups.com"},{"@type":"BreadcrumbList","@id":"https:\/\/chi-statt-botox.com\/produkt\/befree-bodylotion-mit-magnesium\/#breadcrumb","itemListElement":[{"@type":"ListItem","position":1,"name":"Startseite","item":"https:\/\/chi-statt-botox.com\/"},{"@type":"ListItem","position":2,"name":"Produkte","item":"https:\/\/chi-statt-botox.com\/shop\/"},{"@type":"ListItem","position":3,"name":"BeFree Bodylotion mit Magnesium"}]},{"@type":"WebSite","@id":"https:\/\/chi-statt-botox.com\/#website","url":"https:\/\/chi-statt-botox.com\/","name":"Chi instead of Botox","description":"Magic away wrinkles, tighten skin","potentialAction":[{"@type":"SearchAction","target":{"@type":"EntryPoint","urlTemplate":"https:\/\/chi-statt-botox.com\/?s={search_term_string}"},"query-input":{"@type":"PropertyValueSpecification","valueRequired":true,"valueName":"search_term_string"}}],"inLanguage":"en-GB"}]}},"_links":{"self":[{"href":"https:\/\/chi-statt-botox.com\/en\/wp-json\/wp\/v2\/product\/28215","targetHints":{"allow":["GET"]}}],"collection":[{"href":"https:\/\/chi-statt-botox.com\/en\/wp-json\/wp\/v2\/product"}],"about":[{"href":"https:\/\/chi-statt-botox.com\/en\/wp-json\/wp\/v2\/types\/product"}],"wp:featuredmedia":[{"embeddable":true,"href":"https:\/\/chi-statt-botox.com\/en\/wp-json\/wp\/v2\/media\/28216"}],"wp:attachment":[{"href":"https:\/\/chi-statt-botox.com\/en\/wp-json\/wp\/v2\/media?parent=28215"}],"wp:term":[{"taxonomy":"product_brand","embeddable":true,"href":"https:\/\/chi-statt-botox.com\/en\/wp-json\/wp\/v2\/product_brand?post=28215"},{"taxonomy":"product_cat","embeddable":true,"href":"https:\/\/chi-statt-botox.com\/en\/wp-json\/wp\/v2\/product_cat?post=28215"},{"taxonomy":"product_tag","embeddable":true,"href":"https:\/\/chi-statt-botox.com\/en\/wp-json\/wp\/v2\/product_tag?post=28215"}],"curies":[{"name":"wp","href":"https:\/\/api.w.org\/{rel}","templated":true}]}}