{"id":28217,"date":"2023-11-07T11:46:44","date_gmt":"2023-11-07T10:46:44","guid":{"rendered":"https:\/\/chi-statt-botox.com\/?post_type=product&#038;p=28217"},"modified":"2026-04-16T12:45:50","modified_gmt":"2026-04-16T10:45:50","slug":"magic-yams-3-stueck","status":"publish","type":"product","link":"https:\/\/chi-statt-botox.com\/en\/product\/magic-yams-3-stueck\/","title":{"rendered":"Magic Yams 3 pieces"},"content":{"rendered":"<p>Experience the transformative power of nature with Magic Yams. The delicately scented body cream will become your daily ally for a <strong>Harmonised hormone balance<\/strong> and <strong>radiant skin<\/strong>t. In the Magic Yams, the power of the <strong>Yam root<\/strong>. Its extract is rich in diosgenin, a natural phytohormone and a known precursor of progesterone. This carefully designed formula of <strong>Biological<\/strong> grown ingredients offers more than just moisture; it is a<strong> Elixir for body and mind<\/strong>. With Magic Yams you experience the symbiosis of traditional knowledge and modern science. The cream, enriched with <strong>spagyric essences<\/strong> is aimed at making your body <strong>at all levels<\/strong> to help restore its hormonal balance.<\/p>\n<p>The natural oils from <strong>Macadamia nut<\/strong> and <strong>Jojoba<\/strong>both from certified organic cultivation, have a balancing effect on skin and soul. Whether you want to master the challenges of everyday life or treat yourself to some time out - Magic Yams Cream caresses with its delicate fragrance and leaves your skin feeling velvety soft, delighting men and women alike and making them feel good. <strong>renewed attitude to life<\/strong> helps.<\/p>\n<p>Allow yourself the luxury of magic yams and feel how nature brings you into balance.<\/p>\n<p>You can find countless user testimonials in this pdf file: <strong><a href=\"https:\/\/chi-statt-botox.com\/wp-content\/uploads\/2021_Erfahrungsberichte.pdf\">2021_Experience reports<\/a><\/strong><\/p>\n<p><strong>Contents<\/strong>: 3 x 50 ml<\/p>\n<p><strong>Ingredients<\/strong>Water, yam extract, blend of vegetable oils (organic), jojoba oil, macadamia nut oil, glycerine, spagyric yam essence, vegetable-based emulsifier, preservative of vegetable origin, lime essential oil, vegetable fatty alcohol, sunflower lecithin, xanthan gum, spagyric silver essence, spagyric pearl essence, vitamin E.<\/p>\n<p><strong>Instruction video <\/strong>(just click on it):<br \/>\n<strong><a href=\"https:\/\/www.youtube.com\/watch?v=c2iIlhUunX4&amp;t=37s\" target=\"_blank\" rel=\"noopener\">\"Successfully balancing HORMONE levels (without hormone replacement!\u2b50) - something every woman should know.\"<\/a><\/strong><\/p>\n<p>Vital-life GmbH \/ Wasserkuppenstr. 25 \/ 36043 Fulda \/ Germany \/ info@vital-life.de<\/p>","protected":false},"excerpt":{"rendered":"<ul>\n<li>For more lightness and attractiveness<\/li>\n<li>Harmonised hormone balance<\/li>\n<li>Natural progesterone booster<\/li>\n<li>No hormone replacement cream<\/li>\n<li>Contains diosgenin and spagyric essences<\/li>\n<li>Based on high-quality organic oils<\/li>\n<li>Suitable for all skin types<\/li>\n<\/ul>\n<p>&nbsp;<\/p>","protected":false},"featured_media":28218,"template":"","meta":{"_acf_changed":false,"_et_pb_use_builder":"","_et_pb_old_content":"","_et_gb_content_width":""},"product_brand":[],"product_cat":[222,172],"product_tag":[],"class_list":{"0":"post-28217","1":"product","2":"type-product","3":"status-publish","4":"has-post-thumbnail","6":"product_cat-hormone","7":"product_cat-kosmetik","9":"first","10":"instock","11":"sale","12":"taxable","13":"shipping-taxable","14":"purchasable","15":"product-type-simple"},"acf":[],"yoast_head":"<!-- This site is optimized with the Yoast SEO plugin v26.4 - https:\/\/yoast.com\/wordpress\/plugins\/seo\/ -->\n<title>Magic Yams 3 St\u00fcck - Chi statt Botox<\/title>\n<meta name=\"robots\" content=\"index, follow, max-snippet:-1, max-image-preview:large, max-video-preview:-1\" \/>\n<link rel=\"canonical\" href=\"https:\/\/chi-statt-botox.com\/en\/product\/magic-yams-3-stueck\/\" \/>\n<meta property=\"og:locale\" content=\"en_GB\" \/>\n<meta property=\"og:type\" content=\"article\" \/>\n<meta property=\"og:title\" content=\"Magic Yams 3 St\u00fcck - Chi statt Botox\" \/>\n<meta property=\"og:description\" content=\"F\u00fcr mehr Leichtigkeit und Attraktivit\u00e4t  Harmonisierte Hormonbalance  Nat\u00fcrlicher Progesteron-Booster  Keine Hormonersatzcreme  Enth\u00e4lt Diosgenin und spagyrische Essenzen  Auf Grundlage hochwertiger biologischer \u00d6le  F\u00fcr alle Hauttypen geeignet  &nbsp;\" \/>\n<meta property=\"og:url\" content=\"https:\/\/chi-statt-botox.com\/en\/product\/magic-yams-3-stueck\/\" \/>\n<meta property=\"og:site_name\" content=\"Chi statt Botox\" \/>\n<meta property=\"article:modified_time\" content=\"2026-04-16T10:45:50+00:00\" \/>\n<meta property=\"og:image\" content=\"https:\/\/chi-statt-botox.com\/wp-content\/uploads\/3magic-yams1000.jpg\" \/>\n\t<meta property=\"og:image:width\" content=\"1000\" \/>\n\t<meta property=\"og:image:height\" content=\"1000\" \/>\n\t<meta property=\"og:image:type\" content=\"image\/jpeg\" \/>\n<meta name=\"twitter:card\" content=\"summary_large_image\" \/>\n<meta name=\"twitter:label1\" content=\"Estimated reading time\" \/>\n\t<meta name=\"twitter:data1\" content=\"2 minutes\" \/>\n<script type=\"application\/ld+json\" class=\"yoast-schema-graph\">{\"@context\":\"https:\/\/schema.org\",\"@graph\":[{\"@type\":\"WebPage\",\"@id\":\"https:\/\/chi-statt-botox.com\/produkt\/magic-yams-3-stueck\/\",\"url\":\"https:\/\/chi-statt-botox.com\/produkt\/magic-yams-3-stueck\/\",\"name\":\"Magic Yams 3 St\u00fcck - Chi statt Botox\",\"isPartOf\":{\"@id\":\"https:\/\/chi-statt-botox.com\/#website\"},\"primaryImageOfPage\":{\"@id\":\"https:\/\/chi-statt-botox.com\/produkt\/magic-yams-3-stueck\/#primaryimage\"},\"image\":{\"@id\":\"https:\/\/chi-statt-botox.com\/produkt\/magic-yams-3-stueck\/#primaryimage\"},\"thumbnailUrl\":\"https:\/\/chi-statt-botox.com\/wp-content\/uploads\/3magic-yams1000.jpg\",\"datePublished\":\"2023-11-07T10:46:44+00:00\",\"dateModified\":\"2026-04-16T10:45:50+00:00\",\"breadcrumb\":{\"@id\":\"https:\/\/chi-statt-botox.com\/produkt\/magic-yams-3-stueck\/#breadcrumb\"},\"inLanguage\":\"en-GB\",\"potentialAction\":[{\"@type\":\"ReadAction\",\"target\":[\"https:\/\/chi-statt-botox.com\/produkt\/magic-yams-3-stueck\/\"]}]},{\"@type\":\"ImageObject\",\"inLanguage\":\"en-GB\",\"@id\":\"https:\/\/chi-statt-botox.com\/produkt\/magic-yams-3-stueck\/#primaryimage\",\"url\":\"https:\/\/chi-statt-botox.com\/wp-content\/uploads\/3magic-yams1000.jpg\",\"contentUrl\":\"https:\/\/chi-statt-botox.com\/wp-content\/uploads\/3magic-yams1000.jpg\",\"width\":1000,\"height\":1000},{\"@type\":\"BreadcrumbList\",\"@id\":\"https:\/\/chi-statt-botox.com\/produkt\/magic-yams-3-stueck\/#breadcrumb\",\"itemListElement\":[{\"@type\":\"ListItem\",\"position\":1,\"name\":\"Startseite\",\"item\":\"https:\/\/chi-statt-botox.com\/\"},{\"@type\":\"ListItem\",\"position\":2,\"name\":\"Produkte\",\"item\":\"https:\/\/chi-statt-botox.com\/shop\/\"},{\"@type\":\"ListItem\",\"position\":3,\"name\":\"Magic Yams 3 St\u00fcck\"}]},{\"@type\":\"WebSite\",\"@id\":\"https:\/\/chi-statt-botox.com\/#website\",\"url\":\"https:\/\/chi-statt-botox.com\/\",\"name\":\"Chi statt Botox\",\"description\":\"Falten wegzaubern, Haut straffen\",\"potentialAction\":[{\"@type\":\"SearchAction\",\"target\":{\"@type\":\"EntryPoint\",\"urlTemplate\":\"https:\/\/chi-statt-botox.com\/?s={search_term_string}\"},\"query-input\":{\"@type\":\"PropertyValueSpecification\",\"valueRequired\":true,\"valueName\":\"search_term_string\"}}],\"inLanguage\":\"en-GB\"}]}<\/script>\n<!-- \/ Yoast SEO plugin. -->","yoast_head_json":{"title":"Magic Yams 3 pieces - Chi instead of Botox","robots":{"index":"index","follow":"follow","max-snippet":"max-snippet:-1","max-image-preview":"max-image-preview:large","max-video-preview":"max-video-preview:-1"},"canonical":"https:\/\/chi-statt-botox.com\/en\/product\/magic-yams-3-stueck\/","og_locale":"en_GB","og_type":"article","og_title":"Magic Yams 3 St\u00fcck - Chi statt Botox","og_description":"F\u00fcr mehr Leichtigkeit und Attraktivit\u00e4t  Harmonisierte Hormonbalance  Nat\u00fcrlicher Progesteron-Booster  Keine Hormonersatzcreme  Enth\u00e4lt Diosgenin und spagyrische Essenzen  Auf Grundlage hochwertiger biologischer \u00d6le  F\u00fcr alle Hauttypen geeignet  &nbsp;","og_url":"https:\/\/chi-statt-botox.com\/en\/product\/magic-yams-3-stueck\/","og_site_name":"Chi statt Botox","article_modified_time":"2026-04-16T10:45:50+00:00","og_image":[{"width":1000,"height":1000,"url":"https:\/\/chi-statt-botox.com\/wp-content\/uploads\/3magic-yams1000.jpg","type":"image\/jpeg"}],"twitter_card":"summary_large_image","twitter_misc":{"Estimated reading time":"2 minutes"},"schema":{"@context":"https:\/\/schema.org","@graph":[{"@type":"WebPage","@id":"https:\/\/chi-statt-botox.com\/produkt\/magic-yams-3-stueck\/","url":"https:\/\/chi-statt-botox.com\/produkt\/magic-yams-3-stueck\/","name":"Magic Yams 3 pieces - Chi instead of Botox","isPartOf":{"@id":"https:\/\/chi-statt-botox.com\/#website"},"primaryImageOfPage":{"@id":"https:\/\/chi-statt-botox.com\/produkt\/magic-yams-3-stueck\/#primaryimage"},"image":{"@id":"https:\/\/chi-statt-botox.com\/produkt\/magic-yams-3-stueck\/#primaryimage"},"thumbnailUrl":"https:\/\/chi-statt-botox.com\/wp-content\/uploads\/3magic-yams1000.jpg","datePublished":"2023-11-07T10:46:44+00:00","dateModified":"2026-04-16T10:45:50+00:00","breadcrumb":{"@id":"https:\/\/chi-statt-botox.com\/produkt\/magic-yams-3-stueck\/#breadcrumb"},"inLanguage":"en-GB","potentialAction":[{"@type":"ReadAction","target":["https:\/\/chi-statt-botox.com\/produkt\/magic-yams-3-stueck\/"]}]},{"@type":"ImageObject","inLanguage":"en-GB","@id":"https:\/\/chi-statt-botox.com\/produkt\/magic-yams-3-stueck\/#primaryimage","url":"https:\/\/chi-statt-botox.com\/wp-content\/uploads\/3magic-yams1000.jpg","contentUrl":"https:\/\/chi-statt-botox.com\/wp-content\/uploads\/3magic-yams1000.jpg","width":1000,"height":1000},{"@type":"BreadcrumbList","@id":"https:\/\/chi-statt-botox.com\/produkt\/magic-yams-3-stueck\/#breadcrumb","itemListElement":[{"@type":"ListItem","position":1,"name":"Startseite","item":"https:\/\/chi-statt-botox.com\/"},{"@type":"ListItem","position":2,"name":"Produkte","item":"https:\/\/chi-statt-botox.com\/shop\/"},{"@type":"ListItem","position":3,"name":"Magic Yams 3 St\u00fcck"}]},{"@type":"WebSite","@id":"https:\/\/chi-statt-botox.com\/#website","url":"https:\/\/chi-statt-botox.com\/","name":"Chi instead of Botox","description":"Magic away wrinkles, tighten skin","potentialAction":[{"@type":"SearchAction","target":{"@type":"EntryPoint","urlTemplate":"https:\/\/chi-statt-botox.com\/?s={search_term_string}"},"query-input":{"@type":"PropertyValueSpecification","valueRequired":true,"valueName":"search_term_string"}}],"inLanguage":"en-GB"}]}},"_links":{"self":[{"href":"https:\/\/chi-statt-botox.com\/en\/wp-json\/wp\/v2\/product\/28217","targetHints":{"allow":["GET"]}}],"collection":[{"href":"https:\/\/chi-statt-botox.com\/en\/wp-json\/wp\/v2\/product"}],"about":[{"href":"https:\/\/chi-statt-botox.com\/en\/wp-json\/wp\/v2\/types\/product"}],"wp:featuredmedia":[{"embeddable":true,"href":"https:\/\/chi-statt-botox.com\/en\/wp-json\/wp\/v2\/media\/28218"}],"wp:attachment":[{"href":"https:\/\/chi-statt-botox.com\/en\/wp-json\/wp\/v2\/media?parent=28217"}],"wp:term":[{"taxonomy":"product_brand","embeddable":true,"href":"https:\/\/chi-statt-botox.com\/en\/wp-json\/wp\/v2\/product_brand?post=28217"},{"taxonomy":"product_cat","embeddable":true,"href":"https:\/\/chi-statt-botox.com\/en\/wp-json\/wp\/v2\/product_cat?post=28217"},{"taxonomy":"product_tag","embeddable":true,"href":"https:\/\/chi-statt-botox.com\/en\/wp-json\/wp\/v2\/product_tag?post=28217"}],"curies":[{"name":"wp","href":"https:\/\/api.w.org\/{rel}","templated":true}]}}