{"id":28221,"date":"2023-11-07T11:57:51","date_gmt":"2023-11-07T10:57:51","guid":{"rendered":"https:\/\/chi-statt-botox.com\/?post_type=product&#038;p=28221"},"modified":"2026-03-11T13:02:29","modified_gmt":"2026-03-11T12:02:29","slug":"bella-mucosa-schleimhautcreme-3er","status":"publish","type":"product","link":"https:\/\/chi-statt-botox.com\/en\/product\/bella-mucosa-schleimhautcreme-3er\/","title":{"rendered":"Bella Mucosa mucous membrane cream 3er"},"content":{"rendered":"<p>Bella Mucosa means \"<strong>beautiful mucous membrane<\/strong>\" and the name says it all. The carefully formulated balm has been specially developed to provide soothing relief for dry skin and sensitive mucous membranes.<\/p>\n<p>When the <strong>Eyelids<\/strong> that <strong>Nose<\/strong> itches or the <strong>Intimate area<\/strong> If your skin needs more moisturising and care, the exceptional formula of organic plant waxes and oils can help.<\/p>\n<p>The powerful mixture of <strong>Aloe Vera<\/strong> and <strong>Madonna lilies<\/strong>-extract nourishes and soothes, while <strong>Jojoba oil<\/strong> and <strong>Shea butter<\/strong> deeply moisturise and keep the skin supple. For women going through the menopause or for those seeking hormonal harmony, the <strong>Black cohosh<\/strong> natural support to gently restore balance. Feel good in your skin and enjoy the feeling of balance and renewal.<\/p>\n<p>Bella Mucosa is waiting to become your daily companion - for care that goes as deep as the roots of the plants used here. The balm is not only soothing and fragrant, it can also promote sensuality. The spagyric essences used to refine the plants give it its extraordinary quality and inspire women and men alike.<\/p>\n<p><strong>Contents<\/strong>: 3 x 30ml<\/p>\n<p><strong>Ingredients<\/strong>Jojoba oil, shea butter, beeswax, aloe vera, Madonna lily extract, lady's mantle extract, daisy extract, spagyric essences of black cohosh, red clover, daisies, May rose essential oil (<strong>Ingredients from organically controlled agriculture<\/strong>t, certifiable, the certification process has not yet been finalised)<\/p>\n<p><strong>Application<\/strong>:<br \/>\nIf necessary, apply a cherry stone-sized amount of Bella Mucosa Balm to the skin areas to be treated.<\/p>\n<p>Vital-life GmbH \/ Wasserkuppenstr. 25 \/ 36043 Fulda \/ Germany \/ info@vital-life.de<\/p>","protected":false},"excerpt":{"rendered":"<ul>\n<li>Intensive care for dry skin and mucous membranes<\/li>\n<li>Ideal for vaginal dryness<\/li>\n<li>For more enjoyment and pleasure<\/li>\n<li>Suitable for eyelids, nose, ears and genital area<\/li>\n<li>Exclusively natural ingredients<\/li>\n<li>Provides deep moisturisation<\/li>\n<li>Soothes and reduces skin irritation<\/li>\n<\/ul>","protected":false},"featured_media":28222,"template":"","meta":{"_acf_changed":false,"_et_pb_use_builder":"","_et_pb_old_content":"","_et_gb_content_width":""},"product_brand":[],"product_cat":[222,172],"product_tag":[],"class_list":{"0":"post-28221","1":"product","2":"type-product","3":"status-publish","4":"has-post-thumbnail","6":"product_cat-hormone","7":"product_cat-kosmetik","9":"first","10":"instock","11":"sale","12":"taxable","13":"shipping-taxable","14":"purchasable","15":"product-type-simple"},"acf":[],"yoast_head":"<!-- This site is optimized with the Yoast SEO plugin v26.4 - https:\/\/yoast.com\/wordpress\/plugins\/seo\/ -->\n<title>Bella Mucosa Schleimhautcreme 3er - Chi statt Botox<\/title>\n<meta name=\"robots\" content=\"index, follow, max-snippet:-1, max-image-preview:large, max-video-preview:-1\" \/>\n<link rel=\"canonical\" href=\"https:\/\/chi-statt-botox.com\/en\/product\/bella-mucosa-schleimhautcreme-3er\/\" \/>\n<meta property=\"og:locale\" content=\"en_GB\" \/>\n<meta property=\"og:type\" content=\"article\" \/>\n<meta property=\"og:title\" content=\"Bella Mucosa Schleimhautcreme 3er - Chi statt Botox\" \/>\n<meta property=\"og:description\" content=\"Intensive Pflege f\u00fcr trockene Haut und Schleimh\u00e4ute  Ideal bei Scheidentrockenheit  F\u00fcr mehr Genuss und Freude  Geeignet f\u00fcr Augenlider, Nase, Ohren und Intimbereich  Ausschlie\u00dflich nat\u00fcrliche Inhaltstoffe  Spendet tiefenwirksame Feuchtigkeit  Beruhigt und mindert Hautreizungen\" \/>\n<meta property=\"og:url\" content=\"https:\/\/chi-statt-botox.com\/en\/product\/bella-mucosa-schleimhautcreme-3er\/\" \/>\n<meta property=\"og:site_name\" content=\"Chi statt Botox\" \/>\n<meta property=\"article:modified_time\" content=\"2026-03-11T12:02:29+00:00\" \/>\n<meta property=\"og:image\" content=\"https:\/\/chi-statt-botox.com\/wp-content\/uploads\/3bellamucosa1000.jpg\" \/>\n\t<meta property=\"og:image:width\" content=\"1000\" \/>\n\t<meta property=\"og:image:height\" content=\"1000\" \/>\n\t<meta property=\"og:image:type\" content=\"image\/jpeg\" \/>\n<meta name=\"twitter:card\" content=\"summary_large_image\" \/>\n<meta name=\"twitter:label1\" content=\"Estimated reading time\" \/>\n\t<meta name=\"twitter:data1\" content=\"2 minutes\" \/>\n<script type=\"application\/ld+json\" class=\"yoast-schema-graph\">{\"@context\":\"https:\/\/schema.org\",\"@graph\":[{\"@type\":\"WebPage\",\"@id\":\"https:\/\/chi-statt-botox.com\/produkt\/bella-mucosa-schleimhautcreme-3er\/\",\"url\":\"https:\/\/chi-statt-botox.com\/produkt\/bella-mucosa-schleimhautcreme-3er\/\",\"name\":\"Bella Mucosa Schleimhautcreme 3er - Chi statt Botox\",\"isPartOf\":{\"@id\":\"https:\/\/chi-statt-botox.com\/#website\"},\"primaryImageOfPage\":{\"@id\":\"https:\/\/chi-statt-botox.com\/produkt\/bella-mucosa-schleimhautcreme-3er\/#primaryimage\"},\"image\":{\"@id\":\"https:\/\/chi-statt-botox.com\/produkt\/bella-mucosa-schleimhautcreme-3er\/#primaryimage\"},\"thumbnailUrl\":\"https:\/\/chi-statt-botox.com\/wp-content\/uploads\/3bellamucosa1000.jpg\",\"datePublished\":\"2023-11-07T10:57:51+00:00\",\"dateModified\":\"2026-03-11T12:02:29+00:00\",\"breadcrumb\":{\"@id\":\"https:\/\/chi-statt-botox.com\/produkt\/bella-mucosa-schleimhautcreme-3er\/#breadcrumb\"},\"inLanguage\":\"en-GB\",\"potentialAction\":[{\"@type\":\"ReadAction\",\"target\":[\"https:\/\/chi-statt-botox.com\/produkt\/bella-mucosa-schleimhautcreme-3er\/\"]}]},{\"@type\":\"ImageObject\",\"inLanguage\":\"en-GB\",\"@id\":\"https:\/\/chi-statt-botox.com\/produkt\/bella-mucosa-schleimhautcreme-3er\/#primaryimage\",\"url\":\"https:\/\/chi-statt-botox.com\/wp-content\/uploads\/3bellamucosa1000.jpg\",\"contentUrl\":\"https:\/\/chi-statt-botox.com\/wp-content\/uploads\/3bellamucosa1000.jpg\",\"width\":1000,\"height\":1000},{\"@type\":\"BreadcrumbList\",\"@id\":\"https:\/\/chi-statt-botox.com\/produkt\/bella-mucosa-schleimhautcreme-3er\/#breadcrumb\",\"itemListElement\":[{\"@type\":\"ListItem\",\"position\":1,\"name\":\"Startseite\",\"item\":\"https:\/\/chi-statt-botox.com\/\"},{\"@type\":\"ListItem\",\"position\":2,\"name\":\"Produkte\",\"item\":\"https:\/\/chi-statt-botox.com\/shop\/\"},{\"@type\":\"ListItem\",\"position\":3,\"name\":\"Bella Mucosa Schleimhautcreme 3er\"}]},{\"@type\":\"WebSite\",\"@id\":\"https:\/\/chi-statt-botox.com\/#website\",\"url\":\"https:\/\/chi-statt-botox.com\/\",\"name\":\"Chi statt Botox\",\"description\":\"Falten wegzaubern, Haut straffen\",\"potentialAction\":[{\"@type\":\"SearchAction\",\"target\":{\"@type\":\"EntryPoint\",\"urlTemplate\":\"https:\/\/chi-statt-botox.com\/?s={search_term_string}\"},\"query-input\":{\"@type\":\"PropertyValueSpecification\",\"valueRequired\":true,\"valueName\":\"search_term_string\"}}],\"inLanguage\":\"en-GB\"}]}<\/script>\n<!-- \/ Yoast SEO plugin. -->","yoast_head_json":{"title":"Bella Mucosa Mucosa Cream 3er - Chi instead of Botox","robots":{"index":"index","follow":"follow","max-snippet":"max-snippet:-1","max-image-preview":"max-image-preview:large","max-video-preview":"max-video-preview:-1"},"canonical":"https:\/\/chi-statt-botox.com\/en\/product\/bella-mucosa-schleimhautcreme-3er\/","og_locale":"en_GB","og_type":"article","og_title":"Bella Mucosa Schleimhautcreme 3er - Chi statt Botox","og_description":"Intensive Pflege f\u00fcr trockene Haut und Schleimh\u00e4ute  Ideal bei Scheidentrockenheit  F\u00fcr mehr Genuss und Freude  Geeignet f\u00fcr Augenlider, Nase, Ohren und Intimbereich  Ausschlie\u00dflich nat\u00fcrliche Inhaltstoffe  Spendet tiefenwirksame Feuchtigkeit  Beruhigt und mindert Hautreizungen","og_url":"https:\/\/chi-statt-botox.com\/en\/product\/bella-mucosa-schleimhautcreme-3er\/","og_site_name":"Chi statt Botox","article_modified_time":"2026-03-11T12:02:29+00:00","og_image":[{"width":1000,"height":1000,"url":"https:\/\/chi-statt-botox.com\/wp-content\/uploads\/3bellamucosa1000.jpg","type":"image\/jpeg"}],"twitter_card":"summary_large_image","twitter_misc":{"Estimated reading time":"2 minutes"},"schema":{"@context":"https:\/\/schema.org","@graph":[{"@type":"WebPage","@id":"https:\/\/chi-statt-botox.com\/produkt\/bella-mucosa-schleimhautcreme-3er\/","url":"https:\/\/chi-statt-botox.com\/produkt\/bella-mucosa-schleimhautcreme-3er\/","name":"Bella Mucosa Mucosa Cream 3er - Chi instead of Botox","isPartOf":{"@id":"https:\/\/chi-statt-botox.com\/#website"},"primaryImageOfPage":{"@id":"https:\/\/chi-statt-botox.com\/produkt\/bella-mucosa-schleimhautcreme-3er\/#primaryimage"},"image":{"@id":"https:\/\/chi-statt-botox.com\/produkt\/bella-mucosa-schleimhautcreme-3er\/#primaryimage"},"thumbnailUrl":"https:\/\/chi-statt-botox.com\/wp-content\/uploads\/3bellamucosa1000.jpg","datePublished":"2023-11-07T10:57:51+00:00","dateModified":"2026-03-11T12:02:29+00:00","breadcrumb":{"@id":"https:\/\/chi-statt-botox.com\/produkt\/bella-mucosa-schleimhautcreme-3er\/#breadcrumb"},"inLanguage":"en-GB","potentialAction":[{"@type":"ReadAction","target":["https:\/\/chi-statt-botox.com\/produkt\/bella-mucosa-schleimhautcreme-3er\/"]}]},{"@type":"ImageObject","inLanguage":"en-GB","@id":"https:\/\/chi-statt-botox.com\/produkt\/bella-mucosa-schleimhautcreme-3er\/#primaryimage","url":"https:\/\/chi-statt-botox.com\/wp-content\/uploads\/3bellamucosa1000.jpg","contentUrl":"https:\/\/chi-statt-botox.com\/wp-content\/uploads\/3bellamucosa1000.jpg","width":1000,"height":1000},{"@type":"BreadcrumbList","@id":"https:\/\/chi-statt-botox.com\/produkt\/bella-mucosa-schleimhautcreme-3er\/#breadcrumb","itemListElement":[{"@type":"ListItem","position":1,"name":"Startseite","item":"https:\/\/chi-statt-botox.com\/"},{"@type":"ListItem","position":2,"name":"Produkte","item":"https:\/\/chi-statt-botox.com\/shop\/"},{"@type":"ListItem","position":3,"name":"Bella Mucosa Schleimhautcreme 3er"}]},{"@type":"WebSite","@id":"https:\/\/chi-statt-botox.com\/#website","url":"https:\/\/chi-statt-botox.com\/","name":"Chi instead of Botox","description":"Magic away wrinkles, tighten skin","potentialAction":[{"@type":"SearchAction","target":{"@type":"EntryPoint","urlTemplate":"https:\/\/chi-statt-botox.com\/?s={search_term_string}"},"query-input":{"@type":"PropertyValueSpecification","valueRequired":true,"valueName":"search_term_string"}}],"inLanguage":"en-GB"}]}},"_links":{"self":[{"href":"https:\/\/chi-statt-botox.com\/en\/wp-json\/wp\/v2\/product\/28221","targetHints":{"allow":["GET"]}}],"collection":[{"href":"https:\/\/chi-statt-botox.com\/en\/wp-json\/wp\/v2\/product"}],"about":[{"href":"https:\/\/chi-statt-botox.com\/en\/wp-json\/wp\/v2\/types\/product"}],"wp:featuredmedia":[{"embeddable":true,"href":"https:\/\/chi-statt-botox.com\/en\/wp-json\/wp\/v2\/media\/28222"}],"wp:attachment":[{"href":"https:\/\/chi-statt-botox.com\/en\/wp-json\/wp\/v2\/media?parent=28221"}],"wp:term":[{"taxonomy":"product_brand","embeddable":true,"href":"https:\/\/chi-statt-botox.com\/en\/wp-json\/wp\/v2\/product_brand?post=28221"},{"taxonomy":"product_cat","embeddable":true,"href":"https:\/\/chi-statt-botox.com\/en\/wp-json\/wp\/v2\/product_cat?post=28221"},{"taxonomy":"product_tag","embeddable":true,"href":"https:\/\/chi-statt-botox.com\/en\/wp-json\/wp\/v2\/product_tag?post=28221"}],"curies":[{"name":"wp","href":"https:\/\/api.w.org\/{rel}","templated":true}]}}