{"id":2832,"date":"2020-02-15T09:39:35","date_gmt":"2020-02-15T08:39:35","guid":{"rendered":"https:\/\/chi-statt-botox.com\/?post_type=product&#038;p=2832"},"modified":"2026-04-15T16:43:10","modified_gmt":"2026-04-15T14:43:10","slug":"horn-schaber-2stueck","status":"publish","type":"product","link":"https:\/\/chi-statt-botox.com\/en\/product\/horn-schaber-2stueck\/","title":{"rendered":"Horn scraper 2 pieces"},"content":{"rendered":"<p>Fish scraper for facial massage \u00e1 la \"Chi instead of Botox\". You need 2 pieces to be able to perform it effectively.<\/p>\n<p>The various curves and notches are suitable for a wide range of applications.<\/p>\n<p><strong>Application videos<\/strong> (just click on it):<br \/>\n<strong><a href=\"https:\/\/www.youtube.com\/watch?v=Ib7eKgIB01c&amp;t=8s\" target=\"_blank\" rel=\"noopener noreferrer\">\"Basic set: which cuppers, which scrapers?\"<\/a><\/strong><br \/>\n<a href=\"https:\/\/www.youtube.com\/watch?v=H_FJB9WapJg&amp;t=10s\" target=\"_blank\" rel=\"noopener\"><strong>\"ONLY 3 steps to fewer nasolabial folds (100% effectiveness, no cost)\"<\/strong><\/a><br \/>\n<a href=\"https:\/\/www.youtube.com\/watch?v=EgzVF8z9hHY&amp;t=3s\" target=\"_blank\" rel=\"noopener\"><strong>\"Get rid of CELLULITE - 100% more effectively with this SECRET TIP\u2757\"<\/strong><\/a><br \/>\n<a href=\"https:\/\/www.youtube.com\/watch?v=Zwo6J-5TvfA&amp;t=2s\" target=\"_blank\" rel=\"noopener\"><strong>\"Frown lines, forehead wrinkles, sculpting with facial yoga, Gua Sha and Dien Cham\"<\/strong><\/a><br \/>\n<a href=\"https:\/\/www.youtube.com\/watch?v=LW1E7vJ4cxk&amp;t=39s\" target=\"_blank\" rel=\"noopener\"><strong>\"Reduce ALL wrinkles at once (stronger than Botox!) - frown lines, eye wrinkles, lip wrinkles, ...\"<\/strong><\/a><br \/>\n<a href=\"https:\/\/www.youtube.com\/watch?v=073KUsoSpQg&amp;t=145s\" target=\"_blank\" rel=\"noopener\"><strong>\"THIS massage is essential against DOPPELKINN!\"<\/strong><\/a><br \/>\n<a href=\"https:\/\/www.youtube.com\/watch?v=YApCTOUNlhM&amp;t=468s\" target=\"_blank\" rel=\"noopener\"><strong>\"Simple massage against wrinkles, swelling, dryness, coldness of the hands\"<\/strong><\/a><\/p>\n<p>Chi statt Botox GmbH \/ Bauernstra\u00dfe 1 WDZ 9 \/ 4600 Wels \/ Austria \/ shop@chi-statt-botox.com<\/p>","protected":false},"excerpt":{"rendered":"<ul>\n<li>\"Fish scraper\" for facial massage<\/li>\n<li>2 pieces to perform massages effectively<\/li>\n<li>Curves and notches for versatile use<\/li>\n<\/ul>","protected":false},"featured_media":30140,"template":"","meta":{"_acf_changed":false,"_et_pb_use_builder":"","_et_pb_old_content":"","_et_gb_content_width":""},"product_brand":[],"product_cat":[176],"product_tag":[],"class_list":{"0":"post-2832","1":"product","2":"type-product","3":"status-publish","4":"has-post-thumbnail","6":"product_cat-face-yoga-massagen","8":"first","9":"instock","10":"taxable","11":"shipping-taxable","12":"purchasable","13":"product-type-simple"},"acf":[],"yoast_head":"<!-- This site is optimized with the Yoast SEO plugin v26.4 - https:\/\/yoast.com\/wordpress\/plugins\/seo\/ -->\n<title>Horn Schaber 2 St\u00fcck - Chi statt Botox<\/title>\n<meta name=\"robots\" content=\"index, follow, max-snippet:-1, max-image-preview:large, max-video-preview:-1\" \/>\n<link rel=\"canonical\" href=\"https:\/\/chi-statt-botox.com\/en\/product\/horn-schaber-2stueck\/\" \/>\n<meta property=\"og:locale\" content=\"en_GB\" \/>\n<meta property=\"og:type\" content=\"article\" \/>\n<meta property=\"og:title\" content=\"Horn Schaber 2 St\u00fcck - Chi statt Botox\" \/>\n<meta property=\"og:description\" content=\"&quot;Fischschaber&quot; f\u00fcr die Gesichtsmassage  2 St\u00fcck, um Massagen effektiv durchzuf\u00fchren  Rundungen und Einkerbungen f\u00fcr vielseitige Anwendung\" \/>\n<meta property=\"og:url\" content=\"https:\/\/chi-statt-botox.com\/en\/product\/horn-schaber-2stueck\/\" \/>\n<meta property=\"og:site_name\" content=\"Chi statt Botox\" \/>\n<meta property=\"article:modified_time\" content=\"2026-04-15T14:43:10+00:00\" \/>\n<meta property=\"og:image\" content=\"https:\/\/chi-statt-botox.com\/wp-content\/uploads\/Horn-Schaber.jpg\" \/>\n\t<meta property=\"og:image:width\" content=\"1920\" \/>\n\t<meta property=\"og:image:height\" content=\"1920\" \/>\n\t<meta property=\"og:image:type\" content=\"image\/jpeg\" \/>\n<meta name=\"twitter:card\" content=\"summary_large_image\" \/>\n<meta name=\"twitter:label1\" content=\"Estimated reading time\" \/>\n\t<meta name=\"twitter:data1\" content=\"1 minute\" \/>\n<script type=\"application\/ld+json\" class=\"yoast-schema-graph\">{\"@context\":\"https:\/\/schema.org\",\"@graph\":[{\"@type\":\"WebPage\",\"@id\":\"https:\/\/chi-statt-botox.com\/produkt\/horn-schaber-2stueck\/\",\"url\":\"https:\/\/chi-statt-botox.com\/produkt\/horn-schaber-2stueck\/\",\"name\":\"Horn Schaber 2 St\u00fcck - Chi statt Botox\",\"isPartOf\":{\"@id\":\"https:\/\/chi-statt-botox.com\/#website\"},\"primaryImageOfPage\":{\"@id\":\"https:\/\/chi-statt-botox.com\/produkt\/horn-schaber-2stueck\/#primaryimage\"},\"image\":{\"@id\":\"https:\/\/chi-statt-botox.com\/produkt\/horn-schaber-2stueck\/#primaryimage\"},\"thumbnailUrl\":\"https:\/\/chi-statt-botox.com\/wp-content\/uploads\/Horn-Schaber.jpg\",\"datePublished\":\"2020-02-15T08:39:35+00:00\",\"dateModified\":\"2026-04-15T14:43:10+00:00\",\"breadcrumb\":{\"@id\":\"https:\/\/chi-statt-botox.com\/produkt\/horn-schaber-2stueck\/#breadcrumb\"},\"inLanguage\":\"en-GB\",\"potentialAction\":[{\"@type\":\"ReadAction\",\"target\":[\"https:\/\/chi-statt-botox.com\/produkt\/horn-schaber-2stueck\/\"]}]},{\"@type\":\"ImageObject\",\"inLanguage\":\"en-GB\",\"@id\":\"https:\/\/chi-statt-botox.com\/produkt\/horn-schaber-2stueck\/#primaryimage\",\"url\":\"https:\/\/chi-statt-botox.com\/wp-content\/uploads\/Horn-Schaber.jpg\",\"contentUrl\":\"https:\/\/chi-statt-botox.com\/wp-content\/uploads\/Horn-Schaber.jpg\",\"width\":1920,\"height\":1920},{\"@type\":\"BreadcrumbList\",\"@id\":\"https:\/\/chi-statt-botox.com\/produkt\/horn-schaber-2stueck\/#breadcrumb\",\"itemListElement\":[{\"@type\":\"ListItem\",\"position\":1,\"name\":\"Startseite\",\"item\":\"https:\/\/chi-statt-botox.com\/\"},{\"@type\":\"ListItem\",\"position\":2,\"name\":\"Produkte\",\"item\":\"https:\/\/chi-statt-botox.com\/shop\/\"},{\"@type\":\"ListItem\",\"position\":3,\"name\":\"Horn Schaber 2 St\u00fcck\"}]},{\"@type\":\"WebSite\",\"@id\":\"https:\/\/chi-statt-botox.com\/#website\",\"url\":\"https:\/\/chi-statt-botox.com\/\",\"name\":\"Chi statt Botox\",\"description\":\"Falten wegzaubern, Haut straffen\",\"potentialAction\":[{\"@type\":\"SearchAction\",\"target\":{\"@type\":\"EntryPoint\",\"urlTemplate\":\"https:\/\/chi-statt-botox.com\/?s={search_term_string}\"},\"query-input\":{\"@type\":\"PropertyValueSpecification\",\"valueRequired\":true,\"valueName\":\"search_term_string\"}}],\"inLanguage\":\"en-GB\"}]}<\/script>\n<!-- \/ Yoast SEO plugin. -->","yoast_head_json":{"title":"Horn scraper 2 pieces - Chi instead of Botox","robots":{"index":"index","follow":"follow","max-snippet":"max-snippet:-1","max-image-preview":"max-image-preview:large","max-video-preview":"max-video-preview:-1"},"canonical":"https:\/\/chi-statt-botox.com\/en\/product\/horn-schaber-2stueck\/","og_locale":"en_GB","og_type":"article","og_title":"Horn Schaber 2 St\u00fcck - Chi statt Botox","og_description":"\"Fischschaber\" f\u00fcr die Gesichtsmassage  2 St\u00fcck, um Massagen effektiv durchzuf\u00fchren  Rundungen und Einkerbungen f\u00fcr vielseitige Anwendung","og_url":"https:\/\/chi-statt-botox.com\/en\/product\/horn-schaber-2stueck\/","og_site_name":"Chi statt Botox","article_modified_time":"2026-04-15T14:43:10+00:00","og_image":[{"width":1920,"height":1920,"url":"https:\/\/chi-statt-botox.com\/wp-content\/uploads\/Horn-Schaber.jpg","type":"image\/jpeg"}],"twitter_card":"summary_large_image","twitter_misc":{"Estimated reading time":"1 minute"},"schema":{"@context":"https:\/\/schema.org","@graph":[{"@type":"WebPage","@id":"https:\/\/chi-statt-botox.com\/produkt\/horn-schaber-2stueck\/","url":"https:\/\/chi-statt-botox.com\/produkt\/horn-schaber-2stueck\/","name":"Horn scraper 2 pieces - Chi instead of Botox","isPartOf":{"@id":"https:\/\/chi-statt-botox.com\/#website"},"primaryImageOfPage":{"@id":"https:\/\/chi-statt-botox.com\/produkt\/horn-schaber-2stueck\/#primaryimage"},"image":{"@id":"https:\/\/chi-statt-botox.com\/produkt\/horn-schaber-2stueck\/#primaryimage"},"thumbnailUrl":"https:\/\/chi-statt-botox.com\/wp-content\/uploads\/Horn-Schaber.jpg","datePublished":"2020-02-15T08:39:35+00:00","dateModified":"2026-04-15T14:43:10+00:00","breadcrumb":{"@id":"https:\/\/chi-statt-botox.com\/produkt\/horn-schaber-2stueck\/#breadcrumb"},"inLanguage":"en-GB","potentialAction":[{"@type":"ReadAction","target":["https:\/\/chi-statt-botox.com\/produkt\/horn-schaber-2stueck\/"]}]},{"@type":"ImageObject","inLanguage":"en-GB","@id":"https:\/\/chi-statt-botox.com\/produkt\/horn-schaber-2stueck\/#primaryimage","url":"https:\/\/chi-statt-botox.com\/wp-content\/uploads\/Horn-Schaber.jpg","contentUrl":"https:\/\/chi-statt-botox.com\/wp-content\/uploads\/Horn-Schaber.jpg","width":1920,"height":1920},{"@type":"BreadcrumbList","@id":"https:\/\/chi-statt-botox.com\/produkt\/horn-schaber-2stueck\/#breadcrumb","itemListElement":[{"@type":"ListItem","position":1,"name":"Startseite","item":"https:\/\/chi-statt-botox.com\/"},{"@type":"ListItem","position":2,"name":"Produkte","item":"https:\/\/chi-statt-botox.com\/shop\/"},{"@type":"ListItem","position":3,"name":"Horn Schaber 2 St\u00fcck"}]},{"@type":"WebSite","@id":"https:\/\/chi-statt-botox.com\/#website","url":"https:\/\/chi-statt-botox.com\/","name":"Chi instead of Botox","description":"Magic away wrinkles, tighten skin","potentialAction":[{"@type":"SearchAction","target":{"@type":"EntryPoint","urlTemplate":"https:\/\/chi-statt-botox.com\/?s={search_term_string}"},"query-input":{"@type":"PropertyValueSpecification","valueRequired":true,"valueName":"search_term_string"}}],"inLanguage":"en-GB"}]}},"_links":{"self":[{"href":"https:\/\/chi-statt-botox.com\/en\/wp-json\/wp\/v2\/product\/2832","targetHints":{"allow":["GET"]}}],"collection":[{"href":"https:\/\/chi-statt-botox.com\/en\/wp-json\/wp\/v2\/product"}],"about":[{"href":"https:\/\/chi-statt-botox.com\/en\/wp-json\/wp\/v2\/types\/product"}],"wp:featuredmedia":[{"embeddable":true,"href":"https:\/\/chi-statt-botox.com\/en\/wp-json\/wp\/v2\/media\/30140"}],"wp:attachment":[{"href":"https:\/\/chi-statt-botox.com\/en\/wp-json\/wp\/v2\/media?parent=2832"}],"wp:term":[{"taxonomy":"product_brand","embeddable":true,"href":"https:\/\/chi-statt-botox.com\/en\/wp-json\/wp\/v2\/product_brand?post=2832"},{"taxonomy":"product_cat","embeddable":true,"href":"https:\/\/chi-statt-botox.com\/en\/wp-json\/wp\/v2\/product_cat?post=2832"},{"taxonomy":"product_tag","embeddable":true,"href":"https:\/\/chi-statt-botox.com\/en\/wp-json\/wp\/v2\/product_tag?post=2832"}],"curies":[{"name":"wp","href":"https:\/\/api.w.org\/{rel}","templated":true}]}}