{"id":2867,"date":"2020-02-17T12:06:12","date_gmt":"2020-02-17T11:06:12","guid":{"rendered":"https:\/\/chi-statt-botox.com\/?post_type=product&#038;p=2867"},"modified":"2026-04-08T08:50:19","modified_gmt":"2026-04-08T06:50:19","slug":"yogana-oel-mit-feingold-body-dance-2-15ml","status":"publish","type":"product","link":"https:\/\/chi-statt-botox.com\/en\/product\/yogana-oel-mit-feingold-body-dance-2-15ml\/","title":{"rendered":"Yogana oil with fine gold Body Dance 2, 15ml"},"content":{"rendered":"<p>999 Body Dance 2 oil: 100% natural, with 999 gold, ideal for cupping and scraping, blockage breaker for meridian massages. Also well tolerated by people who do not react so well to oils on the face. Bottle with practical dispenser.<\/p>\n<p>Ingredients: Sweet almond oil, jojoba seed oil, marigold extract, sunflower seed oil, St John's wort extract, natural vitamin E, rosemary oil, rose geranium oil, lavender oil, camomile blossom oil, sandalwood oil, rose oil, purest 999 fine gold.<\/p>\n<p>Components of the added high-quality essential oils to be declared from the threshold of 0.001% (depending on the harvest): Linalool, limonene, citronellol, geraniol<\/p>\n<p>999 Body Dance 2 is energetically heart-opening with the ingredients rosemary oil, sandalwood oil, geranium blossom oil and lavender oil.<br \/>\nVariant: 999 Body Dance 1 is the basic version with the ingredients myrrh oil and frankincense oil.<\/p>\n<p><strong>Product information<\/strong> (just click on it):<br \/>\n<strong><a href=\"https:\/\/www.youtube.com\/watch?v=i4wytEQKPik&amp;t=359s\" target=\"_blank\" rel=\"noopener\">\"More GLOW &amp; radiantly beautiful skin (changes everything!) \u2728 Face &amp; body\"<\/a><\/strong><\/p>\n<p>YOGANO GesmbH \/ P.O. Box 99 \/ 1230 Vienna \/ Austria \/ office@yogana.at<\/p>","protected":false},"excerpt":{"rendered":"<p>999 Body Dance 2 oil: 100% natural, with 999 gold, ideal for cupping and scraping, blockage breaker for meridian massages. Also well tolerated by people who do not react so well to oils on the face. Bottle with practical dispenser.<\/p>\n<p>&nbsp;<\/p>\n<p>&nbsp;<\/p>","protected":false},"featured_media":29639,"template":"","meta":{"_acf_changed":false,"_et_pb_use_builder":"","_et_pb_old_content":"","_et_gb_content_width":""},"product_brand":[],"product_cat":[141],"product_tag":[],"class_list":{"0":"post-2867","1":"product","2":"type-product","3":"status-publish","4":"has-post-thumbnail","6":"product_cat-chi-statt-botox","8":"first","9":"instock","10":"taxable","11":"shipping-taxable","12":"purchasable","13":"product-type-simple"},"acf":[],"yoast_head":"<!-- This site is optimized with the Yoast SEO plugin v26.4 - https:\/\/yoast.com\/wordpress\/plugins\/seo\/ -->\n<title>Yogana-\u00d6l mit Feingold Body Dance 2, 15ml - Chi statt Botox<\/title>\n<meta name=\"robots\" content=\"index, follow, max-snippet:-1, max-image-preview:large, max-video-preview:-1\" \/>\n<link rel=\"canonical\" href=\"https:\/\/chi-statt-botox.com\/en\/product\/yogana-oel-mit-feingold-body-dance-2-15ml\/\" \/>\n<meta property=\"og:locale\" content=\"en_GB\" \/>\n<meta property=\"og:type\" content=\"article\" \/>\n<meta property=\"og:title\" content=\"Yogana-\u00d6l mit Feingold Body Dance 2, 15ml - Chi statt Botox\" \/>\n<meta property=\"og:description\" content=\"999 Body Dance 2 \u00d6l: 100% nat\u00fcrlich, mit 999 Gold, ideal zum Schr\u00f6pfen und Schaben, Blockadenbrecher f\u00fcr Meridianmassagen. Wird auch von Menschen gut vertragen, die auf \u00d6le im Gesicht nicht so gut reagieren. Flasche mit praktischem Spender.  &nbsp;  &nbsp;\" \/>\n<meta property=\"og:url\" content=\"https:\/\/chi-statt-botox.com\/en\/product\/yogana-oel-mit-feingold-body-dance-2-15ml\/\" \/>\n<meta property=\"og:site_name\" content=\"Chi statt Botox\" \/>\n<meta property=\"article:modified_time\" content=\"2026-04-08T06:50:19+00:00\" \/>\n<meta property=\"og:image\" content=\"https:\/\/chi-statt-botox.com\/wp-content\/uploads\/web_999-body-dance2.jpg\" \/>\n\t<meta property=\"og:image:width\" content=\"1920\" \/>\n\t<meta property=\"og:image:height\" content=\"1920\" \/>\n\t<meta property=\"og:image:type\" content=\"image\/jpeg\" \/>\n<meta name=\"twitter:card\" content=\"summary_large_image\" \/>\n<meta name=\"twitter:label1\" content=\"Estimated reading time\" \/>\n\t<meta name=\"twitter:data1\" content=\"1 minute\" \/>\n<script type=\"application\/ld+json\" class=\"yoast-schema-graph\">{\"@context\":\"https:\/\/schema.org\",\"@graph\":[{\"@type\":\"WebPage\",\"@id\":\"https:\/\/chi-statt-botox.com\/produkt\/yogana-oel-mit-feingold-body-dance-2-15ml\/\",\"url\":\"https:\/\/chi-statt-botox.com\/produkt\/yogana-oel-mit-feingold-body-dance-2-15ml\/\",\"name\":\"Yogana-\u00d6l mit Feingold Body Dance 2, 15ml - Chi statt Botox\",\"isPartOf\":{\"@id\":\"https:\/\/chi-statt-botox.com\/#website\"},\"primaryImageOfPage\":{\"@id\":\"https:\/\/chi-statt-botox.com\/produkt\/yogana-oel-mit-feingold-body-dance-2-15ml\/#primaryimage\"},\"image\":{\"@id\":\"https:\/\/chi-statt-botox.com\/produkt\/yogana-oel-mit-feingold-body-dance-2-15ml\/#primaryimage\"},\"thumbnailUrl\":\"https:\/\/chi-statt-botox.com\/wp-content\/uploads\/web_999-body-dance2.jpg\",\"datePublished\":\"2020-02-17T11:06:12+00:00\",\"dateModified\":\"2026-04-08T06:50:19+00:00\",\"breadcrumb\":{\"@id\":\"https:\/\/chi-statt-botox.com\/produkt\/yogana-oel-mit-feingold-body-dance-2-15ml\/#breadcrumb\"},\"inLanguage\":\"en-GB\",\"potentialAction\":[{\"@type\":\"ReadAction\",\"target\":[\"https:\/\/chi-statt-botox.com\/produkt\/yogana-oel-mit-feingold-body-dance-2-15ml\/\"]}]},{\"@type\":\"ImageObject\",\"inLanguage\":\"en-GB\",\"@id\":\"https:\/\/chi-statt-botox.com\/produkt\/yogana-oel-mit-feingold-body-dance-2-15ml\/#primaryimage\",\"url\":\"https:\/\/chi-statt-botox.com\/wp-content\/uploads\/web_999-body-dance2.jpg\",\"contentUrl\":\"https:\/\/chi-statt-botox.com\/wp-content\/uploads\/web_999-body-dance2.jpg\",\"width\":1920,\"height\":1920},{\"@type\":\"BreadcrumbList\",\"@id\":\"https:\/\/chi-statt-botox.com\/produkt\/yogana-oel-mit-feingold-body-dance-2-15ml\/#breadcrumb\",\"itemListElement\":[{\"@type\":\"ListItem\",\"position\":1,\"name\":\"Startseite\",\"item\":\"https:\/\/chi-statt-botox.com\/\"},{\"@type\":\"ListItem\",\"position\":2,\"name\":\"Produkte\",\"item\":\"https:\/\/chi-statt-botox.com\/shop\/\"},{\"@type\":\"ListItem\",\"position\":3,\"name\":\"Yogana-\u00d6l mit Feingold Body Dance 2, 15ml\"}]},{\"@type\":\"WebSite\",\"@id\":\"https:\/\/chi-statt-botox.com\/#website\",\"url\":\"https:\/\/chi-statt-botox.com\/\",\"name\":\"Chi statt Botox\",\"description\":\"Falten wegzaubern, Haut straffen\",\"potentialAction\":[{\"@type\":\"SearchAction\",\"target\":{\"@type\":\"EntryPoint\",\"urlTemplate\":\"https:\/\/chi-statt-botox.com\/?s={search_term_string}\"},\"query-input\":{\"@type\":\"PropertyValueSpecification\",\"valueRequired\":true,\"valueName\":\"search_term_string\"}}],\"inLanguage\":\"en-GB\"}]}<\/script>\n<!-- \/ Yoast SEO plugin. -->","yoast_head_json":{"title":"Yogana oil with Feingold Body Dance 2, 15ml - Chi instead of Botox","robots":{"index":"index","follow":"follow","max-snippet":"max-snippet:-1","max-image-preview":"max-image-preview:large","max-video-preview":"max-video-preview:-1"},"canonical":"https:\/\/chi-statt-botox.com\/en\/product\/yogana-oel-mit-feingold-body-dance-2-15ml\/","og_locale":"en_GB","og_type":"article","og_title":"Yogana-\u00d6l mit Feingold Body Dance 2, 15ml - Chi statt Botox","og_description":"999 Body Dance 2 \u00d6l: 100% nat\u00fcrlich, mit 999 Gold, ideal zum Schr\u00f6pfen und Schaben, Blockadenbrecher f\u00fcr Meridianmassagen. Wird auch von Menschen gut vertragen, die auf \u00d6le im Gesicht nicht so gut reagieren. Flasche mit praktischem Spender.  &nbsp;  &nbsp;","og_url":"https:\/\/chi-statt-botox.com\/en\/product\/yogana-oel-mit-feingold-body-dance-2-15ml\/","og_site_name":"Chi statt Botox","article_modified_time":"2026-04-08T06:50:19+00:00","og_image":[{"width":1920,"height":1920,"url":"https:\/\/chi-statt-botox.com\/wp-content\/uploads\/web_999-body-dance2.jpg","type":"image\/jpeg"}],"twitter_card":"summary_large_image","twitter_misc":{"Estimated reading time":"1 minute"},"schema":{"@context":"https:\/\/schema.org","@graph":[{"@type":"WebPage","@id":"https:\/\/chi-statt-botox.com\/produkt\/yogana-oel-mit-feingold-body-dance-2-15ml\/","url":"https:\/\/chi-statt-botox.com\/produkt\/yogana-oel-mit-feingold-body-dance-2-15ml\/","name":"Yogana oil with Feingold Body Dance 2, 15ml - Chi instead of Botox","isPartOf":{"@id":"https:\/\/chi-statt-botox.com\/#website"},"primaryImageOfPage":{"@id":"https:\/\/chi-statt-botox.com\/produkt\/yogana-oel-mit-feingold-body-dance-2-15ml\/#primaryimage"},"image":{"@id":"https:\/\/chi-statt-botox.com\/produkt\/yogana-oel-mit-feingold-body-dance-2-15ml\/#primaryimage"},"thumbnailUrl":"https:\/\/chi-statt-botox.com\/wp-content\/uploads\/web_999-body-dance2.jpg","datePublished":"2020-02-17T11:06:12+00:00","dateModified":"2026-04-08T06:50:19+00:00","breadcrumb":{"@id":"https:\/\/chi-statt-botox.com\/produkt\/yogana-oel-mit-feingold-body-dance-2-15ml\/#breadcrumb"},"inLanguage":"en-GB","potentialAction":[{"@type":"ReadAction","target":["https:\/\/chi-statt-botox.com\/produkt\/yogana-oel-mit-feingold-body-dance-2-15ml\/"]}]},{"@type":"ImageObject","inLanguage":"en-GB","@id":"https:\/\/chi-statt-botox.com\/produkt\/yogana-oel-mit-feingold-body-dance-2-15ml\/#primaryimage","url":"https:\/\/chi-statt-botox.com\/wp-content\/uploads\/web_999-body-dance2.jpg","contentUrl":"https:\/\/chi-statt-botox.com\/wp-content\/uploads\/web_999-body-dance2.jpg","width":1920,"height":1920},{"@type":"BreadcrumbList","@id":"https:\/\/chi-statt-botox.com\/produkt\/yogana-oel-mit-feingold-body-dance-2-15ml\/#breadcrumb","itemListElement":[{"@type":"ListItem","position":1,"name":"Startseite","item":"https:\/\/chi-statt-botox.com\/"},{"@type":"ListItem","position":2,"name":"Produkte","item":"https:\/\/chi-statt-botox.com\/shop\/"},{"@type":"ListItem","position":3,"name":"Yogana-\u00d6l mit Feingold Body Dance 2, 15ml"}]},{"@type":"WebSite","@id":"https:\/\/chi-statt-botox.com\/#website","url":"https:\/\/chi-statt-botox.com\/","name":"Chi instead of Botox","description":"Magic away wrinkles, tighten skin","potentialAction":[{"@type":"SearchAction","target":{"@type":"EntryPoint","urlTemplate":"https:\/\/chi-statt-botox.com\/?s={search_term_string}"},"query-input":{"@type":"PropertyValueSpecification","valueRequired":true,"valueName":"search_term_string"}}],"inLanguage":"en-GB"}]}},"_links":{"self":[{"href":"https:\/\/chi-statt-botox.com\/en\/wp-json\/wp\/v2\/product\/2867","targetHints":{"allow":["GET"]}}],"collection":[{"href":"https:\/\/chi-statt-botox.com\/en\/wp-json\/wp\/v2\/product"}],"about":[{"href":"https:\/\/chi-statt-botox.com\/en\/wp-json\/wp\/v2\/types\/product"}],"wp:featuredmedia":[{"embeddable":true,"href":"https:\/\/chi-statt-botox.com\/en\/wp-json\/wp\/v2\/media\/29639"}],"wp:attachment":[{"href":"https:\/\/chi-statt-botox.com\/en\/wp-json\/wp\/v2\/media?parent=2867"}],"wp:term":[{"taxonomy":"product_brand","embeddable":true,"href":"https:\/\/chi-statt-botox.com\/en\/wp-json\/wp\/v2\/product_brand?post=2867"},{"taxonomy":"product_cat","embeddable":true,"href":"https:\/\/chi-statt-botox.com\/en\/wp-json\/wp\/v2\/product_cat?post=2867"},{"taxonomy":"product_tag","embeddable":true,"href":"https:\/\/chi-statt-botox.com\/en\/wp-json\/wp\/v2\/product_tag?post=2867"}],"curies":[{"name":"wp","href":"https:\/\/api.w.org\/{rel}","templated":true}]}}