{"id":2872,"date":"2020-02-17T13:24:25","date_gmt":"2020-02-17T12:24:25","guid":{"rendered":"https:\/\/chi-statt-botox.com\/?post_type=product&#038;p=2872"},"modified":"2026-04-08T06:28:45","modified_gmt":"2026-04-08T04:28:45","slug":"basenschauer-basisches-duschgel-100-ml","status":"publish","type":"product","link":"https:\/\/chi-statt-botox.com\/en\/product\/basenschauer-basisches-duschgel-100-ml\/","title":{"rendered":"BasenSchauer, alkaline shower gel 100 ml"},"content":{"rendered":"<div class=\"product-body\">\n<p>With its alkaline pH value of approx. 7.5 and its valuable ingredients, BasenSchauer provides revitalising and harmonising care for all skin types. Moisturising aloe vera, natural minerals and essential oils intensively nourish and refresh the skin and support its natural functions - leaving it feeling velvety soft.<\/p>\n<p>The stimulating fragrance of the selected oils is a treat for the senses. In addition, exquisite herbal extracts such as birch and lemon balm leaves alongside hop blossoms ensure a soothed and balanced complexion.<\/p>\n<p>The alkalising shower gel provides the ultimate freshness boost, especially after sport, and actively supports the body's detoxification process. Each bottle also contains a small rock crystal. As one of the most important gemstones, this healing stone stands for strength and endurance - for clarity and vitality, according to the traditions of St. Benedictine Hildegard von Bingen.<\/p>\n<p>Jentschura International GmbH \/ Otto-Hahn-Stra\u00dfe 22-26 \/ 48161 M\u00fcnster \/ Germany info@p-jentschura.com<\/p>\n<\/div>","protected":false},"excerpt":{"rendered":"<ul>\n<li>Vitalising and harmonising care for every skin type<\/li>\n<li>Made from moisturising aloe vera<\/li>\n<li>With natural minerals and essential oils<\/li>\n<li>Intensive skin care and refreshment<\/li>\n<li>Supports skin in its natural functions<\/li>\n<li>There is a small rock crystal in every bottle<\/li>\n<\/ul>\n<p>&nbsp;<\/p>","protected":false},"featured_media":27597,"template":"","meta":{"_acf_changed":false,"_et_pb_use_builder":"","_et_pb_old_content":"","_et_gb_content_width":""},"product_brand":[],"product_cat":[172],"product_tag":[],"class_list":{"0":"post-2872","1":"product","2":"type-product","3":"status-publish","4":"has-post-thumbnail","6":"product_cat-kosmetik","8":"first","9":"instock","10":"taxable","11":"shipping-taxable","12":"purchasable","13":"product-type-simple"},"acf":[],"yoast_head":"<!-- This site is optimized with the Yoast SEO plugin v26.4 - https:\/\/yoast.com\/wordpress\/plugins\/seo\/ -->\n<title>BasenSchauer, basisches Duschgel 100 ml - Chi statt Botox<\/title>\n<meta name=\"robots\" content=\"index, follow, max-snippet:-1, max-image-preview:large, max-video-preview:-1\" \/>\n<link rel=\"canonical\" href=\"https:\/\/chi-statt-botox.com\/en\/product\/basenschauer-basisches-duschgel-100-ml\/\" \/>\n<meta property=\"og:locale\" content=\"en_GB\" \/>\n<meta property=\"og:type\" content=\"article\" \/>\n<meta property=\"og:title\" content=\"BasenSchauer, basisches Duschgel 100 ml - Chi statt Botox\" \/>\n<meta property=\"og:description\" content=\"Vitalisierende und harmonisierende Pflege f\u00fcr jeden Hauttyp  Aus feuchtigkeitsspendender Aloe Vera  Mit nat\u00fcrlichen Mineralien und \u00e4therischen \u00d6len  Intensive Pflege und Erfrischung der Haut  Unterst\u00fctzt Haut in nat\u00fcrlichen Funktionen  In jeder Flasche ist ein kleiner Bergkristall  &nbsp;\" \/>\n<meta property=\"og:url\" content=\"https:\/\/chi-statt-botox.com\/en\/product\/basenschauer-basisches-duschgel-100-ml\/\" \/>\n<meta property=\"og:site_name\" content=\"Chi statt Botox\" \/>\n<meta property=\"article:modified_time\" content=\"2026-04-08T04:28:45+00:00\" \/>\n<meta property=\"og:image\" content=\"https:\/\/chi-statt-botox.com\/wp-content\/uploads\/BS.jpg\" \/>\n\t<meta property=\"og:image:width\" content=\"720\" \/>\n\t<meta property=\"og:image:height\" content=\"720\" \/>\n\t<meta property=\"og:image:type\" content=\"image\/jpeg\" \/>\n<meta name=\"twitter:card\" content=\"summary_large_image\" \/>\n<meta name=\"twitter:label1\" content=\"Estimated reading time\" \/>\n\t<meta name=\"twitter:data1\" content=\"1 minute\" \/>\n<script type=\"application\/ld+json\" class=\"yoast-schema-graph\">{\"@context\":\"https:\/\/schema.org\",\"@graph\":[{\"@type\":\"WebPage\",\"@id\":\"https:\/\/chi-statt-botox.com\/produkt\/basenschauer-basisches-duschgel-100-ml\/\",\"url\":\"https:\/\/chi-statt-botox.com\/produkt\/basenschauer-basisches-duschgel-100-ml\/\",\"name\":\"BasenSchauer, basisches Duschgel 100 ml - Chi statt Botox\",\"isPartOf\":{\"@id\":\"https:\/\/chi-statt-botox.com\/#website\"},\"primaryImageOfPage\":{\"@id\":\"https:\/\/chi-statt-botox.com\/produkt\/basenschauer-basisches-duschgel-100-ml\/#primaryimage\"},\"image\":{\"@id\":\"https:\/\/chi-statt-botox.com\/produkt\/basenschauer-basisches-duschgel-100-ml\/#primaryimage\"},\"thumbnailUrl\":\"https:\/\/chi-statt-botox.com\/wp-content\/uploads\/BS.jpg\",\"datePublished\":\"2020-02-17T12:24:25+00:00\",\"dateModified\":\"2026-04-08T04:28:45+00:00\",\"breadcrumb\":{\"@id\":\"https:\/\/chi-statt-botox.com\/produkt\/basenschauer-basisches-duschgel-100-ml\/#breadcrumb\"},\"inLanguage\":\"en-GB\",\"potentialAction\":[{\"@type\":\"ReadAction\",\"target\":[\"https:\/\/chi-statt-botox.com\/produkt\/basenschauer-basisches-duschgel-100-ml\/\"]}]},{\"@type\":\"ImageObject\",\"inLanguage\":\"en-GB\",\"@id\":\"https:\/\/chi-statt-botox.com\/produkt\/basenschauer-basisches-duschgel-100-ml\/#primaryimage\",\"url\":\"https:\/\/chi-statt-botox.com\/wp-content\/uploads\/BS.jpg\",\"contentUrl\":\"https:\/\/chi-statt-botox.com\/wp-content\/uploads\/BS.jpg\",\"width\":720,\"height\":720},{\"@type\":\"BreadcrumbList\",\"@id\":\"https:\/\/chi-statt-botox.com\/produkt\/basenschauer-basisches-duschgel-100-ml\/#breadcrumb\",\"itemListElement\":[{\"@type\":\"ListItem\",\"position\":1,\"name\":\"Startseite\",\"item\":\"https:\/\/chi-statt-botox.com\/\"},{\"@type\":\"ListItem\",\"position\":2,\"name\":\"Produkte\",\"item\":\"https:\/\/chi-statt-botox.com\/shop\/\"},{\"@type\":\"ListItem\",\"position\":3,\"name\":\"BasenSchauer, basisches Duschgel 100 ml\"}]},{\"@type\":\"WebSite\",\"@id\":\"https:\/\/chi-statt-botox.com\/#website\",\"url\":\"https:\/\/chi-statt-botox.com\/\",\"name\":\"Chi statt Botox\",\"description\":\"Falten wegzaubern, Haut straffen\",\"potentialAction\":[{\"@type\":\"SearchAction\",\"target\":{\"@type\":\"EntryPoint\",\"urlTemplate\":\"https:\/\/chi-statt-botox.com\/?s={search_term_string}\"},\"query-input\":{\"@type\":\"PropertyValueSpecification\",\"valueRequired\":true,\"valueName\":\"search_term_string\"}}],\"inLanguage\":\"en-GB\"}]}<\/script>\n<!-- \/ Yoast SEO plugin. -->","yoast_head_json":{"title":"BasenSchauer, alkaline shower gel 100 ml - Chi instead of Botox","robots":{"index":"index","follow":"follow","max-snippet":"max-snippet:-1","max-image-preview":"max-image-preview:large","max-video-preview":"max-video-preview:-1"},"canonical":"https:\/\/chi-statt-botox.com\/en\/product\/basenschauer-basisches-duschgel-100-ml\/","og_locale":"en_GB","og_type":"article","og_title":"BasenSchauer, basisches Duschgel 100 ml - Chi statt Botox","og_description":"Vitalisierende und harmonisierende Pflege f\u00fcr jeden Hauttyp  Aus feuchtigkeitsspendender Aloe Vera  Mit nat\u00fcrlichen Mineralien und \u00e4therischen \u00d6len  Intensive Pflege und Erfrischung der Haut  Unterst\u00fctzt Haut in nat\u00fcrlichen Funktionen  In jeder Flasche ist ein kleiner Bergkristall  &nbsp;","og_url":"https:\/\/chi-statt-botox.com\/en\/product\/basenschauer-basisches-duschgel-100-ml\/","og_site_name":"Chi statt Botox","article_modified_time":"2026-04-08T04:28:45+00:00","og_image":[{"width":720,"height":720,"url":"https:\/\/chi-statt-botox.com\/wp-content\/uploads\/BS.jpg","type":"image\/jpeg"}],"twitter_card":"summary_large_image","twitter_misc":{"Estimated reading time":"1 minute"},"schema":{"@context":"https:\/\/schema.org","@graph":[{"@type":"WebPage","@id":"https:\/\/chi-statt-botox.com\/produkt\/basenschauer-basisches-duschgel-100-ml\/","url":"https:\/\/chi-statt-botox.com\/produkt\/basenschauer-basisches-duschgel-100-ml\/","name":"BasenSchauer, alkaline shower gel 100 ml - Chi instead of Botox","isPartOf":{"@id":"https:\/\/chi-statt-botox.com\/#website"},"primaryImageOfPage":{"@id":"https:\/\/chi-statt-botox.com\/produkt\/basenschauer-basisches-duschgel-100-ml\/#primaryimage"},"image":{"@id":"https:\/\/chi-statt-botox.com\/produkt\/basenschauer-basisches-duschgel-100-ml\/#primaryimage"},"thumbnailUrl":"https:\/\/chi-statt-botox.com\/wp-content\/uploads\/BS.jpg","datePublished":"2020-02-17T12:24:25+00:00","dateModified":"2026-04-08T04:28:45+00:00","breadcrumb":{"@id":"https:\/\/chi-statt-botox.com\/produkt\/basenschauer-basisches-duschgel-100-ml\/#breadcrumb"},"inLanguage":"en-GB","potentialAction":[{"@type":"ReadAction","target":["https:\/\/chi-statt-botox.com\/produkt\/basenschauer-basisches-duschgel-100-ml\/"]}]},{"@type":"ImageObject","inLanguage":"en-GB","@id":"https:\/\/chi-statt-botox.com\/produkt\/basenschauer-basisches-duschgel-100-ml\/#primaryimage","url":"https:\/\/chi-statt-botox.com\/wp-content\/uploads\/BS.jpg","contentUrl":"https:\/\/chi-statt-botox.com\/wp-content\/uploads\/BS.jpg","width":720,"height":720},{"@type":"BreadcrumbList","@id":"https:\/\/chi-statt-botox.com\/produkt\/basenschauer-basisches-duschgel-100-ml\/#breadcrumb","itemListElement":[{"@type":"ListItem","position":1,"name":"Startseite","item":"https:\/\/chi-statt-botox.com\/"},{"@type":"ListItem","position":2,"name":"Produkte","item":"https:\/\/chi-statt-botox.com\/shop\/"},{"@type":"ListItem","position":3,"name":"BasenSchauer, basisches Duschgel 100 ml"}]},{"@type":"WebSite","@id":"https:\/\/chi-statt-botox.com\/#website","url":"https:\/\/chi-statt-botox.com\/","name":"Chi instead of Botox","description":"Magic away wrinkles, tighten skin","potentialAction":[{"@type":"SearchAction","target":{"@type":"EntryPoint","urlTemplate":"https:\/\/chi-statt-botox.com\/?s={search_term_string}"},"query-input":{"@type":"PropertyValueSpecification","valueRequired":true,"valueName":"search_term_string"}}],"inLanguage":"en-GB"}]}},"_links":{"self":[{"href":"https:\/\/chi-statt-botox.com\/en\/wp-json\/wp\/v2\/product\/2872","targetHints":{"allow":["GET"]}}],"collection":[{"href":"https:\/\/chi-statt-botox.com\/en\/wp-json\/wp\/v2\/product"}],"about":[{"href":"https:\/\/chi-statt-botox.com\/en\/wp-json\/wp\/v2\/types\/product"}],"wp:featuredmedia":[{"embeddable":true,"href":"https:\/\/chi-statt-botox.com\/en\/wp-json\/wp\/v2\/media\/27597"}],"wp:attachment":[{"href":"https:\/\/chi-statt-botox.com\/en\/wp-json\/wp\/v2\/media?parent=2872"}],"wp:term":[{"taxonomy":"product_brand","embeddable":true,"href":"https:\/\/chi-statt-botox.com\/en\/wp-json\/wp\/v2\/product_brand?post=2872"},{"taxonomy":"product_cat","embeddable":true,"href":"https:\/\/chi-statt-botox.com\/en\/wp-json\/wp\/v2\/product_cat?post=2872"},{"taxonomy":"product_tag","embeddable":true,"href":"https:\/\/chi-statt-botox.com\/en\/wp-json\/wp\/v2\/product_tag?post=2872"}],"curies":[{"name":"wp","href":"https:\/\/api.w.org\/{rel}","templated":true}]}}