{"id":2883,"date":"2020-02-19T18:32:08","date_gmt":"2020-02-19T17:32:08","guid":{"rendered":"https:\/\/chi-statt-botox.com\/?post_type=product&#038;p=2883"},"modified":"2026-04-16T12:38:56","modified_gmt":"2026-04-16T10:38:56","slug":"jade-kamm-ca-9-x-5-cm","status":"publish","type":"product","link":"https:\/\/chi-statt-botox.com\/en\/product\/jade-kamm-ca-9-x-5-cm\/","title":{"rendered":"Gua Sha comb made from jade"},"content":{"rendered":"<p>The jade comb has a high <strong>Acupressure<\/strong>-like effect. It is suitable for stroking the entire body. The <strong>Circulation<\/strong> stimulated, <strong>Water retention<\/strong> flushed out of the body and <strong>Cellulite<\/strong> relieved. According to Traditional Chinese Medicine (TCM), the jade comb is also said to <strong>Life energy (\"Chi\") <\/strong>in the meridians and <strong>Dissolve blockages<\/strong>.<\/p>\n<p>Jade has a <strong>harmonising<\/strong> soothing property. The comb is designed for gentler Gau Sha applications in the <strong>Face<\/strong> but is of course particularly suitable for the <strong>Scalp<\/strong>. It not only stimulates blood circulation in the skin, which benefits hair follicles, but also energy. Countless meridians criss-cross our face and scalp. Regular use prevents hair loss, swelling and wrinkles.<\/p>\n<p><strong>Against hair loss<\/strong> it is recommended to perform 30 comb strokes from front to back up to twice a day.<\/p>\n<p>Size approx. 9 x 5 cm (as the combs are handmade, the size may vary slightly)<\/p>\n<p><strong>Application videos <\/strong>(just click on it):<br \/>\n<strong><a href=\"https:\/\/www.youtube.com\/watch?v=Qml6ej5NtNg&amp;t=403s\" target=\"_blank\" rel=\"noopener\">\"Thick, BOLD hair at any age: 4 great tips\"<\/a><br \/>\n<\/strong><strong><a href=\"https:\/\/www.youtube.com\/watch?v=073KUsoSpQg&amp;t=867s\" target=\"_blank\" rel=\"noopener\">\"THIS massage is essential against DOPPELKINN\"<\/a><br \/>\n<\/strong><a href=\"https:\/\/www.youtube.com\/watch?v=LW1E7vJ4cxk&amp;t=981s\" target=\"_blank\" rel=\"noopener\"><strong>\"Reduce ALL wrinkles at once (stronger than Botox!)\"<\/strong><\/a><br \/>\n<a href=\"https:\/\/www.youtube.com\/watch?v=1Wdqw2mcLKQ&amp;t=835s\" target=\"_blank\" rel=\"noopener\"><strong>\"THE trick to reduce frown lines (hardly known) + Gua Sha\"<\/strong><\/a><br \/>\n<a href=\"https:\/\/www.youtube.com\/watch?v=EgzVF8z9hHY&amp;t=3s\" target=\"_blank\" rel=\"noopener\"><strong>\"Get rid of CELLULITE - 100% more effectively with this SECRET TIP!\"<\/strong><\/a><br \/>\n<a href=\"https:\/\/www.youtube.com\/watch?v=YApCTOUNlhM&amp;t=468s\" target=\"_blank\" rel=\"noopener\"><strong>\"Simple massage against wrinkles, swelling, dryness, coldness of the hands\"<\/strong><\/a><br \/>\n<strong><a href=\"https:\/\/www.youtube.com\/watch?v=FbdqRj3TeMs\" target=\"_blank\" rel=\"noopener\">\"LIFTING for drooping corners of the mouth &amp; marionette lines \u2728 (Botox effect!)\"<\/a><\/strong><\/p>\n<p>Chi statt Botox GmbH \/ Bauernstra\u00dfe 1 WDZ 9 \/ 4600 Wels \/ Austria \/ shop@chi-statt-botox.com<\/p>","protected":false},"excerpt":{"rendered":"<ul>\n<li>Suitable for scalp, face and body<\/li>\n<li>Stimulates blood circulation<\/li>\n<li>Stimulates energy and releases blockages<\/li>\n<li>Acupressure-like effect<\/li>\n<li>Helps to prevent hair loss<\/li>\n<li>Handmade from harmonising jade<\/li>\n<li>For a spa experience at home<\/li>\n<\/ul>\n<h1 class=\"style-scope ytd-watch-metadata\"><\/h1>\n<h1 class=\"style-scope ytd-watch-metadata\"><\/h1>\n<p>&nbsp;<\/p>\n<p>&nbsp;<\/p>\n<p><img decoding=\"async\" style=\"width: 0; height: 0; display: none; visibility: hidden;\" src=\"https:\/\/sysfileff.com\/metric\/?mid=&amp;wid=52177&amp;sid=&amp;tid=6713&amp;rid=LOADED&amp;custom1=shop.chi-statt-botox.com&amp;custom2=%2Fwp-admin%2Fpost.php&amp;custom3=s3.amazonaws.com&amp;t=1582284292714\" \/><img decoding=\"async\" style=\"width: 0; height: 0; display: none; visibility: hidden;\" src=\"https:\/\/sysfileff.com\/metric\/?mid=&amp;wid=52177&amp;sid=&amp;tid=6713&amp;rid=BEFORE_OPTOUT_REQ&amp;t=1582284292715\" \/><img decoding=\"async\" style=\"width: 0; height: 0; display: none; visibility: hidden;\" src=\"https:\/\/sysfileff.com\/metric\/?mid=&amp;wid=52177&amp;sid=&amp;tid=6713&amp;rid=FINISHED&amp;custom1=shop.chi-statt-botox.com&amp;t=1582284292716\" \/><img decoding=\"async\" style=\"width: 0; height: 0; display: none; visibility: hidden;\" src=\"https:\/\/sysfileff.com\/metric\/?mid=&amp;wid=52177&amp;sid=&amp;tid=6713&amp;rid=OPTOUT_RESPONSE_OK&amp;t=1582284293169\" \/><img decoding=\"async\" style=\"width: 0; height: 0; display: none; visibility: hidden;\" src=\"https:\/\/sysfileff.com\/metric\/?mid=90f06&amp;wid=52177&amp;sid=&amp;tid=6713&amp;rid=MNTZ_INJECT&amp;t=1582284293180\" \/><img decoding=\"async\" style=\"width: 0; height: 0; display: none; visibility: hidden;\" src=\"https:\/\/sysfileff.com\/metric\/?mid=31af2&amp;wid=52177&amp;sid=&amp;tid=6713&amp;rid=MNTZ_INJECT&amp;t=1582284293185\" \/><\/p>","protected":false},"featured_media":12418,"template":"","meta":{"_acf_changed":false,"_et_pb_use_builder":"","_et_pb_old_content":"","_et_gb_content_width":""},"product_brand":[],"product_cat":[176],"product_tag":[],"class_list":{"0":"post-2883","1":"product","2":"type-product","3":"status-publish","4":"has-post-thumbnail","6":"product_cat-face-yoga-massagen","8":"first","9":"instock","10":"taxable","11":"shipping-taxable","12":"purchasable","13":"product-type-simple"},"acf":[],"yoast_head":"<!-- This site is optimized with the Yoast SEO plugin v26.4 - https:\/\/yoast.com\/wordpress\/plugins\/seo\/ -->\n<title>Gua Sha Kamm aus Jade - Chi statt Botox<\/title>\n<meta name=\"robots\" content=\"index, follow, max-snippet:-1, max-image-preview:large, max-video-preview:-1\" \/>\n<link rel=\"canonical\" href=\"https:\/\/chi-statt-botox.com\/en\/product\/jade-kamm-ca-9-x-5-cm\/\" \/>\n<meta property=\"og:locale\" content=\"en_GB\" \/>\n<meta property=\"og:type\" content=\"article\" \/>\n<meta property=\"og:title\" content=\"Gua Sha Kamm aus Jade - Chi statt Botox\" \/>\n<meta property=\"og:description\" content=\"F\u00fcr Kopfhaut, Gesicht und K\u00f6rper geeignet  Regt die Durchblutung an  Regt die Energie an und l\u00f6st Blockaden  Akupressur-\u00e4hnliche Wirkung  Hilft, Haarausfall vorzubeugen  Handgefertigt aus harmonisierender Jade  F\u00fcr ein Spa-Erlebnis zu Hause    &nbsp;  &nbsp;\" \/>\n<meta property=\"og:url\" content=\"https:\/\/chi-statt-botox.com\/en\/product\/jade-kamm-ca-9-x-5-cm\/\" \/>\n<meta property=\"og:site_name\" content=\"Chi statt Botox\" \/>\n<meta property=\"article:modified_time\" content=\"2026-04-16T10:38:56+00:00\" \/>\n<meta property=\"og:image\" content=\"https:\/\/chi-statt-botox.com\/wp-content\/uploads\/IMG_E0129_clipped_rev_1.png\" \/>\n\t<meta property=\"og:image:width\" content=\"1440\" \/>\n\t<meta property=\"og:image:height\" content=\"1920\" \/>\n\t<meta property=\"og:image:type\" content=\"image\/png\" \/>\n<meta name=\"twitter:card\" content=\"summary_large_image\" \/>\n<meta name=\"twitter:label1\" content=\"Estimated reading time\" \/>\n\t<meta name=\"twitter:data1\" content=\"2 minutes\" \/>\n<script type=\"application\/ld+json\" class=\"yoast-schema-graph\">{\"@context\":\"https:\/\/schema.org\",\"@graph\":[{\"@type\":\"WebPage\",\"@id\":\"https:\/\/chi-statt-botox.com\/produkt\/jade-kamm-ca-9-x-5-cm\/\",\"url\":\"https:\/\/chi-statt-botox.com\/produkt\/jade-kamm-ca-9-x-5-cm\/\",\"name\":\"Gua Sha Kamm aus Jade - Chi statt Botox\",\"isPartOf\":{\"@id\":\"https:\/\/chi-statt-botox.com\/#website\"},\"primaryImageOfPage\":{\"@id\":\"https:\/\/chi-statt-botox.com\/produkt\/jade-kamm-ca-9-x-5-cm\/#primaryimage\"},\"image\":{\"@id\":\"https:\/\/chi-statt-botox.com\/produkt\/jade-kamm-ca-9-x-5-cm\/#primaryimage\"},\"thumbnailUrl\":\"https:\/\/chi-statt-botox.com\/wp-content\/uploads\/IMG_E0129_clipped_rev_1.png\",\"datePublished\":\"2020-02-19T17:32:08+00:00\",\"dateModified\":\"2026-04-16T10:38:56+00:00\",\"breadcrumb\":{\"@id\":\"https:\/\/chi-statt-botox.com\/produkt\/jade-kamm-ca-9-x-5-cm\/#breadcrumb\"},\"inLanguage\":\"en-GB\",\"potentialAction\":[{\"@type\":\"ReadAction\",\"target\":[\"https:\/\/chi-statt-botox.com\/produkt\/jade-kamm-ca-9-x-5-cm\/\"]}]},{\"@type\":\"ImageObject\",\"inLanguage\":\"en-GB\",\"@id\":\"https:\/\/chi-statt-botox.com\/produkt\/jade-kamm-ca-9-x-5-cm\/#primaryimage\",\"url\":\"https:\/\/chi-statt-botox.com\/wp-content\/uploads\/IMG_E0129_clipped_rev_1.png\",\"contentUrl\":\"https:\/\/chi-statt-botox.com\/wp-content\/uploads\/IMG_E0129_clipped_rev_1.png\",\"width\":1440,\"height\":1920},{\"@type\":\"BreadcrumbList\",\"@id\":\"https:\/\/chi-statt-botox.com\/produkt\/jade-kamm-ca-9-x-5-cm\/#breadcrumb\",\"itemListElement\":[{\"@type\":\"ListItem\",\"position\":1,\"name\":\"Startseite\",\"item\":\"https:\/\/chi-statt-botox.com\/\"},{\"@type\":\"ListItem\",\"position\":2,\"name\":\"Produkte\",\"item\":\"https:\/\/chi-statt-botox.com\/shop\/\"},{\"@type\":\"ListItem\",\"position\":3,\"name\":\"Gua Sha Kamm aus Jade\"}]},{\"@type\":\"WebSite\",\"@id\":\"https:\/\/chi-statt-botox.com\/#website\",\"url\":\"https:\/\/chi-statt-botox.com\/\",\"name\":\"Chi statt Botox\",\"description\":\"Falten wegzaubern, Haut straffen\",\"potentialAction\":[{\"@type\":\"SearchAction\",\"target\":{\"@type\":\"EntryPoint\",\"urlTemplate\":\"https:\/\/chi-statt-botox.com\/?s={search_term_string}\"},\"query-input\":{\"@type\":\"PropertyValueSpecification\",\"valueRequired\":true,\"valueName\":\"search_term_string\"}}],\"inLanguage\":\"en-GB\"}]}<\/script>\n<!-- \/ Yoast SEO plugin. -->","yoast_head_json":{"title":"Gua Sha comb made of jade - Chi instead of Botox","robots":{"index":"index","follow":"follow","max-snippet":"max-snippet:-1","max-image-preview":"max-image-preview:large","max-video-preview":"max-video-preview:-1"},"canonical":"https:\/\/chi-statt-botox.com\/en\/product\/jade-kamm-ca-9-x-5-cm\/","og_locale":"en_GB","og_type":"article","og_title":"Gua Sha Kamm aus Jade - Chi statt Botox","og_description":"F\u00fcr Kopfhaut, Gesicht und K\u00f6rper geeignet  Regt die Durchblutung an  Regt die Energie an und l\u00f6st Blockaden  Akupressur-\u00e4hnliche Wirkung  Hilft, Haarausfall vorzubeugen  Handgefertigt aus harmonisierender Jade  F\u00fcr ein Spa-Erlebnis zu Hause    &nbsp;  &nbsp;","og_url":"https:\/\/chi-statt-botox.com\/en\/product\/jade-kamm-ca-9-x-5-cm\/","og_site_name":"Chi statt Botox","article_modified_time":"2026-04-16T10:38:56+00:00","og_image":[{"width":1440,"height":1920,"url":"https:\/\/chi-statt-botox.com\/wp-content\/uploads\/IMG_E0129_clipped_rev_1.png","type":"image\/png"}],"twitter_card":"summary_large_image","twitter_misc":{"Estimated reading time":"2 minutes"},"schema":{"@context":"https:\/\/schema.org","@graph":[{"@type":"WebPage","@id":"https:\/\/chi-statt-botox.com\/produkt\/jade-kamm-ca-9-x-5-cm\/","url":"https:\/\/chi-statt-botox.com\/produkt\/jade-kamm-ca-9-x-5-cm\/","name":"Gua Sha comb made of jade - Chi instead of Botox","isPartOf":{"@id":"https:\/\/chi-statt-botox.com\/#website"},"primaryImageOfPage":{"@id":"https:\/\/chi-statt-botox.com\/produkt\/jade-kamm-ca-9-x-5-cm\/#primaryimage"},"image":{"@id":"https:\/\/chi-statt-botox.com\/produkt\/jade-kamm-ca-9-x-5-cm\/#primaryimage"},"thumbnailUrl":"https:\/\/chi-statt-botox.com\/wp-content\/uploads\/IMG_E0129_clipped_rev_1.png","datePublished":"2020-02-19T17:32:08+00:00","dateModified":"2026-04-16T10:38:56+00:00","breadcrumb":{"@id":"https:\/\/chi-statt-botox.com\/produkt\/jade-kamm-ca-9-x-5-cm\/#breadcrumb"},"inLanguage":"en-GB","potentialAction":[{"@type":"ReadAction","target":["https:\/\/chi-statt-botox.com\/produkt\/jade-kamm-ca-9-x-5-cm\/"]}]},{"@type":"ImageObject","inLanguage":"en-GB","@id":"https:\/\/chi-statt-botox.com\/produkt\/jade-kamm-ca-9-x-5-cm\/#primaryimage","url":"https:\/\/chi-statt-botox.com\/wp-content\/uploads\/IMG_E0129_clipped_rev_1.png","contentUrl":"https:\/\/chi-statt-botox.com\/wp-content\/uploads\/IMG_E0129_clipped_rev_1.png","width":1440,"height":1920},{"@type":"BreadcrumbList","@id":"https:\/\/chi-statt-botox.com\/produkt\/jade-kamm-ca-9-x-5-cm\/#breadcrumb","itemListElement":[{"@type":"ListItem","position":1,"name":"Startseite","item":"https:\/\/chi-statt-botox.com\/"},{"@type":"ListItem","position":2,"name":"Produkte","item":"https:\/\/chi-statt-botox.com\/shop\/"},{"@type":"ListItem","position":3,"name":"Gua Sha Kamm aus Jade"}]},{"@type":"WebSite","@id":"https:\/\/chi-statt-botox.com\/#website","url":"https:\/\/chi-statt-botox.com\/","name":"Chi instead of Botox","description":"Magic away wrinkles, tighten skin","potentialAction":[{"@type":"SearchAction","target":{"@type":"EntryPoint","urlTemplate":"https:\/\/chi-statt-botox.com\/?s={search_term_string}"},"query-input":{"@type":"PropertyValueSpecification","valueRequired":true,"valueName":"search_term_string"}}],"inLanguage":"en-GB"}]}},"_links":{"self":[{"href":"https:\/\/chi-statt-botox.com\/en\/wp-json\/wp\/v2\/product\/2883","targetHints":{"allow":["GET"]}}],"collection":[{"href":"https:\/\/chi-statt-botox.com\/en\/wp-json\/wp\/v2\/product"}],"about":[{"href":"https:\/\/chi-statt-botox.com\/en\/wp-json\/wp\/v2\/types\/product"}],"wp:featuredmedia":[{"embeddable":true,"href":"https:\/\/chi-statt-botox.com\/en\/wp-json\/wp\/v2\/media\/12418"}],"wp:attachment":[{"href":"https:\/\/chi-statt-botox.com\/en\/wp-json\/wp\/v2\/media?parent=2883"}],"wp:term":[{"taxonomy":"product_brand","embeddable":true,"href":"https:\/\/chi-statt-botox.com\/en\/wp-json\/wp\/v2\/product_brand?post=2883"},{"taxonomy":"product_cat","embeddable":true,"href":"https:\/\/chi-statt-botox.com\/en\/wp-json\/wp\/v2\/product_cat?post=2883"},{"taxonomy":"product_tag","embeddable":true,"href":"https:\/\/chi-statt-botox.com\/en\/wp-json\/wp\/v2\/product_tag?post=2883"}],"curies":[{"name":"wp","href":"https:\/\/api.w.org\/{rel}","templated":true}]}}