{"id":3019,"date":"2020-03-04T11:51:43","date_gmt":"2020-03-04T10:51:43","guid":{"rendered":"https:\/\/chi-statt-botox.com\/?post_type=product&#038;p=3019"},"modified":"2026-04-16T05:34:48","modified_gmt":"2026-04-16T03:34:48","slug":"bella-bambi-mini-trio","status":"publish","type":"product","link":"https:\/\/chi-statt-botox.com\/en\/product\/bella-bambi-mini-trio\/","title":{"rendered":"Bella Bambi Mini Trio"},"content":{"rendered":"<p><strong>Cupping set<\/strong> - 3 cups with different intensities. Very <strong>Easy to operate<\/strong>gentle on the fingers (less pressure required). They consist of <strong>high-quality silicone<\/strong>\u00a0and is located in Gundelfingen in\u00a0<strong>Germany<\/strong>\u00a0produced.<\/p>\n<p>&#8222;<strong>Sensitive<\/strong>\" (YELLOW) is ideal for cupping the face.<\/p>\n<p>&#8222;<strong>Regular<\/strong>\" (ORANGE) is slightly more intense, well suited for cupping the forehead and neck.<\/p>\n<p>&#8222;<strong>Intense<\/strong>\" (RED) is suitable for cupping the neck and other parts of the body.<\/p>\n<p>The cupping massage, also known as cupping, <strong>perfused<\/strong>\u00a0the tissue and\u00a0<strong>Dissolves adhesions and tension<\/strong>. If the tissue is tense, it is no longer sufficiently supplied with blood, which often leads to unnecessary wrinkles.<\/p>\n<p>Regular massage stimulates the tissue,\u00a0<strong>more collagen and elastin<\/strong>\u00a0to produce. The\u00a0<strong>Energy<\/strong>\u00a0is stimulated and blockages are released. The face looks fresh, decongested and energised afterwards.<\/p>\n<p>Diameter 2 cm<\/p>\n<p><strong>Instruction videos<\/strong> (just click on it):<br \/>\n<strong><a href=\"https:\/\/www.youtube.com\/watch?v=Ib7eKgIB01c&amp;t=8s\" target=\"_blank\" rel=\"noopener noreferrer\">\"Basic set: which cuppers, which scrapers?\"<\/a><br \/>\n<a href=\"https:\/\/www.youtube.com\/watch?v=rR0iW1ixBB4\" target=\"_blank\" rel=\"noopener\">\"4 fundamental steps to get rid of frown lines (essential!)\"<\/a><br \/>\n<a href=\"https:\/\/www.youtube.com\/watch?v=isd0JRrrbwE\" target=\"_blank\" rel=\"noopener\">\"3 sensational tips for plump skin over 40 \/ over 50 (only 2% know this)\"<\/a><br \/>\n<a href=\"https:\/\/www.youtube.com\/watch?v=EgzVF8z9hHY&amp;t=3s\" target=\"_blank\" rel=\"noopener\">\"Get rid of CELLULITE - 100% more effectively with this SECRET TIP\u2757\"<\/a><br \/>\n<\/strong><\/p>\n<p>Bamberger-Wellness GmbH \/ Industriestr. 25 \/ 89423 Gundelfingen \/ Germany \/ info@bellabambi.de<\/p>","protected":false},"excerpt":{"rendered":"<ul>\n<li>Cups made from high-quality silicone<\/li>\n<li>3 cups with 3 different intensities<\/li>\n<li>Lift the tissue and loosen adhesions<\/li>\n<li>Promotes blood circulation<\/li>\n<li>Have a cleansing effect down to the deeper layers of the tissue<\/li>\n<li>Suitable for face, neck and nape<\/li>\n<li>Easy to operate<\/li>\n<li>Made in Germany<\/li>\n<\/ul>\n<p>&nbsp;<\/p>","protected":false},"featured_media":30150,"template":"","meta":{"_acf_changed":false,"_et_pb_use_builder":"","_et_pb_old_content":"","_et_gb_content_width":""},"product_brand":[],"product_cat":[176],"product_tag":[],"class_list":{"0":"post-3019","1":"product","2":"type-product","3":"status-publish","4":"has-post-thumbnail","6":"product_cat-face-yoga-massagen","8":"first","9":"instock","10":"taxable","11":"shipping-taxable","12":"purchasable","13":"product-type-simple"},"acf":[],"yoast_head":"<!-- This site is optimized with the Yoast SEO plugin v26.4 - https:\/\/yoast.com\/wordpress\/plugins\/seo\/ -->\n<title>Bella Bambi Mini Trio - Chi statt Botox<\/title>\n<meta name=\"robots\" content=\"index, follow, max-snippet:-1, max-image-preview:large, max-video-preview:-1\" \/>\n<link rel=\"canonical\" href=\"https:\/\/chi-statt-botox.com\/en\/product\/bella-bambi-mini-trio\/\" \/>\n<meta property=\"og:locale\" content=\"en_GB\" \/>\n<meta property=\"og:type\" content=\"article\" \/>\n<meta property=\"og:title\" content=\"Bella Bambi Mini Trio - Chi statt Botox\" \/>\n<meta property=\"og:description\" content=\"Cups aus hochwertigen Silikon  3 Cups mit 3 verschiedenen Intensit\u00e4ten  Heben das Gewebe an und l\u00f6sen Verklebungen  F\u00f6rdern die Durchblutung  Wirken reinigend bis in tiefere Schichten des Gewebes  Geeignet f\u00fcr Gesicht, Hals und Nacken  Einfach zu bedienen  In Deutschland hergestellt  &nbsp;\" \/>\n<meta property=\"og:url\" content=\"https:\/\/chi-statt-botox.com\/en\/product\/bella-bambi-mini-trio\/\" \/>\n<meta property=\"og:site_name\" content=\"Chi statt Botox\" \/>\n<meta property=\"article:modified_time\" content=\"2026-04-16T03:34:48+00:00\" \/>\n<meta property=\"og:image\" content=\"https:\/\/chi-statt-botox.com\/wp-content\/uploads\/web_Bella-Bambi-Mini-Trio.jpg\" \/>\n\t<meta property=\"og:image:width\" content=\"1920\" \/>\n\t<meta property=\"og:image:height\" content=\"1920\" \/>\n\t<meta property=\"og:image:type\" content=\"image\/jpeg\" \/>\n<meta name=\"twitter:card\" content=\"summary_large_image\" \/>\n<meta name=\"twitter:label1\" content=\"Estimated reading time\" \/>\n\t<meta name=\"twitter:data1\" content=\"2 minutes\" \/>\n<script type=\"application\/ld+json\" class=\"yoast-schema-graph\">{\"@context\":\"https:\/\/schema.org\",\"@graph\":[{\"@type\":\"WebPage\",\"@id\":\"https:\/\/chi-statt-botox.com\/produkt\/bella-bambi-mini-trio\/\",\"url\":\"https:\/\/chi-statt-botox.com\/produkt\/bella-bambi-mini-trio\/\",\"name\":\"Bella Bambi Mini Trio - Chi statt Botox\",\"isPartOf\":{\"@id\":\"https:\/\/chi-statt-botox.com\/#website\"},\"primaryImageOfPage\":{\"@id\":\"https:\/\/chi-statt-botox.com\/produkt\/bella-bambi-mini-trio\/#primaryimage\"},\"image\":{\"@id\":\"https:\/\/chi-statt-botox.com\/produkt\/bella-bambi-mini-trio\/#primaryimage\"},\"thumbnailUrl\":\"https:\/\/chi-statt-botox.com\/wp-content\/uploads\/web_Bella-Bambi-Mini-Trio.jpg\",\"datePublished\":\"2020-03-04T10:51:43+00:00\",\"dateModified\":\"2026-04-16T03:34:48+00:00\",\"breadcrumb\":{\"@id\":\"https:\/\/chi-statt-botox.com\/produkt\/bella-bambi-mini-trio\/#breadcrumb\"},\"inLanguage\":\"en-GB\",\"potentialAction\":[{\"@type\":\"ReadAction\",\"target\":[\"https:\/\/chi-statt-botox.com\/produkt\/bella-bambi-mini-trio\/\"]}]},{\"@type\":\"ImageObject\",\"inLanguage\":\"en-GB\",\"@id\":\"https:\/\/chi-statt-botox.com\/produkt\/bella-bambi-mini-trio\/#primaryimage\",\"url\":\"https:\/\/chi-statt-botox.com\/wp-content\/uploads\/web_Bella-Bambi-Mini-Trio.jpg\",\"contentUrl\":\"https:\/\/chi-statt-botox.com\/wp-content\/uploads\/web_Bella-Bambi-Mini-Trio.jpg\",\"width\":1920,\"height\":1920},{\"@type\":\"BreadcrumbList\",\"@id\":\"https:\/\/chi-statt-botox.com\/produkt\/bella-bambi-mini-trio\/#breadcrumb\",\"itemListElement\":[{\"@type\":\"ListItem\",\"position\":1,\"name\":\"Startseite\",\"item\":\"https:\/\/chi-statt-botox.com\/\"},{\"@type\":\"ListItem\",\"position\":2,\"name\":\"Produkte\",\"item\":\"https:\/\/chi-statt-botox.com\/shop\/\"},{\"@type\":\"ListItem\",\"position\":3,\"name\":\"Bella Bambi Mini Trio\"}]},{\"@type\":\"WebSite\",\"@id\":\"https:\/\/chi-statt-botox.com\/#website\",\"url\":\"https:\/\/chi-statt-botox.com\/\",\"name\":\"Chi statt Botox\",\"description\":\"Falten wegzaubern, Haut straffen\",\"potentialAction\":[{\"@type\":\"SearchAction\",\"target\":{\"@type\":\"EntryPoint\",\"urlTemplate\":\"https:\/\/chi-statt-botox.com\/?s={search_term_string}\"},\"query-input\":{\"@type\":\"PropertyValueSpecification\",\"valueRequired\":true,\"valueName\":\"search_term_string\"}}],\"inLanguage\":\"en-GB\"}]}<\/script>\n<!-- \/ Yoast SEO plugin. -->","yoast_head_json":{"title":"Bella Bambi Mini Trio - Chi instead of Botox","robots":{"index":"index","follow":"follow","max-snippet":"max-snippet:-1","max-image-preview":"max-image-preview:large","max-video-preview":"max-video-preview:-1"},"canonical":"https:\/\/chi-statt-botox.com\/en\/product\/bella-bambi-mini-trio\/","og_locale":"en_GB","og_type":"article","og_title":"Bella Bambi Mini Trio - Chi statt Botox","og_description":"Cups aus hochwertigen Silikon  3 Cups mit 3 verschiedenen Intensit\u00e4ten  Heben das Gewebe an und l\u00f6sen Verklebungen  F\u00f6rdern die Durchblutung  Wirken reinigend bis in tiefere Schichten des Gewebes  Geeignet f\u00fcr Gesicht, Hals und Nacken  Einfach zu bedienen  In Deutschland hergestellt  &nbsp;","og_url":"https:\/\/chi-statt-botox.com\/en\/product\/bella-bambi-mini-trio\/","og_site_name":"Chi statt Botox","article_modified_time":"2026-04-16T03:34:48+00:00","og_image":[{"width":1920,"height":1920,"url":"https:\/\/chi-statt-botox.com\/wp-content\/uploads\/web_Bella-Bambi-Mini-Trio.jpg","type":"image\/jpeg"}],"twitter_card":"summary_large_image","twitter_misc":{"Estimated reading time":"2 minutes"},"schema":{"@context":"https:\/\/schema.org","@graph":[{"@type":"WebPage","@id":"https:\/\/chi-statt-botox.com\/produkt\/bella-bambi-mini-trio\/","url":"https:\/\/chi-statt-botox.com\/produkt\/bella-bambi-mini-trio\/","name":"Bella Bambi Mini Trio - Chi instead of Botox","isPartOf":{"@id":"https:\/\/chi-statt-botox.com\/#website"},"primaryImageOfPage":{"@id":"https:\/\/chi-statt-botox.com\/produkt\/bella-bambi-mini-trio\/#primaryimage"},"image":{"@id":"https:\/\/chi-statt-botox.com\/produkt\/bella-bambi-mini-trio\/#primaryimage"},"thumbnailUrl":"https:\/\/chi-statt-botox.com\/wp-content\/uploads\/web_Bella-Bambi-Mini-Trio.jpg","datePublished":"2020-03-04T10:51:43+00:00","dateModified":"2026-04-16T03:34:48+00:00","breadcrumb":{"@id":"https:\/\/chi-statt-botox.com\/produkt\/bella-bambi-mini-trio\/#breadcrumb"},"inLanguage":"en-GB","potentialAction":[{"@type":"ReadAction","target":["https:\/\/chi-statt-botox.com\/produkt\/bella-bambi-mini-trio\/"]}]},{"@type":"ImageObject","inLanguage":"en-GB","@id":"https:\/\/chi-statt-botox.com\/produkt\/bella-bambi-mini-trio\/#primaryimage","url":"https:\/\/chi-statt-botox.com\/wp-content\/uploads\/web_Bella-Bambi-Mini-Trio.jpg","contentUrl":"https:\/\/chi-statt-botox.com\/wp-content\/uploads\/web_Bella-Bambi-Mini-Trio.jpg","width":1920,"height":1920},{"@type":"BreadcrumbList","@id":"https:\/\/chi-statt-botox.com\/produkt\/bella-bambi-mini-trio\/#breadcrumb","itemListElement":[{"@type":"ListItem","position":1,"name":"Startseite","item":"https:\/\/chi-statt-botox.com\/"},{"@type":"ListItem","position":2,"name":"Produkte","item":"https:\/\/chi-statt-botox.com\/shop\/"},{"@type":"ListItem","position":3,"name":"Bella Bambi Mini Trio"}]},{"@type":"WebSite","@id":"https:\/\/chi-statt-botox.com\/#website","url":"https:\/\/chi-statt-botox.com\/","name":"Chi instead of Botox","description":"Magic away wrinkles, tighten skin","potentialAction":[{"@type":"SearchAction","target":{"@type":"EntryPoint","urlTemplate":"https:\/\/chi-statt-botox.com\/?s={search_term_string}"},"query-input":{"@type":"PropertyValueSpecification","valueRequired":true,"valueName":"search_term_string"}}],"inLanguage":"en-GB"}]}},"_links":{"self":[{"href":"https:\/\/chi-statt-botox.com\/en\/wp-json\/wp\/v2\/product\/3019","targetHints":{"allow":["GET"]}}],"collection":[{"href":"https:\/\/chi-statt-botox.com\/en\/wp-json\/wp\/v2\/product"}],"about":[{"href":"https:\/\/chi-statt-botox.com\/en\/wp-json\/wp\/v2\/types\/product"}],"wp:featuredmedia":[{"embeddable":true,"href":"https:\/\/chi-statt-botox.com\/en\/wp-json\/wp\/v2\/media\/30150"}],"wp:attachment":[{"href":"https:\/\/chi-statt-botox.com\/en\/wp-json\/wp\/v2\/media?parent=3019"}],"wp:term":[{"taxonomy":"product_brand","embeddable":true,"href":"https:\/\/chi-statt-botox.com\/en\/wp-json\/wp\/v2\/product_brand?post=3019"},{"taxonomy":"product_cat","embeddable":true,"href":"https:\/\/chi-statt-botox.com\/en\/wp-json\/wp\/v2\/product_cat?post=3019"},{"taxonomy":"product_tag","embeddable":true,"href":"https:\/\/chi-statt-botox.com\/en\/wp-json\/wp\/v2\/product_tag?post=3019"}],"curies":[{"name":"wp","href":"https:\/\/api.w.org\/{rel}","templated":true}]}}