{"id":31154,"date":"2024-01-19T11:43:00","date_gmt":"2024-01-19T10:43:00","guid":{"rendered":"https:\/\/chi-statt-botox.com\/?post_type=product&#038;p=31154"},"modified":"2026-04-14T15:07:42","modified_gmt":"2026-04-14T13:07:42","slug":"tremella-der-schoenheitspilz","status":"publish","type":"product","link":"https:\/\/chi-statt-botox.com\/en\/product\/tremella-der-schoenheitspilz\/","title":{"rendered":"Organic Tremella \"Beauty Mushroom\" 60 Stk"},"content":{"rendered":"<p>The <strong>Moisture<\/strong> and <strong>Elasticity<\/strong> of the skin - that is the special talent of this medicinal mushroom. It is not for nothing that the glucuronic acid it contains is also known as \"<strong>Tremella hyaluronic acid<\/strong>\". This unique active ingredient can increase the skin's elasticity and moisturising capacity and reduce wrinkles. As Tremella's moisturising molecules are smaller than those of hyaluronic acid, it is often speculated that it could be even more effective than hyaluronic acid.<\/p>\n<p>The silver ear (Tremella fuciformis) has been used in China for centuries for health but above all for beauty purposes. The mushroom is said to have a blood sugar and cholesterol-lowering, anti-inflammatory and anti-cancer effect and is used to treat colds, fever, diarrhoea, headaches, skin rashes and much more. In China and Japan it has always been regarded as <strong>\"the\" beauty secret<\/strong>.<\/p>\n<p>The glucuronic acid is stored in the skin and improves its capacity, <strong>firm, flexible and moist<\/strong> stay healthy. The antioxidant and anti-inflammatory effect has a protective and healing effect.<\/p>\n<p><strong>Tremella nourishes the yin<\/strong>. Yin is the opposite pole to yang. The older we get, the weaker the yin becomes and the more dominant the yang - this dynamic results in hot flushes and dry skin, for example. Therefore it is <strong>Important<\/strong>to look after the yin well. A yin deficiency affects the mucous membranes, for example. Tremella is therefore not only intended to treat the skin <strong>moisturise<\/strong>but also help with dry mucous membranes.<\/p>\n<p>You can also call it <strong>Face mask<\/strong> use. To do this, place the contents of one capsule in a small bowl and mix with a little water. Add a little oil and leave to swell for a while. Christina's personal recommendation: I like to use it pure and without oil. Just leave Tremella and water to soak for a few hours and apply to a cleansed face with a brush. After it has dried, apply another layer.<\/p>\n<p><strong>Contents<\/strong><\/p>\n<p>60 capsules \u00e1 350mg mushroom extract<\/p>\n<p><strong>Composition<\/strong>:<br \/>\n75.3 % (350 mg) organic Tremella mushroom extract*,<br \/>\n4.3 % (20 mg) organic acerola extract*<br \/>\n20.4 % (95 mg) hydroxypropyl methylcellulose (coating agent or vegetable capsule shell)<br \/>\n<strong>* from controlled organic cultivation<\/strong><\/p>\n<p>To ensure safe organic quality, Tremella mushrooms are regularly checked by state-recognised and independent EU organic certification bodies for compliance with all guidelines.<\/p>\n<p><strong>Recommended intake<\/strong><\/p>\n<p>2x daily 1 capsule with food<\/p>\n<p>The recommended dosage must not be exceeded. Food supplements are not a substitute for a balanced diet.<\/p>\n<p>Mushrooms Wohlrab \/ BioFungi GmbH\/ Gottlieb-Daimler-Str. 8 \/ 86462 Langweid \/ Germany \/ info@biofungi.com<\/p>","protected":false},"excerpt":{"rendered":"<ul>\n<li>Moisturising<\/li>\n<li>Similar to hyaluronic acid<\/li>\n<li>For skin and mucous membranes<\/li>\n<li>Nourishes the yin<\/li>\n<li>Also suitable as a face mask<\/li>\n<\/ul>","protected":false},"featured_media":31157,"template":"","meta":{"_acf_changed":false,"_et_pb_use_builder":"","_et_pb_old_content":"","_et_gb_content_width":""},"product_brand":[],"product_cat":[175],"product_tag":[],"class_list":{"0":"post-31154","1":"product","2":"type-product","3":"status-publish","4":"has-post-thumbnail","6":"product_cat-anti-aging-nems","8":"first","9":"instock","10":"taxable","11":"shipping-taxable","12":"purchasable","13":"product-type-simple"},"acf":[],"yoast_head":"<!-- This site is optimized with the Yoast SEO plugin v26.4 - https:\/\/yoast.com\/wordpress\/plugins\/seo\/ -->\n<title>Bio Tremella &quot;Sch\u00f6nheitspilz&quot; 60 Stk - Chi statt Botox<\/title>\n<meta name=\"robots\" content=\"index, follow, max-snippet:-1, max-image-preview:large, max-video-preview:-1\" \/>\n<link rel=\"canonical\" href=\"https:\/\/chi-statt-botox.com\/en\/product\/tremella-der-schoenheitspilz\/\" \/>\n<meta property=\"og:locale\" content=\"en_GB\" \/>\n<meta property=\"og:type\" content=\"article\" \/>\n<meta property=\"og:title\" content=\"Bio Tremella &quot;Sch\u00f6nheitspilz&quot; 60 Stk - Chi statt Botox\" \/>\n<meta property=\"og:description\" content=\"Feuchtigkeitsspendend  \u00c4hnlich der Hyalurons\u00e4ure  F\u00fcr Haut und Schleimh\u00e4ute  N\u00e4hrt das Yin  Auch als Gesichtsmaske geeignet\" \/>\n<meta property=\"og:url\" content=\"https:\/\/chi-statt-botox.com\/en\/product\/tremella-der-schoenheitspilz\/\" \/>\n<meta property=\"og:site_name\" content=\"Chi statt Botox\" \/>\n<meta property=\"article:modified_time\" content=\"2026-04-14T13:07:42+00:00\" \/>\n<meta property=\"og:image\" content=\"https:\/\/chi-statt-botox.com\/wp-content\/uploads\/Unbenannt-1-2.jpg\" \/>\n\t<meta property=\"og:image:width\" content=\"580\" \/>\n\t<meta property=\"og:image:height\" content=\"580\" \/>\n\t<meta property=\"og:image:type\" content=\"image\/jpeg\" \/>\n<meta name=\"twitter:card\" content=\"summary_large_image\" \/>\n<meta name=\"twitter:label1\" content=\"Estimated reading time\" \/>\n\t<meta name=\"twitter:data1\" content=\"3 minutes\" \/>\n<script type=\"application\/ld+json\" class=\"yoast-schema-graph\">{\"@context\":\"https:\/\/schema.org\",\"@graph\":[{\"@type\":\"WebPage\",\"@id\":\"https:\/\/chi-statt-botox.com\/produkt\/tremella-der-schoenheitspilz\/\",\"url\":\"https:\/\/chi-statt-botox.com\/produkt\/tremella-der-schoenheitspilz\/\",\"name\":\"Bio Tremella \\\"Sch\u00f6nheitspilz\\\" 60 Stk - Chi statt Botox\",\"isPartOf\":{\"@id\":\"https:\/\/chi-statt-botox.com\/#website\"},\"primaryImageOfPage\":{\"@id\":\"https:\/\/chi-statt-botox.com\/produkt\/tremella-der-schoenheitspilz\/#primaryimage\"},\"image\":{\"@id\":\"https:\/\/chi-statt-botox.com\/produkt\/tremella-der-schoenheitspilz\/#primaryimage\"},\"thumbnailUrl\":\"https:\/\/chi-statt-botox.com\/wp-content\/uploads\/Unbenannt-1-2.jpg\",\"datePublished\":\"2024-01-19T10:43:00+00:00\",\"dateModified\":\"2026-04-14T13:07:42+00:00\",\"breadcrumb\":{\"@id\":\"https:\/\/chi-statt-botox.com\/produkt\/tremella-der-schoenheitspilz\/#breadcrumb\"},\"inLanguage\":\"en-GB\",\"potentialAction\":[{\"@type\":\"ReadAction\",\"target\":[\"https:\/\/chi-statt-botox.com\/produkt\/tremella-der-schoenheitspilz\/\"]}]},{\"@type\":\"ImageObject\",\"inLanguage\":\"en-GB\",\"@id\":\"https:\/\/chi-statt-botox.com\/produkt\/tremella-der-schoenheitspilz\/#primaryimage\",\"url\":\"https:\/\/chi-statt-botox.com\/wp-content\/uploads\/Unbenannt-1-2.jpg\",\"contentUrl\":\"https:\/\/chi-statt-botox.com\/wp-content\/uploads\/Unbenannt-1-2.jpg\",\"width\":580,\"height\":580},{\"@type\":\"BreadcrumbList\",\"@id\":\"https:\/\/chi-statt-botox.com\/produkt\/tremella-der-schoenheitspilz\/#breadcrumb\",\"itemListElement\":[{\"@type\":\"ListItem\",\"position\":1,\"name\":\"Startseite\",\"item\":\"https:\/\/chi-statt-botox.com\/\"},{\"@type\":\"ListItem\",\"position\":2,\"name\":\"Produkte\",\"item\":\"https:\/\/chi-statt-botox.com\/shop\/\"},{\"@type\":\"ListItem\",\"position\":3,\"name\":\"Bio Tremella &#8222;Sch\u00f6nheitspilz&#8220; 60 Stk\"}]},{\"@type\":\"WebSite\",\"@id\":\"https:\/\/chi-statt-botox.com\/#website\",\"url\":\"https:\/\/chi-statt-botox.com\/\",\"name\":\"Chi statt Botox\",\"description\":\"Falten wegzaubern, Haut straffen\",\"potentialAction\":[{\"@type\":\"SearchAction\",\"target\":{\"@type\":\"EntryPoint\",\"urlTemplate\":\"https:\/\/chi-statt-botox.com\/?s={search_term_string}\"},\"query-input\":{\"@type\":\"PropertyValueSpecification\",\"valueRequired\":true,\"valueName\":\"search_term_string\"}}],\"inLanguage\":\"en-GB\"}]}<\/script>\n<!-- \/ Yoast SEO plugin. -->","yoast_head_json":{"title":"Organic Tremella \"Beauty Mushroom\" 60 pcs - Chi instead of Botox","robots":{"index":"index","follow":"follow","max-snippet":"max-snippet:-1","max-image-preview":"max-image-preview:large","max-video-preview":"max-video-preview:-1"},"canonical":"https:\/\/chi-statt-botox.com\/en\/product\/tremella-der-schoenheitspilz\/","og_locale":"en_GB","og_type":"article","og_title":"Bio Tremella \"Sch\u00f6nheitspilz\" 60 Stk - Chi statt Botox","og_description":"Feuchtigkeitsspendend  \u00c4hnlich der Hyalurons\u00e4ure  F\u00fcr Haut und Schleimh\u00e4ute  N\u00e4hrt das Yin  Auch als Gesichtsmaske geeignet","og_url":"https:\/\/chi-statt-botox.com\/en\/product\/tremella-der-schoenheitspilz\/","og_site_name":"Chi statt Botox","article_modified_time":"2026-04-14T13:07:42+00:00","og_image":[{"width":580,"height":580,"url":"https:\/\/chi-statt-botox.com\/wp-content\/uploads\/Unbenannt-1-2.jpg","type":"image\/jpeg"}],"twitter_card":"summary_large_image","twitter_misc":{"Estimated reading time":"3 minutes"},"schema":{"@context":"https:\/\/schema.org","@graph":[{"@type":"WebPage","@id":"https:\/\/chi-statt-botox.com\/produkt\/tremella-der-schoenheitspilz\/","url":"https:\/\/chi-statt-botox.com\/produkt\/tremella-der-schoenheitspilz\/","name":"Organic Tremella \"Beauty Mushroom\" 60 pcs - Chi instead of Botox","isPartOf":{"@id":"https:\/\/chi-statt-botox.com\/#website"},"primaryImageOfPage":{"@id":"https:\/\/chi-statt-botox.com\/produkt\/tremella-der-schoenheitspilz\/#primaryimage"},"image":{"@id":"https:\/\/chi-statt-botox.com\/produkt\/tremella-der-schoenheitspilz\/#primaryimage"},"thumbnailUrl":"https:\/\/chi-statt-botox.com\/wp-content\/uploads\/Unbenannt-1-2.jpg","datePublished":"2024-01-19T10:43:00+00:00","dateModified":"2026-04-14T13:07:42+00:00","breadcrumb":{"@id":"https:\/\/chi-statt-botox.com\/produkt\/tremella-der-schoenheitspilz\/#breadcrumb"},"inLanguage":"en-GB","potentialAction":[{"@type":"ReadAction","target":["https:\/\/chi-statt-botox.com\/produkt\/tremella-der-schoenheitspilz\/"]}]},{"@type":"ImageObject","inLanguage":"en-GB","@id":"https:\/\/chi-statt-botox.com\/produkt\/tremella-der-schoenheitspilz\/#primaryimage","url":"https:\/\/chi-statt-botox.com\/wp-content\/uploads\/Unbenannt-1-2.jpg","contentUrl":"https:\/\/chi-statt-botox.com\/wp-content\/uploads\/Unbenannt-1-2.jpg","width":580,"height":580},{"@type":"BreadcrumbList","@id":"https:\/\/chi-statt-botox.com\/produkt\/tremella-der-schoenheitspilz\/#breadcrumb","itemListElement":[{"@type":"ListItem","position":1,"name":"Startseite","item":"https:\/\/chi-statt-botox.com\/"},{"@type":"ListItem","position":2,"name":"Produkte","item":"https:\/\/chi-statt-botox.com\/shop\/"},{"@type":"ListItem","position":3,"name":"Bio Tremella &#8222;Sch\u00f6nheitspilz&#8220; 60 Stk"}]},{"@type":"WebSite","@id":"https:\/\/chi-statt-botox.com\/#website","url":"https:\/\/chi-statt-botox.com\/","name":"Chi instead of Botox","description":"Magic away wrinkles, tighten skin","potentialAction":[{"@type":"SearchAction","target":{"@type":"EntryPoint","urlTemplate":"https:\/\/chi-statt-botox.com\/?s={search_term_string}"},"query-input":{"@type":"PropertyValueSpecification","valueRequired":true,"valueName":"search_term_string"}}],"inLanguage":"en-GB"}]}},"_links":{"self":[{"href":"https:\/\/chi-statt-botox.com\/en\/wp-json\/wp\/v2\/product\/31154","targetHints":{"allow":["GET"]}}],"collection":[{"href":"https:\/\/chi-statt-botox.com\/en\/wp-json\/wp\/v2\/product"}],"about":[{"href":"https:\/\/chi-statt-botox.com\/en\/wp-json\/wp\/v2\/types\/product"}],"wp:featuredmedia":[{"embeddable":true,"href":"https:\/\/chi-statt-botox.com\/en\/wp-json\/wp\/v2\/media\/31157"}],"wp:attachment":[{"href":"https:\/\/chi-statt-botox.com\/en\/wp-json\/wp\/v2\/media?parent=31154"}],"wp:term":[{"taxonomy":"product_brand","embeddable":true,"href":"https:\/\/chi-statt-botox.com\/en\/wp-json\/wp\/v2\/product_brand?post=31154"},{"taxonomy":"product_cat","embeddable":true,"href":"https:\/\/chi-statt-botox.com\/en\/wp-json\/wp\/v2\/product_cat?post=31154"},{"taxonomy":"product_tag","embeddable":true,"href":"https:\/\/chi-statt-botox.com\/en\/wp-json\/wp\/v2\/product_tag?post=31154"}],"curies":[{"name":"wp","href":"https:\/\/api.w.org\/{rel}","templated":true}]}}