{"id":3139,"date":"2020-03-26T13:32:12","date_gmt":"2020-03-26T12:32:12","guid":{"rendered":"https:\/\/chi-statt-botox.com\/?post_type=product&#038;p=3139"},"modified":"2026-04-13T09:07:33","modified_gmt":"2026-04-13T07:07:33","slug":"schroepfglas-mit-saugball-orange-25-cm","status":"publish","type":"product","link":"https:\/\/chi-statt-botox.com\/en\/product\/schroepfglas-mit-saugball-orange-25-cm\/","title":{"rendered":"Cupping glass with suction ball 2.5 cm"},"content":{"rendered":"<p>The ideal size for cupping the face. Anyone who prefers glass to silicone will be very happy with this cupping glass.<\/p>\n<p>The cupping massage has a long tradition in the Far East. <strong>Long tradition<\/strong>. You <strong>relieves facial tension<\/strong>that lead to the development of deep <strong>Folds<\/strong> and to the <strong>Loss of facial mould<\/strong> contribute. Cupping is a user-friendly massage which, when used regularly, improves the <strong>Formation of collagen<\/strong> and support the <strong>Elasticity of the skin<\/strong> can improve.<\/p>\n<p>The cupping massage is considered <strong>cleansing<\/strong> and <strong>draining<\/strong>. It also helps to eliminate toxins deposited in deeper layers and thus improve the <strong>Fasciae<\/strong> elastic again. The <strong>Circulation<\/strong> is stimulated, the skin cells are better supplied with <strong>Oxygen<\/strong> and <strong>Nutrients<\/strong> nourished. All this contributes to a more youthful, healthier appearance.<\/p>\n<p><strong>APPLICATION<\/strong><\/p>\n<ol>\n<li>Cleanse the face<\/li>\n<li>For more moisture, first apply a gel (e.g. <a href=\"https:\/\/chi-statt-botox.com\/en\/product\/aloe-vera-gel-150-ml\/\" target=\"_blank\" rel=\"noopener\">Aloe vera gel<\/a> or <a href=\"https:\/\/chi-statt-botox.com\/en\/product\/aloe-vera-premium-gel-195-ml\/\" target=\"_blank\" rel=\"noopener\">Aloe Vera Gel Premium<\/a>)<\/li>\n<li>Apply oil or cream (suitable oils are e.g. <a href=\"https:\/\/chi-statt-botox.com\/en\/product\/yogana-oel-mit-feingold-15ml\/\" target=\"_blank\" rel=\"noopener\">Body Dance 1<\/a> and <a href=\"https:\/\/chi-statt-botox.com\/en\/product\/yogana-oel-mit-feingold-body-dance-2-15ml\/\" target=\"_blank\" rel=\"noopener\">Body Dance 2<\/a>for a fresher face colour <a href=\"https:\/\/chi-statt-botox.com\/en\/product\/karottenoel-frischer-teint-und-schoene-beine\/\" target=\"_blank\" rel=\"noopener\">Carrot oil<\/a>but also the <a href=\"https:\/\/chi-statt-botox.com\/en\/product\/verjuengendes-reinigungsoel\/\" target=\"_blank\" rel=\"noopener\">Cleansing oil<\/a> is a good choice. However, you can use any oil that is good for your skin).<\/li>\n<li>Scrape from the centre of the face outwards (e.g. from the nose to the ear, from the tip of the chin to the ear, etc.)<\/li>\n<li>Wash off the oil well afterwards, as it contains toxins that have been released<\/li>\n<li>Now your skin will be able to absorb your skincare products much better<\/li>\n<\/ol>\n<p>&nbsp;<\/p>\n<p><strong>Info videos<\/strong> (just click on it):<br \/>\n<strong><a href=\"https:\/\/www.youtube.com\/watch?v=Ib7eKgIB01c&amp;t=8s\" target=\"_blank\" rel=\"noopener noreferrer\">\"Basic set: which cuppers, which scrapers?\"<\/a><\/strong><br \/>\n<a href=\"https:\/\/www.youtube.com\/watch?v=rR0iW1ixBB4\" target=\"_blank\" rel=\"noopener\"><strong>\"4 fundamental steps to get rid of frown lines (essential!)\"<\/strong><\/a><\/p>\n<p>Chi statt Botox GmbH \/ Bauernstra\u00dfe 1 WDZ 9 \/ 4600 Wels \/ Austria \/ shop@chi-statt-botox.com<\/p>","protected":false},"excerpt":{"rendered":"<ul>\n<li>Glass cuppers for traditional cupping<\/li>\n<li>Relieves tension in the face<\/li>\n<li>Prevents wrinkling and the age triangle<\/li>\n<li>Supports collagen formation and elasticity of the skin<\/li>\n<li>Improves blood circulation<\/li>\n<\/ul>\n<p>&nbsp;<\/p>","protected":false},"featured_media":30153,"template":"","meta":{"_acf_changed":false,"_et_pb_use_builder":"","_et_pb_old_content":"","_et_gb_content_width":""},"product_brand":[],"product_cat":[176],"product_tag":[],"class_list":{"0":"post-3139","1":"product","2":"type-product","3":"status-publish","4":"has-post-thumbnail","6":"product_cat-face-yoga-massagen","8":"first","9":"instock","10":"taxable","11":"shipping-taxable","12":"purchasable","13":"product-type-simple"},"acf":[],"yoast_head":"<!-- This site is optimized with the Yoast SEO plugin v26.4 - https:\/\/yoast.com\/wordpress\/plugins\/seo\/ -->\n<title>Schr\u00f6pfglas mit Saugball 2,5 cm - Chi statt Botox<\/title>\n<meta name=\"robots\" content=\"index, follow, max-snippet:-1, max-image-preview:large, max-video-preview:-1\" \/>\n<link rel=\"canonical\" href=\"https:\/\/chi-statt-botox.com\/en\/product\/schroepfglas-mit-saugball-orange-25-cm\/\" \/>\n<meta property=\"og:locale\" content=\"en_GB\" \/>\n<meta property=\"og:type\" content=\"article\" \/>\n<meta property=\"og:title\" content=\"Schr\u00f6pfglas mit Saugball 2,5 cm - Chi statt Botox\" \/>\n<meta property=\"og:description\" content=\"Glasschr\u00f6pfer f\u00fcr traditionelles Cupping  Lindert Verspannungen im Gesicht  Beugt Faltenbildung und Altersdreieck vor  Unterst\u00fctzt Kollagenbildung und Elastizit\u00e4t der Haut  Verbessert die Durchblutung  &nbsp;\" \/>\n<meta property=\"og:url\" content=\"https:\/\/chi-statt-botox.com\/en\/product\/schroepfglas-mit-saugball-orange-25-cm\/\" \/>\n<meta property=\"og:site_name\" content=\"Chi statt Botox\" \/>\n<meta property=\"article:modified_time\" content=\"2026-04-13T07:07:33+00:00\" \/>\n<meta property=\"og:image\" content=\"https:\/\/chi-statt-botox.com\/wp-content\/uploads\/web_Schro\u2560epfglas-mit-Saugball.jpg\" \/>\n\t<meta property=\"og:image:width\" content=\"1920\" \/>\n\t<meta property=\"og:image:height\" content=\"1920\" \/>\n\t<meta property=\"og:image:type\" content=\"image\/jpeg\" \/>\n<meta name=\"twitter:card\" content=\"summary_large_image\" \/>\n<meta name=\"twitter:label1\" content=\"Estimated reading time\" \/>\n\t<meta name=\"twitter:data1\" content=\"2 minutes\" \/>\n<script type=\"application\/ld+json\" class=\"yoast-schema-graph\">{\"@context\":\"https:\/\/schema.org\",\"@graph\":[{\"@type\":\"WebPage\",\"@id\":\"https:\/\/chi-statt-botox.com\/produkt\/schroepfglas-mit-saugball-orange-25-cm\/\",\"url\":\"https:\/\/chi-statt-botox.com\/produkt\/schroepfglas-mit-saugball-orange-25-cm\/\",\"name\":\"Schr\u00f6pfglas mit Saugball 2,5 cm - Chi statt Botox\",\"isPartOf\":{\"@id\":\"https:\/\/chi-statt-botox.com\/#website\"},\"primaryImageOfPage\":{\"@id\":\"https:\/\/chi-statt-botox.com\/produkt\/schroepfglas-mit-saugball-orange-25-cm\/#primaryimage\"},\"image\":{\"@id\":\"https:\/\/chi-statt-botox.com\/produkt\/schroepfglas-mit-saugball-orange-25-cm\/#primaryimage\"},\"thumbnailUrl\":\"https:\/\/chi-statt-botox.com\/wp-content\/uploads\/web_Schro\u2560epfglas-mit-Saugball.jpg\",\"datePublished\":\"2020-03-26T12:32:12+00:00\",\"dateModified\":\"2026-04-13T07:07:33+00:00\",\"breadcrumb\":{\"@id\":\"https:\/\/chi-statt-botox.com\/produkt\/schroepfglas-mit-saugball-orange-25-cm\/#breadcrumb\"},\"inLanguage\":\"en-GB\",\"potentialAction\":[{\"@type\":\"ReadAction\",\"target\":[\"https:\/\/chi-statt-botox.com\/produkt\/schroepfglas-mit-saugball-orange-25-cm\/\"]}]},{\"@type\":\"ImageObject\",\"inLanguage\":\"en-GB\",\"@id\":\"https:\/\/chi-statt-botox.com\/produkt\/schroepfglas-mit-saugball-orange-25-cm\/#primaryimage\",\"url\":\"https:\/\/chi-statt-botox.com\/wp-content\/uploads\/web_Schro\u2560epfglas-mit-Saugball.jpg\",\"contentUrl\":\"https:\/\/chi-statt-botox.com\/wp-content\/uploads\/web_Schro\u2560epfglas-mit-Saugball.jpg\",\"width\":1920,\"height\":1920},{\"@type\":\"BreadcrumbList\",\"@id\":\"https:\/\/chi-statt-botox.com\/produkt\/schroepfglas-mit-saugball-orange-25-cm\/#breadcrumb\",\"itemListElement\":[{\"@type\":\"ListItem\",\"position\":1,\"name\":\"Startseite\",\"item\":\"https:\/\/chi-statt-botox.com\/\"},{\"@type\":\"ListItem\",\"position\":2,\"name\":\"Produkte\",\"item\":\"https:\/\/chi-statt-botox.com\/shop\/\"},{\"@type\":\"ListItem\",\"position\":3,\"name\":\"Schr\u00f6pfglas mit Saugball 2,5 cm\"}]},{\"@type\":\"WebSite\",\"@id\":\"https:\/\/chi-statt-botox.com\/#website\",\"url\":\"https:\/\/chi-statt-botox.com\/\",\"name\":\"Chi statt Botox\",\"description\":\"Falten wegzaubern, Haut straffen\",\"potentialAction\":[{\"@type\":\"SearchAction\",\"target\":{\"@type\":\"EntryPoint\",\"urlTemplate\":\"https:\/\/chi-statt-botox.com\/?s={search_term_string}\"},\"query-input\":{\"@type\":\"PropertyValueSpecification\",\"valueRequired\":true,\"valueName\":\"search_term_string\"}}],\"inLanguage\":\"en-GB\"}]}<\/script>\n<!-- \/ Yoast SEO plugin. -->","yoast_head_json":{"title":"Cupping glass with suction ball 2.5 cm - Chi instead of Botox","robots":{"index":"index","follow":"follow","max-snippet":"max-snippet:-1","max-image-preview":"max-image-preview:large","max-video-preview":"max-video-preview:-1"},"canonical":"https:\/\/chi-statt-botox.com\/en\/product\/schroepfglas-mit-saugball-orange-25-cm\/","og_locale":"en_GB","og_type":"article","og_title":"Schr\u00f6pfglas mit Saugball 2,5 cm - Chi statt Botox","og_description":"Glasschr\u00f6pfer f\u00fcr traditionelles Cupping  Lindert Verspannungen im Gesicht  Beugt Faltenbildung und Altersdreieck vor  Unterst\u00fctzt Kollagenbildung und Elastizit\u00e4t der Haut  Verbessert die Durchblutung  &nbsp;","og_url":"https:\/\/chi-statt-botox.com\/en\/product\/schroepfglas-mit-saugball-orange-25-cm\/","og_site_name":"Chi statt Botox","article_modified_time":"2026-04-13T07:07:33+00:00","og_image":[{"width":1920,"height":1920,"url":"https:\/\/chi-statt-botox.com\/wp-content\/uploads\/web_Schro\u2560epfglas-mit-Saugball.jpg","type":"image\/jpeg"}],"twitter_card":"summary_large_image","twitter_misc":{"Estimated reading time":"2 minutes"},"schema":{"@context":"https:\/\/schema.org","@graph":[{"@type":"WebPage","@id":"https:\/\/chi-statt-botox.com\/produkt\/schroepfglas-mit-saugball-orange-25-cm\/","url":"https:\/\/chi-statt-botox.com\/produkt\/schroepfglas-mit-saugball-orange-25-cm\/","name":"Cupping glass with suction ball 2.5 cm - Chi instead of Botox","isPartOf":{"@id":"https:\/\/chi-statt-botox.com\/#website"},"primaryImageOfPage":{"@id":"https:\/\/chi-statt-botox.com\/produkt\/schroepfglas-mit-saugball-orange-25-cm\/#primaryimage"},"image":{"@id":"https:\/\/chi-statt-botox.com\/produkt\/schroepfglas-mit-saugball-orange-25-cm\/#primaryimage"},"thumbnailUrl":"https:\/\/chi-statt-botox.com\/wp-content\/uploads\/web_Schro\u2560epfglas-mit-Saugball.jpg","datePublished":"2020-03-26T12:32:12+00:00","dateModified":"2026-04-13T07:07:33+00:00","breadcrumb":{"@id":"https:\/\/chi-statt-botox.com\/produkt\/schroepfglas-mit-saugball-orange-25-cm\/#breadcrumb"},"inLanguage":"en-GB","potentialAction":[{"@type":"ReadAction","target":["https:\/\/chi-statt-botox.com\/produkt\/schroepfglas-mit-saugball-orange-25-cm\/"]}]},{"@type":"ImageObject","inLanguage":"en-GB","@id":"https:\/\/chi-statt-botox.com\/produkt\/schroepfglas-mit-saugball-orange-25-cm\/#primaryimage","url":"https:\/\/chi-statt-botox.com\/wp-content\/uploads\/web_Schro\u2560epfglas-mit-Saugball.jpg","contentUrl":"https:\/\/chi-statt-botox.com\/wp-content\/uploads\/web_Schro\u2560epfglas-mit-Saugball.jpg","width":1920,"height":1920},{"@type":"BreadcrumbList","@id":"https:\/\/chi-statt-botox.com\/produkt\/schroepfglas-mit-saugball-orange-25-cm\/#breadcrumb","itemListElement":[{"@type":"ListItem","position":1,"name":"Startseite","item":"https:\/\/chi-statt-botox.com\/"},{"@type":"ListItem","position":2,"name":"Produkte","item":"https:\/\/chi-statt-botox.com\/shop\/"},{"@type":"ListItem","position":3,"name":"Schr\u00f6pfglas mit Saugball 2,5 cm"}]},{"@type":"WebSite","@id":"https:\/\/chi-statt-botox.com\/#website","url":"https:\/\/chi-statt-botox.com\/","name":"Chi instead of Botox","description":"Magic away wrinkles, tighten skin","potentialAction":[{"@type":"SearchAction","target":{"@type":"EntryPoint","urlTemplate":"https:\/\/chi-statt-botox.com\/?s={search_term_string}"},"query-input":{"@type":"PropertyValueSpecification","valueRequired":true,"valueName":"search_term_string"}}],"inLanguage":"en-GB"}]}},"_links":{"self":[{"href":"https:\/\/chi-statt-botox.com\/en\/wp-json\/wp\/v2\/product\/3139","targetHints":{"allow":["GET"]}}],"collection":[{"href":"https:\/\/chi-statt-botox.com\/en\/wp-json\/wp\/v2\/product"}],"about":[{"href":"https:\/\/chi-statt-botox.com\/en\/wp-json\/wp\/v2\/types\/product"}],"wp:featuredmedia":[{"embeddable":true,"href":"https:\/\/chi-statt-botox.com\/en\/wp-json\/wp\/v2\/media\/30153"}],"wp:attachment":[{"href":"https:\/\/chi-statt-botox.com\/en\/wp-json\/wp\/v2\/media?parent=3139"}],"wp:term":[{"taxonomy":"product_brand","embeddable":true,"href":"https:\/\/chi-statt-botox.com\/en\/wp-json\/wp\/v2\/product_brand?post=3139"},{"taxonomy":"product_cat","embeddable":true,"href":"https:\/\/chi-statt-botox.com\/en\/wp-json\/wp\/v2\/product_cat?post=3139"},{"taxonomy":"product_tag","embeddable":true,"href":"https:\/\/chi-statt-botox.com\/en\/wp-json\/wp\/v2\/product_tag?post=3139"}],"curies":[{"name":"wp","href":"https:\/\/api.w.org\/{rel}","templated":true}]}}