{"id":32217,"date":"2024-02-15T12:36:07","date_gmt":"2024-02-15T11:36:07","guid":{"rendered":"https:\/\/chi-statt-botox.com\/?post_type=product&#038;p=32217"},"modified":"2026-03-26T21:20:58","modified_gmt":"2026-03-26T20:20:58","slug":"toxaprevent-skin-suspension","status":"publish","type":"product","link":"https:\/\/chi-statt-botox.com\/en\/product\/toxaprevent-skin-suspension\/","title":{"rendered":"Toxaprevent\u00ae Skin Suspension"},"content":{"rendered":"<p>Rapid help for the skin: the regeneration of the skin's structure takes on a new dimension, as it is a <strong>Depth effect<\/strong> which have been dermatologically tested and approved by aesthetic clinics. <strong>confirmed<\/strong> was developed. Previously, the product was used as a clinical component to support wound healing in the case of closed, itchy or poorly healing wounds. This is a product based on <strong>Natural base<\/strong> with MANC (<strong>Natural zeolite<\/strong>),<\/p>\n<p>Due to the uncomplicated application and <strong>Fast effect<\/strong> it finds its way into the family household, where even small wounds and any kind of skin irritation can be treated easily and without therapeutic help. The suspension promises quick relief, cools and is used for localised treatment. <strong>Binding of histamine<\/strong> on the surface of the skin.<\/p>\n<p><strong>Recommended for:<\/strong><\/p>\n<ul>\n<li>Skin irritation<\/li>\n<li>non-specific itching and reddening of the skin<\/li>\n<li>non-specific skin problems with densely cut dermis<\/li>\n<li>closed, poorly healing skin irritations and wounds<\/li>\n<li>Herpes diseases, such as herpes simplex and herpes zoster (shingles)<\/li>\n<li>Abrasions<\/li>\n<li>Joint inflammation and muscle pain due to an increased histamine concentration<\/li>\n<li>For the concomitant treatment of visible swelling due to stored fluids from the vascular system (oedema)<\/li>\n<li>Insect bites (not a substitute for an anti-allergy medication)<\/li>\n<\/ul>\n<p><strong>The product is<\/strong><\/p>\n<ul>\n<li>100 % natural<\/li>\n<li>allergen-free<\/li>\n<li>without chemical additives<\/li>\n<li>Simple application<\/li>\n<li>Can be used several times a day<\/li>\n<\/ul>\n<p><strong>Contents<\/strong><\/p>\n<ul>\n<li>120 ml<\/li>\n<li>Contains: 1 suspension, 2 catch foils, 1 spatula, instructions for use<\/li>\n<\/ul>\n<p>Suspension consists of: MANC\u00ae (modified, activated natural clinoptilolite zeolite), colloidal water<\/p>\n<p><strong>Application video<\/strong> (just click on it):<br \/>\n<a href=\"https:\/\/www.youtube.com\/watch?v=zFt4KW9d1Kc&amp;t=333s\" target=\"_blank\" rel=\"noopener\"><strong>\"THESE 3 tips will make your skin BEAUTIFUL \u2728 (Exfoliation causes wrinkles and spots!)\"<\/strong><\/a><\/p>\n<p>FROXIMUN AG \/ Neue Stra\u00dfe 2a \/ 38838 Schlanstedt \/ Germany \/ info@froximun.de<\/p>","protected":false},"excerpt":{"rendered":"<ul>\n<li>Natural-based product with MANC (natural zeolite)<\/li>\n<li>Quick relief from skin irritations<\/li>\n<li>Help with herpes, poorly healing wounds and much more.<\/li>\n<li>Dermatologically tested and confirmed<\/li>\n<li>Binds histamine on the skin surface<\/li>\n<li>Also for oedema and joint pain<\/li>\n<\/ul>","protected":false},"featured_media":32219,"template":"","meta":{"_acf_changed":false,"_et_pb_use_builder":"","_et_pb_old_content":"","_et_gb_content_width":""},"product_brand":[],"product_cat":[172],"product_tag":[],"class_list":{"0":"post-32217","1":"product","2":"type-product","3":"status-publish","4":"has-post-thumbnail","6":"product_cat-kosmetik","8":"first","9":"instock","10":"taxable","11":"shipping-taxable","12":"purchasable","13":"product-type-simple"},"acf":[],"yoast_head":"<!-- This site is optimized with the Yoast SEO plugin v26.4 - https:\/\/yoast.com\/wordpress\/plugins\/seo\/ -->\n<title>Toxaprevent\u00ae Skin Suspension - Chi statt Botox<\/title>\n<meta name=\"robots\" content=\"index, follow, max-snippet:-1, max-image-preview:large, max-video-preview:-1\" \/>\n<link rel=\"canonical\" href=\"https:\/\/chi-statt-botox.com\/en\/product\/toxaprevent-skin-suspension\/\" \/>\n<meta property=\"og:locale\" content=\"en_GB\" \/>\n<meta property=\"og:type\" content=\"article\" \/>\n<meta property=\"og:title\" content=\"Toxaprevent\u00ae Skin Suspension - Chi statt Botox\" \/>\n<meta property=\"og:description\" content=\"Produkt auf Naturbasis mit MANC (Naturzeolith)  Schnelle Linderung von Hautirritationen  Hilfe bei Herpes, schlecht heilenden Wunden u.v.m.  Dermatologisch getestet und best\u00e4tigt  Bindet Histamin auf der Hautoberfl\u00e4che  Auch bei \u00d6demen und Gelenkschmerzen\" \/>\n<meta property=\"og:url\" content=\"https:\/\/chi-statt-botox.com\/en\/product\/toxaprevent-skin-suspension\/\" \/>\n<meta property=\"og:site_name\" content=\"Chi statt Botox\" \/>\n<meta property=\"article:modified_time\" content=\"2026-03-26T20:20:58+00:00\" \/>\n<meta property=\"og:image\" content=\"https:\/\/chi-statt-botox.com\/wp-content\/uploads\/Unbenannt-1a.jpg\" \/>\n\t<meta property=\"og:image:width\" content=\"720\" \/>\n\t<meta property=\"og:image:height\" content=\"720\" \/>\n\t<meta property=\"og:image:type\" content=\"image\/jpeg\" \/>\n<meta name=\"twitter:card\" content=\"summary_large_image\" \/>\n<meta name=\"twitter:label1\" content=\"Estimated reading time\" \/>\n\t<meta name=\"twitter:data1\" content=\"2 minutes\" \/>\n<script type=\"application\/ld+json\" class=\"yoast-schema-graph\">{\"@context\":\"https:\/\/schema.org\",\"@graph\":[{\"@type\":\"WebPage\",\"@id\":\"https:\/\/chi-statt-botox.com\/produkt\/toxaprevent-skin-suspension\/\",\"url\":\"https:\/\/chi-statt-botox.com\/produkt\/toxaprevent-skin-suspension\/\",\"name\":\"Toxaprevent\u00ae Skin Suspension - Chi statt Botox\",\"isPartOf\":{\"@id\":\"https:\/\/chi-statt-botox.com\/#website\"},\"primaryImageOfPage\":{\"@id\":\"https:\/\/chi-statt-botox.com\/produkt\/toxaprevent-skin-suspension\/#primaryimage\"},\"image\":{\"@id\":\"https:\/\/chi-statt-botox.com\/produkt\/toxaprevent-skin-suspension\/#primaryimage\"},\"thumbnailUrl\":\"https:\/\/chi-statt-botox.com\/wp-content\/uploads\/Unbenannt-1a.jpg\",\"datePublished\":\"2024-02-15T11:36:07+00:00\",\"dateModified\":\"2026-03-26T20:20:58+00:00\",\"breadcrumb\":{\"@id\":\"https:\/\/chi-statt-botox.com\/produkt\/toxaprevent-skin-suspension\/#breadcrumb\"},\"inLanguage\":\"en-GB\",\"potentialAction\":[{\"@type\":\"ReadAction\",\"target\":[\"https:\/\/chi-statt-botox.com\/produkt\/toxaprevent-skin-suspension\/\"]}]},{\"@type\":\"ImageObject\",\"inLanguage\":\"en-GB\",\"@id\":\"https:\/\/chi-statt-botox.com\/produkt\/toxaprevent-skin-suspension\/#primaryimage\",\"url\":\"https:\/\/chi-statt-botox.com\/wp-content\/uploads\/Unbenannt-1a.jpg\",\"contentUrl\":\"https:\/\/chi-statt-botox.com\/wp-content\/uploads\/Unbenannt-1a.jpg\",\"width\":720,\"height\":720},{\"@type\":\"BreadcrumbList\",\"@id\":\"https:\/\/chi-statt-botox.com\/produkt\/toxaprevent-skin-suspension\/#breadcrumb\",\"itemListElement\":[{\"@type\":\"ListItem\",\"position\":1,\"name\":\"Startseite\",\"item\":\"https:\/\/chi-statt-botox.com\/\"},{\"@type\":\"ListItem\",\"position\":2,\"name\":\"Produkte\",\"item\":\"https:\/\/chi-statt-botox.com\/shop\/\"},{\"@type\":\"ListItem\",\"position\":3,\"name\":\"Toxaprevent\u00ae Skin Suspension\"}]},{\"@type\":\"WebSite\",\"@id\":\"https:\/\/chi-statt-botox.com\/#website\",\"url\":\"https:\/\/chi-statt-botox.com\/\",\"name\":\"Chi statt Botox\",\"description\":\"Falten wegzaubern, Haut straffen\",\"potentialAction\":[{\"@type\":\"SearchAction\",\"target\":{\"@type\":\"EntryPoint\",\"urlTemplate\":\"https:\/\/chi-statt-botox.com\/?s={search_term_string}\"},\"query-input\":{\"@type\":\"PropertyValueSpecification\",\"valueRequired\":true,\"valueName\":\"search_term_string\"}}],\"inLanguage\":\"en-GB\"}]}<\/script>\n<!-- \/ Yoast SEO plugin. -->","yoast_head_json":{"title":"Toxaprevent\u00ae Skin Suspension - Chi instead of Botox","robots":{"index":"index","follow":"follow","max-snippet":"max-snippet:-1","max-image-preview":"max-image-preview:large","max-video-preview":"max-video-preview:-1"},"canonical":"https:\/\/chi-statt-botox.com\/en\/product\/toxaprevent-skin-suspension\/","og_locale":"en_GB","og_type":"article","og_title":"Toxaprevent\u00ae Skin Suspension - Chi statt Botox","og_description":"Produkt auf Naturbasis mit MANC (Naturzeolith)  Schnelle Linderung von Hautirritationen  Hilfe bei Herpes, schlecht heilenden Wunden u.v.m.  Dermatologisch getestet und best\u00e4tigt  Bindet Histamin auf der Hautoberfl\u00e4che  Auch bei \u00d6demen und Gelenkschmerzen","og_url":"https:\/\/chi-statt-botox.com\/en\/product\/toxaprevent-skin-suspension\/","og_site_name":"Chi statt Botox","article_modified_time":"2026-03-26T20:20:58+00:00","og_image":[{"width":720,"height":720,"url":"https:\/\/chi-statt-botox.com\/wp-content\/uploads\/Unbenannt-1a.jpg","type":"image\/jpeg"}],"twitter_card":"summary_large_image","twitter_misc":{"Estimated reading time":"2 minutes"},"schema":{"@context":"https:\/\/schema.org","@graph":[{"@type":"WebPage","@id":"https:\/\/chi-statt-botox.com\/produkt\/toxaprevent-skin-suspension\/","url":"https:\/\/chi-statt-botox.com\/produkt\/toxaprevent-skin-suspension\/","name":"Toxaprevent\u00ae Skin Suspension - Chi instead of Botox","isPartOf":{"@id":"https:\/\/chi-statt-botox.com\/#website"},"primaryImageOfPage":{"@id":"https:\/\/chi-statt-botox.com\/produkt\/toxaprevent-skin-suspension\/#primaryimage"},"image":{"@id":"https:\/\/chi-statt-botox.com\/produkt\/toxaprevent-skin-suspension\/#primaryimage"},"thumbnailUrl":"https:\/\/chi-statt-botox.com\/wp-content\/uploads\/Unbenannt-1a.jpg","datePublished":"2024-02-15T11:36:07+00:00","dateModified":"2026-03-26T20:20:58+00:00","breadcrumb":{"@id":"https:\/\/chi-statt-botox.com\/produkt\/toxaprevent-skin-suspension\/#breadcrumb"},"inLanguage":"en-GB","potentialAction":[{"@type":"ReadAction","target":["https:\/\/chi-statt-botox.com\/produkt\/toxaprevent-skin-suspension\/"]}]},{"@type":"ImageObject","inLanguage":"en-GB","@id":"https:\/\/chi-statt-botox.com\/produkt\/toxaprevent-skin-suspension\/#primaryimage","url":"https:\/\/chi-statt-botox.com\/wp-content\/uploads\/Unbenannt-1a.jpg","contentUrl":"https:\/\/chi-statt-botox.com\/wp-content\/uploads\/Unbenannt-1a.jpg","width":720,"height":720},{"@type":"BreadcrumbList","@id":"https:\/\/chi-statt-botox.com\/produkt\/toxaprevent-skin-suspension\/#breadcrumb","itemListElement":[{"@type":"ListItem","position":1,"name":"Startseite","item":"https:\/\/chi-statt-botox.com\/"},{"@type":"ListItem","position":2,"name":"Produkte","item":"https:\/\/chi-statt-botox.com\/shop\/"},{"@type":"ListItem","position":3,"name":"Toxaprevent\u00ae Skin Suspension"}]},{"@type":"WebSite","@id":"https:\/\/chi-statt-botox.com\/#website","url":"https:\/\/chi-statt-botox.com\/","name":"Chi instead of Botox","description":"Magic away wrinkles, tighten skin","potentialAction":[{"@type":"SearchAction","target":{"@type":"EntryPoint","urlTemplate":"https:\/\/chi-statt-botox.com\/?s={search_term_string}"},"query-input":{"@type":"PropertyValueSpecification","valueRequired":true,"valueName":"search_term_string"}}],"inLanguage":"en-GB"}]}},"_links":{"self":[{"href":"https:\/\/chi-statt-botox.com\/en\/wp-json\/wp\/v2\/product\/32217","targetHints":{"allow":["GET"]}}],"collection":[{"href":"https:\/\/chi-statt-botox.com\/en\/wp-json\/wp\/v2\/product"}],"about":[{"href":"https:\/\/chi-statt-botox.com\/en\/wp-json\/wp\/v2\/types\/product"}],"wp:featuredmedia":[{"embeddable":true,"href":"https:\/\/chi-statt-botox.com\/en\/wp-json\/wp\/v2\/media\/32219"}],"wp:attachment":[{"href":"https:\/\/chi-statt-botox.com\/en\/wp-json\/wp\/v2\/media?parent=32217"}],"wp:term":[{"taxonomy":"product_brand","embeddable":true,"href":"https:\/\/chi-statt-botox.com\/en\/wp-json\/wp\/v2\/product_brand?post=32217"},{"taxonomy":"product_cat","embeddable":true,"href":"https:\/\/chi-statt-botox.com\/en\/wp-json\/wp\/v2\/product_cat?post=32217"},{"taxonomy":"product_tag","embeddable":true,"href":"https:\/\/chi-statt-botox.com\/en\/wp-json\/wp\/v2\/product_tag?post=32217"}],"curies":[{"name":"wp","href":"https:\/\/api.w.org\/{rel}","templated":true}]}}