{"id":34749,"date":"2024-04-19T09:27:27","date_gmt":"2024-04-19T07:27:27","guid":{"rendered":"https:\/\/chi-statt-botox.com\/?post_type=product&#038;p=34749"},"modified":"2026-04-12T20:01:20","modified_gmt":"2026-04-12T18:01:20","slug":"omnilux-mini-skin-corrector","status":"publish","type":"product","link":"https:\/\/chi-statt-botox.com\/en\/product\/omnilux-mini-skin-corrector\/","title":{"rendered":"Omnilux Mini Skin Corrector"},"content":{"rendered":"<p>The mini skin corrector with the full effectiveness of LED technology and yet in pocket size. With the help of the <strong>Red and near infrared light<\/strong> it helps to <strong>Signs of ageing<\/strong> and <strong>Age spots<\/strong> and <strong>Redness<\/strong> into healthy, younger-looking skin. Enriched with vitamin C and azelaic acid <strong>Hydrocolloid plasters<\/strong> help to lighten the skin tone and reduce pigmentation.<strong>\u00a0<\/strong><\/p>\n<p>The Skin Corrector uses a powerful combination of red and near-infrared LED light and activated hydrocolloid patches to <strong>Targeted anti-ageing treatments<\/strong> around the face to reduce fine lines and wrinkles, sun damage and pigmentation.<\/p>\n<p>The <strong>red<\/strong> Wavelength (633 nm) <strong>Reduces inflammation, pigmentation and redness<\/strong> and promotes the <strong>Cell repair<\/strong> and <strong>Cell circulation<\/strong> for a vibrant complexion.<\/p>\n<p>The <strong>near infrared<\/strong> wavelength (830 nm) is aimed at <strong>deeper fibroblast cells<\/strong> and stimulates the <strong>Production of new collagen and elastin<\/strong>which leads to plumper, firmer and more youthful looking skin.<\/p>\n<p>The disposable<strong>Hydrocolloid plasters<\/strong> help to optimise the device for a <strong>freehand<\/strong> treatment on the skin and, thanks to ingredients such as vitamin C and azelaic acid, provide <strong>Additional whitening<\/strong> and <strong>Correction<\/strong>.<\/p>\n<p><strong>Personal note from Christina:<\/strong> <em>The patches also help to lighten the skin and hold the device in place so that it can be used hands-free. But the device also has its uses without patches <strong>Full effectiveness<\/strong>because it is primarily about LED technology. 14 patches are included and we offer you -&gt;<a href=\"https:\/\/chi-statt-botox.com\/en\/product\/nachfuellpack-patches-skin-corrector\/?v=fa868488740a\" target=\"_blank\" rel=\"noopener\"><strong>HERE<\/strong> <\/a>the option to buy them separately. In my personal opinion, however, the patches are not absolutely necessary, as it is exactly the same mask in mini format that you use without patches.\u00a0<\/em><\/p>\n<p><strong>Put it on 3-5 times a week for 10 minutes.<\/strong><\/p>\n<ol>\n<li>Charge the device using the charging cable supplied.<\/li>\n<li>Peel off adhesive side 1 of the hydrocolloid plaster (labelled with a device symbol) and stick it to the device.<\/li>\n<li>Peel off the adhesive side 2 (labelled with a face symbol) and place the device directly on the desired area of skin.<\/li>\n<li>Press and hold the power button to switch on the device.<\/li>\n<\/ol>\n<p><strong>Clinical studies of Omnilux Contour users have shown the following:<\/strong><\/p>\n<p><strong>98 %<\/strong> agreed that their skin felt firmer.<br \/>\n<strong>96 %<\/strong> agreed that their fine lines were less visible.<br \/>\n<strong>95 %<\/strong> agreed that their skin was more radiant and plumper.<\/p>\n<p>*After 3 treatments per week for 4 weeks<\/p>\n<p><strong>IMPORTANT<\/strong><\/p>\n<p><strong>NOT<\/strong> Do not use if you are pregnant or breastfeeding as the mask has not been tested on pregnant or breastfeeding women. Also do not use when taking prescription quantities of Retin A (tretinoin). Caution when using products containing retinol. Please read this information: -&gt; <a href=\"https:\/\/cdn.shopify.com\/s\/files\/1\/0482\/6736\/2466\/files\/DI-DE-0622.pdf?v=1655241017\" target=\"_blank\" rel=\"noopener\"><strong>Contraindications<\/strong><\/a><\/p>\n<p><strong>Technical specifications<\/strong><\/p>\n<p>LED TYPE: Red and near infrared<br \/>\nWAVELENGTHS: 633 nm (red) and 830 nm (near infrared)<br \/>\nNUMBER OF LEDS: 12 LEDs (2 per bulb)<br \/>\n6 LED light sources<br \/>\nTARGETED USE: Face<br \/>\nCERTIFICATIONS: FDA, CE<br \/>\nWARRANTY 2 years: Device<\/p>\n<p><strong>Contents<\/strong><\/p>\n<p>Mini LED device made of silicone<br \/>\n14x Skin Corrector hydrocolloid plasters (refills) <a href=\"https:\/\/chi-statt-botox.com\/en\/product\/nachfuellpack-patches-skin-corrector\/?v=fa868488740a\" target=\"_blank\" rel=\"noopener\"><strong>-&gt; HERE<\/strong><\/a> available)<br \/>\nMagnetic 2-pin 4 mm to USB-A charging cable<br \/>\nUser manual<\/p>\n<p><strong><a href=\"https:\/\/chi-statt-botox.com\/wp-content\/uploads\/Omnilux-Contour-Patient-Accordion-Fold-Brochure.pdf\" target=\"_blank\" rel=\"noopener\">-&gt; Brochure<\/a><\/strong><\/p>\n<p>Chi statt Botox GmbH \/ Bauernstra\u00dfe 1 WDZ 9 \/ 4600 Wels \/ Austria \/ shop@chi-statt-botox.com<\/p>","protected":false},"excerpt":{"rendered":"<ul>\n<li>Reduces fine lines and wrinkles<\/li>\n<li>Stimulates collagen formation<\/li>\n<li>Reduces pigmentation spots and redness<\/li>\n<li>Promotes healthy, young-looking skin<\/li>\n<li>Hands-free and wireless<\/li>\n<li>\"Pocket-sized mask\"<\/li>\n<\/ul>\n<p>&nbsp;<\/p>","protected":false},"featured_media":34773,"template":"","meta":{"_acf_changed":false,"_et_pb_use_builder":"","_et_pb_old_content":"","_et_gb_content_width":""},"product_brand":[],"product_cat":[141],"product_tag":[],"class_list":{"0":"post-34749","1":"product","2":"type-product","3":"status-publish","4":"has-post-thumbnail","6":"product_cat-chi-statt-botox","8":"first","9":"instock","10":"taxable","11":"shipping-taxable","12":"purchasable","13":"product-type-simple"},"acf":[],"yoast_head":"<!-- This site is optimized with the Yoast SEO plugin v26.4 - https:\/\/yoast.com\/wordpress\/plugins\/seo\/ -->\n<title>Omnilux Mini Skin Corrector - Chi statt Botox<\/title>\n<meta name=\"robots\" content=\"index, follow, max-snippet:-1, max-image-preview:large, max-video-preview:-1\" \/>\n<link rel=\"canonical\" href=\"https:\/\/chi-statt-botox.com\/en\/product\/omnilux-mini-skin-corrector\/\" \/>\n<meta property=\"og:locale\" content=\"en_GB\" \/>\n<meta property=\"og:type\" content=\"article\" \/>\n<meta property=\"og:title\" content=\"Omnilux Mini Skin Corrector - Chi statt Botox\" \/>\n<meta property=\"og:description\" content=\"Reduziert feine Linien und F\u00e4ltchen  Stimuliert die Kollagenbildung  Reduziert Pigmentflecken und R\u00f6tungen  F\u00f6rdert gesunde, jung aussehende Haut  Freih\u00e4ndig und kabellos  &quot;Maske im Taschenformat&quot;  &nbsp;\" \/>\n<meta property=\"og:url\" content=\"https:\/\/chi-statt-botox.com\/en\/product\/omnilux-mini-skin-corrector\/\" \/>\n<meta property=\"og:site_name\" content=\"Chi statt Botox\" \/>\n<meta property=\"article:modified_time\" content=\"2026-04-12T18:01:20+00:00\" \/>\n<meta property=\"og:image\" content=\"https:\/\/chi-statt-botox.com\/wp-content\/uploads\/SC3.jpg\" \/>\n\t<meta property=\"og:image:width\" content=\"1920\" \/>\n\t<meta property=\"og:image:height\" content=\"1920\" \/>\n\t<meta property=\"og:image:type\" content=\"image\/jpeg\" \/>\n<meta name=\"twitter:card\" content=\"summary_large_image\" \/>\n<meta name=\"twitter:label1\" content=\"Estimated reading time\" \/>\n\t<meta name=\"twitter:data1\" content=\"3 minutes\" \/>\n<script type=\"application\/ld+json\" class=\"yoast-schema-graph\">{\"@context\":\"https:\/\/schema.org\",\"@graph\":[{\"@type\":\"WebPage\",\"@id\":\"https:\/\/chi-statt-botox.com\/produkt\/omnilux-mini-skin-corrector\/\",\"url\":\"https:\/\/chi-statt-botox.com\/produkt\/omnilux-mini-skin-corrector\/\",\"name\":\"Omnilux Mini Skin Corrector - Chi statt Botox\",\"isPartOf\":{\"@id\":\"https:\/\/chi-statt-botox.com\/#website\"},\"primaryImageOfPage\":{\"@id\":\"https:\/\/chi-statt-botox.com\/produkt\/omnilux-mini-skin-corrector\/#primaryimage\"},\"image\":{\"@id\":\"https:\/\/chi-statt-botox.com\/produkt\/omnilux-mini-skin-corrector\/#primaryimage\"},\"thumbnailUrl\":\"https:\/\/chi-statt-botox.com\/wp-content\/uploads\/SC3.jpg\",\"datePublished\":\"2024-04-19T07:27:27+00:00\",\"dateModified\":\"2026-04-12T18:01:20+00:00\",\"breadcrumb\":{\"@id\":\"https:\/\/chi-statt-botox.com\/produkt\/omnilux-mini-skin-corrector\/#breadcrumb\"},\"inLanguage\":\"en-GB\",\"potentialAction\":[{\"@type\":\"ReadAction\",\"target\":[\"https:\/\/chi-statt-botox.com\/produkt\/omnilux-mini-skin-corrector\/\"]}]},{\"@type\":\"ImageObject\",\"inLanguage\":\"en-GB\",\"@id\":\"https:\/\/chi-statt-botox.com\/produkt\/omnilux-mini-skin-corrector\/#primaryimage\",\"url\":\"https:\/\/chi-statt-botox.com\/wp-content\/uploads\/SC3.jpg\",\"contentUrl\":\"https:\/\/chi-statt-botox.com\/wp-content\/uploads\/SC3.jpg\",\"width\":1920,\"height\":1920},{\"@type\":\"BreadcrumbList\",\"@id\":\"https:\/\/chi-statt-botox.com\/produkt\/omnilux-mini-skin-corrector\/#breadcrumb\",\"itemListElement\":[{\"@type\":\"ListItem\",\"position\":1,\"name\":\"Startseite\",\"item\":\"https:\/\/chi-statt-botox.com\/\"},{\"@type\":\"ListItem\",\"position\":2,\"name\":\"Produkte\",\"item\":\"https:\/\/chi-statt-botox.com\/shop\/\"},{\"@type\":\"ListItem\",\"position\":3,\"name\":\"Omnilux Mini Skin Corrector\"}]},{\"@type\":\"WebSite\",\"@id\":\"https:\/\/chi-statt-botox.com\/#website\",\"url\":\"https:\/\/chi-statt-botox.com\/\",\"name\":\"Chi statt Botox\",\"description\":\"Falten wegzaubern, Haut straffen\",\"potentialAction\":[{\"@type\":\"SearchAction\",\"target\":{\"@type\":\"EntryPoint\",\"urlTemplate\":\"https:\/\/chi-statt-botox.com\/?s={search_term_string}\"},\"query-input\":{\"@type\":\"PropertyValueSpecification\",\"valueRequired\":true,\"valueName\":\"search_term_string\"}}],\"inLanguage\":\"en-GB\"}]}<\/script>\n<!-- \/ Yoast SEO plugin. -->","yoast_head_json":{"title":"Omnilux Mini Skin Corrector - Chi instead of Botox","robots":{"index":"index","follow":"follow","max-snippet":"max-snippet:-1","max-image-preview":"max-image-preview:large","max-video-preview":"max-video-preview:-1"},"canonical":"https:\/\/chi-statt-botox.com\/en\/product\/omnilux-mini-skin-corrector\/","og_locale":"en_GB","og_type":"article","og_title":"Omnilux Mini Skin Corrector - Chi statt Botox","og_description":"Reduziert feine Linien und F\u00e4ltchen  Stimuliert die Kollagenbildung  Reduziert Pigmentflecken und R\u00f6tungen  F\u00f6rdert gesunde, jung aussehende Haut  Freih\u00e4ndig und kabellos  \"Maske im Taschenformat\"  &nbsp;","og_url":"https:\/\/chi-statt-botox.com\/en\/product\/omnilux-mini-skin-corrector\/","og_site_name":"Chi statt Botox","article_modified_time":"2026-04-12T18:01:20+00:00","og_image":[{"width":1920,"height":1920,"url":"https:\/\/chi-statt-botox.com\/wp-content\/uploads\/SC3.jpg","type":"image\/jpeg"}],"twitter_card":"summary_large_image","twitter_misc":{"Estimated reading time":"3 minutes"},"schema":{"@context":"https:\/\/schema.org","@graph":[{"@type":"WebPage","@id":"https:\/\/chi-statt-botox.com\/produkt\/omnilux-mini-skin-corrector\/","url":"https:\/\/chi-statt-botox.com\/produkt\/omnilux-mini-skin-corrector\/","name":"Omnilux Mini Skin Corrector - Chi instead of Botox","isPartOf":{"@id":"https:\/\/chi-statt-botox.com\/#website"},"primaryImageOfPage":{"@id":"https:\/\/chi-statt-botox.com\/produkt\/omnilux-mini-skin-corrector\/#primaryimage"},"image":{"@id":"https:\/\/chi-statt-botox.com\/produkt\/omnilux-mini-skin-corrector\/#primaryimage"},"thumbnailUrl":"https:\/\/chi-statt-botox.com\/wp-content\/uploads\/SC3.jpg","datePublished":"2024-04-19T07:27:27+00:00","dateModified":"2026-04-12T18:01:20+00:00","breadcrumb":{"@id":"https:\/\/chi-statt-botox.com\/produkt\/omnilux-mini-skin-corrector\/#breadcrumb"},"inLanguage":"en-GB","potentialAction":[{"@type":"ReadAction","target":["https:\/\/chi-statt-botox.com\/produkt\/omnilux-mini-skin-corrector\/"]}]},{"@type":"ImageObject","inLanguage":"en-GB","@id":"https:\/\/chi-statt-botox.com\/produkt\/omnilux-mini-skin-corrector\/#primaryimage","url":"https:\/\/chi-statt-botox.com\/wp-content\/uploads\/SC3.jpg","contentUrl":"https:\/\/chi-statt-botox.com\/wp-content\/uploads\/SC3.jpg","width":1920,"height":1920},{"@type":"BreadcrumbList","@id":"https:\/\/chi-statt-botox.com\/produkt\/omnilux-mini-skin-corrector\/#breadcrumb","itemListElement":[{"@type":"ListItem","position":1,"name":"Startseite","item":"https:\/\/chi-statt-botox.com\/"},{"@type":"ListItem","position":2,"name":"Produkte","item":"https:\/\/chi-statt-botox.com\/shop\/"},{"@type":"ListItem","position":3,"name":"Omnilux Mini Skin Corrector"}]},{"@type":"WebSite","@id":"https:\/\/chi-statt-botox.com\/#website","url":"https:\/\/chi-statt-botox.com\/","name":"Chi instead of Botox","description":"Magic away wrinkles, tighten skin","potentialAction":[{"@type":"SearchAction","target":{"@type":"EntryPoint","urlTemplate":"https:\/\/chi-statt-botox.com\/?s={search_term_string}"},"query-input":{"@type":"PropertyValueSpecification","valueRequired":true,"valueName":"search_term_string"}}],"inLanguage":"en-GB"}]}},"_links":{"self":[{"href":"https:\/\/chi-statt-botox.com\/en\/wp-json\/wp\/v2\/product\/34749","targetHints":{"allow":["GET"]}}],"collection":[{"href":"https:\/\/chi-statt-botox.com\/en\/wp-json\/wp\/v2\/product"}],"about":[{"href":"https:\/\/chi-statt-botox.com\/en\/wp-json\/wp\/v2\/types\/product"}],"wp:featuredmedia":[{"embeddable":true,"href":"https:\/\/chi-statt-botox.com\/en\/wp-json\/wp\/v2\/media\/34773"}],"wp:attachment":[{"href":"https:\/\/chi-statt-botox.com\/en\/wp-json\/wp\/v2\/media?parent=34749"}],"wp:term":[{"taxonomy":"product_brand","embeddable":true,"href":"https:\/\/chi-statt-botox.com\/en\/wp-json\/wp\/v2\/product_brand?post=34749"},{"taxonomy":"product_cat","embeddable":true,"href":"https:\/\/chi-statt-botox.com\/en\/wp-json\/wp\/v2\/product_cat?post=34749"},{"taxonomy":"product_tag","embeddable":true,"href":"https:\/\/chi-statt-botox.com\/en\/wp-json\/wp\/v2\/product_tag?post=34749"}],"curies":[{"name":"wp","href":"https:\/\/api.w.org\/{rel}","templated":true}]}}