{"id":35969,"date":"2024-05-21T09:47:05","date_gmt":"2024-05-21T07:47:05","guid":{"rendered":"https:\/\/chi-statt-botox.com\/?post_type=product&#038;p=35969"},"modified":"2026-04-14T08:33:57","modified_gmt":"2026-04-14T06:33:57","slug":"liposomales-magnesium","status":"publish","type":"product","link":"https:\/\/chi-statt-botox.com\/en\/product\/liposomales-magnesium\/","title":{"rendered":"Liposomal magnesium"},"content":{"rendered":"<p><strong>Organic magnesium citrate<\/strong>whose <strong>Bioavailability<\/strong> due to the liposomal dosage form further <strong>increased<\/strong> was.<\/p>\n<p>Magnesium has many important functions in the body; it is involved in countless metabolic processes and cell division.<\/p>\n<p><strong>Authorised health claims:<\/strong><\/p>\n<p>Magnesium has a function in cell division and contributes<\/p>\n<ul>\n<li>contributes to the electrolyte balance.<\/li>\n<li>contributes to normal muscle function (including the heart muscle).<\/li>\n<li>contributes to normal protein synthesis.<\/li>\n<li>contributes to the maintenance of normal bones and teeth.<\/li>\n<li>contributes to the normal functioning of the nervous system.<\/li>\n<li>helps to reduce tiredness and fatigue.<\/li>\n<li>contributes to a normal energy metabolism.<\/li>\n<li>contributes to normal psychological function.<\/li>\n<\/ul>\n<p><strong><br \/>\nLipoCellTech\u2122 = 20x better absorption<\/strong><\/p>\n<p>Liposomal food supplements are <strong>up to 20 times better absorbed by the body<\/strong> than conventional food supplements. This is possible thanks to a special technology that coats the active ingredients with protective shells (so-called liposomes). The active ingredients are protected during their journey through the gastrointestinal tract. The liposome is then absorbed together with the active ingredient through the small intestine. <strong>absorbed completely intact into the blood<\/strong>.<\/p>\n<p><strong>The effect of LipoCellTech\u2122 products far exceeds that of conventional liquid liposomal products.<\/strong><\/p>\n<p>The best-known production methods for liposomal food supplements use heat, high pressure or chemicals. This does not preserve the active ingredients. These methods therefore have a number of disadvantages. <strong>LipoCellTech\u2122 uses a natural production method, without heat, chemicals or pressure. This is the only way to keep the active ingredient intact.<\/strong><img loading=\"lazy\" decoding=\"async\" class=\"size-medium wp-image-2799 alignright\" src=\"https:\/\/www.naturepower.de\/wp-content\/uploads\/2020\/01\/mannetjes-01-300x288.png\" sizes=\"(max-width: 300px) 100vw, 300px\" srcset=\"https:\/\/www.naturepower.de\/wp-content\/uploads\/2020\/01\/mannetjes-01-300x288.png 300w, https:\/\/www.naturepower.de\/wp-content\/uploads\/2020\/01\/mannetjes-01-600x575.png 600w, https:\/\/www.naturepower.de\/wp-content\/uploads\/2020\/01\/mannetjes-01-150x144.png 150w, https:\/\/www.naturepower.de\/wp-content\/uploads\/2020\/01\/mannetjes-01-768x736.png 768w, https:\/\/www.naturepower.de\/wp-content\/uploads\/2020\/01\/mannetjes-01-1024x982.png 1024w\" alt=\"LipoCellTech\u2122 Verwendete Methode\" width=\"300\" height=\"288\" \/><\/p>\n<p>This method imitates nature, as our body produces liposomes itself. It can therefore also be <strong>\"The path of nature\"<\/strong> name.<\/p>\n<p>The production process mimics the way in which the body itself produces liposomes. As a result, the body recognises the <strong>liposomal products as the body's own material<\/strong>so that the absorption of the liposomes <strong>more than 95%<\/strong> is. After the active ingredient is released into the cells, the liposome fuses with the cell wall.<\/p>\n<p>During the entire patented production process <strong>only natural products<\/strong> used. Even the production machines are cleaned exclusively with organic cleaning agents.<\/p>\n<p><strong><span class=\"Fett\">Guaranteed free from:\u00a0<\/span><\/strong>Gluten, soya, lactose, GMOs, preservatives, artificial colours, fragrances and flavours.<\/p>\n<p><strong><span class=\"Fett\">Contents: <\/span><\/strong>60 vegetarian capsules<\/p>\n<p><strong><span class=\"Fett\">Consumption recommendation:\u00a0<\/span><\/strong>Take 2 capsules daily with a glass of water with a meal or as recommended.<\/p>\n<p><strong><span class=\"Fett\">Ingredients:<\/span>\u00a0<\/strong>LipoCellTech\u2122 liposomal mixture (phospholipids), magnesium citrate, hydroxypropylmethylcellulose (capsule shell).<\/p>\n<p><strong>Composition per daily dose:<\/strong><br \/>\nMagnesium 90 mg = 24% of the recommended daily dose (sufficient due to the significantly higher bioavailability)<br \/>\nPhospholipids 550 mg<\/p>\n<p>Food supplements are not intended as a substitute for a balanced and varied diet. The recommended daily dose must not be exceeded. Keep out of the reach of small children and store in a cool, tightly closed container.<\/p>\n<p><b>VIdeo <\/b>(just click on it):<br \/>\n<a href=\"https:\/\/www.youtube.com\/watch?v=T3GhMU_t5pk&amp;t=52s\" target=\"_blank\" rel=\"noopener\"><strong>\"Live 10 years longer &amp; look better with anti-ageing sleep \ud83d\ude4c\"<\/strong><\/a><\/p>\n<p>Service B\u00fcro Vitalis GmbH \/ Gotenstr. 20 \/ 20097 Hamburg \/ Germany \/ info@naturepower.de<\/p>","protected":false},"excerpt":{"rendered":"<ul>\n<li>Unrivalled high bioavailability<\/li>\n<li>Only pure and active ingredients (no fillers)<\/li>\n<li><span class=\"a-list-item\">Natural liposomes according to LipoCellTechTM<\/span><\/li>\n<\/ul>","protected":false},"featured_media":35970,"template":"","meta":{"_acf_changed":false,"_et_pb_use_builder":"","_et_pb_old_content":"","_et_gb_content_width":""},"product_brand":[],"product_cat":[175],"product_tag":[],"class_list":{"0":"post-35969","1":"product","2":"type-product","3":"status-publish","4":"has-post-thumbnail","6":"product_cat-anti-aging-nems","8":"first","9":"instock","10":"taxable","11":"shipping-taxable","12":"purchasable","13":"product-type-simple"},"acf":[],"yoast_head":"<!-- This site is optimized with the Yoast SEO plugin v26.4 - https:\/\/yoast.com\/wordpress\/plugins\/seo\/ -->\n<title>Liposomales Magnesium - Chi statt Botox<\/title>\n<meta name=\"robots\" content=\"index, follow, max-snippet:-1, max-image-preview:large, max-video-preview:-1\" \/>\n<link rel=\"canonical\" href=\"https:\/\/chi-statt-botox.com\/en\/product\/liposomales-magnesium\/\" \/>\n<meta property=\"og:locale\" content=\"en_GB\" \/>\n<meta property=\"og:type\" content=\"article\" \/>\n<meta property=\"og:title\" content=\"Liposomales Magnesium - Chi statt Botox\" \/>\n<meta property=\"og:description\" content=\"Beispiellos hohe Bioverf\u00fcgbarkeit  Nur reine und aktive Inhaltstoffe (keine F\u00fcllstoffe)  Nat\u00fcrliche Liposomen nach LipoCellTechTM\" \/>\n<meta property=\"og:url\" content=\"https:\/\/chi-statt-botox.com\/en\/product\/liposomales-magnesium\/\" \/>\n<meta property=\"og:site_name\" content=\"Chi statt Botox\" \/>\n<meta property=\"article:modified_time\" content=\"2026-04-14T06:33:57+00:00\" \/>\n<meta property=\"og:image\" content=\"https:\/\/chi-statt-botox.com\/wp-content\/uploads\/Unbenannt-1ag.jpg\" \/>\n\t<meta property=\"og:image:width\" content=\"720\" \/>\n\t<meta property=\"og:image:height\" content=\"720\" \/>\n\t<meta property=\"og:image:type\" content=\"image\/jpeg\" \/>\n<meta name=\"twitter:card\" content=\"summary_large_image\" \/>\n<meta name=\"twitter:label1\" content=\"Estimated reading time\" \/>\n\t<meta name=\"twitter:data1\" content=\"3 minutes\" \/>\n<script type=\"application\/ld+json\" class=\"yoast-schema-graph\">{\"@context\":\"https:\/\/schema.org\",\"@graph\":[{\"@type\":\"WebPage\",\"@id\":\"https:\/\/chi-statt-botox.com\/produkt\/liposomales-magnesium\/\",\"url\":\"https:\/\/chi-statt-botox.com\/produkt\/liposomales-magnesium\/\",\"name\":\"Liposomales Magnesium - Chi statt Botox\",\"isPartOf\":{\"@id\":\"https:\/\/chi-statt-botox.com\/#website\"},\"primaryImageOfPage\":{\"@id\":\"https:\/\/chi-statt-botox.com\/produkt\/liposomales-magnesium\/#primaryimage\"},\"image\":{\"@id\":\"https:\/\/chi-statt-botox.com\/produkt\/liposomales-magnesium\/#primaryimage\"},\"thumbnailUrl\":\"https:\/\/chi-statt-botox.com\/wp-content\/uploads\/Unbenannt-1ag.jpg\",\"datePublished\":\"2024-05-21T07:47:05+00:00\",\"dateModified\":\"2026-04-14T06:33:57+00:00\",\"breadcrumb\":{\"@id\":\"https:\/\/chi-statt-botox.com\/produkt\/liposomales-magnesium\/#breadcrumb\"},\"inLanguage\":\"en-GB\",\"potentialAction\":[{\"@type\":\"ReadAction\",\"target\":[\"https:\/\/chi-statt-botox.com\/produkt\/liposomales-magnesium\/\"]}]},{\"@type\":\"ImageObject\",\"inLanguage\":\"en-GB\",\"@id\":\"https:\/\/chi-statt-botox.com\/produkt\/liposomales-magnesium\/#primaryimage\",\"url\":\"https:\/\/chi-statt-botox.com\/wp-content\/uploads\/Unbenannt-1ag.jpg\",\"contentUrl\":\"https:\/\/chi-statt-botox.com\/wp-content\/uploads\/Unbenannt-1ag.jpg\",\"width\":720,\"height\":720},{\"@type\":\"BreadcrumbList\",\"@id\":\"https:\/\/chi-statt-botox.com\/produkt\/liposomales-magnesium\/#breadcrumb\",\"itemListElement\":[{\"@type\":\"ListItem\",\"position\":1,\"name\":\"Startseite\",\"item\":\"https:\/\/chi-statt-botox.com\/\"},{\"@type\":\"ListItem\",\"position\":2,\"name\":\"Produkte\",\"item\":\"https:\/\/chi-statt-botox.com\/shop\/\"},{\"@type\":\"ListItem\",\"position\":3,\"name\":\"Liposomales Magnesium\"}]},{\"@type\":\"WebSite\",\"@id\":\"https:\/\/chi-statt-botox.com\/#website\",\"url\":\"https:\/\/chi-statt-botox.com\/\",\"name\":\"Chi statt Botox\",\"description\":\"Falten wegzaubern, Haut straffen\",\"potentialAction\":[{\"@type\":\"SearchAction\",\"target\":{\"@type\":\"EntryPoint\",\"urlTemplate\":\"https:\/\/chi-statt-botox.com\/?s={search_term_string}\"},\"query-input\":{\"@type\":\"PropertyValueSpecification\",\"valueRequired\":true,\"valueName\":\"search_term_string\"}}],\"inLanguage\":\"en-GB\"}]}<\/script>\n<!-- \/ Yoast SEO plugin. -->","yoast_head_json":{"title":"Liposomal magnesium - Chi instead of Botox","robots":{"index":"index","follow":"follow","max-snippet":"max-snippet:-1","max-image-preview":"max-image-preview:large","max-video-preview":"max-video-preview:-1"},"canonical":"https:\/\/chi-statt-botox.com\/en\/product\/liposomales-magnesium\/","og_locale":"en_GB","og_type":"article","og_title":"Liposomales Magnesium - Chi statt Botox","og_description":"Beispiellos hohe Bioverf\u00fcgbarkeit  Nur reine und aktive Inhaltstoffe (keine F\u00fcllstoffe)  Nat\u00fcrliche Liposomen nach LipoCellTechTM","og_url":"https:\/\/chi-statt-botox.com\/en\/product\/liposomales-magnesium\/","og_site_name":"Chi statt Botox","article_modified_time":"2026-04-14T06:33:57+00:00","og_image":[{"width":720,"height":720,"url":"https:\/\/chi-statt-botox.com\/wp-content\/uploads\/Unbenannt-1ag.jpg","type":"image\/jpeg"}],"twitter_card":"summary_large_image","twitter_misc":{"Estimated reading time":"3 minutes"},"schema":{"@context":"https:\/\/schema.org","@graph":[{"@type":"WebPage","@id":"https:\/\/chi-statt-botox.com\/produkt\/liposomales-magnesium\/","url":"https:\/\/chi-statt-botox.com\/produkt\/liposomales-magnesium\/","name":"Liposomal magnesium - Chi instead of Botox","isPartOf":{"@id":"https:\/\/chi-statt-botox.com\/#website"},"primaryImageOfPage":{"@id":"https:\/\/chi-statt-botox.com\/produkt\/liposomales-magnesium\/#primaryimage"},"image":{"@id":"https:\/\/chi-statt-botox.com\/produkt\/liposomales-magnesium\/#primaryimage"},"thumbnailUrl":"https:\/\/chi-statt-botox.com\/wp-content\/uploads\/Unbenannt-1ag.jpg","datePublished":"2024-05-21T07:47:05+00:00","dateModified":"2026-04-14T06:33:57+00:00","breadcrumb":{"@id":"https:\/\/chi-statt-botox.com\/produkt\/liposomales-magnesium\/#breadcrumb"},"inLanguage":"en-GB","potentialAction":[{"@type":"ReadAction","target":["https:\/\/chi-statt-botox.com\/produkt\/liposomales-magnesium\/"]}]},{"@type":"ImageObject","inLanguage":"en-GB","@id":"https:\/\/chi-statt-botox.com\/produkt\/liposomales-magnesium\/#primaryimage","url":"https:\/\/chi-statt-botox.com\/wp-content\/uploads\/Unbenannt-1ag.jpg","contentUrl":"https:\/\/chi-statt-botox.com\/wp-content\/uploads\/Unbenannt-1ag.jpg","width":720,"height":720},{"@type":"BreadcrumbList","@id":"https:\/\/chi-statt-botox.com\/produkt\/liposomales-magnesium\/#breadcrumb","itemListElement":[{"@type":"ListItem","position":1,"name":"Startseite","item":"https:\/\/chi-statt-botox.com\/"},{"@type":"ListItem","position":2,"name":"Produkte","item":"https:\/\/chi-statt-botox.com\/shop\/"},{"@type":"ListItem","position":3,"name":"Liposomales Magnesium"}]},{"@type":"WebSite","@id":"https:\/\/chi-statt-botox.com\/#website","url":"https:\/\/chi-statt-botox.com\/","name":"Chi instead of Botox","description":"Magic away wrinkles, tighten skin","potentialAction":[{"@type":"SearchAction","target":{"@type":"EntryPoint","urlTemplate":"https:\/\/chi-statt-botox.com\/?s={search_term_string}"},"query-input":{"@type":"PropertyValueSpecification","valueRequired":true,"valueName":"search_term_string"}}],"inLanguage":"en-GB"}]}},"_links":{"self":[{"href":"https:\/\/chi-statt-botox.com\/en\/wp-json\/wp\/v2\/product\/35969","targetHints":{"allow":["GET"]}}],"collection":[{"href":"https:\/\/chi-statt-botox.com\/en\/wp-json\/wp\/v2\/product"}],"about":[{"href":"https:\/\/chi-statt-botox.com\/en\/wp-json\/wp\/v2\/types\/product"}],"wp:featuredmedia":[{"embeddable":true,"href":"https:\/\/chi-statt-botox.com\/en\/wp-json\/wp\/v2\/media\/35970"}],"wp:attachment":[{"href":"https:\/\/chi-statt-botox.com\/en\/wp-json\/wp\/v2\/media?parent=35969"}],"wp:term":[{"taxonomy":"product_brand","embeddable":true,"href":"https:\/\/chi-statt-botox.com\/en\/wp-json\/wp\/v2\/product_brand?post=35969"},{"taxonomy":"product_cat","embeddable":true,"href":"https:\/\/chi-statt-botox.com\/en\/wp-json\/wp\/v2\/product_cat?post=35969"},{"taxonomy":"product_tag","embeddable":true,"href":"https:\/\/chi-statt-botox.com\/en\/wp-json\/wp\/v2\/product_tag?post=35969"}],"curies":[{"name":"wp","href":"https:\/\/api.w.org\/{rel}","templated":true}]}}