{"id":40237,"date":"2024-10-03T10:23:47","date_gmt":"2024-10-03T08:23:47","guid":{"rendered":"https:\/\/chi-statt-botox.com\/?post_type=product&#038;p=40237"},"modified":"2026-04-15T16:43:10","modified_gmt":"2026-04-15T14:43:10","slug":"glycin-pulver-500g","status":"publish","type":"product","link":"https:\/\/chi-statt-botox.com\/en\/product\/glycin-pulver-500g\/","title":{"rendered":"Glycine (collagen synthesis)"},"content":{"rendered":"<p><strong>500g<\/strong> pure powder.\u00a0<strong>Glycine<\/strong> plays a <strong>essential role in the<\/strong> <strong>Collagen synthesis<\/strong>. Every 3rd molecule in collagen structures is glycine.<\/p>\n<p>Glycine is also a precursor for various other substances such as <strong>Glutathione<\/strong> (an important antioxidant), creatine and purine.<\/p>\n<p>In general, it seems that our general supply of glycine is not sufficient and we do not get the recommended amount of glycine per day. A diet with meat provides us with approximately 1.5-3g of glycine, while vegans and vegetarians hardly have any glycine in their diet.  Quantum biologists recommend an additional intake of glycine of at least 3g per day. According to various sources, however, an optimal supply is around 10g per day.<\/p>\n<p><strong>Christina recommendation<\/strong>I take 5g a day and this pack lasts me 100 days. As glycine has a naturally sweet flavour, I like to sweeten my desserts with it. It is highly recommended to google what glycine can do (we are not allowed to list everything here).<\/p>\n<p><strong>Application<\/strong>Simply mix into water, juice, shakes or smoothies - but also into food, as it has a sweet flavour.<\/p>\n<p><strong>Ingredients<\/strong>L-glycine<\/p>\n<p><strong>Consumption recommendation:\u00a0<\/strong>Stir 5g powder into approx. 250 ml water or juice twice a day and consume<\/p>\n<ul>\n<li>500g pure powder<\/li>\n<li>100% vegan<\/li>\n<li>Free from undesirable additives such as flavourings, colourings, preservatives or stabilisers<\/li>\n<li>Pure powder - made in Germany<\/li>\n<li>Is regularly checked by an external laboratory<\/li>\n<\/ul>\n<p>The daily intake must not be exceeded. Out-of-reach food supplements are no substitute for a varied, balanced diet.<\/p>\n<p><strong>Further information on glycine:<\/strong><\/p>\n<div class=\"row\">\n<div class=\"col-xs-12\">\n<p>(1) https:\/\/pubmed.ncbi.nlm.nih.gov\/12362985\/<br \/>\n(2) https:\/\/de.wikipedia.org\/wiki\/Osteogenesis_imperfecta#Ursache_der_Kollagenfehlbildung_und_H%C3%A4ufigkeit<br \/>\n(3) https:\/\/pubmed.ncbi.nlm.nih.gov\/21387089\/<br \/>\n(4) https:\/\/pubmed.ncbi.nlm.nih.gov\/22995213\/<br \/>\n(5) https:\/\/www.ncbi.nlm.nih.gov\/books\/NBK22385\/<br \/>\n(6) https:\/\/pubmed.ncbi.nlm.nih.gov\/20093739\/<br \/>\n(7) https:\/\/www.taegerfitness.de\/glycin\/<\/p>\n<p>PFS GmbH \/ Lauber Str. 5a \/ 93197 Zeitlarn \/ Germany \/ info@tnt-supplements.de<\/p>\n<\/div>\n<\/div>","protected":false},"excerpt":{"rendered":"<ul class=\"listnopoints grey\">\n<li>NEW look, same product<\/li>\n<li>Important for collagen synthesis<\/li>\n<li>Non-essential amino acid<\/li>\n<li>Production in Germany<\/li>\n<li>100% vegan<\/li>\n<li>Sweet by nature<\/li>\n<\/ul>","protected":false},"featured_media":41125,"template":"","meta":{"_acf_changed":false,"_et_pb_use_builder":"","_et_pb_old_content":"","_et_gb_content_width":""},"product_brand":[],"product_cat":[175],"product_tag":[],"class_list":{"0":"post-40237","1":"product","2":"type-product","3":"status-publish","4":"has-post-thumbnail","6":"product_cat-anti-aging-nems","8":"first","9":"instock","10":"taxable","11":"shipping-taxable","12":"purchasable","13":"product-type-simple"},"acf":[],"yoast_head":"<!-- This site is optimized with the Yoast SEO plugin v26.4 - https:\/\/yoast.com\/wordpress\/plugins\/seo\/ -->\n<title>Glycin (Kollagensynthese) - Chi statt Botox<\/title>\n<meta name=\"robots\" content=\"index, follow, max-snippet:-1, max-image-preview:large, max-video-preview:-1\" \/>\n<link rel=\"canonical\" href=\"https:\/\/chi-statt-botox.com\/en\/product\/glycin-pulver-500g\/\" \/>\n<meta property=\"og:locale\" content=\"en_GB\" \/>\n<meta property=\"og:type\" content=\"article\" \/>\n<meta property=\"og:title\" content=\"Glycin (Kollagensynthese) - Chi statt Botox\" \/>\n<meta property=\"og:description\" content=\"NEUE Optik, gleiches Produkt  Wichtig f\u00fcr die Kollagensynthese  Nicht-essentielle Aminos\u00e4ure  Herstellung in Deutschland  100% vegan  Von Natur aus s\u00fc\u00df\" \/>\n<meta property=\"og:url\" content=\"https:\/\/chi-statt-botox.com\/en\/product\/glycin-pulver-500g\/\" \/>\n<meta property=\"og:site_name\" content=\"Chi statt Botox\" \/>\n<meta property=\"article:modified_time\" content=\"2026-04-15T14:43:10+00:00\" \/>\n<meta property=\"og:image\" content=\"https:\/\/chi-statt-botox.com\/wp-content\/uploads\/tnt-glycin_0_908_thumb_3.jpg\" \/>\n\t<meta property=\"og:image:width\" content=\"800\" \/>\n\t<meta property=\"og:image:height\" content=\"800\" \/>\n\t<meta property=\"og:image:type\" content=\"image\/jpeg\" \/>\n<meta name=\"twitter:card\" content=\"summary_large_image\" \/>\n<meta name=\"twitter:label1\" content=\"Estimated reading time\" \/>\n\t<meta name=\"twitter:data1\" content=\"2 minutes\" \/>\n<script type=\"application\/ld+json\" class=\"yoast-schema-graph\">{\"@context\":\"https:\/\/schema.org\",\"@graph\":[{\"@type\":\"WebPage\",\"@id\":\"https:\/\/chi-statt-botox.com\/produkt\/glycin-pulver-500g\/\",\"url\":\"https:\/\/chi-statt-botox.com\/produkt\/glycin-pulver-500g\/\",\"name\":\"Glycin (Kollagensynthese) - Chi statt Botox\",\"isPartOf\":{\"@id\":\"https:\/\/chi-statt-botox.com\/#website\"},\"primaryImageOfPage\":{\"@id\":\"https:\/\/chi-statt-botox.com\/produkt\/glycin-pulver-500g\/#primaryimage\"},\"image\":{\"@id\":\"https:\/\/chi-statt-botox.com\/produkt\/glycin-pulver-500g\/#primaryimage\"},\"thumbnailUrl\":\"https:\/\/chi-statt-botox.com\/wp-content\/uploads\/tnt-glycin_0_908_thumb_3.jpg\",\"datePublished\":\"2024-10-03T08:23:47+00:00\",\"dateModified\":\"2026-04-15T14:43:10+00:00\",\"breadcrumb\":{\"@id\":\"https:\/\/chi-statt-botox.com\/produkt\/glycin-pulver-500g\/#breadcrumb\"},\"inLanguage\":\"en-GB\",\"potentialAction\":[{\"@type\":\"ReadAction\",\"target\":[\"https:\/\/chi-statt-botox.com\/produkt\/glycin-pulver-500g\/\"]}]},{\"@type\":\"ImageObject\",\"inLanguage\":\"en-GB\",\"@id\":\"https:\/\/chi-statt-botox.com\/produkt\/glycin-pulver-500g\/#primaryimage\",\"url\":\"https:\/\/chi-statt-botox.com\/wp-content\/uploads\/tnt-glycin_0_908_thumb_3.jpg\",\"contentUrl\":\"https:\/\/chi-statt-botox.com\/wp-content\/uploads\/tnt-glycin_0_908_thumb_3.jpg\",\"width\":800,\"height\":800},{\"@type\":\"BreadcrumbList\",\"@id\":\"https:\/\/chi-statt-botox.com\/produkt\/glycin-pulver-500g\/#breadcrumb\",\"itemListElement\":[{\"@type\":\"ListItem\",\"position\":1,\"name\":\"Startseite\",\"item\":\"https:\/\/chi-statt-botox.com\/\"},{\"@type\":\"ListItem\",\"position\":2,\"name\":\"Produkte\",\"item\":\"https:\/\/chi-statt-botox.com\/shop\/\"},{\"@type\":\"ListItem\",\"position\":3,\"name\":\"Glycin (Kollagensynthese)\"}]},{\"@type\":\"WebSite\",\"@id\":\"https:\/\/chi-statt-botox.com\/#website\",\"url\":\"https:\/\/chi-statt-botox.com\/\",\"name\":\"Chi statt Botox\",\"description\":\"Falten wegzaubern, Haut straffen\",\"potentialAction\":[{\"@type\":\"SearchAction\",\"target\":{\"@type\":\"EntryPoint\",\"urlTemplate\":\"https:\/\/chi-statt-botox.com\/?s={search_term_string}\"},\"query-input\":{\"@type\":\"PropertyValueSpecification\",\"valueRequired\":true,\"valueName\":\"search_term_string\"}}],\"inLanguage\":\"en-GB\"}]}<\/script>\n<!-- \/ Yoast SEO plugin. -->","yoast_head_json":{"title":"Glycine (collagen synthesis) - Chi instead of Botox","robots":{"index":"index","follow":"follow","max-snippet":"max-snippet:-1","max-image-preview":"max-image-preview:large","max-video-preview":"max-video-preview:-1"},"canonical":"https:\/\/chi-statt-botox.com\/en\/product\/glycin-pulver-500g\/","og_locale":"en_GB","og_type":"article","og_title":"Glycin (Kollagensynthese) - Chi statt Botox","og_description":"NEUE Optik, gleiches Produkt  Wichtig f\u00fcr die Kollagensynthese  Nicht-essentielle Aminos\u00e4ure  Herstellung in Deutschland  100% vegan  Von Natur aus s\u00fc\u00df","og_url":"https:\/\/chi-statt-botox.com\/en\/product\/glycin-pulver-500g\/","og_site_name":"Chi statt Botox","article_modified_time":"2026-04-15T14:43:10+00:00","og_image":[{"width":800,"height":800,"url":"https:\/\/chi-statt-botox.com\/wp-content\/uploads\/tnt-glycin_0_908_thumb_3.jpg","type":"image\/jpeg"}],"twitter_card":"summary_large_image","twitter_misc":{"Estimated reading time":"2 minutes"},"schema":{"@context":"https:\/\/schema.org","@graph":[{"@type":"WebPage","@id":"https:\/\/chi-statt-botox.com\/produkt\/glycin-pulver-500g\/","url":"https:\/\/chi-statt-botox.com\/produkt\/glycin-pulver-500g\/","name":"Glycine (collagen synthesis) - Chi instead of Botox","isPartOf":{"@id":"https:\/\/chi-statt-botox.com\/#website"},"primaryImageOfPage":{"@id":"https:\/\/chi-statt-botox.com\/produkt\/glycin-pulver-500g\/#primaryimage"},"image":{"@id":"https:\/\/chi-statt-botox.com\/produkt\/glycin-pulver-500g\/#primaryimage"},"thumbnailUrl":"https:\/\/chi-statt-botox.com\/wp-content\/uploads\/tnt-glycin_0_908_thumb_3.jpg","datePublished":"2024-10-03T08:23:47+00:00","dateModified":"2026-04-15T14:43:10+00:00","breadcrumb":{"@id":"https:\/\/chi-statt-botox.com\/produkt\/glycin-pulver-500g\/#breadcrumb"},"inLanguage":"en-GB","potentialAction":[{"@type":"ReadAction","target":["https:\/\/chi-statt-botox.com\/produkt\/glycin-pulver-500g\/"]}]},{"@type":"ImageObject","inLanguage":"en-GB","@id":"https:\/\/chi-statt-botox.com\/produkt\/glycin-pulver-500g\/#primaryimage","url":"https:\/\/chi-statt-botox.com\/wp-content\/uploads\/tnt-glycin_0_908_thumb_3.jpg","contentUrl":"https:\/\/chi-statt-botox.com\/wp-content\/uploads\/tnt-glycin_0_908_thumb_3.jpg","width":800,"height":800},{"@type":"BreadcrumbList","@id":"https:\/\/chi-statt-botox.com\/produkt\/glycin-pulver-500g\/#breadcrumb","itemListElement":[{"@type":"ListItem","position":1,"name":"Startseite","item":"https:\/\/chi-statt-botox.com\/"},{"@type":"ListItem","position":2,"name":"Produkte","item":"https:\/\/chi-statt-botox.com\/shop\/"},{"@type":"ListItem","position":3,"name":"Glycin (Kollagensynthese)"}]},{"@type":"WebSite","@id":"https:\/\/chi-statt-botox.com\/#website","url":"https:\/\/chi-statt-botox.com\/","name":"Chi instead of Botox","description":"Magic away wrinkles, tighten skin","potentialAction":[{"@type":"SearchAction","target":{"@type":"EntryPoint","urlTemplate":"https:\/\/chi-statt-botox.com\/?s={search_term_string}"},"query-input":{"@type":"PropertyValueSpecification","valueRequired":true,"valueName":"search_term_string"}}],"inLanguage":"en-GB"}]}},"_links":{"self":[{"href":"https:\/\/chi-statt-botox.com\/en\/wp-json\/wp\/v2\/product\/40237","targetHints":{"allow":["GET"]}}],"collection":[{"href":"https:\/\/chi-statt-botox.com\/en\/wp-json\/wp\/v2\/product"}],"about":[{"href":"https:\/\/chi-statt-botox.com\/en\/wp-json\/wp\/v2\/types\/product"}],"wp:featuredmedia":[{"embeddable":true,"href":"https:\/\/chi-statt-botox.com\/en\/wp-json\/wp\/v2\/media\/41125"}],"wp:attachment":[{"href":"https:\/\/chi-statt-botox.com\/en\/wp-json\/wp\/v2\/media?parent=40237"}],"wp:term":[{"taxonomy":"product_brand","embeddable":true,"href":"https:\/\/chi-statt-botox.com\/en\/wp-json\/wp\/v2\/product_brand?post=40237"},{"taxonomy":"product_cat","embeddable":true,"href":"https:\/\/chi-statt-botox.com\/en\/wp-json\/wp\/v2\/product_cat?post=40237"},{"taxonomy":"product_tag","embeddable":true,"href":"https:\/\/chi-statt-botox.com\/en\/wp-json\/wp\/v2\/product_tag?post=40237"}],"curies":[{"name":"wp","href":"https:\/\/api.w.org\/{rel}","templated":true}]}}