{"id":4061,"date":"2020-06-30T11:33:11","date_gmt":"2020-06-30T09:33:11","guid":{"rendered":"https:\/\/chi-statt-botox.com\/?post_type=product&#038;p=4061"},"modified":"2026-04-14T09:01:16","modified_gmt":"2026-04-14T07:01:16","slug":"kleiner-schaber-aus-horn","status":"publish","type":"product","link":"https:\/\/chi-statt-botox.com\/en\/product\/kleiner-schaber-aus-horn\/","title":{"rendered":"Small scraper made from horn"},"content":{"rendered":"<p>Scraper for smaller areas of the face such as upper eyelids, nose, scars etc. It is also suitable for massaging the soles of the feet and palms of the hands. To do this, apply a little oil to the soles of the feet or palms of the hands and scrape with short, firm movements. The scraping direction is from the heel to the toes and from the wrist to the fingertips. Toes and fingers are also scraped, as well as the space between them.<\/p>\n<p><strong>An application example in the video <\/strong>(just click on it):<br \/>\n<strong><a href=\"https:\/\/www.youtube.com\/watch?v=1Wdqw2mcLKQ&amp;t=3s\" target=\"_blank\" rel=\"noopener\">\"THE trick to reduce frown lines (little known)\" <\/a><\/strong>(from minute 10:13)<\/p>\n<p><strong>Important note:\u00a0<\/strong>Some of the scrapers vary greatly in shape, size and colour. However, we have carefully sorted through the delivery and only released those for the shop that are really suitable for massage.<\/p>\n<p>Chi statt Botox GmbH \/ Bauernstra\u00dfe 1 WDZ 9 \/ 4600 Wels \/ Austria \/ shop@chi-statt-botox.com<\/p>\n<p>&nbsp;<\/p>","protected":false},"excerpt":{"rendered":"<p>Scraper for smaller areas of the face such as upper eyelids, nose, scars etc. Also for foot soles and hand massages.<\/p>","protected":false},"featured_media":30155,"template":"","meta":{"_acf_changed":false,"_et_pb_use_builder":"","_et_pb_old_content":"","_et_gb_content_width":""},"product_brand":[],"product_cat":[176],"product_tag":[],"class_list":{"0":"post-4061","1":"product","2":"type-product","3":"status-publish","4":"has-post-thumbnail","6":"product_cat-face-yoga-massagen","8":"first","9":"instock","10":"taxable","11":"shipping-taxable","12":"purchasable","13":"product-type-simple"},"acf":[],"yoast_head":"<!-- This site is optimized with the Yoast SEO plugin v26.4 - https:\/\/yoast.com\/wordpress\/plugins\/seo\/ -->\n<title>Kleiner Schaber aus Horn - Chi statt Botox<\/title>\n<meta name=\"robots\" content=\"index, follow, max-snippet:-1, max-image-preview:large, max-video-preview:-1\" \/>\n<link rel=\"canonical\" href=\"https:\/\/chi-statt-botox.com\/en\/product\/kleiner-schaber-aus-horn\/\" \/>\n<meta property=\"og:locale\" content=\"en_GB\" \/>\n<meta property=\"og:type\" content=\"article\" \/>\n<meta property=\"og:title\" content=\"Kleiner Schaber aus Horn - Chi statt Botox\" \/>\n<meta property=\"og:description\" content=\"Schaber f\u00fcr kleinere Bereiche im Gesicht wie zum Beispiel Oberlider, Nase, Narben etc. Auch f\u00fcr Fu\u00dfsohlen und Handmassagen.\" \/>\n<meta property=\"og:url\" content=\"https:\/\/chi-statt-botox.com\/en\/product\/kleiner-schaber-aus-horn\/\" \/>\n<meta property=\"og:site_name\" content=\"Chi statt Botox\" \/>\n<meta property=\"article:modified_time\" content=\"2026-04-14T07:01:16+00:00\" \/>\n<meta property=\"og:image\" content=\"https:\/\/chi-statt-botox.com\/wp-content\/uploads\/web_Kleiner-Schaber-aus-Horn.jpg\" \/>\n\t<meta property=\"og:image:width\" content=\"1920\" \/>\n\t<meta property=\"og:image:height\" content=\"1920\" \/>\n\t<meta property=\"og:image:type\" content=\"image\/jpeg\" \/>\n<meta name=\"twitter:card\" content=\"summary_large_image\" \/>\n<meta name=\"twitter:label1\" content=\"Estimated reading time\" \/>\n\t<meta name=\"twitter:data1\" content=\"1 minute\" \/>\n<script type=\"application\/ld+json\" class=\"yoast-schema-graph\">{\"@context\":\"https:\/\/schema.org\",\"@graph\":[{\"@type\":\"WebPage\",\"@id\":\"https:\/\/chi-statt-botox.com\/produkt\/kleiner-schaber-aus-horn\/\",\"url\":\"https:\/\/chi-statt-botox.com\/produkt\/kleiner-schaber-aus-horn\/\",\"name\":\"Kleiner Schaber aus Horn - Chi statt Botox\",\"isPartOf\":{\"@id\":\"https:\/\/chi-statt-botox.com\/#website\"},\"primaryImageOfPage\":{\"@id\":\"https:\/\/chi-statt-botox.com\/produkt\/kleiner-schaber-aus-horn\/#primaryimage\"},\"image\":{\"@id\":\"https:\/\/chi-statt-botox.com\/produkt\/kleiner-schaber-aus-horn\/#primaryimage\"},\"thumbnailUrl\":\"https:\/\/chi-statt-botox.com\/wp-content\/uploads\/web_Kleiner-Schaber-aus-Horn.jpg\",\"datePublished\":\"2020-06-30T09:33:11+00:00\",\"dateModified\":\"2026-04-14T07:01:16+00:00\",\"breadcrumb\":{\"@id\":\"https:\/\/chi-statt-botox.com\/produkt\/kleiner-schaber-aus-horn\/#breadcrumb\"},\"inLanguage\":\"en-GB\",\"potentialAction\":[{\"@type\":\"ReadAction\",\"target\":[\"https:\/\/chi-statt-botox.com\/produkt\/kleiner-schaber-aus-horn\/\"]}]},{\"@type\":\"ImageObject\",\"inLanguage\":\"en-GB\",\"@id\":\"https:\/\/chi-statt-botox.com\/produkt\/kleiner-schaber-aus-horn\/#primaryimage\",\"url\":\"https:\/\/chi-statt-botox.com\/wp-content\/uploads\/web_Kleiner-Schaber-aus-Horn.jpg\",\"contentUrl\":\"https:\/\/chi-statt-botox.com\/wp-content\/uploads\/web_Kleiner-Schaber-aus-Horn.jpg\",\"width\":1920,\"height\":1920},{\"@type\":\"BreadcrumbList\",\"@id\":\"https:\/\/chi-statt-botox.com\/produkt\/kleiner-schaber-aus-horn\/#breadcrumb\",\"itemListElement\":[{\"@type\":\"ListItem\",\"position\":1,\"name\":\"Startseite\",\"item\":\"https:\/\/chi-statt-botox.com\/\"},{\"@type\":\"ListItem\",\"position\":2,\"name\":\"Produkte\",\"item\":\"https:\/\/chi-statt-botox.com\/shop\/\"},{\"@type\":\"ListItem\",\"position\":3,\"name\":\"Kleiner Schaber aus Horn\"}]},{\"@type\":\"WebSite\",\"@id\":\"https:\/\/chi-statt-botox.com\/#website\",\"url\":\"https:\/\/chi-statt-botox.com\/\",\"name\":\"Chi statt Botox\",\"description\":\"Falten wegzaubern, Haut straffen\",\"potentialAction\":[{\"@type\":\"SearchAction\",\"target\":{\"@type\":\"EntryPoint\",\"urlTemplate\":\"https:\/\/chi-statt-botox.com\/?s={search_term_string}\"},\"query-input\":{\"@type\":\"PropertyValueSpecification\",\"valueRequired\":true,\"valueName\":\"search_term_string\"}}],\"inLanguage\":\"en-GB\"}]}<\/script>\n<!-- \/ Yoast SEO plugin. -->","yoast_head_json":{"title":"Small scraper made of horn - Chi instead of Botox","robots":{"index":"index","follow":"follow","max-snippet":"max-snippet:-1","max-image-preview":"max-image-preview:large","max-video-preview":"max-video-preview:-1"},"canonical":"https:\/\/chi-statt-botox.com\/en\/product\/kleiner-schaber-aus-horn\/","og_locale":"en_GB","og_type":"article","og_title":"Kleiner Schaber aus Horn - Chi statt Botox","og_description":"Schaber f\u00fcr kleinere Bereiche im Gesicht wie zum Beispiel Oberlider, Nase, Narben etc. Auch f\u00fcr Fu\u00dfsohlen und Handmassagen.","og_url":"https:\/\/chi-statt-botox.com\/en\/product\/kleiner-schaber-aus-horn\/","og_site_name":"Chi statt Botox","article_modified_time":"2026-04-14T07:01:16+00:00","og_image":[{"width":1920,"height":1920,"url":"https:\/\/chi-statt-botox.com\/wp-content\/uploads\/web_Kleiner-Schaber-aus-Horn.jpg","type":"image\/jpeg"}],"twitter_card":"summary_large_image","twitter_misc":{"Estimated reading time":"1 minute"},"schema":{"@context":"https:\/\/schema.org","@graph":[{"@type":"WebPage","@id":"https:\/\/chi-statt-botox.com\/produkt\/kleiner-schaber-aus-horn\/","url":"https:\/\/chi-statt-botox.com\/produkt\/kleiner-schaber-aus-horn\/","name":"Small scraper made of horn - Chi instead of Botox","isPartOf":{"@id":"https:\/\/chi-statt-botox.com\/#website"},"primaryImageOfPage":{"@id":"https:\/\/chi-statt-botox.com\/produkt\/kleiner-schaber-aus-horn\/#primaryimage"},"image":{"@id":"https:\/\/chi-statt-botox.com\/produkt\/kleiner-schaber-aus-horn\/#primaryimage"},"thumbnailUrl":"https:\/\/chi-statt-botox.com\/wp-content\/uploads\/web_Kleiner-Schaber-aus-Horn.jpg","datePublished":"2020-06-30T09:33:11+00:00","dateModified":"2026-04-14T07:01:16+00:00","breadcrumb":{"@id":"https:\/\/chi-statt-botox.com\/produkt\/kleiner-schaber-aus-horn\/#breadcrumb"},"inLanguage":"en-GB","potentialAction":[{"@type":"ReadAction","target":["https:\/\/chi-statt-botox.com\/produkt\/kleiner-schaber-aus-horn\/"]}]},{"@type":"ImageObject","inLanguage":"en-GB","@id":"https:\/\/chi-statt-botox.com\/produkt\/kleiner-schaber-aus-horn\/#primaryimage","url":"https:\/\/chi-statt-botox.com\/wp-content\/uploads\/web_Kleiner-Schaber-aus-Horn.jpg","contentUrl":"https:\/\/chi-statt-botox.com\/wp-content\/uploads\/web_Kleiner-Schaber-aus-Horn.jpg","width":1920,"height":1920},{"@type":"BreadcrumbList","@id":"https:\/\/chi-statt-botox.com\/produkt\/kleiner-schaber-aus-horn\/#breadcrumb","itemListElement":[{"@type":"ListItem","position":1,"name":"Startseite","item":"https:\/\/chi-statt-botox.com\/"},{"@type":"ListItem","position":2,"name":"Produkte","item":"https:\/\/chi-statt-botox.com\/shop\/"},{"@type":"ListItem","position":3,"name":"Kleiner Schaber aus Horn"}]},{"@type":"WebSite","@id":"https:\/\/chi-statt-botox.com\/#website","url":"https:\/\/chi-statt-botox.com\/","name":"Chi instead of Botox","description":"Magic away wrinkles, tighten skin","potentialAction":[{"@type":"SearchAction","target":{"@type":"EntryPoint","urlTemplate":"https:\/\/chi-statt-botox.com\/?s={search_term_string}"},"query-input":{"@type":"PropertyValueSpecification","valueRequired":true,"valueName":"search_term_string"}}],"inLanguage":"en-GB"}]}},"_links":{"self":[{"href":"https:\/\/chi-statt-botox.com\/en\/wp-json\/wp\/v2\/product\/4061","targetHints":{"allow":["GET"]}}],"collection":[{"href":"https:\/\/chi-statt-botox.com\/en\/wp-json\/wp\/v2\/product"}],"about":[{"href":"https:\/\/chi-statt-botox.com\/en\/wp-json\/wp\/v2\/types\/product"}],"wp:featuredmedia":[{"embeddable":true,"href":"https:\/\/chi-statt-botox.com\/en\/wp-json\/wp\/v2\/media\/30155"}],"wp:attachment":[{"href":"https:\/\/chi-statt-botox.com\/en\/wp-json\/wp\/v2\/media?parent=4061"}],"wp:term":[{"taxonomy":"product_brand","embeddable":true,"href":"https:\/\/chi-statt-botox.com\/en\/wp-json\/wp\/v2\/product_brand?post=4061"},{"taxonomy":"product_cat","embeddable":true,"href":"https:\/\/chi-statt-botox.com\/en\/wp-json\/wp\/v2\/product_cat?post=4061"},{"taxonomy":"product_tag","embeddable":true,"href":"https:\/\/chi-statt-botox.com\/en\/wp-json\/wp\/v2\/product_tag?post=4061"}],"curies":[{"name":"wp","href":"https:\/\/api.w.org\/{rel}","templated":true}]}}