{"id":41067,"date":"2024-10-22T11:13:35","date_gmt":"2024-10-22T09:13:35","guid":{"rendered":"https:\/\/chi-statt-botox.com\/?post_type=product&#038;p=41067"},"modified":"2026-04-15T18:05:03","modified_gmt":"2026-04-15T16:05:03","slug":"bian-stein-schaber","status":"publish","type":"product","link":"https:\/\/chi-statt-botox.com\/en\/product\/bian-stein-schaber\/","title":{"rendered":"Bian stone scraper"},"content":{"rendered":"<p>Specially moulded scraper made from 100% <strong>Bian stone<\/strong> adapts to the curves of the face, neck, nape and body. Bian stones contain <strong>40 minerals and trace elements<\/strong>which <strong>negative ions<\/strong> produce and <strong>Thermally conductive properties<\/strong> have. Therefore, please only clean the stone with warm water without soap.<\/p>\n<p>The special shape was designed to minimise <strong>Tighten skin<\/strong>that <strong>Shaping the face<\/strong>and from <strong>Get rid of swelling<\/strong>. The stone is suitable for <strong>Lymphatic drainage<\/strong> as well as for an intensive Gua Sha massage. You can use it to work your skincare products deeper into the skin. A Gua Sha massage often provides an immediate lifting effect and a fresh complexion, but used regularly it can prevent the formation of wrinkles in the long term. <strong>Collagen and elastin<\/strong> support.<\/p>\n<ul>\n<li id=\"tw-target-text\" class=\"tw-data-text tw-text-large tw-ta\" dir=\"ltr\" data-placeholder=\"\u00dcbersetzung\" data-ved=\"2ahUKEwje3ubHz6GJAxWWS_EDHUh9FI4Q3ewLegQIBxAU\" aria-label=\"Translated text: The skin is tightened, shaped, toned and relieved of puffiness\">Stimulates blood circulation<\/li>\n<li dir=\"ltr\" data-placeholder=\"\u00dcbersetzung\" data-ved=\"2ahUKEwje3ubHz6GJAxWWS_EDHUh9FI4Q3ewLegQIBxAU\" aria-label=\"Translated text: The skin is tightened, shaped, toned and relieved of puffiness\">Promotes firming and smoothing of the skin<\/li>\n<li dir=\"ltr\" data-placeholder=\"\u00dcbersetzung\" data-ved=\"2ahUKEwje3ubHz6GJAxWWS_EDHUh9FI4Q3ewLegQIBxAU\" aria-label=\"Translated text: The skin is tightened, shaped, toned and relieved of puffiness\">Suitable for lymphatic drainage<\/li>\n<li dir=\"ltr\" data-placeholder=\"\u00dcbersetzung\" data-ved=\"2ahUKEwje3ubHz6GJAxWWS_EDHUh9FI4Q3ewLegQIBxAU\" aria-label=\"Translated text: The skin is tightened, shaped, toned and relieved of puffiness\">Helps against swelling<\/li>\n<li dir=\"ltr\" data-placeholder=\"\u00dcbersetzung\" data-ved=\"2ahUKEwje3ubHz6GJAxWWS_EDHUh9FI4Q3ewLegQIBxAU\" aria-label=\"Translated text: The skin is tightened, shaped, toned and relieved of puffiness\">Works in depth<\/li>\n<li dir=\"ltr\" data-placeholder=\"\u00dcbersetzung\" data-ved=\"2ahUKEwje3ubHz6GJAxWWS_EDHUh9FI4Q3ewLegQIBxAU\" aria-label=\"Translated text: The skin is tightened, shaped, toned and relieved of puffiness\">Helps collagen production<\/li>\n<\/ul>\n<p>Chi statt Botox GmbH \/ Bauernstra\u00dfe 1 WDZ 9 \/ 4600 Wels \/ Austria \/ shop@chi-statt-botox.com<\/p>","protected":false},"excerpt":{"rendered":"<ul>\n<li>Bian stone contains 40 minerals<\/li>\n<li>Bian stone has thermally conductive properties<\/li>\n<li>Shape suitable for Gua Sha and lymphatic drainage<\/li>\n<li>Promotes firming and smoothing of the skin<\/li>\n<li>Helps against swelling<\/li>\n<\/ul>","protected":false},"featured_media":41069,"template":"","meta":{"_acf_changed":false,"_et_pb_use_builder":"","_et_pb_old_content":"","_et_gb_content_width":""},"product_brand":[],"product_cat":[176],"product_tag":[],"class_list":{"0":"post-41067","1":"product","2":"type-product","3":"status-publish","4":"has-post-thumbnail","6":"product_cat-face-yoga-massagen","8":"first","9":"instock","10":"taxable","11":"shipping-taxable","12":"purchasable","13":"product-type-simple"},"acf":[],"yoast_head":"<!-- This site is optimized with the Yoast SEO plugin v26.4 - https:\/\/yoast.com\/wordpress\/plugins\/seo\/ -->\n<title>Bian Stein Schaber - Chi statt Botox<\/title>\n<meta name=\"robots\" content=\"index, follow, max-snippet:-1, max-image-preview:large, max-video-preview:-1\" \/>\n<link rel=\"canonical\" href=\"https:\/\/chi-statt-botox.com\/en\/product\/bian-stein-schaber\/\" \/>\n<meta property=\"og:locale\" content=\"en_GB\" \/>\n<meta property=\"og:type\" content=\"article\" \/>\n<meta property=\"og:title\" content=\"Bian Stein Schaber - Chi statt Botox\" \/>\n<meta property=\"og:description\" content=\"Bian Stein enth\u00e4lt 40 Mineralien  Bian Stein besitzt w\u00e4rmeleitende Eigenschaften  Form geeignet f\u00fcr Gua Sha und Lymphdrainage  F\u00f6rdert die Straffung und Gl\u00e4ttung der Haut  Hilft gegen Schwellungen\" \/>\n<meta property=\"og:url\" content=\"https:\/\/chi-statt-botox.com\/en\/product\/bian-stein-schaber\/\" \/>\n<meta property=\"og:site_name\" content=\"Chi statt Botox\" \/>\n<meta property=\"article:modified_time\" content=\"2026-04-15T16:05:03+00:00\" \/>\n<meta property=\"og:image\" content=\"https:\/\/chi-statt-botox.com\/wp-content\/uploads\/Chi_statt_botox_5.jpg\" \/>\n\t<meta property=\"og:image:width\" content=\"1920\" \/>\n\t<meta property=\"og:image:height\" content=\"1920\" \/>\n\t<meta property=\"og:image:type\" content=\"image\/jpeg\" \/>\n<meta name=\"twitter:card\" content=\"summary_large_image\" \/>\n<meta name=\"twitter:label1\" content=\"Estimated reading time\" \/>\n\t<meta name=\"twitter:data1\" content=\"2 minutes\" \/>\n<script type=\"application\/ld+json\" class=\"yoast-schema-graph\">{\"@context\":\"https:\/\/schema.org\",\"@graph\":[{\"@type\":\"WebPage\",\"@id\":\"https:\/\/chi-statt-botox.com\/produkt\/bian-stein-schaber\/\",\"url\":\"https:\/\/chi-statt-botox.com\/produkt\/bian-stein-schaber\/\",\"name\":\"Bian Stein Schaber - Chi statt Botox\",\"isPartOf\":{\"@id\":\"https:\/\/chi-statt-botox.com\/#website\"},\"primaryImageOfPage\":{\"@id\":\"https:\/\/chi-statt-botox.com\/produkt\/bian-stein-schaber\/#primaryimage\"},\"image\":{\"@id\":\"https:\/\/chi-statt-botox.com\/produkt\/bian-stein-schaber\/#primaryimage\"},\"thumbnailUrl\":\"https:\/\/chi-statt-botox.com\/wp-content\/uploads\/Chi_statt_botox_5.jpg\",\"datePublished\":\"2024-10-22T09:13:35+00:00\",\"dateModified\":\"2026-04-15T16:05:03+00:00\",\"breadcrumb\":{\"@id\":\"https:\/\/chi-statt-botox.com\/produkt\/bian-stein-schaber\/#breadcrumb\"},\"inLanguage\":\"en-GB\",\"potentialAction\":[{\"@type\":\"ReadAction\",\"target\":[\"https:\/\/chi-statt-botox.com\/produkt\/bian-stein-schaber\/\"]}]},{\"@type\":\"ImageObject\",\"inLanguage\":\"en-GB\",\"@id\":\"https:\/\/chi-statt-botox.com\/produkt\/bian-stein-schaber\/#primaryimage\",\"url\":\"https:\/\/chi-statt-botox.com\/wp-content\/uploads\/Chi_statt_botox_5.jpg\",\"contentUrl\":\"https:\/\/chi-statt-botox.com\/wp-content\/uploads\/Chi_statt_botox_5.jpg\",\"width\":1920,\"height\":1920},{\"@type\":\"BreadcrumbList\",\"@id\":\"https:\/\/chi-statt-botox.com\/produkt\/bian-stein-schaber\/#breadcrumb\",\"itemListElement\":[{\"@type\":\"ListItem\",\"position\":1,\"name\":\"Startseite\",\"item\":\"https:\/\/chi-statt-botox.com\/\"},{\"@type\":\"ListItem\",\"position\":2,\"name\":\"Produkte\",\"item\":\"https:\/\/chi-statt-botox.com\/shop\/\"},{\"@type\":\"ListItem\",\"position\":3,\"name\":\"Bian Stein Schaber\"}]},{\"@type\":\"WebSite\",\"@id\":\"https:\/\/chi-statt-botox.com\/#website\",\"url\":\"https:\/\/chi-statt-botox.com\/\",\"name\":\"Chi statt Botox\",\"description\":\"Falten wegzaubern, Haut straffen\",\"potentialAction\":[{\"@type\":\"SearchAction\",\"target\":{\"@type\":\"EntryPoint\",\"urlTemplate\":\"https:\/\/chi-statt-botox.com\/?s={search_term_string}\"},\"query-input\":{\"@type\":\"PropertyValueSpecification\",\"valueRequired\":true,\"valueName\":\"search_term_string\"}}],\"inLanguage\":\"en-GB\"}]}<\/script>\n<!-- \/ Yoast SEO plugin. -->","yoast_head_json":{"title":"Bian Stein Schaber - Chi instead of Botox","robots":{"index":"index","follow":"follow","max-snippet":"max-snippet:-1","max-image-preview":"max-image-preview:large","max-video-preview":"max-video-preview:-1"},"canonical":"https:\/\/chi-statt-botox.com\/en\/product\/bian-stein-schaber\/","og_locale":"en_GB","og_type":"article","og_title":"Bian Stein Schaber - Chi statt Botox","og_description":"Bian Stein enth\u00e4lt 40 Mineralien  Bian Stein besitzt w\u00e4rmeleitende Eigenschaften  Form geeignet f\u00fcr Gua Sha und Lymphdrainage  F\u00f6rdert die Straffung und Gl\u00e4ttung der Haut  Hilft gegen Schwellungen","og_url":"https:\/\/chi-statt-botox.com\/en\/product\/bian-stein-schaber\/","og_site_name":"Chi statt Botox","article_modified_time":"2026-04-15T16:05:03+00:00","og_image":[{"width":1920,"height":1920,"url":"https:\/\/chi-statt-botox.com\/wp-content\/uploads\/Chi_statt_botox_5.jpg","type":"image\/jpeg"}],"twitter_card":"summary_large_image","twitter_misc":{"Estimated reading time":"2 minutes"},"schema":{"@context":"https:\/\/schema.org","@graph":[{"@type":"WebPage","@id":"https:\/\/chi-statt-botox.com\/produkt\/bian-stein-schaber\/","url":"https:\/\/chi-statt-botox.com\/produkt\/bian-stein-schaber\/","name":"Bian Stein Schaber - Chi instead of Botox","isPartOf":{"@id":"https:\/\/chi-statt-botox.com\/#website"},"primaryImageOfPage":{"@id":"https:\/\/chi-statt-botox.com\/produkt\/bian-stein-schaber\/#primaryimage"},"image":{"@id":"https:\/\/chi-statt-botox.com\/produkt\/bian-stein-schaber\/#primaryimage"},"thumbnailUrl":"https:\/\/chi-statt-botox.com\/wp-content\/uploads\/Chi_statt_botox_5.jpg","datePublished":"2024-10-22T09:13:35+00:00","dateModified":"2026-04-15T16:05:03+00:00","breadcrumb":{"@id":"https:\/\/chi-statt-botox.com\/produkt\/bian-stein-schaber\/#breadcrumb"},"inLanguage":"en-GB","potentialAction":[{"@type":"ReadAction","target":["https:\/\/chi-statt-botox.com\/produkt\/bian-stein-schaber\/"]}]},{"@type":"ImageObject","inLanguage":"en-GB","@id":"https:\/\/chi-statt-botox.com\/produkt\/bian-stein-schaber\/#primaryimage","url":"https:\/\/chi-statt-botox.com\/wp-content\/uploads\/Chi_statt_botox_5.jpg","contentUrl":"https:\/\/chi-statt-botox.com\/wp-content\/uploads\/Chi_statt_botox_5.jpg","width":1920,"height":1920},{"@type":"BreadcrumbList","@id":"https:\/\/chi-statt-botox.com\/produkt\/bian-stein-schaber\/#breadcrumb","itemListElement":[{"@type":"ListItem","position":1,"name":"Startseite","item":"https:\/\/chi-statt-botox.com\/"},{"@type":"ListItem","position":2,"name":"Produkte","item":"https:\/\/chi-statt-botox.com\/shop\/"},{"@type":"ListItem","position":3,"name":"Bian Stein Schaber"}]},{"@type":"WebSite","@id":"https:\/\/chi-statt-botox.com\/#website","url":"https:\/\/chi-statt-botox.com\/","name":"Chi instead of Botox","description":"Magic away wrinkles, tighten skin","potentialAction":[{"@type":"SearchAction","target":{"@type":"EntryPoint","urlTemplate":"https:\/\/chi-statt-botox.com\/?s={search_term_string}"},"query-input":{"@type":"PropertyValueSpecification","valueRequired":true,"valueName":"search_term_string"}}],"inLanguage":"en-GB"}]}},"_links":{"self":[{"href":"https:\/\/chi-statt-botox.com\/en\/wp-json\/wp\/v2\/product\/41067","targetHints":{"allow":["GET"]}}],"collection":[{"href":"https:\/\/chi-statt-botox.com\/en\/wp-json\/wp\/v2\/product"}],"about":[{"href":"https:\/\/chi-statt-botox.com\/en\/wp-json\/wp\/v2\/types\/product"}],"wp:featuredmedia":[{"embeddable":true,"href":"https:\/\/chi-statt-botox.com\/en\/wp-json\/wp\/v2\/media\/41069"}],"wp:attachment":[{"href":"https:\/\/chi-statt-botox.com\/en\/wp-json\/wp\/v2\/media?parent=41067"}],"wp:term":[{"taxonomy":"product_brand","embeddable":true,"href":"https:\/\/chi-statt-botox.com\/en\/wp-json\/wp\/v2\/product_brand?post=41067"},{"taxonomy":"product_cat","embeddable":true,"href":"https:\/\/chi-statt-botox.com\/en\/wp-json\/wp\/v2\/product_cat?post=41067"},{"taxonomy":"product_tag","embeddable":true,"href":"https:\/\/chi-statt-botox.com\/en\/wp-json\/wp\/v2\/product_tag?post=41067"}],"curies":[{"name":"wp","href":"https:\/\/api.w.org\/{rel}","templated":true}]}}