{"id":41086,"date":"2024-10-23T11:04:07","date_gmt":"2024-10-23T09:04:07","guid":{"rendered":"https:\/\/chi-statt-botox.com\/?post_type=product&#038;p=41086"},"modified":"2026-04-15T16:43:10","modified_gmt":"2026-04-15T14:43:10","slug":"gua-sha-mushroom-2-stk","status":"publish","type":"product","link":"https:\/\/chi-statt-botox.com\/en\/product\/gua-sha-mushroom-2-stk\/","title":{"rendered":"Gua Sha Energy Mushrooms 2 pcs"},"content":{"rendered":"<p>Two Gua Sha mushrooms <strong>made from genuine amethyst<\/strong>. Ideal for <strong>Lymphatic drainage<\/strong>gentle <strong>Gua Sha<\/strong> and to the <strong>Massage in care products<\/strong>.<br \/>\nParticularly beneficial for the <strong>Eye area<\/strong>. Here, the mushrooms can be used to make gentle Gua Sha, which is equally <strong>Reduced swelling<\/strong> and the <strong>Musculature<\/strong> around the eye. As you have a wider and narrower side at your disposal, you can adapt the massage perfectly to your face.<\/p>\n<p>But the mushrooms are also <strong>Body<\/strong> applicable, in the neck area or for the treatment of <strong>Trigger points<\/strong> (you can also use the narrow side here).<\/p>\n<p><strong>Christina's tip<\/strong>Massage your skin regularly with the mushrooms. <strong>Temples<\/strong> (we do this automatically when we have a headache, but the massage is much more pleasant with the mushrooms). This relaxes the large temporal muscle, which is usually very tense and therefore affects the face.<\/p>\n<p><strong>APPLICATION<\/strong><br \/>\nCleanse the skin. Apply a gel, oil or cream.<br \/>\nMassage with the mushrooms at the desired pressure (stronger in muscular areas, gentler in bony areas).<\/p>\n<p><strong>AMETHYST<\/strong><br \/>\nThe amethyst is mainly associated with <strong>cleansing<\/strong> abilities. It works <strong>clarifying, soothing <\/strong>and <strong>Diverts negative energies. <\/strong>Your Gua Sha massage benefits from all these properties.<\/p>\n<p><strong>CARE<\/strong><br \/>\nClean with warm water.<br \/>\nIf you want to maintain the energetic properties of the stone, clean it again and again in cold running water and from time to time either <span style=\"text-decoration: underline;\">short<\/span> in the sun or charged in an amethyst gland. However, this is not absolutely necessary for a Gua Sha massage.<\/p>\n<p><strong>LENGTH<\/strong><br \/>\n3.8 cm<\/p>\n<p>Chi statt Botox GmbH \/ Bauernstra\u00dfe 1 WDZ 9 \/ 4600 Wels \/ Austria \/ shop@chi-statt-botox.com<\/p>","protected":false},"excerpt":{"rendered":"<ul>\n<li>Made from genuine amethyst<\/li>\n<li>Ideal against facial swelling<\/li>\n<li>Stimulates the lymphatic system and muscles<\/li>\n<li>Relaxes the temporalis muscle<\/li>\n<li>Perfect for the eye area<\/li>\n<li>For neck, body and trigger points<\/li>\n<\/ul>\n<p>&nbsp;<\/p>","protected":false},"featured_media":41090,"template":"","meta":{"_acf_changed":false,"_et_pb_use_builder":"","_et_pb_old_content":"","_et_gb_content_width":""},"product_brand":[],"product_cat":[176],"product_tag":[],"class_list":{"0":"post-41086","1":"product","2":"type-product","3":"status-publish","4":"has-post-thumbnail","6":"product_cat-face-yoga-massagen","8":"first","9":"instock","10":"taxable","11":"shipping-taxable","12":"purchasable","13":"product-type-simple"},"acf":[],"yoast_head":"<!-- This site is optimized with the Yoast SEO plugin v26.4 - https:\/\/yoast.com\/wordpress\/plugins\/seo\/ -->\n<title>Gua Sha Energie Pilze 2 Stk - Chi statt Botox<\/title>\n<meta name=\"robots\" content=\"index, follow, max-snippet:-1, max-image-preview:large, max-video-preview:-1\" \/>\n<link rel=\"canonical\" href=\"https:\/\/chi-statt-botox.com\/en\/product\/gua-sha-mushroom-2-stk\/\" \/>\n<meta property=\"og:locale\" content=\"en_GB\" \/>\n<meta property=\"og:type\" content=\"article\" \/>\n<meta property=\"og:title\" content=\"Gua Sha Energie Pilze 2 Stk - Chi statt Botox\" \/>\n<meta property=\"og:description\" content=\"Aus echtem Amethyst  Ideal gegen Schwellungen im Gesicht  Stimuliert Lymphsystem und Muskulatur  Entspannt den Schl\u00e4fenmuskel  Perfekt f\u00fcr den Augenbereich  F\u00fcr Nacken, K\u00f6rper und Triggerpunkte  &nbsp;\" \/>\n<meta property=\"og:url\" content=\"https:\/\/chi-statt-botox.com\/en\/product\/gua-sha-mushroom-2-stk\/\" \/>\n<meta property=\"og:site_name\" content=\"Chi statt Botox\" \/>\n<meta property=\"article:modified_time\" content=\"2026-04-15T14:43:10+00:00\" \/>\n<meta property=\"og:image\" content=\"https:\/\/chi-statt-botox.com\/wp-content\/uploads\/Mushroom-2er3.jpg\" \/>\n\t<meta property=\"og:image:width\" content=\"780\" \/>\n\t<meta property=\"og:image:height\" content=\"780\" \/>\n\t<meta property=\"og:image:type\" content=\"image\/jpeg\" \/>\n<meta name=\"twitter:card\" content=\"summary_large_image\" \/>\n<meta name=\"twitter:label1\" content=\"Estimated reading time\" \/>\n\t<meta name=\"twitter:data1\" content=\"2 minutes\" \/>\n<script type=\"application\/ld+json\" class=\"yoast-schema-graph\">{\"@context\":\"https:\/\/schema.org\",\"@graph\":[{\"@type\":\"WebPage\",\"@id\":\"https:\/\/chi-statt-botox.com\/produkt\/gua-sha-mushroom-2-stk\/\",\"url\":\"https:\/\/chi-statt-botox.com\/produkt\/gua-sha-mushroom-2-stk\/\",\"name\":\"Gua Sha Energie Pilze 2 Stk - Chi statt Botox\",\"isPartOf\":{\"@id\":\"https:\/\/chi-statt-botox.com\/#website\"},\"primaryImageOfPage\":{\"@id\":\"https:\/\/chi-statt-botox.com\/produkt\/gua-sha-mushroom-2-stk\/#primaryimage\"},\"image\":{\"@id\":\"https:\/\/chi-statt-botox.com\/produkt\/gua-sha-mushroom-2-stk\/#primaryimage\"},\"thumbnailUrl\":\"https:\/\/chi-statt-botox.com\/wp-content\/uploads\/Mushroom-2er3.jpg\",\"datePublished\":\"2024-10-23T09:04:07+00:00\",\"dateModified\":\"2026-04-15T14:43:10+00:00\",\"breadcrumb\":{\"@id\":\"https:\/\/chi-statt-botox.com\/produkt\/gua-sha-mushroom-2-stk\/#breadcrumb\"},\"inLanguage\":\"en-GB\",\"potentialAction\":[{\"@type\":\"ReadAction\",\"target\":[\"https:\/\/chi-statt-botox.com\/produkt\/gua-sha-mushroom-2-stk\/\"]}]},{\"@type\":\"ImageObject\",\"inLanguage\":\"en-GB\",\"@id\":\"https:\/\/chi-statt-botox.com\/produkt\/gua-sha-mushroom-2-stk\/#primaryimage\",\"url\":\"https:\/\/chi-statt-botox.com\/wp-content\/uploads\/Mushroom-2er3.jpg\",\"contentUrl\":\"https:\/\/chi-statt-botox.com\/wp-content\/uploads\/Mushroom-2er3.jpg\",\"width\":780,\"height\":780},{\"@type\":\"BreadcrumbList\",\"@id\":\"https:\/\/chi-statt-botox.com\/produkt\/gua-sha-mushroom-2-stk\/#breadcrumb\",\"itemListElement\":[{\"@type\":\"ListItem\",\"position\":1,\"name\":\"Startseite\",\"item\":\"https:\/\/chi-statt-botox.com\/\"},{\"@type\":\"ListItem\",\"position\":2,\"name\":\"Produkte\",\"item\":\"https:\/\/chi-statt-botox.com\/shop\/\"},{\"@type\":\"ListItem\",\"position\":3,\"name\":\"Gua Sha Energie Pilze 2 Stk\"}]},{\"@type\":\"WebSite\",\"@id\":\"https:\/\/chi-statt-botox.com\/#website\",\"url\":\"https:\/\/chi-statt-botox.com\/\",\"name\":\"Chi statt Botox\",\"description\":\"Falten wegzaubern, Haut straffen\",\"potentialAction\":[{\"@type\":\"SearchAction\",\"target\":{\"@type\":\"EntryPoint\",\"urlTemplate\":\"https:\/\/chi-statt-botox.com\/?s={search_term_string}\"},\"query-input\":{\"@type\":\"PropertyValueSpecification\",\"valueRequired\":true,\"valueName\":\"search_term_string\"}}],\"inLanguage\":\"en-GB\"}]}<\/script>\n<!-- \/ Yoast SEO plugin. -->","yoast_head_json":{"title":"Gua Sha Energy Mushrooms 2 pcs - Chi instead of Botox","robots":{"index":"index","follow":"follow","max-snippet":"max-snippet:-1","max-image-preview":"max-image-preview:large","max-video-preview":"max-video-preview:-1"},"canonical":"https:\/\/chi-statt-botox.com\/en\/product\/gua-sha-mushroom-2-stk\/","og_locale":"en_GB","og_type":"article","og_title":"Gua Sha Energie Pilze 2 Stk - Chi statt Botox","og_description":"Aus echtem Amethyst  Ideal gegen Schwellungen im Gesicht  Stimuliert Lymphsystem und Muskulatur  Entspannt den Schl\u00e4fenmuskel  Perfekt f\u00fcr den Augenbereich  F\u00fcr Nacken, K\u00f6rper und Triggerpunkte  &nbsp;","og_url":"https:\/\/chi-statt-botox.com\/en\/product\/gua-sha-mushroom-2-stk\/","og_site_name":"Chi statt Botox","article_modified_time":"2026-04-15T14:43:10+00:00","og_image":[{"width":780,"height":780,"url":"https:\/\/chi-statt-botox.com\/wp-content\/uploads\/Mushroom-2er3.jpg","type":"image\/jpeg"}],"twitter_card":"summary_large_image","twitter_misc":{"Estimated reading time":"2 minutes"},"schema":{"@context":"https:\/\/schema.org","@graph":[{"@type":"WebPage","@id":"https:\/\/chi-statt-botox.com\/produkt\/gua-sha-mushroom-2-stk\/","url":"https:\/\/chi-statt-botox.com\/produkt\/gua-sha-mushroom-2-stk\/","name":"Gua Sha Energy Mushrooms 2 pcs - Chi instead of Botox","isPartOf":{"@id":"https:\/\/chi-statt-botox.com\/#website"},"primaryImageOfPage":{"@id":"https:\/\/chi-statt-botox.com\/produkt\/gua-sha-mushroom-2-stk\/#primaryimage"},"image":{"@id":"https:\/\/chi-statt-botox.com\/produkt\/gua-sha-mushroom-2-stk\/#primaryimage"},"thumbnailUrl":"https:\/\/chi-statt-botox.com\/wp-content\/uploads\/Mushroom-2er3.jpg","datePublished":"2024-10-23T09:04:07+00:00","dateModified":"2026-04-15T14:43:10+00:00","breadcrumb":{"@id":"https:\/\/chi-statt-botox.com\/produkt\/gua-sha-mushroom-2-stk\/#breadcrumb"},"inLanguage":"en-GB","potentialAction":[{"@type":"ReadAction","target":["https:\/\/chi-statt-botox.com\/produkt\/gua-sha-mushroom-2-stk\/"]}]},{"@type":"ImageObject","inLanguage":"en-GB","@id":"https:\/\/chi-statt-botox.com\/produkt\/gua-sha-mushroom-2-stk\/#primaryimage","url":"https:\/\/chi-statt-botox.com\/wp-content\/uploads\/Mushroom-2er3.jpg","contentUrl":"https:\/\/chi-statt-botox.com\/wp-content\/uploads\/Mushroom-2er3.jpg","width":780,"height":780},{"@type":"BreadcrumbList","@id":"https:\/\/chi-statt-botox.com\/produkt\/gua-sha-mushroom-2-stk\/#breadcrumb","itemListElement":[{"@type":"ListItem","position":1,"name":"Startseite","item":"https:\/\/chi-statt-botox.com\/"},{"@type":"ListItem","position":2,"name":"Produkte","item":"https:\/\/chi-statt-botox.com\/shop\/"},{"@type":"ListItem","position":3,"name":"Gua Sha Energie Pilze 2 Stk"}]},{"@type":"WebSite","@id":"https:\/\/chi-statt-botox.com\/#website","url":"https:\/\/chi-statt-botox.com\/","name":"Chi instead of Botox","description":"Magic away wrinkles, tighten skin","potentialAction":[{"@type":"SearchAction","target":{"@type":"EntryPoint","urlTemplate":"https:\/\/chi-statt-botox.com\/?s={search_term_string}"},"query-input":{"@type":"PropertyValueSpecification","valueRequired":true,"valueName":"search_term_string"}}],"inLanguage":"en-GB"}]}},"_links":{"self":[{"href":"https:\/\/chi-statt-botox.com\/en\/wp-json\/wp\/v2\/product\/41086","targetHints":{"allow":["GET"]}}],"collection":[{"href":"https:\/\/chi-statt-botox.com\/en\/wp-json\/wp\/v2\/product"}],"about":[{"href":"https:\/\/chi-statt-botox.com\/en\/wp-json\/wp\/v2\/types\/product"}],"wp:featuredmedia":[{"embeddable":true,"href":"https:\/\/chi-statt-botox.com\/en\/wp-json\/wp\/v2\/media\/41090"}],"wp:attachment":[{"href":"https:\/\/chi-statt-botox.com\/en\/wp-json\/wp\/v2\/media?parent=41086"}],"wp:term":[{"taxonomy":"product_brand","embeddable":true,"href":"https:\/\/chi-statt-botox.com\/en\/wp-json\/wp\/v2\/product_brand?post=41086"},{"taxonomy":"product_cat","embeddable":true,"href":"https:\/\/chi-statt-botox.com\/en\/wp-json\/wp\/v2\/product_cat?post=41086"},{"taxonomy":"product_tag","embeddable":true,"href":"https:\/\/chi-statt-botox.com\/en\/wp-json\/wp\/v2\/product_tag?post=41086"}],"curies":[{"name":"wp","href":"https:\/\/api.w.org\/{rel}","templated":true}]}}