{"id":4360,"date":"2020-09-01T14:39:30","date_gmt":"2020-09-01T12:39:30","guid":{"rendered":"https:\/\/chi-statt-botox.com\/?post_type=product&#038;p=4360"},"modified":"2026-04-14T16:40:38","modified_gmt":"2026-04-14T14:40:38","slug":"bambus-massagerute-der-shaolin-moenche","status":"publish","type":"product","link":"https:\/\/chi-statt-botox.com\/en\/product\/bambus-massagerute-der-shaolin-moenche\/","title":{"rendered":"Bamboo massage rod of the Shaolin monks"},"content":{"rendered":"<p>Are you looking for a natural and efficient way to do something good for your body? Our Pai Sha bamboo rod is the answer to your needs!<\/p>\n<p><strong>Advantages that become apparent:<\/strong><\/p>\n<ol>\n<li><strong>Improved blood circulation:<\/strong> Stimulate blood circulation in every corner of your body and feel your body come back to life.<\/li>\n<li><strong>Reduced uric acid:<\/strong> Help your body rid itself of excess uric acid and enjoy better health from the inside out.<\/li>\n<li><strong>Stimulates the energy system:<\/strong> Special massage techniques, which you can learn in our accompanying explanatory video, activate your inner energy stores. (Instructions for the massage <span style=\"color: #0000ff;\"><a style=\"color: #0000ff;\" href=\"https:\/\/www.youtube.com\/watch?v=6SAugUFEa0Q\" target=\"_blank\" rel=\"noopener noreferrer\"><strong>Explanatory video<\/strong><\/a><\/span>)<\/li>\n<li><strong>Pain relief:<\/strong> Work against pain and tension in your body and enjoy a relaxed and pain-free life.<\/li>\n<li><strong>Deep relaxation:<\/strong> Feel the stress of everyday life fall away from you when you massage yourself with our Pai Sha rod for just a few minutes.<\/li>\n<\/ol>\n<p><strong>Why Pai Sha?<\/strong> Based on a millennia-old tradition and similar to Gua Sha massage, Pai Sha offers a unique way to optimise the entire body condition. It is more than just a massage; it is a journey into the depths of your wellbeing.<\/p>\n<p><strong>Environmentally friendly &amp; practical:<\/strong> Made from environmentally friendly and fast-growing bamboo. As commercially available rods for women are often long and heavy, we have adapted them so that women can also use them easily and effectively. Whether you want to reach your back, massage your legs or simply prevent tension - our Pai Sha bamboo rod is your ideal companion.<\/p>\n<p>Join thousands of people who have already discovered the benefits of the Pai Sha bamboo rod. Treat yourself to the ultimate self-massage experience today!<\/p>\n<p><strong>Application videos<\/strong> (just click on it):<br \/>\n<a href=\"https:\/\/www.youtube.com\/watch?v=6SAugUFEa0Q\" target=\"_blank\" rel=\"noopener\"><span style=\"color: #0000ff;\"><strong>\"THE TIP for beauty and energy (proven for thousands of years)\"<\/strong><\/span><\/a><br \/>\n<a href=\"https:\/\/www.youtube.com\/watch?v=5gEFcmXyQb8&amp;t=319s\" target=\"_blank\" rel=\"noopener\"><strong>\"Detoxify BINDEGEWEBE conveniently - this is how EFFECTIVE detoxification works\"<\/strong><\/a><\/p>\n<p>Chi statt Botox GmbH \/ Bauernstra\u00dfe 1 WDZ 9 \/ 4600 Wels \/ Austria \/ shop@chi-statt-botox.com<\/p>","protected":false},"excerpt":{"rendered":"<ul>\n<li>Improves blood circulation<\/li>\n<li>Reduces uric acid<\/li>\n<li>Stimulates the energy system<\/li>\n<li>Relieves pain<\/li>\n<li>Adapted for women in terms of weight<\/li>\n<li>Following a millennia-old tradition<\/li>\n<\/ul>\n<p>&nbsp;<\/p>\n<p>&nbsp;<\/p>","protected":false},"featured_media":50384,"template":"","meta":{"_acf_changed":false,"_et_pb_use_builder":"off","_et_pb_old_content":"Die Massage mit der Bambusrute stimuliert das Energiesystem (siehe <a href=\"https:\/\/www.youtube.com\/watch?v=yQQ4t9qI_YI\" target=\"_blank\" rel=\"noopener noreferrer\"><strong>Erkl\u00e4rungsvideo<\/strong><\/a>), reduziert die Harns\u00e4ure, verbessert die Blutzirkulation, entspannt und lindert Schmerzen. Aus umweltfreundlichem und schnell nachwachsendem Bambus hergestellt. Wir haben sie auf 46 cm gek\u00fcrzt, um sie auch f\u00fcr Frauen verwendbar zu machen. Sehr gut zur Selbstmassage des ganzen K\u00f6rpers geeignet.","_et_gb_content_width":""},"product_brand":[],"product_cat":[176],"product_tag":[],"class_list":{"0":"post-4360","1":"product","2":"type-product","3":"status-publish","4":"has-post-thumbnail","6":"product_cat-face-yoga-massagen","8":"first","9":"instock","10":"taxable","11":"shipping-taxable","12":"purchasable","13":"product-type-simple"},"acf":[],"yoast_head":"<!-- This site is optimized with the Yoast SEO plugin v26.4 - https:\/\/yoast.com\/wordpress\/plugins\/seo\/ -->\n<title>Bambus-Massagerute der Shaolin-M\u00f6nche - Chi statt Botox<\/title>\n<meta name=\"robots\" content=\"index, follow, max-snippet:-1, max-image-preview:large, max-video-preview:-1\" \/>\n<link rel=\"canonical\" href=\"https:\/\/chi-statt-botox.com\/en\/product\/bambus-massagerute-der-shaolin-moenche\/\" \/>\n<meta property=\"og:locale\" content=\"en_GB\" \/>\n<meta property=\"og:type\" content=\"article\" \/>\n<meta property=\"og:title\" content=\"Bambus-Massagerute der Shaolin-M\u00f6nche - Chi statt Botox\" \/>\n<meta property=\"og:description\" content=\"Verbessert die Blutzirkulation  Reduziert die Harns\u00e4ure  Stimuliert das Energiesystem  Lindert Schmerzen  Gewichtsm\u00e4\u00dfig f\u00fcr Frauen angepasst  Nach einer Jahrtausende alten Tradition  &nbsp;  &nbsp;\" \/>\n<meta property=\"og:url\" content=\"https:\/\/chi-statt-botox.com\/en\/product\/bambus-massagerute-der-shaolin-moenche\/\" \/>\n<meta property=\"og:site_name\" content=\"Chi statt Botox\" \/>\n<meta property=\"article:modified_time\" content=\"2026-04-14T14:40:38+00:00\" \/>\n<meta property=\"og:image\" content=\"https:\/\/chi-statt-botox.com\/wp-content\/uploads\/Rute_01.jpg\" \/>\n\t<meta property=\"og:image:width\" content=\"1920\" \/>\n\t<meta property=\"og:image:height\" content=\"1920\" \/>\n\t<meta property=\"og:image:type\" content=\"image\/jpeg\" \/>\n<meta name=\"twitter:card\" content=\"summary_large_image\" \/>\n<meta name=\"twitter:label1\" content=\"Estimated reading time\" \/>\n\t<meta name=\"twitter:data1\" content=\"2 minutes\" \/>\n<script type=\"application\/ld+json\" class=\"yoast-schema-graph\">{\"@context\":\"https:\/\/schema.org\",\"@graph\":[{\"@type\":\"WebPage\",\"@id\":\"https:\/\/chi-statt-botox.com\/produkt\/bambus-massagerute-der-shaolin-moenche\/\",\"url\":\"https:\/\/chi-statt-botox.com\/produkt\/bambus-massagerute-der-shaolin-moenche\/\",\"name\":\"Bambus-Massagerute der Shaolin-M\u00f6nche - Chi statt Botox\",\"isPartOf\":{\"@id\":\"https:\/\/chi-statt-botox.com\/#website\"},\"primaryImageOfPage\":{\"@id\":\"https:\/\/chi-statt-botox.com\/produkt\/bambus-massagerute-der-shaolin-moenche\/#primaryimage\"},\"image\":{\"@id\":\"https:\/\/chi-statt-botox.com\/produkt\/bambus-massagerute-der-shaolin-moenche\/#primaryimage\"},\"thumbnailUrl\":\"https:\/\/chi-statt-botox.com\/wp-content\/uploads\/Rute_01.jpg\",\"datePublished\":\"2020-09-01T12:39:30+00:00\",\"dateModified\":\"2026-04-14T14:40:38+00:00\",\"breadcrumb\":{\"@id\":\"https:\/\/chi-statt-botox.com\/produkt\/bambus-massagerute-der-shaolin-moenche\/#breadcrumb\"},\"inLanguage\":\"en-GB\",\"potentialAction\":[{\"@type\":\"ReadAction\",\"target\":[\"https:\/\/chi-statt-botox.com\/produkt\/bambus-massagerute-der-shaolin-moenche\/\"]}]},{\"@type\":\"ImageObject\",\"inLanguage\":\"en-GB\",\"@id\":\"https:\/\/chi-statt-botox.com\/produkt\/bambus-massagerute-der-shaolin-moenche\/#primaryimage\",\"url\":\"https:\/\/chi-statt-botox.com\/wp-content\/uploads\/Rute_01.jpg\",\"contentUrl\":\"https:\/\/chi-statt-botox.com\/wp-content\/uploads\/Rute_01.jpg\",\"width\":1920,\"height\":1920},{\"@type\":\"BreadcrumbList\",\"@id\":\"https:\/\/chi-statt-botox.com\/produkt\/bambus-massagerute-der-shaolin-moenche\/#breadcrumb\",\"itemListElement\":[{\"@type\":\"ListItem\",\"position\":1,\"name\":\"Startseite\",\"item\":\"https:\/\/chi-statt-botox.com\/\"},{\"@type\":\"ListItem\",\"position\":2,\"name\":\"Produkte\",\"item\":\"https:\/\/chi-statt-botox.com\/shop\/\"},{\"@type\":\"ListItem\",\"position\":3,\"name\":\"Bambus-Massagerute der Shaolin-M\u00f6nche\"}]},{\"@type\":\"WebSite\",\"@id\":\"https:\/\/chi-statt-botox.com\/#website\",\"url\":\"https:\/\/chi-statt-botox.com\/\",\"name\":\"Chi statt Botox\",\"description\":\"Falten wegzaubern, Haut straffen\",\"potentialAction\":[{\"@type\":\"SearchAction\",\"target\":{\"@type\":\"EntryPoint\",\"urlTemplate\":\"https:\/\/chi-statt-botox.com\/?s={search_term_string}\"},\"query-input\":{\"@type\":\"PropertyValueSpecification\",\"valueRequired\":true,\"valueName\":\"search_term_string\"}}],\"inLanguage\":\"en-GB\"}]}<\/script>\n<!-- \/ Yoast SEO plugin. -->","yoast_head_json":{"title":"Bamboo massage rod of the Shaolin monks - Chi instead of Botox","robots":{"index":"index","follow":"follow","max-snippet":"max-snippet:-1","max-image-preview":"max-image-preview:large","max-video-preview":"max-video-preview:-1"},"canonical":"https:\/\/chi-statt-botox.com\/en\/product\/bambus-massagerute-der-shaolin-moenche\/","og_locale":"en_GB","og_type":"article","og_title":"Bambus-Massagerute der Shaolin-M\u00f6nche - Chi statt Botox","og_description":"Verbessert die Blutzirkulation  Reduziert die Harns\u00e4ure  Stimuliert das Energiesystem  Lindert Schmerzen  Gewichtsm\u00e4\u00dfig f\u00fcr Frauen angepasst  Nach einer Jahrtausende alten Tradition  &nbsp;  &nbsp;","og_url":"https:\/\/chi-statt-botox.com\/en\/product\/bambus-massagerute-der-shaolin-moenche\/","og_site_name":"Chi statt Botox","article_modified_time":"2026-04-14T14:40:38+00:00","og_image":[{"width":1920,"height":1920,"url":"https:\/\/chi-statt-botox.com\/wp-content\/uploads\/Rute_01.jpg","type":"image\/jpeg"}],"twitter_card":"summary_large_image","twitter_misc":{"Estimated reading time":"2 minutes"},"schema":{"@context":"https:\/\/schema.org","@graph":[{"@type":"WebPage","@id":"https:\/\/chi-statt-botox.com\/produkt\/bambus-massagerute-der-shaolin-moenche\/","url":"https:\/\/chi-statt-botox.com\/produkt\/bambus-massagerute-der-shaolin-moenche\/","name":"Bamboo massage rod of the Shaolin monks - Chi instead of Botox","isPartOf":{"@id":"https:\/\/chi-statt-botox.com\/#website"},"primaryImageOfPage":{"@id":"https:\/\/chi-statt-botox.com\/produkt\/bambus-massagerute-der-shaolin-moenche\/#primaryimage"},"image":{"@id":"https:\/\/chi-statt-botox.com\/produkt\/bambus-massagerute-der-shaolin-moenche\/#primaryimage"},"thumbnailUrl":"https:\/\/chi-statt-botox.com\/wp-content\/uploads\/Rute_01.jpg","datePublished":"2020-09-01T12:39:30+00:00","dateModified":"2026-04-14T14:40:38+00:00","breadcrumb":{"@id":"https:\/\/chi-statt-botox.com\/produkt\/bambus-massagerute-der-shaolin-moenche\/#breadcrumb"},"inLanguage":"en-GB","potentialAction":[{"@type":"ReadAction","target":["https:\/\/chi-statt-botox.com\/produkt\/bambus-massagerute-der-shaolin-moenche\/"]}]},{"@type":"ImageObject","inLanguage":"en-GB","@id":"https:\/\/chi-statt-botox.com\/produkt\/bambus-massagerute-der-shaolin-moenche\/#primaryimage","url":"https:\/\/chi-statt-botox.com\/wp-content\/uploads\/Rute_01.jpg","contentUrl":"https:\/\/chi-statt-botox.com\/wp-content\/uploads\/Rute_01.jpg","width":1920,"height":1920},{"@type":"BreadcrumbList","@id":"https:\/\/chi-statt-botox.com\/produkt\/bambus-massagerute-der-shaolin-moenche\/#breadcrumb","itemListElement":[{"@type":"ListItem","position":1,"name":"Startseite","item":"https:\/\/chi-statt-botox.com\/"},{"@type":"ListItem","position":2,"name":"Produkte","item":"https:\/\/chi-statt-botox.com\/shop\/"},{"@type":"ListItem","position":3,"name":"Bambus-Massagerute der Shaolin-M\u00f6nche"}]},{"@type":"WebSite","@id":"https:\/\/chi-statt-botox.com\/#website","url":"https:\/\/chi-statt-botox.com\/","name":"Chi instead of Botox","description":"Magic away wrinkles, tighten skin","potentialAction":[{"@type":"SearchAction","target":{"@type":"EntryPoint","urlTemplate":"https:\/\/chi-statt-botox.com\/?s={search_term_string}"},"query-input":{"@type":"PropertyValueSpecification","valueRequired":true,"valueName":"search_term_string"}}],"inLanguage":"en-GB"}]}},"_links":{"self":[{"href":"https:\/\/chi-statt-botox.com\/en\/wp-json\/wp\/v2\/product\/4360","targetHints":{"allow":["GET"]}}],"collection":[{"href":"https:\/\/chi-statt-botox.com\/en\/wp-json\/wp\/v2\/product"}],"about":[{"href":"https:\/\/chi-statt-botox.com\/en\/wp-json\/wp\/v2\/types\/product"}],"wp:featuredmedia":[{"embeddable":true,"href":"https:\/\/chi-statt-botox.com\/en\/wp-json\/wp\/v2\/media\/50384"}],"wp:attachment":[{"href":"https:\/\/chi-statt-botox.com\/en\/wp-json\/wp\/v2\/media?parent=4360"}],"wp:term":[{"taxonomy":"product_brand","embeddable":true,"href":"https:\/\/chi-statt-botox.com\/en\/wp-json\/wp\/v2\/product_brand?post=4360"},{"taxonomy":"product_cat","embeddable":true,"href":"https:\/\/chi-statt-botox.com\/en\/wp-json\/wp\/v2\/product_cat?post=4360"},{"taxonomy":"product_tag","embeddable":true,"href":"https:\/\/chi-statt-botox.com\/en\/wp-json\/wp\/v2\/product_tag?post=4360"}],"curies":[{"name":"wp","href":"https:\/\/api.w.org\/{rel}","templated":true}]}}