{"id":49145,"date":"2025-10-13T14:13:00","date_gmt":"2025-10-13T12:13:00","guid":{"rendered":"https:\/\/chi-statt-botox.com\/?post_type=product&#038;p=49145"},"modified":"2026-04-13T10:39:11","modified_gmt":"2026-04-13T08:39:11","slug":"faszienloeser-fascia-flow","status":"publish","type":"product","link":"https:\/\/chi-statt-botox.com\/en\/product\/faszienloeser-fascia-flow\/","title":{"rendered":"Fascia releaser \"Fascia Flow\""},"content":{"rendered":"<p data-start=\"327\" data-end=\"538\"><strong>For face and body.<\/strong><\/p>\n<p data-start=\"327\" data-end=\"538\">This ergonomically shaped fascia tool was developed to <strong>Adhesive fasciae <\/strong>to solve, <strong>Muscle tension<\/strong> and to loosen the <strong>Lymph flow<\/strong> stimulate. Ideal for myofascial self-massage from head to toe.<\/p>\n<p data-start=\"540\" data-end=\"732\">Made from a skin-friendly, particularly smooth material <strong>Natural resin<\/strong> it lies comfortably in the hand - the new shape with enlarged handle and wide massage surface ensures maximum comfort and effect.<\/p>\n<p data-start=\"734\" data-end=\"994\">In the <strong>Face<\/strong> Highly recommended for releasing both superficial and deeper fasciae and tension. Particularly suitable for working on <strong>Facial contours<\/strong>.<\/p>\n<p data-start=\"734\" data-end=\"994\">Even with <strong>Sore muscles<\/strong>, <strong>Cellulite<\/strong> or <strong>Joint stiffness<\/strong> the tool provides noticeable relief and new lightness. Versatile for back, shoulders, legs, buttocks, hands and feet.<\/p>\n<p data-start=\"734\" data-end=\"994\"><strong>APPLICATION<\/strong><br \/>\nMove the fascia loosener back and forth quickly with light pressure to loosen the superficial fascia first. You can also do this very well before a Gua Sha or cupping massage. After the light massage, you can work with stronger pressure. Press the handle for 1-3 minutes on areas that need to be loosened in particular. (There will soon be an application video by Christina)<\/p>\n<p data-start=\"734\" data-end=\"994\">Chi statt Botox GmbH \/ Bauernstra\u00dfe 1 WDZ 9 \/ 4600 Wels \/ Austria \/ shop@chi-statt-botox.com<\/p>","protected":false},"excerpt":{"rendered":"<ul>\n<li>Loosens superficial and deeper fasciae<\/li>\n<li>Made from smooth natural resin<\/li>\n<li>Suitable for face and body<\/li>\n<li>Relieves tension and trigger points<\/li>\n<li>Stimulates blood circulation and lymph flow<\/li>\n<\/ul>\n<p>&nbsp;<\/p>","protected":false},"featured_media":49147,"template":"","meta":{"_acf_changed":false,"_et_pb_use_builder":"","_et_pb_old_content":"","_et_gb_content_width":""},"product_brand":[],"product_cat":[176],"product_tag":[],"class_list":{"0":"post-49145","1":"product","2":"type-product","3":"status-publish","4":"has-post-thumbnail","6":"product_cat-face-yoga-massagen","8":"first","9":"instock","10":"taxable","11":"shipping-taxable","12":"purchasable","13":"product-type-simple"},"acf":[],"yoast_head":"<!-- This site is optimized with the Yoast SEO plugin v26.4 - https:\/\/yoast.com\/wordpress\/plugins\/seo\/ -->\n<title>Faszienl\u00f6ser &quot;Fascia Flow&quot; - Chi statt Botox<\/title>\n<meta name=\"robots\" content=\"index, follow, max-snippet:-1, max-image-preview:large, max-video-preview:-1\" \/>\n<link rel=\"canonical\" href=\"https:\/\/chi-statt-botox.com\/en\/product\/faszienloeser-fascia-flow\/\" \/>\n<meta property=\"og:locale\" content=\"en_GB\" \/>\n<meta property=\"og:type\" content=\"article\" \/>\n<meta property=\"og:title\" content=\"Faszienl\u00f6ser &quot;Fascia Flow&quot; - Chi statt Botox\" \/>\n<meta property=\"og:description\" content=\"L\u00f6st oberfl\u00e4chliche und tiefere Faszien  Aus glattem Naturharz  F\u00fcr Gesicht und K\u00f6rper geeignet  L\u00f6st Verspannungen und Triggerpunkte  Regt Durchblutung und Lymphfluss an  &nbsp;\" \/>\n<meta property=\"og:url\" content=\"https:\/\/chi-statt-botox.com\/en\/product\/faszienloeser-fascia-flow\/\" \/>\n<meta property=\"og:site_name\" content=\"Chi statt Botox\" \/>\n<meta property=\"article:modified_time\" content=\"2026-04-13T08:39:11+00:00\" \/>\n<meta property=\"og:image\" content=\"https:\/\/chi-statt-botox.com\/wp-content\/uploads\/CSB_03.jpg\" \/>\n\t<meta property=\"og:image:width\" content=\"1920\" \/>\n\t<meta property=\"og:image:height\" content=\"1920\" \/>\n\t<meta property=\"og:image:type\" content=\"image\/jpeg\" \/>\n<meta name=\"twitter:card\" content=\"summary_large_image\" \/>\n<meta name=\"twitter:label1\" content=\"Estimated reading time\" \/>\n\t<meta name=\"twitter:data1\" content=\"2 minutes\" \/>\n<script type=\"application\/ld+json\" class=\"yoast-schema-graph\">{\"@context\":\"https:\/\/schema.org\",\"@graph\":[{\"@type\":\"WebPage\",\"@id\":\"https:\/\/chi-statt-botox.com\/produkt\/faszienloeser-fascia-flow\/\",\"url\":\"https:\/\/chi-statt-botox.com\/produkt\/faszienloeser-fascia-flow\/\",\"name\":\"Faszienl\u00f6ser \\\"Fascia Flow\\\" - Chi statt Botox\",\"isPartOf\":{\"@id\":\"https:\/\/chi-statt-botox.com\/#website\"},\"primaryImageOfPage\":{\"@id\":\"https:\/\/chi-statt-botox.com\/produkt\/faszienloeser-fascia-flow\/#primaryimage\"},\"image\":{\"@id\":\"https:\/\/chi-statt-botox.com\/produkt\/faszienloeser-fascia-flow\/#primaryimage\"},\"thumbnailUrl\":\"https:\/\/chi-statt-botox.com\/wp-content\/uploads\/CSB_03.jpg\",\"datePublished\":\"2025-10-13T12:13:00+00:00\",\"dateModified\":\"2026-04-13T08:39:11+00:00\",\"breadcrumb\":{\"@id\":\"https:\/\/chi-statt-botox.com\/produkt\/faszienloeser-fascia-flow\/#breadcrumb\"},\"inLanguage\":\"en-GB\",\"potentialAction\":[{\"@type\":\"ReadAction\",\"target\":[\"https:\/\/chi-statt-botox.com\/produkt\/faszienloeser-fascia-flow\/\"]}]},{\"@type\":\"ImageObject\",\"inLanguage\":\"en-GB\",\"@id\":\"https:\/\/chi-statt-botox.com\/produkt\/faszienloeser-fascia-flow\/#primaryimage\",\"url\":\"https:\/\/chi-statt-botox.com\/wp-content\/uploads\/CSB_03.jpg\",\"contentUrl\":\"https:\/\/chi-statt-botox.com\/wp-content\/uploads\/CSB_03.jpg\",\"width\":1920,\"height\":1920},{\"@type\":\"BreadcrumbList\",\"@id\":\"https:\/\/chi-statt-botox.com\/produkt\/faszienloeser-fascia-flow\/#breadcrumb\",\"itemListElement\":[{\"@type\":\"ListItem\",\"position\":1,\"name\":\"Startseite\",\"item\":\"https:\/\/chi-statt-botox.com\/\"},{\"@type\":\"ListItem\",\"position\":2,\"name\":\"Produkte\",\"item\":\"https:\/\/chi-statt-botox.com\/shop\/\"},{\"@type\":\"ListItem\",\"position\":3,\"name\":\"Faszienl\u00f6ser &#8222;Fascia Flow&#8220;\"}]},{\"@type\":\"WebSite\",\"@id\":\"https:\/\/chi-statt-botox.com\/#website\",\"url\":\"https:\/\/chi-statt-botox.com\/\",\"name\":\"Chi statt Botox\",\"description\":\"Falten wegzaubern, Haut straffen\",\"potentialAction\":[{\"@type\":\"SearchAction\",\"target\":{\"@type\":\"EntryPoint\",\"urlTemplate\":\"https:\/\/chi-statt-botox.com\/?s={search_term_string}\"},\"query-input\":{\"@type\":\"PropertyValueSpecification\",\"valueRequired\":true,\"valueName\":\"search_term_string\"}}],\"inLanguage\":\"en-GB\"}]}<\/script>\n<!-- \/ Yoast SEO plugin. -->","yoast_head_json":{"title":"Fascia release \"Fascia Flow\" - Chi instead of Botox","robots":{"index":"index","follow":"follow","max-snippet":"max-snippet:-1","max-image-preview":"max-image-preview:large","max-video-preview":"max-video-preview:-1"},"canonical":"https:\/\/chi-statt-botox.com\/en\/product\/faszienloeser-fascia-flow\/","og_locale":"en_GB","og_type":"article","og_title":"Faszienl\u00f6ser \"Fascia Flow\" - Chi statt Botox","og_description":"L\u00f6st oberfl\u00e4chliche und tiefere Faszien  Aus glattem Naturharz  F\u00fcr Gesicht und K\u00f6rper geeignet  L\u00f6st Verspannungen und Triggerpunkte  Regt Durchblutung und Lymphfluss an  &nbsp;","og_url":"https:\/\/chi-statt-botox.com\/en\/product\/faszienloeser-fascia-flow\/","og_site_name":"Chi statt Botox","article_modified_time":"2026-04-13T08:39:11+00:00","og_image":[{"width":1920,"height":1920,"url":"https:\/\/chi-statt-botox.com\/wp-content\/uploads\/CSB_03.jpg","type":"image\/jpeg"}],"twitter_card":"summary_large_image","twitter_misc":{"Estimated reading time":"2 minutes"},"schema":{"@context":"https:\/\/schema.org","@graph":[{"@type":"WebPage","@id":"https:\/\/chi-statt-botox.com\/produkt\/faszienloeser-fascia-flow\/","url":"https:\/\/chi-statt-botox.com\/produkt\/faszienloeser-fascia-flow\/","name":"Fascia release \"Fascia Flow\" - Chi instead of Botox","isPartOf":{"@id":"https:\/\/chi-statt-botox.com\/#website"},"primaryImageOfPage":{"@id":"https:\/\/chi-statt-botox.com\/produkt\/faszienloeser-fascia-flow\/#primaryimage"},"image":{"@id":"https:\/\/chi-statt-botox.com\/produkt\/faszienloeser-fascia-flow\/#primaryimage"},"thumbnailUrl":"https:\/\/chi-statt-botox.com\/wp-content\/uploads\/CSB_03.jpg","datePublished":"2025-10-13T12:13:00+00:00","dateModified":"2026-04-13T08:39:11+00:00","breadcrumb":{"@id":"https:\/\/chi-statt-botox.com\/produkt\/faszienloeser-fascia-flow\/#breadcrumb"},"inLanguage":"en-GB","potentialAction":[{"@type":"ReadAction","target":["https:\/\/chi-statt-botox.com\/produkt\/faszienloeser-fascia-flow\/"]}]},{"@type":"ImageObject","inLanguage":"en-GB","@id":"https:\/\/chi-statt-botox.com\/produkt\/faszienloeser-fascia-flow\/#primaryimage","url":"https:\/\/chi-statt-botox.com\/wp-content\/uploads\/CSB_03.jpg","contentUrl":"https:\/\/chi-statt-botox.com\/wp-content\/uploads\/CSB_03.jpg","width":1920,"height":1920},{"@type":"BreadcrumbList","@id":"https:\/\/chi-statt-botox.com\/produkt\/faszienloeser-fascia-flow\/#breadcrumb","itemListElement":[{"@type":"ListItem","position":1,"name":"Startseite","item":"https:\/\/chi-statt-botox.com\/"},{"@type":"ListItem","position":2,"name":"Produkte","item":"https:\/\/chi-statt-botox.com\/shop\/"},{"@type":"ListItem","position":3,"name":"Faszienl\u00f6ser &#8222;Fascia Flow&#8220;"}]},{"@type":"WebSite","@id":"https:\/\/chi-statt-botox.com\/#website","url":"https:\/\/chi-statt-botox.com\/","name":"Chi instead of Botox","description":"Magic away wrinkles, tighten skin","potentialAction":[{"@type":"SearchAction","target":{"@type":"EntryPoint","urlTemplate":"https:\/\/chi-statt-botox.com\/?s={search_term_string}"},"query-input":{"@type":"PropertyValueSpecification","valueRequired":true,"valueName":"search_term_string"}}],"inLanguage":"en-GB"}]}},"_links":{"self":[{"href":"https:\/\/chi-statt-botox.com\/en\/wp-json\/wp\/v2\/product\/49145","targetHints":{"allow":["GET"]}}],"collection":[{"href":"https:\/\/chi-statt-botox.com\/en\/wp-json\/wp\/v2\/product"}],"about":[{"href":"https:\/\/chi-statt-botox.com\/en\/wp-json\/wp\/v2\/types\/product"}],"wp:featuredmedia":[{"embeddable":true,"href":"https:\/\/chi-statt-botox.com\/en\/wp-json\/wp\/v2\/media\/49147"}],"wp:attachment":[{"href":"https:\/\/chi-statt-botox.com\/en\/wp-json\/wp\/v2\/media?parent=49145"}],"wp:term":[{"taxonomy":"product_brand","embeddable":true,"href":"https:\/\/chi-statt-botox.com\/en\/wp-json\/wp\/v2\/product_brand?post=49145"},{"taxonomy":"product_cat","embeddable":true,"href":"https:\/\/chi-statt-botox.com\/en\/wp-json\/wp\/v2\/product_cat?post=49145"},{"taxonomy":"product_tag","embeddable":true,"href":"https:\/\/chi-statt-botox.com\/en\/wp-json\/wp\/v2\/product_tag?post=49145"}],"curies":[{"name":"wp","href":"https:\/\/api.w.org\/{rel}","templated":true}]}}