{"id":5129,"date":"2020-11-18T11:08:05","date_gmt":"2020-11-18T10:08:05","guid":{"rendered":"https:\/\/chi-statt-botox.com\/?post_type=product&#038;p=5129"},"modified":"2026-04-16T13:24:23","modified_gmt":"2026-04-16T11:24:23","slug":"bella-bambi-fuer-den-koerper-o-34-mm-hoehe-75-mm","status":"publish","type":"product","link":"https:\/\/chi-statt-botox.com\/en\/product\/bella-bambi-fuer-den-koerper-o-34-mm-hoehe-75-mm\/","title":{"rendered":"High-quality body cupper"},"content":{"rendered":"<p data-start=\"150\" data-end=\"200\"><strong data-start=\"154\" data-end=\"198\">Premium silicone cuppers for the body, \u00d8 34 mm, height 75 mm<\/strong><\/p>\n<p data-start=\"201\" data-end=\"262\">Smoother contours. Looser tissue. Visibly more vital skin.<\/p>\n<p data-start=\"264\" data-end=\"548\">The high-quality silicone cupping pad was developed to relieve tension, activate lymph flow and visibly reduce cellulite. The gentle negative pressure stimulates the deeper fascia tissue, promotes blood circulation and supports natural regeneration.<\/p>\n<p data-start=\"550\" data-end=\"768\">Ideal for <strong data-start=\"560\" data-end=\"598\">Thighs, buttocks, stomach and back<\/strong> - for a firmer, smoother and more comfortable body feeling. In combination with a body oil, cupping becomes a beautiful ritual for vitality and lightness.<\/p>\n<p><strong data-start=\"1114\" data-end=\"1143\">Advantages at a glance:<\/strong><br data-start=\"1143\" data-end=\"1146\" \/>- Promotes blood circulation and lymph flow<br data-start=\"1183\" data-end=\"1186\" \/>- Releases tension and fascial adhesions<br data-start=\"1227\" data-end=\"1230\" \/>- Supports the reduction of cellulite<br data-start=\"1281\" data-end=\"1284\" \/>- Suitable for buttocks, legs, stomach and back<br data-start=\"1326\" data-end=\"1329\" \/>- High-quality, flexible silicone - durable and comfortable on the skin<\/p>\n<p><strong>Application video <\/strong>(just click on it):<br \/>\n<strong><a href=\"https:\/\/www.youtube.com\/watch?v=EgzVF8z9hHY&amp;t=607s\" target=\"_blank\" rel=\"noopener\">\"Get rid of CELLULITE - 100% more effectively with this SECRET TIP\"<\/a><\/strong><\/p>\n<p>Bamberger-Wellness GmbH \/ Industriestr. 25 \/ 89423 Gundelfingen \/ Germany \/ info@bellabambi.de<\/p>","protected":false},"excerpt":{"rendered":"<ul>\n<li>High-quality silicone cuppers for the body<\/li>\n<li>Ideal for thighs, buttocks, stomach and back<\/li>\n<li>Dissolves deep-seated tensions and adhesions<\/li>\n<li>Helps to visibly reduce cellulite and congestion<\/li>\n<\/ul>","protected":false},"featured_media":5131,"template":"","meta":{"_acf_changed":false,"_et_pb_use_builder":"","_et_pb_old_content":"","_et_gb_content_width":""},"product_brand":[],"product_cat":[176],"product_tag":[],"class_list":{"0":"post-5129","1":"product","2":"type-product","3":"status-publish","4":"has-post-thumbnail","6":"product_cat-face-yoga-massagen","8":"first","9":"instock","10":"taxable","11":"shipping-taxable","12":"purchasable","13":"product-type-simple"},"acf":[],"yoast_head":"<!-- This site is optimized with the Yoast SEO plugin v26.4 - https:\/\/yoast.com\/wordpress\/plugins\/seo\/ -->\n<title>Hochwertiger Body-Schr\u00f6pfer - Chi statt Botox<\/title>\n<meta name=\"robots\" content=\"index, follow, max-snippet:-1, max-image-preview:large, max-video-preview:-1\" \/>\n<link rel=\"canonical\" href=\"https:\/\/chi-statt-botox.com\/en\/product\/bella-bambi-fuer-den-koerper-o-34-mm-hoehe-75-mm\/\" \/>\n<meta property=\"og:locale\" content=\"en_GB\" \/>\n<meta property=\"og:type\" content=\"article\" \/>\n<meta property=\"og:title\" content=\"Hochwertiger Body-Schr\u00f6pfer - Chi statt Botox\" \/>\n<meta property=\"og:description\" content=\"Hochwertiger Silikon-Schr\u00f6pfer f\u00fcr den K\u00f6rper  Ideal f\u00fcr Oberschenkel, Po, Bauch und R\u00fccken  L\u00f6st tiefsitzende Spannungen und Verklebungen  Hilft sichtbar, Cellulite und Stauungen zu reduzieren\" \/>\n<meta property=\"og:url\" content=\"https:\/\/chi-statt-botox.com\/en\/product\/bella-bambi-fuer-den-koerper-o-34-mm-hoehe-75-mm\/\" \/>\n<meta property=\"og:site_name\" content=\"Chi statt Botox\" \/>\n<meta property=\"article:modified_time\" content=\"2026-04-16T11:24:23+00:00\" \/>\n<meta property=\"og:image\" content=\"https:\/\/chi-statt-botox.com\/wp-content\/uploads\/BeBaBody.jpg\" \/>\n\t<meta property=\"og:image:width\" content=\"350\" \/>\n\t<meta property=\"og:image:height\" content=\"350\" \/>\n\t<meta property=\"og:image:type\" content=\"image\/jpeg\" \/>\n<meta name=\"twitter:card\" content=\"summary_large_image\" \/>\n<meta name=\"twitter:label1\" content=\"Estimated reading time\" \/>\n\t<meta name=\"twitter:data1\" content=\"1 minute\" \/>\n<script type=\"application\/ld+json\" class=\"yoast-schema-graph\">{\"@context\":\"https:\/\/schema.org\",\"@graph\":[{\"@type\":\"WebPage\",\"@id\":\"https:\/\/chi-statt-botox.com\/produkt\/bella-bambi-fuer-den-koerper-o-34-mm-hoehe-75-mm\/\",\"url\":\"https:\/\/chi-statt-botox.com\/produkt\/bella-bambi-fuer-den-koerper-o-34-mm-hoehe-75-mm\/\",\"name\":\"Hochwertiger Body-Schr\u00f6pfer - Chi statt Botox\",\"isPartOf\":{\"@id\":\"https:\/\/chi-statt-botox.com\/#website\"},\"primaryImageOfPage\":{\"@id\":\"https:\/\/chi-statt-botox.com\/produkt\/bella-bambi-fuer-den-koerper-o-34-mm-hoehe-75-mm\/#primaryimage\"},\"image\":{\"@id\":\"https:\/\/chi-statt-botox.com\/produkt\/bella-bambi-fuer-den-koerper-o-34-mm-hoehe-75-mm\/#primaryimage\"},\"thumbnailUrl\":\"https:\/\/chi-statt-botox.com\/wp-content\/uploads\/BeBaBody.jpg\",\"datePublished\":\"2020-11-18T10:08:05+00:00\",\"dateModified\":\"2026-04-16T11:24:23+00:00\",\"breadcrumb\":{\"@id\":\"https:\/\/chi-statt-botox.com\/produkt\/bella-bambi-fuer-den-koerper-o-34-mm-hoehe-75-mm\/#breadcrumb\"},\"inLanguage\":\"en-GB\",\"potentialAction\":[{\"@type\":\"ReadAction\",\"target\":[\"https:\/\/chi-statt-botox.com\/produkt\/bella-bambi-fuer-den-koerper-o-34-mm-hoehe-75-mm\/\"]}]},{\"@type\":\"ImageObject\",\"inLanguage\":\"en-GB\",\"@id\":\"https:\/\/chi-statt-botox.com\/produkt\/bella-bambi-fuer-den-koerper-o-34-mm-hoehe-75-mm\/#primaryimage\",\"url\":\"https:\/\/chi-statt-botox.com\/wp-content\/uploads\/BeBaBody.jpg\",\"contentUrl\":\"https:\/\/chi-statt-botox.com\/wp-content\/uploads\/BeBaBody.jpg\",\"width\":350,\"height\":350},{\"@type\":\"BreadcrumbList\",\"@id\":\"https:\/\/chi-statt-botox.com\/produkt\/bella-bambi-fuer-den-koerper-o-34-mm-hoehe-75-mm\/#breadcrumb\",\"itemListElement\":[{\"@type\":\"ListItem\",\"position\":1,\"name\":\"Startseite\",\"item\":\"https:\/\/chi-statt-botox.com\/\"},{\"@type\":\"ListItem\",\"position\":2,\"name\":\"Produkte\",\"item\":\"https:\/\/chi-statt-botox.com\/shop\/\"},{\"@type\":\"ListItem\",\"position\":3,\"name\":\"Hochwertiger Body-Schr\u00f6pfer\"}]},{\"@type\":\"WebSite\",\"@id\":\"https:\/\/chi-statt-botox.com\/#website\",\"url\":\"https:\/\/chi-statt-botox.com\/\",\"name\":\"Chi statt Botox\",\"description\":\"Falten wegzaubern, Haut straffen\",\"potentialAction\":[{\"@type\":\"SearchAction\",\"target\":{\"@type\":\"EntryPoint\",\"urlTemplate\":\"https:\/\/chi-statt-botox.com\/?s={search_term_string}\"},\"query-input\":{\"@type\":\"PropertyValueSpecification\",\"valueRequired\":true,\"valueName\":\"search_term_string\"}}],\"inLanguage\":\"en-GB\"}]}<\/script>\n<!-- \/ Yoast SEO plugin. -->","yoast_head_json":{"title":"High-quality body cupping - Chi instead of Botox","robots":{"index":"index","follow":"follow","max-snippet":"max-snippet:-1","max-image-preview":"max-image-preview:large","max-video-preview":"max-video-preview:-1"},"canonical":"https:\/\/chi-statt-botox.com\/en\/product\/bella-bambi-fuer-den-koerper-o-34-mm-hoehe-75-mm\/","og_locale":"en_GB","og_type":"article","og_title":"Hochwertiger Body-Schr\u00f6pfer - Chi statt Botox","og_description":"Hochwertiger Silikon-Schr\u00f6pfer f\u00fcr den K\u00f6rper  Ideal f\u00fcr Oberschenkel, Po, Bauch und R\u00fccken  L\u00f6st tiefsitzende Spannungen und Verklebungen  Hilft sichtbar, Cellulite und Stauungen zu reduzieren","og_url":"https:\/\/chi-statt-botox.com\/en\/product\/bella-bambi-fuer-den-koerper-o-34-mm-hoehe-75-mm\/","og_site_name":"Chi statt Botox","article_modified_time":"2026-04-16T11:24:23+00:00","og_image":[{"width":350,"height":350,"url":"https:\/\/chi-statt-botox.com\/wp-content\/uploads\/BeBaBody.jpg","type":"image\/jpeg"}],"twitter_card":"summary_large_image","twitter_misc":{"Estimated reading time":"1 minute"},"schema":{"@context":"https:\/\/schema.org","@graph":[{"@type":"WebPage","@id":"https:\/\/chi-statt-botox.com\/produkt\/bella-bambi-fuer-den-koerper-o-34-mm-hoehe-75-mm\/","url":"https:\/\/chi-statt-botox.com\/produkt\/bella-bambi-fuer-den-koerper-o-34-mm-hoehe-75-mm\/","name":"High-quality body cupping - Chi instead of Botox","isPartOf":{"@id":"https:\/\/chi-statt-botox.com\/#website"},"primaryImageOfPage":{"@id":"https:\/\/chi-statt-botox.com\/produkt\/bella-bambi-fuer-den-koerper-o-34-mm-hoehe-75-mm\/#primaryimage"},"image":{"@id":"https:\/\/chi-statt-botox.com\/produkt\/bella-bambi-fuer-den-koerper-o-34-mm-hoehe-75-mm\/#primaryimage"},"thumbnailUrl":"https:\/\/chi-statt-botox.com\/wp-content\/uploads\/BeBaBody.jpg","datePublished":"2020-11-18T10:08:05+00:00","dateModified":"2026-04-16T11:24:23+00:00","breadcrumb":{"@id":"https:\/\/chi-statt-botox.com\/produkt\/bella-bambi-fuer-den-koerper-o-34-mm-hoehe-75-mm\/#breadcrumb"},"inLanguage":"en-GB","potentialAction":[{"@type":"ReadAction","target":["https:\/\/chi-statt-botox.com\/produkt\/bella-bambi-fuer-den-koerper-o-34-mm-hoehe-75-mm\/"]}]},{"@type":"ImageObject","inLanguage":"en-GB","@id":"https:\/\/chi-statt-botox.com\/produkt\/bella-bambi-fuer-den-koerper-o-34-mm-hoehe-75-mm\/#primaryimage","url":"https:\/\/chi-statt-botox.com\/wp-content\/uploads\/BeBaBody.jpg","contentUrl":"https:\/\/chi-statt-botox.com\/wp-content\/uploads\/BeBaBody.jpg","width":350,"height":350},{"@type":"BreadcrumbList","@id":"https:\/\/chi-statt-botox.com\/produkt\/bella-bambi-fuer-den-koerper-o-34-mm-hoehe-75-mm\/#breadcrumb","itemListElement":[{"@type":"ListItem","position":1,"name":"Startseite","item":"https:\/\/chi-statt-botox.com\/"},{"@type":"ListItem","position":2,"name":"Produkte","item":"https:\/\/chi-statt-botox.com\/shop\/"},{"@type":"ListItem","position":3,"name":"Hochwertiger Body-Schr\u00f6pfer"}]},{"@type":"WebSite","@id":"https:\/\/chi-statt-botox.com\/#website","url":"https:\/\/chi-statt-botox.com\/","name":"Chi instead of Botox","description":"Magic away wrinkles, tighten skin","potentialAction":[{"@type":"SearchAction","target":{"@type":"EntryPoint","urlTemplate":"https:\/\/chi-statt-botox.com\/?s={search_term_string}"},"query-input":{"@type":"PropertyValueSpecification","valueRequired":true,"valueName":"search_term_string"}}],"inLanguage":"en-GB"}]}},"_links":{"self":[{"href":"https:\/\/chi-statt-botox.com\/en\/wp-json\/wp\/v2\/product\/5129","targetHints":{"allow":["GET"]}}],"collection":[{"href":"https:\/\/chi-statt-botox.com\/en\/wp-json\/wp\/v2\/product"}],"about":[{"href":"https:\/\/chi-statt-botox.com\/en\/wp-json\/wp\/v2\/types\/product"}],"wp:featuredmedia":[{"embeddable":true,"href":"https:\/\/chi-statt-botox.com\/en\/wp-json\/wp\/v2\/media\/5131"}],"wp:attachment":[{"href":"https:\/\/chi-statt-botox.com\/en\/wp-json\/wp\/v2\/media?parent=5129"}],"wp:term":[{"taxonomy":"product_brand","embeddable":true,"href":"https:\/\/chi-statt-botox.com\/en\/wp-json\/wp\/v2\/product_brand?post=5129"},{"taxonomy":"product_cat","embeddable":true,"href":"https:\/\/chi-statt-botox.com\/en\/wp-json\/wp\/v2\/product_cat?post=5129"},{"taxonomy":"product_tag","embeddable":true,"href":"https:\/\/chi-statt-botox.com\/en\/wp-json\/wp\/v2\/product_tag?post=5129"}],"curies":[{"name":"wp","href":"https:\/\/api.w.org\/{rel}","templated":true}]}}