{"id":51722,"date":"2026-02-12T15:43:13","date_gmt":"2026-02-12T14:43:13","guid":{"rendered":"https:\/\/chi-statt-botox.com\/?post_type=product&#038;p=51722"},"modified":"2026-04-13T20:15:21","modified_gmt":"2026-04-13T18:15:21","slug":"tj-motion-light-short-kiefer","status":"publish","type":"product","link":"https:\/\/chi-statt-botox.com\/en\/product\/tj-motion-light-short-kiefer\/","title":{"rendered":"TJ Motion Light Short (pine)"},"content":{"rendered":"<p>The TJ-Motion are the <strong>Optimum support<\/strong> with:<\/p>\n<ul>\n<li>Jaw and facial tension<\/li>\n<li>Shoulder, neck and back pain<\/li>\n<li>Teeth grinding<\/li>\n<li>Pine presses<\/li>\n<li>Tinnitus<\/li>\n<li>Headache<\/li>\n<\/ul>\n<p><strong>TJ Motion Light Short<\/strong> is suitable as a gentle introduction (low bite height of 5.5 mm) if you are very stressed or want a more comfortable application.<br \/>\nFor women up to 1.69 cm tall.<\/p>\n<p>A tense\u00a0<strong>Pine<\/strong>\u00a0can form the basis for the\u00a0<strong>Development and deepening of frown lines, nasolabial folds, marionette lines, sagging cheeks, eye wrinkles and lip wrinkles\u00a0<\/strong>form. The jaw muscle is very large and usually tense, as it reacts sensitively to stress. Many people find it difficult to relax it.<\/p>\n<p>TJ Motion are the \u201e<strong>Fascia rolls for the jaw<\/strong>\u201e. By gently stretching the jaw muscle and the temporomandibular joint, the\u00a0<strong>Vagus nerve<\/strong>\u00a0activated. This not only relaxes the tension in the jaw. By using the TJ-Motion, the\u00a0<strong>Retaining muscles<\/strong>\u00a0a neurophysiological impulse that leads to the release of existing tension. As the jaw is connected to the upper body via the neck muscles right down to the feet, stretching the temporomandibular joint capsule stimulates the vagus nerve. This in turn can lead to<strong>\u00a0continuous relaxation of the entire postural musculature<\/strong>\u00a0lead. A number of tensions in the whole body can be released: the\u00a0<strong>Shoulder, neck and back muscles<\/strong>. It therefore makes sense to use TJ Motion to support neck pain, back pain and tension.<\/p>\n<p>Relaxed jaw muscles promote the effectiveness of therapeutic exercises and treatments.<\/p>\n<p><strong>Application<\/strong><\/p>\n<div><strong>(You will receive clear instructions with the product)<\/strong><\/div>\n<div>\n<p>The TJ-Motion is positioned on the back molars of the lower jaw. Then close your mouth with relaxed lips and take care not to bite on the TJ-Motion. You should remain in this position in your mouth for 3 minutes.\u00a0<strong>You can do this almost anywhere<\/strong>\u00a0- during sport, work, yoga, reading or driving. The effect can be significantly improved by gentle movements during this time. (Light movements or stretching exercises in the tense area)<\/p>\n<p>After use, the TJ-Motion should be rinsed thoroughly with water and then placed dry in the storage box.<\/p>\n<\/div>\n<div>\n<p>Apply 2-3 times a day, 3 minutes each time.<\/p>\n<p><strong>Contents<\/strong>2 pieces TJ-Motion Light (Aligner)<\/p>\n<p>- Odourless and tasteless<\/p>\n<\/div>\n<div>- Medical silicone (\u201esoother material\u201c)<\/div>\n<div>- Latex-free<\/div>\n<div>- Dimensionally stable<\/div>\n<div>\n<p>- 100 % BPA-free+<\/p>\n<p>Order the TJ-Motion now - the solution to your tension before they are sold out!<\/p>\n<p><strong>Application video<\/strong>\u00a0(just click on it):<br \/>\n<a href=\"https:\/\/www.youtube.com\/watch?v=3aKDJgNF_Mw&amp;t=582s\" target=\"_blank\" rel=\"noopener\"><strong>\u201eYou can do THESE 5 exercises EVERY TIME \ud83e\udd29 (without hands)\u201c<\/strong><\/a><br \/>\n<a href=\"https:\/\/www.youtube.com\/watch?v=DAcwM7zzde8&amp;t=11s\" target=\"_blank\" rel=\"noopener\"><strong>\u201eTHIS exercise tightens the WHOLE face \ud83c\udf1f Face yoga at its best!\u201c<\/strong><\/a><\/p>\n<p><strong>Blog about TJ Motion:\u00a0<a href=\"https:\/\/chi-statt-botox.com\/en\/tj-motion-die-faszienrollen-fuers-gesicht\/\" target=\"_blank\" rel=\"noopener\">-&gt; KLICK<\/a><\/strong><\/p>\n<p>Manufactured in Germany by:\u00a0<a href=\"https:\/\/tj-motion.de\/\" target=\"_blank\" rel=\"noopener\">https:\/\/tj-motion.de\/<\/a><\/p>\n<p>TJ-Motion GmbH \/ Am M\u00fchlberg 30 \/ 91085 Weisendorf \/ Germany \/ info@tj-motion.de<\/p>\n<\/div>","protected":false},"excerpt":{"rendered":"<ul>\n<li>Up to height 1.69 cm<\/li>\n<li>Low bite height (5.5 mm)<\/li>\n<li>More relaxation in the jaw<\/li>\n<li>More relaxation in the face<\/li>\n<li>Can prevent unnecessary wrinkle deepening<\/li>\n<\/ul>","protected":false},"featured_media":51723,"template":"","meta":{"_acf_changed":false,"_et_pb_use_builder":"","_et_pb_old_content":"","_et_gb_content_width":""},"product_brand":[],"product_cat":[176],"product_tag":[],"class_list":{"0":"post-51722","1":"product","2":"type-product","3":"status-publish","4":"has-post-thumbnail","6":"product_cat-face-yoga-massagen","8":"first","9":"instock","10":"taxable","11":"shipping-taxable","12":"purchasable","13":"product-type-simple"},"acf":[],"yoast_head":"<!-- This site is optimized with the Yoast SEO plugin v26.4 - https:\/\/yoast.com\/wordpress\/plugins\/seo\/ -->\n<title>TJ Motion Light Short (Kiefer) - Chi statt Botox<\/title>\n<meta name=\"robots\" content=\"index, follow, max-snippet:-1, max-image-preview:large, max-video-preview:-1\" \/>\n<link rel=\"canonical\" href=\"https:\/\/chi-statt-botox.com\/en\/product\/tj-motion-light-short-kiefer\/\" \/>\n<meta property=\"og:locale\" content=\"en_GB\" \/>\n<meta property=\"og:type\" content=\"article\" \/>\n<meta property=\"og:title\" content=\"TJ Motion Light Short (Kiefer) - Chi statt Botox\" \/>\n<meta property=\"og:description\" content=\"Bis K\u00f6rpergr\u00f6\u00dfe 1,69 cm  Geringe Bissh\u00f6he (5,5 mm)  Mehr Entspannung im Kiefer  Mehr Entspannung im Gesicht  Kann unn\u00f6tige Faltenvertiefung verhindern\" \/>\n<meta property=\"og:url\" content=\"https:\/\/chi-statt-botox.com\/en\/product\/tj-motion-light-short-kiefer\/\" \/>\n<meta property=\"og:site_name\" content=\"Chi statt Botox\" \/>\n<meta property=\"article:modified_time\" content=\"2026-04-13T18:15:21+00:00\" \/>\n<meta property=\"og:image\" content=\"https:\/\/chi-statt-botox.com\/wp-content\/uploads\/aligner-product-2-short_fb731991-043a-4efb-a428-3788675aa418.webp\" \/>\n\t<meta property=\"og:image:width\" content=\"1224\" \/>\n\t<meta property=\"og:image:height\" content=\"1224\" \/>\n\t<meta property=\"og:image:type\" content=\"image\/webp\" \/>\n<meta name=\"twitter:card\" content=\"summary_large_image\" \/>\n<meta name=\"twitter:label1\" content=\"Estimated reading time\" \/>\n\t<meta name=\"twitter:data1\" content=\"3 minutes\" \/>\n<script type=\"application\/ld+json\" class=\"yoast-schema-graph\">{\"@context\":\"https:\/\/schema.org\",\"@graph\":[{\"@type\":\"WebPage\",\"@id\":\"https:\/\/chi-statt-botox.com\/produkt\/tj-motion-light-short-kiefer\/\",\"url\":\"https:\/\/chi-statt-botox.com\/produkt\/tj-motion-light-short-kiefer\/\",\"name\":\"TJ Motion Light Short (Kiefer) - Chi statt Botox\",\"isPartOf\":{\"@id\":\"https:\/\/chi-statt-botox.com\/#website\"},\"primaryImageOfPage\":{\"@id\":\"https:\/\/chi-statt-botox.com\/produkt\/tj-motion-light-short-kiefer\/#primaryimage\"},\"image\":{\"@id\":\"https:\/\/chi-statt-botox.com\/produkt\/tj-motion-light-short-kiefer\/#primaryimage\"},\"thumbnailUrl\":\"https:\/\/chi-statt-botox.com\/wp-content\/uploads\/aligner-product-2-short_fb731991-043a-4efb-a428-3788675aa418.webp\",\"datePublished\":\"2026-02-12T14:43:13+00:00\",\"dateModified\":\"2026-04-13T18:15:21+00:00\",\"breadcrumb\":{\"@id\":\"https:\/\/chi-statt-botox.com\/produkt\/tj-motion-light-short-kiefer\/#breadcrumb\"},\"inLanguage\":\"en-GB\",\"potentialAction\":[{\"@type\":\"ReadAction\",\"target\":[\"https:\/\/chi-statt-botox.com\/produkt\/tj-motion-light-short-kiefer\/\"]}]},{\"@type\":\"ImageObject\",\"inLanguage\":\"en-GB\",\"@id\":\"https:\/\/chi-statt-botox.com\/produkt\/tj-motion-light-short-kiefer\/#primaryimage\",\"url\":\"https:\/\/chi-statt-botox.com\/wp-content\/uploads\/aligner-product-2-short_fb731991-043a-4efb-a428-3788675aa418.webp\",\"contentUrl\":\"https:\/\/chi-statt-botox.com\/wp-content\/uploads\/aligner-product-2-short_fb731991-043a-4efb-a428-3788675aa418.webp\",\"width\":1224,\"height\":1224},{\"@type\":\"BreadcrumbList\",\"@id\":\"https:\/\/chi-statt-botox.com\/produkt\/tj-motion-light-short-kiefer\/#breadcrumb\",\"itemListElement\":[{\"@type\":\"ListItem\",\"position\":1,\"name\":\"Startseite\",\"item\":\"https:\/\/chi-statt-botox.com\/\"},{\"@type\":\"ListItem\",\"position\":2,\"name\":\"Produkte\",\"item\":\"https:\/\/chi-statt-botox.com\/shop\/\"},{\"@type\":\"ListItem\",\"position\":3,\"name\":\"TJ Motion Light Short (Kiefer)\"}]},{\"@type\":\"WebSite\",\"@id\":\"https:\/\/chi-statt-botox.com\/#website\",\"url\":\"https:\/\/chi-statt-botox.com\/\",\"name\":\"Chi statt Botox\",\"description\":\"Falten wegzaubern, Haut straffen\",\"potentialAction\":[{\"@type\":\"SearchAction\",\"target\":{\"@type\":\"EntryPoint\",\"urlTemplate\":\"https:\/\/chi-statt-botox.com\/?s={search_term_string}\"},\"query-input\":{\"@type\":\"PropertyValueSpecification\",\"valueRequired\":true,\"valueName\":\"search_term_string\"}}],\"inLanguage\":\"en-GB\"}]}<\/script>\n<!-- \/ Yoast SEO plugin. -->","yoast_head_json":{"title":"TJ Motion Light Short (Kiefer) - Chi statt Botox","robots":{"index":"index","follow":"follow","max-snippet":"max-snippet:-1","max-image-preview":"max-image-preview:large","max-video-preview":"max-video-preview:-1"},"canonical":"https:\/\/chi-statt-botox.com\/en\/product\/tj-motion-light-short-kiefer\/","og_locale":"en_GB","og_type":"article","og_title":"TJ Motion Light Short (Kiefer) - Chi statt Botox","og_description":"Bis K\u00f6rpergr\u00f6\u00dfe 1,69 cm  Geringe Bissh\u00f6he (5,5 mm)  Mehr Entspannung im Kiefer  Mehr Entspannung im Gesicht  Kann unn\u00f6tige Faltenvertiefung verhindern","og_url":"https:\/\/chi-statt-botox.com\/en\/product\/tj-motion-light-short-kiefer\/","og_site_name":"Chi statt Botox","article_modified_time":"2026-04-13T18:15:21+00:00","og_image":[{"width":1224,"height":1224,"url":"https:\/\/chi-statt-botox.com\/wp-content\/uploads\/aligner-product-2-short_fb731991-043a-4efb-a428-3788675aa418.webp","type":"image\/webp"}],"twitter_card":"summary_large_image","twitter_misc":{"Estimated reading time":"3 minutes"},"schema":{"@context":"https:\/\/schema.org","@graph":[{"@type":"WebPage","@id":"https:\/\/chi-statt-botox.com\/produkt\/tj-motion-light-short-kiefer\/","url":"https:\/\/chi-statt-botox.com\/produkt\/tj-motion-light-short-kiefer\/","name":"TJ Motion Light Short (Kiefer) - Chi statt Botox","isPartOf":{"@id":"https:\/\/chi-statt-botox.com\/#website"},"primaryImageOfPage":{"@id":"https:\/\/chi-statt-botox.com\/produkt\/tj-motion-light-short-kiefer\/#primaryimage"},"image":{"@id":"https:\/\/chi-statt-botox.com\/produkt\/tj-motion-light-short-kiefer\/#primaryimage"},"thumbnailUrl":"https:\/\/chi-statt-botox.com\/wp-content\/uploads\/aligner-product-2-short_fb731991-043a-4efb-a428-3788675aa418.webp","datePublished":"2026-02-12T14:43:13+00:00","dateModified":"2026-04-13T18:15:21+00:00","breadcrumb":{"@id":"https:\/\/chi-statt-botox.com\/produkt\/tj-motion-light-short-kiefer\/#breadcrumb"},"inLanguage":"en-GB","potentialAction":[{"@type":"ReadAction","target":["https:\/\/chi-statt-botox.com\/produkt\/tj-motion-light-short-kiefer\/"]}]},{"@type":"ImageObject","inLanguage":"en-GB","@id":"https:\/\/chi-statt-botox.com\/produkt\/tj-motion-light-short-kiefer\/#primaryimage","url":"https:\/\/chi-statt-botox.com\/wp-content\/uploads\/aligner-product-2-short_fb731991-043a-4efb-a428-3788675aa418.webp","contentUrl":"https:\/\/chi-statt-botox.com\/wp-content\/uploads\/aligner-product-2-short_fb731991-043a-4efb-a428-3788675aa418.webp","width":1224,"height":1224},{"@type":"BreadcrumbList","@id":"https:\/\/chi-statt-botox.com\/produkt\/tj-motion-light-short-kiefer\/#breadcrumb","itemListElement":[{"@type":"ListItem","position":1,"name":"Startseite","item":"https:\/\/chi-statt-botox.com\/"},{"@type":"ListItem","position":2,"name":"Produkte","item":"https:\/\/chi-statt-botox.com\/shop\/"},{"@type":"ListItem","position":3,"name":"TJ Motion Light Short (Kiefer)"}]},{"@type":"WebSite","@id":"https:\/\/chi-statt-botox.com\/#website","url":"https:\/\/chi-statt-botox.com\/","name":"Chi instead of Botox","description":"Magic away wrinkles, tighten skin","potentialAction":[{"@type":"SearchAction","target":{"@type":"EntryPoint","urlTemplate":"https:\/\/chi-statt-botox.com\/?s={search_term_string}"},"query-input":{"@type":"PropertyValueSpecification","valueRequired":true,"valueName":"search_term_string"}}],"inLanguage":"en-GB"}]}},"_links":{"self":[{"href":"https:\/\/chi-statt-botox.com\/en\/wp-json\/wp\/v2\/product\/51722","targetHints":{"allow":["GET"]}}],"collection":[{"href":"https:\/\/chi-statt-botox.com\/en\/wp-json\/wp\/v2\/product"}],"about":[{"href":"https:\/\/chi-statt-botox.com\/en\/wp-json\/wp\/v2\/types\/product"}],"wp:featuredmedia":[{"embeddable":true,"href":"https:\/\/chi-statt-botox.com\/en\/wp-json\/wp\/v2\/media\/51723"}],"wp:attachment":[{"href":"https:\/\/chi-statt-botox.com\/en\/wp-json\/wp\/v2\/media?parent=51722"}],"wp:term":[{"taxonomy":"product_brand","embeddable":true,"href":"https:\/\/chi-statt-botox.com\/en\/wp-json\/wp\/v2\/product_brand?post=51722"},{"taxonomy":"product_cat","embeddable":true,"href":"https:\/\/chi-statt-botox.com\/en\/wp-json\/wp\/v2\/product_cat?post=51722"},{"taxonomy":"product_tag","embeddable":true,"href":"https:\/\/chi-statt-botox.com\/en\/wp-json\/wp\/v2\/product_tag?post=51722"}],"curies":[{"name":"wp","href":"https:\/\/api.w.org\/{rel}","templated":true}]}}