{"id":5213,"date":"2020-11-24T14:40:44","date_gmt":"2020-11-24T13:40:44","guid":{"rendered":"https:\/\/chi-statt-botox.com\/?post_type=product&#038;p=5213"},"modified":"2026-04-14T18:31:00","modified_gmt":"2026-04-14T16:31:00","slug":"bio-vitalkaffee-250g-hochland-arabica-mit-reishi-und-mandelpilz","status":"publish","type":"product","link":"https:\/\/chi-statt-botox.com\/en\/product\/bio-vitalkaffee-250g-hochland-arabica-mit-reishi-und-mandelpilz\/","title":{"rendered":"Organic vitality coffee, 250g (with reishi and almond mushroom)"},"content":{"rendered":"<p>Organic vitality coffee roasted with <strong>100 % organic highland Arabica beans<\/strong>. The beans are obtained from controlled organic farming in Central America. In addition, the coffee <strong>Reishi medicinal mushrooms<\/strong> and <strong>Almond mushroom<\/strong> added. Vital mushrooms have been known for thousands of years in traditional Chinese medicine for their positive effects. The certified organic mushrooms used in the coffee come from <strong>from Tyrol in Austria<\/strong>.<\/p>\n<ul>\n<li>Invigorating through admixture of <strong>2 medicinal mushrooms<\/strong><\/li>\n<li>Supports general well-being<\/li>\n<li>Alkaline and <strong>Low acid<\/strong><\/li>\n<li>Ideal for coffee intolerance<\/li>\n<li>Ideal for alkaline fasting<\/li>\n<li><strong>Gently roasted<\/strong> and packed in Austria (roasted for 20 minutes at 200\u00b0 - commercially available coffee is roasted for 2 minutes at 600\u00b0)<\/li>\n<li><strong>Low acrylamide content<\/strong> only 140 g\/kg<\/li>\n<\/ul>\n<p><strong>Comparison of commercial coffee &amp; vitality coffee from the perspective of Traditional Chinese Medicine:<\/strong><\/p>\n<p><strong>Coffee without medicinal mushrooms:<\/strong> gives tension to the gallbladder, weakens the kidneys, produces stomach heat<\/p>\n<p><strong>Vitality coffee:<\/strong> Gentler on the cardiovascular system, easy on the gall bladder and stomach (because it is more alkaline than normal coffee), well tolerated - does not cause heat in the stomach, also more tolerable for problems such as gastritis and heartburn<\/p>\n<p>Brewing temperature: 89\u00b0 to 93\u00b0. Do not brew with boiling hot water!<\/p>\n<p>Resealable zip-lock bag without aluminium<\/p>\n<p><strong>More product info in the video<\/strong> (just click on it):<br \/>\n<a href=\"https:\/\/www.youtube.com\/watch?v=CmE63p6IsuY&amp;t=1s\" target=\"_blank\" rel=\"noopener\"><strong>\"4 ultimate tips for your breasts (EVERY woman should know this!)\"<\/strong><\/a><\/p>\n<p>VITA - Bio Lebensmittelhandel e.U. Gerold Jernej \/ Lorystra\u00dfe 7\/14 \/ 1110 Vienna \/ Austria \/ info@bio-vita.at<\/p>","protected":false},"excerpt":{"rendered":"<ul>\n<li>100% organic highland Arabica beans<\/li>\n<li>Invigorating through admixture of <strong>2 medicinal mushrooms<\/strong><\/li>\n<li>Supports general well-being<\/li>\n<li>Alkaline and <strong>Low acid<\/strong><\/li>\n<li>Ideal for coffee intolerance<\/li>\n<li>Ideal for alkaline fasting<\/li>\n<li><strong>Gently roasted<\/strong> and packed in Austria (roasted for 20 minutes at 200\u00b0 - commercially available coffee is roasted for 2 minutes at 600\u00b0)<\/li>\n<li><strong>Low acrylamide content<\/strong> only 140 g\/kg<\/li>\n<\/ul>\n<p><strong>Comparison of commercial coffee &amp; vitality coffee from the perspective of Traditional Chinese Medicine:<\/strong><\/p>\n<p><strong>Coffee without medicinal mushrooms:<\/strong> gives tension to the gallbladder, weakens the kidneys, produces stomach heat<\/p>\n<p><strong>Vitality coffee:<\/strong> Gentler on the cardiovascular system, easy on the gall bladder and stomach (because it is more alkaline than normal coffee), well tolerated - does not cause heat in the stomach, also more tolerable for problems such as gastritis and heartburn<\/p>","protected":false},"featured_media":5229,"template":"","meta":{"_acf_changed":false,"_et_pb_use_builder":"","_et_pb_old_content":"","_et_gb_content_width":""},"product_brand":[],"product_cat":[175],"product_tag":[],"class_list":{"0":"post-5213","1":"product","2":"type-product","3":"status-publish","4":"has-post-thumbnail","6":"product_cat-anti-aging-nems","8":"first","9":"instock","10":"taxable","11":"shipping-taxable","12":"purchasable","13":"product-type-simple"},"acf":[],"yoast_head":"<!-- This site is optimized with the Yoast SEO plugin v26.4 - https:\/\/yoast.com\/wordpress\/plugins\/seo\/ -->\n<title>Bio Vitalkaffee, 250g (mit Reishi und Mandelpilz) - Chi statt Botox<\/title>\n<meta name=\"robots\" content=\"index, follow, max-snippet:-1, max-image-preview:large, max-video-preview:-1\" \/>\n<link rel=\"canonical\" href=\"https:\/\/chi-statt-botox.com\/en\/product\/bio-vitalkaffee-250g-hochland-arabica-mit-reishi-und-mandelpilz\/\" \/>\n<meta property=\"og:locale\" content=\"en_GB\" \/>\n<meta property=\"og:type\" content=\"article\" \/>\n<meta property=\"og:title\" content=\"Bio Vitalkaffee, 250g (mit Reishi und Mandelpilz) - Chi statt Botox\" \/>\n<meta property=\"og:description\" content=\"100% biologische Hochland Arabica Bohnen  Belebend durch Beimischung von 2 Vitalpilzen  Unterst\u00fctzt allgemeines Wohlbefinden  Basisch und s\u00e4urearm  Ideal bei Kaffeeunvertr\u00e4glichkeit  Ideal beim Basenfasten  Schonend ger\u00f6stet und verpackt in \u00d6sterreich (20 min bei 200\u00b0 - handels\u00fcblicher Kaffee wird 2 min bei 600\u00b0 ger\u00f6stet)  Niedriger Acrylamidgehalt nur 140 g\/kg  Vergleich handels\u00fcblicher Kaffee &amp; Vitalkaffee aus der Sicht der Traditionellen Chinesischen Medizin:  Kaffee ohne Heilpilze: gibt Spannung auf der Gallenblase, schw\u00e4cht die Nierenkraft, erzeugt Magenhitze  Vitalkaffee: schonender f\u00fcr das Herz-Kreislaufsystem, schont die Galle und den Magen (weil basischer als normaler Kaffee), gut vertr\u00e4glich - macht keine Hitze im Magen, auch bei Problemen wie Gastritis und Sodbrennen vertr\u00e4glicher\" \/>\n<meta property=\"og:url\" content=\"https:\/\/chi-statt-botox.com\/en\/product\/bio-vitalkaffee-250g-hochland-arabica-mit-reishi-und-mandelpilz\/\" \/>\n<meta property=\"og:site_name\" content=\"Chi statt Botox\" \/>\n<meta property=\"article:modified_time\" content=\"2026-04-14T16:31:00+00:00\" \/>\n<meta property=\"og:image\" content=\"https:\/\/chi-statt-botox.com\/wp-content\/uploads\/Unbenannt-1.jpg\" \/>\n\t<meta property=\"og:image:width\" content=\"720\" \/>\n\t<meta property=\"og:image:height\" content=\"720\" \/>\n\t<meta property=\"og:image:type\" content=\"image\/jpeg\" \/>\n<meta name=\"twitter:card\" content=\"summary_large_image\" \/>\n<meta name=\"twitter:label1\" content=\"Estimated reading time\" \/>\n\t<meta name=\"twitter:data1\" content=\"2 minutes\" \/>\n<script type=\"application\/ld+json\" class=\"yoast-schema-graph\">{\"@context\":\"https:\/\/schema.org\",\"@graph\":[{\"@type\":\"WebPage\",\"@id\":\"https:\/\/chi-statt-botox.com\/produkt\/bio-vitalkaffee-250g-hochland-arabica-mit-reishi-und-mandelpilz\/\",\"url\":\"https:\/\/chi-statt-botox.com\/produkt\/bio-vitalkaffee-250g-hochland-arabica-mit-reishi-und-mandelpilz\/\",\"name\":\"Bio Vitalkaffee, 250g (mit Reishi und Mandelpilz) - Chi statt Botox\",\"isPartOf\":{\"@id\":\"https:\/\/chi-statt-botox.com\/#website\"},\"primaryImageOfPage\":{\"@id\":\"https:\/\/chi-statt-botox.com\/produkt\/bio-vitalkaffee-250g-hochland-arabica-mit-reishi-und-mandelpilz\/#primaryimage\"},\"image\":{\"@id\":\"https:\/\/chi-statt-botox.com\/produkt\/bio-vitalkaffee-250g-hochland-arabica-mit-reishi-und-mandelpilz\/#primaryimage\"},\"thumbnailUrl\":\"https:\/\/chi-statt-botox.com\/wp-content\/uploads\/Unbenannt-1.jpg\",\"datePublished\":\"2020-11-24T13:40:44+00:00\",\"dateModified\":\"2026-04-14T16:31:00+00:00\",\"breadcrumb\":{\"@id\":\"https:\/\/chi-statt-botox.com\/produkt\/bio-vitalkaffee-250g-hochland-arabica-mit-reishi-und-mandelpilz\/#breadcrumb\"},\"inLanguage\":\"en-GB\",\"potentialAction\":[{\"@type\":\"ReadAction\",\"target\":[\"https:\/\/chi-statt-botox.com\/produkt\/bio-vitalkaffee-250g-hochland-arabica-mit-reishi-und-mandelpilz\/\"]}]},{\"@type\":\"ImageObject\",\"inLanguage\":\"en-GB\",\"@id\":\"https:\/\/chi-statt-botox.com\/produkt\/bio-vitalkaffee-250g-hochland-arabica-mit-reishi-und-mandelpilz\/#primaryimage\",\"url\":\"https:\/\/chi-statt-botox.com\/wp-content\/uploads\/Unbenannt-1.jpg\",\"contentUrl\":\"https:\/\/chi-statt-botox.com\/wp-content\/uploads\/Unbenannt-1.jpg\",\"width\":720,\"height\":720},{\"@type\":\"BreadcrumbList\",\"@id\":\"https:\/\/chi-statt-botox.com\/produkt\/bio-vitalkaffee-250g-hochland-arabica-mit-reishi-und-mandelpilz\/#breadcrumb\",\"itemListElement\":[{\"@type\":\"ListItem\",\"position\":1,\"name\":\"Startseite\",\"item\":\"https:\/\/chi-statt-botox.com\/\"},{\"@type\":\"ListItem\",\"position\":2,\"name\":\"Produkte\",\"item\":\"https:\/\/chi-statt-botox.com\/shop\/\"},{\"@type\":\"ListItem\",\"position\":3,\"name\":\"Bio Vitalkaffee, 250g (mit Reishi und Mandelpilz)\"}]},{\"@type\":\"WebSite\",\"@id\":\"https:\/\/chi-statt-botox.com\/#website\",\"url\":\"https:\/\/chi-statt-botox.com\/\",\"name\":\"Chi statt Botox\",\"description\":\"Falten wegzaubern, Haut straffen\",\"potentialAction\":[{\"@type\":\"SearchAction\",\"target\":{\"@type\":\"EntryPoint\",\"urlTemplate\":\"https:\/\/chi-statt-botox.com\/?s={search_term_string}\"},\"query-input\":{\"@type\":\"PropertyValueSpecification\",\"valueRequired\":true,\"valueName\":\"search_term_string\"}}],\"inLanguage\":\"en-GB\"}]}<\/script>\n<!-- \/ Yoast SEO plugin. -->","yoast_head_json":{"title":"Organic vitality coffee, 250g (with reishi and almond mushroom) - Chi instead of Botox","robots":{"index":"index","follow":"follow","max-snippet":"max-snippet:-1","max-image-preview":"max-image-preview:large","max-video-preview":"max-video-preview:-1"},"canonical":"https:\/\/chi-statt-botox.com\/en\/product\/bio-vitalkaffee-250g-hochland-arabica-mit-reishi-und-mandelpilz\/","og_locale":"en_GB","og_type":"article","og_title":"Bio Vitalkaffee, 250g (mit Reishi und Mandelpilz) - Chi statt Botox","og_description":"100% biologische Hochland Arabica Bohnen  Belebend durch Beimischung von 2 Vitalpilzen  Unterst\u00fctzt allgemeines Wohlbefinden  Basisch und s\u00e4urearm  Ideal bei Kaffeeunvertr\u00e4glichkeit  Ideal beim Basenfasten  Schonend ger\u00f6stet und verpackt in \u00d6sterreich (20 min bei 200\u00b0 - handels\u00fcblicher Kaffee wird 2 min bei 600\u00b0 ger\u00f6stet)  Niedriger Acrylamidgehalt nur 140 g\/kg  Vergleich handels\u00fcblicher Kaffee &amp; Vitalkaffee aus der Sicht der Traditionellen Chinesischen Medizin:  Kaffee ohne Heilpilze: gibt Spannung auf der Gallenblase, schw\u00e4cht die Nierenkraft, erzeugt Magenhitze  Vitalkaffee: schonender f\u00fcr das Herz-Kreislaufsystem, schont die Galle und den Magen (weil basischer als normaler Kaffee), gut vertr\u00e4glich - macht keine Hitze im Magen, auch bei Problemen wie Gastritis und Sodbrennen vertr\u00e4glicher","og_url":"https:\/\/chi-statt-botox.com\/en\/product\/bio-vitalkaffee-250g-hochland-arabica-mit-reishi-und-mandelpilz\/","og_site_name":"Chi statt Botox","article_modified_time":"2026-04-14T16:31:00+00:00","og_image":[{"width":720,"height":720,"url":"https:\/\/chi-statt-botox.com\/wp-content\/uploads\/Unbenannt-1.jpg","type":"image\/jpeg"}],"twitter_card":"summary_large_image","twitter_misc":{"Estimated reading time":"2 minutes"},"schema":{"@context":"https:\/\/schema.org","@graph":[{"@type":"WebPage","@id":"https:\/\/chi-statt-botox.com\/produkt\/bio-vitalkaffee-250g-hochland-arabica-mit-reishi-und-mandelpilz\/","url":"https:\/\/chi-statt-botox.com\/produkt\/bio-vitalkaffee-250g-hochland-arabica-mit-reishi-und-mandelpilz\/","name":"Organic vitality coffee, 250g (with reishi and almond mushroom) - Chi instead of Botox","isPartOf":{"@id":"https:\/\/chi-statt-botox.com\/#website"},"primaryImageOfPage":{"@id":"https:\/\/chi-statt-botox.com\/produkt\/bio-vitalkaffee-250g-hochland-arabica-mit-reishi-und-mandelpilz\/#primaryimage"},"image":{"@id":"https:\/\/chi-statt-botox.com\/produkt\/bio-vitalkaffee-250g-hochland-arabica-mit-reishi-und-mandelpilz\/#primaryimage"},"thumbnailUrl":"https:\/\/chi-statt-botox.com\/wp-content\/uploads\/Unbenannt-1.jpg","datePublished":"2020-11-24T13:40:44+00:00","dateModified":"2026-04-14T16:31:00+00:00","breadcrumb":{"@id":"https:\/\/chi-statt-botox.com\/produkt\/bio-vitalkaffee-250g-hochland-arabica-mit-reishi-und-mandelpilz\/#breadcrumb"},"inLanguage":"en-GB","potentialAction":[{"@type":"ReadAction","target":["https:\/\/chi-statt-botox.com\/produkt\/bio-vitalkaffee-250g-hochland-arabica-mit-reishi-und-mandelpilz\/"]}]},{"@type":"ImageObject","inLanguage":"en-GB","@id":"https:\/\/chi-statt-botox.com\/produkt\/bio-vitalkaffee-250g-hochland-arabica-mit-reishi-und-mandelpilz\/#primaryimage","url":"https:\/\/chi-statt-botox.com\/wp-content\/uploads\/Unbenannt-1.jpg","contentUrl":"https:\/\/chi-statt-botox.com\/wp-content\/uploads\/Unbenannt-1.jpg","width":720,"height":720},{"@type":"BreadcrumbList","@id":"https:\/\/chi-statt-botox.com\/produkt\/bio-vitalkaffee-250g-hochland-arabica-mit-reishi-und-mandelpilz\/#breadcrumb","itemListElement":[{"@type":"ListItem","position":1,"name":"Startseite","item":"https:\/\/chi-statt-botox.com\/"},{"@type":"ListItem","position":2,"name":"Produkte","item":"https:\/\/chi-statt-botox.com\/shop\/"},{"@type":"ListItem","position":3,"name":"Bio Vitalkaffee, 250g (mit Reishi und Mandelpilz)"}]},{"@type":"WebSite","@id":"https:\/\/chi-statt-botox.com\/#website","url":"https:\/\/chi-statt-botox.com\/","name":"Chi instead of Botox","description":"Magic away wrinkles, tighten skin","potentialAction":[{"@type":"SearchAction","target":{"@type":"EntryPoint","urlTemplate":"https:\/\/chi-statt-botox.com\/?s={search_term_string}"},"query-input":{"@type":"PropertyValueSpecification","valueRequired":true,"valueName":"search_term_string"}}],"inLanguage":"en-GB"}]}},"_links":{"self":[{"href":"https:\/\/chi-statt-botox.com\/en\/wp-json\/wp\/v2\/product\/5213","targetHints":{"allow":["GET"]}}],"collection":[{"href":"https:\/\/chi-statt-botox.com\/en\/wp-json\/wp\/v2\/product"}],"about":[{"href":"https:\/\/chi-statt-botox.com\/en\/wp-json\/wp\/v2\/types\/product"}],"wp:featuredmedia":[{"embeddable":true,"href":"https:\/\/chi-statt-botox.com\/en\/wp-json\/wp\/v2\/media\/5229"}],"wp:attachment":[{"href":"https:\/\/chi-statt-botox.com\/en\/wp-json\/wp\/v2\/media?parent=5213"}],"wp:term":[{"taxonomy":"product_brand","embeddable":true,"href":"https:\/\/chi-statt-botox.com\/en\/wp-json\/wp\/v2\/product_brand?post=5213"},{"taxonomy":"product_cat","embeddable":true,"href":"https:\/\/chi-statt-botox.com\/en\/wp-json\/wp\/v2\/product_cat?post=5213"},{"taxonomy":"product_tag","embeddable":true,"href":"https:\/\/chi-statt-botox.com\/en\/wp-json\/wp\/v2\/product_tag?post=5213"}],"curies":[{"name":"wp","href":"https:\/\/api.w.org\/{rel}","templated":true}]}}