{"id":6236,"date":"2021-01-26T14:38:54","date_gmt":"2021-01-26T13:38:54","guid":{"rendered":"https:\/\/chi-statt-botox.com\/?post_type=product&#038;p=6236"},"modified":"2025-12-10T09:52:40","modified_gmt":"2025-12-10T08:52:40","slug":"bio-kelp-365-kapseln","status":"publish","type":"product","link":"https:\/\/chi-statt-botox.com\/en\/product\/bio-kelp-365-kapseln\/","title":{"rendered":"Organic Kelp 365 Capsules"},"content":{"rendered":"<p><strong>BIO Kelp brown algae<\/strong> Capsules contain <strong>195 \u00b5g natural iodine<\/strong>. This reduces the recommended daily dose of iodine. The recommended daily dose is 1 capsule.  The capsules are well tolerated and have a high bioavailability due to the natural complex composition of the organic kelp extract.<\/p>\n<p>Enriched with <strong>Organic acacia fibre<\/strong>which have a positive effect on the <strong>Intestinal health<\/strong> by stimulating intestinal peristalsis and improving the intestinal flora.<\/p>\n<p>One pack is sufficient for <strong>1 year<\/strong>.<\/p>\n<p><strong>Recommended videos for the product<\/strong> (just click on it):<br \/>\n<strong><a href=\"https:\/\/www.youtube.com\/watch?v=CmE63p6IsuY\" target=\"_blank\" rel=\"noopener\">\"4 ultimate tips for your breasts (EVERY woman should know this!)\"<\/a><br \/>\n<\/strong><a href=\"https:\/\/www.youtube.com\/watch?v=Qml6ej5NtNg&amp;t=403s\" target=\"_blank\" rel=\"noopener\"><strong>\"Thick, BOLD hair at any age: 4 great tips\"<\/strong><\/a><br \/>\n<strong><a href=\"https:\/\/www.youtube.com\/watch?v=uAgQHKpzwKQ\" target=\"_blank\" rel=\"noopener\">\"Look better with a healthy thyroid (every 2nd woman affected)\"<\/a><\/strong><\/p>\n<p>The BIO kelp capsules are naturally vegan, gluten-free and lactose-free.<\/p>\n<p>Do NOT take if you have Hashimoto's or hyperthyroidism. If in doubt, consult your doctor.<\/p>\n<p><strong>VEGAN AND WITHOUT UNDESIRABLE ADDITIVES<br \/>\n<\/strong>BIO Kelp Brown Algae Capsules contain no flavourings, colourings, stabilisers, preservatives or anti-caking agents such as magnesium stearate and are GMO-free, lactose-free, gluten-free and gelatine-free. This product is 100 % vegan.<\/p>\n<p><strong>CONTENTS:\u00a0<\/strong>Organic kelp powder, organic acacia fibre, capsule material: hydroxypropyl methylcellulose<\/p>\n<p><strong>Note:<\/strong> This food supplement is not a substitute for a balanced and varied diet and a healthy lifestyle. Keep out of reach of children.<\/p>\n<p><strong>Storage:<\/strong> Always keep closed, dark, cool and dry.<\/p>\n<p>MRS DYSTRYBUJCA SPOLKA Z ORGANICZONA ODPOWIEDZIALNOSCIA \/ Prezydenta Lecha Kaczynskiego 20 \/ 80-365 Gdansk \/ Poland \/ office@nutrivelabs.com<\/p>","protected":false},"excerpt":{"rendered":"<ul>\n<li>Best before date 06\/2026<\/li>\n<li>Covers daily iodine requirement<\/li>\n<li>Promotes thyroid health<\/li>\n<li>Improves intestinal health<\/li>\n<li>High bioavailability<\/li>\n<li>Vegan and natural<\/li>\n<li>Annual supply pack<\/li>\n<\/ul>\n<p>&nbsp;<\/p>","protected":false},"featured_media":28280,"template":"","meta":{"_acf_changed":false,"_et_pb_use_builder":"","_et_pb_old_content":"","_et_gb_content_width":""},"product_brand":[],"product_cat":[175],"product_tag":[],"class_list":{"0":"post-6236","1":"product","2":"type-product","3":"status-publish","4":"has-post-thumbnail","6":"product_cat-anti-aging-nems","8":"first","9":"outofstock","10":"sale","11":"taxable","12":"shipping-taxable","13":"purchasable","14":"product-type-simple"},"acf":[],"yoast_head":"<!-- This site is optimized with the Yoast SEO plugin v26.4 - https:\/\/yoast.com\/wordpress\/plugins\/seo\/ -->\n<title>Bio Kelp 365 Kapseln - Chi statt Botox<\/title>\n<meta name=\"robots\" content=\"index, follow, max-snippet:-1, max-image-preview:large, max-video-preview:-1\" \/>\n<link rel=\"canonical\" href=\"https:\/\/chi-statt-botox.com\/en\/product\/bio-kelp-365-kapseln\/\" \/>\n<meta property=\"og:locale\" content=\"en_GB\" \/>\n<meta property=\"og:type\" content=\"article\" \/>\n<meta property=\"og:title\" content=\"Bio Kelp 365 Kapseln - Chi statt Botox\" \/>\n<meta property=\"og:description\" content=\"Mindesthaltbarkeitsdatum 06\/2026  Deckt t\u00e4glichen Jodbedarf  F\u00f6rdert Schilddr\u00fcsengesundheit  Verbessert Darmgesundheit  Hohe Bioverf\u00fcgbarkeit  Vegan und naturbelassen  Jahresvorratspackung  &nbsp;\" \/>\n<meta property=\"og:url\" content=\"https:\/\/chi-statt-botox.com\/en\/product\/bio-kelp-365-kapseln\/\" \/>\n<meta property=\"og:site_name\" content=\"Chi statt Botox\" \/>\n<meta property=\"article:modified_time\" content=\"2025-12-10T08:52:40+00:00\" \/>\n<meta property=\"og:image\" content=\"https:\/\/chi-statt-botox.com\/wp-content\/uploads\/1.jpg\" \/>\n\t<meta property=\"og:image:width\" content=\"1500\" \/>\n\t<meta property=\"og:image:height\" content=\"1500\" \/>\n\t<meta property=\"og:image:type\" content=\"image\/jpeg\" \/>\n<meta name=\"twitter:card\" content=\"summary_large_image\" \/>\n<meta name=\"twitter:label1\" content=\"Estimated reading time\" \/>\n\t<meta name=\"twitter:data1\" content=\"2 minutes\" \/>\n<script type=\"application\/ld+json\" class=\"yoast-schema-graph\">{\"@context\":\"https:\/\/schema.org\",\"@graph\":[{\"@type\":\"WebPage\",\"@id\":\"https:\/\/chi-statt-botox.com\/produkt\/bio-kelp-365-kapseln\/\",\"url\":\"https:\/\/chi-statt-botox.com\/produkt\/bio-kelp-365-kapseln\/\",\"name\":\"Bio Kelp 365 Kapseln - Chi statt Botox\",\"isPartOf\":{\"@id\":\"https:\/\/chi-statt-botox.com\/#website\"},\"primaryImageOfPage\":{\"@id\":\"https:\/\/chi-statt-botox.com\/produkt\/bio-kelp-365-kapseln\/#primaryimage\"},\"image\":{\"@id\":\"https:\/\/chi-statt-botox.com\/produkt\/bio-kelp-365-kapseln\/#primaryimage\"},\"thumbnailUrl\":\"https:\/\/chi-statt-botox.com\/wp-content\/uploads\/1.jpg\",\"datePublished\":\"2021-01-26T13:38:54+00:00\",\"dateModified\":\"2025-12-10T08:52:40+00:00\",\"breadcrumb\":{\"@id\":\"https:\/\/chi-statt-botox.com\/produkt\/bio-kelp-365-kapseln\/#breadcrumb\"},\"inLanguage\":\"en-GB\",\"potentialAction\":[{\"@type\":\"ReadAction\",\"target\":[\"https:\/\/chi-statt-botox.com\/produkt\/bio-kelp-365-kapseln\/\"]}]},{\"@type\":\"ImageObject\",\"inLanguage\":\"en-GB\",\"@id\":\"https:\/\/chi-statt-botox.com\/produkt\/bio-kelp-365-kapseln\/#primaryimage\",\"url\":\"https:\/\/chi-statt-botox.com\/wp-content\/uploads\/1.jpg\",\"contentUrl\":\"https:\/\/chi-statt-botox.com\/wp-content\/uploads\/1.jpg\",\"width\":1500,\"height\":1500},{\"@type\":\"BreadcrumbList\",\"@id\":\"https:\/\/chi-statt-botox.com\/produkt\/bio-kelp-365-kapseln\/#breadcrumb\",\"itemListElement\":[{\"@type\":\"ListItem\",\"position\":1,\"name\":\"Startseite\",\"item\":\"https:\/\/chi-statt-botox.com\/\"},{\"@type\":\"ListItem\",\"position\":2,\"name\":\"Produkte\",\"item\":\"https:\/\/chi-statt-botox.com\/shop\/\"},{\"@type\":\"ListItem\",\"position\":3,\"name\":\"Bio Kelp 365 Kapseln\"}]},{\"@type\":\"WebSite\",\"@id\":\"https:\/\/chi-statt-botox.com\/#website\",\"url\":\"https:\/\/chi-statt-botox.com\/\",\"name\":\"Chi statt Botox\",\"description\":\"Falten wegzaubern, Haut straffen\",\"potentialAction\":[{\"@type\":\"SearchAction\",\"target\":{\"@type\":\"EntryPoint\",\"urlTemplate\":\"https:\/\/chi-statt-botox.com\/?s={search_term_string}\"},\"query-input\":{\"@type\":\"PropertyValueSpecification\",\"valueRequired\":true,\"valueName\":\"search_term_string\"}}],\"inLanguage\":\"en-GB\"}]}<\/script>\n<!-- \/ Yoast SEO plugin. -->","yoast_head_json":{"title":"Organic Kelp 365 Capsules - Chi instead of Botox","robots":{"index":"index","follow":"follow","max-snippet":"max-snippet:-1","max-image-preview":"max-image-preview:large","max-video-preview":"max-video-preview:-1"},"canonical":"https:\/\/chi-statt-botox.com\/en\/product\/bio-kelp-365-kapseln\/","og_locale":"en_GB","og_type":"article","og_title":"Bio Kelp 365 Kapseln - Chi statt Botox","og_description":"Mindesthaltbarkeitsdatum 06\/2026  Deckt t\u00e4glichen Jodbedarf  F\u00f6rdert Schilddr\u00fcsengesundheit  Verbessert Darmgesundheit  Hohe Bioverf\u00fcgbarkeit  Vegan und naturbelassen  Jahresvorratspackung  &nbsp;","og_url":"https:\/\/chi-statt-botox.com\/en\/product\/bio-kelp-365-kapseln\/","og_site_name":"Chi statt Botox","article_modified_time":"2025-12-10T08:52:40+00:00","og_image":[{"width":1500,"height":1500,"url":"https:\/\/chi-statt-botox.com\/wp-content\/uploads\/1.jpg","type":"image\/jpeg"}],"twitter_card":"summary_large_image","twitter_misc":{"Estimated reading time":"2 minutes"},"schema":{"@context":"https:\/\/schema.org","@graph":[{"@type":"WebPage","@id":"https:\/\/chi-statt-botox.com\/produkt\/bio-kelp-365-kapseln\/","url":"https:\/\/chi-statt-botox.com\/produkt\/bio-kelp-365-kapseln\/","name":"Organic Kelp 365 Capsules - Chi instead of Botox","isPartOf":{"@id":"https:\/\/chi-statt-botox.com\/#website"},"primaryImageOfPage":{"@id":"https:\/\/chi-statt-botox.com\/produkt\/bio-kelp-365-kapseln\/#primaryimage"},"image":{"@id":"https:\/\/chi-statt-botox.com\/produkt\/bio-kelp-365-kapseln\/#primaryimage"},"thumbnailUrl":"https:\/\/chi-statt-botox.com\/wp-content\/uploads\/1.jpg","datePublished":"2021-01-26T13:38:54+00:00","dateModified":"2025-12-10T08:52:40+00:00","breadcrumb":{"@id":"https:\/\/chi-statt-botox.com\/produkt\/bio-kelp-365-kapseln\/#breadcrumb"},"inLanguage":"en-GB","potentialAction":[{"@type":"ReadAction","target":["https:\/\/chi-statt-botox.com\/produkt\/bio-kelp-365-kapseln\/"]}]},{"@type":"ImageObject","inLanguage":"en-GB","@id":"https:\/\/chi-statt-botox.com\/produkt\/bio-kelp-365-kapseln\/#primaryimage","url":"https:\/\/chi-statt-botox.com\/wp-content\/uploads\/1.jpg","contentUrl":"https:\/\/chi-statt-botox.com\/wp-content\/uploads\/1.jpg","width":1500,"height":1500},{"@type":"BreadcrumbList","@id":"https:\/\/chi-statt-botox.com\/produkt\/bio-kelp-365-kapseln\/#breadcrumb","itemListElement":[{"@type":"ListItem","position":1,"name":"Startseite","item":"https:\/\/chi-statt-botox.com\/"},{"@type":"ListItem","position":2,"name":"Produkte","item":"https:\/\/chi-statt-botox.com\/shop\/"},{"@type":"ListItem","position":3,"name":"Bio Kelp 365 Kapseln"}]},{"@type":"WebSite","@id":"https:\/\/chi-statt-botox.com\/#website","url":"https:\/\/chi-statt-botox.com\/","name":"Chi instead of Botox","description":"Magic away wrinkles, tighten skin","potentialAction":[{"@type":"SearchAction","target":{"@type":"EntryPoint","urlTemplate":"https:\/\/chi-statt-botox.com\/?s={search_term_string}"},"query-input":{"@type":"PropertyValueSpecification","valueRequired":true,"valueName":"search_term_string"}}],"inLanguage":"en-GB"}]}},"_links":{"self":[{"href":"https:\/\/chi-statt-botox.com\/en\/wp-json\/wp\/v2\/product\/6236","targetHints":{"allow":["GET"]}}],"collection":[{"href":"https:\/\/chi-statt-botox.com\/en\/wp-json\/wp\/v2\/product"}],"about":[{"href":"https:\/\/chi-statt-botox.com\/en\/wp-json\/wp\/v2\/types\/product"}],"wp:featuredmedia":[{"embeddable":true,"href":"https:\/\/chi-statt-botox.com\/en\/wp-json\/wp\/v2\/media\/28280"}],"wp:attachment":[{"href":"https:\/\/chi-statt-botox.com\/en\/wp-json\/wp\/v2\/media?parent=6236"}],"wp:term":[{"taxonomy":"product_brand","embeddable":true,"href":"https:\/\/chi-statt-botox.com\/en\/wp-json\/wp\/v2\/product_brand?post=6236"},{"taxonomy":"product_cat","embeddable":true,"href":"https:\/\/chi-statt-botox.com\/en\/wp-json\/wp\/v2\/product_cat?post=6236"},{"taxonomy":"product_tag","embeddable":true,"href":"https:\/\/chi-statt-botox.com\/en\/wp-json\/wp\/v2\/product_tag?post=6236"}],"curies":[{"name":"wp","href":"https:\/\/api.w.org\/{rel}","templated":true}]}}