{"id":7758,"date":"2021-02-25T13:33:07","date_gmt":"2021-02-25T12:33:07","guid":{"rendered":"https:\/\/chi-statt-botox.com\/?post_type=product&#038;p=7758"},"modified":"2026-04-13T08:56:44","modified_gmt":"2026-04-13T06:56:44","slug":"augencreme-999-happy-eyes-35ml","status":"publish","type":"product","link":"https:\/\/chi-statt-botox.com\/en\/product\/augencreme-999-happy-eyes-35ml\/","title":{"rendered":"Eye cream \"999 Happy Eyes\", 35ml"},"content":{"rendered":"<p>All Yogana natural products stimulate chi, the universal life energy. This 100% natural and vegan eye cream nourishes and firms the sensitive eye area without weighing it down. Rich eye creams can contribute to the development of bags under the eyes. Yogana Eye Cream has just the right consistency to nourish and firm the eye area without weighing it down.<br \/>\nFrom a TCM perspective, bags under the eyes indicate weak kidney chi, and cloudy eyes indicate weak liver chi. Bright, beautiful eyes are therefore not only an expression of beauty, but also of vitality.<br \/>\nThe fine gold contained in the Yogana eye cream improves both liver and kidney chi through its vibration. Goji berries and liquorice belong to the plants of the legendary kingdom of Tangut, whose women were known for their strikingly enchanting eyes and wonderful skin and were praised in many poems and songs.<br \/>\nRefined gold has been known since 600 BC as the best bioenergetic conductor and ideal balancer of body energy (chi). It is able to strengthen and harmonise the individual's own vibration and life force.<\/p>\n<p>Ingredients: Water, jojoba seed oil (Simmondsia Chinensis), goji berry extract (Lycium Barbarum), liquorice root extract (Glycyrrhiza Glabra), tiger grass extract (Centella Asiatica), bisabolol (anti-inflammatory skin-regenerating main component of true chamomile oil), mushroom gel (Sclerotium gum - emulsion-stabilising), humectant (glycosyl trehalose - from starch), vegetable fatty acid glyceride (glyceryl caprylate), hyaluronic acid (sodium hyaluronate from yeast), lavender oil (Lavendula augustifolia), chamomile blossom oil (Chamomilla recutita), rose blossom oil (Rosa damascena), purest 999 fine gold.<\/p>\n<p>Components of the added high-quality essential oils to be declared from the threshold of 0.001% (depending on the harvest): Citronellol, Hydroxycitronellal Geranial, Eugenol, Benzyl Benzoate, Citral<\/p>\n<p>YOGANO GesmbH \/ P.O. Box 99 \/ 1230 Vienna \/ Austria \/ office@yogana.at<\/p>","protected":false},"excerpt":{"rendered":"<p>All Yogana natural products stimulate chi, the universal life energy. This 100% natural and vegan eye cream nourishes and firms the sensitive eye area without weighing it down. Rich eye creams can contribute to the development of bags under the eyes. Yogana Eye Cream has just the right consistency to nourish and firm the eye area without weighing it down.<\/p>","protected":false},"featured_media":29629,"template":"","meta":{"_acf_changed":false,"_et_pb_use_builder":"","_et_pb_old_content":"","_et_gb_content_width":""},"product_brand":[],"product_cat":[172],"product_tag":[],"class_list":{"0":"post-7758","1":"product","2":"type-product","3":"status-publish","4":"has-post-thumbnail","6":"product_cat-kosmetik","8":"first","9":"instock","10":"taxable","11":"shipping-taxable","12":"purchasable","13":"product-type-simple"},"acf":[],"yoast_head":"<!-- This site is optimized with the Yoast SEO plugin v26.4 - https:\/\/yoast.com\/wordpress\/plugins\/seo\/ -->\n<title>Augencreme &quot;999 Happy Eyes&quot;, 35ml - Chi statt Botox<\/title>\n<meta name=\"robots\" content=\"index, follow, max-snippet:-1, max-image-preview:large, max-video-preview:-1\" \/>\n<link rel=\"canonical\" href=\"https:\/\/chi-statt-botox.com\/en\/product\/augencreme-999-happy-eyes-35ml\/\" \/>\n<meta property=\"og:locale\" content=\"en_GB\" \/>\n<meta property=\"og:type\" content=\"article\" \/>\n<meta property=\"og:title\" content=\"Augencreme &quot;999 Happy Eyes&quot;, 35ml - Chi statt Botox\" \/>\n<meta property=\"og:description\" content=\"Alle Naturprodukte von Yogana stimulieren das Chi, die universelle Lebensenergie. Diese 100% nat\u00fcrliche und vegane Augencreme pflegt und festigt den empfindlichen Augenbereich, ohne ihn zu beschweren. Reichhaltige Augencremes k\u00f6nnen zum Entstehen von Tr\u00e4nens\u00e4cken beitragen. Die Yogana Augencreme hat genau die richtige Konsistenz, um die Augenumgebung zu pflegen und straffen, ohne sie zu belasten.\" \/>\n<meta property=\"og:url\" content=\"https:\/\/chi-statt-botox.com\/en\/product\/augencreme-999-happy-eyes-35ml\/\" \/>\n<meta property=\"og:site_name\" content=\"Chi statt Botox\" \/>\n<meta property=\"article:modified_time\" content=\"2026-04-13T06:56:44+00:00\" \/>\n<meta property=\"og:image\" content=\"https:\/\/chi-statt-botox.com\/wp-content\/uploads\/web_999-happy-eyes.jpg\" \/>\n\t<meta property=\"og:image:width\" content=\"1920\" \/>\n\t<meta property=\"og:image:height\" content=\"1920\" \/>\n\t<meta property=\"og:image:type\" content=\"image\/jpeg\" \/>\n<meta name=\"twitter:card\" content=\"summary_large_image\" \/>\n<meta name=\"twitter:label1\" content=\"Estimated reading time\" \/>\n\t<meta name=\"twitter:data1\" content=\"2 minutes\" \/>\n<script type=\"application\/ld+json\" class=\"yoast-schema-graph\">{\"@context\":\"https:\/\/schema.org\",\"@graph\":[{\"@type\":\"WebPage\",\"@id\":\"https:\/\/chi-statt-botox.com\/produkt\/augencreme-999-happy-eyes-35ml\/\",\"url\":\"https:\/\/chi-statt-botox.com\/produkt\/augencreme-999-happy-eyes-35ml\/\",\"name\":\"Augencreme \\\"999 Happy Eyes\\\", 35ml - Chi statt Botox\",\"isPartOf\":{\"@id\":\"https:\/\/chi-statt-botox.com\/#website\"},\"primaryImageOfPage\":{\"@id\":\"https:\/\/chi-statt-botox.com\/produkt\/augencreme-999-happy-eyes-35ml\/#primaryimage\"},\"image\":{\"@id\":\"https:\/\/chi-statt-botox.com\/produkt\/augencreme-999-happy-eyes-35ml\/#primaryimage\"},\"thumbnailUrl\":\"https:\/\/chi-statt-botox.com\/wp-content\/uploads\/web_999-happy-eyes.jpg\",\"datePublished\":\"2021-02-25T12:33:07+00:00\",\"dateModified\":\"2026-04-13T06:56:44+00:00\",\"breadcrumb\":{\"@id\":\"https:\/\/chi-statt-botox.com\/produkt\/augencreme-999-happy-eyes-35ml\/#breadcrumb\"},\"inLanguage\":\"en-GB\",\"potentialAction\":[{\"@type\":\"ReadAction\",\"target\":[\"https:\/\/chi-statt-botox.com\/produkt\/augencreme-999-happy-eyes-35ml\/\"]}]},{\"@type\":\"ImageObject\",\"inLanguage\":\"en-GB\",\"@id\":\"https:\/\/chi-statt-botox.com\/produkt\/augencreme-999-happy-eyes-35ml\/#primaryimage\",\"url\":\"https:\/\/chi-statt-botox.com\/wp-content\/uploads\/web_999-happy-eyes.jpg\",\"contentUrl\":\"https:\/\/chi-statt-botox.com\/wp-content\/uploads\/web_999-happy-eyes.jpg\",\"width\":1920,\"height\":1920},{\"@type\":\"BreadcrumbList\",\"@id\":\"https:\/\/chi-statt-botox.com\/produkt\/augencreme-999-happy-eyes-35ml\/#breadcrumb\",\"itemListElement\":[{\"@type\":\"ListItem\",\"position\":1,\"name\":\"Startseite\",\"item\":\"https:\/\/chi-statt-botox.com\/\"},{\"@type\":\"ListItem\",\"position\":2,\"name\":\"Produkte\",\"item\":\"https:\/\/chi-statt-botox.com\/shop\/\"},{\"@type\":\"ListItem\",\"position\":3,\"name\":\"Augencreme &#8222;999 Happy Eyes&#8220;, 35ml\"}]},{\"@type\":\"WebSite\",\"@id\":\"https:\/\/chi-statt-botox.com\/#website\",\"url\":\"https:\/\/chi-statt-botox.com\/\",\"name\":\"Chi statt Botox\",\"description\":\"Falten wegzaubern, Haut straffen\",\"potentialAction\":[{\"@type\":\"SearchAction\",\"target\":{\"@type\":\"EntryPoint\",\"urlTemplate\":\"https:\/\/chi-statt-botox.com\/?s={search_term_string}\"},\"query-input\":{\"@type\":\"PropertyValueSpecification\",\"valueRequired\":true,\"valueName\":\"search_term_string\"}}],\"inLanguage\":\"en-GB\"}]}<\/script>\n<!-- \/ Yoast SEO plugin. -->","yoast_head_json":{"title":"Eye cream \"999 Happy Eyes\", 35ml - Chi instead of Botox","robots":{"index":"index","follow":"follow","max-snippet":"max-snippet:-1","max-image-preview":"max-image-preview:large","max-video-preview":"max-video-preview:-1"},"canonical":"https:\/\/chi-statt-botox.com\/en\/product\/augencreme-999-happy-eyes-35ml\/","og_locale":"en_GB","og_type":"article","og_title":"Augencreme \"999 Happy Eyes\", 35ml - Chi statt Botox","og_description":"Alle Naturprodukte von Yogana stimulieren das Chi, die universelle Lebensenergie. Diese 100% nat\u00fcrliche und vegane Augencreme pflegt und festigt den empfindlichen Augenbereich, ohne ihn zu beschweren. Reichhaltige Augencremes k\u00f6nnen zum Entstehen von Tr\u00e4nens\u00e4cken beitragen. Die Yogana Augencreme hat genau die richtige Konsistenz, um die Augenumgebung zu pflegen und straffen, ohne sie zu belasten.","og_url":"https:\/\/chi-statt-botox.com\/en\/product\/augencreme-999-happy-eyes-35ml\/","og_site_name":"Chi statt Botox","article_modified_time":"2026-04-13T06:56:44+00:00","og_image":[{"width":1920,"height":1920,"url":"https:\/\/chi-statt-botox.com\/wp-content\/uploads\/web_999-happy-eyes.jpg","type":"image\/jpeg"}],"twitter_card":"summary_large_image","twitter_misc":{"Estimated reading time":"2 minutes"},"schema":{"@context":"https:\/\/schema.org","@graph":[{"@type":"WebPage","@id":"https:\/\/chi-statt-botox.com\/produkt\/augencreme-999-happy-eyes-35ml\/","url":"https:\/\/chi-statt-botox.com\/produkt\/augencreme-999-happy-eyes-35ml\/","name":"Eye cream \"999 Happy Eyes\", 35ml - Chi instead of Botox","isPartOf":{"@id":"https:\/\/chi-statt-botox.com\/#website"},"primaryImageOfPage":{"@id":"https:\/\/chi-statt-botox.com\/produkt\/augencreme-999-happy-eyes-35ml\/#primaryimage"},"image":{"@id":"https:\/\/chi-statt-botox.com\/produkt\/augencreme-999-happy-eyes-35ml\/#primaryimage"},"thumbnailUrl":"https:\/\/chi-statt-botox.com\/wp-content\/uploads\/web_999-happy-eyes.jpg","datePublished":"2021-02-25T12:33:07+00:00","dateModified":"2026-04-13T06:56:44+00:00","breadcrumb":{"@id":"https:\/\/chi-statt-botox.com\/produkt\/augencreme-999-happy-eyes-35ml\/#breadcrumb"},"inLanguage":"en-GB","potentialAction":[{"@type":"ReadAction","target":["https:\/\/chi-statt-botox.com\/produkt\/augencreme-999-happy-eyes-35ml\/"]}]},{"@type":"ImageObject","inLanguage":"en-GB","@id":"https:\/\/chi-statt-botox.com\/produkt\/augencreme-999-happy-eyes-35ml\/#primaryimage","url":"https:\/\/chi-statt-botox.com\/wp-content\/uploads\/web_999-happy-eyes.jpg","contentUrl":"https:\/\/chi-statt-botox.com\/wp-content\/uploads\/web_999-happy-eyes.jpg","width":1920,"height":1920},{"@type":"BreadcrumbList","@id":"https:\/\/chi-statt-botox.com\/produkt\/augencreme-999-happy-eyes-35ml\/#breadcrumb","itemListElement":[{"@type":"ListItem","position":1,"name":"Startseite","item":"https:\/\/chi-statt-botox.com\/"},{"@type":"ListItem","position":2,"name":"Produkte","item":"https:\/\/chi-statt-botox.com\/shop\/"},{"@type":"ListItem","position":3,"name":"Augencreme &#8222;999 Happy Eyes&#8220;, 35ml"}]},{"@type":"WebSite","@id":"https:\/\/chi-statt-botox.com\/#website","url":"https:\/\/chi-statt-botox.com\/","name":"Chi instead of Botox","description":"Magic away wrinkles, tighten skin","potentialAction":[{"@type":"SearchAction","target":{"@type":"EntryPoint","urlTemplate":"https:\/\/chi-statt-botox.com\/?s={search_term_string}"},"query-input":{"@type":"PropertyValueSpecification","valueRequired":true,"valueName":"search_term_string"}}],"inLanguage":"en-GB"}]}},"_links":{"self":[{"href":"https:\/\/chi-statt-botox.com\/en\/wp-json\/wp\/v2\/product\/7758","targetHints":{"allow":["GET"]}}],"collection":[{"href":"https:\/\/chi-statt-botox.com\/en\/wp-json\/wp\/v2\/product"}],"about":[{"href":"https:\/\/chi-statt-botox.com\/en\/wp-json\/wp\/v2\/types\/product"}],"wp:featuredmedia":[{"embeddable":true,"href":"https:\/\/chi-statt-botox.com\/en\/wp-json\/wp\/v2\/media\/29629"}],"wp:attachment":[{"href":"https:\/\/chi-statt-botox.com\/en\/wp-json\/wp\/v2\/media?parent=7758"}],"wp:term":[{"taxonomy":"product_brand","embeddable":true,"href":"https:\/\/chi-statt-botox.com\/en\/wp-json\/wp\/v2\/product_brand?post=7758"},{"taxonomy":"product_cat","embeddable":true,"href":"https:\/\/chi-statt-botox.com\/en\/wp-json\/wp\/v2\/product_cat?post=7758"},{"taxonomy":"product_tag","embeddable":true,"href":"https:\/\/chi-statt-botox.com\/en\/wp-json\/wp\/v2\/product_tag?post=7758"}],"curies":[{"name":"wp","href":"https:\/\/api.w.org\/{rel}","templated":true}]}}