{"id":7761,"date":"2021-02-25T13:30:32","date_gmt":"2021-02-25T12:30:32","guid":{"rendered":"https:\/\/chi-statt-botox.com\/?post_type=product&#038;p=7761"},"modified":"2026-04-07T08:06:38","modified_gmt":"2026-04-07T06:06:38","slug":"kopfhaut-energetikum-999-cosmic-crown-100ml","status":"publish","type":"product","link":"https:\/\/chi-statt-botox.com\/en\/product\/kopfhaut-energetikum-999-cosmic-crown-100ml\/","title":{"rendered":"Scalp energiser \"999 Cosmic Crown\", 100ml"},"content":{"rendered":"<p>For a well-groomed scalp: Hair ground energetic with 999 fine gold, frankincense and myrrh stimulates the gall bladder meridian according to ancient tradition, which vitalises the whole body from head to toe and strengthens the kidney essence. Also used for hair loss, itchy\/bleeding scalp.<br \/>\nAccording to TCM, hair loss results from an emptiness of the kidney essence and hyperacidity of the scalp. In most cases, a deficiency of kidney yin and chi occurs during and after the menopause, which can lead to hair loss. 999 Cosmic Crown makes it possible to keep the channels open, stimulate the energy flow and eliminate the stagnation. 999 fine gold is used to rebalance the energetic imbalance and the resulting energy congestion in the meridians - in this case in the gallbladder meridian.<br \/>\nMassage into the scalp - after shampooing, but also into dry hair in between.<\/p>\n<p><strong>Recommended video for the product<\/strong> (just click on it):<br \/>\n<a href=\"https:\/\/www.youtube.com\/watch?v=Qml6ej5NtNg&amp;t=403s\" target=\"_blank\" rel=\"noopener\"><strong>\"Thick, BOLD hair at any age: 4 great tips\"<\/strong><\/a><\/p>\n<p>Ingredients: Damask rose water (Rosa Damascena), organic hyaluronic acid (ultimate moisturising factor), ginseng root extract (Panax Ginseng), liquorice root extract (Glycyrrhiza Glabra ), jojoba seed oil (Simmondsia Chinensis), natural vitamin E (tocopherol), myrrh oil (Commiphora Myrrha), frankincense oil (Boswellia Carteri), purest 999 fine gold. Vitamin E (tocopherol), myrrh oil (Commiphora Myrrha), frankincense oil (Boswellia Carteri), purest 999 fine gold.<\/p>\n<p>Components of the added high-quality essential oils to be declared from the threshold of 0.001% (depending on the harvest): Linalool, limonene, citronellol, eugenol, benzyl benzoate, citral<\/p>\n<p>YOGANO GesmbH \/ P.O. Box 99 \/ 1230 Vienna \/ Austria \/ office@yogana.at<\/p>","protected":false},"excerpt":{"rendered":"<p>For a well-groomed scalp: Hair ground energetic with 999 fine gold, frankincense and myrrh stimulates the gall bladder meridian according to ancient tradition, which vitalises the whole body from head to toe and strengthens the kidney essence. Also used for hair loss, itchy\/bleeding scalp.<\/p>","protected":false},"featured_media":29632,"template":"","meta":{"_acf_changed":false,"_et_pb_use_builder":"","_et_pb_old_content":"","_et_gb_content_width":""},"product_brand":[],"product_cat":[172],"product_tag":[],"class_list":{"0":"post-7761","1":"product","2":"type-product","3":"status-publish","4":"has-post-thumbnail","6":"product_cat-kosmetik","8":"first","9":"instock","10":"taxable","11":"shipping-taxable","12":"purchasable","13":"product-type-simple"},"acf":[],"yoast_head":"<!-- This site is optimized with the Yoast SEO plugin v26.4 - https:\/\/yoast.com\/wordpress\/plugins\/seo\/ -->\n<title>Kopfhaut-Energetikum &quot;999 Cosmic Crown&quot;, 100ml - Chi statt Botox<\/title>\n<meta name=\"robots\" content=\"index, follow, max-snippet:-1, max-image-preview:large, max-video-preview:-1\" \/>\n<link rel=\"canonical\" href=\"https:\/\/chi-statt-botox.com\/en\/product\/kopfhaut-energetikum-999-cosmic-crown-100ml\/\" \/>\n<meta property=\"og:locale\" content=\"en_GB\" \/>\n<meta property=\"og:type\" content=\"article\" \/>\n<meta property=\"og:title\" content=\"Kopfhaut-Energetikum &quot;999 Cosmic Crown&quot;, 100ml - Chi statt Botox\" \/>\n<meta property=\"og:description\" content=\"F\u00fcr eine gepflegte Kopfhaut: Haarboden-Energetikum mit 999 Feingold, Weihrauch und Myrrhe stimuliert nach alter Tradition den Gallenblasenmeridian, der den ganzen K\u00f6rper von Kopf bis Fu\u00df vitalisiert und st\u00e4rkt die Nierenessenz. Anwendung auch bei Haarausfall, juckender\/blutender Kopfhaut.\" \/>\n<meta property=\"og:url\" content=\"https:\/\/chi-statt-botox.com\/en\/product\/kopfhaut-energetikum-999-cosmic-crown-100ml\/\" \/>\n<meta property=\"og:site_name\" content=\"Chi statt Botox\" \/>\n<meta property=\"article:modified_time\" content=\"2026-04-07T06:06:38+00:00\" \/>\n<meta property=\"og:image\" content=\"https:\/\/chi-statt-botox.com\/wp-content\/uploads\/web_999-cosmic-crown.jpg\" \/>\n\t<meta property=\"og:image:width\" content=\"1920\" \/>\n\t<meta property=\"og:image:height\" content=\"1920\" \/>\n\t<meta property=\"og:image:type\" content=\"image\/jpeg\" \/>\n<meta name=\"twitter:card\" content=\"summary_large_image\" \/>\n<meta name=\"twitter:label1\" content=\"Estimated reading time\" \/>\n\t<meta name=\"twitter:data1\" content=\"2 minutes\" \/>\n<script type=\"application\/ld+json\" class=\"yoast-schema-graph\">{\"@context\":\"https:\/\/schema.org\",\"@graph\":[{\"@type\":\"WebPage\",\"@id\":\"https:\/\/chi-statt-botox.com\/produkt\/kopfhaut-energetikum-999-cosmic-crown-100ml\/\",\"url\":\"https:\/\/chi-statt-botox.com\/produkt\/kopfhaut-energetikum-999-cosmic-crown-100ml\/\",\"name\":\"Kopfhaut-Energetikum \\\"999 Cosmic Crown\\\", 100ml - Chi statt Botox\",\"isPartOf\":{\"@id\":\"https:\/\/chi-statt-botox.com\/#website\"},\"primaryImageOfPage\":{\"@id\":\"https:\/\/chi-statt-botox.com\/produkt\/kopfhaut-energetikum-999-cosmic-crown-100ml\/#primaryimage\"},\"image\":{\"@id\":\"https:\/\/chi-statt-botox.com\/produkt\/kopfhaut-energetikum-999-cosmic-crown-100ml\/#primaryimage\"},\"thumbnailUrl\":\"https:\/\/chi-statt-botox.com\/wp-content\/uploads\/web_999-cosmic-crown.jpg\",\"datePublished\":\"2021-02-25T12:30:32+00:00\",\"dateModified\":\"2026-04-07T06:06:38+00:00\",\"breadcrumb\":{\"@id\":\"https:\/\/chi-statt-botox.com\/produkt\/kopfhaut-energetikum-999-cosmic-crown-100ml\/#breadcrumb\"},\"inLanguage\":\"en-GB\",\"potentialAction\":[{\"@type\":\"ReadAction\",\"target\":[\"https:\/\/chi-statt-botox.com\/produkt\/kopfhaut-energetikum-999-cosmic-crown-100ml\/\"]}]},{\"@type\":\"ImageObject\",\"inLanguage\":\"en-GB\",\"@id\":\"https:\/\/chi-statt-botox.com\/produkt\/kopfhaut-energetikum-999-cosmic-crown-100ml\/#primaryimage\",\"url\":\"https:\/\/chi-statt-botox.com\/wp-content\/uploads\/web_999-cosmic-crown.jpg\",\"contentUrl\":\"https:\/\/chi-statt-botox.com\/wp-content\/uploads\/web_999-cosmic-crown.jpg\",\"width\":1920,\"height\":1920},{\"@type\":\"BreadcrumbList\",\"@id\":\"https:\/\/chi-statt-botox.com\/produkt\/kopfhaut-energetikum-999-cosmic-crown-100ml\/#breadcrumb\",\"itemListElement\":[{\"@type\":\"ListItem\",\"position\":1,\"name\":\"Startseite\",\"item\":\"https:\/\/chi-statt-botox.com\/\"},{\"@type\":\"ListItem\",\"position\":2,\"name\":\"Produkte\",\"item\":\"https:\/\/chi-statt-botox.com\/shop\/\"},{\"@type\":\"ListItem\",\"position\":3,\"name\":\"Kopfhaut-Energetikum &#8222;999 Cosmic Crown&#8220;, 100ml\"}]},{\"@type\":\"WebSite\",\"@id\":\"https:\/\/chi-statt-botox.com\/#website\",\"url\":\"https:\/\/chi-statt-botox.com\/\",\"name\":\"Chi statt Botox\",\"description\":\"Falten wegzaubern, Haut straffen\",\"potentialAction\":[{\"@type\":\"SearchAction\",\"target\":{\"@type\":\"EntryPoint\",\"urlTemplate\":\"https:\/\/chi-statt-botox.com\/?s={search_term_string}\"},\"query-input\":{\"@type\":\"PropertyValueSpecification\",\"valueRequired\":true,\"valueName\":\"search_term_string\"}}],\"inLanguage\":\"en-GB\"}]}<\/script>\n<!-- \/ Yoast SEO plugin. -->","yoast_head_json":{"title":"Scalp energiser \"999 Cosmic Crown\", 100ml - Chi instead of Botox","robots":{"index":"index","follow":"follow","max-snippet":"max-snippet:-1","max-image-preview":"max-image-preview:large","max-video-preview":"max-video-preview:-1"},"canonical":"https:\/\/chi-statt-botox.com\/en\/product\/kopfhaut-energetikum-999-cosmic-crown-100ml\/","og_locale":"en_GB","og_type":"article","og_title":"Kopfhaut-Energetikum \"999 Cosmic Crown\", 100ml - Chi statt Botox","og_description":"F\u00fcr eine gepflegte Kopfhaut: Haarboden-Energetikum mit 999 Feingold, Weihrauch und Myrrhe stimuliert nach alter Tradition den Gallenblasenmeridian, der den ganzen K\u00f6rper von Kopf bis Fu\u00df vitalisiert und st\u00e4rkt die Nierenessenz. Anwendung auch bei Haarausfall, juckender\/blutender Kopfhaut.","og_url":"https:\/\/chi-statt-botox.com\/en\/product\/kopfhaut-energetikum-999-cosmic-crown-100ml\/","og_site_name":"Chi statt Botox","article_modified_time":"2026-04-07T06:06:38+00:00","og_image":[{"width":1920,"height":1920,"url":"https:\/\/chi-statt-botox.com\/wp-content\/uploads\/web_999-cosmic-crown.jpg","type":"image\/jpeg"}],"twitter_card":"summary_large_image","twitter_misc":{"Estimated reading time":"2 minutes"},"schema":{"@context":"https:\/\/schema.org","@graph":[{"@type":"WebPage","@id":"https:\/\/chi-statt-botox.com\/produkt\/kopfhaut-energetikum-999-cosmic-crown-100ml\/","url":"https:\/\/chi-statt-botox.com\/produkt\/kopfhaut-energetikum-999-cosmic-crown-100ml\/","name":"Scalp energiser \"999 Cosmic Crown\", 100ml - Chi instead of Botox","isPartOf":{"@id":"https:\/\/chi-statt-botox.com\/#website"},"primaryImageOfPage":{"@id":"https:\/\/chi-statt-botox.com\/produkt\/kopfhaut-energetikum-999-cosmic-crown-100ml\/#primaryimage"},"image":{"@id":"https:\/\/chi-statt-botox.com\/produkt\/kopfhaut-energetikum-999-cosmic-crown-100ml\/#primaryimage"},"thumbnailUrl":"https:\/\/chi-statt-botox.com\/wp-content\/uploads\/web_999-cosmic-crown.jpg","datePublished":"2021-02-25T12:30:32+00:00","dateModified":"2026-04-07T06:06:38+00:00","breadcrumb":{"@id":"https:\/\/chi-statt-botox.com\/produkt\/kopfhaut-energetikum-999-cosmic-crown-100ml\/#breadcrumb"},"inLanguage":"en-GB","potentialAction":[{"@type":"ReadAction","target":["https:\/\/chi-statt-botox.com\/produkt\/kopfhaut-energetikum-999-cosmic-crown-100ml\/"]}]},{"@type":"ImageObject","inLanguage":"en-GB","@id":"https:\/\/chi-statt-botox.com\/produkt\/kopfhaut-energetikum-999-cosmic-crown-100ml\/#primaryimage","url":"https:\/\/chi-statt-botox.com\/wp-content\/uploads\/web_999-cosmic-crown.jpg","contentUrl":"https:\/\/chi-statt-botox.com\/wp-content\/uploads\/web_999-cosmic-crown.jpg","width":1920,"height":1920},{"@type":"BreadcrumbList","@id":"https:\/\/chi-statt-botox.com\/produkt\/kopfhaut-energetikum-999-cosmic-crown-100ml\/#breadcrumb","itemListElement":[{"@type":"ListItem","position":1,"name":"Startseite","item":"https:\/\/chi-statt-botox.com\/"},{"@type":"ListItem","position":2,"name":"Produkte","item":"https:\/\/chi-statt-botox.com\/shop\/"},{"@type":"ListItem","position":3,"name":"Kopfhaut-Energetikum &#8222;999 Cosmic Crown&#8220;, 100ml"}]},{"@type":"WebSite","@id":"https:\/\/chi-statt-botox.com\/#website","url":"https:\/\/chi-statt-botox.com\/","name":"Chi instead of Botox","description":"Magic away wrinkles, tighten skin","potentialAction":[{"@type":"SearchAction","target":{"@type":"EntryPoint","urlTemplate":"https:\/\/chi-statt-botox.com\/?s={search_term_string}"},"query-input":{"@type":"PropertyValueSpecification","valueRequired":true,"valueName":"search_term_string"}}],"inLanguage":"en-GB"}]}},"_links":{"self":[{"href":"https:\/\/chi-statt-botox.com\/en\/wp-json\/wp\/v2\/product\/7761","targetHints":{"allow":["GET"]}}],"collection":[{"href":"https:\/\/chi-statt-botox.com\/en\/wp-json\/wp\/v2\/product"}],"about":[{"href":"https:\/\/chi-statt-botox.com\/en\/wp-json\/wp\/v2\/types\/product"}],"wp:featuredmedia":[{"embeddable":true,"href":"https:\/\/chi-statt-botox.com\/en\/wp-json\/wp\/v2\/media\/29632"}],"wp:attachment":[{"href":"https:\/\/chi-statt-botox.com\/en\/wp-json\/wp\/v2\/media?parent=7761"}],"wp:term":[{"taxonomy":"product_brand","embeddable":true,"href":"https:\/\/chi-statt-botox.com\/en\/wp-json\/wp\/v2\/product_brand?post=7761"},{"taxonomy":"product_cat","embeddable":true,"href":"https:\/\/chi-statt-botox.com\/en\/wp-json\/wp\/v2\/product_cat?post=7761"},{"taxonomy":"product_tag","embeddable":true,"href":"https:\/\/chi-statt-botox.com\/en\/wp-json\/wp\/v2\/product_tag?post=7761"}],"curies":[{"name":"wp","href":"https:\/\/api.w.org\/{rel}","templated":true}]}}