{"id":7762,"date":"2021-02-25T13:36:57","date_gmt":"2021-02-25T12:36:57","guid":{"rendered":"https:\/\/chi-statt-botox.com\/?post_type=product&#038;p=7762"},"modified":"2026-04-04T23:13:40","modified_gmt":"2026-04-04T21:13:40","slug":"skin-genie-999-balsam-mit-feingold-35ml","status":"publish","type":"product","link":"https:\/\/chi-statt-botox.com\/en\/product\/skin-genie-999-balsam-mit-feingold-35ml\/","title":{"rendered":"Skin Genie - 999 balm with fine gold, 35ml"},"content":{"rendered":"<p>This healing balm activates the self-healing powers for inflammation, pain, skin problems &amp; injuries. It can be used in a variety of ways: for headaches\/migraines, acne, rosacea, couperose, joint and muscle pain, injuries (bruises, contusions, sprains, haematomas, etc.), inflammation, (open) wounds, burns, eczema and skin irritations, itching, dog bites, insect bites, energy blockages and energy weaknesses. When applied to the kidney area, the balm strengthens the vital energy of the kidneys. When massaged into the outer edges of the ear, Skin Genie strengthens the life energy as a whole.<\/p>\n<p>Ingredients: Damask rose water (Rosa Damascena), organic hyaluronic acid (ultimate moisturising factor), liquorice root extract, sweet almond oil (Prunus Amygdalus Dulcis), jojoba seed oil (Simmondsia Chinensis), natural vitamin E, myrrh oil (Commiphora Myrrha), frankincense oil (Boswellia Carteri), purest 999 fine gold<\/p>\n<p>Components of the added high-quality essential oils to be declared from the threshold of 0.001% (depending on the harvest): Linalool, Cinnamal, Limonene, Citronellol, Geraniol, Geranial, Eugenol, Benzyl Benzoate, Citral<\/p>\n<p>YOGANO GesmbH \/ P.O. Box 99 \/ 1230 Vienna \/ Austria \/ office@yogana.at<\/p>","protected":false},"excerpt":{"rendered":"<p>This healing balm activates the self-healing powers for inflammation, pain, skin problems &amp; injuries. It can be used in a variety of ways: for headaches\/migraines, acne, rosacea, couperose, joint and muscle pain, injuries (bruises, contusions, sprains, haematomas, etc.), inflammation, (open) wounds, burns, eczema and skin irritations, itching, dog bites, insect bites, energy blockages and energy weaknesses.<\/p>","protected":false},"featured_media":29631,"template":"","meta":{"_acf_changed":false,"_et_pb_use_builder":"","_et_pb_old_content":"","_et_gb_content_width":""},"product_brand":[],"product_cat":[172],"product_tag":[],"class_list":{"0":"post-7762","1":"product","2":"type-product","3":"status-publish","4":"has-post-thumbnail","6":"product_cat-kosmetik","8":"first","9":"instock","10":"taxable","11":"shipping-taxable","12":"purchasable","13":"product-type-simple"},"acf":[],"yoast_head":"<!-- This site is optimized with the Yoast SEO plugin v26.4 - https:\/\/yoast.com\/wordpress\/plugins\/seo\/ -->\n<title>Skin Genie - 999 Balsam mit Feingold, 35ml - Chi statt Botox<\/title>\n<meta name=\"robots\" content=\"index, follow, max-snippet:-1, max-image-preview:large, max-video-preview:-1\" \/>\n<link rel=\"canonical\" href=\"https:\/\/chi-statt-botox.com\/en\/product\/skin-genie-999-balsam-mit-feingold-35ml\/\" \/>\n<meta property=\"og:locale\" content=\"en_GB\" \/>\n<meta property=\"og:type\" content=\"article\" \/>\n<meta property=\"og:title\" content=\"Skin Genie - 999 Balsam mit Feingold, 35ml - Chi statt Botox\" \/>\n<meta property=\"og:description\" content=\"Dieser Heilbalsam aktiviert die Selbstheilungskr\u00e4fte bei Entz\u00fcndungen, Schmerzen, Hautprobleme &amp; Verletzungen. Es gibt vielf\u00e4ltige Einsatzm\u00f6glichkeiten: bei Kopfschmerzen\/Migr\u00e4ne, Akne, Rosacea, Couperose, Gelenks- und Muskelschmerzen, Verletzungen (Prellungen, Quetschungen, Verstauchungen, Bluterg\u00fcsse etc.) Entz\u00fcndungen, (offenen) Wunden, Brandwunden, Ekzemen und Hautirritationen, Juckreiz, Hundebissen, Insektenstichen bis hin zu Energieblockaden und Energieschw\u00e4chen.\" \/>\n<meta property=\"og:url\" content=\"https:\/\/chi-statt-botox.com\/en\/product\/skin-genie-999-balsam-mit-feingold-35ml\/\" \/>\n<meta property=\"og:site_name\" content=\"Chi statt Botox\" \/>\n<meta property=\"article:modified_time\" content=\"2026-04-04T21:13:40+00:00\" \/>\n<meta property=\"og:image\" content=\"https:\/\/chi-statt-botox.com\/wp-content\/uploads\/web_999-skin-genie.jpg\" \/>\n\t<meta property=\"og:image:width\" content=\"1920\" \/>\n\t<meta property=\"og:image:height\" content=\"1920\" \/>\n\t<meta property=\"og:image:type\" content=\"image\/jpeg\" \/>\n<meta name=\"twitter:card\" content=\"summary_large_image\" \/>\n<meta name=\"twitter:label1\" content=\"Estimated reading time\" \/>\n\t<meta name=\"twitter:data1\" content=\"1 minute\" \/>\n<script type=\"application\/ld+json\" class=\"yoast-schema-graph\">{\"@context\":\"https:\/\/schema.org\",\"@graph\":[{\"@type\":\"WebPage\",\"@id\":\"https:\/\/chi-statt-botox.com\/produkt\/skin-genie-999-balsam-mit-feingold-35ml\/\",\"url\":\"https:\/\/chi-statt-botox.com\/produkt\/skin-genie-999-balsam-mit-feingold-35ml\/\",\"name\":\"Skin Genie - 999 Balsam mit Feingold, 35ml - Chi statt Botox\",\"isPartOf\":{\"@id\":\"https:\/\/chi-statt-botox.com\/#website\"},\"primaryImageOfPage\":{\"@id\":\"https:\/\/chi-statt-botox.com\/produkt\/skin-genie-999-balsam-mit-feingold-35ml\/#primaryimage\"},\"image\":{\"@id\":\"https:\/\/chi-statt-botox.com\/produkt\/skin-genie-999-balsam-mit-feingold-35ml\/#primaryimage\"},\"thumbnailUrl\":\"https:\/\/chi-statt-botox.com\/wp-content\/uploads\/web_999-skin-genie.jpg\",\"datePublished\":\"2021-02-25T12:36:57+00:00\",\"dateModified\":\"2026-04-04T21:13:40+00:00\",\"breadcrumb\":{\"@id\":\"https:\/\/chi-statt-botox.com\/produkt\/skin-genie-999-balsam-mit-feingold-35ml\/#breadcrumb\"},\"inLanguage\":\"en-GB\",\"potentialAction\":[{\"@type\":\"ReadAction\",\"target\":[\"https:\/\/chi-statt-botox.com\/produkt\/skin-genie-999-balsam-mit-feingold-35ml\/\"]}]},{\"@type\":\"ImageObject\",\"inLanguage\":\"en-GB\",\"@id\":\"https:\/\/chi-statt-botox.com\/produkt\/skin-genie-999-balsam-mit-feingold-35ml\/#primaryimage\",\"url\":\"https:\/\/chi-statt-botox.com\/wp-content\/uploads\/web_999-skin-genie.jpg\",\"contentUrl\":\"https:\/\/chi-statt-botox.com\/wp-content\/uploads\/web_999-skin-genie.jpg\",\"width\":1920,\"height\":1920},{\"@type\":\"BreadcrumbList\",\"@id\":\"https:\/\/chi-statt-botox.com\/produkt\/skin-genie-999-balsam-mit-feingold-35ml\/#breadcrumb\",\"itemListElement\":[{\"@type\":\"ListItem\",\"position\":1,\"name\":\"Startseite\",\"item\":\"https:\/\/chi-statt-botox.com\/\"},{\"@type\":\"ListItem\",\"position\":2,\"name\":\"Produkte\",\"item\":\"https:\/\/chi-statt-botox.com\/shop\/\"},{\"@type\":\"ListItem\",\"position\":3,\"name\":\"Skin Genie &#8211; 999 Balsam mit Feingold, 35ml\"}]},{\"@type\":\"WebSite\",\"@id\":\"https:\/\/chi-statt-botox.com\/#website\",\"url\":\"https:\/\/chi-statt-botox.com\/\",\"name\":\"Chi statt Botox\",\"description\":\"Falten wegzaubern, Haut straffen\",\"potentialAction\":[{\"@type\":\"SearchAction\",\"target\":{\"@type\":\"EntryPoint\",\"urlTemplate\":\"https:\/\/chi-statt-botox.com\/?s={search_term_string}\"},\"query-input\":{\"@type\":\"PropertyValueSpecification\",\"valueRequired\":true,\"valueName\":\"search_term_string\"}}],\"inLanguage\":\"en-GB\"}]}<\/script>\n<!-- \/ Yoast SEO plugin. -->","yoast_head_json":{"title":"Skin Genie - 999 balm with fine gold, 35ml - Chi instead of Botox","robots":{"index":"index","follow":"follow","max-snippet":"max-snippet:-1","max-image-preview":"max-image-preview:large","max-video-preview":"max-video-preview:-1"},"canonical":"https:\/\/chi-statt-botox.com\/en\/product\/skin-genie-999-balsam-mit-feingold-35ml\/","og_locale":"en_GB","og_type":"article","og_title":"Skin Genie - 999 Balsam mit Feingold, 35ml - Chi statt Botox","og_description":"Dieser Heilbalsam aktiviert die Selbstheilungskr\u00e4fte bei Entz\u00fcndungen, Schmerzen, Hautprobleme &amp; Verletzungen. Es gibt vielf\u00e4ltige Einsatzm\u00f6glichkeiten: bei Kopfschmerzen\/Migr\u00e4ne, Akne, Rosacea, Couperose, Gelenks- und Muskelschmerzen, Verletzungen (Prellungen, Quetschungen, Verstauchungen, Bluterg\u00fcsse etc.) Entz\u00fcndungen, (offenen) Wunden, Brandwunden, Ekzemen und Hautirritationen, Juckreiz, Hundebissen, Insektenstichen bis hin zu Energieblockaden und Energieschw\u00e4chen.","og_url":"https:\/\/chi-statt-botox.com\/en\/product\/skin-genie-999-balsam-mit-feingold-35ml\/","og_site_name":"Chi statt Botox","article_modified_time":"2026-04-04T21:13:40+00:00","og_image":[{"width":1920,"height":1920,"url":"https:\/\/chi-statt-botox.com\/wp-content\/uploads\/web_999-skin-genie.jpg","type":"image\/jpeg"}],"twitter_card":"summary_large_image","twitter_misc":{"Estimated reading time":"1 minute"},"schema":{"@context":"https:\/\/schema.org","@graph":[{"@type":"WebPage","@id":"https:\/\/chi-statt-botox.com\/produkt\/skin-genie-999-balsam-mit-feingold-35ml\/","url":"https:\/\/chi-statt-botox.com\/produkt\/skin-genie-999-balsam-mit-feingold-35ml\/","name":"Skin Genie - 999 balm with fine gold, 35ml - Chi instead of Botox","isPartOf":{"@id":"https:\/\/chi-statt-botox.com\/#website"},"primaryImageOfPage":{"@id":"https:\/\/chi-statt-botox.com\/produkt\/skin-genie-999-balsam-mit-feingold-35ml\/#primaryimage"},"image":{"@id":"https:\/\/chi-statt-botox.com\/produkt\/skin-genie-999-balsam-mit-feingold-35ml\/#primaryimage"},"thumbnailUrl":"https:\/\/chi-statt-botox.com\/wp-content\/uploads\/web_999-skin-genie.jpg","datePublished":"2021-02-25T12:36:57+00:00","dateModified":"2026-04-04T21:13:40+00:00","breadcrumb":{"@id":"https:\/\/chi-statt-botox.com\/produkt\/skin-genie-999-balsam-mit-feingold-35ml\/#breadcrumb"},"inLanguage":"en-GB","potentialAction":[{"@type":"ReadAction","target":["https:\/\/chi-statt-botox.com\/produkt\/skin-genie-999-balsam-mit-feingold-35ml\/"]}]},{"@type":"ImageObject","inLanguage":"en-GB","@id":"https:\/\/chi-statt-botox.com\/produkt\/skin-genie-999-balsam-mit-feingold-35ml\/#primaryimage","url":"https:\/\/chi-statt-botox.com\/wp-content\/uploads\/web_999-skin-genie.jpg","contentUrl":"https:\/\/chi-statt-botox.com\/wp-content\/uploads\/web_999-skin-genie.jpg","width":1920,"height":1920},{"@type":"BreadcrumbList","@id":"https:\/\/chi-statt-botox.com\/produkt\/skin-genie-999-balsam-mit-feingold-35ml\/#breadcrumb","itemListElement":[{"@type":"ListItem","position":1,"name":"Startseite","item":"https:\/\/chi-statt-botox.com\/"},{"@type":"ListItem","position":2,"name":"Produkte","item":"https:\/\/chi-statt-botox.com\/shop\/"},{"@type":"ListItem","position":3,"name":"Skin Genie &#8211; 999 Balsam mit Feingold, 35ml"}]},{"@type":"WebSite","@id":"https:\/\/chi-statt-botox.com\/#website","url":"https:\/\/chi-statt-botox.com\/","name":"Chi instead of Botox","description":"Magic away wrinkles, tighten skin","potentialAction":[{"@type":"SearchAction","target":{"@type":"EntryPoint","urlTemplate":"https:\/\/chi-statt-botox.com\/?s={search_term_string}"},"query-input":{"@type":"PropertyValueSpecification","valueRequired":true,"valueName":"search_term_string"}}],"inLanguage":"en-GB"}]}},"_links":{"self":[{"href":"https:\/\/chi-statt-botox.com\/en\/wp-json\/wp\/v2\/product\/7762","targetHints":{"allow":["GET"]}}],"collection":[{"href":"https:\/\/chi-statt-botox.com\/en\/wp-json\/wp\/v2\/product"}],"about":[{"href":"https:\/\/chi-statt-botox.com\/en\/wp-json\/wp\/v2\/types\/product"}],"wp:featuredmedia":[{"embeddable":true,"href":"https:\/\/chi-statt-botox.com\/en\/wp-json\/wp\/v2\/media\/29631"}],"wp:attachment":[{"href":"https:\/\/chi-statt-botox.com\/en\/wp-json\/wp\/v2\/media?parent=7762"}],"wp:term":[{"taxonomy":"product_brand","embeddable":true,"href":"https:\/\/chi-statt-botox.com\/en\/wp-json\/wp\/v2\/product_brand?post=7762"},{"taxonomy":"product_cat","embeddable":true,"href":"https:\/\/chi-statt-botox.com\/en\/wp-json\/wp\/v2\/product_cat?post=7762"},{"taxonomy":"product_tag","embeddable":true,"href":"https:\/\/chi-statt-botox.com\/en\/wp-json\/wp\/v2\/product_tag?post=7762"}],"curies":[{"name":"wp","href":"https:\/\/api.w.org\/{rel}","templated":true}]}}