{"id":8671,"date":"2021-04-08T15:23:58","date_gmt":"2021-04-08T13:23:58","guid":{"rendered":"https:\/\/chi-statt-botox.com\/?post_type=product&#038;p=8671"},"modified":"2026-04-02T12:31:51","modified_gmt":"2026-04-02T10:31:51","slug":"lift-repair-night-treatment-aloe-vera-edelweiss-50-ml","status":"publish","type":"product","link":"https:\/\/chi-statt-botox.com\/en\/product\/lift-repair-night-treatment-aloe-vera-edelweiss-50-ml\/","title":{"rendered":"Lift &amp; Repair Night Treatment (Aloe Vera + Edelweiss), 50 ml"},"content":{"rendered":"<p>KUMARI anti-ageing night cream for intensive skin regeneration. The comprehensive active ingredient complex of the Lift &amp; Repair night cream regenerates and smoothes the skin and activates the anti-ageing process. The cream consists of 67% undiluted aloe vera fresh plant juice in combination with the anti-ageing star edelweiss. Has a smoothing, firming and tightening effect. The skin gains firmness, elasticity and suppleness overnight and is intensively regenerated.<\/p>\n<p>Apply to the face, neck and d\u00e9collet\u00e9 after cleansing the skin<\/p>\n<p>Suitable for all skin types.<\/p>\n<p>Ingredients: Aloe Barbadensis (Aloe Vera) Leaf Juice 67%*, Caprylic\/Capric Triglyceride, Glyceryl Stearate SE, Cetyl Alcohol, Candelilla \/ Jojoba \/ Rice Bran Polyglyceryl-3 Esters, Glyceryl Stearate, Cetearyl Alcohol, Sodium Stearoyl Lactylate, Isoamyl Laurate, Squalane, Glycerin, Aqua (Water), Undaria pinnatifida extract, Leontopodium Alpinum Meristem Cell Culture, Xanthan Gum, Isoamyl Cocate, Propanediol, Butyrospermum Parkii (Shea) Butter*, Levulinic acid, Sodium Levulinate, Sodium Stearoyl Glutamate, Glyceryl Caprylate, Saccharide Isomerate, Citric Acid, Sodium Citrate, Benzyl Alcohol, Parfum (Fragrance), Simmondsia Chinensis (Jojoba) Seed Oil*, Olea Europaea (Olive) Fruit Oil*, p-Anisic Acid, Benzoic Acid, Tocopherol, Beta Sitosterol, Sodium Hyaluronate.<\/p>\n<p><em>*from certified organic cultivation<\/em><\/p>\n<p>KUMARI-Produkte Vertriebs GmbH \/ Stutterheimstr. 16 \/ 1150 Vienna \/ Austria \/ office@kumari.at<\/p>\n<div class=\"desktop-only\">\n<div class=\"sharing social-links\">\n<table width=\"100%\">\n<tbody>\n<tr>\n<td><img decoding=\"async\" src=\"https:\/\/cdn.shopify.com\/s\/files\/1\/0522\/2419\/6782\/files\/cosmosorganic.png?v=1611845672\" alt=\"\" \/><\/td>\n<td><img decoding=\"async\" src=\"https:\/\/cdn.shopify.com\/s\/files\/1\/0522\/2419\/6782\/files\/vegan.png?v=1611845742\" alt=\"\" \/><\/td>\n<td><img decoding=\"async\" src=\"https:\/\/cdn.shopify.com\/s\/files\/1\/0522\/2419\/6782\/files\/crueltyfree.png?v=1611845713\" alt=\"\" \/><\/td>\n<td><img decoding=\"async\" src=\"https:\/\/cdn.shopify.com\/s\/files\/1\/0522\/2419\/6782\/files\/100freshaloevera.png?v=1611845765\" alt=\"\" \/><\/td>\n<\/tr>\n<\/tbody>\n<\/table>\n<\/div>\n<\/div>\n<p>&nbsp;<\/p>\n<p>&nbsp;<\/p>","protected":false},"excerpt":{"rendered":"<ul>\n<li>Anti-ageing night cream<\/li>\n<li>Intensive regeneration of the skin<\/li>\n<li>Made from 67% undiluted aloe vera fresh plant juice<\/li>\n<li>Smoothing, firming and tightening<\/li>\n<li>Intensively moisturising<\/li>\n<li>With the anti-ageing effect of edelweiss<\/li>\n<\/ul>","protected":false},"featured_media":8672,"template":"","meta":{"_acf_changed":false,"_et_pb_use_builder":"","_et_pb_old_content":"","_et_gb_content_width":""},"product_brand":[],"product_cat":[172],"product_tag":[],"class_list":{"0":"post-8671","1":"product","2":"type-product","3":"status-publish","4":"has-post-thumbnail","6":"product_cat-kosmetik","8":"first","9":"instock","10":"taxable","11":"shipping-taxable","12":"purchasable","13":"product-type-simple"},"acf":[],"yoast_head":"<!-- This site is optimized with the Yoast SEO plugin v26.4 - https:\/\/yoast.com\/wordpress\/plugins\/seo\/ -->\n<title>Lift &amp; Repair Night Treatment (Aloe Vera + Edelwei\u00df), 50 ml - Chi statt Botox<\/title>\n<meta name=\"robots\" content=\"index, follow, max-snippet:-1, max-image-preview:large, max-video-preview:-1\" \/>\n<link rel=\"canonical\" href=\"https:\/\/chi-statt-botox.com\/en\/product\/lift-repair-night-treatment-aloe-vera-edelweiss-50-ml\/\" \/>\n<meta property=\"og:locale\" content=\"en_GB\" \/>\n<meta property=\"og:type\" content=\"article\" \/>\n<meta property=\"og:title\" content=\"Lift &amp; Repair Night Treatment (Aloe Vera + Edelwei\u00df), 50 ml - Chi statt Botox\" \/>\n<meta property=\"og:description\" content=\"Anti-Aging Nachtcreme  Intensive Regeneration der Haut  Aus 67% unverd\u00fcnnter Aloe Vera Frischpflanzensaft  Gl\u00e4ttend, straffend und festigend  Intensiv feuchtigkeitsspendend  Mit Anti-Aging Wirkung von Edelwei\u00df\" \/>\n<meta property=\"og:url\" content=\"https:\/\/chi-statt-botox.com\/en\/product\/lift-repair-night-treatment-aloe-vera-edelweiss-50-ml\/\" \/>\n<meta property=\"og:site_name\" content=\"Chi statt Botox\" \/>\n<meta property=\"article:modified_time\" content=\"2026-04-02T10:31:51+00:00\" \/>\n<meta property=\"og:image\" content=\"https:\/\/chi-statt-botox.com\/wp-content\/uploads\/L_RNightTreatment50ml_3D_Tiegel.jpg\" \/>\n\t<meta property=\"og:image:width\" content=\"1000\" \/>\n\t<meta property=\"og:image:height\" content=\"1000\" \/>\n\t<meta property=\"og:image:type\" content=\"image\/jpeg\" \/>\n<meta name=\"twitter:card\" content=\"summary_large_image\" \/>\n<meta name=\"twitter:label1\" content=\"Estimated reading time\" \/>\n\t<meta name=\"twitter:data1\" content=\"3 minutes\" \/>\n<script type=\"application\/ld+json\" class=\"yoast-schema-graph\">{\"@context\":\"https:\/\/schema.org\",\"@graph\":[{\"@type\":\"WebPage\",\"@id\":\"https:\/\/chi-statt-botox.com\/produkt\/lift-repair-night-treatment-aloe-vera-edelweiss-50-ml\/\",\"url\":\"https:\/\/chi-statt-botox.com\/produkt\/lift-repair-night-treatment-aloe-vera-edelweiss-50-ml\/\",\"name\":\"Lift & Repair Night Treatment (Aloe Vera + Edelwei\u00df), 50 ml - Chi statt Botox\",\"isPartOf\":{\"@id\":\"https:\/\/chi-statt-botox.com\/#website\"},\"primaryImageOfPage\":{\"@id\":\"https:\/\/chi-statt-botox.com\/produkt\/lift-repair-night-treatment-aloe-vera-edelweiss-50-ml\/#primaryimage\"},\"image\":{\"@id\":\"https:\/\/chi-statt-botox.com\/produkt\/lift-repair-night-treatment-aloe-vera-edelweiss-50-ml\/#primaryimage\"},\"thumbnailUrl\":\"https:\/\/chi-statt-botox.com\/wp-content\/uploads\/L_RNightTreatment50ml_3D_Tiegel.jpg\",\"datePublished\":\"2021-04-08T13:23:58+00:00\",\"dateModified\":\"2026-04-02T10:31:51+00:00\",\"breadcrumb\":{\"@id\":\"https:\/\/chi-statt-botox.com\/produkt\/lift-repair-night-treatment-aloe-vera-edelweiss-50-ml\/#breadcrumb\"},\"inLanguage\":\"en-GB\",\"potentialAction\":[{\"@type\":\"ReadAction\",\"target\":[\"https:\/\/chi-statt-botox.com\/produkt\/lift-repair-night-treatment-aloe-vera-edelweiss-50-ml\/\"]}]},{\"@type\":\"ImageObject\",\"inLanguage\":\"en-GB\",\"@id\":\"https:\/\/chi-statt-botox.com\/produkt\/lift-repair-night-treatment-aloe-vera-edelweiss-50-ml\/#primaryimage\",\"url\":\"https:\/\/chi-statt-botox.com\/wp-content\/uploads\/L_RNightTreatment50ml_3D_Tiegel.jpg\",\"contentUrl\":\"https:\/\/chi-statt-botox.com\/wp-content\/uploads\/L_RNightTreatment50ml_3D_Tiegel.jpg\",\"width\":1000,\"height\":1000},{\"@type\":\"BreadcrumbList\",\"@id\":\"https:\/\/chi-statt-botox.com\/produkt\/lift-repair-night-treatment-aloe-vera-edelweiss-50-ml\/#breadcrumb\",\"itemListElement\":[{\"@type\":\"ListItem\",\"position\":1,\"name\":\"Startseite\",\"item\":\"https:\/\/chi-statt-botox.com\/\"},{\"@type\":\"ListItem\",\"position\":2,\"name\":\"Produkte\",\"item\":\"https:\/\/chi-statt-botox.com\/shop\/\"},{\"@type\":\"ListItem\",\"position\":3,\"name\":\"Lift &#038; Repair Night Treatment (Aloe Vera + Edelwei\u00df), 50 ml\"}]},{\"@type\":\"WebSite\",\"@id\":\"https:\/\/chi-statt-botox.com\/#website\",\"url\":\"https:\/\/chi-statt-botox.com\/\",\"name\":\"Chi statt Botox\",\"description\":\"Falten wegzaubern, Haut straffen\",\"potentialAction\":[{\"@type\":\"SearchAction\",\"target\":{\"@type\":\"EntryPoint\",\"urlTemplate\":\"https:\/\/chi-statt-botox.com\/?s={search_term_string}\"},\"query-input\":{\"@type\":\"PropertyValueSpecification\",\"valueRequired\":true,\"valueName\":\"search_term_string\"}}],\"inLanguage\":\"en-GB\"}]}<\/script>\n<!-- \/ Yoast SEO plugin. -->","yoast_head_json":{"title":"Lift &amp; Repair Night Treatment (Aloe Vera + Edelweiss), 50 ml - Chi instead of Botox","robots":{"index":"index","follow":"follow","max-snippet":"max-snippet:-1","max-image-preview":"max-image-preview:large","max-video-preview":"max-video-preview:-1"},"canonical":"https:\/\/chi-statt-botox.com\/en\/product\/lift-repair-night-treatment-aloe-vera-edelweiss-50-ml\/","og_locale":"en_GB","og_type":"article","og_title":"Lift & Repair Night Treatment (Aloe Vera + Edelwei\u00df), 50 ml - Chi statt Botox","og_description":"Anti-Aging Nachtcreme  Intensive Regeneration der Haut  Aus 67% unverd\u00fcnnter Aloe Vera Frischpflanzensaft  Gl\u00e4ttend, straffend und festigend  Intensiv feuchtigkeitsspendend  Mit Anti-Aging Wirkung von Edelwei\u00df","og_url":"https:\/\/chi-statt-botox.com\/en\/product\/lift-repair-night-treatment-aloe-vera-edelweiss-50-ml\/","og_site_name":"Chi statt Botox","article_modified_time":"2026-04-02T10:31:51+00:00","og_image":[{"width":1000,"height":1000,"url":"https:\/\/chi-statt-botox.com\/wp-content\/uploads\/L_RNightTreatment50ml_3D_Tiegel.jpg","type":"image\/jpeg"}],"twitter_card":"summary_large_image","twitter_misc":{"Estimated reading time":"3 minutes"},"schema":{"@context":"https:\/\/schema.org","@graph":[{"@type":"WebPage","@id":"https:\/\/chi-statt-botox.com\/produkt\/lift-repair-night-treatment-aloe-vera-edelweiss-50-ml\/","url":"https:\/\/chi-statt-botox.com\/produkt\/lift-repair-night-treatment-aloe-vera-edelweiss-50-ml\/","name":"Lift &amp; Repair Night Treatment (Aloe Vera + Edelweiss), 50 ml - Chi instead of Botox","isPartOf":{"@id":"https:\/\/chi-statt-botox.com\/#website"},"primaryImageOfPage":{"@id":"https:\/\/chi-statt-botox.com\/produkt\/lift-repair-night-treatment-aloe-vera-edelweiss-50-ml\/#primaryimage"},"image":{"@id":"https:\/\/chi-statt-botox.com\/produkt\/lift-repair-night-treatment-aloe-vera-edelweiss-50-ml\/#primaryimage"},"thumbnailUrl":"https:\/\/chi-statt-botox.com\/wp-content\/uploads\/L_RNightTreatment50ml_3D_Tiegel.jpg","datePublished":"2021-04-08T13:23:58+00:00","dateModified":"2026-04-02T10:31:51+00:00","breadcrumb":{"@id":"https:\/\/chi-statt-botox.com\/produkt\/lift-repair-night-treatment-aloe-vera-edelweiss-50-ml\/#breadcrumb"},"inLanguage":"en-GB","potentialAction":[{"@type":"ReadAction","target":["https:\/\/chi-statt-botox.com\/produkt\/lift-repair-night-treatment-aloe-vera-edelweiss-50-ml\/"]}]},{"@type":"ImageObject","inLanguage":"en-GB","@id":"https:\/\/chi-statt-botox.com\/produkt\/lift-repair-night-treatment-aloe-vera-edelweiss-50-ml\/#primaryimage","url":"https:\/\/chi-statt-botox.com\/wp-content\/uploads\/L_RNightTreatment50ml_3D_Tiegel.jpg","contentUrl":"https:\/\/chi-statt-botox.com\/wp-content\/uploads\/L_RNightTreatment50ml_3D_Tiegel.jpg","width":1000,"height":1000},{"@type":"BreadcrumbList","@id":"https:\/\/chi-statt-botox.com\/produkt\/lift-repair-night-treatment-aloe-vera-edelweiss-50-ml\/#breadcrumb","itemListElement":[{"@type":"ListItem","position":1,"name":"Startseite","item":"https:\/\/chi-statt-botox.com\/"},{"@type":"ListItem","position":2,"name":"Produkte","item":"https:\/\/chi-statt-botox.com\/shop\/"},{"@type":"ListItem","position":3,"name":"Lift &#038; Repair Night Treatment (Aloe Vera + Edelwei\u00df), 50 ml"}]},{"@type":"WebSite","@id":"https:\/\/chi-statt-botox.com\/#website","url":"https:\/\/chi-statt-botox.com\/","name":"Chi instead of Botox","description":"Magic away wrinkles, tighten skin","potentialAction":[{"@type":"SearchAction","target":{"@type":"EntryPoint","urlTemplate":"https:\/\/chi-statt-botox.com\/?s={search_term_string}"},"query-input":{"@type":"PropertyValueSpecification","valueRequired":true,"valueName":"search_term_string"}}],"inLanguage":"en-GB"}]}},"_links":{"self":[{"href":"https:\/\/chi-statt-botox.com\/en\/wp-json\/wp\/v2\/product\/8671","targetHints":{"allow":["GET"]}}],"collection":[{"href":"https:\/\/chi-statt-botox.com\/en\/wp-json\/wp\/v2\/product"}],"about":[{"href":"https:\/\/chi-statt-botox.com\/en\/wp-json\/wp\/v2\/types\/product"}],"wp:featuredmedia":[{"embeddable":true,"href":"https:\/\/chi-statt-botox.com\/en\/wp-json\/wp\/v2\/media\/8672"}],"wp:attachment":[{"href":"https:\/\/chi-statt-botox.com\/en\/wp-json\/wp\/v2\/media?parent=8671"}],"wp:term":[{"taxonomy":"product_brand","embeddable":true,"href":"https:\/\/chi-statt-botox.com\/en\/wp-json\/wp\/v2\/product_brand?post=8671"},{"taxonomy":"product_cat","embeddable":true,"href":"https:\/\/chi-statt-botox.com\/en\/wp-json\/wp\/v2\/product_cat?post=8671"},{"taxonomy":"product_tag","embeddable":true,"href":"https:\/\/chi-statt-botox.com\/en\/wp-json\/wp\/v2\/product_tag?post=8671"}],"curies":[{"name":"wp","href":"https:\/\/api.w.org\/{rel}","templated":true}]}}