{"id":22791,"date":"2023-03-30T10:47:02","date_gmt":"2023-03-30T08:47:02","guid":{"rendered":"https:\/\/chi-statt-botox.com\/?page_id=22791"},"modified":"2024-10-07T10:16:22","modified_gmt":"2024-10-07T08:16:22","slug":"beauty-taping","status":"publish","type":"page","link":"https:\/\/chi-statt-botox.com\/pl\/beauty-taping\/","title":{"rendered":"Beauty Taping"},"content":{"rendered":"<p>[et_pb_section fb_built=\"1\u2033 _builder_version=\"4.20.0\u2033 _module_preset=\"default\" global_colors_info=\"{}\"][et_pb_row column_structure=\"1_3,1_3,1_3\u2033 _builder_version=\"4.20.0\u2033 _module_preset=\"default\" global_colors_info=\"{}\"][et_pb_column type=\"1_3\u2033 _builder_version=\"4.20.0\u2033 _module_preset=\"default\" global_colors_info=\"{}\"][et_pb_image src=\"https:\/\/chi-statt-botox.com\/wp-content\/uploads\/Foto2a.jpg\" title_text=\"Foto2a\" _builder_version=\"4.20.2\u2033 _module_preset=\"default\" box_shadow_style=\"preset5\u2033 box_shadow_color=\"#aad9ed\" global_colors_info=\"{}\"][\/et_pb_image][\/et_pb_column][et_pb_column type=\"1_3\u2033 _builder_version=\"4.20.0\u2033 _module_preset=\"default\" global_colors_info=\"{}\"][et_pb_text _builder_version=\"4.20.0\u2033 _module_preset=\"default\" text_font_size=\"29px\" header_font=\"|800|||||||\" global_colors_info=\"{}\"]<\/p>\n<h4 style=\"text-align: center;\"><span style=\"color: #e3269c;\"><strong><span style=\"color: #01bbee;\">Pi\u0119kno<\/span> Taping<\/strong><\/span><\/h4>\n<h1 style=\"text-align: center;\"><strong>Kurs online<\/strong><\/h1>\n<p style=\"text-align: center;\"><strong>32 filmy <\/strong><\/p>\n<p style=\"text-align: center;\"><strong>34 aplikacje na twarz i szyj\u0119<\/strong><\/p>\n<p>[\/et_pb_text][\/et_pb_column][et_pb_column type=\"1_3\u2033 _builder_version=\"4.20.0\u2033 _module_preset=\"default\" global_colors_info=\"{}\"][et_pb_image src=\"https:\/\/chi-statt-botox.com\/wp-content\/uploads\/Foto3e.jpg\" title_text=\"Foto3e\" _builder_version=\"4.20.2\u2033 _module_preset=\"default\" box_shadow_style=\"preset5\u2033 box_shadow_color=\"rgba(227,38,156,0.34)\" global_colors_info=\"{}\"][\/et_pb_image][\/et_pb_column][\/et_pb_row][et_pb_row _builder_version=\"4.20.0\u2033 _module_preset=\"default\" custom_margin=\"23px||||false|false\" global_colors_info=\"{}\"][et_pb_column type=\"4_4\u2033 _builder_version=\"4.20.0\u2033 _module_preset=\"default\" global_colors_info=\"{}\"][et_pb_text _builder_version=\"4.20.2\u2033 _module_preset=\"default\" global_colors_info=\"{}\"]<\/p>\n<h1 style=\"text-align: center;\"><span style=\"color: #000000;\">Jak poprawi\u0107 zmarszczki, obwis\u0142e policzki i dlaczego taping dzia\u0142a?<\/span><\/h1>\n<p>[\/et_pb_text][\/et_pb_column][\/et_pb_row][et_pb_row column_structure=\"1_2,1_2\u2033 _builder_version=\"4.20.0\u2033 _module_preset=\"default\" global_colors_info=\"{}\"][et_pb_column type=\"1_2\u2033 _builder_version=\"4.20.0\u2033 _module_preset=\"default\" global_colors_info=\"{}\"][et_pb_text _builder_version=\"4.20.0\u2033 _module_preset=\"default\" text_line_height=\"2.2em\" custom_margin=\"10px||||false|false\" global_colors_info=\"{}\"]<\/p>\n<ul>\n<li style=\"text-align: left;\">Taping = <strong>Ci\u0105g\u0142y mikromasa\u017c<\/strong> obszary problematyczne<\/li>\n<li style=\"text-align: left;\">Nawet chronicznie spi\u0119ty <strong>Rozlu\u017anij mi\u0119\u015bnie<\/strong><\/li>\n<li style=\"text-align: left;\">The <strong>Napi\u0119cie mi\u0119\u015bniowe<\/strong> poprawia si\u0119<\/li>\n<li style=\"text-align: left;\">Mi\u0119sie\u0144 jest <strong>reedukowany<\/strong><\/li>\n<\/ul>\n<p><strong><\/strong><\/p>\n<ul>\n<li style=\"text-align: left;\">Ta\u015bmy podnosz\u0105 sk\u00f3r\u0119 i tworz\u0105 przestrze\u0144 dla <strong>Lepsze kr\u0105\u017cenie limfy i krwi<\/strong><\/li>\n<li style=\"text-align: left;\">The <strong>Tkanka \u0142\u0105czna<\/strong> jest poluzowany<\/li>\n<li style=\"text-align: left;\">Sk\u00f3ra staje si\u0119 <strong>bardziej elastyczny<\/strong><\/li>\n<\/ul>\n<p><strong><\/strong><\/p>\n<p><strong><\/strong><\/p>\n<ul>\n<li style=\"text-align: left;\">Ta\u015bma zapobiega <strong>Fasciae<\/strong> przed<\/li>\n<li style=\"text-align: left;\">Zmarszczki, kt\u00f3re w przeciwnym razie <strong>Nocleg<\/strong> s\u0105 wyg\u0142adzone<\/li>\n<\/ul>\n<p>[\/et_pb_text][et_pb_button button_url=\"https:\/\/www.digistore24.com\/product\/491858\u2033 button_text=\"ZABEZPIECZ SW\u00d3J DOST\u0118P TERAZ\" button_alignment=\"center\" _builder_version=\"4.20.2\u2033 _module_preset=\"default\" custom_button=\"on\" button_text_size=\"19px\" button_text_color=\"#FFFFFF\" button_bg_color=\"#01bbee\" button_border_radius=\"27px\" button_icon=\"$||divi||400\u2033 global_colors_info=\"{}\"][\/et_pb_button][\/et_pb_column][et_pb_column type=\"1_2\u2033 _builder_version=\"4.20.0\u2033 _module_preset=\"default\" global_colors_info=\"{}\"][et_pb_image src=\"https:\/\/chi-statt-botox.com\/wp-content\/uploads\/Zeichnung-mit.jpg\" title_text=\"Drawing with\" _builder_version=\"4.20.0\u2033 _module_preset=\"default\" width=\"81%\" max_width=\"100%\" border_radii=\"on|3px|3px|3px|3px\" border_width_all=\"1px\" border_color_all=\"#000000\u2033 box_shadow_style=\"preset1\u2033 global_colors_info=\"{}\"][\/et_pb_image][\/et_pb_column][\/et_pb_row][et_pb_row _builder_version=\"4.20.0\u2033 _module_preset=\"default\" global_colors_info=\"{}\"][et_pb_column type=\"4_4\u2033 _builder_version=\"4.20.0\u2033 _module_preset=\"default\" global_colors_info=\"{}\"][\/et_pb_column][\/et_pb_row][et_pb_row column_structure=\"1_3,2_3\u2033 _builder_version=\"4.20.0\u2033 _module_preset=\"default\" custom_margin=\"43px||||false|false\" global_colors_info=\"{}\"][et_pb_column type=\"1_3\u2033 _builder_version=\"4.20.0\u2033 _module_preset=\"default\" global_colors_info=\"{}\"][et_pb_image src=\"https:\/\/chi-statt-botox.com\/wp-content\/uploads\/AutorenfotoNeuHell.jpg\" title_text=\"AutorenfotoNeuHell\" _builder_version=\"4.20.0\u2033 _module_preset=\"default\" global_colors_info=\"{}\"][\/et_pb_image][\/et_pb_column][et_pb_column type=\"2_3\u2033 _builder_version=\"4.20.0\u2033 _module_preset=\"default\" global_colors_info=\"{}\"][et_pb_testimonial author=\"Mag. Christina Schmid\" _builder_version=\"4.20.0\u2033 _module_preset=\"default\" global_colors_info=\"{}\"]<\/p>\n<p>W wieku 48 lat mog\u0119 spojrze\u0107 wstecz na 13 lat do\u015bwiadczenia z <strong>zdrowy<\/strong> Ze wzgl\u0119du na <strong>naturalne pi\u0119kno<\/strong> z powrotem. Jako pierwszy po\u0142\u0105czy\u0142em istotny wp\u0142yw aktywnego treningu mi\u0119\u015bni twarzy z g\u0142\u0119bokim efektem dalekowschodnich masa\u017cy twarzy. Jestem entuzjastycznie nastawiony do sposobu <strong>Ta\u015bmy upi\u0119kszaj\u0105ce<\/strong> <strong>poprawi\u0107 tkank\u0119 twarzy<\/strong>. W tym kursie poprowadz\u0119 ci\u0119 krok po kroku, aby\u015b r\u00f3wnie\u017c m\u00f3g\u0142 poprawnie i skutecznie korzysta\u0107 z tych wspania\u0142ych pomocnik\u00f3w.<\/p>\n<p>[\/et_pb_testimonial][\/et_pb_column][\/et_pb_row][et_pb_row _builder_version=\"4.20.0\u2033 _module_preset=\"default\" global_colors_info=\"{}\"][et_pb_column type=\"4_4\u2033 _builder_version=\"4.20.0\u2033 _module_preset=\"default\" global_colors_info=\"{}\"][\/et_pb_column][\/et_pb_row][et_pb_row _builder_version=\"4.20.0\u2033 _module_preset=\"default\" custom_margin=\"25px||||false|false\" box_shadow_style=\"preset1\u2033 global_colors_info=\"{}\"][et_pb_column type=\"4_4\u2033 _builder_version=\"4.20.0\u2033 _module_preset=\"default\" global_colors_info=\"{}\"][et_pb_text _builder_version=\"4.20.0\u2033 _module_preset=\"default\" custom_margin=\"21px||||false|false\" global_colors_info=\"{}\"]<\/p>\n<h1 style=\"text-align: center;\"><span style=\"color: #e3269c;\"><strong>Struktura kursu:<\/strong><\/span><\/h1>\n<p style=\"text-align: center;\"><strong>1 film wprowadzaj\u0105cy\u00a0<\/strong>(bardzo wa\u017cne w przypadku ta\u015bm upi\u0119kszaj\u0105cych)<\/p>\n<p style=\"text-align: center;\"><strong>1 plik pdf<\/strong> z podsumowaniem<\/p>\n<p style=\"text-align: center;\"><strong>30 film\u00f3w z<\/strong>:<\/p>\n<p style=\"padding-left: 40px; text-align: center;\"><strong>9 Zastosowania limfatyczne<\/strong><\/p>\n<p style=\"padding-left: 40px; text-align: center;\"><strong>25 Aplikacje na mi\u0119\u015bnie<\/strong><\/p>\n<p style=\"text-align: center;\">Dla <strong>wszystkie obszary twarzy<\/strong><\/p>\n<p style=\"text-align: center;\"><strong>1 wideo z jog\u0105 twarzy\u00a0<\/strong>aby zintensyfikowa\u0107 nagrywanie<\/p>\n<p style=\"text-align: center;\">[\/et_pb_text][\/et_pb_column][\/et_pb_row][et_pb_row _builder_version=\"4.20.0\u2033 _module_preset=\"default\" global_colors_info=\"{}\"][et_pb_column type=\"4_4\u2033 _builder_version=\"4.20.0\u2033 _module_preset=\"default\" global_colors_info=\"{}\"][\/et_pb_column][\/et_pb_row][et_pb_row column_structure=\"1_2,1_2\u2033 _builder_version=\"4.20.0\u2033 _module_preset=\"default\" custom_margin=\"58px||||false|false\" box_shadow_style=\"preset3\u2033 box_shadow_color=\"#01bbee\" global_colors_info=\"{}\"][et_pb_column type=\"1_2\u2033 _builder_version=\"4.20.0\u2033 _module_preset=\"default\" global_colors_info=\"{}\"][et_pb_text _builder_version=\"4.20.2\u2033 _module_preset=\"default\" custom_padding=\"||12px|false|false\" global_colors_info=\"{}\"]<\/p>\n<h1><span style=\"color: #01bbee;\"><b>LYMPHE\u00a0<\/b><\/span><\/h1>\n<ul>\n<li><strong>Oko<\/strong> (prosta aplikacja na g\u00f3rn\u0105 i doln\u0105 powiek\u0119)<\/li>\n<li><strong>G\u00f3rna powieka<\/strong> (intensywne stosowanie)<\/li>\n<li><strong>Dolna powieka<\/strong> (intensywna aplikacja przeciw workom pod oczami)<\/li>\n<li><strong>Policzek<\/strong> (Opuchlizna przyczynia si\u0119 do rozwoju fa\u0142d\u00f3w nosowo-wargowych, obwis\u0142ych policzk\u00f3w i podw\u00f3jnego podbr\u00f3dka, dlatego: 1 zwyk\u0142a i 1 intensywna aplikacja)<\/li>\n<li><strong>Szyja<\/strong> (1 zwyk\u0142a i 1 intensywna aplikacja, kt\u00f3ra pomaga r\u00f3wnie\u017c zapobiega\u0107 skr\u00f3ceniu mi\u0119\u015bnia platysma)<\/li>\n<li><strong>Podw\u00f3jny podbr\u00f3dek<\/strong><\/li>\n<li><strong>Obojczyk<\/strong> (wa\u017cna cz\u0119\u015b\u0107 uk\u0142adu limfatycznego)<\/li>\n<\/ul>\n<p><strong>+<\/strong> jeden <strong>Sesja jogi twarzy<\/strong>za pomoc\u0105 kt\u00f3rych mo\u017cna (ale nie trzeba) zapewni\u0107 szybsze dzia\u0142anie aplikacji<\/p>\n<p>[\/et_pb_text][\/et_pb_column][et_pb_column type=\"1_2\u2033 _builder_version=\"4.20.0\u2033 _module_preset=\"default\" global_colors_info=\"{}\"][et_pb_image src=\"https:\/\/chi-statt-botox.com\/wp-content\/uploads\/Foto5-2.jpg\" title_text=\"Foto5\u2033 _builder_version=\"4.20.0\u2033 _module_preset=\"default\" global_colors_info=\"{}\"][\/et_pb_image][\/et_pb_column][\/et_pb_row][et_pb_row _builder_version=\"4.20.0\u2033 _module_preset=\"default\" global_colors_info=\"{}\"][et_pb_column type=\"4_4\u2033 _builder_version=\"4.20.0\u2033 _module_preset=\"default\" global_colors_info=\"{}\"][\/et_pb_column][\/et_pb_row][et_pb_row column_structure=\"1_2,1_2\u2033 _builder_version=\"4.20.0\u2033 _module_preset=\"default\" custom_margin=\"87px||||false|false\" custom_padding=\"||0px|false|false\" box_shadow_style=\"preset3\u2033 box_shadow_color=\"#e3269c\" global_colors_info=\"{}\"][et_pb_column type=\"1_2\u2033 _builder_version=\"4.20.0\u2033 _module_preset=\"default\" global_colors_info=\"{}\"][et_pb_image src=\"https:\/\/chi-statt-botox.com\/wp-content\/uploads\/Foto6a.jpg\" title_text=\"Foto6a\" _builder_version=\"4.20.0\u2033 _module_preset=\"default\" global_colors_info=\"{}\"][\/et_pb_image][\/et_pb_column][et_pb_column type=\"1_2\u2033 _builder_version=\"4.20.0\u2033 _module_preset=\"default\" global_colors_info=\"{}\"][et_pb_text _builder_version=\"4.20.2\u2033 _module_preset=\"default\" custom_margin=\"-9px||||false|false\" global_colors_info=\"{}\"]<\/p>\n<h1><span style=\"color: #e3269c;\"><b>MI\u0118\u015aNIE<\/b><\/span><\/h1>\n<p><strong><\/strong><\/p>\n<ul>\n<li><strong>Zmarszczki na czole<\/strong> (4 r\u00f3\u017cne zastosowania w zale\u017cno\u015bci od stopnia nasilenia problemu)<\/li>\n<li><strong>Kurze \u0142apki \/ Sen<\/strong> (4 r\u00f3\u017cne zastosowania w zale\u017cno\u015bci od po\u017c\u0105danej intensywno\u015bci)<\/li>\n<li><strong>Fa\u0142dy nosowo-wargowe<\/strong> (2 aplikacje na odpowiednie mi\u0119\u015bnie, 1 aplikacja do czystego wyg\u0142adzenia zmarszczki)<\/li>\n<li><strong>Usta<\/strong> (2 aplikacje w jednej)<\/li>\n<li><strong>Mi\u0119sie\u0144 \u017cwacz \/ mi\u0119sie\u0144 \u017cucia<\/strong> (ten du\u017cy mi\u0119sie\u0144 wp\u0142ywa na ca\u0142\u0105 twarz, uwa\u017cam, \u017ce ta intensywna aplikacja jest wa\u017cna).<\/li>\n<li><strong>Obwis\u0142e policzki<\/strong> (4 r\u00f3\u017cne aplikacje do wyboru)<\/li>\n<li><strong>Plisy marionetkowe<\/strong> (1 aplikacja na odpowiednie mi\u0119\u015bnie, 1 aplikacja na czyste wyg\u0142adzenie zmarszczki)<\/li>\n<li><strong>Podbr\u00f3dek i podw\u00f3jny podbr\u00f3dek<\/strong> (1 aplikacja na podbr\u00f3dek, 2 aplikacje na podw\u00f3jny podbr\u00f3dek)<\/li>\n<li><strong>Szyja<\/strong> (2 aplikacje)<\/li>\n<\/ul>\n<p>[\/et_pb_text][\/et_pb_column][\/et_pb_row][et_pb_row _builder_version=\"4.20.0\u2033 _module_preset=\"default\" global_colors_info=\"{}\"][et_pb_column type=\"4_4\u2033 _builder_version=\"4.20.0\u2033 _module_preset=\"default\" global_colors_info=\"{}\"][\/et_pb_column][\/et_pb_row][et_pb_row _builder_version=\"4.20.0\u2033 _module_preset=\"default\" global_colors_info=\"{}\"][et_pb_column type=\"4_4\u2033 _builder_version=\"4.20.0\u2033 _module_preset=\"default\" global_colors_info=\"{}\"][et_pb_text _builder_version=\"4.20.0\u2033 _module_preset=\"default\" text_font_size=\"29px\" header_font=\"|800|||||||\" global_colors_info=\"{}\"]<\/p>\n<h4 style=\"text-align: center;\"><span style=\"color: #e3269c;\"><strong><span style=\"color: #01bbee;\">Pi\u0119kno<\/span> Taping<\/strong><\/span><\/h4>\n<h1 style=\"text-align: center;\"><strong>Kurs online<\/strong><\/h1>\n<h1 style=\"text-align: center;\"><strong>Nieograniczony dost\u0119p przez 2 lata<\/strong><\/h1>\n<h1 style=\"text-align: center;\"><strong>Cena promocyjna 67,- Euro<\/strong><\/h1>\n<p>[\/et_pb_text][et_pb_button button_url=\"https:\/\/www.digistore24.com\/product\/491858\u2033 button_text=\"TAK, CHC\u0118 WIDEO W CENIE WST\u0118PNEJ\" button_alignment=\"center\" _builder_version=\"4.20.2\u2033 _module_preset=\"default\" custom_button=\"on\" button_text_size=\"19px\" button_text_color=\"#FFFFFF\" button_bg_color=\"#e3269c\" button_border_radius=\"27px\" button_icon=\"$||divi||400\u2033 global_colors_info=\"{}\"][\/et_pb_button][\/et_pb_column][\/et_pb_row][et_pb_row _builder_version=\"4.20.0\u2033 _module_preset=\"default\" global_colors_info=\"{}\"][et_pb_column type=\"4_4\u2033 _builder_version=\"4.20.0\u2033 _module_preset=\"default\" global_colors_info=\"{}\"][\/et_pb_column][\/et_pb_row][\/et_pb_section]<\/p>","protected":false},"excerpt":{"rendered":"<p>Beauty Taping Kurs Online 32 filmy 34 aplikacje na twarz i szyj\u0119Jak poprawi\u0107 zmarszczki, obwis\u0142e policzki i dlaczego taping dzia\u0142a Taping = ci\u0105g\u0142y mikromasa\u017c problematycznych obszar\u00f3w Nawet chronicznie napi\u0119te mi\u0119\u015bnie rozlu\u017aniaj\u0105 si\u0119 Poprawia si\u0119 napi\u0119cie mi\u0119\u015bni Mi\u0119\u015bnie s\u0105 reedukowane Ta\u015bmy podnosz\u0105 sk\u00f3r\u0119 i tworz\u0105 przestrze\u0144 dla lepszego kr\u0105\u017cenia limfy i krwi [...].<\/p>","protected":false},"author":1,"featured_media":0,"parent":0,"menu_order":0,"comment_status":"closed","ping_status":"closed","template":"","meta":{"_acf_changed":false,"_et_pb_use_builder":"on","_et_pb_old_content":"","_et_gb_content_width":"","footnotes":""},"class_list":["post-22791","page","type-page","status-publish","hentry"],"acf":[],"yoast_head":"<!-- This site is optimized with the Yoast SEO plugin v26.4 - https:\/\/yoast.com\/wordpress\/plugins\/seo\/ -->\n<title>Beauty Taping - Chi statt Botox<\/title>\n<meta name=\"robots\" content=\"index, follow, max-snippet:-1, max-image-preview:large, max-video-preview:-1\" \/>\n<link rel=\"canonical\" href=\"https:\/\/chi-statt-botox.com\/pl\/beauty-taping\/\" \/>\n<meta property=\"og:locale\" content=\"pl_PL\" \/>\n<meta property=\"og:type\" content=\"article\" \/>\n<meta property=\"og:title\" content=\"Beauty Taping - Chi statt Botox\" \/>\n<meta property=\"og:description\" content=\"Beauty Taping Online Kurs 32 Videos 34 Applikationen f\u00fcr Gesicht &amp; HalsWie Du Falten, H\u00e4ngeb\u00e4ckchen &amp; co verbesserst und warum das Taping funktioniert Taping = ununterbrochene Mikromassage problematischer Bereiche Selbst chronisch angespannte Muskeln entspannen Der Muskeltonus verbessert sich Der Muskel wird umerzogen Tapes heben die Haut an und schaffen Raum f\u00fcr bessere Lymph- und Blutzirkulation [&hellip;]\" \/>\n<meta property=\"og:url\" content=\"https:\/\/chi-statt-botox.com\/pl\/beauty-taping\/\" \/>\n<meta property=\"og:site_name\" content=\"Chi statt Botox\" \/>\n<meta property=\"article:modified_time\" content=\"2024-10-07T08:16:22+00:00\" \/>\n<meta name=\"twitter:card\" content=\"summary_large_image\" \/>\n<script type=\"application\/ld+json\" class=\"yoast-schema-graph\">{\"@context\":\"https:\/\/schema.org\",\"@graph\":[{\"@type\":\"WebPage\",\"@id\":\"https:\/\/chi-statt-botox.com\/beauty-taping\/\",\"url\":\"https:\/\/chi-statt-botox.com\/beauty-taping\/\",\"name\":\"Beauty Taping - Chi statt Botox\",\"isPartOf\":{\"@id\":\"https:\/\/chi-statt-botox.com\/#website\"},\"datePublished\":\"2023-03-30T08:47:02+00:00\",\"dateModified\":\"2024-10-07T08:16:22+00:00\",\"breadcrumb\":{\"@id\":\"https:\/\/chi-statt-botox.com\/beauty-taping\/#breadcrumb\"},\"inLanguage\":\"pl-PL\",\"potentialAction\":[{\"@type\":\"ReadAction\",\"target\":[\"https:\/\/chi-statt-botox.com\/beauty-taping\/\"]}]},{\"@type\":\"BreadcrumbList\",\"@id\":\"https:\/\/chi-statt-botox.com\/beauty-taping\/#breadcrumb\",\"itemListElement\":[{\"@type\":\"ListItem\",\"position\":1,\"name\":\"Startseite\",\"item\":\"https:\/\/chi-statt-botox.com\/\"},{\"@type\":\"ListItem\",\"position\":2,\"name\":\"Beauty Taping\"}]},{\"@type\":\"WebSite\",\"@id\":\"https:\/\/chi-statt-botox.com\/#website\",\"url\":\"https:\/\/chi-statt-botox.com\/\",\"name\":\"Chi statt Botox\",\"description\":\"Falten wegzaubern, Haut straffen\",\"potentialAction\":[{\"@type\":\"SearchAction\",\"target\":{\"@type\":\"EntryPoint\",\"urlTemplate\":\"https:\/\/chi-statt-botox.com\/?s={search_term_string}\"},\"query-input\":{\"@type\":\"PropertyValueSpecification\",\"valueRequired\":true,\"valueName\":\"search_term_string\"}}],\"inLanguage\":\"pl-PL\"}]}<\/script>\n<!-- \/ Yoast SEO plugin. -->","yoast_head_json":{"title":"Beauty Taping - Chi zamiast botoksu","robots":{"index":"index","follow":"follow","max-snippet":"max-snippet:-1","max-image-preview":"max-image-preview:large","max-video-preview":"max-video-preview:-1"},"canonical":"https:\/\/chi-statt-botox.com\/pl\/beauty-taping\/","og_locale":"pl_PL","og_type":"article","og_title":"Beauty Taping - Chi statt Botox","og_description":"Beauty Taping Online Kurs 32 Videos 34 Applikationen f\u00fcr Gesicht &amp; HalsWie Du Falten, H\u00e4ngeb\u00e4ckchen &amp; co verbesserst und warum das Taping funktioniert Taping = ununterbrochene Mikromassage problematischer Bereiche Selbst chronisch angespannte Muskeln entspannen Der Muskeltonus verbessert sich Der Muskel wird umerzogen Tapes heben die Haut an und schaffen Raum f\u00fcr bessere Lymph- und Blutzirkulation [&hellip;]","og_url":"https:\/\/chi-statt-botox.com\/pl\/beauty-taping\/","og_site_name":"Chi statt Botox","article_modified_time":"2024-10-07T08:16:22+00:00","twitter_card":"summary_large_image","schema":{"@context":"https:\/\/schema.org","@graph":[{"@type":"WebPage","@id":"https:\/\/chi-statt-botox.com\/beauty-taping\/","url":"https:\/\/chi-statt-botox.com\/beauty-taping\/","name":"Beauty Taping - Chi zamiast botoksu","isPartOf":{"@id":"https:\/\/chi-statt-botox.com\/#website"},"datePublished":"2023-03-30T08:47:02+00:00","dateModified":"2024-10-07T08:16:22+00:00","breadcrumb":{"@id":"https:\/\/chi-statt-botox.com\/beauty-taping\/#breadcrumb"},"inLanguage":"pl-PL","potentialAction":[{"@type":"ReadAction","target":["https:\/\/chi-statt-botox.com\/beauty-taping\/"]}]},{"@type":"BreadcrumbList","@id":"https:\/\/chi-statt-botox.com\/beauty-taping\/#breadcrumb","itemListElement":[{"@type":"ListItem","position":1,"name":"Startseite","item":"https:\/\/chi-statt-botox.com\/"},{"@type":"ListItem","position":2,"name":"Beauty Taping"}]},{"@type":"WebSite","@id":"https:\/\/chi-statt-botox.com\/#website","url":"https:\/\/chi-statt-botox.com\/","name":"Chi zamiast botoksu","description":"Usuwa zmarszczki, napina sk\u00f3r\u0119","potentialAction":[{"@type":"SearchAction","target":{"@type":"EntryPoint","urlTemplate":"https:\/\/chi-statt-botox.com\/?s={search_term_string}"},"query-input":{"@type":"PropertyValueSpecification","valueRequired":true,"valueName":"search_term_string"}}],"inLanguage":"pl-PL"}]}},"_links":{"self":[{"href":"https:\/\/chi-statt-botox.com\/pl\/wp-json\/wp\/v2\/pages\/22791","targetHints":{"allow":["GET"]}}],"collection":[{"href":"https:\/\/chi-statt-botox.com\/pl\/wp-json\/wp\/v2\/pages"}],"about":[{"href":"https:\/\/chi-statt-botox.com\/pl\/wp-json\/wp\/v2\/types\/page"}],"author":[{"embeddable":true,"href":"https:\/\/chi-statt-botox.com\/pl\/wp-json\/wp\/v2\/users\/1"}],"replies":[{"embeddable":true,"href":"https:\/\/chi-statt-botox.com\/pl\/wp-json\/wp\/v2\/comments?post=22791"}],"version-history":[{"count":10,"href":"https:\/\/chi-statt-botox.com\/pl\/wp-json\/wp\/v2\/pages\/22791\/revisions"}],"predecessor-version":[{"id":40524,"href":"https:\/\/chi-statt-botox.com\/pl\/wp-json\/wp\/v2\/pages\/22791\/revisions\/40524"}],"wp:attachment":[{"href":"https:\/\/chi-statt-botox.com\/pl\/wp-json\/wp\/v2\/media?parent=22791"}],"curies":[{"name":"wp","href":"https:\/\/api.w.org\/{rel}","templated":true}]}}