{"id":2693,"date":"2020-01-19T05:36:29","date_gmt":"2020-01-19T04:36:29","guid":{"rendered":"https:\/\/chi-statt-botox.com\/widerrufsbelehrung\/"},"modified":"2025-11-19T10:13:30","modified_gmt":"2025-11-19T09:13:30","slug":"widerrufsbelehrung","status":"publish","type":"page","link":"https:\/\/chi-statt-botox.com\/pl\/widerrufsbelehrung\/","title":{"rendered":"Polityka anulowania"},"content":{"rendered":"<p><strong>Prawo do odst\u0105pienia \/ anulowania<\/strong><\/p>\n\n\n\n<p>Otrzymane towary mo\u017cna zwr\u00f3ci\u0107\nbez podania przyczyny w ci\u0105gu 14 dni, zwracaj\u0105c towar.\nzwrot towaru. <\/p>\n\n\n\n<p><strong>Polityka anulowania<\/strong><\/p>\n\n\n\n<p>Poni\u017csze zasady anulowania\nma zastosowanie do um\u00f3w dotycz\u0105cych towar\u00f3w, kt\u00f3re mog\u0105 zosta\u0107 wys\u0142ane jako paczka za po\u015brednictwem firmy spedycyjnej.\nmog\u0105 by\u0107 wysy\u0142ane jako paczka.<\/p>\n\n\n\n<p><strong>Prawo do odst\u0105pienia od umowy w przypadku towar\u00f3w, kt\u00f3re mog\u0105 by\u0107 wys\u0142ane paczk\u0105 pocztow\u0105<\/strong><\/p>\n\n\n\n<p>Jako konsument masz\nprawo do odst\u0105pienia od umowy w ci\u0105gu czternastu dni. Okres odst\u0105pienia od umowy\nwynosi czterna\u015bcie dni od dnia, w kt\u00f3rym u\u017cytkownik lub wskazana przez niego osoba trzecia wesz\u0142a w posiadanie towar\u00f3w.\nosoba trzecia, kt\u00f3ra nie jest przewo\u017anikiem, wesz\u0142a w posiadanie towar\u00f3w.<\/p>\n\n\n\n<p>Aby skorzysta\u0107 z prawa do anulowania\nnale\u017cy przes\u0142a\u0107 nam<\/p>\n\n\n\n<p><strong>Chi zamiast Botox GmbH<br> Obszar roboczy<br> Bauernstra\u00dfe 1\/ WDZ 9<br> 4600 Wels <\/strong><\/p>\n\n\n\n<p>E-mail: shop@chi-statt-botox.com<br> <br><\/p>\n\n\n\n<p>za pomoc\u0105 wyra\u017anego o\u015bwiadczenia\n(np. pismo wys\u0142ane poczt\u0105 lub poczt\u0105 elektroniczn\u0105) o decyzji o odst\u0105pieniu od niniejszej umowy.\no decyzji o anulowaniu niniejszej umowy.<\/p>\n\n\n\n<p>Mo\u017cesz skorzysta\u0107 z naszego <a href=\"https:\/\/chi-statt-botox.com\/wp-content\/uploads\/Widerrufsformular-1.pdf\">Przyk\u0142adowy formularz anulowania <\/a>Nie jest to jednak obowi\u0105zkowe. Aby dotrzyma\u0107 terminu odst\u0105pienia od umowy, wystarczy wys\u0142a\u0107 wiadomo\u015b\u0107 dotycz\u0105c\u0105 skorzystania z prawa do odst\u0105pienia od umowy przed up\u0142ywem terminu odst\u0105pienia od umowy.<\/p>\n\n\n\n<p><strong>Konsekwencje anulowania<\/strong><\/p>\n\n\n\n<p>W przypadku odst\u0105pienia od niniejszej umowy\nanulowania, b\u0119dziemy zobowi\u0105zani do zwrotu wszystkich p\u0142atno\u015bci, kt\u00f3re otrzymali\u015bmy od u\u017cytkownika\nz wy\u0142\u0105czeniem koszt\u00f3w dostawy, niezw\u0142ocznie, a najp\u00f3\u017aniej w ci\u0105gu czternastu dni\nod dnia, w kt\u00f3rym otrzymamy powiadomienie o odst\u0105pieniu od niniejszej umowy.\numowa zosta\u0142a przez nas otrzymana. W celu dokonania zwrotu p\u0142atno\u015bci u\u017cyjemy tych samych \u015brodk\u00f3w\n\u015brodki p\u0142atno\u015bci, kt\u00f3rych u\u017cy\u0142e\u015b do pierwotnej transakcji, chyba \u017ce wyra\u017anie\nchyba \u017ce wyra\u017anie uzgodniono inaczej. W \u017cadnym wypadku\nw \u017cadnym wypadku u\u017cytkownik nie zostanie obci\u0105\u017cony \u017cadnymi op\u0142atami z tytu\u0142u zwrotu. Mo\u017cemy odm\u00f3wi\u0107\nzwrotu, dop\u00f3ki nie otrzymamy towar\u00f3w z powrotem lub dop\u00f3ki u\u017cytkownik nie przedstawi\nu\u017cytkownik przedstawi dow\u00f3d, \u017ce zwr\u00f3ci\u0142 towary, w zale\u017cno\u015bci od tego, co nast\u0105pi wcze\u015bniej.\nw zale\u017cno\u015bci od tego, co nast\u0105pi wcze\u015bniej.<\/p>\n\n\n\n<p>U\u017cytkownik musi zwr\u00f3ci\u0107 towary niezw\u0142ocznie\na w ka\u017cdym razie najp\u00f3\u017aniej w ci\u0105gu czternastu dni od dnia, w kt\u00f3rym poinformowali nas Pa\u0144stwo o odst\u0105pieniu od niniejszej umowy.\npoinformowania nas o odst\u0105pieniu od niniejszej umowy, do nas<\/p>\n\n\n\n<p> <strong>Chi zamiast Botox OG<br> Obszar roboczy<br> Bauernstra\u00dfe 1\/ WDZ 9<br> 4600 Wels  <\/strong><br><strong>Austria<\/strong><\/p>\n\n\n\n<p>do zwrotu lub przekazania towar\u00f3w.\nTermin jest zachowany, je\u015bli towary zostan\u0105 wys\u0142ane przed up\u0142ywem czternastu dni.\ndni.<\/p>\n\n\n\n<p>Zam\u00f3wienia na dostaw\u0119 towar\u00f3w\nkt\u00f3re nie s\u0105 prefabrykowane i w przypadku kt\u00f3rych decyduj\u0105ce znaczenie ma indywidualny wyb\u00f3r lub\nlub ustalenie przez konsumenta jest decyduj\u0105ce lub kt\u00f3re s\u0105 wyra\u017anie dostosowane do\nnie mog\u0105 zosta\u0107 uniewa\u017cnione.\nby\u0107 anulowane.<\/p>\n\n\n\n<p><strong>Prawo do odst\u0105pienia od umowy nie ma zastosowania do nast\u0119puj\u0105cych um\u00f3w:<\/strong><\/p>\n\n\n\n<ol class=\"wp-block-list\">\n<li>Umowy na<br>Dostawa towar\u00f3w, kt\u00f3re nie s\u0105 prefabrykowane i dla kt\u00f3rych produkcji<br>indywidualny wyb\u00f3r lub ustalenie przez konsumenta jest decyduj\u0105ce lub<br>kt\u00f3re s\u0105 wyra\u017anie dostosowane do osobistych potrzeb konsumenta<br>s\u0105,<\/li>\n\n\n\n<li>Umowy na<br>Dostarczanie towar\u00f3w, kt\u00f3re mog\u0105 si\u0119 szybko zepsu\u0107 lub maj\u0105 dat\u0119 wa\u017cno\u015bci.<br>zosta\u0142by szybko przekroczony,<\/li>\n\n\n\n<li>Umowy na<br>Dostawa zapiecz\u0119towanych towar\u00f3w, kt\u00f3re ze wzgl\u0119d\u00f3w ochrony zdrowia lub<br>higieniczne nie nadaj\u0105 si\u0119 do zwrotu, je\u015bli ich plomba zosta\u0142a zerwana po<br>zosta\u0142a usuni\u0119ta,<\/li>\n\n\n\n<li>Umowy na<br>dostawy towar\u00f3w, je\u017celi po dostawie s\u0105 one wadliwe ze wzgl\u0119du na ich charakter lub<br>nierozerwalnie zmieszane z innymi towarami,<\/li>\n\n\n\n<li>Umowy na<br>Dostawa napoj\u00f3w alkoholowych, kt\u00f3rych cena zosta\u0142a uzgodniona przy zawarciu umowy<br>ale kt\u00f3re mog\u0105 zosta\u0107 dostarczone najwcze\u015bniej 30 dni po zawarciu umowy<br>i kt\u00f3rych bie\u017c\u0105ca warto\u015b\u0107 zale\u017cy od waha\u0144 na rynku, na kt\u00f3rym s\u0105 dost\u0119pne.<br>przedsi\u0119biorca nie ma wp\u0142ywu,<\/li>\n\n\n\n<li>Umowy na<br>Dostarczanie nagra\u0144 d\u017awi\u0119kowych lub wideo lub oprogramowania komputerowego w formie<br>zapiecz\u0119towane opakowanie, je\u015bli plomba zosta\u0142a usuni\u0119ta po dostawie,<\/li>\n\n\n\n<li>Umowy na dostaw\u0119<br>gazet, periodyk\u00f3w lub czasopism, z wyj\u0105tkiem<br>Umowy subskrypcyjne.<\/li>\n<\/ol>\n\n\n\n<p><a href=\"https:\/\/chi-statt-botox.com\/wp-content\/uploads\/Widerrufsformular-1.pdf\">Kliknij tutaj, aby pobra\u0107 przyk\u0142adowy formularz anulowania.<\/a><\/p>\n\n\n\n<p><strong>Koniec polityki anulowania<\/strong><\/p>","protected":false},"excerpt":{"rendered":"<p>Prawo do odst\u0105pienia od umowy \/ anulowania umowy Otrzymane towary mo\u017cna zwr\u00f3ci\u0107 bez podania przyczyny w ci\u0105gu 14 dni, zwracaj\u0105c towar. Zasady anulowania Poni\u017csze zasady anulowania maj\u0105 zastosowanie do um\u00f3w dotycz\u0105cych towar\u00f3w, kt\u00f3re mog\u0105 by\u0107 wysy\u0142ane jako paczka za po\u015brednictwem firmy spedycyjnej. Prawo do odst\u0105pienia od umowy w przypadku towar\u00f3w, kt\u00f3re mog\u0105 by\u0107 wysy\u0142ane jako paczka Jako konsument masz prawo do odst\u0105pienia od niniejszej umowy w ci\u0105gu czternastu dni [...].<\/p>","protected":false},"author":1,"featured_media":0,"parent":0,"menu_order":0,"comment_status":"closed","ping_status":"closed","template":"","meta":{"_acf_changed":false,"_et_pb_use_builder":"","_et_pb_old_content":"","_et_gb_content_width":"","footnotes":""},"class_list":["post-2693","page","type-page","status-publish","hentry"],"acf":[],"yoast_head":"<!-- This site is optimized with the Yoast SEO plugin v26.4 - https:\/\/yoast.com\/wordpress\/plugins\/seo\/ -->\n<title>Widerrufsbelehrung - Chi statt Botox<\/title>\n<meta name=\"robots\" content=\"index, follow, max-snippet:-1, max-image-preview:large, max-video-preview:-1\" \/>\n<link rel=\"canonical\" href=\"https:\/\/chi-statt-botox.com\/pl\/widerrufsbelehrung\/\" \/>\n<meta property=\"og:locale\" content=\"pl_PL\" \/>\n<meta property=\"og:type\" content=\"article\" \/>\n<meta property=\"og:title\" content=\"Widerrufsbelehrung - Chi statt Botox\" \/>\n<meta property=\"og:description\" content=\"R\u00fccktritts- \/ Widerrufsrecht Sie k\u00f6nnen die erhaltene Ware ohne Angabe von Gr\u00fcnden innerhalb von 14 Tagen durch R\u00fccksendung der Ware zur\u00fcckgeben. Widerrufsbelehrung Die folgende Widerrufsbelehrung gilt f\u00fcr Vertr\u00e4ge \u00fcber Waren, welche als Paket mit einem Versandunternehmen versandt werden k\u00f6nnen. Widerrufsrecht f\u00fcr paketversandf\u00e4hige Waren Als Verbraucher haben Sie das Recht, binnen vierzehn Tagen diesen Vertrag zu [&hellip;]\" \/>\n<meta property=\"og:url\" content=\"https:\/\/chi-statt-botox.com\/pl\/widerrufsbelehrung\/\" \/>\n<meta property=\"og:site_name\" content=\"Chi statt Botox\" \/>\n<meta property=\"article:modified_time\" content=\"2025-11-19T09:13:30+00:00\" \/>\n<meta name=\"twitter:card\" content=\"summary_large_image\" \/>\n<meta name=\"twitter:label1\" content=\"Szacowany czas czytania\" \/>\n\t<meta name=\"twitter:data1\" content=\"4 minuty\" \/>\n<script type=\"application\/ld+json\" class=\"yoast-schema-graph\">{\"@context\":\"https:\/\/schema.org\",\"@graph\":[{\"@type\":\"WebPage\",\"@id\":\"https:\/\/chi-statt-botox.com\/widerrufsbelehrung\/\",\"url\":\"https:\/\/chi-statt-botox.com\/widerrufsbelehrung\/\",\"name\":\"Widerrufsbelehrung - Chi statt Botox\",\"isPartOf\":{\"@id\":\"https:\/\/chi-statt-botox.com\/#website\"},\"datePublished\":\"2020-01-19T04:36:29+00:00\",\"dateModified\":\"2025-11-19T09:13:30+00:00\",\"breadcrumb\":{\"@id\":\"https:\/\/chi-statt-botox.com\/widerrufsbelehrung\/#breadcrumb\"},\"inLanguage\":\"pl-PL\",\"potentialAction\":[{\"@type\":\"ReadAction\",\"target\":[\"https:\/\/chi-statt-botox.com\/widerrufsbelehrung\/\"]}]},{\"@type\":\"BreadcrumbList\",\"@id\":\"https:\/\/chi-statt-botox.com\/widerrufsbelehrung\/#breadcrumb\",\"itemListElement\":[{\"@type\":\"ListItem\",\"position\":1,\"name\":\"Startseite\",\"item\":\"https:\/\/chi-statt-botox.com\/\"},{\"@type\":\"ListItem\",\"position\":2,\"name\":\"Widerrufsbelehrung\"}]},{\"@type\":\"WebSite\",\"@id\":\"https:\/\/chi-statt-botox.com\/#website\",\"url\":\"https:\/\/chi-statt-botox.com\/\",\"name\":\"Chi statt Botox\",\"description\":\"Falten wegzaubern, Haut straffen\",\"potentialAction\":[{\"@type\":\"SearchAction\",\"target\":{\"@type\":\"EntryPoint\",\"urlTemplate\":\"https:\/\/chi-statt-botox.com\/?s={search_term_string}\"},\"query-input\":{\"@type\":\"PropertyValueSpecification\",\"valueRequired\":true,\"valueName\":\"search_term_string\"}}],\"inLanguage\":\"pl-PL\"}]}<\/script>\n<!-- \/ Yoast SEO plugin. -->","yoast_head_json":{"title":"Polityka anulowania - Chi zamiast botoksu","robots":{"index":"index","follow":"follow","max-snippet":"max-snippet:-1","max-image-preview":"max-image-preview:large","max-video-preview":"max-video-preview:-1"},"canonical":"https:\/\/chi-statt-botox.com\/pl\/widerrufsbelehrung\/","og_locale":"pl_PL","og_type":"article","og_title":"Widerrufsbelehrung - Chi statt Botox","og_description":"R\u00fccktritts- \/ Widerrufsrecht Sie k\u00f6nnen die erhaltene Ware ohne Angabe von Gr\u00fcnden innerhalb von 14 Tagen durch R\u00fccksendung der Ware zur\u00fcckgeben. Widerrufsbelehrung Die folgende Widerrufsbelehrung gilt f\u00fcr Vertr\u00e4ge \u00fcber Waren, welche als Paket mit einem Versandunternehmen versandt werden k\u00f6nnen. Widerrufsrecht f\u00fcr paketversandf\u00e4hige Waren Als Verbraucher haben Sie das Recht, binnen vierzehn Tagen diesen Vertrag zu [&hellip;]","og_url":"https:\/\/chi-statt-botox.com\/pl\/widerrufsbelehrung\/","og_site_name":"Chi statt Botox","article_modified_time":"2025-11-19T09:13:30+00:00","twitter_card":"summary_large_image","twitter_misc":{"Szacowany czas czytania":"4 minuty"},"schema":{"@context":"https:\/\/schema.org","@graph":[{"@type":"WebPage","@id":"https:\/\/chi-statt-botox.com\/widerrufsbelehrung\/","url":"https:\/\/chi-statt-botox.com\/widerrufsbelehrung\/","name":"Polityka anulowania - Chi zamiast botoksu","isPartOf":{"@id":"https:\/\/chi-statt-botox.com\/#website"},"datePublished":"2020-01-19T04:36:29+00:00","dateModified":"2025-11-19T09:13:30+00:00","breadcrumb":{"@id":"https:\/\/chi-statt-botox.com\/widerrufsbelehrung\/#breadcrumb"},"inLanguage":"pl-PL","potentialAction":[{"@type":"ReadAction","target":["https:\/\/chi-statt-botox.com\/widerrufsbelehrung\/"]}]},{"@type":"BreadcrumbList","@id":"https:\/\/chi-statt-botox.com\/widerrufsbelehrung\/#breadcrumb","itemListElement":[{"@type":"ListItem","position":1,"name":"Startseite","item":"https:\/\/chi-statt-botox.com\/"},{"@type":"ListItem","position":2,"name":"Widerrufsbelehrung"}]},{"@type":"WebSite","@id":"https:\/\/chi-statt-botox.com\/#website","url":"https:\/\/chi-statt-botox.com\/","name":"Chi zamiast botoksu","description":"Usuwa zmarszczki, napina sk\u00f3r\u0119","potentialAction":[{"@type":"SearchAction","target":{"@type":"EntryPoint","urlTemplate":"https:\/\/chi-statt-botox.com\/?s={search_term_string}"},"query-input":{"@type":"PropertyValueSpecification","valueRequired":true,"valueName":"search_term_string"}}],"inLanguage":"pl-PL"}]}},"_links":{"self":[{"href":"https:\/\/chi-statt-botox.com\/pl\/wp-json\/wp\/v2\/pages\/2693","targetHints":{"allow":["GET"]}}],"collection":[{"href":"https:\/\/chi-statt-botox.com\/pl\/wp-json\/wp\/v2\/pages"}],"about":[{"href":"https:\/\/chi-statt-botox.com\/pl\/wp-json\/wp\/v2\/types\/page"}],"author":[{"embeddable":true,"href":"https:\/\/chi-statt-botox.com\/pl\/wp-json\/wp\/v2\/users\/1"}],"replies":[{"embeddable":true,"href":"https:\/\/chi-statt-botox.com\/pl\/wp-json\/wp\/v2\/comments?post=2693"}],"version-history":[{"count":7,"href":"https:\/\/chi-statt-botox.com\/pl\/wp-json\/wp\/v2\/pages\/2693\/revisions"}],"predecessor-version":[{"id":50131,"href":"https:\/\/chi-statt-botox.com\/pl\/wp-json\/wp\/v2\/pages\/2693\/revisions\/50131"}],"wp:attachment":[{"href":"https:\/\/chi-statt-botox.com\/pl\/wp-json\/wp\/v2\/media?parent=2693"}],"curies":[{"name":"wp","href":"https:\/\/api.w.org\/{rel}","templated":true}]}}