{"id":2694,"date":"2020-01-19T05:36:29","date_gmt":"2020-01-19T04:36:29","guid":{"rendered":"https:\/\/chi-statt-botox.com\/versandarten\/"},"modified":"2024-10-24T10:14:34","modified_gmt":"2024-10-24T08:14:34","slug":"versandarten","status":"publish","type":"page","link":"https:\/\/chi-statt-botox.com\/pl\/versandarten\/","title":{"rendered":"Wysy\u0142ka"},"content":{"rendered":"<p>[et_pb_section fb_built=\"1\u2033 admin_label=\"section\" _builder_version=\"4.16\u2033 global_colors_info=\"{}\"][et_pb_row admin_label=\"row\" _builder_version=\"4.16\u2033 background_size=\"initial\" background_position=\"top_left\" background_repeat=\"repeat\" global_colors_info=\"{}\"][et_pb_column type=\"4_4\u2033 _builder_version=\"4.16\u2033 custom_padding=\"||\" global_colors_info=\"{}\" custom_padding__hover=\"||\"][et_pb_text admin_label=\"Text\" _builder_version=\"4.27.2\u2033 background_size=\"initial\" background_position=\"top_left\" background_repeat=\"repeat\" hover_enabled=\"0\u2033 global_colors_info=\"{}\" sticky_enabled=\"0\u2033]<\/p>\n<p><strong>Wysy\u0142ka<\/strong><\/p>\n<p>Austria: 5,90 \u20ac<\/p>\n<p>Niemcy: 6,90 \u20ac<\/p>\n<p>Szwajcaria: 17,90 \u20ac<\/p>\n<p>Polska: 9,90 \u20ac<\/p>\n<p><strong>Czas dostawy:<\/strong><\/p>\n<p>Austria: 3-5 dni roboczych po dokonaniu przelewu bankowego<\/p>\n<p>Niemcy: 5-8 dni roboczych po dokonaniu przelewu bankowego<\/p>\n<p>Szwajcaria i Polska: 5-12 dni roboczych po dokonaniu przelewu<\/p>\n<p>&nbsp;<\/p>\n<p>[\/et_pb_text][\/et_pb_column][\/et_pb_row][\/et_pb_section]<\/p>","protected":false},"excerpt":{"rendered":"<p>Wysy\u0142ka Austria: 5,90 \u20ac Niemcy: 6,90 \u20ac Szwajcaria: 17,90 \u20ac Polska: 9,90 \u20ac Czas dostawy: Austria: 3-5 dni roboczych od przelewu bankowego Niemcy: 5-8 dni roboczych od przelewu bankowego Szwajcaria i Polska: 5-12 dni roboczych od przelewu bankowego &nbsp;<\/p>","protected":false},"author":1,"featured_media":0,"parent":0,"menu_order":0,"comment_status":"closed","ping_status":"closed","template":"","meta":{"_acf_changed":false,"_et_pb_use_builder":"on","_et_pb_old_content":"<!-- wp:paragraph -->\n<p><strong>Versand <\/strong>nach \u00d6sterreich: 5,00 \u20ac<\/p>\n<!-- \/wp:paragraph -->\n\n<!-- wp:paragraph -->\n<p>Versand nach Deutschland und in die Schweiz: 9,90 \u20ac<\/p>\n<!-- \/wp:paragraph -->\n\n<!-- wp:paragraph -->\n<p><strong>Lieferzeit<\/strong>: <\/p>\n<!-- \/wp:paragraph -->\n\n<!-- wp:paragraph -->\n<p>\u00d6sterreich: 3-5 Werktage nach \u00dcberweisung <\/p>\n<!-- \/wp:paragraph -->\n\n<!-- wp:paragraph -->\n<p>Deutschland und Schweiz: 5-12 Werktage nach \u00dcberweisung<\/p>\n<!-- \/wp:paragraph -->","_et_gb_content_width":"","footnotes":""},"class_list":["post-2694","page","type-page","status-publish","hentry"],"acf":[],"yoast_head":"<!-- This site is optimized with the Yoast SEO plugin v26.4 - https:\/\/yoast.com\/wordpress\/plugins\/seo\/ -->\n<title>Versand - Chi statt Botox<\/title>\n<meta name=\"robots\" content=\"index, follow, max-snippet:-1, max-image-preview:large, max-video-preview:-1\" \/>\n<link rel=\"canonical\" href=\"https:\/\/chi-statt-botox.com\/pl\/versandarten\/\" \/>\n<meta property=\"og:locale\" content=\"pl_PL\" \/>\n<meta property=\"og:type\" content=\"article\" \/>\n<meta property=\"og:title\" content=\"Versand - Chi statt Botox\" \/>\n<meta property=\"og:description\" content=\"Versand \u00d6sterreich: 5,90 \u20ac Deutschland: 6,90 \u20ac Schweiz: 17,90 \u20ac Polen: 9,90 \u20ac Lieferzeit: \u00d6sterreich: 3-5 Werktage nach \u00dcberweisung Deutschland: 5-8 Werktage nach \u00dcberweisung Schweiz und Polen: 5-12 Werktage nach \u00dcberweisung &nbsp;\" \/>\n<meta property=\"og:url\" content=\"https:\/\/chi-statt-botox.com\/pl\/versandarten\/\" \/>\n<meta property=\"og:site_name\" content=\"Chi statt Botox\" \/>\n<meta property=\"article:modified_time\" content=\"2024-10-24T08:14:34+00:00\" \/>\n<meta name=\"twitter:card\" content=\"summary_large_image\" \/>\n<meta name=\"twitter:label1\" content=\"Szacowany czas czytania\" \/>\n\t<meta name=\"twitter:data1\" content=\"1 minuta\" \/>\n<script type=\"application\/ld+json\" class=\"yoast-schema-graph\">{\"@context\":\"https:\/\/schema.org\",\"@graph\":[{\"@type\":\"WebPage\",\"@id\":\"https:\/\/chi-statt-botox.com\/versandarten\/\",\"url\":\"https:\/\/chi-statt-botox.com\/versandarten\/\",\"name\":\"Versand - Chi statt Botox\",\"isPartOf\":{\"@id\":\"https:\/\/chi-statt-botox.com\/#website\"},\"datePublished\":\"2020-01-19T04:36:29+00:00\",\"dateModified\":\"2024-10-24T08:14:34+00:00\",\"breadcrumb\":{\"@id\":\"https:\/\/chi-statt-botox.com\/versandarten\/#breadcrumb\"},\"inLanguage\":\"pl-PL\",\"potentialAction\":[{\"@type\":\"ReadAction\",\"target\":[\"https:\/\/chi-statt-botox.com\/versandarten\/\"]}]},{\"@type\":\"BreadcrumbList\",\"@id\":\"https:\/\/chi-statt-botox.com\/versandarten\/#breadcrumb\",\"itemListElement\":[{\"@type\":\"ListItem\",\"position\":1,\"name\":\"Startseite\",\"item\":\"https:\/\/chi-statt-botox.com\/\"},{\"@type\":\"ListItem\",\"position\":2,\"name\":\"Versand\"}]},{\"@type\":\"WebSite\",\"@id\":\"https:\/\/chi-statt-botox.com\/#website\",\"url\":\"https:\/\/chi-statt-botox.com\/\",\"name\":\"Chi statt Botox\",\"description\":\"Falten wegzaubern, Haut straffen\",\"potentialAction\":[{\"@type\":\"SearchAction\",\"target\":{\"@type\":\"EntryPoint\",\"urlTemplate\":\"https:\/\/chi-statt-botox.com\/?s={search_term_string}\"},\"query-input\":{\"@type\":\"PropertyValueSpecification\",\"valueRequired\":true,\"valueName\":\"search_term_string\"}}],\"inLanguage\":\"pl-PL\"}]}<\/script>\n<!-- \/ Yoast SEO plugin. -->","yoast_head_json":{"title":"Wysy\u0142ka - Chi zamiast botoksu","robots":{"index":"index","follow":"follow","max-snippet":"max-snippet:-1","max-image-preview":"max-image-preview:large","max-video-preview":"max-video-preview:-1"},"canonical":"https:\/\/chi-statt-botox.com\/pl\/versandarten\/","og_locale":"pl_PL","og_type":"article","og_title":"Versand - Chi statt Botox","og_description":"Versand \u00d6sterreich: 5,90 \u20ac Deutschland: 6,90 \u20ac Schweiz: 17,90 \u20ac Polen: 9,90 \u20ac Lieferzeit: \u00d6sterreich: 3-5 Werktage nach \u00dcberweisung Deutschland: 5-8 Werktage nach \u00dcberweisung Schweiz und Polen: 5-12 Werktage nach \u00dcberweisung &nbsp;","og_url":"https:\/\/chi-statt-botox.com\/pl\/versandarten\/","og_site_name":"Chi statt Botox","article_modified_time":"2024-10-24T08:14:34+00:00","twitter_card":"summary_large_image","twitter_misc":{"Szacowany czas czytania":"1 minuta"},"schema":{"@context":"https:\/\/schema.org","@graph":[{"@type":"WebPage","@id":"https:\/\/chi-statt-botox.com\/versandarten\/","url":"https:\/\/chi-statt-botox.com\/versandarten\/","name":"Wysy\u0142ka - Chi zamiast botoksu","isPartOf":{"@id":"https:\/\/chi-statt-botox.com\/#website"},"datePublished":"2020-01-19T04:36:29+00:00","dateModified":"2024-10-24T08:14:34+00:00","breadcrumb":{"@id":"https:\/\/chi-statt-botox.com\/versandarten\/#breadcrumb"},"inLanguage":"pl-PL","potentialAction":[{"@type":"ReadAction","target":["https:\/\/chi-statt-botox.com\/versandarten\/"]}]},{"@type":"BreadcrumbList","@id":"https:\/\/chi-statt-botox.com\/versandarten\/#breadcrumb","itemListElement":[{"@type":"ListItem","position":1,"name":"Startseite","item":"https:\/\/chi-statt-botox.com\/"},{"@type":"ListItem","position":2,"name":"Versand"}]},{"@type":"WebSite","@id":"https:\/\/chi-statt-botox.com\/#website","url":"https:\/\/chi-statt-botox.com\/","name":"Chi zamiast botoksu","description":"Usuwa zmarszczki, napina sk\u00f3r\u0119","potentialAction":[{"@type":"SearchAction","target":{"@type":"EntryPoint","urlTemplate":"https:\/\/chi-statt-botox.com\/?s={search_term_string}"},"query-input":{"@type":"PropertyValueSpecification","valueRequired":true,"valueName":"search_term_string"}}],"inLanguage":"pl-PL"}]}},"_links":{"self":[{"href":"https:\/\/chi-statt-botox.com\/pl\/wp-json\/wp\/v2\/pages\/2694","targetHints":{"allow":["GET"]}}],"collection":[{"href":"https:\/\/chi-statt-botox.com\/pl\/wp-json\/wp\/v2\/pages"}],"about":[{"href":"https:\/\/chi-statt-botox.com\/pl\/wp-json\/wp\/v2\/types\/page"}],"author":[{"embeddable":true,"href":"https:\/\/chi-statt-botox.com\/pl\/wp-json\/wp\/v2\/users\/1"}],"replies":[{"embeddable":true,"href":"https:\/\/chi-statt-botox.com\/pl\/wp-json\/wp\/v2\/comments?post=2694"}],"version-history":[{"count":12,"href":"https:\/\/chi-statt-botox.com\/pl\/wp-json\/wp\/v2\/pages\/2694\/revisions"}],"predecessor-version":[{"id":41114,"href":"https:\/\/chi-statt-botox.com\/pl\/wp-json\/wp\/v2\/pages\/2694\/revisions\/41114"}],"wp:attachment":[{"href":"https:\/\/chi-statt-botox.com\/pl\/wp-json\/wp\/v2\/media?parent=2694"}],"curies":[{"name":"wp","href":"https:\/\/api.w.org\/{rel}","templated":true}]}}