{"id":279,"date":"2017-03-03T12:50:48","date_gmt":"2017-03-03T11:50:48","guid":{"rendered":"https:\/\/chi-statt-botox.com\/?page_id=279"},"modified":"2026-01-07T09:19:23","modified_gmt":"2026-01-07T08:19:23","slug":"impressum","status":"publish","type":"page","link":"https:\/\/chi-statt-botox.com\/pl\/impressum\/","title":{"rendered":"Nadruk"},"content":{"rendered":"<p>[et_pb_section fb_built=\"1\u2033 custom_padding_last_edited=\"on|phone\" admin_label=\"section\" _builder_version=\"4.16\u2033 custom_padding_tablet=\"\" custom_padding_phone=\"30px||15px|false|false\" global_colors_info=\"{}\"][et_pb_row custom_padding_last_edited=\"on|phone\" _builder_version=\"4.16\u2033 custom_padding=\"||0px||false|false\" custom_padding_tablet=\"\" custom_padding_phone=\"||0px||false|false\" global_colors_info=\"{}\"][et_pb_column type=\"4_4\u2033 _builder_version=\"4.16\u2033 global_colors_info=\"{}\"][et_pb_text module_class=\"npb\" _builder_version=\"4.16\u2033 header_font=\"|300||on||||\" custom_margin=\"||||false|false\" custom_padding=\"||25px|false|false\" border_width_left=\"4px\" border_color_left=\"#ffcd02\u2033 global_colors_info=\"{}\"]<\/p>\n<h1>Nadruk<\/h1>\n<p>[\/et_pb_text][\/et_pb_column][\/et_pb_row][et_pb_row admin_label=\u201crow\u201c _builder_version=\u201c4.16\u2033 background_size=\u201cinitial\u201c background_position=\u201ctop_left\u201c background_repeat=\u201crepeat\u201c global_colors_info=\u201c{}\u201c][et_pb_column type=\u201c4_4\u2033 _builder_version=\u201c4.16\u2033 custom_padding=\u201c||\u201c global_colors_info=\u201c{}\u201c custom_padding__hover=\u201c||\u201c][et_pb_text admin_label=\u201cText\u201c _builder_version=\u201c4.27.4\u2033 background_size=\u201cinitial\u201c background_position=\u201ctop_left\u201c background_repeat=\u201crepeat\u201c hover_enabled=\u201c0\u2033 global_colors_info=\u201c{}\u201c sticky_enabled=\u201c0\u2033]<\/p>\n<h3><span style=\"font-family: inherit; font-weight: normal;\">Informacje zgodnie z \u00a7 5 ECG \/ \u00a7 25 MedienG:<\/span><\/h3>\n<h2><span style=\"font-family: inherit; font-weight: normal;\">Chi zamiast Botox GmbH<\/span><br \/><span style=\"font-family: inherit; font-weight: normal;\">Obszar roboczy<\/span><br \/><span style=\"font-family: inherit; font-weight: normal;\">Bauernstra\u00dfe 1\/ WDZ 9<\/span><br \/><span style=\"font-family: inherit; font-weight: normal;\">4600 Wels<\/span><\/h2>\n<h2><span style=\"font-family: inherit; font-weight: normal;\">Kontakt:<\/span><br \/><span style=\"font-family: inherit; font-weight: normal;\">Telefon: +4369912164908<\/span><\/h2>\n<h2><span style=\"font-family: inherit; font-weight: normal;\">e-mail: <a href=\"mailto:schmid-harald@gmx.at\">post@chi-statt-botox.com<\/a><\/span><\/h2>\n<h2><span style=\"font-family: inherit; font-weight: normal;\">Numer UID: ATU 81093406<\/span><br \/><span style=\"font-family: inherit; font-weight: normal;\">Rejestr sp\u00f3\u0142ek: s\u0105d okr\u0119gowy w Wels<\/span><br \/><span style=\"font-family: inherit; font-weight: normal;\">Numer rejestracyjny sp\u00f3\u0142ki: FN 527037f<\/span><br \/><span style=\"font-family: inherit; font-weight: normal;\">Forma prawna: Sp\u00f3\u0142ka jawna<\/span><br \/><span style=\"font-family: inherit; font-weight: normal;\">Autoryzowane organy przedstawicielskie: Harald i Mag. Christina Schmid<\/span><\/h2>\n<p><span style=\"font-family: inherit; font-weight: normal;\"><\/span><\/p>\n<h2><span style=\"font-family: inherit; font-weight: normal;\">W\u0142a\u015bciwy organ nadzorczy: Gmina Wels<\/span><span style=\"font-family: inherit; font-weight: normal;\"><\/span><span style=\"font-family: inherit; font-weight: normal;\"><\/span><\/h2>\n<p><span style=\"font-family: inherit; font-weight: normal;\"><\/span><\/p>\n<h2>Przynale\u017cno\u015b\u0107 do izby: Izba Handlowa G\u00f3rnej Austrii<span style=\"font-family: inherit; font-weight: normal;\"><\/span><\/h2>\n<h2><span style=\"font-family: inherit; font-weight: normal;\"><\/span><\/h2>\n<h2><span style=\"font-family: inherit; font-weight: normal;\">Przepisy prawne: Kodeks przemys\u0142owy (https:\/\/www.ris.bka.gv.at)<\/span><br \/><span style=\"font-family: inherit; font-weight: normal;\">Polityka redakcyjna: Strona internetowa s\u0142u\u017cy prezentacji firmy<\/span><br \/><span style=\"font-family: inherit; font-weight: normal;\">Przedmiot dzia\u0142alno\u015bci firmy: Us\u0142ugi w zakresie doradztwa i szkole\u0144,<\/span><br \/><span style=\"font-family: inherit; font-weight: normal;\">Sprzeda\u017c produkt\u00f3w energetycznych i technicznych<\/span><br \/><span style=\"font-family: inherit; font-weight: normal;\">Odpowiedzialny za tre\u015b\u0107:<\/span><br \/><span style=\"font-family: inherit; font-weight: normal;\">Chi zamiast Botox OG<\/span><br \/><span style=\"font-family: inherit; font-weight: normal;\">Obszar roboczy<\/span><br \/><span style=\"font-family: inherit; font-weight: normal;\">Bauernstra\u00dfe 1\/ WDZ 9<\/span><br \/><span style=\"font-family: inherit; font-weight: normal;\">4600 Wels<\/span><\/h2>\n<h2><\/h2>\n<h3><span style=\"font-family: inherit; font-weight: normal;\">Rozstrzyganie spor\u00f3w<\/span><\/h3>\n<h2><span style=\"font-family: inherit; font-weight: normal;\">Komisja Europejska zapewnia platform\u0119 internetowego rozstrzygania spor\u00f3w (OS): <a href=\"https:\/\/ec.europa.eu\/consumers\/odr\" target=\"_blank\" rel=\"noopener noreferrer\">https:\/\/ec.europa.eu\/consumers\/odr<\/a>.<\/span><br \/><span style=\"font-family: inherit; font-weight: normal;\">Nasz adres e-mail mo\u017cna znale\u017a\u0107 w powy\u017cszej nocie prawnej.<\/span><\/h2>\n<h2><span style=\"font-family: inherit; font-weight: normal;\">Nie jeste\u015bmy sk\u0142onni ani zobowi\u0105zani do udzia\u0142u w post\u0119powaniu rozstrzygaj\u0105cym spory przed komisj\u0105 arbitra\u017cow\u0105 ds. konsument\u00f3w.<\/span><\/h2>\n<h3><span style=\"font-family: inherit; font-weight: normal;\">Odpowiedzialno\u015b\u0107 za tre\u015b\u0107<\/span><\/h3>\n<h2><span style=\"font-family: inherit; font-weight: normal;\">Jako dostawca us\u0142ug jeste\u015bmy odpowiedzialni za w\u0142asne tre\u015bci na tych stronach zgodnie z \u00a7 7 (1) TMG (niemiecka ustawa o telemediach) i og\u00f3lnymi przepisami prawa. Zgodnie z \u00a7\u00a7 8 do 10 TMG, jako us\u0142ugodawca nie jeste\u015bmy jednak zobowi\u0105zani do monitorowania przesy\u0142anych lub przechowywanych informacji os\u00f3b trzecich ani do badania okoliczno\u015bci wskazuj\u0105cych na nielegaln\u0105 dzia\u0142alno\u015b\u0107.<\/span><\/h2>\n<h2><span style=\"font-family: inherit; font-weight: normal;\">Nie ma to wp\u0142ywu na zobowi\u0105zania do usuni\u0119cia lub zablokowania korzystania z informacji zgodnie z og\u00f3lnymi przepisami prawa. Odpowiedzialno\u015b\u0107 w tym zakresie jest jednak mo\u017cliwa dopiero od momentu, w kt\u00f3rym dowiemy si\u0119 o konkretnym naruszeniu. Gdy tylko dowiemy si\u0119 o takich naruszeniach, natychmiast usuniemy te tre\u015bci.<\/span><\/h2>\n<h3><span style=\"font-family: inherit; font-weight: normal;\">Odpowiedzialno\u015b\u0107 za linki<\/span><\/h3>\n<h2><span style=\"font-family: inherit; font-weight: normal;\">Nasza witryna internetowa zawiera \u0142\u0105cza do zewn\u0119trznych witryn internetowych os\u00f3b trzecich, na kt\u00f3rych tre\u015b\u0107 nie mamy wp\u0142ywu. W zwi\u0105zku z tym nie mo\u017cemy ponosi\u0107 \u017cadnej odpowiedzialno\u015bci za tre\u015bci stron trzecich. Odpowiedni dostawca lub operator stron jest zawsze odpowiedzialny za tre\u015b\u0107 stron, do kt\u00f3rych prowadz\u0105 linki. Po\u0142\u0105czone strony zosta\u0142y sprawdzone pod k\u0105tem mo\u017cliwych narusze\u0144 prawa w momencie \u0142\u0105czenia. Nielegalne tre\u015bci nie by\u0142y rozpoznawalne w momencie linkowania.<\/span><\/h2>\n<h2><span style=\"font-family: inherit; font-weight: normal;\">Sta\u0142e monitorowanie tre\u015bci stron, do kt\u00f3rych prowadz\u0105 linki, nie jest jednak uzasadnione bez konkretnych dowod\u00f3w naruszenia prawa. Je\u015bli dowiemy si\u0119 o jakichkolwiek naruszeniach prawa, niezw\u0142ocznie usuniemy takie linki.<\/span><\/h2>\n<h3><span style=\"font-family: inherit; font-weight: normal;\">Prawa autorskie<\/span><\/h3>\n<h2><span style=\"font-family: inherit; font-weight: normal;\">Tre\u015bci i dzie\u0142a stworzone przez operator\u00f3w witryn na tych stronach podlegaj\u0105 niemieckiemu prawu autorskiemu. Powielanie, przetwarzanie, rozpowszechnianie i wszelkiego rodzaju wykorzystywanie poza granicami prawa autorskiego wymaga pisemnej zgody odpowiedniego autora lub tw\u00f3rcy. Pobieranie i kopiowanie tej strony jest dozwolone wy\u0142\u0105cznie do prywatnego, niekomercyjnego u\u017cytku.<\/span><\/h2>\n<h2><span style=\"font-family: inherit; font-weight: normal;\">O ile tre\u015bci na tej stronie nie zosta\u0142y stworzone przez operatora, prawa autorskie os\u00f3b trzecich s\u0105 przestrzegane. W szczeg\u00f3lno\u015bci tre\u015bci os\u00f3b trzecich s\u0105 oznaczone jako takie. Je\u015bli mimo to dowiesz si\u0119 o naruszeniu praw autorskich, poinformuj nas o tym. Je\u015bli dowiemy si\u0119 o jakichkolwiek naruszeniach, niezw\u0142ocznie usuniemy takie tre\u015bci.<\/span><\/h2>\n<p>[\/et_pb_text][\/et_pb_column][\/et_pb_row][\/et_pb_section]<\/p>","protected":false},"excerpt":{"rendered":"<p>ImprintInformacje zgodnie z \u00a7 5 ECG \/ \u00a7 25 MedienG: Chi statt Botox GmbHWorkspaceBauernstra\u00dfe 1\/ WDZ 94600 Wels Kontakt:Telefon: +4369912164908 Email: post@chi-statt-botox.com Numer UID: ATU 81093406Rejestr sp\u00f3\u0142ki: Landesgericht WelsNumer rejestru sp\u00f3\u0142ki: FN 527037fForma prawna: Sp\u00f3\u0142ka jawnaOrgany uprawnione do reprezentacji: Harald i Mag. Christina Schmid Odpowiedzialny organ nadzorczy: Magistrat WelsPrzynale\u017cno\u015b\u0107 do izby: Wirtschaftskammer Ober\u00f6sterreichRegulacje prawne: Gewerbeordnung (https:\/\/www.ris.bka.gv.at)Linia strony: Strona s\u0142u\u017cy prezentacji firmyCel firmy: Us\u0142ugi poprzez doradztwo [...].<\/p>","protected":false},"author":1,"featured_media":0,"parent":0,"menu_order":0,"comment_status":"closed","ping_status":"closed","template":"","meta":{"_acf_changed":false,"_et_pb_use_builder":"on","_et_pb_old_content":"<h1>Impressum<\/h1>\n<h2>Angaben gem\u00e4\u00df \u00a7 5 TMG:<\/h2>\nChi statt Botox OG\nWorkspace\nBauernstra\u00dfe 1\/ WDZ 9\n4600 Wels\n<h2>Kontakt:<\/h2>\nTelefon: 069912164908\nE-Mail: schmid-harald@gmx.at\n<h2>Verantwortlich f\u00fcr den Inhalt nach \u00a7 55 Abs. 2 RStV:<\/h2>\nChi statt Botox OG\nWorkspace\nBauernstra\u00dfe 1\/ WDZ 9\n4600 Wels\n<h2>Streitschlichtung<\/h2>\nDie Europ\u00e4ische Kommission stellt eine Plattform zur Online-Streitbeilegung (OS) bereit: <a href=\"https:\/\/ec.europa.eu\/consumers\/odr\" target=\"_blank\" rel=\"noopener noreferrer\">https:\/\/ec.europa.eu\/consumers\/odr<\/a>.\nUnsere E-Mail-Adresse finden Sie oben im Impressum.\n\nWir sind nicht bereit oder verpflichtet, an Streitbeilegungsverfahren vor einer Verbraucherschlichtungsstelle teilzunehmen.\n<h3>Haftung f\u00fcr Inhalte<\/h3>\nAls Diensteanbieter sind wir gem\u00e4\u00df \u00a7 7 Abs.1 TMG f\u00fcr eigene Inhalte auf diesen Seiten nach den allgemeinen Gesetzen verantwortlich. Nach \u00a7\u00a7 8 bis 10 TMG sind wir als Diensteanbieter jedoch nicht verpflichtet, \u00fcbermittelte oder gespeicherte fremde Informationen zu \u00fcberwachen oder nach Umst\u00e4nden zu forschen, die auf eine rechtswidrige T\u00e4tigkeit hinweisen.\n\nVerpflichtungen zur Entfernung oder Sperrung der Nutzung von Informationen nach den allgemeinen Gesetzen bleiben hiervon unber\u00fchrt. Eine diesbez\u00fcgliche Haftung ist jedoch erst ab dem Zeitpunkt der Kenntnis einer konkreten Rechtsverletzung m\u00f6glich. Bei Bekanntwerden von entsprechenden Rechtsverletzungen werden wir diese Inhalte umgehend entfernen.\n<h3>Haftung f\u00fcr Links<\/h3>\nUnser Angebot enth\u00e4lt Links zu externen Websites Dritter, auf deren Inhalte wir keinen Einfluss haben. Deshalb k\u00f6nnen wir f\u00fcr diese fremden Inhalte auch keine Gew\u00e4hr \u00fcbernehmen. F\u00fcr die Inhalte der verlinkten Seiten ist stets der jeweilige Anbieter oder Betreiber der Seiten verantwortlich. Die verlinkten Seiten wurden zum Zeitpunkt der Verlinkung auf m\u00f6gliche Rechtsverst\u00f6\u00dfe \u00fcberpr\u00fcft. Rechtswidrige Inhalte waren zum Zeitpunkt der Verlinkung nicht erkennbar.\n\nEine permanente inhaltliche Kontrolle der verlinkten Seiten ist jedoch ohne konkrete Anhaltspunkte einer Rechtsverletzung nicht zumutbar. Bei Bekanntwerden von Rechtsverletzungen werden wir derartige Links umgehend entfernen.\n<h3>Urheberrecht<\/h3>\nDie durch die Seitenbetreiber erstellten Inhalte und Werke auf diesen Seiten unterliegen dem deutschen Urheberrecht. Die Vervielf\u00e4ltigung, Bearbeitung, Verbreitung und jede Art der Verwertung au\u00dferhalb der Grenzen des Urheberrechtes bed\u00fcrfen der schriftlichen Zustimmung des jeweiligen Autors bzw. Erstellers. Downloads und Kopien dieser Seite sind nur f\u00fcr den privaten, nicht kommerziellen Gebrauch gestattet.\n\nSoweit die Inhalte auf dieser Seite nicht vom Betreiber erstellt wurden, werden die Urheberrechte Dritter beachtet. Insbesondere werden Inhalte Dritter als solche gekennzeichnet. Sollten Sie trotzdem auf eine Urheberrechtsverletzung aufmerksam werden, bitten wir um einen entsprechenden Hinweis. Bei Bekanntwerden von Rechtsverletzungen werden wir derartige Inhalte umgehend entfernen.","_et_gb_content_width":"","footnotes":""},"class_list":["post-279","page","type-page","status-publish","hentry"],"acf":[],"yoast_head":"<!-- This site is optimized with the Yoast SEO plugin v26.4 - https:\/\/yoast.com\/wordpress\/plugins\/seo\/ -->\n<title>Impressum - Chi statt Botox<\/title>\n<meta name=\"robots\" content=\"index, nofollow, max-snippet:-1, max-image-preview:large, max-video-preview:-1\" \/>\n<link rel=\"canonical\" href=\"https:\/\/chi-statt-botox.com\/pl\/impressum\/\" \/>\n<meta property=\"og:locale\" content=\"pl_PL\" \/>\n<meta property=\"og:type\" content=\"article\" \/>\n<meta property=\"og:title\" content=\"Impressum - Chi statt Botox\" \/>\n<meta property=\"og:description\" content=\"ImpressumAngaben gem\u00e4\u00df \u00a7 5 ECG \/ \u00a7 25 MedienG: Chi statt Botox GmbHWorkspaceBauernstra\u00dfe 1\/ WDZ 94600 Wels Kontakt:Telefon: +4369912164908 E-Mail: post@chi-statt-botox.com UID-Nummer: ATU 81093406Firmenbuch: Landesgericht WelsFirmenbuchnummer: FN 527037fRechtsform: Offene GesellschaftVertretungsbefugte Organe: Harald und Mag. Christina Schmid Zust\u00e4ndige Aufsichtsbeh\u00f6rde: Magistrat Wels Kammerzugeh\u00f6rigkeit: Wirtschaftskammer Ober\u00f6sterreich Gesetzliche Vorschriften: Gewerbeordnung (https:\/\/www.ris.bka.gv.at)Blattlinie: Die Website dient der Unternehmenspr\u00e4sentationUnternehmensgegenstand: Dienstleistung durch Beratung [&hellip;]\" \/>\n<meta property=\"og:url\" content=\"https:\/\/chi-statt-botox.com\/pl\/impressum\/\" \/>\n<meta property=\"og:site_name\" content=\"Chi statt Botox\" \/>\n<meta property=\"article:modified_time\" content=\"2026-01-07T08:19:23+00:00\" \/>\n<meta name=\"twitter:card\" content=\"summary_large_image\" \/>\n<meta name=\"twitter:label1\" content=\"Szacowany czas czytania\" \/>\n\t<meta name=\"twitter:data1\" content=\"3 minuty\" \/>\n<script type=\"application\/ld+json\" class=\"yoast-schema-graph\">{\"@context\":\"https:\/\/schema.org\",\"@graph\":[{\"@type\":\"WebPage\",\"@id\":\"https:\/\/chi-statt-botox.com\/impressum\/\",\"url\":\"https:\/\/chi-statt-botox.com\/impressum\/\",\"name\":\"Impressum - Chi statt Botox\",\"isPartOf\":{\"@id\":\"https:\/\/chi-statt-botox.com\/#website\"},\"datePublished\":\"2017-03-03T11:50:48+00:00\",\"dateModified\":\"2026-01-07T08:19:23+00:00\",\"breadcrumb\":{\"@id\":\"https:\/\/chi-statt-botox.com\/impressum\/#breadcrumb\"},\"inLanguage\":\"pl-PL\",\"potentialAction\":[{\"@type\":\"ReadAction\",\"target\":[\"https:\/\/chi-statt-botox.com\/impressum\/\"]}]},{\"@type\":\"BreadcrumbList\",\"@id\":\"https:\/\/chi-statt-botox.com\/impressum\/#breadcrumb\",\"itemListElement\":[{\"@type\":\"ListItem\",\"position\":1,\"name\":\"Startseite\",\"item\":\"https:\/\/chi-statt-botox.com\/\"},{\"@type\":\"ListItem\",\"position\":2,\"name\":\"Impressum\"}]},{\"@type\":\"WebSite\",\"@id\":\"https:\/\/chi-statt-botox.com\/#website\",\"url\":\"https:\/\/chi-statt-botox.com\/\",\"name\":\"Chi statt Botox\",\"description\":\"Falten wegzaubern, Haut straffen\",\"potentialAction\":[{\"@type\":\"SearchAction\",\"target\":{\"@type\":\"EntryPoint\",\"urlTemplate\":\"https:\/\/chi-statt-botox.com\/?s={search_term_string}\"},\"query-input\":{\"@type\":\"PropertyValueSpecification\",\"valueRequired\":true,\"valueName\":\"search_term_string\"}}],\"inLanguage\":\"pl-PL\"}]}<\/script>\n<!-- \/ Yoast SEO plugin. -->","yoast_head_json":{"title":"Imprint - Chi zamiast botoksu","robots":{"index":"index","follow":"nofollow","max-snippet":"max-snippet:-1","max-image-preview":"max-image-preview:large","max-video-preview":"max-video-preview:-1"},"canonical":"https:\/\/chi-statt-botox.com\/pl\/impressum\/","og_locale":"pl_PL","og_type":"article","og_title":"Impressum - Chi statt Botox","og_description":"ImpressumAngaben gem\u00e4\u00df \u00a7 5 ECG \/ \u00a7 25 MedienG: Chi statt Botox GmbHWorkspaceBauernstra\u00dfe 1\/ WDZ 94600 Wels Kontakt:Telefon: +4369912164908 E-Mail: post@chi-statt-botox.com UID-Nummer: ATU 81093406Firmenbuch: Landesgericht WelsFirmenbuchnummer: FN 527037fRechtsform: Offene GesellschaftVertretungsbefugte Organe: Harald und Mag. Christina Schmid Zust\u00e4ndige Aufsichtsbeh\u00f6rde: Magistrat Wels Kammerzugeh\u00f6rigkeit: Wirtschaftskammer Ober\u00f6sterreich Gesetzliche Vorschriften: Gewerbeordnung (https:\/\/www.ris.bka.gv.at)Blattlinie: Die Website dient der Unternehmenspr\u00e4sentationUnternehmensgegenstand: Dienstleistung durch Beratung [&hellip;]","og_url":"https:\/\/chi-statt-botox.com\/pl\/impressum\/","og_site_name":"Chi statt Botox","article_modified_time":"2026-01-07T08:19:23+00:00","twitter_card":"summary_large_image","twitter_misc":{"Szacowany czas czytania":"3 minuty"},"schema":{"@context":"https:\/\/schema.org","@graph":[{"@type":"WebPage","@id":"https:\/\/chi-statt-botox.com\/impressum\/","url":"https:\/\/chi-statt-botox.com\/impressum\/","name":"Imprint - Chi zamiast botoksu","isPartOf":{"@id":"https:\/\/chi-statt-botox.com\/#website"},"datePublished":"2017-03-03T11:50:48+00:00","dateModified":"2026-01-07T08:19:23+00:00","breadcrumb":{"@id":"https:\/\/chi-statt-botox.com\/impressum\/#breadcrumb"},"inLanguage":"pl-PL","potentialAction":[{"@type":"ReadAction","target":["https:\/\/chi-statt-botox.com\/impressum\/"]}]},{"@type":"BreadcrumbList","@id":"https:\/\/chi-statt-botox.com\/impressum\/#breadcrumb","itemListElement":[{"@type":"ListItem","position":1,"name":"Startseite","item":"https:\/\/chi-statt-botox.com\/"},{"@type":"ListItem","position":2,"name":"Impressum"}]},{"@type":"WebSite","@id":"https:\/\/chi-statt-botox.com\/#website","url":"https:\/\/chi-statt-botox.com\/","name":"Chi zamiast botoksu","description":"Usuwa zmarszczki, napina sk\u00f3r\u0119","potentialAction":[{"@type":"SearchAction","target":{"@type":"EntryPoint","urlTemplate":"https:\/\/chi-statt-botox.com\/?s={search_term_string}"},"query-input":{"@type":"PropertyValueSpecification","valueRequired":true,"valueName":"search_term_string"}}],"inLanguage":"pl-PL"}]}},"_links":{"self":[{"href":"https:\/\/chi-statt-botox.com\/pl\/wp-json\/wp\/v2\/pages\/279","targetHints":{"allow":["GET"]}}],"collection":[{"href":"https:\/\/chi-statt-botox.com\/pl\/wp-json\/wp\/v2\/pages"}],"about":[{"href":"https:\/\/chi-statt-botox.com\/pl\/wp-json\/wp\/v2\/types\/page"}],"author":[{"embeddable":true,"href":"https:\/\/chi-statt-botox.com\/pl\/wp-json\/wp\/v2\/users\/1"}],"replies":[{"embeddable":true,"href":"https:\/\/chi-statt-botox.com\/pl\/wp-json\/wp\/v2\/comments?post=279"}],"version-history":[{"count":13,"href":"https:\/\/chi-statt-botox.com\/pl\/wp-json\/wp\/v2\/pages\/279\/revisions"}],"predecessor-version":[{"id":51051,"href":"https:\/\/chi-statt-botox.com\/pl\/wp-json\/wp\/v2\/pages\/279\/revisions\/51051"}],"wp:attachment":[{"href":"https:\/\/chi-statt-botox.com\/pl\/wp-json\/wp\/v2\/media?parent=279"}],"curies":[{"name":"wp","href":"https:\/\/api.w.org\/{rel}","templated":true}]}}