{"id":52217,"date":"2026-03-10T16:40:11","date_gmt":"2026-03-10T15:40:11","guid":{"rendered":"https:\/\/chi-statt-botox.com\/?page_id=52217"},"modified":"2026-03-10T17:31:33","modified_gmt":"2026-03-10T16:31:33","slug":"gua-sha-massage-anleitung","status":"publish","type":"page","link":"https:\/\/chi-statt-botox.com\/pl\/gua-sha-massage-anleitung\/","title":{"rendered":"Gua Sha Massage Anleitung"},"content":{"rendered":"<p>[et_pb_section fb_built=&#8220;1&#8243; disabled_on=&#8220;on|on|off&#8220; admin_label=&#8220;Hero&#8220; _builder_version=&#8220;4.27.4&#8243; background_color=&#8220;#fdfaf3&#8243; background_image=&#8220;https:\/\/chi-statt-botox.com\/wp-content\/uploads\/Gua-Sha-Massage-nobg-square.png&#8220; background_size=&#8220;contain&#8220; background_position=&#8220;center_left&#8220; min_height=&#8220;1080px&#8220; custom_padding=&#8220;2.1%|||||&#8220; animation_style=&#8220;zoom&#8220; animation_direction=&#8220;bottom&#8220; animation_intensity_zoom=&#8220;8%&#8220; animation_starting_opacity=&#8220;100%&#8220; box_shadow_style=&#8220;preset3&#8243; box_shadow_vertical=&#8220;-200px&#8220; box_shadow_blur=&#8220;0px&#8220; box_shadow_color=&#8220;#F8FBFE&#8220; box_shadow_position=&#8220;inner&#8220; global_colors_info=&#8220;{}&#8220;][et_pb_row _builder_version=&#8220;4.16&#8243; width=&#8220;61%&#8220; module_alignment=&#8220;right&#8220; custom_padding=&#8220;|35px|||false|false&#8220; global_colors_info=&#8220;{}&#8220;][et_pb_column type=&#8220;4_4&#8243; _builder_version=&#8220;4.16&#8243; custom_padding=&#8220;|||&#8220; global_colors_info=&#8220;{}&#8220; custom_padding__hover=&#8220;|||&#8220;][et_pb_text _builder_version=&#8220;4.27.4&#8243; text_font=&#8220;||||||||&#8220; text_text_color=&#8220;#ffffff&#8220; text_font_size=&#8220;18px&#8220; text_line_height=&#8220;1.8em&#8220; header_font=&#8220;Nunito Sans|700|||||||&#8220; header_text_align=&#8220;center&#8220; header_text_color=&#8220;#2d2d2d&#8220; header_font_size=&#8220;45px&#8220; header_line_height=&#8220;1.3em&#8220; header_2_font=&#8220;||||||||&#8220; text_orientation=&#8220;center&#8220; width=&#8220;100%&#8220; max_width=&#8220;700px&#8220; module_alignment=&#8220;center&#8220; custom_padding=&#8220;|35px||35px|false|false&#8220; global_colors_info=&#8220;{}&#8220;]<\/p>\n<h1>Chcia\u0142bym pobra\u0107 masa\u017c Gua Sha w formacie PDF<\/h1>\n<p>[\/et_pb_text][et_pb_text _builder_version=&#8220;4.27.4&#8243; global_colors_info=&#8220;{}&#8220;]<\/p>\n<div class=\"thrv_wrapper thrv_text_element\" data-css=\"tve-u-1705528477e\">\n<p class=\"tve_p_left\" data-unit=\"px\" style=\"text-align: center;\">Aby natychmiast otrzyma\u0107 plik PDF, zapisz si\u0119 do mojego newslettera tutaj i kliknij przycisk:<\/p>\n<\/div>\n<div class=\"thrv_wrapper thrv_lead_generation tve_clearfix tve_green tve_5 thrv_lead_generation_vertical\" data-tve-style=\"1\" data-tve-version=\"1\" data-inputs-count=\"5\" data-connection=\"custom-html\">\n<div class=\"thrv_lead_generation_container tve_clearfix\">\n<form method=\"post\" action=\"https:\/\/www.klick-tipp.com\/api\/subscriber\/signin.html\" id=\"ktv2-form-199699\" novalidate=\"novalidate\">\n<div class=\"tve_lead_generated_inputs_container\"><\/div>\n<\/form>\n<\/div>\n<\/div>\n<p>[\/et_pb_text][et_pb_code module_class=&#8220;klicktipp-form&#8220; _builder_version=&#8220;4.16&#8243; text_orientation=&#8220;center&#8220; width=&#8220;80%&#8220; max_width=&#8220;300px&#8220; module_alignment=&#8220;center&#8220; hover_enabled=&#8220;0&#8243; global_colors_info=&#8220;{}&#8220; sticky_enabled=&#8220;0&#8243;]<\/p>\n<div id=\"form-347404-wrapper\">\n<form id=\"ktv2-form-347404\" accept-charset=\"UTF-8\" method=\"post\" action=\"https:\/\/app.klicktipp.com\/api\/subscriber\/signin.html\" ><input type=\"hidden\" id=\"FormField_ApiKey\" name=\"apikey\" value=\"83ktz159vz8z02c9\" \/><input type=\"hidden\" id=\"FormField_Digit\" name=\"fields[fieldDigit]\" value=\"\" \/> <\/p>\n<div class=\"ktv2-form-element\"><input type=\"text\" id=\"FormField_FirstName\" name=\"fields[fieldFirstName]\" value=\"\" placeholder=\"Imi\u0119\" \/><\/div>\n<div class=\"ktv2-form-element\"><!\u2013- [et_pb_br_holder] -\u2013><input type=\"text\" id=\"FormField_EmailAddress\" name=\"email\" value=\"\" size=\"40\" placeholder=\"Tw\u00f3j adres e-mail\"\/><\/div>\n<p><!\u2013- [et_pb_br_holder] -\u2013><\/p>\n<div><input type=\"submit\" id=\"FormSubmit\" name=\"FormSubmit\" value=\"Wysy\u0142anie\"\/><\/div>\n<\/form>\n<\/div>\n<p><script type='text\/javascript' src='https:\/\/scripts.cdn.klicktipp.cloud\/captcha\/protect.js'><\/script>[\/et_pb_code][et_pb_text _builder_version=&#8220;4.16&#8243; global_colors_info=&#8220;{}&#8220;]<\/p>\n<p><strong>\u017badnego spamu, tylko cenne wskaz\u00f3wki, kt\u00f3re naprawd\u0119 dzia\u0142aj\u0105!<\/strong><\/p>\n<p>[\/et_pb_text][et_pb_cta title=&#8220;Haftungsausschluss&#8220; button_text=&#8220;Klicks&#8220; _builder_version=&#8220;4.16&#8243; global_colors_info=&#8220;{}&#8220;]<\/p>\n<p style=\"text-align: left;\">Ka\u017cde cia\u0142o jest indywidualne i dlatego nie mog\u0119 przyj\u0105\u0107 \u017cadnej odpowiedzialno\u015bci za wyniki.<\/p>\n<p style=\"text-align: left;\">Ci\u0105gle badam i natrafiam na bardzo interesuj\u0105ce tre\u015bci, kt\u00f3rymi chc\u0119 si\u0119 dzieli\u0107 z innymi. Przesy\u0142aj\u0105c formularz, wyra\u017casz zgod\u0119 na przesy\u0142anie Ci tych interesuj\u0105cych informacji, porad i wskaz\u00f3wek poczt\u0105 elektroniczn\u0105. Twoje dane s\u0105 u mnie bezpieczne, w ka\u017cdej chwili mo\u017cesz zrezygnowa\u0107 z ich otrzymywania, a ja przestrzegam og\u00f3lnego rozporz\u0105dzenia o ochronie danych.<\/p>\n<p>[\/et_pb_cta][\/et_pb_column][\/et_pb_row][\/et_pb_section][et_pb_section fb_built=&#8220;1&#8243; disabled_on=&#8220;off|off|on&#8220; _builder_version=&#8220;4.27.4&#8243; _module_preset=&#8220;default&#8220; global_colors_info=&#8220;{}&#8220;][et_pb_row _builder_version=&#8220;4.16&#8243; _module_preset=&#8220;default&#8220; global_colors_info=&#8220;{}&#8220;][et_pb_column type=&#8220;4_4&#8243; _builder_version=&#8220;4.16&#8243; _module_preset=&#8220;default&#8220; global_colors_info=&#8220;{}&#8220;][et_pb_image src=&#8220;https:\/\/chi-statt-botox.com\/wp-content\/uploads\/Gua-Sha-Massage-bg-square.jpg&#8220; alt=&#8220;Gua-Sha-Massage&#8220; title_text=&#8220;Gua-Sha-Massage-bg-square&#8220; align=&#8220;center&#8220; _builder_version=&#8220;4.27.4&#8243; _module_preset=&#8220;default&#8220; global_colors_info=&#8220;{}&#8220;][\/et_pb_image][et_pb_text _builder_version=&#8220;4.27.4&#8243; text_font=&#8220;Nunito Sans||||||||&#8220; text_text_color=&#8220;#ffffff&#8220; text_font_size=&#8220;18px&#8220; text_line_height=&#8220;1.8em&#8220; header_font=&#8220;Nunito Sans|700|||||||&#8220; header_text_align=&#8220;center&#8220; header_text_color=&#8220;#2d2d2d&#8220; header_font_size=&#8220;45px&#8220; header_line_height=&#8220;1.3em&#8220; header_2_font=&#8220;||||||||&#8220; text_orientation=&#8220;center&#8220; width=&#8220;100%&#8220; max_width=&#8220;700px&#8220; module_alignment=&#8220;center&#8220; global_colors_info=&#8220;{}&#8220;]<\/p>\n<h2>Chcia\u0142bym<br \/>\nMasa\u017c Gua Sha w formacie PDF<\/h2>\n<p>[\/et_pb_text][et_pb_text _builder_version=&#8220;4.16&#8243; custom_margin=&#8220;-27px|||||&#8220; global_colors_info=&#8220;{}&#8220;]<\/p>\n<div class=\"thrv_wrapper thrv_text_element\" data-css=\"tve-u-1705528477e\">\n<p class=\"tve_p_left\" data-unit=\"px\">Aby natychmiast otrzyma\u0107 plik PDF, zapisz si\u0119 do mojego newslettera tutaj i kliknij przycisk:<\/p>\n<\/div>\n<div class=\"thrv_wrapper thrv_lead_generation tve_clearfix tve_green tve_5 thrv_lead_generation_vertical\" data-tve-style=\"1\" data-tve-version=\"1\" data-inputs-count=\"5\" data-connection=\"custom-html\">\n<div class=\"thrv_lead_generation_container tve_clearfix\">\n<form method=\"post\" action=\"https:\/\/www.klick-tipp.com\/api\/subscriber\/signin.html\" id=\"ktv2-form-199699\" novalidate=\"novalidate\">\n<div class=\"tve_lead_generated_inputs_container\"><\/div>\n<\/form>\n<\/div>\n<\/div>\n<p>[\/et_pb_text][et_pb_code _builder_version=&#8220;4.27.4&#8243; text_orientation=&#8220;center&#8220; hover_enabled=&#8220;0&#8243; global_colors_info=&#8220;{}&#8220; sticky_enabled=&#8220;0&#8243;]<iframe loading=\"lazy\" class=\"ktv2\" src=\"https:\/\/assets.klicktipp.com\/userimages\/49346\/forms\/347402\/83krz159vz8zdd15.html\" style=\"position:relative;display:inline-block;border:none;background:transparent none no-repeat scroll 0 0;margin:0;\" width=\"300\" height=\"205\" scrolling=\"no\"><\/iframe>[\/et_pb_code][et_pb_code disabled_on=&#8220;on|on|on&#8220; _builder_version=&#8220;4.16&#8243; disabled=&#8220;on&#8220; global_colors_info=&#8220;{}&#8220;]<\/p>\n<form method=\"post\" action=\"https:\/\/www.klick-tipp.com\/api\/subscriber\/signin.html\" id=\"ktv2-form-199699\"<!--no numeric noise key 1017-->    novalidate=&#8220;novalidate&#8220;><input type=\"hidden\" class=\"tve-f-a-hidden\"<!--no numeric noise key 1016-->        value=&#8220;https:\/\/www.klick-tipp.com\/api\/subscriber\/signin.html&#8220;><input id=\"apikey\" type=\"hidden\" name=\"apikey\"<!--no numeric noise key 1015-->        value=&#8220;4n0oz159vz8zd104&#8243;><input id=\"fields[fieldDigit]\" type=\"hidden\" name=\"fields[fieldDigit]\" value=\"\"><!-- [et_pb_line_break_holder] -->    <\/p>\n<div class=\"tve_lead_generated_inputs_container\"><!-- [et_pb_line_break_holder] -->        <\/p>\n<div class=\"tve_lg_input_container tve_lg_input\"><input name=\"fields[fieldFirstName]\" id=\"FormField_FirstName\"<!--no numeric noise key 1012-->                type=&#8220;text&#8220; placeholder=&#8220;Hier deinen Vornamen eintragen&#8230;&#8220; value=&#8220;&#8220; label=&#8220;Vorname: &#8222;<!-- [et_pb_line_break_holder] -->                data-placeholder=&#8220;Hier deinen Vornamen eintragen&#8230;&#8220; data-tp-id=&#8220;FormField_FirstName&#8220;><\/div>\n<p><!-- [et_pb_line_break_holder] -->        <\/p>\n<div class=\"tve_lg_input_container tve_lg_input\"><input name=\"email\" id=\"FormField_EmailAddress\" type=\"text\"<!--no numeric noise key 1009-->                placeholder=&#8220;Hier deine E-Mail-Adresse eintragen&#8230;&#8220; value=&#8220;&#8220; data-required=&#8220;1&#8243; data-validation=&#8220;email&#8220;<!-- [et_pb_line_break_holder] -->                label=&#8220;Ihre E-Mail-Adresse: &#8220; data-placeholder=&#8220;Hier deine E-Mail-Adresse eintragen&#8230;&#8220;<!-- [et_pb_line_break_holder] -->                data-tp-id=\"FormField_EmailAddress\"&gt;.<\/div>\n<p><!-- [et_pb_line_break_holder] -->        <\/p>\n<div class=\"tve_lg_input_container tve_submit_container tve_lg_submit\" data-css=\"tve-u-170552560bd\"<!--no numeric noise key 1005-->            data-tcb_hover_state_parent=&#8220;&#8220; style=&#8220;&#8220;><button type=\"submit\" id=\"tve_lg_submit_button\" class=\"\" style=\"\">Tak, wy\u015blij mi plik PDF<br<!--___noise___ 1004-->                    style=&#8220;&#8220;><\/button><\/div>\n<p><!-- [et_pb_line_break_holder] -->    <\/div>\n<p><input id=\"__tcb_lg_msg\" type=\"hidden\" name=\"__tcb_lg_msg\"<!--no numeric noise key 1002-->        value=&#8220;YToyOntzOjc6InN1Y2Nlc3MiO3M6ODoiU3VjY2VzcyEiO3M6NToiZXJyb3IiO3M6MTM6IjxwPkVycm9yITwvcD4iO30=&#8220;><input<!--___noise___ 1001-->        id=&#8220;_error_message_option&#8220; type=&#8220;hidden&#8220; name=&#8220;_error_message_option&#8220; value=&#8220;0&#8243;><!-- [et_pb_line_break_holder] --><\/form>\n<p>[\/et_pb_code][et_pb_text _builder_version=&#8220;4.16&#8243; global_colors_info=&#8220;{}&#8220;]<\/p>\n<p><strong>\u017badnego spamu, tylko cenne wskaz\u00f3wki, kt\u00f3re naprawd\u0119 dzia\u0142aj\u0105!<\/strong><\/p>\n<p>[\/et_pb_text][et_pb_cta title=&#8220;Haftungsausschluss&#8220; button_text=&#8220;Klicks&#8220; _builder_version=&#8220;4.16&#8243; global_colors_info=&#8220;{}&#8220;]<\/p>\n<p style=\"text-align: left;\">Ka\u017cde cia\u0142o jest indywidualne i dlatego nie mog\u0119 przyj\u0105\u0107 \u017cadnej odpowiedzialno\u015bci za wyniki.<\/p>\n<p style=\"text-align: left;\">Ci\u0105gle badam i natrafiam na bardzo interesuj\u0105ce tre\u015bci, kt\u00f3rymi chc\u0119 si\u0119 dzieli\u0107 z innymi. Przesy\u0142aj\u0105c formularz, wyra\u017casz zgod\u0119 na przesy\u0142anie Ci tych interesuj\u0105cych informacji, porad i wskaz\u00f3wek poczt\u0105 elektroniczn\u0105. Twoje dane s\u0105 u mnie bezpieczne, w ka\u017cdej chwili mo\u017cesz zrezygnowa\u0107 z ich otrzymywania, a ja przestrzegam og\u00f3lnego rozporz\u0105dzenia o ochronie danych.<\/p>\n<p>[\/et_pb_cta][\/et_pb_column][\/et_pb_row][\/et_pb_section]<\/p>","protected":false},"excerpt":{"rendered":"<p>Ich m\u00f6chte die Gua Sha Massage als PDF Um das \u200bPDF sofort \u200bzu erhalten, trage Dich hier in meinen Newsletter ein und klicke auf den Button: Keine Spams, nur wertvolle Tipps, die wirklich funktionieren!Jeder K\u00f6rper ist individuell und ich kann daher keine Haftung f\u00fcr die Resultate \u00fcbernehmen. Ich recherchiere weiter und sto\u00dfe immer wieder auf [&hellip;]<\/p>","protected":false},"author":1,"featured_media":0,"parent":0,"menu_order":0,"comment_status":"closed","ping_status":"closed","template":"","meta":{"_acf_changed":false,"_et_pb_use_builder":"on","_et_pb_old_content":"","_et_gb_content_width":"","footnotes":""},"class_list":["post-52217","page","type-page","status-publish","hentry"],"acf":[],"yoast_head":"<!-- This site is optimized with the Yoast SEO plugin v26.4 - https:\/\/yoast.com\/wordpress\/plugins\/seo\/ -->\n<title>Gua Sha Massage Anleitung - Chi statt Botox<\/title>\n<meta name=\"robots\" content=\"index, follow, max-snippet:-1, max-image-preview:large, max-video-preview:-1\" \/>\n<link rel=\"canonical\" href=\"https:\/\/chi-statt-botox.com\/pl\/gua-sha-massage-anleitung\/\" \/>\n<meta property=\"og:locale\" content=\"pl_PL\" \/>\n<meta property=\"og:type\" content=\"article\" \/>\n<meta property=\"og:title\" content=\"Gua Sha Massage Anleitung - Chi statt Botox\" \/>\n<meta property=\"og:description\" content=\"Ich m\u00f6chte die Gua Sha Massage als PDF Um das \u200bPDF sofort \u200bzu erhalten, trage Dich hier in meinen Newsletter ein und klicke auf den Button: Keine Spams, nur wertvolle Tipps, die wirklich funktionieren!Jeder K\u00f6rper ist individuell und ich kann daher keine Haftung f\u00fcr die Resultate \u00fcbernehmen. Ich recherchiere weiter und sto\u00dfe immer wieder auf [&hellip;]\" \/>\n<meta property=\"og:url\" content=\"https:\/\/chi-statt-botox.com\/pl\/gua-sha-massage-anleitung\/\" \/>\n<meta property=\"og:site_name\" content=\"Chi statt Botox\" \/>\n<meta property=\"article:modified_time\" content=\"2026-03-10T16:31:33+00:00\" \/>\n<meta name=\"twitter:card\" content=\"summary_large_image\" \/>\n<meta name=\"twitter:label1\" content=\"Szacowany czas czytania\" \/>\n\t<meta name=\"twitter:data1\" content=\"1 minuta\" \/>\n<script type=\"application\/ld+json\" class=\"yoast-schema-graph\">{\"@context\":\"https:\/\/schema.org\",\"@graph\":[{\"@type\":\"WebPage\",\"@id\":\"https:\/\/chi-statt-botox.com\/gua-sha-massage-anleitung\/\",\"url\":\"https:\/\/chi-statt-botox.com\/gua-sha-massage-anleitung\/\",\"name\":\"Gua Sha Massage Anleitung - Chi statt Botox\",\"isPartOf\":{\"@id\":\"https:\/\/chi-statt-botox.com\/#website\"},\"datePublished\":\"2026-03-10T15:40:11+00:00\",\"dateModified\":\"2026-03-10T16:31:33+00:00\",\"breadcrumb\":{\"@id\":\"https:\/\/chi-statt-botox.com\/gua-sha-massage-anleitung\/#breadcrumb\"},\"inLanguage\":\"pl-PL\",\"potentialAction\":[{\"@type\":\"ReadAction\",\"target\":[\"https:\/\/chi-statt-botox.com\/gua-sha-massage-anleitung\/\"]}]},{\"@type\":\"BreadcrumbList\",\"@id\":\"https:\/\/chi-statt-botox.com\/gua-sha-massage-anleitung\/#breadcrumb\",\"itemListElement\":[{\"@type\":\"ListItem\",\"position\":1,\"name\":\"Startseite\",\"item\":\"https:\/\/chi-statt-botox.com\/\"},{\"@type\":\"ListItem\",\"position\":2,\"name\":\"Gua Sha Massage Anleitung\"}]},{\"@type\":\"WebSite\",\"@id\":\"https:\/\/chi-statt-botox.com\/#website\",\"url\":\"https:\/\/chi-statt-botox.com\/\",\"name\":\"Chi statt Botox\",\"description\":\"Falten wegzaubern, Haut straffen\",\"potentialAction\":[{\"@type\":\"SearchAction\",\"target\":{\"@type\":\"EntryPoint\",\"urlTemplate\":\"https:\/\/chi-statt-botox.com\/?s={search_term_string}\"},\"query-input\":{\"@type\":\"PropertyValueSpecification\",\"valueRequired\":true,\"valueName\":\"search_term_string\"}}],\"inLanguage\":\"pl-PL\"}]}<\/script>\n<!-- \/ Yoast SEO plugin. -->","yoast_head_json":{"title":"Gua Sha Massage Anleitung - Chi statt Botox","robots":{"index":"index","follow":"follow","max-snippet":"max-snippet:-1","max-image-preview":"max-image-preview:large","max-video-preview":"max-video-preview:-1"},"canonical":"https:\/\/chi-statt-botox.com\/pl\/gua-sha-massage-anleitung\/","og_locale":"pl_PL","og_type":"article","og_title":"Gua Sha Massage Anleitung - Chi statt Botox","og_description":"Ich m\u00f6chte die Gua Sha Massage als PDF Um das \u200bPDF sofort \u200bzu erhalten, trage Dich hier in meinen Newsletter ein und klicke auf den Button: Keine Spams, nur wertvolle Tipps, die wirklich funktionieren!Jeder K\u00f6rper ist individuell und ich kann daher keine Haftung f\u00fcr die Resultate \u00fcbernehmen. Ich recherchiere weiter und sto\u00dfe immer wieder auf [&hellip;]","og_url":"https:\/\/chi-statt-botox.com\/pl\/gua-sha-massage-anleitung\/","og_site_name":"Chi statt Botox","article_modified_time":"2026-03-10T16:31:33+00:00","twitter_card":"summary_large_image","twitter_misc":{"Szacowany czas czytania":"1 minuta"},"schema":{"@context":"https:\/\/schema.org","@graph":[{"@type":"WebPage","@id":"https:\/\/chi-statt-botox.com\/gua-sha-massage-anleitung\/","url":"https:\/\/chi-statt-botox.com\/gua-sha-massage-anleitung\/","name":"Gua Sha Massage Anleitung - Chi statt Botox","isPartOf":{"@id":"https:\/\/chi-statt-botox.com\/#website"},"datePublished":"2026-03-10T15:40:11+00:00","dateModified":"2026-03-10T16:31:33+00:00","breadcrumb":{"@id":"https:\/\/chi-statt-botox.com\/gua-sha-massage-anleitung\/#breadcrumb"},"inLanguage":"pl-PL","potentialAction":[{"@type":"ReadAction","target":["https:\/\/chi-statt-botox.com\/gua-sha-massage-anleitung\/"]}]},{"@type":"BreadcrumbList","@id":"https:\/\/chi-statt-botox.com\/gua-sha-massage-anleitung\/#breadcrumb","itemListElement":[{"@type":"ListItem","position":1,"name":"Startseite","item":"https:\/\/chi-statt-botox.com\/"},{"@type":"ListItem","position":2,"name":"Gua Sha Massage Anleitung"}]},{"@type":"WebSite","@id":"https:\/\/chi-statt-botox.com\/#website","url":"https:\/\/chi-statt-botox.com\/","name":"Chi zamiast botoksu","description":"Usuwa zmarszczki, napina sk\u00f3r\u0119","potentialAction":[{"@type":"SearchAction","target":{"@type":"EntryPoint","urlTemplate":"https:\/\/chi-statt-botox.com\/?s={search_term_string}"},"query-input":{"@type":"PropertyValueSpecification","valueRequired":true,"valueName":"search_term_string"}}],"inLanguage":"pl-PL"}]}},"_links":{"self":[{"href":"https:\/\/chi-statt-botox.com\/pl\/wp-json\/wp\/v2\/pages\/52217","targetHints":{"allow":["GET"]}}],"collection":[{"href":"https:\/\/chi-statt-botox.com\/pl\/wp-json\/wp\/v2\/pages"}],"about":[{"href":"https:\/\/chi-statt-botox.com\/pl\/wp-json\/wp\/v2\/types\/page"}],"author":[{"embeddable":true,"href":"https:\/\/chi-statt-botox.com\/pl\/wp-json\/wp\/v2\/users\/1"}],"replies":[{"embeddable":true,"href":"https:\/\/chi-statt-botox.com\/pl\/wp-json\/wp\/v2\/comments?post=52217"}],"version-history":[{"count":6,"href":"https:\/\/chi-statt-botox.com\/pl\/wp-json\/wp\/v2\/pages\/52217\/revisions"}],"predecessor-version":[{"id":52243,"href":"https:\/\/chi-statt-botox.com\/pl\/wp-json\/wp\/v2\/pages\/52217\/revisions\/52243"}],"wp:attachment":[{"href":"https:\/\/chi-statt-botox.com\/pl\/wp-json\/wp\/v2\/media?parent=52217"}],"curies":[{"name":"wp","href":"https:\/\/api.w.org\/{rel}","templated":true}]}}