{"id":6280,"date":"2021-01-29T11:57:27","date_gmt":"2021-01-29T10:57:27","guid":{"rendered":"https:\/\/chi-statt-botox.com\/?page_id=6280"},"modified":"2023-01-27T10:21:55","modified_gmt":"2023-01-27T09:21:55","slug":"live-kurse","status":"publish","type":"page","link":"https:\/\/chi-statt-botox.com\/pl\/live-kurse\/","title":{"rendered":"Kursy na \u017cywo"},"content":{"rendered":"<p>[et_pb_section fb_built=\"1\u2033 custom_padding_last_edited=\"on|phone\" _builder_version=\"4.16\u2033 custom_padding_tablet=\"\" custom_padding_phone=\"30px||15px||false|false\" global_colors_info=\"{}\"][et_pb_row _builder_version=\"4.16\u2033 global_colors_info=\"{}\"][et_pb_column type=\"4_4\u2033 _builder_version=\"4.16\u2033 global_colors_info=\"{}\"][et_pb_text module_class=\"npb\" _builder_version=\"4.16\u2033 header_font=\"|300||on||||\" custom_margin=\"||||false|false\" custom_padding=\"||25px|false|false\" border_width_left=\"4px\" border_color_left=\"#ffcd02\u2033 global_colors_info=\"{}\"]<\/p>\n<h1>Kursy na \u017cywo<\/h1>\n<p>[\/et_pb_text][\/et_pb_column][\/et_pb_row][et_pb_row _builder_version=\"4.16\u2033 custom_padding=\"0px||||false|false\" global_colors_info=\"{}\"][et_pb_column type=\"4_4\u2033 _builder_version=\"4.16\u2033 global_colors_info=\"{}\"][et_pb_text _builder_version=\"4.19.4\u2033 _module_preset=\"default\" hover_enabled=\"0\u2033 global_colors_info=\"{}\" sticky_enabled=\"0\u2033]<\/p>\n<p><span style=\"font-size: large;\">Oczekuje si\u0119, \u017ce kursy na \u017cywo odb\u0119d\u0105 si\u0119 w <strong>Jesie\u0144 2023 r. <\/strong>ponownie. Jak tylko pojawi\u0105 si\u0119 konkretne daty, zostan\u0105 one og\u0142oszone tutaj.<\/span><\/p>\n<p><span style=\"font-size: large;\">Je\u015bli chcesz by\u0107 informowany o nowych terminach, zapisz si\u0119 do newslettera poni\u017cej. W podzi\u0119kowaniu otrzymasz ode mnie ciekawe wideo i b\u0119dziesz mia\u0142 wi\u0119ksze szanse na otrzymanie miejsca na kursie, poniewa\u017c <strong>Jeste\u015b pierwszym, kt\u00f3ry zostanie poinformowany<\/strong>.<\/span><\/p>\n<p><span style=\"font-size: large;\">Czekam z niecierpliwo\u015bci\u0105! \ud83d\ude42\u00a0<\/span><\/p>\n<p>[\/et_pb_text][\/et_pb_column][\/et_pb_row][et_pb_row column_structure=\"1_2,1_2\u2033 custom_padding_last_edited=\"on|phone\" _builder_version=\"4.16\u2033 custom_margin=\"30px||||false|false\" custom_padding_tablet=\"\" custom_padding_phone=\"0px||||false|false\" global_colors_info=\"{}\"][et_pb_column type=\"1_2\u2033 _builder_version=\"4.16\u2033 custom_padding=\"30px|30px|30px|30px|true|true\" box_shadow_style=\"preset2\u2033 global_colors_info=\"{}\"][et_pb_text _builder_version=\"4.16\u2033 header_2_font=\"||||on||||\" header_2_text_align=\"center\" custom_margin=\"||10px|false|false\" global_colors_info=\"{}\"]<\/p>\n<h2>Zapisz si\u0119 do newslettera<\/h2>\n<p>[\/et_pb_text][et_pb_code _builder_version=\"4.16\u2033 _module_preset=\"default\" global_colors_info=\"{}\"]<\/p>\n<div id=\"form-66982-wrapper\"><!-- [et_pb_line_break_holder] --><\/p>\n<form id=\"ktv2-form-66982\" accept-charset=\"UTF-8\" method=\"post\" action=\"https:\/\/www.klick-tipp.com\/api\/subscriber\/signin.html\"><input type=\"hidden\" id=\"FormField_ApiKey\" name=\"apikey\" value=\"1jnrz159vz8z3a9b\"><!-- [et_pb_line_break_holder] -->        <\/p>\n<div class=\"ktv2-form-element\"><label for=\"FormField_FirstName\">Imi\u0119: <\/label><!\u2013- [et_pb_br_holder] -\u2013><input type=\"text\" id=\"FormField_FirstName\" name=\"fields[fieldFirstName]\" value=\"\" data-tp-id=\"FormField_FirstName\"><\/div>\n<p><!-- [et_pb_line_break_holder] -->        <\/p>\n<div class=\"ktv2-form-element\"><label for=\"FormField_EmailAddress\">Tw\u00f3j adres e-mail: <\/label><!\u2013- [et_pb_br_holder] -\u2013><input type=\"text\" id=\"FormField_EmailAddress\" name=\"email\" value=\"\" size=\"40\" data-tp-id=\"FormField_EmailAddress\"><\/div>\n<p><!-- [et_pb_line_break_holder] -->        <\/p>\n<div class=\"form-submit-wrapper\"><input type=\"submit\" id=\"FormSubmit\" name=\"FormSubmit\" value=\"Zaloguj si\u0119\"><\/div>\n<p><!-- [et_pb_line_break_holder] -->    <\/form>\n<p><!-- [et_pb_line_break_holder] -->  <\/div>\n<p>[\/et_pb_code][\/et_pb_column][et_pb_column type=\"1_2\u2033 _builder_version=\"4.16\u2033 global_colors_info=\"{}\"][et_pb_image src=\"https:\/\/chi-statt-botox.com\/wp-content\/uploads\/Screenshot-84.png\" align=\"center\" _builder_version=\"4.16\u2033 custom_margin=\"50px||||false|false\" custom_margin_tablet=\"0px||||false|false\" custom_margin_phone=\"|0px|10px|0px|false|true\" custom_margin_last_edited=\"on|phone\" box_shadow_style=\"preset4\u2033 box_shadow_color=\"#ffce01\u2033 global_colors_info=\"{}\"][\/et_pb_image][\/et_pb_column][\/et_pb_row][\/et_pb_section]<\/p>","protected":false},"excerpt":{"rendered":"<p>Kursy na \u017cywoKursy na \u017cywo odb\u0119d\u0105 si\u0119 ponownie jesieni\u0105 2023 roku. Gdy tylko pojawi\u0105 si\u0119 konkretne daty, zostan\u0105 one og\u0142oszone tutaj. Je\u015bli chcesz by\u0107 informowany o nowych terminach, zapisz si\u0119 do newslettera poni\u017cej. W podzi\u0119kowaniu otrzymasz ode mnie interesuj\u0105ce wideo i b\u0119dziesz mia\u0142 wi\u0119ksze szanse na zdobycie miejsca na kursie, poniewa\u017c b\u0119dziesz pierwszym, kt\u00f3ry [...]<\/p>","protected":false},"author":3,"featured_media":0,"parent":0,"menu_order":0,"comment_status":"closed","ping_status":"closed","template":"","meta":{"_acf_changed":false,"_et_pb_use_builder":"on","_et_pb_old_content":"","_et_gb_content_width":"","footnotes":""},"class_list":["post-6280","page","type-page","status-publish","hentry"],"acf":[],"yoast_head":"<!-- This site is optimized with the Yoast SEO plugin v26.4 - https:\/\/yoast.com\/wordpress\/plugins\/seo\/ -->\n<title>Live-Kurse - Chi statt Botox<\/title>\n<meta name=\"robots\" content=\"index, follow, max-snippet:-1, max-image-preview:large, max-video-preview:-1\" \/>\n<link rel=\"canonical\" href=\"https:\/\/chi-statt-botox.com\/pl\/live-kurse\/\" \/>\n<meta property=\"og:locale\" content=\"pl_PL\" \/>\n<meta property=\"og:type\" content=\"article\" \/>\n<meta property=\"og:title\" content=\"Live-Kurse - Chi statt Botox\" \/>\n<meta property=\"og:description\" content=\"Live-KurseLive-Kurse gibt es voraussichtlich im Herbst 2023 wieder. Sobald es konkrete Termine gibt, werden sie hier ausgeschrieben. Wenn ihr \u00fcber neue Termine informiert werden wollt, tragt euch unten in den Newsletter ein. Als Dankesch\u00f6n bekommt ihr ein interessantes Video von mir und habt bessere Chancen, einen Kursplatz zu ergattern, da ihr die ersten seid, die [&hellip;]\" \/>\n<meta property=\"og:url\" content=\"https:\/\/chi-statt-botox.com\/pl\/live-kurse\/\" \/>\n<meta property=\"og:site_name\" content=\"Chi statt Botox\" \/>\n<meta property=\"article:modified_time\" content=\"2023-01-27T09:21:55+00:00\" \/>\n<meta name=\"twitter:card\" content=\"summary_large_image\" \/>\n<meta name=\"twitter:label1\" content=\"Szacowany czas czytania\" \/>\n\t<meta name=\"twitter:data1\" content=\"2 minuty\" \/>\n<script type=\"application\/ld+json\" class=\"yoast-schema-graph\">{\"@context\":\"https:\/\/schema.org\",\"@graph\":[{\"@type\":\"WebPage\",\"@id\":\"https:\/\/chi-statt-botox.com\/live-kurse\/\",\"url\":\"https:\/\/chi-statt-botox.com\/live-kurse\/\",\"name\":\"Live-Kurse - Chi statt Botox\",\"isPartOf\":{\"@id\":\"https:\/\/chi-statt-botox.com\/#website\"},\"datePublished\":\"2021-01-29T10:57:27+00:00\",\"dateModified\":\"2023-01-27T09:21:55+00:00\",\"breadcrumb\":{\"@id\":\"https:\/\/chi-statt-botox.com\/live-kurse\/#breadcrumb\"},\"inLanguage\":\"pl-PL\",\"potentialAction\":[{\"@type\":\"ReadAction\",\"target\":[\"https:\/\/chi-statt-botox.com\/live-kurse\/\"]}]},{\"@type\":\"BreadcrumbList\",\"@id\":\"https:\/\/chi-statt-botox.com\/live-kurse\/#breadcrumb\",\"itemListElement\":[{\"@type\":\"ListItem\",\"position\":1,\"name\":\"Startseite\",\"item\":\"https:\/\/chi-statt-botox.com\/\"},{\"@type\":\"ListItem\",\"position\":2,\"name\":\"Live-Kurse\"}]},{\"@type\":\"WebSite\",\"@id\":\"https:\/\/chi-statt-botox.com\/#website\",\"url\":\"https:\/\/chi-statt-botox.com\/\",\"name\":\"Chi statt Botox\",\"description\":\"Falten wegzaubern, Haut straffen\",\"potentialAction\":[{\"@type\":\"SearchAction\",\"target\":{\"@type\":\"EntryPoint\",\"urlTemplate\":\"https:\/\/chi-statt-botox.com\/?s={search_term_string}\"},\"query-input\":{\"@type\":\"PropertyValueSpecification\",\"valueRequired\":true,\"valueName\":\"search_term_string\"}}],\"inLanguage\":\"pl-PL\"}]}<\/script>\n<!-- \/ Yoast SEO plugin. -->","yoast_head_json":{"title":"Kursy na \u017cywo - Chi zamiast botoksu","robots":{"index":"index","follow":"follow","max-snippet":"max-snippet:-1","max-image-preview":"max-image-preview:large","max-video-preview":"max-video-preview:-1"},"canonical":"https:\/\/chi-statt-botox.com\/pl\/live-kurse\/","og_locale":"pl_PL","og_type":"article","og_title":"Live-Kurse - Chi statt Botox","og_description":"Live-KurseLive-Kurse gibt es voraussichtlich im Herbst 2023 wieder. Sobald es konkrete Termine gibt, werden sie hier ausgeschrieben. Wenn ihr \u00fcber neue Termine informiert werden wollt, tragt euch unten in den Newsletter ein. Als Dankesch\u00f6n bekommt ihr ein interessantes Video von mir und habt bessere Chancen, einen Kursplatz zu ergattern, da ihr die ersten seid, die [&hellip;]","og_url":"https:\/\/chi-statt-botox.com\/pl\/live-kurse\/","og_site_name":"Chi statt Botox","article_modified_time":"2023-01-27T09:21:55+00:00","twitter_card":"summary_large_image","twitter_misc":{"Szacowany czas czytania":"2 minuty"},"schema":{"@context":"https:\/\/schema.org","@graph":[{"@type":"WebPage","@id":"https:\/\/chi-statt-botox.com\/live-kurse\/","url":"https:\/\/chi-statt-botox.com\/live-kurse\/","name":"Kursy na \u017cywo - Chi zamiast botoksu","isPartOf":{"@id":"https:\/\/chi-statt-botox.com\/#website"},"datePublished":"2021-01-29T10:57:27+00:00","dateModified":"2023-01-27T09:21:55+00:00","breadcrumb":{"@id":"https:\/\/chi-statt-botox.com\/live-kurse\/#breadcrumb"},"inLanguage":"pl-PL","potentialAction":[{"@type":"ReadAction","target":["https:\/\/chi-statt-botox.com\/live-kurse\/"]}]},{"@type":"BreadcrumbList","@id":"https:\/\/chi-statt-botox.com\/live-kurse\/#breadcrumb","itemListElement":[{"@type":"ListItem","position":1,"name":"Startseite","item":"https:\/\/chi-statt-botox.com\/"},{"@type":"ListItem","position":2,"name":"Live-Kurse"}]},{"@type":"WebSite","@id":"https:\/\/chi-statt-botox.com\/#website","url":"https:\/\/chi-statt-botox.com\/","name":"Chi zamiast botoksu","description":"Usuwa zmarszczki, napina sk\u00f3r\u0119","potentialAction":[{"@type":"SearchAction","target":{"@type":"EntryPoint","urlTemplate":"https:\/\/chi-statt-botox.com\/?s={search_term_string}"},"query-input":{"@type":"PropertyValueSpecification","valueRequired":true,"valueName":"search_term_string"}}],"inLanguage":"pl-PL"}]}},"_links":{"self":[{"href":"https:\/\/chi-statt-botox.com\/pl\/wp-json\/wp\/v2\/pages\/6280","targetHints":{"allow":["GET"]}}],"collection":[{"href":"https:\/\/chi-statt-botox.com\/pl\/wp-json\/wp\/v2\/pages"}],"about":[{"href":"https:\/\/chi-statt-botox.com\/pl\/wp-json\/wp\/v2\/types\/page"}],"author":[{"embeddable":true,"href":"https:\/\/chi-statt-botox.com\/pl\/wp-json\/wp\/v2\/users\/3"}],"replies":[{"embeddable":true,"href":"https:\/\/chi-statt-botox.com\/pl\/wp-json\/wp\/v2\/comments?post=6280"}],"version-history":[{"count":9,"href":"https:\/\/chi-statt-botox.com\/pl\/wp-json\/wp\/v2\/pages\/6280\/revisions"}],"predecessor-version":[{"id":20988,"href":"https:\/\/chi-statt-botox.com\/pl\/wp-json\/wp\/v2\/pages\/6280\/revisions\/20988"}],"wp:attachment":[{"href":"https:\/\/chi-statt-botox.com\/pl\/wp-json\/wp\/v2\/media?parent=6280"}],"curies":[{"name":"wp","href":"https:\/\/api.w.org\/{rel}","templated":true}]}}