{"id":6300,"date":"2021-01-29T13:49:16","date_gmt":"2021-01-29T12:49:16","guid":{"rendered":"https:\/\/chi-statt-botox.com\/?page_id=6300"},"modified":"2021-01-30T22:41:25","modified_gmt":"2021-01-30T21:41:25","slug":"danke-fuer-dein-interesse-3","status":"publish","type":"page","link":"https:\/\/chi-statt-botox.com\/pl\/danke-fuer-dein-interesse-3\/","title":{"rendered":"Dzi\u0119kujemy za zainteresowanie"},"content":{"rendered":"[et_pb_section fb_built=&#8220;1&#8243; _builder_version=&#8220;4.4.3&#8243;][et_pb_row _builder_version=&#8220;4.4.3&#8243;][et_pb_column _builder_version=&#8220;4.4.3&#8243; type=&#8220;4_4&#8243;][et_pb_text _builder_version=&#8220;4.4.3&#8243; hover_enabled=&#8220;0&#8243;]<p>Dzi\u0119kujemy za rejestracj\u0119!<br \/>Otrzymasz wiadomo\u015b\u0107 e-mail, w kt\u00f3rej b\u0119dziesz m\u00f3g\u0142 potwierdzi\u0107 rejestracj\u0119.<\/p>\n[\/et_pb_text][\/et_pb_column][\/et_pb_row][\/et_pb_section]","protected":false},"excerpt":{"rendered":"<p>Vielen Dank f\u00fcr deine Anmeldung!Sie erhalten eine E-Mail, in welcher Sie die Anmeldung best\u00e4tigen k\u00f6nnen.<\/p>","protected":false},"author":3,"featured_media":0,"parent":0,"menu_order":0,"comment_status":"closed","ping_status":"closed","template":"","meta":{"_acf_changed":false,"_et_pb_use_builder":"on","_et_pb_old_content":"","_et_gb_content_width":"","footnotes":""},"class_list":["post-6300","page","type-page","status-publish","hentry"],"acf":[],"yoast_head":"<!-- This site is optimized with the Yoast SEO plugin v26.4 - https:\/\/yoast.com\/wordpress\/plugins\/seo\/ -->\n<title>Danke f\u00fcr dein Interesse - Chi statt Botox<\/title>\n<meta name=\"robots\" content=\"index, follow, max-snippet:-1, max-image-preview:large, max-video-preview:-1\" \/>\n<link rel=\"canonical\" href=\"https:\/\/chi-statt-botox.com\/pl\/danke-fuer-dein-interesse-3\/\" \/>\n<meta property=\"og:locale\" content=\"pl_PL\" \/>\n<meta property=\"og:type\" content=\"article\" \/>\n<meta property=\"og:title\" content=\"Danke f\u00fcr dein Interesse - Chi statt Botox\" \/>\n<meta property=\"og:description\" content=\"Vielen Dank f\u00fcr deine Anmeldung!Sie erhalten eine E-Mail, in welcher Sie die Anmeldung best\u00e4tigen k\u00f6nnen.\" \/>\n<meta property=\"og:url\" content=\"https:\/\/chi-statt-botox.com\/pl\/danke-fuer-dein-interesse-3\/\" \/>\n<meta property=\"og:site_name\" content=\"Chi statt Botox\" \/>\n<meta property=\"article:modified_time\" content=\"2021-01-30T21:41:25+00:00\" \/>\n<meta name=\"twitter:card\" content=\"summary_large_image\" \/>\n<script type=\"application\/ld+json\" class=\"yoast-schema-graph\">{\"@context\":\"https:\/\/schema.org\",\"@graph\":[{\"@type\":\"WebPage\",\"@id\":\"https:\/\/chi-statt-botox.com\/danke-fuer-dein-interesse-3\/\",\"url\":\"https:\/\/chi-statt-botox.com\/danke-fuer-dein-interesse-3\/\",\"name\":\"Danke f\u00fcr dein Interesse - Chi statt Botox\",\"isPartOf\":{\"@id\":\"https:\/\/chi-statt-botox.com\/#website\"},\"datePublished\":\"2021-01-29T12:49:16+00:00\",\"dateModified\":\"2021-01-30T21:41:25+00:00\",\"breadcrumb\":{\"@id\":\"https:\/\/chi-statt-botox.com\/danke-fuer-dein-interesse-3\/#breadcrumb\"},\"inLanguage\":\"pl-PL\",\"potentialAction\":[{\"@type\":\"ReadAction\",\"target\":[\"https:\/\/chi-statt-botox.com\/danke-fuer-dein-interesse-3\/\"]}]},{\"@type\":\"BreadcrumbList\",\"@id\":\"https:\/\/chi-statt-botox.com\/danke-fuer-dein-interesse-3\/#breadcrumb\",\"itemListElement\":[{\"@type\":\"ListItem\",\"position\":1,\"name\":\"Startseite\",\"item\":\"https:\/\/chi-statt-botox.com\/\"},{\"@type\":\"ListItem\",\"position\":2,\"name\":\"Danke f\u00fcr dein Interesse\"}]},{\"@type\":\"WebSite\",\"@id\":\"https:\/\/chi-statt-botox.com\/#website\",\"url\":\"https:\/\/chi-statt-botox.com\/\",\"name\":\"Chi statt Botox\",\"description\":\"Falten wegzaubern, Haut straffen\",\"potentialAction\":[{\"@type\":\"SearchAction\",\"target\":{\"@type\":\"EntryPoint\",\"urlTemplate\":\"https:\/\/chi-statt-botox.com\/?s={search_term_string}\"},\"query-input\":{\"@type\":\"PropertyValueSpecification\",\"valueRequired\":true,\"valueName\":\"search_term_string\"}}],\"inLanguage\":\"pl-PL\"}]}<\/script>\n<!-- \/ Yoast SEO plugin. -->","yoast_head_json":{"title":"Danke f\u00fcr dein Interesse - Chi statt Botox","robots":{"index":"index","follow":"follow","max-snippet":"max-snippet:-1","max-image-preview":"max-image-preview:large","max-video-preview":"max-video-preview:-1"},"canonical":"https:\/\/chi-statt-botox.com\/pl\/danke-fuer-dein-interesse-3\/","og_locale":"pl_PL","og_type":"article","og_title":"Danke f\u00fcr dein Interesse - Chi statt Botox","og_description":"Vielen Dank f\u00fcr deine Anmeldung!Sie erhalten eine E-Mail, in welcher Sie die Anmeldung best\u00e4tigen k\u00f6nnen.","og_url":"https:\/\/chi-statt-botox.com\/pl\/danke-fuer-dein-interesse-3\/","og_site_name":"Chi statt Botox","article_modified_time":"2021-01-30T21:41:25+00:00","twitter_card":"summary_large_image","schema":{"@context":"https:\/\/schema.org","@graph":[{"@type":"WebPage","@id":"https:\/\/chi-statt-botox.com\/danke-fuer-dein-interesse-3\/","url":"https:\/\/chi-statt-botox.com\/danke-fuer-dein-interesse-3\/","name":"Danke f\u00fcr dein Interesse - Chi statt Botox","isPartOf":{"@id":"https:\/\/chi-statt-botox.com\/#website"},"datePublished":"2021-01-29T12:49:16+00:00","dateModified":"2021-01-30T21:41:25+00:00","breadcrumb":{"@id":"https:\/\/chi-statt-botox.com\/danke-fuer-dein-interesse-3\/#breadcrumb"},"inLanguage":"pl-PL","potentialAction":[{"@type":"ReadAction","target":["https:\/\/chi-statt-botox.com\/danke-fuer-dein-interesse-3\/"]}]},{"@type":"BreadcrumbList","@id":"https:\/\/chi-statt-botox.com\/danke-fuer-dein-interesse-3\/#breadcrumb","itemListElement":[{"@type":"ListItem","position":1,"name":"Startseite","item":"https:\/\/chi-statt-botox.com\/"},{"@type":"ListItem","position":2,"name":"Danke f\u00fcr dein Interesse"}]},{"@type":"WebSite","@id":"https:\/\/chi-statt-botox.com\/#website","url":"https:\/\/chi-statt-botox.com\/","name":"Chi zamiast botoksu","description":"Usuwa zmarszczki, napina sk\u00f3r\u0119","potentialAction":[{"@type":"SearchAction","target":{"@type":"EntryPoint","urlTemplate":"https:\/\/chi-statt-botox.com\/?s={search_term_string}"},"query-input":{"@type":"PropertyValueSpecification","valueRequired":true,"valueName":"search_term_string"}}],"inLanguage":"pl-PL"}]}},"_links":{"self":[{"href":"https:\/\/chi-statt-botox.com\/pl\/wp-json\/wp\/v2\/pages\/6300","targetHints":{"allow":["GET"]}}],"collection":[{"href":"https:\/\/chi-statt-botox.com\/pl\/wp-json\/wp\/v2\/pages"}],"about":[{"href":"https:\/\/chi-statt-botox.com\/pl\/wp-json\/wp\/v2\/types\/page"}],"author":[{"embeddable":true,"href":"https:\/\/chi-statt-botox.com\/pl\/wp-json\/wp\/v2\/users\/3"}],"replies":[{"embeddable":true,"href":"https:\/\/chi-statt-botox.com\/pl\/wp-json\/wp\/v2\/comments?post=6300"}],"version-history":[{"count":3,"href":"https:\/\/chi-statt-botox.com\/pl\/wp-json\/wp\/v2\/pages\/6300\/revisions"}],"predecessor-version":[{"id":6375,"href":"https:\/\/chi-statt-botox.com\/pl\/wp-json\/wp\/v2\/pages\/6300\/revisions\/6375"}],"wp:attachment":[{"href":"https:\/\/chi-statt-botox.com\/pl\/wp-json\/wp\/v2\/media?parent=6300"}],"curies":[{"name":"wp","href":"https:\/\/api.w.org\/{rel}","templated":true}]}}