{"id":6318,"date":"2021-01-29T19:35:49","date_gmt":"2021-01-29T18:35:49","guid":{"rendered":"https:\/\/chi-statt-botox.com\/?page_id=6318"},"modified":"2025-10-24T09:52:44","modified_gmt":"2025-10-24T07:52:44","slug":"e-mail-bestaetigt","status":"publish","type":"page","link":"https:\/\/chi-statt-botox.com\/pl\/e-mail-bestaetigt\/","title":{"rendered":"Tw\u00f3j adres e-mail zosta\u0142 potwierdzony!"},"content":{"rendered":"<p>[et_pb_section fb_built=&#8220;1&#8243; _builder_version=&#8220;4.16&#8243; global_colors_info=&#8220;{}&#8220;][et_pb_row _builder_version=&#8220;4.16&#8243; global_colors_info=&#8220;{}&#8220;][et_pb_column type=&#8220;4_4&#8243; _builder_version=&#8220;4.16&#8243; global_colors_info=&#8220;{}&#8220;][et_pb_text _builder_version=&#8220;4.16&#8243; global_colors_info=&#8220;{}&#8220;]<\/p>\n<h1 style=\"text-align: center;\">Dzi\u0119kujemy za zainteresowanie!<\/h1>\n<h3 style=\"text-align: center;\">Adres e-mail zosta\u0142 pomy\u015blnie potwierdzony!<\/h3>\n<p style=\"text-align: center;\">Z przyjemno\u015bci\u0105 b\u0119d\u0119 Ci\u0119 informowa\u0107 o nowo\u015bciach, aktualizacjach i ciekawych spostrze\u017ceniach na temat Chi-statt-Botox!<\/p>\n<p>[\/et_pb_text][\/et_pb_column][\/et_pb_row][et_pb_row column_structure=&#8220;1_2,1_2&#8243; _builder_version=&#8220;4.16&#8243; global_colors_info=&#8220;{}&#8220;][et_pb_column type=&#8220;1_2&#8243; _builder_version=&#8220;4.16&#8243; global_colors_info=&#8220;{}&#8220;][et_pb_image src=&#8220;https:\/\/chi-statt-botox.com\/wp-content\/uploads\/digmdlae.jpg&#8220; align=&#8220;right&#8220; _builder_version=&#8220;4.27.4&#8243; hover_enabled=&#8220;0&#8243; global_colors_info=&#8220;{}&#8220; title_text=&#8220;digmdl\u00e4&#8220; sticky_enabled=&#8220;0&#8243; max_height=&#8220;300px&#8220;][\/et_pb_image][\/et_pb_column][et_pb_column type=&#8220;1_2&#8243; _builder_version=&#8220;4.16&#8243; global_colors_info=&#8220;{}&#8220;][et_pb_text _builder_version=&#8220;4.16&#8243; hover_enabled=&#8220;0&#8243; global_colors_info=&#8220;{}&#8220; sticky_enabled=&#8220;0&#8243;]<\/p>\n<p><span style=\"font-size: 18px;\">Do zobaczenia wkr\u00f3tce!<\/span><\/p>\n<p>Do zobaczenia!<span>\u00a0<\/span><img decoding=\"async\" draggable=\"false\" role=\"img\" class=\"emoji\" alt=\"?\" src=\"https:\/\/s.w.org\/images\/core\/emoji\/13.0.0\/svg\/1f642.svg\" \/><\/p>\n<p>Twoja Christina<\/p>\n<p>&nbsp;<\/p>\n<p>[\/et_pb_text][et_pb_icon _builder_version=&#8220;4.27.4&#8243; _module_preset=&#8220;default&#8220; font_icon=&#8220;&#xe030;||divi||400&#8243; icon_color=&#8220;#E09900&#8243; align=&#8220;left&#8220; hover_enabled=&#8220;0&#8243; sticky_enabled=&#8220;0&#8243; custom_margin=&#8220;-45px|||||&#8220;][\/et_pb_icon][\/et_pb_column][\/et_pb_row][\/et_pb_section]<\/p>","protected":false},"excerpt":{"rendered":"<p>Vielen Dank f\u00fcr Dein Interesse! Du hast Deine E-Mail-Adresse erfolgreich best\u00e4tigt! Gerne informiere ich Dich \u00fcber News, Updates und interessante Insights rund um das Thema Chi-statt-Botox! :-)Wir h\u00f6ren uns bald! Bis dann!\u00a0 Deine Christina &nbsp;<\/p>","protected":false},"author":3,"featured_media":0,"parent":0,"menu_order":0,"comment_status":"closed","ping_status":"closed","template":"","meta":{"_acf_changed":false,"_et_pb_use_builder":"on","_et_pb_old_content":"","_et_gb_content_width":"","footnotes":""},"class_list":["post-6318","page","type-page","status-publish","hentry"],"acf":[],"yoast_head":"<!-- This site is optimized with the Yoast SEO plugin v26.4 - https:\/\/yoast.com\/wordpress\/plugins\/seo\/ -->\n<title>Deine E-Mail-Adresse ist best\u00e4tigt! - Chi statt Botox<\/title>\n<meta name=\"robots\" content=\"index, follow, max-snippet:-1, max-image-preview:large, max-video-preview:-1\" \/>\n<link rel=\"canonical\" href=\"https:\/\/chi-statt-botox.com\/pl\/e-mail-bestaetigt\/\" \/>\n<meta property=\"og:locale\" content=\"pl_PL\" \/>\n<meta property=\"og:type\" content=\"article\" \/>\n<meta property=\"og:title\" content=\"Deine E-Mail-Adresse ist best\u00e4tigt! - Chi statt Botox\" \/>\n<meta property=\"og:description\" content=\"Vielen Dank f\u00fcr Dein Interesse! Du hast Deine E-Mail-Adresse erfolgreich best\u00e4tigt! Gerne informiere ich Dich \u00fcber News, Updates und interessante Insights rund um das Thema Chi-statt-Botox! :-)Wir h\u00f6ren uns bald! Bis dann!\u00a0 Deine Christina &nbsp;\" \/>\n<meta property=\"og:url\" content=\"https:\/\/chi-statt-botox.com\/pl\/e-mail-bestaetigt\/\" \/>\n<meta property=\"og:site_name\" content=\"Chi statt Botox\" \/>\n<meta property=\"article:modified_time\" content=\"2025-10-24T07:52:44+00:00\" \/>\n<meta property=\"og:image\" content=\"https:\/\/s.w.org\/images\/core\/emoji\/13.0.0\/svg\/1f642.svg\" \/>\n<meta name=\"twitter:card\" content=\"summary_large_image\" \/>\n<meta name=\"twitter:label1\" content=\"Szacowany czas czytania\" \/>\n\t<meta name=\"twitter:data1\" content=\"1 minuta\" \/>\n<script type=\"application\/ld+json\" class=\"yoast-schema-graph\">{\"@context\":\"https:\/\/schema.org\",\"@graph\":[{\"@type\":\"WebPage\",\"@id\":\"https:\/\/chi-statt-botox.com\/e-mail-bestaetigt\/\",\"url\":\"https:\/\/chi-statt-botox.com\/e-mail-bestaetigt\/\",\"name\":\"Deine E-Mail-Adresse ist best\u00e4tigt! - Chi statt Botox\",\"isPartOf\":{\"@id\":\"https:\/\/chi-statt-botox.com\/#website\"},\"primaryImageOfPage\":{\"@id\":\"https:\/\/chi-statt-botox.com\/e-mail-bestaetigt\/#primaryimage\"},\"image\":{\"@id\":\"https:\/\/chi-statt-botox.com\/e-mail-bestaetigt\/#primaryimage\"},\"thumbnailUrl\":\"https:\/\/s.w.org\/images\/core\/emoji\/13.0.0\/svg\/1f642.svg\",\"datePublished\":\"2021-01-29T18:35:49+00:00\",\"dateModified\":\"2025-10-24T07:52:44+00:00\",\"breadcrumb\":{\"@id\":\"https:\/\/chi-statt-botox.com\/e-mail-bestaetigt\/#breadcrumb\"},\"inLanguage\":\"pl-PL\",\"potentialAction\":[{\"@type\":\"ReadAction\",\"target\":[\"https:\/\/chi-statt-botox.com\/e-mail-bestaetigt\/\"]}]},{\"@type\":\"ImageObject\",\"inLanguage\":\"pl-PL\",\"@id\":\"https:\/\/chi-statt-botox.com\/e-mail-bestaetigt\/#primaryimage\",\"url\":\"https:\/\/s.w.org\/images\/core\/emoji\/13.0.0\/svg\/1f642.svg\",\"contentUrl\":\"https:\/\/s.w.org\/images\/core\/emoji\/13.0.0\/svg\/1f642.svg\"},{\"@type\":\"BreadcrumbList\",\"@id\":\"https:\/\/chi-statt-botox.com\/e-mail-bestaetigt\/#breadcrumb\",\"itemListElement\":[{\"@type\":\"ListItem\",\"position\":1,\"name\":\"Startseite\",\"item\":\"https:\/\/chi-statt-botox.com\/\"},{\"@type\":\"ListItem\",\"position\":2,\"name\":\"Deine E-Mail-Adresse ist best\u00e4tigt!\"}]},{\"@type\":\"WebSite\",\"@id\":\"https:\/\/chi-statt-botox.com\/#website\",\"url\":\"https:\/\/chi-statt-botox.com\/\",\"name\":\"Chi statt Botox\",\"description\":\"Falten wegzaubern, Haut straffen\",\"potentialAction\":[{\"@type\":\"SearchAction\",\"target\":{\"@type\":\"EntryPoint\",\"urlTemplate\":\"https:\/\/chi-statt-botox.com\/?s={search_term_string}\"},\"query-input\":{\"@type\":\"PropertyValueSpecification\",\"valueRequired\":true,\"valueName\":\"search_term_string\"}}],\"inLanguage\":\"pl-PL\"}]}<\/script>\n<!-- \/ Yoast SEO plugin. -->","yoast_head_json":{"title":"Deine E-Mail-Adresse ist best\u00e4tigt! - Chi statt Botox","robots":{"index":"index","follow":"follow","max-snippet":"max-snippet:-1","max-image-preview":"max-image-preview:large","max-video-preview":"max-video-preview:-1"},"canonical":"https:\/\/chi-statt-botox.com\/pl\/e-mail-bestaetigt\/","og_locale":"pl_PL","og_type":"article","og_title":"Deine E-Mail-Adresse ist best\u00e4tigt! - Chi statt Botox","og_description":"Vielen Dank f\u00fcr Dein Interesse! Du hast Deine E-Mail-Adresse erfolgreich best\u00e4tigt! Gerne informiere ich Dich \u00fcber News, Updates und interessante Insights rund um das Thema Chi-statt-Botox! :-)Wir h\u00f6ren uns bald! Bis dann!\u00a0 Deine Christina &nbsp;","og_url":"https:\/\/chi-statt-botox.com\/pl\/e-mail-bestaetigt\/","og_site_name":"Chi statt Botox","article_modified_time":"2025-10-24T07:52:44+00:00","og_image":[{"url":"https:\/\/s.w.org\/images\/core\/emoji\/13.0.0\/svg\/1f642.svg","type":"","width":"","height":""}],"twitter_card":"summary_large_image","twitter_misc":{"Szacowany czas czytania":"1 minuta"},"schema":{"@context":"https:\/\/schema.org","@graph":[{"@type":"WebPage","@id":"https:\/\/chi-statt-botox.com\/e-mail-bestaetigt\/","url":"https:\/\/chi-statt-botox.com\/e-mail-bestaetigt\/","name":"Deine E-Mail-Adresse ist best\u00e4tigt! - Chi statt Botox","isPartOf":{"@id":"https:\/\/chi-statt-botox.com\/#website"},"primaryImageOfPage":{"@id":"https:\/\/chi-statt-botox.com\/e-mail-bestaetigt\/#primaryimage"},"image":{"@id":"https:\/\/chi-statt-botox.com\/e-mail-bestaetigt\/#primaryimage"},"thumbnailUrl":"https:\/\/s.w.org\/images\/core\/emoji\/13.0.0\/svg\/1f642.svg","datePublished":"2021-01-29T18:35:49+00:00","dateModified":"2025-10-24T07:52:44+00:00","breadcrumb":{"@id":"https:\/\/chi-statt-botox.com\/e-mail-bestaetigt\/#breadcrumb"},"inLanguage":"pl-PL","potentialAction":[{"@type":"ReadAction","target":["https:\/\/chi-statt-botox.com\/e-mail-bestaetigt\/"]}]},{"@type":"ImageObject","inLanguage":"pl-PL","@id":"https:\/\/chi-statt-botox.com\/e-mail-bestaetigt\/#primaryimage","url":"https:\/\/s.w.org\/images\/core\/emoji\/13.0.0\/svg\/1f642.svg","contentUrl":"https:\/\/s.w.org\/images\/core\/emoji\/13.0.0\/svg\/1f642.svg"},{"@type":"BreadcrumbList","@id":"https:\/\/chi-statt-botox.com\/e-mail-bestaetigt\/#breadcrumb","itemListElement":[{"@type":"ListItem","position":1,"name":"Startseite","item":"https:\/\/chi-statt-botox.com\/"},{"@type":"ListItem","position":2,"name":"Deine E-Mail-Adresse ist best\u00e4tigt!"}]},{"@type":"WebSite","@id":"https:\/\/chi-statt-botox.com\/#website","url":"https:\/\/chi-statt-botox.com\/","name":"Chi zamiast botoksu","description":"Usuwa zmarszczki, napina sk\u00f3r\u0119","potentialAction":[{"@type":"SearchAction","target":{"@type":"EntryPoint","urlTemplate":"https:\/\/chi-statt-botox.com\/?s={search_term_string}"},"query-input":{"@type":"PropertyValueSpecification","valueRequired":true,"valueName":"search_term_string"}}],"inLanguage":"pl-PL"}]}},"_links":{"self":[{"href":"https:\/\/chi-statt-botox.com\/pl\/wp-json\/wp\/v2\/pages\/6318","targetHints":{"allow":["GET"]}}],"collection":[{"href":"https:\/\/chi-statt-botox.com\/pl\/wp-json\/wp\/v2\/pages"}],"about":[{"href":"https:\/\/chi-statt-botox.com\/pl\/wp-json\/wp\/v2\/types\/page"}],"author":[{"embeddable":true,"href":"https:\/\/chi-statt-botox.com\/pl\/wp-json\/wp\/v2\/users\/3"}],"replies":[{"embeddable":true,"href":"https:\/\/chi-statt-botox.com\/pl\/wp-json\/wp\/v2\/comments?post=6318"}],"version-history":[{"count":7,"href":"https:\/\/chi-statt-botox.com\/pl\/wp-json\/wp\/v2\/pages\/6318\/revisions"}],"predecessor-version":[{"id":49421,"href":"https:\/\/chi-statt-botox.com\/pl\/wp-json\/wp\/v2\/pages\/6318\/revisions\/49421"}],"wp:attachment":[{"href":"https:\/\/chi-statt-botox.com\/pl\/wp-json\/wp\/v2\/media?parent=6318"}],"curies":[{"name":"wp","href":"https:\/\/api.w.org\/{rel}","templated":true}]}}