{"id":6340,"date":"2021-01-29T19:59:29","date_gmt":"2021-01-29T18:59:29","guid":{"rendered":"https:\/\/chi-statt-botox.com\/?page_id=6340"},"modified":"2026-03-26T10:12:36","modified_gmt":"2026-03-26T09:12:36","slug":"kljfksldueriwfksdl","status":"publish","type":"page","link":"https:\/\/chi-statt-botox.com\/pl\/kljfksldueriwfksdl\/","title":{"rendered":"Oto wideo..."},"content":{"rendered":"<p>[et_pb_section fb_built=&#8220;1&#8243; admin_label=&#8220;Hero&#8220; _builder_version=&#8220;4.16&#8243; background_color=&#8220;#a29eae&#8220; background_image=&#8220;https:\/\/chi-statt-botox.com\/wp-content\/uploads\/geometric-bg-overlay-01.jpg&#8220; background_blend=&#8220;overlay&#8220; custom_padding=&#8220;10%|||&#8220; animation_style=&#8220;zoom&#8220; animation_direction=&#8220;bottom&#8220; animation_intensity_zoom=&#8220;8%&#8220; animation_starting_opacity=&#8220;100%&#8220; box_shadow_style=&#8220;preset3&#8243; box_shadow_vertical=&#8220;-200px&#8220; box_shadow_blur=&#8220;0px&#8220; box_shadow_color=&#8220;#F8FBFE&#8220; box_shadow_position=&#8220;inner&#8220; global_colors_info=&#8220;{}&#8220;][et_pb_row _builder_version=&#8220;4.16&#8243; global_colors_info=&#8220;{}&#8220;][et_pb_column type=&#8220;4_4&#8243; _builder_version=&#8220;4.16&#8243; custom_padding=&#8220;|||&#8220; global_colors_info=&#8220;{}&#8220; custom_padding__hover=&#8220;|||&#8220;][et_pb_text _builder_version=&#8220;4.16&#8243; text_font=&#8220;Nunito Sans||||||||&#8220; text_text_color=&#8220;#ffffff&#8220; text_font_size=&#8220;25px&#8220; text_line_height=&#8220;1.8em&#8220; header_font=&#8220;Nunito Sans|700|||||||&#8220; header_text_align=&#8220;center&#8220; header_text_color=&#8220;#ffffff&#8220; header_font_size=&#8220;45px&#8220; header_line_height=&#8220;1.3em&#8220; header_2_font=&#8220;||||||||&#8220; text_orientation=&#8220;center&#8220; max_width=&#8220;104%&#8220; module_alignment=&#8220;center&#8220; global_colors_info=&#8220;{}&#8220;]<\/p>\n<h1>Dzi\u0119kujemy za zainteresowanie!<\/h1>\n<p>Uda\u0142o Ci si\u0119 potwierdzi\u0107 sw\u00f3j adres e-mail! Oto obiecany materia\u0142 wideo:<\/p>\n<p>[\/et_pb_text][\/et_pb_column][\/et_pb_row][et_pb_row _builder_version=&#8220;4.27.4&#8243; _module_preset=&#8220;default&#8220;][et_pb_column _builder_version=&#8220;4.27.4&#8243; _module_preset=&#8220;default&#8220; type=&#8220;4_4&#8243;][et_pb_video src=&#8220;https:\/\/youtu.be\/4BTWXbPiKJQ&#8220; _builder_version=&#8220;4.27.4&#8243; _module_preset=&#8220;default&#8220; hover_enabled=&#8220;0&#8243; sticky_enabled=&#8220;0&#8243;][\/et_pb_video][\/et_pb_column][\/et_pb_row][\/et_pb_section][et_pb_section fb_built=&#8220;1&#8243; _builder_version=&#8220;4.16&#8243; background_color=&#8220;#f8fbfe&#8220; custom_padding=&#8220;||100px|&#8220; global_colors_info=&#8220;{}&#8220;][et_pb_row column_structure=&#8220;1_4,3_4&#8243; _builder_version=&#8220;4.16&#8243; global_colors_info=&#8220;{}&#8220;][et_pb_column type=&#8220;1_4&#8243; _builder_version=&#8220;4.16&#8243; global_colors_info=&#8220;{}&#8220;][et_pb_image src=&#8220;https:\/\/chi-statt-botox.com\/wp-content\/uploads\/christinafoto.png&#8220; align=&#8220;center&#8220; _builder_version=&#8220;4.16&#8243; global_colors_info=&#8220;{}&#8220;][\/et_pb_image][et_pb_text _builder_version=&#8220;4.16&#8243; global_colors_info=&#8220;{}&#8220;]<\/p>\n<p style=\"text-align: center;\"><span>Twoja Christina<\/span><\/p>\n<p>[\/et_pb_text][\/et_pb_column][et_pb_column type=&#8220;3_4&#8243; _builder_version=&#8220;4.16&#8243; global_colors_info=&#8220;{}&#8220;][et_pb_text _builder_version=&#8220;4.16&#8243; global_colors_info=&#8220;{}&#8220;]<\/p>\n<p><span>Jest tak wiele ma\u0142ych wskaz\u00f3wek i sztuczek, kt\u00f3re maj\u0105 ogromny wp\u0142yw. Dzi\u0119ki moim kursom na \u017cywo i opiniom moich klient\u00f3w zawsze ucz\u0119 si\u0119 wielu interesuj\u0105cych rzeczy, kt\u00f3re chcia\u0142bym przekaza\u0107 dalej. Ciesz\u0119 si\u0119, \u017ce zarejestrowa\u0142e\u015b si\u0119 tutaj i mo\u017cesz z tego skorzysta\u0107!<\/span><\/p>\n<p><span>Do zobaczenia wkr\u00f3tce!\u00a0<\/span><\/p>\n<p>[\/et_pb_text][\/et_pb_column][\/et_pb_row][\/et_pb_section]<\/p>","protected":false},"excerpt":{"rendered":"<p>Vielen Dank f\u00fcr Dein Interesse! Du hast Deine E-Mail-Adresse erfolgreich best\u00e4tigt! Hier ist nun Dein versprochenes Video:Deine ChristinaEs gibt sooo viele kleine Tipps und Tricks, die eine gro\u00dfe Wirkung haben. Durch meine Live-Kurse und die R\u00fcckmeldungen meiner Kundinnen erfahre ich immer wieder viel Interessantes, das ich sehr gerne weitergeben m\u00f6chte. Ich freue mich, dass Du [&hellip;]<\/p>","protected":false},"author":3,"featured_media":0,"parent":0,"menu_order":0,"comment_status":"closed","ping_status":"closed","template":"","meta":{"_acf_changed":false,"_et_pb_use_builder":"on","_et_pb_old_content":"","_et_gb_content_width":"","footnotes":""},"class_list":["post-6340","page","type-page","status-publish","hentry"],"acf":[],"yoast_head":"<!-- This site is optimized with the Yoast SEO plugin v26.4 - https:\/\/yoast.com\/wordpress\/plugins\/seo\/ -->\n<title>Hier ist dein Video... - Chi statt Botox<\/title>\n<meta name=\"robots\" content=\"index, follow, max-snippet:-1, max-image-preview:large, max-video-preview:-1\" \/>\n<link rel=\"canonical\" href=\"https:\/\/chi-statt-botox.com\/pl\/kljfksldueriwfksdl\/\" \/>\n<meta property=\"og:locale\" content=\"pl_PL\" \/>\n<meta property=\"og:type\" content=\"article\" \/>\n<meta property=\"og:title\" content=\"Hier ist dein Video... - Chi statt Botox\" \/>\n<meta property=\"og:description\" content=\"Vielen Dank f\u00fcr Dein Interesse! Du hast Deine E-Mail-Adresse erfolgreich best\u00e4tigt! Hier ist nun Dein versprochenes Video:Deine ChristinaEs gibt sooo viele kleine Tipps und Tricks, die eine gro\u00dfe Wirkung haben. Durch meine Live-Kurse und die R\u00fcckmeldungen meiner Kundinnen erfahre ich immer wieder viel Interessantes, das ich sehr gerne weitergeben m\u00f6chte. Ich freue mich, dass Du [&hellip;]\" \/>\n<meta property=\"og:url\" content=\"https:\/\/chi-statt-botox.com\/pl\/kljfksldueriwfksdl\/\" \/>\n<meta property=\"og:site_name\" content=\"Chi statt Botox\" \/>\n<meta property=\"article:modified_time\" content=\"2026-03-26T09:12:36+00:00\" \/>\n<meta name=\"twitter:card\" content=\"summary_large_image\" \/>\n<meta name=\"twitter:label1\" content=\"Szacowany czas czytania\" \/>\n\t<meta name=\"twitter:data1\" content=\"2 minuty\" \/>\n<script type=\"application\/ld+json\" class=\"yoast-schema-graph\">{\"@context\":\"https:\/\/schema.org\",\"@graph\":[{\"@type\":\"WebPage\",\"@id\":\"https:\/\/chi-statt-botox.com\/kljfksldueriwfksdl\/\",\"url\":\"https:\/\/chi-statt-botox.com\/kljfksldueriwfksdl\/\",\"name\":\"Hier ist dein Video... - Chi statt Botox\",\"isPartOf\":{\"@id\":\"https:\/\/chi-statt-botox.com\/#website\"},\"datePublished\":\"2021-01-29T18:59:29+00:00\",\"dateModified\":\"2026-03-26T09:12:36+00:00\",\"breadcrumb\":{\"@id\":\"https:\/\/chi-statt-botox.com\/kljfksldueriwfksdl\/#breadcrumb\"},\"inLanguage\":\"pl-PL\",\"potentialAction\":[{\"@type\":\"ReadAction\",\"target\":[\"https:\/\/chi-statt-botox.com\/kljfksldueriwfksdl\/\"]}]},{\"@type\":\"BreadcrumbList\",\"@id\":\"https:\/\/chi-statt-botox.com\/kljfksldueriwfksdl\/#breadcrumb\",\"itemListElement\":[{\"@type\":\"ListItem\",\"position\":1,\"name\":\"Startseite\",\"item\":\"https:\/\/chi-statt-botox.com\/\"},{\"@type\":\"ListItem\",\"position\":2,\"name\":\"Hier ist dein Video&#8230;\"}]},{\"@type\":\"WebSite\",\"@id\":\"https:\/\/chi-statt-botox.com\/#website\",\"url\":\"https:\/\/chi-statt-botox.com\/\",\"name\":\"Chi statt Botox\",\"description\":\"Falten wegzaubern, Haut straffen\",\"potentialAction\":[{\"@type\":\"SearchAction\",\"target\":{\"@type\":\"EntryPoint\",\"urlTemplate\":\"https:\/\/chi-statt-botox.com\/?s={search_term_string}\"},\"query-input\":{\"@type\":\"PropertyValueSpecification\",\"valueRequired\":true,\"valueName\":\"search_term_string\"}}],\"inLanguage\":\"pl-PL\"}]}<\/script>\n<!-- \/ Yoast SEO plugin. -->","yoast_head_json":{"title":"Hier ist dein Video... - Chi statt Botox","robots":{"index":"index","follow":"follow","max-snippet":"max-snippet:-1","max-image-preview":"max-image-preview:large","max-video-preview":"max-video-preview:-1"},"canonical":"https:\/\/chi-statt-botox.com\/pl\/kljfksldueriwfksdl\/","og_locale":"pl_PL","og_type":"article","og_title":"Hier ist dein Video... - Chi statt Botox","og_description":"Vielen Dank f\u00fcr Dein Interesse! Du hast Deine E-Mail-Adresse erfolgreich best\u00e4tigt! Hier ist nun Dein versprochenes Video:Deine ChristinaEs gibt sooo viele kleine Tipps und Tricks, die eine gro\u00dfe Wirkung haben. Durch meine Live-Kurse und die R\u00fcckmeldungen meiner Kundinnen erfahre ich immer wieder viel Interessantes, das ich sehr gerne weitergeben m\u00f6chte. Ich freue mich, dass Du [&hellip;]","og_url":"https:\/\/chi-statt-botox.com\/pl\/kljfksldueriwfksdl\/","og_site_name":"Chi statt Botox","article_modified_time":"2026-03-26T09:12:36+00:00","twitter_card":"summary_large_image","twitter_misc":{"Szacowany czas czytania":"2 minuty"},"schema":{"@context":"https:\/\/schema.org","@graph":[{"@type":"WebPage","@id":"https:\/\/chi-statt-botox.com\/kljfksldueriwfksdl\/","url":"https:\/\/chi-statt-botox.com\/kljfksldueriwfksdl\/","name":"Hier ist dein Video... - Chi statt Botox","isPartOf":{"@id":"https:\/\/chi-statt-botox.com\/#website"},"datePublished":"2021-01-29T18:59:29+00:00","dateModified":"2026-03-26T09:12:36+00:00","breadcrumb":{"@id":"https:\/\/chi-statt-botox.com\/kljfksldueriwfksdl\/#breadcrumb"},"inLanguage":"pl-PL","potentialAction":[{"@type":"ReadAction","target":["https:\/\/chi-statt-botox.com\/kljfksldueriwfksdl\/"]}]},{"@type":"BreadcrumbList","@id":"https:\/\/chi-statt-botox.com\/kljfksldueriwfksdl\/#breadcrumb","itemListElement":[{"@type":"ListItem","position":1,"name":"Startseite","item":"https:\/\/chi-statt-botox.com\/"},{"@type":"ListItem","position":2,"name":"Hier ist dein Video&#8230;"}]},{"@type":"WebSite","@id":"https:\/\/chi-statt-botox.com\/#website","url":"https:\/\/chi-statt-botox.com\/","name":"Chi zamiast botoksu","description":"Usuwa zmarszczki, napina sk\u00f3r\u0119","potentialAction":[{"@type":"SearchAction","target":{"@type":"EntryPoint","urlTemplate":"https:\/\/chi-statt-botox.com\/?s={search_term_string}"},"query-input":{"@type":"PropertyValueSpecification","valueRequired":true,"valueName":"search_term_string"}}],"inLanguage":"pl-PL"}]}},"_links":{"self":[{"href":"https:\/\/chi-statt-botox.com\/pl\/wp-json\/wp\/v2\/pages\/6340","targetHints":{"allow":["GET"]}}],"collection":[{"href":"https:\/\/chi-statt-botox.com\/pl\/wp-json\/wp\/v2\/pages"}],"about":[{"href":"https:\/\/chi-statt-botox.com\/pl\/wp-json\/wp\/v2\/types\/page"}],"author":[{"embeddable":true,"href":"https:\/\/chi-statt-botox.com\/pl\/wp-json\/wp\/v2\/users\/3"}],"replies":[{"embeddable":true,"href":"https:\/\/chi-statt-botox.com\/pl\/wp-json\/wp\/v2\/comments?post=6340"}],"version-history":[{"count":6,"href":"https:\/\/chi-statt-botox.com\/pl\/wp-json\/wp\/v2\/pages\/6340\/revisions"}],"predecessor-version":[{"id":52555,"href":"https:\/\/chi-statt-botox.com\/pl\/wp-json\/wp\/v2\/pages\/6340\/revisions\/52555"}],"wp:attachment":[{"href":"https:\/\/chi-statt-botox.com\/pl\/wp-json\/wp\/v2\/media?parent=6340"}],"curies":[{"name":"wp","href":"https:\/\/api.w.org\/{rel}","templated":true}]}}